{"id":1121,"date":"2023-11-28T07:36:17","date_gmt":"2023-11-28T07:36:17","guid":{"rendered":"https:\/\/freeman-freeman.com\/?page_id=1121"},"modified":"2024-02-07T15:35:23","modified_gmt":"2024-02-07T15:35:23","slug":"woodland-hills-abogado-de-lesiones-por-quemaduras","status":"publish","type":"page","link":"https:\/\/freeman-freeman.com\/es\/woodland-hills-burn-injury-lawyer\/","title":{"rendered":"Woodland Hills Abogado de Lesiones por Quemaduras"},"content":{"rendered":"<h2><span data-sheets-root=\"1\" data-sheets-value=\"{&quot;1&quot;:2,&quot;2&quot;:&quot;Woodland Hills Burn Injury Lawyer&quot;}\" data-sheets-userformat=\"{&quot;2&quot;:15105,&quot;3&quot;:{&quot;1&quot;:0},&quot;11&quot;:0,&quot;12&quot;:0,&quot;14&quot;:{&quot;1&quot;:2,&quot;2&quot;:0},&quot;15&quot;:&quot;Calibri&quot;,&quot;16&quot;:11}\">Woodland Hills Abogado de Lesiones por Quemaduras<\/span><\/h2>\n<p><img loading=\"lazy\" decoding=\"async\" class=\"aligncenter wp-image-1154 size-full\" title=\"Woodland Hills Abogado de Lesiones por Quemaduras\" src=\"https:\/\/freeman-freeman.com\/wp-content\/uploads\/2023\/11\/i-prac-burn.webp\" alt=\"Woodland Hills Abogado de Lesiones por Quemaduras\" width=\"312\" height=\"198\" srcset=\"https:\/\/freeman-freeman.com\/wp-content\/uploads\/2023\/11\/i-prac-burn.webp 312w, https:\/\/freeman-freeman.com\/wp-content\/uploads\/2023\/11\/i-prac-burn-300x190.webp 300w\" sizes=\"auto, (max-width: 312px) 100vw, 312px\" \/><\/p>\n<p>Las quemaduras pueden ser leves o incluso mortales. Las quemaduras pueden ser muy dolorosas, sobre todo cuando da\u00f1an los nervios. Pero las quemaduras m\u00e1s graves (de tercer grado) pueden ser menos dolorosas que las menos graves (de primer y segundo grado), ya que los nervios pueden quedar completamente destruidos, con la consiguiente p\u00e9rdida de sensibilidad.<\/p>\n<p>En la oficina legal de Freeman &amp; Freeman, LLP, representamos a personas que han sufrido lesiones por quemaduras en todo tipo de accidentes de lesiones personales, desde accidentes automovil\u00edsticos hasta explosiones qu\u00edmicas. Para obtener informaci\u00f3n sobre la b\u00fasqueda de una indemnizaci\u00f3n despu\u00e9s de un accidente de lesiones personales, p\u00f3ngase en contacto con nuestros abogados hoy.<\/p>\n<h2>Accidentes con lesiones por quemaduras<\/h2>\n<p>Los abogados de nuestro bufete tienen mucha experiencia en asuntos de lesiones personales. Entendemos los componentes legales y m\u00e9dicos involucrados en cada caso, y trabajamos para utilizar nuestros conocimientos y habilidades para ayudar a los clientes a recuperar la m\u00e1xima compensaci\u00f3n despu\u00e9s de un accidente que resulta en una lesi\u00f3n por quemadura:<\/p>\n<ul>\n<li>Accidentes de tr\u00e1fico<\/li>\n<li>Accidentes de moto<\/li>\n<li>Accidentes de camiones<\/li>\n<li>Explosiones<\/li>\n<li>Accidentes por productos peligrosos<\/li>\n<li>Accidentes el\u00e9ctricos<\/li>\n<\/ul>\n<p>Las lesiones por quemaduras suelen requerir un tratamiento m\u00e9dico prolongado. Adem\u00e1s, es frecuente que las lesiones por quemaduras se infecten, por lo que son necesarios cuidados y precauciones adicionales por parte de los profesionales m\u00e9dicos.<\/p>\n<p>Nuestra firma mantendr\u00e1 todas sus necesidades m\u00e9dicas y financieras en mente al construir su caso. Nuestro objetivo es ayudarle a buscar la m\u00e1xima compensaci\u00f3n por sus lesiones, lo que le permite recuperarse f\u00edsica y financieramente de sus lesiones por quemaduras.<\/p>\n<h2>P\u00f3ngase en contacto con nuestros abogados<\/h2>\n<p>Si usted ha sufrido una lesi\u00f3n por quemadura como resultado de la negligencia o mala conducta de otra persona o parte, p\u00f3ngase en contacto con un abogado de nuestra Freeman &amp; Freeman, LLP, para programar una consulta gratuita. Llame al <a role=\"link\" href=\"tel:+1-818-992-2919\" data-wpel-link=\"internal\">818-992-2919<\/a> o <a role=\"link\" href=\"https:\/\/freeman-freeman.com\/es\/pongase-en-contacto-con\/\" data-wpel-link=\"internal\">rellene nuestro formulario de contacto en l\u00ednea<\/a>.<\/p>","protected":false},"excerpt":{"rendered":"<p>Woodland Hills Burn Injury Attorney Burn injuries range from minor to life-altering. Burns can be extremely painful, especially when nerve damage occurs. But the most serious burns (third degree) can actually be less painful than less serious burns (first and second degree) because nerves can be completely destroyed resulting in loss of sensation and feeling. &hellip; <\/p>\n<p class=\"link-more\"><a href=\"https:\/\/freeman-freeman.com\/es\/woodland-hills-burn-injury-lawyer\/\" class=\"more-link\">Seguir leyendo<span class=\"screen-reader-text\"> &#8220;Woodland Hills Burn Injury Lawyer&#8221;<\/span><\/a><\/p>","protected":false},"author":1,"featured_media":0,"parent":0,"menu_order":0,"comment_status":"closed","ping_status":"closed","template":"","meta":{"_acf_changed":false,"footnotes":""},"class_list":["post-1121","page","type-page","status-publish","hentry","entry"],"acf":[],"yoast_head":"<!-- This site is optimized with the Yoast SEO plugin v27.5 - https:\/\/yoast.com\/product\/yoast-seo-wordpress\/ -->\n<title>Woodland Hills Burn Injury Lawyer - Free Consultation<\/title>\n<meta name=\"description\" content=\"Injured in a burn accident? Seek justice with trusted Woodland Hills&#039;Burn Injury Lawyer. Freeman &amp; Freeman, LLP offers free consultations. Take action now!\" \/>\n<meta name=\"robots\" content=\"index, follow, max-snippet:-1, max-image-preview:large, max-video-preview:-1\" \/>\n<link rel=\"canonical\" href=\"https:\/\/freeman-freeman.com\/es\/woodland-hills-abogado-de-lesiones-por-quemaduras\/\" \/>\n<meta property=\"og:locale\" content=\"es_MX\" \/>\n<meta property=\"og:type\" content=\"article\" \/>\n<meta property=\"og:title\" content=\"Woodland Hills Burn Injury Lawyer - Free Consultation\" \/>\n<meta property=\"og:description\" content=\"Injured in a burn accident? Seek justice with trusted Woodland Hills&#039;Burn Injury Lawyer. Freeman &amp; Freeman, LLP offers free consultations. Take action now!\" \/>\n<meta property=\"og:url\" content=\"https:\/\/freeman-freeman.com\/es\/woodland-hills-abogado-de-lesiones-por-quemaduras\/\" \/>\n<meta property=\"og:site_name\" content=\"Freeman &amp; Freeman, LLP\" \/>\n<meta property=\"article:publisher\" content=\"https:\/\/www.facebook.com\/FreemanFreemanLaw\" \/>\n<meta property=\"article:modified_time\" content=\"2024-02-07T15:35:23+00:00\" \/>\n<meta property=\"og:image\" content=\"https:\/\/freeman-freeman.com\/wp-content\/uploads\/2023\/11\/i-prac-burn.webp\" \/>\n<meta name=\"twitter:card\" content=\"summary_large_image\" \/>\n<meta name=\"twitter:site\" content=\"@FreemanFreeman1\" \/>\n<meta name=\"twitter:label1\" content=\"Tiempo de lectura\" \/>\n\t<meta name=\"twitter:data1\" content=\"2 minutos\" \/>\n<script type=\"application\/ld+json\" class=\"yoast-schema-graph\">{\"@context\":\"https:\\\/\\\/schema.org\",\"@graph\":[{\"@type\":\"WebPage\",\"@id\":\"https:\\\/\\\/freeman-freeman.com\\\/woodland-hills-burn-injury-lawyer\\\/\",\"url\":\"https:\\\/\\\/freeman-freeman.com\\\/woodland-hills-burn-injury-lawyer\\\/\",\"name\":\"Woodland Hills Burn Injury Lawyer - Free Consultation\",\"isPartOf\":{\"@id\":\"https:\\\/\\\/freeman-freeman.com\\\/#website\"},\"primaryImageOfPage\":{\"@id\":\"https:\\\/\\\/freeman-freeman.com\\\/woodland-hills-burn-injury-lawyer\\\/#primaryimage\"},\"image\":{\"@id\":\"https:\\\/\\\/freeman-freeman.com\\\/woodland-hills-burn-injury-lawyer\\\/#primaryimage\"},\"thumbnailUrl\":\"https:\\\/\\\/freeman-freeman.com\\\/wp-content\\\/uploads\\\/2023\\\/11\\\/i-prac-burn.webp\",\"datePublished\":\"2023-11-28T07:36:17+00:00\",\"dateModified\":\"2024-02-07T15:35:23+00:00\",\"description\":\"Injured in a burn accident? Seek justice with trusted Woodland Hills'Burn Injury Lawyer. Freeman & Freeman, LLP offers free consultations. Take action now!\",\"inLanguage\":\"es\",\"potentialAction\":[{\"@type\":\"ReadAction\",\"target\":[\"https:\\\/\\\/freeman-freeman.com\\\/woodland-hills-burn-injury-lawyer\\\/\"]}]},{\"@type\":\"ImageObject\",\"inLanguage\":\"es\",\"@id\":\"https:\\\/\\\/freeman-freeman.com\\\/woodland-hills-burn-injury-lawyer\\\/#primaryimage\",\"url\":\"https:\\\/\\\/freeman-freeman.com\\\/wp-content\\\/uploads\\\/2023\\\/11\\\/i-prac-burn.webp\",\"contentUrl\":\"https:\\\/\\\/freeman-freeman.com\\\/wp-content\\\/uploads\\\/2023\\\/11\\\/i-prac-burn.webp\"},{\"@type\":\"WebSite\",\"@id\":\"https:\\\/\\\/freeman-freeman.com\\\/#website\",\"url\":\"https:\\\/\\\/freeman-freeman.com\\\/\",\"name\":\"Freeman &amp; Freeman, LLP\",\"description\":\"\",\"publisher\":{\"@id\":\"https:\\\/\\\/freeman-freeman.com\\\/#organization\"},\"potentialAction\":[{\"@type\":\"SearchAction\",\"target\":{\"@type\":\"EntryPoint\",\"urlTemplate\":\"https:\\\/\\\/freeman-freeman.com\\\/?s={search_term_string}\"},\"query-input\":{\"@type\":\"PropertyValueSpecification\",\"valueRequired\":true,\"valueName\":\"search_term_string\"}}],\"inLanguage\":\"es\"},{\"@type\":\"Organization\",\"@id\":\"https:\\\/\\\/freeman-freeman.com\\\/#organization\",\"name\":\"Freeman & Freeman, LLP\",\"url\":\"https:\\\/\\\/freeman-freeman.com\\\/\",\"logo\":{\"@type\":\"ImageObject\",\"inLanguage\":\"es\",\"@id\":\"https:\\\/\\\/freeman-freeman.com\\\/#\\\/schema\\\/logo\\\/image\\\/\",\"url\":\"https:\\\/\\\/freeman-freeman.com\\\/wp-content\\\/uploads\\\/2024\\\/01\\\/logo.jpg\",\"contentUrl\":\"https:\\\/\\\/freeman-freeman.com\\\/wp-content\\\/uploads\\\/2024\\\/01\\\/logo.jpg\",\"width\":674,\"height\":104,\"caption\":\"Freeman & Freeman, LLP\"},\"image\":{\"@id\":\"https:\\\/\\\/freeman-freeman.com\\\/#\\\/schema\\\/logo\\\/image\\\/\"},\"sameAs\":[\"https:\\\/\\\/www.facebook.com\\\/FreemanFreemanLaw\",\"https:\\\/\\\/x.com\\\/FreemanFreeman1\",\"https:\\\/\\\/www.linkedin.com\\\/company\\\/freeman-freeman-llp\"]}]}<\/script>\n<!-- \/ Yoast SEO plugin. -->","yoast_head_json":{"title":"Woodland Hills Abogado de Lesiones por Quemaduras - Consulta Gratuita","description":"\u00bfLastimado en un accidente de quemadura? Buscar justicia con confianza Woodland Hills'Burn Lesiones Abogado. Freeman &amp; Freeman, LLP ofrece consultas gratuitas. \u00a1Tome acci\u00f3n ahora!","robots":{"index":"index","follow":"follow","max-snippet":"max-snippet:-1","max-image-preview":"max-image-preview:large","max-video-preview":"max-video-preview:-1"},"canonical":"https:\/\/freeman-freeman.com\/es\/woodland-hills-abogado-de-lesiones-por-quemaduras\/","og_locale":"es_MX","og_type":"article","og_title":"Woodland Hills Burn Injury Lawyer - Free Consultation","og_description":"Injured in a burn accident? Seek justice with trusted Woodland Hills'Burn Injury Lawyer. Freeman & Freeman, LLP offers free consultations. Take action now!","og_url":"https:\/\/freeman-freeman.com\/es\/woodland-hills-abogado-de-lesiones-por-quemaduras\/","og_site_name":"Freeman &amp; Freeman, LLP","article_publisher":"https:\/\/www.facebook.com\/FreemanFreemanLaw","article_modified_time":"2024-02-07T15:35:23+00:00","og_image":[{"url":"https:\/\/freeman-freeman.com\/wp-content\/uploads\/2023\/11\/i-prac-burn.webp","type":"","width":"","height":""}],"twitter_card":"summary_large_image","twitter_site":"@FreemanFreeman1","twitter_misc":{"Tiempo de lectura":"2 minutos"},"schema":{"@context":"https:\/\/schema.org","@graph":[{"@type":"WebPage","@id":"https:\/\/freeman-freeman.com\/woodland-hills-burn-injury-lawyer\/","url":"https:\/\/freeman-freeman.com\/woodland-hills-burn-injury-lawyer\/","name":"Woodland Hills Abogado de Lesiones por Quemaduras - Consulta Gratuita","isPartOf":{"@id":"https:\/\/freeman-freeman.com\/#website"},"primaryImageOfPage":{"@id":"https:\/\/freeman-freeman.com\/woodland-hills-burn-injury-lawyer\/#primaryimage"},"image":{"@id":"https:\/\/freeman-freeman.com\/woodland-hills-burn-injury-lawyer\/#primaryimage"},"thumbnailUrl":"https:\/\/freeman-freeman.com\/wp-content\/uploads\/2023\/11\/i-prac-burn.webp","datePublished":"2023-11-28T07:36:17+00:00","dateModified":"2024-02-07T15:35:23+00:00","description":"\u00bfLastimado en un accidente de quemadura? Buscar justicia con confianza Woodland Hills'Burn Lesiones Abogado. Freeman &amp; Freeman, LLP ofrece consultas gratuitas. \u00a1Tome acci\u00f3n ahora!","inLanguage":"es","potentialAction":[{"@type":"ReadAction","target":["https:\/\/freeman-freeman.com\/woodland-hills-burn-injury-lawyer\/"]}]},{"@type":"ImageObject","inLanguage":"es","@id":"https:\/\/freeman-freeman.com\/woodland-hills-burn-injury-lawyer\/#primaryimage","url":"https:\/\/freeman-freeman.com\/wp-content\/uploads\/2023\/11\/i-prac-burn.webp","contentUrl":"https:\/\/freeman-freeman.com\/wp-content\/uploads\/2023\/11\/i-prac-burn.webp"},{"@type":"WebSite","@id":"https:\/\/freeman-freeman.com\/#website","url":"https:\/\/freeman-freeman.com\/","name":"Freeman &amp; Freeman, LLP","description":"","publisher":{"@id":"https:\/\/freeman-freeman.com\/#organization"},"potentialAction":[{"@type":"SearchAction","target":{"@type":"EntryPoint","urlTemplate":"https:\/\/freeman-freeman.com\/?s={search_term_string}"},"query-input":{"@type":"PropertyValueSpecification","valueRequired":true,"valueName":"search_term_string"}}],"inLanguage":"es"},{"@type":"Organization","@id":"https:\/\/freeman-freeman.com\/#organization","name":"Freeman &amp; Freeman, LLP","url":"https:\/\/freeman-freeman.com\/","logo":{"@type":"ImageObject","inLanguage":"es","@id":"https:\/\/freeman-freeman.com\/#\/schema\/logo\/image\/","url":"https:\/\/freeman-freeman.com\/wp-content\/uploads\/2024\/01\/logo.jpg","contentUrl":"https:\/\/freeman-freeman.com\/wp-content\/uploads\/2024\/01\/logo.jpg","width":674,"height":104,"caption":"Freeman & Freeman, LLP"},"image":{"@id":"https:\/\/freeman-freeman.com\/#\/schema\/logo\/image\/"},"sameAs":["https:\/\/www.facebook.com\/FreemanFreemanLaw","https:\/\/x.com\/FreemanFreeman1","https:\/\/www.linkedin.com\/company\/freeman-freeman-llp"]}]}},"_links":{"self":[{"href":"https:\/\/freeman-freeman.com\/es\/wp-json\/wp\/v2\/pages\/1121","targetHints":{"allow":["GET"]}}],"collection":[{"href":"https:\/\/freeman-freeman.com\/es\/wp-json\/wp\/v2\/pages"}],"about":[{"href":"https:\/\/freeman-freeman.com\/es\/wp-json\/wp\/v2\/types\/page"}],"author":[{"embeddable":true,"href":"https:\/\/freeman-freeman.com\/es\/wp-json\/wp\/v2\/users\/1"}],"replies":[{"embeddable":true,"href":"https:\/\/freeman-freeman.com\/es\/wp-json\/wp\/v2\/comments?post=1121"}],"version-history":[{"count":3,"href":"https:\/\/freeman-freeman.com\/es\/wp-json\/wp\/v2\/pages\/1121\/revisions"}],"predecessor-version":[{"id":2047,"href":"https:\/\/freeman-freeman.com\/es\/wp-json\/wp\/v2\/pages\/1121\/revisions\/2047"}],"wp:attachment":[{"href":"https:\/\/freeman-freeman.com\/es\/wp-json\/wp\/v2\/media?parent=1121"}],"curies":[{"name":"wp","href":"https:\/\/api.w.org\/{rel}","templated":true}]}}