{"id":113,"date":"2023-11-14T06:53:25","date_gmt":"2023-11-14T06:53:25","guid":{"rendered":"https:\/\/freeman-freeman.com\/?page_id=113"},"modified":"2024-02-13T14:20:54","modified_gmt":"2024-02-13T14:20:54","slug":"acerca-de","status":"publish","type":"page","link":"https:\/\/freeman-freeman.com\/es\/about\/","title":{"rendered":"Qui\u00e9nes somos"},"content":{"rendered":"<div class=\"abt-img\"><img loading=\"lazy\" decoding=\"async\" src=\"https:\/\/freeman-freeman.com\/wp-content\/uploads\/2023\/11\/Untitled-2.jpg\" alt=\"\" width=\"969\" height=\"423\" ><\/div>\n<h2>Abogados de accidentes de tr\u00e1fico, lesiones personales y homicidio culposo en California<\/h2>\n<p>Tenemos un equipo completo de abogados expertos, asistentes legales e investigadores con a\u00f1os de experiencia para manejar profesionalmente su caso de accidente de veh\u00edculo de motor. Estamos orgullosos de \"luchar por el peque\u00f1o\", y nuestro personal responder\u00e1 a todas sus llamadas y correos electr\u00f3nicos con prontitud. Tambi\u00e9n tenemos acceso a m\u00e9dicos cualificados que completar\u00e1n un an\u00e1lisis detallado de su lesi\u00f3n.<\/p>\n<p>Los miembros de nuestro personal hablan espa\u00f1ol y tagalo y pueden ayudar con la traducci\u00f3n si es necesario. Trabajamos en equipo para examinar el panorama general. Investigamos qu\u00e9 ocurri\u00f3, qu\u00e9 problemas hay ahora y qu\u00e9 problemas pueden surgir en el futuro.<\/p>\n<p>Centr\u00e1ndonos en las cuestiones generales, podemos obtener una indemnizaci\u00f3n completa y justa por todos los da\u00f1os pasados, presentes y futuros en las reclamaciones.<\/p>\n<p>Obtenga m\u00e1s informaci\u00f3n sobre nuestros experimentados abogados haciendo clic en los enlaces siguientes:<\/p>\n<div class=\"attrny-blk\">\n<div class=\"attrny-item\">\n<div class=\"attrny-img\"><img loading=\"lazy\" decoding=\"async\" src=\"https:\/\/freeman-freeman.com\/wp-content\/uploads\/2024\/02\/home-attrny-freeman.webp\" alt=\"attorny-img1\" width=\"630\" height=\"460\"\/><\/div>\n<div class=\"attrny-name\">\n<h4>Stan H. Freeman<\/h4>\n<h3>Socio<\/h3>\n<\/div>\n<div class=\"hvr\">\n\t<a href=\"https:\/\/freeman-freeman.com\/es\/acerca-de\/freeman-stan-h\/\">Stan H. Freeman<\/a>\n<\/div>\n<\/div>\n<div class=\"attrny-item\">\n<div class=\"attrny-img\"><img loading=\"lazy\" decoding=\"async\" src=\"https:\/\/freeman-freeman.com\/wp-content\/uploads\/2023\/11\/attorny-img2.webp\" alt=\"attorny-img2\" width=\"630\" height=\"460\"\/><\/div>\n<div class=\"attrny-name\">\n<h4>Steven M. Freeman<\/h4>\n<h3>Socio<\/h3>\n<\/div>\n<div class=\"hvr\">\n\t<a href=\"https:\/\/freeman-freeman.com\/es\/acerca-de\/freeman-steven-m\/\">Steven M. Freeman<\/a>\n<\/div>\n<\/div>\n<\/div>","protected":false},"excerpt":{"rendered":"<p>California Auto Accident, Personal Injury and Wrongful Death Attorneys We have a full staff of skilled attorneys, paralegals and investigators with years of experience to professionally handle your motor vehicle accident case. We take pride in \u201cfighting for the little guy,\u201d and our caring staff will respond to all your calls and emails promptly. We &hellip; <\/p>\n<p class=\"link-more\"><a href=\"https:\/\/freeman-freeman.com\/es\/about\/\" class=\"more-link\">Seguir leyendo<span class=\"screen-reader-text\"> &#8220;About Us&#8221;<\/span><\/a><\/p>","protected":false},"author":1,"featured_media":0,"parent":0,"menu_order":0,"comment_status":"closed","ping_status":"closed","template":"","meta":{"_acf_changed":false,"footnotes":""},"class_list":["post-113","page","type-page","status-publish","hentry","entry"],"acf":[],"yoast_head":"<!-- This site is optimized with the Yoast SEO plugin v27.5 - https:\/\/yoast.com\/product\/yoast-seo-wordpress\/ -->\n<title>Freeman &amp; Freeman, LLP | Woodland Hills Personal Injury Law Firm<\/title>\n<meta name=\"description\" content=\"Contact Freeman &amp; Freeman in Woodland Hills, California for assistance with your personal injury matter. Free consult.\" \/>\n<meta name=\"robots\" content=\"index, follow, max-snippet:-1, max-image-preview:large, max-video-preview:-1\" \/>\n<link rel=\"canonical\" href=\"https:\/\/freeman-freeman.com\/es\/acerca-de\/\" \/>\n<meta property=\"og:locale\" content=\"es_MX\" \/>\n<meta property=\"og:type\" content=\"article\" \/>\n<meta property=\"og:title\" content=\"Freeman &amp; Freeman, LLP | Woodland Hills Personal Injury Law Firm\" \/>\n<meta property=\"og:description\" content=\"Contact Freeman &amp; Freeman in Woodland Hills, California for assistance with your personal injury matter. Free consult.\" \/>\n<meta property=\"og:url\" content=\"https:\/\/freeman-freeman.com\/es\/acerca-de\/\" \/>\n<meta property=\"og:site_name\" content=\"Freeman &amp; Freeman, LLP\" \/>\n<meta property=\"article:publisher\" content=\"https:\/\/www.facebook.com\/FreemanFreemanLaw\" \/>\n<meta property=\"article:modified_time\" content=\"2024-02-13T14:20:54+00:00\" \/>\n<meta property=\"og:image\" content=\"https:\/\/freeman-freeman.com\/wp-content\/uploads\/2023\/11\/Untitled-2.jpg\" \/>\n<meta name=\"twitter:card\" content=\"summary_large_image\" \/>\n<meta name=\"twitter:site\" content=\"@FreemanFreeman1\" \/>\n<meta name=\"twitter:label1\" content=\"Tiempo de lectura\" \/>\n\t<meta name=\"twitter:data1\" content=\"2 minutos\" \/>\n<script type=\"application\/ld+json\" class=\"yoast-schema-graph\">{\"@context\":\"https:\\\/\\\/schema.org\",\"@graph\":[{\"@type\":\"WebPage\",\"@id\":\"https:\\\/\\\/freeman-freeman.com\\\/about\\\/\",\"url\":\"https:\\\/\\\/freeman-freeman.com\\\/about\\\/\",\"name\":\"Freeman & Freeman, LLP | Woodland Hills Personal Injury Law Firm\",\"isPartOf\":{\"@id\":\"https:\\\/\\\/freeman-freeman.com\\\/#website\"},\"primaryImageOfPage\":{\"@id\":\"https:\\\/\\\/freeman-freeman.com\\\/about\\\/#primaryimage\"},\"image\":{\"@id\":\"https:\\\/\\\/freeman-freeman.com\\\/about\\\/#primaryimage\"},\"thumbnailUrl\":\"https:\\\/\\\/freeman-freeman.com\\\/wp-content\\\/uploads\\\/2023\\\/11\\\/Untitled-2.jpg\",\"datePublished\":\"2023-11-14T06:53:25+00:00\",\"dateModified\":\"2024-02-13T14:20:54+00:00\",\"description\":\"Contact Freeman & Freeman in Woodland Hills, California for assistance with your personal injury matter. Free consult.\",\"inLanguage\":\"es\",\"potentialAction\":[{\"@type\":\"ReadAction\",\"target\":[\"https:\\\/\\\/freeman-freeman.com\\\/about\\\/\"]}]},{\"@type\":\"ImageObject\",\"inLanguage\":\"es\",\"@id\":\"https:\\\/\\\/freeman-freeman.com\\\/about\\\/#primaryimage\",\"url\":\"https:\\\/\\\/freeman-freeman.com\\\/wp-content\\\/uploads\\\/2023\\\/11\\\/Untitled-2.jpg\",\"contentUrl\":\"https:\\\/\\\/freeman-freeman.com\\\/wp-content\\\/uploads\\\/2023\\\/11\\\/Untitled-2.jpg\"},{\"@type\":\"WebSite\",\"@id\":\"https:\\\/\\\/freeman-freeman.com\\\/#website\",\"url\":\"https:\\\/\\\/freeman-freeman.com\\\/\",\"name\":\"Freeman &amp; Freeman, LLP\",\"description\":\"\",\"publisher\":{\"@id\":\"https:\\\/\\\/freeman-freeman.com\\\/#organization\"},\"potentialAction\":[{\"@type\":\"SearchAction\",\"target\":{\"@type\":\"EntryPoint\",\"urlTemplate\":\"https:\\\/\\\/freeman-freeman.com\\\/?s={search_term_string}\"},\"query-input\":{\"@type\":\"PropertyValueSpecification\",\"valueRequired\":true,\"valueName\":\"search_term_string\"}}],\"inLanguage\":\"es\"},{\"@type\":\"Organization\",\"@id\":\"https:\\\/\\\/freeman-freeman.com\\\/#organization\",\"name\":\"Freeman & Freeman, LLP\",\"url\":\"https:\\\/\\\/freeman-freeman.com\\\/\",\"logo\":{\"@type\":\"ImageObject\",\"inLanguage\":\"es\",\"@id\":\"https:\\\/\\\/freeman-freeman.com\\\/#\\\/schema\\\/logo\\\/image\\\/\",\"url\":\"https:\\\/\\\/freeman-freeman.com\\\/wp-content\\\/uploads\\\/2024\\\/01\\\/logo.jpg\",\"contentUrl\":\"https:\\\/\\\/freeman-freeman.com\\\/wp-content\\\/uploads\\\/2024\\\/01\\\/logo.jpg\",\"width\":674,\"height\":104,\"caption\":\"Freeman & Freeman, LLP\"},\"image\":{\"@id\":\"https:\\\/\\\/freeman-freeman.com\\\/#\\\/schema\\\/logo\\\/image\\\/\"},\"sameAs\":[\"https:\\\/\\\/www.facebook.com\\\/FreemanFreemanLaw\",\"https:\\\/\\\/x.com\\\/FreemanFreeman1\",\"https:\\\/\\\/www.linkedin.com\\\/company\\\/freeman-freeman-llp\"]}]}<\/script>\n<!-- \/ Yoast SEO plugin. -->","yoast_head_json":{"title":"Freeman &amp; Freeman, LLP | Woodland Hills Firma de Abogados de Lesiones Personales","description":"P\u00f3ngase en contacto con Freeman &amp; Freeman en Woodland Hills, California para obtener ayuda con su asunto de lesiones personales. Consulta gratis.","robots":{"index":"index","follow":"follow","max-snippet":"max-snippet:-1","max-image-preview":"max-image-preview:large","max-video-preview":"max-video-preview:-1"},"canonical":"https:\/\/freeman-freeman.com\/es\/acerca-de\/","og_locale":"es_MX","og_type":"article","og_title":"Freeman & Freeman, LLP | Woodland Hills Personal Injury Law Firm","og_description":"Contact Freeman & Freeman in Woodland Hills, California for assistance with your personal injury matter. Free consult.","og_url":"https:\/\/freeman-freeman.com\/es\/acerca-de\/","og_site_name":"Freeman &amp; Freeman, LLP","article_publisher":"https:\/\/www.facebook.com\/FreemanFreemanLaw","article_modified_time":"2024-02-13T14:20:54+00:00","og_image":[{"url":"https:\/\/freeman-freeman.com\/wp-content\/uploads\/2023\/11\/Untitled-2.jpg","type":"","width":"","height":""}],"twitter_card":"summary_large_image","twitter_site":"@FreemanFreeman1","twitter_misc":{"Tiempo de lectura":"2 minutos"},"schema":{"@context":"https:\/\/schema.org","@graph":[{"@type":"WebPage","@id":"https:\/\/freeman-freeman.com\/about\/","url":"https:\/\/freeman-freeman.com\/about\/","name":"Freeman &amp; Freeman, LLP | Woodland Hills Firma de Abogados de Lesiones Personales","isPartOf":{"@id":"https:\/\/freeman-freeman.com\/#website"},"primaryImageOfPage":{"@id":"https:\/\/freeman-freeman.com\/about\/#primaryimage"},"image":{"@id":"https:\/\/freeman-freeman.com\/about\/#primaryimage"},"thumbnailUrl":"https:\/\/freeman-freeman.com\/wp-content\/uploads\/2023\/11\/Untitled-2.jpg","datePublished":"2023-11-14T06:53:25+00:00","dateModified":"2024-02-13T14:20:54+00:00","description":"P\u00f3ngase en contacto con Freeman &amp; Freeman en Woodland Hills, California para obtener ayuda con su asunto de lesiones personales. Consulta gratis.","inLanguage":"es","potentialAction":[{"@type":"ReadAction","target":["https:\/\/freeman-freeman.com\/about\/"]}]},{"@type":"ImageObject","inLanguage":"es","@id":"https:\/\/freeman-freeman.com\/about\/#primaryimage","url":"https:\/\/freeman-freeman.com\/wp-content\/uploads\/2023\/11\/Untitled-2.jpg","contentUrl":"https:\/\/freeman-freeman.com\/wp-content\/uploads\/2023\/11\/Untitled-2.jpg"},{"@type":"WebSite","@id":"https:\/\/freeman-freeman.com\/#website","url":"https:\/\/freeman-freeman.com\/","name":"Freeman &amp; Freeman, LLP","description":"","publisher":{"@id":"https:\/\/freeman-freeman.com\/#organization"},"potentialAction":[{"@type":"SearchAction","target":{"@type":"EntryPoint","urlTemplate":"https:\/\/freeman-freeman.com\/?s={search_term_string}"},"query-input":{"@type":"PropertyValueSpecification","valueRequired":true,"valueName":"search_term_string"}}],"inLanguage":"es"},{"@type":"Organization","@id":"https:\/\/freeman-freeman.com\/#organization","name":"Freeman &amp; Freeman, LLP","url":"https:\/\/freeman-freeman.com\/","logo":{"@type":"ImageObject","inLanguage":"es","@id":"https:\/\/freeman-freeman.com\/#\/schema\/logo\/image\/","url":"https:\/\/freeman-freeman.com\/wp-content\/uploads\/2024\/01\/logo.jpg","contentUrl":"https:\/\/freeman-freeman.com\/wp-content\/uploads\/2024\/01\/logo.jpg","width":674,"height":104,"caption":"Freeman & Freeman, LLP"},"image":{"@id":"https:\/\/freeman-freeman.com\/#\/schema\/logo\/image\/"},"sameAs":["https:\/\/www.facebook.com\/FreemanFreemanLaw","https:\/\/x.com\/FreemanFreeman1","https:\/\/www.linkedin.com\/company\/freeman-freeman-llp"]}]}},"_links":{"self":[{"href":"https:\/\/freeman-freeman.com\/es\/wp-json\/wp\/v2\/pages\/113","targetHints":{"allow":["GET"]}}],"collection":[{"href":"https:\/\/freeman-freeman.com\/es\/wp-json\/wp\/v2\/pages"}],"about":[{"href":"https:\/\/freeman-freeman.com\/es\/wp-json\/wp\/v2\/types\/page"}],"author":[{"embeddable":true,"href":"https:\/\/freeman-freeman.com\/es\/wp-json\/wp\/v2\/users\/1"}],"replies":[{"embeddable":true,"href":"https:\/\/freeman-freeman.com\/es\/wp-json\/wp\/v2\/comments?post=113"}],"version-history":[{"count":10,"href":"https:\/\/freeman-freeman.com\/es\/wp-json\/wp\/v2\/pages\/113\/revisions"}],"predecessor-version":[{"id":2273,"href":"https:\/\/freeman-freeman.com\/es\/wp-json\/wp\/v2\/pages\/113\/revisions\/2273"}],"wp:attachment":[{"href":"https:\/\/freeman-freeman.com\/es\/wp-json\/wp\/v2\/media?parent=113"}],"curies":[{"name":"wp","href":"https:\/\/api.w.org\/{rel}","templated":true}]}}