{"id":1230,"date":"2023-11-28T09:14:07","date_gmt":"2023-11-28T09:14:07","guid":{"rendered":"https:\/\/freeman-freeman.com\/?page_id=1230"},"modified":"2024-02-07T15:10:48","modified_gmt":"2024-02-07T15:10:48","slug":"woodland-hills-abogado-de-accidentes-por-conducir-ebrio","status":"publish","type":"page","link":"https:\/\/freeman-freeman.com\/es\/woodland-hills-drunk-driving-accident-lawyer\/","title":{"rendered":"Woodland Hills Abogado de Accidente de Conducir Ebrio"},"content":{"rendered":"<h2><span data-sheets-root=\"1\" data-sheets-value=\"{&quot;1&quot;:2,&quot;2&quot;:&quot;Woodland Hills Drunk Driving Accident Lawyer&quot;}\" data-sheets-userformat=\"{&quot;2&quot;:15105,&quot;3&quot;:{&quot;1&quot;:0},&quot;11&quot;:0,&quot;12&quot;:0,&quot;14&quot;:{&quot;1&quot;:2,&quot;2&quot;:0},&quot;15&quot;:&quot;Calibri&quot;,&quot;16&quot;:11}\">Woodland Hills Abogado de Accidente de Conducir Ebrio<\/span><\/h2>\n<p><img loading=\"lazy\" decoding=\"async\" class=\"aligncenter wp-image-1234 size-full\" title=\"Woodland Hills Abogado de Accidente de Conducir Ebrio\" src=\"https:\/\/freeman-freeman.com\/wp-content\/uploads\/2023\/11\/i-prac-drunkdrivingaccidents.webp\" alt=\"Woodland Hills Abogado de Accidente de Conducir Ebrio\" width=\"325\" height=\"204\" srcset=\"https:\/\/freeman-freeman.com\/wp-content\/uploads\/2023\/11\/i-prac-drunkdrivingaccidents.webp 325w, https:\/\/freeman-freeman.com\/wp-content\/uploads\/2023\/11\/i-prac-drunkdrivingaccidents-300x188.webp 300w\" sizes=\"auto, (max-width: 325px) 100vw, 325px\" \/><\/p>\n<p>Los abogados de Woodland Hills para v\u00edctimas de conductores ebrios est\u00e1n de su lado en Freeman &amp; Freeman, LLP. Nuestros abogados tienen mucha experiencia con este tipo de casos y conocen sus complejidades. Cuando el derecho penal y el derecho civil se superponen, abogados con experiencia son esenciales para los desaf\u00edos \u00fanicos de estos casos.<\/p>\n<p>Adem\u00e1s, los accidentes automovil\u00edsticos por conducir ebrio pueden llevar a la necesidad de una compensaci\u00f3n sustancial; las lesiones involucradas pueden ser extremadamente graves. Los abogados Stan y Steve Freeman tienen m\u00e1s de 80 a\u00f1os de experiencia legal combinada en los casos m\u00e1s complejos y graves de lesiones personales, incluidos los que implican conducir ebrio en Los \u00c1ngeles. Llame a <a role=\"link\" href=\"tel:+1-818-992-2919\" data-wpel-link=\"internal\">818-992-2919<\/a> para hacer justicia.<\/p>\n<p>Con los casos de lesiones de DUI, el derecho penal y el derecho civil se superponen en formas que hacen que estos casos muy intrincados. Freeman &amp; Freeman, LLP, tiene los recursos y la experiencia para representarlo en estos casos de lesiones complejas.<\/p>\n<p>La persona que lo lesion\u00f3 a usted o a su ser querido debe ser considerada penalmente responsable, as\u00ed como financieramente responsable. Ll\u00e1menos para ver c\u00f3mo vamos a perseguir da\u00f1os punitivos para usted y maximizar la cantidad de compensaci\u00f3n que puede recibir.<\/p>\n<h2>Freeman &amp; Freeman, LLP: M\u00e1xima indemnizaci\u00f3n para las v\u00edctimas de lesiones<\/h2>\n<p>Ofrecemos consultas gratuitas y, dado que s\u00f3lo cobramos honorarios si ganamos su caso, no tiene nada que perder si nos llama lo antes posible. Llevamos varias d\u00e9cadas ayudando a nuestros clientes a obtener la m\u00e1xima indemnizaci\u00f3n tras sufrir lesiones graves.<\/p>\n<p>Disponemos de los recursos necesarios para realizar un an\u00e1lisis exhaustivo e independiente de su situaci\u00f3n. Tenemos testigos expertos a mano para testificar en su nombre y ayudarnos a descubrir pruebas cruciales en su caso.<\/p>\n<p>Debido a que los conductores ebrios pueden tomar decisiones incre\u00edblemente imprudentes, este tipo de accidentes automovil\u00edsticos a menudo conducen a lesiones catastr\u00f3ficas. Como resultado, usted necesita abogados de lesiones personales que saben c\u00f3mo luchar por la m\u00e1xima compensaci\u00f3n en su nombre.<\/p>\n<p>Si su caso involucra a un conductor ebrio cuyas acciones condujeron a la muerte injusta de su familia, utilizaremos todos nuestros recursos para que la parte responsable rinda cuentas. Un conductor ebrio puede desviarse hacia el tr\u00e1fico que se aproxima; puede lanzarse a los carriles adyacentes; puede saltarse sem\u00e1foros en rojo y lesionar a peatones, ciclistas o motociclistas.<\/p>\n<p>Un conductor ebrio es una grave amenaza para la seguridad p\u00fablica y deben ser considerados responsables de los da\u00f1os que puedan haber causado. Si usted ha sido v\u00edctima de un conductor ebrio en Woodland Hills, llame a los abogados que saben c\u00f3mo manejar las demandas de accidentes por conducir ebrio. Estamos preparados para ayudarle a obtener la m\u00e1xima compensaci\u00f3n por sus lesiones y el dolor y el sufrimiento.<\/p>\n<h2>Consulta gratuita \u25aa Llame 24\/7 \u25aa Sin honorarios de abogados a menos que ganemos su caso<\/h2>\n<p>Nuestros h\u00e1biles y dedicados abogados han servido a clientes lesionados y a sus familias en todo California por m\u00e1s de 40 a\u00f1os. Creemos que usted quedar\u00e1 impresionado con la forma en que nuestra experiencia, compromiso y pasi\u00f3n pueden ayudar en su caso.<\/p>\n<p>P\u00f3ngase en contacto con nuestros abogados llamando al <a role=\"link\" href=\"tel:+1-818-992-2919\" data-wpel-link=\"internal\">818-992-2919<\/a> o <a role=\"link\" href=\"https:\/\/freeman-freeman.com\/es\/pongase-en-contacto-con\/\" data-wpel-link=\"internal\">rellene nuestro formulario en l\u00ednea<\/a> para concertar su primera consulta gratuita.<\/p>","protected":false},"excerpt":{"rendered":"<p>Woodland Hills Drunk Driving Accident Attorney Woodland Hills lawyers for victims of drunk drivers are on your side at Freeman &amp; Freeman, LLP. Our lawyers are extremely experienced with these types of cases and know their complexities. When criminal law and civil law overlap, experienced attorneys are essential for the unique challenges of these cases. &hellip; <\/p>\n<p class=\"link-more\"><a href=\"https:\/\/freeman-freeman.com\/es\/woodland-hills-drunk-driving-accident-lawyer\/\" class=\"more-link\">Seguir leyendo<span class=\"screen-reader-text\"> &#8220;Woodland Hills Drunk Driving Accident Lawyer&#8221;<\/span><\/a><\/p>","protected":false},"author":1,"featured_media":0,"parent":0,"menu_order":0,"comment_status":"closed","ping_status":"closed","template":"","meta":{"_acf_changed":false,"footnotes":""},"class_list":["post-1230","page","type-page","status-publish","hentry","entry"],"acf":[],"yoast_head":"<!-- This site is optimized with the Yoast SEO plugin v27.5 - https:\/\/yoast.com\/product\/yoast-seo-wordpress\/ -->\n<title>Woodland Hills Drunk Driving Accident Lawyer &amp; Law Firm<\/title>\n<meta name=\"description\" content=\"Victim of a drunk driving accident in Woodland Hills? Trust Freeman &amp; Freeman, LLP, your experienced Woodland Hills DUI accident lawyers!\" \/>\n<meta name=\"robots\" content=\"index, follow, max-snippet:-1, max-image-preview:large, max-video-preview:-1\" \/>\n<link rel=\"canonical\" href=\"https:\/\/freeman-freeman.com\/es\/woodland-hills-abogado-de-accidentes-por-conducir-ebrio\/\" \/>\n<meta property=\"og:locale\" content=\"es_MX\" \/>\n<meta property=\"og:type\" content=\"article\" \/>\n<meta property=\"og:title\" content=\"Woodland Hills Drunk Driving Accident Lawyer &amp; Law Firm\" \/>\n<meta property=\"og:description\" content=\"Victim of a drunk driving accident in Woodland Hills? Trust Freeman &amp; Freeman, LLP, your experienced Woodland Hills DUI accident lawyers!\" \/>\n<meta property=\"og:url\" content=\"https:\/\/freeman-freeman.com\/es\/woodland-hills-abogado-de-accidentes-por-conducir-ebrio\/\" \/>\n<meta property=\"og:site_name\" content=\"Freeman &amp; Freeman, LLP\" \/>\n<meta property=\"article:publisher\" content=\"https:\/\/www.facebook.com\/FreemanFreemanLaw\" \/>\n<meta property=\"article:modified_time\" content=\"2024-02-07T15:10:48+00:00\" \/>\n<meta property=\"og:image\" content=\"https:\/\/freeman-freeman.com\/wp-content\/uploads\/2023\/11\/i-prac-drunkdrivingaccidents.webp\" \/>\n<meta name=\"twitter:card\" content=\"summary_large_image\" \/>\n<meta name=\"twitter:site\" content=\"@FreemanFreeman1\" \/>\n<meta name=\"twitter:label1\" content=\"Tiempo de lectura\" \/>\n\t<meta name=\"twitter:data1\" content=\"3 minutos\" \/>\n<script type=\"application\/ld+json\" class=\"yoast-schema-graph\">{\"@context\":\"https:\\\/\\\/schema.org\",\"@graph\":[{\"@type\":\"WebPage\",\"@id\":\"https:\\\/\\\/freeman-freeman.com\\\/woodland-hills-drunk-driving-accident-lawyer\\\/\",\"url\":\"https:\\\/\\\/freeman-freeman.com\\\/woodland-hills-drunk-driving-accident-lawyer\\\/\",\"name\":\"Woodland Hills Drunk Driving Accident Lawyer & Law Firm\",\"isPartOf\":{\"@id\":\"https:\\\/\\\/freeman-freeman.com\\\/#website\"},\"primaryImageOfPage\":{\"@id\":\"https:\\\/\\\/freeman-freeman.com\\\/woodland-hills-drunk-driving-accident-lawyer\\\/#primaryimage\"},\"image\":{\"@id\":\"https:\\\/\\\/freeman-freeman.com\\\/woodland-hills-drunk-driving-accident-lawyer\\\/#primaryimage\"},\"thumbnailUrl\":\"https:\\\/\\\/freeman-freeman.com\\\/wp-content\\\/uploads\\\/2023\\\/11\\\/i-prac-drunkdrivingaccidents.webp\",\"datePublished\":\"2023-11-28T09:14:07+00:00\",\"dateModified\":\"2024-02-07T15:10:48+00:00\",\"description\":\"Victim of a drunk driving accident in Woodland Hills? Trust Freeman & Freeman, LLP, your experienced Woodland Hills DUI accident lawyers!\",\"inLanguage\":\"es\",\"potentialAction\":[{\"@type\":\"ReadAction\",\"target\":[\"https:\\\/\\\/freeman-freeman.com\\\/woodland-hills-drunk-driving-accident-lawyer\\\/\"]}]},{\"@type\":\"ImageObject\",\"inLanguage\":\"es\",\"@id\":\"https:\\\/\\\/freeman-freeman.com\\\/woodland-hills-drunk-driving-accident-lawyer\\\/#primaryimage\",\"url\":\"https:\\\/\\\/freeman-freeman.com\\\/wp-content\\\/uploads\\\/2023\\\/11\\\/i-prac-drunkdrivingaccidents.webp\",\"contentUrl\":\"https:\\\/\\\/freeman-freeman.com\\\/wp-content\\\/uploads\\\/2023\\\/11\\\/i-prac-drunkdrivingaccidents.webp\"},{\"@type\":\"WebSite\",\"@id\":\"https:\\\/\\\/freeman-freeman.com\\\/#website\",\"url\":\"https:\\\/\\\/freeman-freeman.com\\\/\",\"name\":\"Freeman &amp; Freeman, LLP\",\"description\":\"\",\"publisher\":{\"@id\":\"https:\\\/\\\/freeman-freeman.com\\\/#organization\"},\"potentialAction\":[{\"@type\":\"SearchAction\",\"target\":{\"@type\":\"EntryPoint\",\"urlTemplate\":\"https:\\\/\\\/freeman-freeman.com\\\/?s={search_term_string}\"},\"query-input\":{\"@type\":\"PropertyValueSpecification\",\"valueRequired\":true,\"valueName\":\"search_term_string\"}}],\"inLanguage\":\"es\"},{\"@type\":\"Organization\",\"@id\":\"https:\\\/\\\/freeman-freeman.com\\\/#organization\",\"name\":\"Freeman & Freeman, LLP\",\"url\":\"https:\\\/\\\/freeman-freeman.com\\\/\",\"logo\":{\"@type\":\"ImageObject\",\"inLanguage\":\"es\",\"@id\":\"https:\\\/\\\/freeman-freeman.com\\\/#\\\/schema\\\/logo\\\/image\\\/\",\"url\":\"https:\\\/\\\/freeman-freeman.com\\\/wp-content\\\/uploads\\\/2024\\\/01\\\/logo.jpg\",\"contentUrl\":\"https:\\\/\\\/freeman-freeman.com\\\/wp-content\\\/uploads\\\/2024\\\/01\\\/logo.jpg\",\"width\":674,\"height\":104,\"caption\":\"Freeman & Freeman, LLP\"},\"image\":{\"@id\":\"https:\\\/\\\/freeman-freeman.com\\\/#\\\/schema\\\/logo\\\/image\\\/\"},\"sameAs\":[\"https:\\\/\\\/www.facebook.com\\\/FreemanFreemanLaw\",\"https:\\\/\\\/x.com\\\/FreemanFreeman1\",\"https:\\\/\\\/www.linkedin.com\\\/company\\\/freeman-freeman-llp\"]}]}<\/script>\n<!-- \/ Yoast SEO plugin. -->","yoast_head_json":{"title":"Woodland Hills Borracho Conducir Accidente Abogado y Bufete de Abogados","description":"\u00bfV\u00edctima de un accidente por conducir ebrio en Woodland Hills? Conf\u00ede en Freeman &amp; Freeman, LLP, sus abogados con experiencia en accidentes de DUI en Woodland Hills.","robots":{"index":"index","follow":"follow","max-snippet":"max-snippet:-1","max-image-preview":"max-image-preview:large","max-video-preview":"max-video-preview:-1"},"canonical":"https:\/\/freeman-freeman.com\/es\/woodland-hills-abogado-de-accidentes-por-conducir-ebrio\/","og_locale":"es_MX","og_type":"article","og_title":"Woodland Hills Drunk Driving Accident Lawyer & Law Firm","og_description":"Victim of a drunk driving accident in Woodland Hills? Trust Freeman & Freeman, LLP, your experienced Woodland Hills DUI accident lawyers!","og_url":"https:\/\/freeman-freeman.com\/es\/woodland-hills-abogado-de-accidentes-por-conducir-ebrio\/","og_site_name":"Freeman &amp; Freeman, LLP","article_publisher":"https:\/\/www.facebook.com\/FreemanFreemanLaw","article_modified_time":"2024-02-07T15:10:48+00:00","og_image":[{"url":"https:\/\/freeman-freeman.com\/wp-content\/uploads\/2023\/11\/i-prac-drunkdrivingaccidents.webp","type":"","width":"","height":""}],"twitter_card":"summary_large_image","twitter_site":"@FreemanFreeman1","twitter_misc":{"Tiempo de lectura":"3 minutos"},"schema":{"@context":"https:\/\/schema.org","@graph":[{"@type":"WebPage","@id":"https:\/\/freeman-freeman.com\/woodland-hills-drunk-driving-accident-lawyer\/","url":"https:\/\/freeman-freeman.com\/woodland-hills-drunk-driving-accident-lawyer\/","name":"Woodland Hills Borracho Conducir Accidente Abogado y Bufete de Abogados","isPartOf":{"@id":"https:\/\/freeman-freeman.com\/#website"},"primaryImageOfPage":{"@id":"https:\/\/freeman-freeman.com\/woodland-hills-drunk-driving-accident-lawyer\/#primaryimage"},"image":{"@id":"https:\/\/freeman-freeman.com\/woodland-hills-drunk-driving-accident-lawyer\/#primaryimage"},"thumbnailUrl":"https:\/\/freeman-freeman.com\/wp-content\/uploads\/2023\/11\/i-prac-drunkdrivingaccidents.webp","datePublished":"2023-11-28T09:14:07+00:00","dateModified":"2024-02-07T15:10:48+00:00","description":"\u00bfV\u00edctima de un accidente por conducir ebrio en Woodland Hills? Conf\u00ede en Freeman &amp; Freeman, LLP, sus abogados con experiencia en accidentes de DUI en Woodland Hills.","inLanguage":"es","potentialAction":[{"@type":"ReadAction","target":["https:\/\/freeman-freeman.com\/woodland-hills-drunk-driving-accident-lawyer\/"]}]},{"@type":"ImageObject","inLanguage":"es","@id":"https:\/\/freeman-freeman.com\/woodland-hills-drunk-driving-accident-lawyer\/#primaryimage","url":"https:\/\/freeman-freeman.com\/wp-content\/uploads\/2023\/11\/i-prac-drunkdrivingaccidents.webp","contentUrl":"https:\/\/freeman-freeman.com\/wp-content\/uploads\/2023\/11\/i-prac-drunkdrivingaccidents.webp"},{"@type":"WebSite","@id":"https:\/\/freeman-freeman.com\/#website","url":"https:\/\/freeman-freeman.com\/","name":"Freeman &amp; Freeman, LLP","description":"","publisher":{"@id":"https:\/\/freeman-freeman.com\/#organization"},"potentialAction":[{"@type":"SearchAction","target":{"@type":"EntryPoint","urlTemplate":"https:\/\/freeman-freeman.com\/?s={search_term_string}"},"query-input":{"@type":"PropertyValueSpecification","valueRequired":true,"valueName":"search_term_string"}}],"inLanguage":"es"},{"@type":"Organization","@id":"https:\/\/freeman-freeman.com\/#organization","name":"Freeman &amp; Freeman, LLP","url":"https:\/\/freeman-freeman.com\/","logo":{"@type":"ImageObject","inLanguage":"es","@id":"https:\/\/freeman-freeman.com\/#\/schema\/logo\/image\/","url":"https:\/\/freeman-freeman.com\/wp-content\/uploads\/2024\/01\/logo.jpg","contentUrl":"https:\/\/freeman-freeman.com\/wp-content\/uploads\/2024\/01\/logo.jpg","width":674,"height":104,"caption":"Freeman & Freeman, LLP"},"image":{"@id":"https:\/\/freeman-freeman.com\/#\/schema\/logo\/image\/"},"sameAs":["https:\/\/www.facebook.com\/FreemanFreemanLaw","https:\/\/x.com\/FreemanFreeman1","https:\/\/www.linkedin.com\/company\/freeman-freeman-llp"]}]}},"_links":{"self":[{"href":"https:\/\/freeman-freeman.com\/es\/wp-json\/wp\/v2\/pages\/1230","targetHints":{"allow":["GET"]}}],"collection":[{"href":"https:\/\/freeman-freeman.com\/es\/wp-json\/wp\/v2\/pages"}],"about":[{"href":"https:\/\/freeman-freeman.com\/es\/wp-json\/wp\/v2\/types\/page"}],"author":[{"embeddable":true,"href":"https:\/\/freeman-freeman.com\/es\/wp-json\/wp\/v2\/users\/1"}],"replies":[{"embeddable":true,"href":"https:\/\/freeman-freeman.com\/es\/wp-json\/wp\/v2\/comments?post=1230"}],"version-history":[{"count":3,"href":"https:\/\/freeman-freeman.com\/es\/wp-json\/wp\/v2\/pages\/1230\/revisions"}],"predecessor-version":[{"id":2031,"href":"https:\/\/freeman-freeman.com\/es\/wp-json\/wp\/v2\/pages\/1230\/revisions\/2031"}],"wp:attachment":[{"href":"https:\/\/freeman-freeman.com\/es\/wp-json\/wp\/v2\/media?parent=1230"}],"curies":[{"name":"wp","href":"https:\/\/api.w.org\/{rel}","templated":true}]}}