{"id":1236,"date":"2023-11-28T09:19:04","date_gmt":"2023-11-28T09:19:04","guid":{"rendered":"https:\/\/freeman-freeman.com\/?page_id=1236"},"modified":"2024-02-07T15:08:57","modified_gmt":"2024-02-07T15:08:57","slug":"woodland-hills-freeway-accidente-abogado","status":"publish","type":"page","link":"https:\/\/freeman-freeman.com\/es\/woodland-hills-freeway-accident-lawyer\/","title":{"rendered":"Woodland Hills Abogado de Accidente de Autopista"},"content":{"rendered":"<h2><span data-sheets-root=\"1\" data-sheets-value=\"{&quot;1&quot;:2,&quot;2&quot;:&quot;Woodland Hills Freeway Accident Lawyer&quot;}\" data-sheets-userformat=\"{&quot;2&quot;:15105,&quot;3&quot;:{&quot;1&quot;:0},&quot;11&quot;:0,&quot;12&quot;:0,&quot;14&quot;:{&quot;1&quot;:2,&quot;2&quot;:0},&quot;15&quot;:&quot;Calibri&quot;,&quot;16&quot;:11}\">Woodland Hills Abogado de Accidente de Autopista<\/span><\/h2>\n<p><img loading=\"lazy\" decoding=\"async\" class=\"aligncenter wp-image-1239 size-full\" title=\"Woodland Hills Abogado de Accidente de Autopista\" src=\"https:\/\/freeman-freeman.com\/wp-content\/uploads\/2023\/11\/i-prac-freewayaccidents.webp\" alt=\"Woodland Hills Abogado de Accidente de Autopista\" width=\"325\" height=\"204\" srcset=\"https:\/\/freeman-freeman.com\/wp-content\/uploads\/2023\/11\/i-prac-freewayaccidents.webp 325w, https:\/\/freeman-freeman.com\/wp-content\/uploads\/2023\/11\/i-prac-freewayaccidents-300x188.webp 300w\" sizes=\"auto, (max-width: 325px) 100vw, 325px\" \/><\/p>\n<p>En Freeman &amp; Freeman, LLP, estamos disponibles para ayudarle si usted es una de las muchas personas que han estado involucradas en un accidente de autopista. Ya sea en un choque a baja velocidad o una cat\u00e1strofe de varios coches, tenemos la experiencia legal y los recursos que necesita para la b\u00fasqueda de la justicia y la indemnizaci\u00f3n de los que causaron su sufrimiento. Hemos recuperado cientos de millones de d\u00f3lares para nuestros clientes lesionados. P\u00f3ngase en contacto con nosotros para ver c\u00f3mo podemos ayudarle.<\/p>\n<p>Si usted ha sido herido en un accidente de autopista, usted puede estar luchando con una variedad de lesiones que fueron causadas por una serie de factores.<\/p>\n<p>Nuestro bufete de abogados ha estado manejando estos casos durante d\u00e9cadas y hemos ayudado a nuestros clientes lesionados a obtener cientos de millones de d\u00f3lares en compensaci\u00f3n por sus lesiones. Nuestros abogados pueden proteger sus derechos en una demanda, buscando la m\u00e1xima compensaci\u00f3n por sus facturas m\u00e9dicas, salarios perdidos y otros desaf\u00edos.<\/p>\n<p>Los abogados de Freeman &amp; Freeman, LLP tienen los recursos y la experiencia para examinar los detalles de su caso e identificar las razones por las que puede haber sido lesionado.<\/p>\n<p>Un fabricante de veh\u00edculos, un conductor de cami\u00f3n comercial, un sitio de construcci\u00f3n inseguro, un conductor ebrio, una condici\u00f3n peligrosa del camino: estos factores, y muchos m\u00e1s, pueden ser en parte o totalmente responsables de sus desaf\u00edos. Nuestros abogados saben c\u00f3mo conseguir la m\u00e1xima indemnizaci\u00f3n para usted contra todas las partes responsables.<\/p>\n<h2>De d\u00eda o de noche, llame para una consulta gratuita con un abogado 24\/7<\/h2>\n<p>Aunque la hora pico puede implicar el mayor n\u00famero de accidentes, sabemos que las carreteras de Los \u00c1ngeles y las interestatales est\u00e1n ocupadas en todo momento del d\u00eda y de la noche. Es por eso que estamos disponibles para usted sin importar la hora en que ocurri\u00f3 su accidente. Si usted ha sufrido una lesi\u00f3n grave, ll\u00e1menos tan pronto como sea posible a <a role=\"link\" href=\"tel:+1-818-992-2919\" data-wpel-link=\"internal\">818-992-2919<\/a>.<\/p>\n<p>Nuestros abogados pueden comenzar a analizar las pruebas de inmediato y empezar a ayudarle en estos momentos dif\u00edciles. Desde las primeras etapas hasta que se haya resuelto a su satisfacci\u00f3n, somos sus aliados despu\u00e9s de un accidente automovil\u00edstico grave.<\/p>\n<p>Tambi\u00e9n aceptamos casos en base a honorarios contingentes. Esto significa que si no ganamos su caso, usted no nos debe nada. Ll\u00e1menos para una consulta gratuita si usted o sus seres queridos han estado involucrados en un accidente de autopista.<\/p>\n<p>Nuestros abogados llevan m\u00e1s de 40 a\u00f1os ayudando a clientes lesionados y a sus familiares afectados. Los clientes est\u00e1n constantemente impresionados con nuestra experiencia, compromiso, pasi\u00f3n y pasado. <a role=\"link\" href=\"https:\/\/freeman-freeman.com\/es\/resultados-del-caso\/\" data-wpel-link=\"internal\">resultados<\/a>. No importa la complejidad de su caso, no importa la gravedad de las lesiones, y no importa los desaf\u00edos legales, estamos preparados para representarle:<\/p>\n<ul>\n<li>Accidentes m\u00faltiples<\/li>\n<li>Colisiones por alcance<\/li>\n<li>Atropello y fuga<\/li>\n<li>Lesiones causadas por veh\u00edculos comerciales<\/li>\n<li>Accidentes de moto, cami\u00f3n y autob\u00fas<\/li>\n<li>Cambios de carril inseguros<\/li>\n<li>Colisiones de conductores sin seguro o con seguro insuficiente<\/li>\n<\/ul>\n<p>Nuestro bufete de abogados ha estado representando a familias en demandas por homicidio culposo durante cuatro d\u00e9cadas, y nuestra empat\u00eda por las familias inspira nuestros esfuerzos para recuperar la m\u00e1xima compensaci\u00f3n por su tremenda p\u00e9rdida.<\/p>\n<p>No s\u00f3lo queremos recuperar la compensaci\u00f3n econ\u00f3mica que usted necesita y merece, sino que tambi\u00e9n queremos responsabilizar a aquellos por el dolor que han causado para desalentar tales acciones en el futuro.<\/p>\n<h2>Conozca sus derechos y opciones en una consulta gratuita<\/h2>\n<p>Nuestros abogados pueden hablar con usted acerca de sus opciones e informarle de sus derechos. Si usted o un ser querido ha sido lesionado en un accidente o usted est\u00e1 de duelo por la p\u00e9rdida de un ser querido, llegar a nuestro bufete de abogados llamando al <a role=\"link\" href=\"tel:+1-818-992-2919\" data-wpel-link=\"internal\">818-992-2919<\/a> o rellenando nuestro formulario de contacto en l\u00ednea.<\/p>","protected":false},"excerpt":{"rendered":"<p>Woodland Hills Freeway Accident Attorney At Freeman &amp; Freeman, LLP, we are available to assist you if you are one of the many people who have been involved in a freeway crash. Whether in a fender-bender at low speeds or a multi-car catastrophe, we have the legal experience and resources you need for the pursuit &hellip; <\/p>\n<p class=\"link-more\"><a href=\"https:\/\/freeman-freeman.com\/es\/woodland-hills-freeway-accident-lawyer\/\" class=\"more-link\">Seguir leyendo<span class=\"screen-reader-text\"> &#8220;Woodland Hills Freeway Accident Lawyer&#8221;<\/span><\/a><\/p>","protected":false},"author":1,"featured_media":0,"parent":0,"menu_order":0,"comment_status":"closed","ping_status":"closed","template":"","meta":{"_acf_changed":false,"footnotes":""},"class_list":["post-1236","page","type-page","status-publish","hentry","entry"],"acf":[],"yoast_head":"<!-- This site is optimized with the Yoast SEO plugin v27.5 - https:\/\/yoast.com\/product\/yoast-seo-wordpress\/ -->\n<title>Woodland Hills Freeway Accident Lawyer - Free Consultation<\/title>\n<meta name=\"description\" content=\"Looking for Woodland Hills freeway accident lawyer? Turn to Freeman &amp; Freeman, LLP for expert legal assistance. Schedule your free consultation today!\" \/>\n<meta name=\"robots\" content=\"index, follow, max-snippet:-1, max-image-preview:large, max-video-preview:-1\" \/>\n<link rel=\"canonical\" href=\"https:\/\/freeman-freeman.com\/es\/woodland-hills-freeway-accidente-abogado\/\" \/>\n<meta property=\"og:locale\" content=\"es_MX\" \/>\n<meta property=\"og:type\" content=\"article\" \/>\n<meta property=\"og:title\" content=\"Woodland Hills Freeway Accident Lawyer - Free Consultation\" \/>\n<meta property=\"og:description\" content=\"Looking for Woodland Hills freeway accident lawyer? Turn to Freeman &amp; Freeman, LLP for expert legal assistance. Schedule your free consultation today!\" \/>\n<meta property=\"og:url\" content=\"https:\/\/freeman-freeman.com\/es\/woodland-hills-freeway-accidente-abogado\/\" \/>\n<meta property=\"og:site_name\" content=\"Freeman &amp; Freeman, LLP\" \/>\n<meta property=\"article:publisher\" content=\"https:\/\/www.facebook.com\/FreemanFreemanLaw\" \/>\n<meta property=\"article:modified_time\" content=\"2024-02-07T15:08:57+00:00\" \/>\n<meta property=\"og:image\" content=\"https:\/\/freeman-freeman.com\/wp-content\/uploads\/2023\/11\/i-prac-freewayaccidents.webp\" \/>\n<meta name=\"twitter:card\" content=\"summary_large_image\" \/>\n<meta name=\"twitter:site\" content=\"@FreemanFreeman1\" \/>\n<meta name=\"twitter:label1\" content=\"Tiempo de lectura\" \/>\n\t<meta name=\"twitter:data1\" content=\"3 minutos\" \/>\n<script type=\"application\/ld+json\" class=\"yoast-schema-graph\">{\"@context\":\"https:\\\/\\\/schema.org\",\"@graph\":[{\"@type\":\"WebPage\",\"@id\":\"https:\\\/\\\/freeman-freeman.com\\\/woodland-hills-freeway-accident-lawyer\\\/\",\"url\":\"https:\\\/\\\/freeman-freeman.com\\\/woodland-hills-freeway-accident-lawyer\\\/\",\"name\":\"Woodland Hills Freeway Accident Lawyer - Free Consultation\",\"isPartOf\":{\"@id\":\"https:\\\/\\\/freeman-freeman.com\\\/#website\"},\"primaryImageOfPage\":{\"@id\":\"https:\\\/\\\/freeman-freeman.com\\\/woodland-hills-freeway-accident-lawyer\\\/#primaryimage\"},\"image\":{\"@id\":\"https:\\\/\\\/freeman-freeman.com\\\/woodland-hills-freeway-accident-lawyer\\\/#primaryimage\"},\"thumbnailUrl\":\"https:\\\/\\\/freeman-freeman.com\\\/wp-content\\\/uploads\\\/2023\\\/11\\\/i-prac-freewayaccidents.webp\",\"datePublished\":\"2023-11-28T09:19:04+00:00\",\"dateModified\":\"2024-02-07T15:08:57+00:00\",\"description\":\"Looking for Woodland Hills freeway accident lawyer? Turn to Freeman & Freeman, LLP for expert legal assistance. Schedule your free consultation today!\",\"inLanguage\":\"es\",\"potentialAction\":[{\"@type\":\"ReadAction\",\"target\":[\"https:\\\/\\\/freeman-freeman.com\\\/woodland-hills-freeway-accident-lawyer\\\/\"]}]},{\"@type\":\"ImageObject\",\"inLanguage\":\"es\",\"@id\":\"https:\\\/\\\/freeman-freeman.com\\\/woodland-hills-freeway-accident-lawyer\\\/#primaryimage\",\"url\":\"https:\\\/\\\/freeman-freeman.com\\\/wp-content\\\/uploads\\\/2023\\\/11\\\/i-prac-freewayaccidents.webp\",\"contentUrl\":\"https:\\\/\\\/freeman-freeman.com\\\/wp-content\\\/uploads\\\/2023\\\/11\\\/i-prac-freewayaccidents.webp\"},{\"@type\":\"WebSite\",\"@id\":\"https:\\\/\\\/freeman-freeman.com\\\/#website\",\"url\":\"https:\\\/\\\/freeman-freeman.com\\\/\",\"name\":\"Freeman &amp; Freeman, LLP\",\"description\":\"\",\"publisher\":{\"@id\":\"https:\\\/\\\/freeman-freeman.com\\\/#organization\"},\"potentialAction\":[{\"@type\":\"SearchAction\",\"target\":{\"@type\":\"EntryPoint\",\"urlTemplate\":\"https:\\\/\\\/freeman-freeman.com\\\/?s={search_term_string}\"},\"query-input\":{\"@type\":\"PropertyValueSpecification\",\"valueRequired\":true,\"valueName\":\"search_term_string\"}}],\"inLanguage\":\"es\"},{\"@type\":\"Organization\",\"@id\":\"https:\\\/\\\/freeman-freeman.com\\\/#organization\",\"name\":\"Freeman & Freeman, LLP\",\"url\":\"https:\\\/\\\/freeman-freeman.com\\\/\",\"logo\":{\"@type\":\"ImageObject\",\"inLanguage\":\"es\",\"@id\":\"https:\\\/\\\/freeman-freeman.com\\\/#\\\/schema\\\/logo\\\/image\\\/\",\"url\":\"https:\\\/\\\/freeman-freeman.com\\\/wp-content\\\/uploads\\\/2024\\\/01\\\/logo.jpg\",\"contentUrl\":\"https:\\\/\\\/freeman-freeman.com\\\/wp-content\\\/uploads\\\/2024\\\/01\\\/logo.jpg\",\"width\":674,\"height\":104,\"caption\":\"Freeman & Freeman, LLP\"},\"image\":{\"@id\":\"https:\\\/\\\/freeman-freeman.com\\\/#\\\/schema\\\/logo\\\/image\\\/\"},\"sameAs\":[\"https:\\\/\\\/www.facebook.com\\\/FreemanFreemanLaw\",\"https:\\\/\\\/x.com\\\/FreemanFreeman1\",\"https:\\\/\\\/www.linkedin.com\\\/company\\\/freeman-freeman-llp\"]}]}<\/script>\n<!-- \/ Yoast SEO plugin. -->","yoast_head_json":{"title":"Woodland Hills Abogado de Accidente de Autopista - Consulta Gratis","description":"\u00bfBusca un abogado de accidente de autopista Woodland Hills? A su vez a Freeman y Freeman, LLP para la asistencia jur\u00eddica de expertos. \u00a1Programe su consulta gratis hoy!","robots":{"index":"index","follow":"follow","max-snippet":"max-snippet:-1","max-image-preview":"max-image-preview:large","max-video-preview":"max-video-preview:-1"},"canonical":"https:\/\/freeman-freeman.com\/es\/woodland-hills-freeway-accidente-abogado\/","og_locale":"es_MX","og_type":"article","og_title":"Woodland Hills Freeway Accident Lawyer - Free Consultation","og_description":"Looking for Woodland Hills freeway accident lawyer? Turn to Freeman & Freeman, LLP for expert legal assistance. Schedule your free consultation today!","og_url":"https:\/\/freeman-freeman.com\/es\/woodland-hills-freeway-accidente-abogado\/","og_site_name":"Freeman &amp; Freeman, LLP","article_publisher":"https:\/\/www.facebook.com\/FreemanFreemanLaw","article_modified_time":"2024-02-07T15:08:57+00:00","og_image":[{"url":"https:\/\/freeman-freeman.com\/wp-content\/uploads\/2023\/11\/i-prac-freewayaccidents.webp","type":"","width":"","height":""}],"twitter_card":"summary_large_image","twitter_site":"@FreemanFreeman1","twitter_misc":{"Tiempo de lectura":"3 minutos"},"schema":{"@context":"https:\/\/schema.org","@graph":[{"@type":"WebPage","@id":"https:\/\/freeman-freeman.com\/woodland-hills-freeway-accident-lawyer\/","url":"https:\/\/freeman-freeman.com\/woodland-hills-freeway-accident-lawyer\/","name":"Woodland Hills Abogado de Accidente de Autopista - Consulta Gratis","isPartOf":{"@id":"https:\/\/freeman-freeman.com\/#website"},"primaryImageOfPage":{"@id":"https:\/\/freeman-freeman.com\/woodland-hills-freeway-accident-lawyer\/#primaryimage"},"image":{"@id":"https:\/\/freeman-freeman.com\/woodland-hills-freeway-accident-lawyer\/#primaryimage"},"thumbnailUrl":"https:\/\/freeman-freeman.com\/wp-content\/uploads\/2023\/11\/i-prac-freewayaccidents.webp","datePublished":"2023-11-28T09:19:04+00:00","dateModified":"2024-02-07T15:08:57+00:00","description":"\u00bfBusca un abogado de accidente de autopista Woodland Hills? A su vez a Freeman y Freeman, LLP para la asistencia jur\u00eddica de expertos. \u00a1Programe su consulta gratis hoy!","inLanguage":"es","potentialAction":[{"@type":"ReadAction","target":["https:\/\/freeman-freeman.com\/woodland-hills-freeway-accident-lawyer\/"]}]},{"@type":"ImageObject","inLanguage":"es","@id":"https:\/\/freeman-freeman.com\/woodland-hills-freeway-accident-lawyer\/#primaryimage","url":"https:\/\/freeman-freeman.com\/wp-content\/uploads\/2023\/11\/i-prac-freewayaccidents.webp","contentUrl":"https:\/\/freeman-freeman.com\/wp-content\/uploads\/2023\/11\/i-prac-freewayaccidents.webp"},{"@type":"WebSite","@id":"https:\/\/freeman-freeman.com\/#website","url":"https:\/\/freeman-freeman.com\/","name":"Freeman &amp; Freeman, LLP","description":"","publisher":{"@id":"https:\/\/freeman-freeman.com\/#organization"},"potentialAction":[{"@type":"SearchAction","target":{"@type":"EntryPoint","urlTemplate":"https:\/\/freeman-freeman.com\/?s={search_term_string}"},"query-input":{"@type":"PropertyValueSpecification","valueRequired":true,"valueName":"search_term_string"}}],"inLanguage":"es"},{"@type":"Organization","@id":"https:\/\/freeman-freeman.com\/#organization","name":"Freeman &amp; Freeman, LLP","url":"https:\/\/freeman-freeman.com\/","logo":{"@type":"ImageObject","inLanguage":"es","@id":"https:\/\/freeman-freeman.com\/#\/schema\/logo\/image\/","url":"https:\/\/freeman-freeman.com\/wp-content\/uploads\/2024\/01\/logo.jpg","contentUrl":"https:\/\/freeman-freeman.com\/wp-content\/uploads\/2024\/01\/logo.jpg","width":674,"height":104,"caption":"Freeman & Freeman, LLP"},"image":{"@id":"https:\/\/freeman-freeman.com\/#\/schema\/logo\/image\/"},"sameAs":["https:\/\/www.facebook.com\/FreemanFreemanLaw","https:\/\/x.com\/FreemanFreeman1","https:\/\/www.linkedin.com\/company\/freeman-freeman-llp"]}]}},"_links":{"self":[{"href":"https:\/\/freeman-freeman.com\/es\/wp-json\/wp\/v2\/pages\/1236","targetHints":{"allow":["GET"]}}],"collection":[{"href":"https:\/\/freeman-freeman.com\/es\/wp-json\/wp\/v2\/pages"}],"about":[{"href":"https:\/\/freeman-freeman.com\/es\/wp-json\/wp\/v2\/types\/page"}],"author":[{"embeddable":true,"href":"https:\/\/freeman-freeman.com\/es\/wp-json\/wp\/v2\/users\/1"}],"replies":[{"embeddable":true,"href":"https:\/\/freeman-freeman.com\/es\/wp-json\/wp\/v2\/comments?post=1236"}],"version-history":[{"count":3,"href":"https:\/\/freeman-freeman.com\/es\/wp-json\/wp\/v2\/pages\/1236\/revisions"}],"predecessor-version":[{"id":2029,"href":"https:\/\/freeman-freeman.com\/es\/wp-json\/wp\/v2\/pages\/1236\/revisions\/2029"}],"wp:attachment":[{"href":"https:\/\/freeman-freeman.com\/es\/wp-json\/wp\/v2\/media?parent=1236"}],"curies":[{"name":"wp","href":"https:\/\/api.w.org\/{rel}","templated":true}]}}