{"id":1241,"date":"2023-11-28T09:24:39","date_gmt":"2023-11-28T09:24:39","guid":{"rendered":"https:\/\/freeman-freeman.com\/?page_id=1241"},"modified":"2024-02-07T15:05:31","modified_gmt":"2024-02-07T15:05:31","slug":"woodland-hills-hit-and-run-accidente-abogado","status":"publish","type":"page","link":"https:\/\/freeman-freeman.com\/es\/woodland-hills-hit-and-run-accident-lawyer\/","title":{"rendered":"Woodland Hills Abogado de Accidente de Atropello y Fuga"},"content":{"rendered":"<h2><span data-sheets-root=\"1\" data-sheets-value=\"{&quot;1&quot;:2,&quot;2&quot;:&quot;Woodland Hills Hit and Run Accident Lawyer&quot;}\" data-sheets-userformat=\"{&quot;2&quot;:15105,&quot;3&quot;:{&quot;1&quot;:0},&quot;11&quot;:0,&quot;12&quot;:0,&quot;14&quot;:{&quot;1&quot;:2,&quot;2&quot;:0},&quot;15&quot;:&quot;Calibri&quot;,&quot;16&quot;:11}\">Woodland Hills Atropello y Fuga Abogado de Accidente<\/span><\/h2>\n<p><img loading=\"lazy\" decoding=\"async\" class=\"aligncenter wp-image-1243 size-full\" title=\"Woodland Hills Abogado de Accidente de Atropello y Fuga\" src=\"https:\/\/freeman-freeman.com\/wp-content\/uploads\/2023\/11\/i-prac-hitandrun.webp\" alt=\"Woodland Hills Abogado de Accidente de Atropello y Fuga\" width=\"325\" height=\"204\" srcset=\"https:\/\/freeman-freeman.com\/wp-content\/uploads\/2023\/11\/i-prac-hitandrun.webp 325w, https:\/\/freeman-freeman.com\/wp-content\/uploads\/2023\/11\/i-prac-hitandrun-300x188.webp 300w\" sizes=\"auto, (max-width: 325px) 100vw, 325px\" \/><\/p>\n<h2>\u00bfHerido en un accidente con fuga en Woodland Hills?<\/h2>\n<p>Nuestros abogados est\u00e1n disponibles para representar sus mejores intereses si usted o un miembro de su familia ha sido lesionado por un conductor que se dio a la fuga. Llame a Freeman &amp; Freeman, LLP, al <a role=\"link\" href=\"tel:+1-818-992-2919\" data-wpel-link=\"internal\">818-992-2919<\/a> para una consulta gratuita con abogados respetados, altamente eficaces y experimentados.<\/p>\n<p>Estos casos pueden ser extremadamente complejos y legalmente desafiantes porque su propia compa\u00f1\u00eda de seguros puede tener que asumir el papel de la compa\u00f1\u00eda de seguros del otro conductor debido al aspecto de motorista sin seguro de su caso.<\/p>\n<p>En un atropello con fuga, el conductor que se da a la fuga, b\u00e1sicamente, es lo mismo que un conductor que no tiene seguro. Su propia compa\u00f1\u00eda de seguros puede tener que pagar en un siniestro que, en otras circunstancias, pagar\u00eda otra compa\u00f1\u00eda de seguros.<\/p>\n<p>A las compa\u00f1\u00edas de seguros no les gusta pagar una reclamaci\u00f3n a sus propios asegurados m\u00e1s de lo que les gusta pagar a cualquier otra persona. Es por eso que los abogados agresivos y conocedores de accidentes de atropello y fuga de Los \u00c1ngeles son esenciales.<\/p>\n<p>Necesitar\u00e1 una representaci\u00f3n agresiva si debe presentar una reclamaci\u00f3n contra su compa\u00f1\u00eda de seguros. Si su compa\u00f1\u00eda de seguros se niega a pagar o retrasa su reclamo, puede necesitar especialmente abogados de accidentes de atropello y fuga en Woodland Hills para obligar a la compa\u00f1\u00eda de seguros a hacer lo correcto.<\/p>\n<p>Debido a nuestra experiencia y \u00e9xito, Freeman &amp; Freeman, LLP se ha ganado la reputaci\u00f3n de luchar para obtener grandes acuerdos y veredictos para las v\u00edctimas de accidentes de atropello y fuga. Somos receptivos y comprometidos con su caso. Tambi\u00e9n le ayudaremos a recibir la atenci\u00f3n m\u00e9dica adecuada y seremos implacables en nuestro apoyo a sus mejores intereses.<\/p>\n<h2>Experiencia en la que puede confiar cuando no tiene a qui\u00e9n recurrir<\/h2>\n<p>Muchas personas resultan heridas o mueren cada a\u00f1o en accidentes automovil\u00edsticos de atropello y fuga. Cuando su demanda por lesiones personales o muerte injusta involucra a un conductor que se dio a la fuga, es importante contratar a un abogado con experiencia para representar sus intereses. Ah\u00ed es donde podemos ayudarle. P\u00f3ngase en contacto con nosotros lo antes posible para una consulta gratuita. Empezaremos a investigar su caso inmediatamente.<\/p>\n<p>Representamos a clientes involucrados en accidentes de atropello y fuga que implican:<\/p>\n<ul>\n<li>Accidentes de tr\u00e1fico<\/li>\n<li>Accidentes de moto<\/li>\n<li>Accidentes de camiones y veh\u00edculos industriales<\/li>\n<li>Accidentes de peatones y ciclistas<\/li>\n<\/ul>\n<p>Nuestros abogados de atropello y fuga de Woodland Hills manejan todos los aspectos de su reclamo. Desde la realizaci\u00f3n de una investigaci\u00f3n inicial y ayudarle con su reclamaci\u00f3n de da\u00f1os a la propiedad, a trav\u00e9s de la negociaci\u00f3n con la compa\u00f1\u00eda de seguros y tratar su caso en la corte, si es necesario.<\/p>\n<h2>Abogados expertos en accidentes con atropello y fuga en su esquina<\/h2>\n<p>Llame a <a role=\"link\" href=\"tel:+1-818-992-2919\" data-wpel-link=\"internal\">818-992-2919<\/a> o rellene nuestro <a role=\"link\" href=\"https:\/\/freeman-freeman.com\/es\/pongase-en-contacto-con\/\" data-wpel-link=\"internal\">formulario de admisi\u00f3n en l\u00ednea<\/a> para programar su consulta inicial gratuita en nuestra oficina de Woodland Hills. Representamos a v\u00edctimas de accidentes de atropello y fuga en todo California.<\/p>","protected":false},"excerpt":{"rendered":"<p>Woodland Hills Hit and Run Accident Attorney Injured In A Hit-And-Run Accident In Woodland Hills? Our lawyers are available to represent your best interests if you or a member of your family has been injured by a hit-and-run driver. Call Freeman &amp; Freeman, LLP, at 818-992-2919 for a free consultation with well respected, highly effective &hellip; <\/p>\n<p class=\"link-more\"><a href=\"https:\/\/freeman-freeman.com\/es\/woodland-hills-hit-and-run-accident-lawyer\/\" class=\"more-link\">Seguir leyendo<span class=\"screen-reader-text\"> &#8220;Woodland Hills Hit and Run Accident Lawyer&#8221;<\/span><\/a><\/p>","protected":false},"author":1,"featured_media":0,"parent":0,"menu_order":0,"comment_status":"closed","ping_status":"closed","template":"","meta":{"_acf_changed":false,"footnotes":""},"class_list":["post-1241","page","type-page","status-publish","hentry","entry"],"acf":[],"yoast_head":"<!-- This site is optimized with the Yoast SEO plugin v27.5 - https:\/\/yoast.com\/product\/yoast-seo-wordpress\/ -->\n<title>Woodland Hills Hit and Run Accident Lawyer - Free Consult<\/title>\n<meta name=\"description\" content=\"Victim of a hit-and-run accident? Freeman &amp; Freeman, LLP, your trusted Woodland Hills hit-and-run accident lawyers are here to assist you!\" \/>\n<meta name=\"robots\" content=\"index, follow, max-snippet:-1, max-image-preview:large, max-video-preview:-1\" \/>\n<link rel=\"canonical\" href=\"https:\/\/freeman-freeman.com\/es\/woodland-hills-hit-and-run-accidente-abogado\/\" \/>\n<meta property=\"og:locale\" content=\"es_MX\" \/>\n<meta property=\"og:type\" content=\"article\" \/>\n<meta property=\"og:title\" content=\"Woodland Hills Hit and Run Accident Lawyer - Free Consult\" \/>\n<meta property=\"og:description\" content=\"Victim of a hit-and-run accident? Freeman &amp; Freeman, LLP, your trusted Woodland Hills hit-and-run accident lawyers are here to assist you!\" \/>\n<meta property=\"og:url\" content=\"https:\/\/freeman-freeman.com\/es\/woodland-hills-hit-and-run-accidente-abogado\/\" \/>\n<meta property=\"og:site_name\" content=\"Freeman &amp; Freeman, LLP\" \/>\n<meta property=\"article:publisher\" content=\"https:\/\/www.facebook.com\/FreemanFreemanLaw\" \/>\n<meta property=\"article:modified_time\" content=\"2024-02-07T15:05:31+00:00\" \/>\n<meta property=\"og:image\" content=\"https:\/\/freeman-freeman.com\/wp-content\/uploads\/2023\/11\/i-prac-hitandrun.webp\" \/>\n<meta name=\"twitter:card\" content=\"summary_large_image\" \/>\n<meta name=\"twitter:site\" content=\"@FreemanFreeman1\" \/>\n<meta name=\"twitter:label1\" content=\"Tiempo de lectura\" \/>\n\t<meta name=\"twitter:data1\" content=\"3 minutos\" \/>\n<script type=\"application\/ld+json\" class=\"yoast-schema-graph\">{\"@context\":\"https:\\\/\\\/schema.org\",\"@graph\":[{\"@type\":\"WebPage\",\"@id\":\"https:\\\/\\\/freeman-freeman.com\\\/woodland-hills-hit-and-run-accident-lawyer\\\/\",\"url\":\"https:\\\/\\\/freeman-freeman.com\\\/woodland-hills-hit-and-run-accident-lawyer\\\/\",\"name\":\"Woodland Hills Hit and Run Accident Lawyer - Free Consult\",\"isPartOf\":{\"@id\":\"https:\\\/\\\/freeman-freeman.com\\\/#website\"},\"primaryImageOfPage\":{\"@id\":\"https:\\\/\\\/freeman-freeman.com\\\/woodland-hills-hit-and-run-accident-lawyer\\\/#primaryimage\"},\"image\":{\"@id\":\"https:\\\/\\\/freeman-freeman.com\\\/woodland-hills-hit-and-run-accident-lawyer\\\/#primaryimage\"},\"thumbnailUrl\":\"https:\\\/\\\/freeman-freeman.com\\\/wp-content\\\/uploads\\\/2023\\\/11\\\/i-prac-hitandrun.webp\",\"datePublished\":\"2023-11-28T09:24:39+00:00\",\"dateModified\":\"2024-02-07T15:05:31+00:00\",\"description\":\"Victim of a hit-and-run accident? Freeman & Freeman, LLP, your trusted Woodland Hills hit-and-run accident lawyers are here to assist you!\",\"inLanguage\":\"es\",\"potentialAction\":[{\"@type\":\"ReadAction\",\"target\":[\"https:\\\/\\\/freeman-freeman.com\\\/woodland-hills-hit-and-run-accident-lawyer\\\/\"]}]},{\"@type\":\"ImageObject\",\"inLanguage\":\"es\",\"@id\":\"https:\\\/\\\/freeman-freeman.com\\\/woodland-hills-hit-and-run-accident-lawyer\\\/#primaryimage\",\"url\":\"https:\\\/\\\/freeman-freeman.com\\\/wp-content\\\/uploads\\\/2023\\\/11\\\/i-prac-hitandrun.webp\",\"contentUrl\":\"https:\\\/\\\/freeman-freeman.com\\\/wp-content\\\/uploads\\\/2023\\\/11\\\/i-prac-hitandrun.webp\"},{\"@type\":\"WebSite\",\"@id\":\"https:\\\/\\\/freeman-freeman.com\\\/#website\",\"url\":\"https:\\\/\\\/freeman-freeman.com\\\/\",\"name\":\"Freeman &amp; Freeman, LLP\",\"description\":\"\",\"publisher\":{\"@id\":\"https:\\\/\\\/freeman-freeman.com\\\/#organization\"},\"potentialAction\":[{\"@type\":\"SearchAction\",\"target\":{\"@type\":\"EntryPoint\",\"urlTemplate\":\"https:\\\/\\\/freeman-freeman.com\\\/?s={search_term_string}\"},\"query-input\":{\"@type\":\"PropertyValueSpecification\",\"valueRequired\":true,\"valueName\":\"search_term_string\"}}],\"inLanguage\":\"es\"},{\"@type\":\"Organization\",\"@id\":\"https:\\\/\\\/freeman-freeman.com\\\/#organization\",\"name\":\"Freeman & Freeman, LLP\",\"url\":\"https:\\\/\\\/freeman-freeman.com\\\/\",\"logo\":{\"@type\":\"ImageObject\",\"inLanguage\":\"es\",\"@id\":\"https:\\\/\\\/freeman-freeman.com\\\/#\\\/schema\\\/logo\\\/image\\\/\",\"url\":\"https:\\\/\\\/freeman-freeman.com\\\/wp-content\\\/uploads\\\/2024\\\/01\\\/logo.jpg\",\"contentUrl\":\"https:\\\/\\\/freeman-freeman.com\\\/wp-content\\\/uploads\\\/2024\\\/01\\\/logo.jpg\",\"width\":674,\"height\":104,\"caption\":\"Freeman & Freeman, LLP\"},\"image\":{\"@id\":\"https:\\\/\\\/freeman-freeman.com\\\/#\\\/schema\\\/logo\\\/image\\\/\"},\"sameAs\":[\"https:\\\/\\\/www.facebook.com\\\/FreemanFreemanLaw\",\"https:\\\/\\\/x.com\\\/FreemanFreeman1\",\"https:\\\/\\\/www.linkedin.com\\\/company\\\/freeman-freeman-llp\"]}]}<\/script>\n<!-- \/ Yoast SEO plugin. -->","yoast_head_json":{"title":"Woodland Hills Abogado de Accidente de Atropello y Fuga - Consulta Gratis","description":"\u00bfV\u00edctima de un accidente de atropello y fuga? \u00a1Freeman &amp; Freeman, LLP, sus abogados de confianza en accidentes de atropello y fuga en Woodland Hills est\u00e1n aqu\u00ed para ayudarle!","robots":{"index":"index","follow":"follow","max-snippet":"max-snippet:-1","max-image-preview":"max-image-preview:large","max-video-preview":"max-video-preview:-1"},"canonical":"https:\/\/freeman-freeman.com\/es\/woodland-hills-hit-and-run-accidente-abogado\/","og_locale":"es_MX","og_type":"article","og_title":"Woodland Hills Hit and Run Accident Lawyer - Free Consult","og_description":"Victim of a hit-and-run accident? Freeman & Freeman, LLP, your trusted Woodland Hills hit-and-run accident lawyers are here to assist you!","og_url":"https:\/\/freeman-freeman.com\/es\/woodland-hills-hit-and-run-accidente-abogado\/","og_site_name":"Freeman &amp; Freeman, LLP","article_publisher":"https:\/\/www.facebook.com\/FreemanFreemanLaw","article_modified_time":"2024-02-07T15:05:31+00:00","og_image":[{"url":"https:\/\/freeman-freeman.com\/wp-content\/uploads\/2023\/11\/i-prac-hitandrun.webp","type":"","width":"","height":""}],"twitter_card":"summary_large_image","twitter_site":"@FreemanFreeman1","twitter_misc":{"Tiempo de lectura":"3 minutos"},"schema":{"@context":"https:\/\/schema.org","@graph":[{"@type":"WebPage","@id":"https:\/\/freeman-freeman.com\/woodland-hills-hit-and-run-accident-lawyer\/","url":"https:\/\/freeman-freeman.com\/woodland-hills-hit-and-run-accident-lawyer\/","name":"Woodland Hills Abogado de Accidente de Atropello y Fuga - Consulta Gratis","isPartOf":{"@id":"https:\/\/freeman-freeman.com\/#website"},"primaryImageOfPage":{"@id":"https:\/\/freeman-freeman.com\/woodland-hills-hit-and-run-accident-lawyer\/#primaryimage"},"image":{"@id":"https:\/\/freeman-freeman.com\/woodland-hills-hit-and-run-accident-lawyer\/#primaryimage"},"thumbnailUrl":"https:\/\/freeman-freeman.com\/wp-content\/uploads\/2023\/11\/i-prac-hitandrun.webp","datePublished":"2023-11-28T09:24:39+00:00","dateModified":"2024-02-07T15:05:31+00:00","description":"\u00bfV\u00edctima de un accidente de atropello y fuga? \u00a1Freeman &amp; Freeman, LLP, sus abogados de confianza en accidentes de atropello y fuga en Woodland Hills est\u00e1n aqu\u00ed para ayudarle!","inLanguage":"es","potentialAction":[{"@type":"ReadAction","target":["https:\/\/freeman-freeman.com\/woodland-hills-hit-and-run-accident-lawyer\/"]}]},{"@type":"ImageObject","inLanguage":"es","@id":"https:\/\/freeman-freeman.com\/woodland-hills-hit-and-run-accident-lawyer\/#primaryimage","url":"https:\/\/freeman-freeman.com\/wp-content\/uploads\/2023\/11\/i-prac-hitandrun.webp","contentUrl":"https:\/\/freeman-freeman.com\/wp-content\/uploads\/2023\/11\/i-prac-hitandrun.webp"},{"@type":"WebSite","@id":"https:\/\/freeman-freeman.com\/#website","url":"https:\/\/freeman-freeman.com\/","name":"Freeman &amp; Freeman, LLP","description":"","publisher":{"@id":"https:\/\/freeman-freeman.com\/#organization"},"potentialAction":[{"@type":"SearchAction","target":{"@type":"EntryPoint","urlTemplate":"https:\/\/freeman-freeman.com\/?s={search_term_string}"},"query-input":{"@type":"PropertyValueSpecification","valueRequired":true,"valueName":"search_term_string"}}],"inLanguage":"es"},{"@type":"Organization","@id":"https:\/\/freeman-freeman.com\/#organization","name":"Freeman &amp; Freeman, LLP","url":"https:\/\/freeman-freeman.com\/","logo":{"@type":"ImageObject","inLanguage":"es","@id":"https:\/\/freeman-freeman.com\/#\/schema\/logo\/image\/","url":"https:\/\/freeman-freeman.com\/wp-content\/uploads\/2024\/01\/logo.jpg","contentUrl":"https:\/\/freeman-freeman.com\/wp-content\/uploads\/2024\/01\/logo.jpg","width":674,"height":104,"caption":"Freeman & Freeman, LLP"},"image":{"@id":"https:\/\/freeman-freeman.com\/#\/schema\/logo\/image\/"},"sameAs":["https:\/\/www.facebook.com\/FreemanFreemanLaw","https:\/\/x.com\/FreemanFreeman1","https:\/\/www.linkedin.com\/company\/freeman-freeman-llp"]}]}},"_links":{"self":[{"href":"https:\/\/freeman-freeman.com\/es\/wp-json\/wp\/v2\/pages\/1241","targetHints":{"allow":["GET"]}}],"collection":[{"href":"https:\/\/freeman-freeman.com\/es\/wp-json\/wp\/v2\/pages"}],"about":[{"href":"https:\/\/freeman-freeman.com\/es\/wp-json\/wp\/v2\/types\/page"}],"author":[{"embeddable":true,"href":"https:\/\/freeman-freeman.com\/es\/wp-json\/wp\/v2\/users\/1"}],"replies":[{"embeddable":true,"href":"https:\/\/freeman-freeman.com\/es\/wp-json\/wp\/v2\/comments?post=1241"}],"version-history":[{"count":3,"href":"https:\/\/freeman-freeman.com\/es\/wp-json\/wp\/v2\/pages\/1241\/revisions"}],"predecessor-version":[{"id":2025,"href":"https:\/\/freeman-freeman.com\/es\/wp-json\/wp\/v2\/pages\/1241\/revisions\/2025"}],"wp:attachment":[{"href":"https:\/\/freeman-freeman.com\/es\/wp-json\/wp\/v2\/media?parent=1241"}],"curies":[{"name":"wp","href":"https:\/\/api.w.org\/{rel}","templated":true}]}}