{"id":1254,"date":"2023-11-28T09:32:26","date_gmt":"2023-11-28T09:32:26","guid":{"rendered":"https:\/\/freeman-freeman.com\/?page_id=1254"},"modified":"2024-02-07T15:01:37","modified_gmt":"2024-02-07T15:01:37","slug":"woodland-hills-giro-a-la-izquierda-abogado-de-accidente-de-auto","status":"publish","type":"page","link":"https:\/\/freeman-freeman.com\/es\/woodland-hills-left-turn-auto-accident-lawyer\/","title":{"rendered":"Woodland Hills Giro a la Izquierda Abogado de Accidente de Auto"},"content":{"rendered":"<h2><span data-sheets-root=\"1\" data-sheets-value=\"{&quot;1&quot;:2,&quot;2&quot;:&quot;Woodland Hills Left Turn Auto Accident Lawyer&quot;}\" data-sheets-userformat=\"{&quot;2&quot;:15105,&quot;3&quot;:{&quot;1&quot;:0},&quot;11&quot;:0,&quot;12&quot;:0,&quot;14&quot;:{&quot;1&quot;:2,&quot;2&quot;:0},&quot;15&quot;:&quot;Calibri&quot;,&quot;16&quot;:11}\">Woodland Hills Giro a la Izquierda Abogado de Accidente de Auto<\/span><\/h2>\n<p><img loading=\"lazy\" decoding=\"async\" class=\"aligncenter wp-image-1257 size-full\" title=\"Woodland Hills Giro a la Izquierda Abogado de Accidente de Auto\" src=\"https:\/\/freeman-freeman.com\/wp-content\/uploads\/2023\/11\/i-prac-leftturnaccidents.webp\" alt=\"Woodland Hills Giro a la Izquierda Abogado de Accidente de Auto\" width=\"325\" height=\"204\" srcset=\"https:\/\/freeman-freeman.com\/wp-content\/uploads\/2023\/11\/i-prac-leftturnaccidents.webp 325w, https:\/\/freeman-freeman.com\/wp-content\/uploads\/2023\/11\/i-prac-leftturnaccidents-300x188.webp 300w\" sizes=\"auto, (max-width: 325px) 100vw, 325px\" \/><\/p>\n<p>En la mayor\u00eda de los casos de accidentes de giro a la izquierda, la responsabilidad es muy clara, pero conseguir el pago de su reclamaci\u00f3n puede no ser tan f\u00e1cil como deber\u00eda ser. Adem\u00e1s, si su accidente ocurri\u00f3 con un conductor sin seguro o con seguro insuficiente, las complejidades de su caso pueden aumentar dram\u00e1ticamente.<\/p>\n<p>Adem\u00e1s, es posible que una compa\u00f1\u00eda de seguros no le ofrezca una indemnizaci\u00f3n justa por sus lesiones y salarios perdidos. Si alguien gir\u00f3 ilegalmente a la izquierda delante de usted, es posible que necesite una ayuda econ\u00f3mica importante para hacer frente a sus problemas.<\/p>\n<p>Si usted ha sido lesionado en un accidente de coche causado por un conductor haciendo un giro a la izquierda ilegal, podemos ayudarle a obtener la compensaci\u00f3n que necesita y merece. Buscaremos la m\u00e1xima indemnizaci\u00f3n por facturas m\u00e9dicas, salarios perdidos, dolor y sufrimiento, y otras p\u00e9rdidas.<\/p>\n<p>Tenemos d\u00e9cadas de experiencia representando a clientes con lesiones por accidentes automovil\u00edsticos. Hemos tenido mucho \u00e9xito y sabemos c\u00f3mo obtener la compensaci\u00f3n que le corresponde. Durante m\u00e1s de cuatro d\u00e9cadas hemos estado del lado de las v\u00edctimas de lesiones en el sur de California. Ll\u00e1menos para el aliado que usted necesita no importa el tipo de accidente que usted ha experimentado.<\/p>\n<h2>La asistencia jur\u00eddica que necesita tras accidentes causados por conductores precipitados, distra\u00eddos o imprudentes<\/h2>\n<p>El riesgo de sufrir un accidente en una carretera del sur es extremadamente alto. Por m\u00e1s de 40 a\u00f1os, hemos estado representando a personas que han sido da\u00f1adas como resultado de conductores apresurados, distra\u00eddos, o imprudentes a trav\u00e9s de Los \u00c1ngeles. Muchos de estos accidentes son causados cuando un conductor gira hacia el tr\u00e1fico que se aproxima, cambia bruscamente de direcci\u00f3n, o juzga mal la distancia entre ellos y otros coches.<\/p>\n<p>Cuando hay dos o m\u00e1s coches implicados, las lesiones y los da\u00f1os pueden ser muy graves. Cuando bicicletas, motocicletas o peatones est\u00e1n involucrados, la cat\u00e1strofe es casi siempre fatal. Sea cual sea la causa de su lesi\u00f3n, estamos preparados para ayudarle en estos momentos dif\u00edciles.<\/p>\n<p>Tambi\u00e9n hemos representado a innumerables familias que han sufrido la p\u00e9rdida definitiva. Llame a nuestros abogados si usted ha sufrido una lesi\u00f3n grave o est\u00e1 de luto por la muerte injusta de un ser querido.<\/p>\n<h2>Ponga la experiencia y la dedicaci\u00f3n de su lado<\/h2>\n<p>Cada uno de nuestros abogados trabaja agresivamente para proteger sus derechos en las interacciones con las compa\u00f1\u00edas de seguros. Sabemos que las compa\u00f1\u00edas de seguros - incluso su propia compa\u00f1\u00eda de seguros - se fijan en el objetivo final de resolver su reclamo por lo menos posible.<\/p>\n<p>Con un veterano abogado de lesiones personales de su lado, usted puede sentirse seguro de que se obtendr\u00e1 una compensaci\u00f3n justa por sus p\u00e9rdidas. Asumimos este compromiso con cada cliente, tanto si ha sufrido una lesi\u00f3n cerebral o medular, como si ha perdido a un ser querido en un accidente mortal.<\/p>\n<h2>Protecci\u00f3n de sus intereses e indemnizaci\u00f3n<\/h2>\n<p>P\u00f3ngase en contacto con nuestra oficina de Woodland Hills hoy para concertar su consulta inicial gratuita. Llame a <a role=\"link\" href=\"tel:+1-818-992-2919\" data-wpel-link=\"internal\">818-992-2919<\/a> o <a role=\"link\" href=\"https:\/\/freeman-freeman.com\/es\/pongase-en-contacto-con\/\" data-wpel-link=\"internal\">rellene nuestro formulario en l\u00ednea<\/a>.<\/p>","protected":false},"excerpt":{"rendered":"<p>Woodland Hills Left Turn Auto Accident Attorney In most left-turn accident cases, liability is very clear but getting paid on your claim may not be as easy as it should be. Furthermore, if your accident occurred with an uninsured or underinsured driver, the complexities of your case may increase dramatically. Also, an insurance company may &hellip; <\/p>\n<p class=\"link-more\"><a href=\"https:\/\/freeman-freeman.com\/es\/woodland-hills-left-turn-auto-accident-lawyer\/\" class=\"more-link\">Seguir leyendo<span class=\"screen-reader-text\"> &#8220;Woodland Hills Left Turn Auto Accident Lawyer&#8221;<\/span><\/a><\/p>","protected":false},"author":1,"featured_media":0,"parent":0,"menu_order":0,"comment_status":"closed","ping_status":"closed","template":"","meta":{"_acf_changed":false,"footnotes":""},"class_list":["post-1254","page","type-page","status-publish","hentry","entry"],"acf":[],"yoast_head":"<!-- This site is optimized with the Yoast SEO plugin v27.5 - https:\/\/yoast.com\/product\/yoast-seo-wordpress\/ -->\n<title>Woodland Hills Left Turn Auto Accident Lawyer - Free Consult<\/title>\n<meta name=\"description\" content=\"Facing a left turn auto accident in Woodland Hills? Trust Freeman &amp; Freeman, LLP for expert legal assistance. Free consultation available!\" \/>\n<meta name=\"robots\" content=\"index, follow, max-snippet:-1, max-image-preview:large, max-video-preview:-1\" \/>\n<link rel=\"canonical\" href=\"https:\/\/freeman-freeman.com\/es\/woodland-hills-giro-a-la-izquierda-abogado-de-accidente-de-auto\/\" \/>\n<meta property=\"og:locale\" content=\"es_MX\" \/>\n<meta property=\"og:type\" content=\"article\" \/>\n<meta property=\"og:title\" content=\"Woodland Hills Left Turn Auto Accident Lawyer - Free Consult\" \/>\n<meta property=\"og:description\" content=\"Facing a left turn auto accident in Woodland Hills? Trust Freeman &amp; Freeman, LLP for expert legal assistance. Free consultation available!\" \/>\n<meta property=\"og:url\" content=\"https:\/\/freeman-freeman.com\/es\/woodland-hills-giro-a-la-izquierda-abogado-de-accidente-de-auto\/\" \/>\n<meta property=\"og:site_name\" content=\"Freeman &amp; Freeman, LLP\" \/>\n<meta property=\"article:publisher\" content=\"https:\/\/www.facebook.com\/FreemanFreemanLaw\" \/>\n<meta property=\"article:modified_time\" content=\"2024-02-07T15:01:37+00:00\" \/>\n<meta property=\"og:image\" content=\"https:\/\/freeman-freeman.com\/wp-content\/uploads\/2023\/11\/i-prac-leftturnaccidents.webp\" \/>\n<meta name=\"twitter:card\" content=\"summary_large_image\" \/>\n<meta name=\"twitter:site\" content=\"@FreemanFreeman1\" \/>\n<meta name=\"twitter:label1\" content=\"Tiempo de lectura\" \/>\n\t<meta name=\"twitter:data1\" content=\"3 minutos\" \/>\n<script type=\"application\/ld+json\" class=\"yoast-schema-graph\">{\"@context\":\"https:\\\/\\\/schema.org\",\"@graph\":[{\"@type\":\"WebPage\",\"@id\":\"https:\\\/\\\/freeman-freeman.com\\\/woodland-hills-left-turn-auto-accident-lawyer\\\/\",\"url\":\"https:\\\/\\\/freeman-freeman.com\\\/woodland-hills-left-turn-auto-accident-lawyer\\\/\",\"name\":\"Woodland Hills Left Turn Auto Accident Lawyer - Free Consult\",\"isPartOf\":{\"@id\":\"https:\\\/\\\/freeman-freeman.com\\\/#website\"},\"primaryImageOfPage\":{\"@id\":\"https:\\\/\\\/freeman-freeman.com\\\/woodland-hills-left-turn-auto-accident-lawyer\\\/#primaryimage\"},\"image\":{\"@id\":\"https:\\\/\\\/freeman-freeman.com\\\/woodland-hills-left-turn-auto-accident-lawyer\\\/#primaryimage\"},\"thumbnailUrl\":\"https:\\\/\\\/freeman-freeman.com\\\/wp-content\\\/uploads\\\/2023\\\/11\\\/i-prac-leftturnaccidents.webp\",\"datePublished\":\"2023-11-28T09:32:26+00:00\",\"dateModified\":\"2024-02-07T15:01:37+00:00\",\"description\":\"Facing a left turn auto accident in Woodland Hills? Trust Freeman & Freeman, LLP for expert legal assistance. Free consultation available!\",\"inLanguage\":\"es\",\"potentialAction\":[{\"@type\":\"ReadAction\",\"target\":[\"https:\\\/\\\/freeman-freeman.com\\\/woodland-hills-left-turn-auto-accident-lawyer\\\/\"]}]},{\"@type\":\"ImageObject\",\"inLanguage\":\"es\",\"@id\":\"https:\\\/\\\/freeman-freeman.com\\\/woodland-hills-left-turn-auto-accident-lawyer\\\/#primaryimage\",\"url\":\"https:\\\/\\\/freeman-freeman.com\\\/wp-content\\\/uploads\\\/2023\\\/11\\\/i-prac-leftturnaccidents.webp\",\"contentUrl\":\"https:\\\/\\\/freeman-freeman.com\\\/wp-content\\\/uploads\\\/2023\\\/11\\\/i-prac-leftturnaccidents.webp\"},{\"@type\":\"WebSite\",\"@id\":\"https:\\\/\\\/freeman-freeman.com\\\/#website\",\"url\":\"https:\\\/\\\/freeman-freeman.com\\\/\",\"name\":\"Freeman &amp; Freeman, LLP\",\"description\":\"\",\"publisher\":{\"@id\":\"https:\\\/\\\/freeman-freeman.com\\\/#organization\"},\"potentialAction\":[{\"@type\":\"SearchAction\",\"target\":{\"@type\":\"EntryPoint\",\"urlTemplate\":\"https:\\\/\\\/freeman-freeman.com\\\/?s={search_term_string}\"},\"query-input\":{\"@type\":\"PropertyValueSpecification\",\"valueRequired\":true,\"valueName\":\"search_term_string\"}}],\"inLanguage\":\"es\"},{\"@type\":\"Organization\",\"@id\":\"https:\\\/\\\/freeman-freeman.com\\\/#organization\",\"name\":\"Freeman & Freeman, LLP\",\"url\":\"https:\\\/\\\/freeman-freeman.com\\\/\",\"logo\":{\"@type\":\"ImageObject\",\"inLanguage\":\"es\",\"@id\":\"https:\\\/\\\/freeman-freeman.com\\\/#\\\/schema\\\/logo\\\/image\\\/\",\"url\":\"https:\\\/\\\/freeman-freeman.com\\\/wp-content\\\/uploads\\\/2024\\\/01\\\/logo.jpg\",\"contentUrl\":\"https:\\\/\\\/freeman-freeman.com\\\/wp-content\\\/uploads\\\/2024\\\/01\\\/logo.jpg\",\"width\":674,\"height\":104,\"caption\":\"Freeman & Freeman, LLP\"},\"image\":{\"@id\":\"https:\\\/\\\/freeman-freeman.com\\\/#\\\/schema\\\/logo\\\/image\\\/\"},\"sameAs\":[\"https:\\\/\\\/www.facebook.com\\\/FreemanFreemanLaw\",\"https:\\\/\\\/x.com\\\/FreemanFreeman1\",\"https:\\\/\\\/www.linkedin.com\\\/company\\\/freeman-freeman-llp\"]}]}<\/script>\n<!-- \/ Yoast SEO plugin. -->","yoast_head_json":{"title":"Woodland Hills Left Turn Auto Accident Lawyer - Consulta Gratis","description":"\u00bfSe enfrenta a un accidente automovil\u00edstico de giro a la izquierda en Woodland Hills? Conf\u00ede en Freeman &amp; Freeman, LLP para asistencia legal experta. \u00a1Consulta gratuita disponible!","robots":{"index":"index","follow":"follow","max-snippet":"max-snippet:-1","max-image-preview":"max-image-preview:large","max-video-preview":"max-video-preview:-1"},"canonical":"https:\/\/freeman-freeman.com\/es\/woodland-hills-giro-a-la-izquierda-abogado-de-accidente-de-auto\/","og_locale":"es_MX","og_type":"article","og_title":"Woodland Hills Left Turn Auto Accident Lawyer - Free Consult","og_description":"Facing a left turn auto accident in Woodland Hills? Trust Freeman & Freeman, LLP for expert legal assistance. Free consultation available!","og_url":"https:\/\/freeman-freeman.com\/es\/woodland-hills-giro-a-la-izquierda-abogado-de-accidente-de-auto\/","og_site_name":"Freeman &amp; Freeman, LLP","article_publisher":"https:\/\/www.facebook.com\/FreemanFreemanLaw","article_modified_time":"2024-02-07T15:01:37+00:00","og_image":[{"url":"https:\/\/freeman-freeman.com\/wp-content\/uploads\/2023\/11\/i-prac-leftturnaccidents.webp","type":"","width":"","height":""}],"twitter_card":"summary_large_image","twitter_site":"@FreemanFreeman1","twitter_misc":{"Tiempo de lectura":"3 minutos"},"schema":{"@context":"https:\/\/schema.org","@graph":[{"@type":"WebPage","@id":"https:\/\/freeman-freeman.com\/woodland-hills-left-turn-auto-accident-lawyer\/","url":"https:\/\/freeman-freeman.com\/woodland-hills-left-turn-auto-accident-lawyer\/","name":"Woodland Hills Left Turn Auto Accident Lawyer - Consulta Gratis","isPartOf":{"@id":"https:\/\/freeman-freeman.com\/#website"},"primaryImageOfPage":{"@id":"https:\/\/freeman-freeman.com\/woodland-hills-left-turn-auto-accident-lawyer\/#primaryimage"},"image":{"@id":"https:\/\/freeman-freeman.com\/woodland-hills-left-turn-auto-accident-lawyer\/#primaryimage"},"thumbnailUrl":"https:\/\/freeman-freeman.com\/wp-content\/uploads\/2023\/11\/i-prac-leftturnaccidents.webp","datePublished":"2023-11-28T09:32:26+00:00","dateModified":"2024-02-07T15:01:37+00:00","description":"\u00bfSe enfrenta a un accidente automovil\u00edstico de giro a la izquierda en Woodland Hills? Conf\u00ede en Freeman &amp; Freeman, LLP para asistencia legal experta. \u00a1Consulta gratuita disponible!","inLanguage":"es","potentialAction":[{"@type":"ReadAction","target":["https:\/\/freeman-freeman.com\/woodland-hills-left-turn-auto-accident-lawyer\/"]}]},{"@type":"ImageObject","inLanguage":"es","@id":"https:\/\/freeman-freeman.com\/woodland-hills-left-turn-auto-accident-lawyer\/#primaryimage","url":"https:\/\/freeman-freeman.com\/wp-content\/uploads\/2023\/11\/i-prac-leftturnaccidents.webp","contentUrl":"https:\/\/freeman-freeman.com\/wp-content\/uploads\/2023\/11\/i-prac-leftturnaccidents.webp"},{"@type":"WebSite","@id":"https:\/\/freeman-freeman.com\/#website","url":"https:\/\/freeman-freeman.com\/","name":"Freeman &amp; Freeman, LLP","description":"","publisher":{"@id":"https:\/\/freeman-freeman.com\/#organization"},"potentialAction":[{"@type":"SearchAction","target":{"@type":"EntryPoint","urlTemplate":"https:\/\/freeman-freeman.com\/?s={search_term_string}"},"query-input":{"@type":"PropertyValueSpecification","valueRequired":true,"valueName":"search_term_string"}}],"inLanguage":"es"},{"@type":"Organization","@id":"https:\/\/freeman-freeman.com\/#organization","name":"Freeman &amp; Freeman, LLP","url":"https:\/\/freeman-freeman.com\/","logo":{"@type":"ImageObject","inLanguage":"es","@id":"https:\/\/freeman-freeman.com\/#\/schema\/logo\/image\/","url":"https:\/\/freeman-freeman.com\/wp-content\/uploads\/2024\/01\/logo.jpg","contentUrl":"https:\/\/freeman-freeman.com\/wp-content\/uploads\/2024\/01\/logo.jpg","width":674,"height":104,"caption":"Freeman & Freeman, LLP"},"image":{"@id":"https:\/\/freeman-freeman.com\/#\/schema\/logo\/image\/"},"sameAs":["https:\/\/www.facebook.com\/FreemanFreemanLaw","https:\/\/x.com\/FreemanFreeman1","https:\/\/www.linkedin.com\/company\/freeman-freeman-llp"]}]}},"_links":{"self":[{"href":"https:\/\/freeman-freeman.com\/es\/wp-json\/wp\/v2\/pages\/1254","targetHints":{"allow":["GET"]}}],"collection":[{"href":"https:\/\/freeman-freeman.com\/es\/wp-json\/wp\/v2\/pages"}],"about":[{"href":"https:\/\/freeman-freeman.com\/es\/wp-json\/wp\/v2\/types\/page"}],"author":[{"embeddable":true,"href":"https:\/\/freeman-freeman.com\/es\/wp-json\/wp\/v2\/users\/1"}],"replies":[{"embeddable":true,"href":"https:\/\/freeman-freeman.com\/es\/wp-json\/wp\/v2\/comments?post=1254"}],"version-history":[{"count":3,"href":"https:\/\/freeman-freeman.com\/es\/wp-json\/wp\/v2\/pages\/1254\/revisions"}],"predecessor-version":[{"id":2021,"href":"https:\/\/freeman-freeman.com\/es\/wp-json\/wp\/v2\/pages\/1254\/revisions\/2021"}],"wp:attachment":[{"href":"https:\/\/freeman-freeman.com\/es\/wp-json\/wp\/v2\/media?parent=1254"}],"curies":[{"name":"wp","href":"https:\/\/api.w.org\/{rel}","templated":true}]}}