{"id":1259,"date":"2023-11-28T09:37:00","date_gmt":"2023-11-28T09:37:00","guid":{"rendered":"https:\/\/freeman-freeman.com\/?page_id=1259"},"modified":"2024-02-09T09:25:35","modified_gmt":"2024-02-09T09:25:35","slug":"woodland-hills-latigazo-cervical-abogado-de-lesiones","status":"publish","type":"page","link":"https:\/\/freeman-freeman.com\/es\/woodland-hills-whiplash-injury-lawyer\/","title":{"rendered":"Woodland Hills Abogado de lesiones por latigazo cervical"},"content":{"rendered":"<h2><span data-sheets-root=\"1\" data-sheets-value=\"{&quot;1&quot;:2,&quot;2&quot;:&quot;Woodland Hills Whiplash Injury Lawyer&quot;}\" data-sheets-userformat=\"{&quot;2&quot;:15105,&quot;3&quot;:{&quot;1&quot;:0},&quot;11&quot;:0,&quot;12&quot;:0,&quot;14&quot;:{&quot;1&quot;:2,&quot;2&quot;:0},&quot;15&quot;:&quot;Calibri&quot;,&quot;16&quot;:11}\">Woodland Hills Abogado de lesiones por latigazo cervical<\/span><\/h2>\n<p><img loading=\"lazy\" decoding=\"async\" class=\"aligncenter wp-image-1264 size-full\" title=\"Woodland Hills Abogado de lesiones por latigazo cervical\" src=\"https:\/\/freeman-freeman.com\/wp-content\/uploads\/2023\/11\/i-prac-whiplashheadandback.webp\" alt=\"Woodland Hills Abogado de lesiones por latigazo cervical\" width=\"325\" height=\"204\" srcset=\"https:\/\/freeman-freeman.com\/wp-content\/uploads\/2023\/11\/i-prac-whiplashheadandback.webp 325w, https:\/\/freeman-freeman.com\/wp-content\/uploads\/2023\/11\/i-prac-whiplashheadandback-300x188.webp 300w\" sizes=\"auto, (max-width: 325px) 100vw, 325px\" \/><\/p>\n<p>Muchas personas subestiman el alcance total del dolor y el tratamiento m\u00e9dico que resultar\u00e1 de sufrir un latigazo cervical, la espalda o una lesi\u00f3n en el cuello. Muchas personas no saben qu\u00e9 hacer despu\u00e9s de sufrir una lesi\u00f3n de este tipo porque creen que su lesi\u00f3n es demasiado leve para justificar una demanda.<\/p>\n<p>Nuestros abogados de lesiones personales saben la verdad: el latigazo cervical y las lesiones de espalda y cabeza pueden persistir durante a\u00f1os y provocar graves dificultades. Aparte del dolor inmediato que puede remitir en unas semanas, una lesi\u00f3n de espalda o latigazo cervical puede seguir reagudiz\u00e1ndose y causar dolor para siempre. M\u00fasculos, discos, ligamentos e incluso la m\u00e9dula espinal suelen sufrir graves da\u00f1os.<\/p>\n<h2>Consulta gratuita con expertos<span data-sheets-root=\"1\" data-sheets-value=\"{&quot;1&quot;:2,&quot;2&quot;:&quot;Woodland Hills Whiplash Injury Lawyer&quot;}\" data-sheets-userformat=\"{&quot;2&quot;:15105,&quot;3&quot;:{&quot;1&quot;:0},&quot;11&quot;:0,&quot;12&quot;:0,&quot;14&quot;:{&quot;1&quot;:2,&quot;2&quot;:0},&quot;15&quot;:&quot;Calibri&quot;,&quot;16&quot;:11}\">\u00a0Abogado de lesiones por latigazo cervical<\/span><\/h2>\n<p>En Freeman y Freeman, LLP, no nos apresuramos a una soluci\u00f3n r\u00e1pida para el latigazo cervical y lesiones en la espalda si eso no dar\u00e1 lugar a una indemnizaci\u00f3n adecuada. Hasta que los expertos m\u00e9dicos son capaces de determinar el alcance total de sus lesiones, no vamos a tratar de resolver prematuramente su reclamo.<\/p>\n<p>Es posible que dependa de los da\u00f1os monetarios que reciba durante muchos a\u00f1os. Luchamos para ayudarle a obtener la cantidad m\u00e1xima a la que tiene derecho dado el alcance y la naturaleza de sus lesiones. Las lesiones de espalda y cuello deben tomarse en serio porque pueden afectar significativamente a la calidad de vida de la v\u00edctima. Si alguien es responsable de sus lesiones, debe rendir cuentas.<\/p>\n<p>Representamos a clientes que han sufrido latigazos cervicales y lesiones en la espalda como consecuencia de:<\/p>\n<ul>\n<li>Accidentes de tr\u00e1fico<\/li>\n<li>Accidentes de camiones<\/li>\n<li>Accidentes de moto<\/li>\n<li>Accidentes de peatones y ciclistas<\/li>\n<li>Accidentes por resbalones y ca\u00eddas<\/li>\n<\/ul>\n<p>Hay una gran variedad de formas en que se puede producir una lesi\u00f3n. Tenemos la experiencia en investigaci\u00f3n y las habilidades legales necesarias para litigar estos casos sin importar c\u00f3mo se caus\u00f3 la lesi\u00f3n. Y puesto que s\u00f3lo cobramos honorarios si ganamos su caso para usted, usted no tiene nada que perder llam\u00e1ndonos para una consulta gratuita. <a role=\"link\" href=\"https:\/\/freeman-freeman.com\/es\/blog\/como-presentar-una-demanda-por-latigazo-cervical-tras-un-accidente-de-trafico\/\" data-wpel-link=\"internal\">Si su caso tiene fundamento<\/a>Nuestros abogados ser\u00e1n sus defensores agresivos para obtener la compensaci\u00f3n que necesita y merece.<\/p>\n<h2>\u00bfQu\u00e9 hace Freeman &amp; Freeman, LLP la firma de lesiones personales para usted?<\/h2>\n<p>Limitamos el n\u00famero de casos que llevamos. Esto nos permite proporcionar una representaci\u00f3n legal integral a cada uno de nuestros clientes. Nuestros recursos son amplios y los utilizamos en beneficio de cada cliente.<\/p>\n<p>Nuestro objetivo no es tomar tantos casos como podamos y empujarlos a trav\u00e9s del sistema. Por el contrario, nos tomamos el tiempo necesario para escuchar las preocupaciones y objetivos de nuestros clientes. Basados en nuestro conocimiento, habilidad, experiencia y completa dedicaci\u00f3n, somos verdaderos defensores de sus derechos e intereses.<\/p>\n<p>Somos receptivos a las preocupaciones de su familia y le mantendremos informado de todos los acontecimientos relacionados con su caso.<\/p>\n<h2>Llame hoy para conocer sus opciones<\/h2>\n<p>Desde nuestras oficinas en Los \u00c1ngeles, representamos a las v\u00edctimas de latigazo cervical y lesiones en la espalda en todo California. P\u00f3ngase en contacto con Freeman &amp; Freeman, LLP, en <a role=\"link\" href=\"tel:+1-818-992-2919\" data-wpel-link=\"internal\">818-992-2919<\/a> o rellene <a role=\"link\" href=\"https:\/\/freeman-freeman.com\/es\/pongase-en-contacto-con\/\" data-wpel-link=\"internal\">este formulario de contacto en l\u00ednea<\/a> para concertar una consulta gratuita.<\/p>","protected":false},"excerpt":{"rendered":"<p>Woodland Hills Whiplash Injury Attorney Many people underestimate the full extent of pain and medical treatment that will result from suffering a whiplash, back or neck injury. Many people do not know what to do after suffering such an injury because they believe their injury is too minor to justify a lawsuit. Our personal injury &hellip; <\/p>\n<p class=\"link-more\"><a href=\"https:\/\/freeman-freeman.com\/es\/woodland-hills-whiplash-injury-lawyer\/\" class=\"more-link\">Seguir leyendo<span class=\"screen-reader-text\"> &#8220;Woodland Hills Whiplash Injury Lawyer&#8221;<\/span><\/a><\/p>","protected":false},"author":1,"featured_media":0,"parent":0,"menu_order":0,"comment_status":"closed","ping_status":"closed","template":"","meta":{"_acf_changed":false,"footnotes":""},"class_list":["post-1259","page","type-page","status-publish","hentry","entry"],"acf":[],"yoast_head":"<!-- This site is optimized with the Yoast SEO plugin v27.5 - https:\/\/yoast.com\/product\/yoast-seo-wordpress\/ -->\n<title>Woodland Hills Whiplash Injury Lawyer - Free Consultation<\/title>\n<meta name=\"description\" content=\"Suffering from whiplash in Woodland Hills? Get legal support from Freeman &amp; Freeman, LLP, your Woodland Hills whiplash injury lawyer. Call now!\" \/>\n<meta name=\"robots\" content=\"index, follow, max-snippet:-1, max-image-preview:large, max-video-preview:-1\" \/>\n<link rel=\"canonical\" href=\"https:\/\/freeman-freeman.com\/es\/woodland-hills-latigazo-cervical-abogado-de-lesiones\/\" \/>\n<meta property=\"og:locale\" content=\"es_MX\" \/>\n<meta property=\"og:type\" content=\"article\" \/>\n<meta property=\"og:title\" content=\"Woodland Hills Whiplash Injury Lawyer - Free Consultation\" \/>\n<meta property=\"og:description\" content=\"Suffering from whiplash in Woodland Hills? Get legal support from Freeman &amp; Freeman, LLP, your Woodland Hills whiplash injury lawyer. Call now!\" \/>\n<meta property=\"og:url\" content=\"https:\/\/freeman-freeman.com\/es\/woodland-hills-latigazo-cervical-abogado-de-lesiones\/\" \/>\n<meta property=\"og:site_name\" content=\"Freeman &amp; Freeman, LLP\" \/>\n<meta property=\"article:publisher\" content=\"https:\/\/www.facebook.com\/FreemanFreemanLaw\" \/>\n<meta property=\"article:modified_time\" content=\"2024-02-09T09:25:35+00:00\" \/>\n<meta property=\"og:image\" content=\"https:\/\/freeman-freeman.com\/wp-content\/uploads\/2023\/11\/i-prac-whiplashheadandback.webp\" \/>\n<meta name=\"twitter:card\" content=\"summary_large_image\" \/>\n<meta name=\"twitter:site\" content=\"@FreemanFreeman1\" \/>\n<meta name=\"twitter:label1\" content=\"Tiempo de lectura\" \/>\n\t<meta name=\"twitter:data1\" content=\"3 minutos\" \/>\n<script type=\"application\/ld+json\" class=\"yoast-schema-graph\">{\"@context\":\"https:\\\/\\\/schema.org\",\"@graph\":[{\"@type\":\"WebPage\",\"@id\":\"https:\\\/\\\/freeman-freeman.com\\\/woodland-hills-whiplash-injury-lawyer\\\/\",\"url\":\"https:\\\/\\\/freeman-freeman.com\\\/woodland-hills-whiplash-injury-lawyer\\\/\",\"name\":\"Woodland Hills Whiplash Injury Lawyer - Free Consultation\",\"isPartOf\":{\"@id\":\"https:\\\/\\\/freeman-freeman.com\\\/#website\"},\"primaryImageOfPage\":{\"@id\":\"https:\\\/\\\/freeman-freeman.com\\\/woodland-hills-whiplash-injury-lawyer\\\/#primaryimage\"},\"image\":{\"@id\":\"https:\\\/\\\/freeman-freeman.com\\\/woodland-hills-whiplash-injury-lawyer\\\/#primaryimage\"},\"thumbnailUrl\":\"https:\\\/\\\/freeman-freeman.com\\\/wp-content\\\/uploads\\\/2023\\\/11\\\/i-prac-whiplashheadandback.webp\",\"datePublished\":\"2023-11-28T09:37:00+00:00\",\"dateModified\":\"2024-02-09T09:25:35+00:00\",\"description\":\"Suffering from whiplash in Woodland Hills? Get legal support from Freeman & Freeman, LLP, your Woodland Hills whiplash injury lawyer. Call now!\",\"inLanguage\":\"es\",\"potentialAction\":[{\"@type\":\"ReadAction\",\"target\":[\"https:\\\/\\\/freeman-freeman.com\\\/woodland-hills-whiplash-injury-lawyer\\\/\"]}]},{\"@type\":\"ImageObject\",\"inLanguage\":\"es\",\"@id\":\"https:\\\/\\\/freeman-freeman.com\\\/woodland-hills-whiplash-injury-lawyer\\\/#primaryimage\",\"url\":\"https:\\\/\\\/freeman-freeman.com\\\/wp-content\\\/uploads\\\/2023\\\/11\\\/i-prac-whiplashheadandback.webp\",\"contentUrl\":\"https:\\\/\\\/freeman-freeman.com\\\/wp-content\\\/uploads\\\/2023\\\/11\\\/i-prac-whiplashheadandback.webp\"},{\"@type\":\"WebSite\",\"@id\":\"https:\\\/\\\/freeman-freeman.com\\\/#website\",\"url\":\"https:\\\/\\\/freeman-freeman.com\\\/\",\"name\":\"Freeman &amp; Freeman, LLP\",\"description\":\"\",\"publisher\":{\"@id\":\"https:\\\/\\\/freeman-freeman.com\\\/#organization\"},\"potentialAction\":[{\"@type\":\"SearchAction\",\"target\":{\"@type\":\"EntryPoint\",\"urlTemplate\":\"https:\\\/\\\/freeman-freeman.com\\\/?s={search_term_string}\"},\"query-input\":{\"@type\":\"PropertyValueSpecification\",\"valueRequired\":true,\"valueName\":\"search_term_string\"}}],\"inLanguage\":\"es\"},{\"@type\":\"Organization\",\"@id\":\"https:\\\/\\\/freeman-freeman.com\\\/#organization\",\"name\":\"Freeman & Freeman, LLP\",\"url\":\"https:\\\/\\\/freeman-freeman.com\\\/\",\"logo\":{\"@type\":\"ImageObject\",\"inLanguage\":\"es\",\"@id\":\"https:\\\/\\\/freeman-freeman.com\\\/#\\\/schema\\\/logo\\\/image\\\/\",\"url\":\"https:\\\/\\\/freeman-freeman.com\\\/wp-content\\\/uploads\\\/2024\\\/01\\\/logo.jpg\",\"contentUrl\":\"https:\\\/\\\/freeman-freeman.com\\\/wp-content\\\/uploads\\\/2024\\\/01\\\/logo.jpg\",\"width\":674,\"height\":104,\"caption\":\"Freeman & Freeman, LLP\"},\"image\":{\"@id\":\"https:\\\/\\\/freeman-freeman.com\\\/#\\\/schema\\\/logo\\\/image\\\/\"},\"sameAs\":[\"https:\\\/\\\/www.facebook.com\\\/FreemanFreemanLaw\",\"https:\\\/\\\/x.com\\\/FreemanFreeman1\",\"https:\\\/\\\/www.linkedin.com\\\/company\\\/freeman-freeman-llp\"]}]}<\/script>\n<!-- \/ Yoast SEO plugin. -->","yoast_head_json":{"title":"Woodland Hills Abogado de Lesion de Latigazo - Consulta Gratis","description":"\u00bfSufre de latigazo cervical en Woodland Hills? Obtenga apoyo legal de Freeman &amp; Freeman, LLP, su abogado de lesiones por latigazo cervical en Woodland Hills. \u00a1Llame ahora!","robots":{"index":"index","follow":"follow","max-snippet":"max-snippet:-1","max-image-preview":"max-image-preview:large","max-video-preview":"max-video-preview:-1"},"canonical":"https:\/\/freeman-freeman.com\/es\/woodland-hills-latigazo-cervical-abogado-de-lesiones\/","og_locale":"es_MX","og_type":"article","og_title":"Woodland Hills Whiplash Injury Lawyer - Free Consultation","og_description":"Suffering from whiplash in Woodland Hills? Get legal support from Freeman & Freeman, LLP, your Woodland Hills whiplash injury lawyer. Call now!","og_url":"https:\/\/freeman-freeman.com\/es\/woodland-hills-latigazo-cervical-abogado-de-lesiones\/","og_site_name":"Freeman &amp; Freeman, LLP","article_publisher":"https:\/\/www.facebook.com\/FreemanFreemanLaw","article_modified_time":"2024-02-09T09:25:35+00:00","og_image":[{"url":"https:\/\/freeman-freeman.com\/wp-content\/uploads\/2023\/11\/i-prac-whiplashheadandback.webp","type":"","width":"","height":""}],"twitter_card":"summary_large_image","twitter_site":"@FreemanFreeman1","twitter_misc":{"Tiempo de lectura":"3 minutos"},"schema":{"@context":"https:\/\/schema.org","@graph":[{"@type":"WebPage","@id":"https:\/\/freeman-freeman.com\/woodland-hills-whiplash-injury-lawyer\/","url":"https:\/\/freeman-freeman.com\/woodland-hills-whiplash-injury-lawyer\/","name":"Woodland Hills Abogado de Lesion de Latigazo - Consulta Gratis","isPartOf":{"@id":"https:\/\/freeman-freeman.com\/#website"},"primaryImageOfPage":{"@id":"https:\/\/freeman-freeman.com\/woodland-hills-whiplash-injury-lawyer\/#primaryimage"},"image":{"@id":"https:\/\/freeman-freeman.com\/woodland-hills-whiplash-injury-lawyer\/#primaryimage"},"thumbnailUrl":"https:\/\/freeman-freeman.com\/wp-content\/uploads\/2023\/11\/i-prac-whiplashheadandback.webp","datePublished":"2023-11-28T09:37:00+00:00","dateModified":"2024-02-09T09:25:35+00:00","description":"\u00bfSufre de latigazo cervical en Woodland Hills? Obtenga apoyo legal de Freeman &amp; Freeman, LLP, su abogado de lesiones por latigazo cervical en Woodland Hills. \u00a1Llame ahora!","inLanguage":"es","potentialAction":[{"@type":"ReadAction","target":["https:\/\/freeman-freeman.com\/woodland-hills-whiplash-injury-lawyer\/"]}]},{"@type":"ImageObject","inLanguage":"es","@id":"https:\/\/freeman-freeman.com\/woodland-hills-whiplash-injury-lawyer\/#primaryimage","url":"https:\/\/freeman-freeman.com\/wp-content\/uploads\/2023\/11\/i-prac-whiplashheadandback.webp","contentUrl":"https:\/\/freeman-freeman.com\/wp-content\/uploads\/2023\/11\/i-prac-whiplashheadandback.webp"},{"@type":"WebSite","@id":"https:\/\/freeman-freeman.com\/#website","url":"https:\/\/freeman-freeman.com\/","name":"Freeman &amp; Freeman, LLP","description":"","publisher":{"@id":"https:\/\/freeman-freeman.com\/#organization"},"potentialAction":[{"@type":"SearchAction","target":{"@type":"EntryPoint","urlTemplate":"https:\/\/freeman-freeman.com\/?s={search_term_string}"},"query-input":{"@type":"PropertyValueSpecification","valueRequired":true,"valueName":"search_term_string"}}],"inLanguage":"es"},{"@type":"Organization","@id":"https:\/\/freeman-freeman.com\/#organization","name":"Freeman &amp; Freeman, LLP","url":"https:\/\/freeman-freeman.com\/","logo":{"@type":"ImageObject","inLanguage":"es","@id":"https:\/\/freeman-freeman.com\/#\/schema\/logo\/image\/","url":"https:\/\/freeman-freeman.com\/wp-content\/uploads\/2024\/01\/logo.jpg","contentUrl":"https:\/\/freeman-freeman.com\/wp-content\/uploads\/2024\/01\/logo.jpg","width":674,"height":104,"caption":"Freeman & Freeman, LLP"},"image":{"@id":"https:\/\/freeman-freeman.com\/#\/schema\/logo\/image\/"},"sameAs":["https:\/\/www.facebook.com\/FreemanFreemanLaw","https:\/\/x.com\/FreemanFreeman1","https:\/\/www.linkedin.com\/company\/freeman-freeman-llp"]}]}},"_links":{"self":[{"href":"https:\/\/freeman-freeman.com\/es\/wp-json\/wp\/v2\/pages\/1259","targetHints":{"allow":["GET"]}}],"collection":[{"href":"https:\/\/freeman-freeman.com\/es\/wp-json\/wp\/v2\/pages"}],"about":[{"href":"https:\/\/freeman-freeman.com\/es\/wp-json\/wp\/v2\/types\/page"}],"author":[{"embeddable":true,"href":"https:\/\/freeman-freeman.com\/es\/wp-json\/wp\/v2\/users\/1"}],"replies":[{"embeddable":true,"href":"https:\/\/freeman-freeman.com\/es\/wp-json\/wp\/v2\/comments?post=1259"}],"version-history":[{"count":4,"href":"https:\/\/freeman-freeman.com\/es\/wp-json\/wp\/v2\/pages\/1259\/revisions"}],"predecessor-version":[{"id":2235,"href":"https:\/\/freeman-freeman.com\/es\/wp-json\/wp\/v2\/pages\/1259\/revisions\/2235"}],"wp:attachment":[{"href":"https:\/\/freeman-freeman.com\/es\/wp-json\/wp\/v2\/media?parent=1259"}],"curies":[{"name":"wp","href":"https:\/\/api.w.org\/{rel}","templated":true}]}}