{"id":1287,"date":"2023-11-28T09:59:34","date_gmt":"2023-11-28T09:59:34","guid":{"rendered":"https:\/\/freeman-freeman.com\/?page_id=1287"},"modified":"2024-02-09T07:53:53","modified_gmt":"2024-02-09T07:53:53","slug":"woodland-hills-abogado-de-reclamaciones-de-pasajeros","status":"publish","type":"page","link":"https:\/\/freeman-freeman.com\/es\/woodland-hills-passenger-claim-lawyer\/","title":{"rendered":"Woodland Hills Pasajero Reclamaci\u00f3n Abogado"},"content":{"rendered":"<h2><span data-sheets-root=\"1\" data-sheets-value=\"{&quot;1&quot;:2,&quot;2&quot;:&quot;Woodland Hills Passenger Claim Lawyer&quot;}\" data-sheets-userformat=\"{&quot;2&quot;:15105,&quot;3&quot;:{&quot;1&quot;:0},&quot;11&quot;:0,&quot;12&quot;:0,&quot;14&quot;:{&quot;1&quot;:2,&quot;2&quot;:0},&quot;15&quot;:&quot;Calibri&quot;,&quot;16&quot;:11}\">Woodland Hills Pasajero Reclamaci\u00f3n Abogado<\/span><\/h2>\n<p><img loading=\"lazy\" decoding=\"async\" class=\"alignnone\" title=\"Woodland Hills Pasajero Reclamaci\u00f3n Abogado\" src=\"https:\/\/freeman-freeman.com\/wp-content\/uploads\/2023\/11\/i-prac-passengerclaims.webp\" alt=\"Woodland Hills Pasajero Reclamaci\u00f3n Abogado\" width=\"325\" height=\"204\" \/><\/p>\n<p>Si ha sufrido lesiones en un accidente de tr\u00e1fico mientras viajaba como pasajero, tambi\u00e9n puede reclamar leg\u00edtimamente una indemnizaci\u00f3n por da\u00f1os y perjuicios. Aunque el conductor haya tenido toda la culpa, tienes derecho a reclamar a la aseguradora una indemnizaci\u00f3n completa y justa.<\/p>\n<h2>La integridad es m\u00e1s que un eslogan<\/h2>\n<p>En Freeman &amp; Freeman, LLP, ejercemos en el \u00e1rea de lesiones personales y homicidio culposo. Experiencia, compromiso, pasi\u00f3n y resultados han sido nuestros principios rectores desde que abrimos nuestro bufete de abogados en Woodland Hills, California, hace m\u00e1s de cuatro d\u00e9cadas. Practicar con pasi\u00f3n y proteger en\u00e9rgicamente los derechos de nuestros clientes son algo m\u00e1s que esl\u00f3ganes de marketing. Esos t\u00e9rminos nos han guiado durante m\u00e1s de 40 a\u00f1os.<\/p>\n<p>Nuestra<strong> abogados<\/strong> han cobrado con \u00e9xito acuerdos y sentencias del jurado por reclamaciones de pasajeros, muchas de ellas superiores a $1 millones.<\/p>\n<p>Proporcionamos representaci\u00f3n agresiva para los pasajeros heridos en todo tipo de accidentes de veh\u00edculos de motor, incluidos los relacionados con:<\/p>\n<ul>\n<li>Accidentes de tr\u00e1fico<\/li>\n<li>Accidentes m\u00faltiples<\/li>\n<li>Colisiones por alcance<\/li>\n<li>Accidentes de motoristas sin seguro<\/li>\n<li>Accidentes con fuga<\/li>\n<li>Accidentes de camiones<\/li>\n<li>Accidentes de moto<\/li>\n<li>Accidentes por conducir ebrio<\/li>\n<li>Accidentes en autopistas<\/li>\n<li>Accidentes en intersecciones<\/li>\n<\/ul>\n<p><strong>Le invitamos a obtener m\u00e1s informaci\u00f3n en nuestra <a role=\"link\" href=\"https:\/\/freeman-freeman.com\/es\/faq\/\" data-wpel-link=\"internal\">centro de pr\u00e1cticas de accidentes de tr\u00e1fico<\/a><\/strong>.<\/p>\n<p>Creemos en el apoyo a nuestros clientes de accidentes de veh\u00edculos de motor a trav\u00e9s de cada fase de su caso. Trabajamos para ellos para obtener los resultados que necesitan para ayudar a restaurar sus vidas tanto como sea posible despu\u00e9s de un accidente. Si usted o un ser querido ha sido herido mientras viajaba como pasajero en un coche, o en una motocicleta, estamos listos para representar sus intereses.<\/p>\n<h2>Consulta gratuita \u25aa Llame 24\/7 \u25aa Sin honorarios de abogados a menos que ganemos su caso<\/h2>\n<p>P\u00f3ngase en contacto con nuestras oficinas llamando al <a role=\"link\" href=\"tel:+1-818-992-2919\" data-wpel-link=\"internal\">818-992-2919<\/a> o por <a role=\"link\" href=\"https:\/\/freeman-freeman.com\/es\/pongase-en-contacto-con\/\" data-wpel-link=\"internal\">rellenar nuestro formulario en l\u00ednea<\/a> para programar una consulta gratuita. A su vez a un experimentado Woodland Hills pasajeros reclamaci\u00f3n abogados en Freeman y Freeman, LLP, hoy.<\/p>","protected":false},"excerpt":{"rendered":"<p>Woodland Hills Passenger Claim Attorney If you were injured in a car accident while riding as a passenger, you may also have a legitimate claim for damages. Even if the driver was found to be completely at fault, you are entitled to seek full and fair money damages from the insurance carrier. Integrity Is More &hellip; <\/p>\n<p class=\"link-more\"><a href=\"https:\/\/freeman-freeman.com\/es\/woodland-hills-passenger-claim-lawyer\/\" class=\"more-link\">Seguir leyendo<span class=\"screen-reader-text\"> &#8220;Woodland Hills Passenger Claim Lawyer&#8221;<\/span><\/a><\/p>","protected":false},"author":1,"featured_media":0,"parent":0,"menu_order":0,"comment_status":"closed","ping_status":"closed","template":"","meta":{"_acf_changed":false,"footnotes":""},"class_list":["post-1287","page","type-page","status-publish","hentry","entry"],"acf":[],"yoast_head":"<!-- This site is optimized with the Yoast SEO plugin v27.5 - https:\/\/yoast.com\/product\/yoast-seo-wordpress\/ -->\n<title>Woodland Hills Passenger Claim Lawyer - Free Consultation<\/title>\n<meta name=\"description\" content=\"Injured as a passenger in Woodland Hills? Seek compensation with Freeman &amp; Freeman, LLP, your Woodland Hills passenger claim lawyer. Free consultation!\" \/>\n<meta name=\"robots\" content=\"index, follow, max-snippet:-1, max-image-preview:large, max-video-preview:-1\" \/>\n<link rel=\"canonical\" href=\"https:\/\/freeman-freeman.com\/es\/woodland-hills-abogado-de-reclamaciones-de-pasajeros\/\" \/>\n<meta property=\"og:locale\" content=\"es_MX\" \/>\n<meta property=\"og:type\" content=\"article\" \/>\n<meta property=\"og:title\" content=\"Woodland Hills Passenger Claim Lawyer - Free Consultation\" \/>\n<meta property=\"og:description\" content=\"Injured as a passenger in Woodland Hills? Seek compensation with Freeman &amp; Freeman, LLP, your Woodland Hills passenger claim lawyer. Free consultation!\" \/>\n<meta property=\"og:url\" content=\"https:\/\/freeman-freeman.com\/es\/woodland-hills-abogado-de-reclamaciones-de-pasajeros\/\" \/>\n<meta property=\"og:site_name\" content=\"Freeman &amp; Freeman, LLP\" \/>\n<meta property=\"article:publisher\" content=\"https:\/\/www.facebook.com\/FreemanFreemanLaw\" \/>\n<meta property=\"article:modified_time\" content=\"2024-02-09T07:53:53+00:00\" \/>\n<meta property=\"og:image\" content=\"https:\/\/freeman-freeman.com\/wp-content\/uploads\/2023\/11\/i-prac-passengerclaims.webp\" \/>\n<meta name=\"twitter:card\" content=\"summary_large_image\" \/>\n<meta name=\"twitter:site\" content=\"@FreemanFreeman1\" \/>\n<meta name=\"twitter:label1\" content=\"Tiempo de lectura\" \/>\n\t<meta name=\"twitter:data1\" content=\"2 minutos\" \/>\n<script type=\"application\/ld+json\" class=\"yoast-schema-graph\">{\"@context\":\"https:\\\/\\\/schema.org\",\"@graph\":[{\"@type\":\"WebPage\",\"@id\":\"https:\\\/\\\/freeman-freeman.com\\\/woodland-hills-passenger-claim-lawyer\\\/\",\"url\":\"https:\\\/\\\/freeman-freeman.com\\\/woodland-hills-passenger-claim-lawyer\\\/\",\"name\":\"Woodland Hills Passenger Claim Lawyer - Free Consultation\",\"isPartOf\":{\"@id\":\"https:\\\/\\\/freeman-freeman.com\\\/#website\"},\"primaryImageOfPage\":{\"@id\":\"https:\\\/\\\/freeman-freeman.com\\\/woodland-hills-passenger-claim-lawyer\\\/#primaryimage\"},\"image\":{\"@id\":\"https:\\\/\\\/freeman-freeman.com\\\/woodland-hills-passenger-claim-lawyer\\\/#primaryimage\"},\"thumbnailUrl\":\"https:\\\/\\\/freeman-freeman.com\\\/wp-content\\\/uploads\\\/2023\\\/11\\\/i-prac-passengerclaims.webp\",\"datePublished\":\"2023-11-28T09:59:34+00:00\",\"dateModified\":\"2024-02-09T07:53:53+00:00\",\"description\":\"Injured as a passenger in Woodland Hills? Seek compensation with Freeman & Freeman, LLP, your Woodland Hills passenger claim lawyer. Free consultation!\",\"inLanguage\":\"es\",\"potentialAction\":[{\"@type\":\"ReadAction\",\"target\":[\"https:\\\/\\\/freeman-freeman.com\\\/woodland-hills-passenger-claim-lawyer\\\/\"]}]},{\"@type\":\"ImageObject\",\"inLanguage\":\"es\",\"@id\":\"https:\\\/\\\/freeman-freeman.com\\\/woodland-hills-passenger-claim-lawyer\\\/#primaryimage\",\"url\":\"https:\\\/\\\/freeman-freeman.com\\\/wp-content\\\/uploads\\\/2023\\\/11\\\/i-prac-passengerclaims.webp\",\"contentUrl\":\"https:\\\/\\\/freeman-freeman.com\\\/wp-content\\\/uploads\\\/2023\\\/11\\\/i-prac-passengerclaims.webp\"},{\"@type\":\"WebSite\",\"@id\":\"https:\\\/\\\/freeman-freeman.com\\\/#website\",\"url\":\"https:\\\/\\\/freeman-freeman.com\\\/\",\"name\":\"Freeman &amp; Freeman, LLP\",\"description\":\"\",\"publisher\":{\"@id\":\"https:\\\/\\\/freeman-freeman.com\\\/#organization\"},\"potentialAction\":[{\"@type\":\"SearchAction\",\"target\":{\"@type\":\"EntryPoint\",\"urlTemplate\":\"https:\\\/\\\/freeman-freeman.com\\\/?s={search_term_string}\"},\"query-input\":{\"@type\":\"PropertyValueSpecification\",\"valueRequired\":true,\"valueName\":\"search_term_string\"}}],\"inLanguage\":\"es\"},{\"@type\":\"Organization\",\"@id\":\"https:\\\/\\\/freeman-freeman.com\\\/#organization\",\"name\":\"Freeman & Freeman, LLP\",\"url\":\"https:\\\/\\\/freeman-freeman.com\\\/\",\"logo\":{\"@type\":\"ImageObject\",\"inLanguage\":\"es\",\"@id\":\"https:\\\/\\\/freeman-freeman.com\\\/#\\\/schema\\\/logo\\\/image\\\/\",\"url\":\"https:\\\/\\\/freeman-freeman.com\\\/wp-content\\\/uploads\\\/2024\\\/01\\\/logo.jpg\",\"contentUrl\":\"https:\\\/\\\/freeman-freeman.com\\\/wp-content\\\/uploads\\\/2024\\\/01\\\/logo.jpg\",\"width\":674,\"height\":104,\"caption\":\"Freeman & Freeman, LLP\"},\"image\":{\"@id\":\"https:\\\/\\\/freeman-freeman.com\\\/#\\\/schema\\\/logo\\\/image\\\/\"},\"sameAs\":[\"https:\\\/\\\/www.facebook.com\\\/FreemanFreemanLaw\",\"https:\\\/\\\/x.com\\\/FreemanFreeman1\",\"https:\\\/\\\/www.linkedin.com\\\/company\\\/freeman-freeman-llp\"]}]}<\/script>\n<!-- \/ Yoast SEO plugin. -->","yoast_head_json":{"title":"Woodland Hills Pasajero Reclamaci\u00f3n Abogado - Consulta Gratuita","description":"\u00bfLastimado como pasajero en Woodland Hills? Busque compensaci\u00f3n con Freeman &amp; Freeman, LLP, su abogado de reclamos de pasajeros en Woodland Hills. \u00a1Consulta gratis!","robots":{"index":"index","follow":"follow","max-snippet":"max-snippet:-1","max-image-preview":"max-image-preview:large","max-video-preview":"max-video-preview:-1"},"canonical":"https:\/\/freeman-freeman.com\/es\/woodland-hills-abogado-de-reclamaciones-de-pasajeros\/","og_locale":"es_MX","og_type":"article","og_title":"Woodland Hills Passenger Claim Lawyer - Free Consultation","og_description":"Injured as a passenger in Woodland Hills? Seek compensation with Freeman & Freeman, LLP, your Woodland Hills passenger claim lawyer. Free consultation!","og_url":"https:\/\/freeman-freeman.com\/es\/woodland-hills-abogado-de-reclamaciones-de-pasajeros\/","og_site_name":"Freeman &amp; Freeman, LLP","article_publisher":"https:\/\/www.facebook.com\/FreemanFreemanLaw","article_modified_time":"2024-02-09T07:53:53+00:00","og_image":[{"url":"https:\/\/freeman-freeman.com\/wp-content\/uploads\/2023\/11\/i-prac-passengerclaims.webp","type":"","width":"","height":""}],"twitter_card":"summary_large_image","twitter_site":"@FreemanFreeman1","twitter_misc":{"Tiempo de lectura":"2 minutos"},"schema":{"@context":"https:\/\/schema.org","@graph":[{"@type":"WebPage","@id":"https:\/\/freeman-freeman.com\/woodland-hills-passenger-claim-lawyer\/","url":"https:\/\/freeman-freeman.com\/woodland-hills-passenger-claim-lawyer\/","name":"Woodland Hills Pasajero Reclamaci\u00f3n Abogado - Consulta Gratuita","isPartOf":{"@id":"https:\/\/freeman-freeman.com\/#website"},"primaryImageOfPage":{"@id":"https:\/\/freeman-freeman.com\/woodland-hills-passenger-claim-lawyer\/#primaryimage"},"image":{"@id":"https:\/\/freeman-freeman.com\/woodland-hills-passenger-claim-lawyer\/#primaryimage"},"thumbnailUrl":"https:\/\/freeman-freeman.com\/wp-content\/uploads\/2023\/11\/i-prac-passengerclaims.webp","datePublished":"2023-11-28T09:59:34+00:00","dateModified":"2024-02-09T07:53:53+00:00","description":"\u00bfLastimado como pasajero en Woodland Hills? Busque compensaci\u00f3n con Freeman &amp; Freeman, LLP, su abogado de reclamos de pasajeros en Woodland Hills. \u00a1Consulta gratis!","inLanguage":"es","potentialAction":[{"@type":"ReadAction","target":["https:\/\/freeman-freeman.com\/woodland-hills-passenger-claim-lawyer\/"]}]},{"@type":"ImageObject","inLanguage":"es","@id":"https:\/\/freeman-freeman.com\/woodland-hills-passenger-claim-lawyer\/#primaryimage","url":"https:\/\/freeman-freeman.com\/wp-content\/uploads\/2023\/11\/i-prac-passengerclaims.webp","contentUrl":"https:\/\/freeman-freeman.com\/wp-content\/uploads\/2023\/11\/i-prac-passengerclaims.webp"},{"@type":"WebSite","@id":"https:\/\/freeman-freeman.com\/#website","url":"https:\/\/freeman-freeman.com\/","name":"Freeman &amp; Freeman, LLP","description":"","publisher":{"@id":"https:\/\/freeman-freeman.com\/#organization"},"potentialAction":[{"@type":"SearchAction","target":{"@type":"EntryPoint","urlTemplate":"https:\/\/freeman-freeman.com\/?s={search_term_string}"},"query-input":{"@type":"PropertyValueSpecification","valueRequired":true,"valueName":"search_term_string"}}],"inLanguage":"es"},{"@type":"Organization","@id":"https:\/\/freeman-freeman.com\/#organization","name":"Freeman &amp; Freeman, LLP","url":"https:\/\/freeman-freeman.com\/","logo":{"@type":"ImageObject","inLanguage":"es","@id":"https:\/\/freeman-freeman.com\/#\/schema\/logo\/image\/","url":"https:\/\/freeman-freeman.com\/wp-content\/uploads\/2024\/01\/logo.jpg","contentUrl":"https:\/\/freeman-freeman.com\/wp-content\/uploads\/2024\/01\/logo.jpg","width":674,"height":104,"caption":"Freeman & Freeman, LLP"},"image":{"@id":"https:\/\/freeman-freeman.com\/#\/schema\/logo\/image\/"},"sameAs":["https:\/\/www.facebook.com\/FreemanFreemanLaw","https:\/\/x.com\/FreemanFreeman1","https:\/\/www.linkedin.com\/company\/freeman-freeman-llp"]}]}},"_links":{"self":[{"href":"https:\/\/freeman-freeman.com\/es\/wp-json\/wp\/v2\/pages\/1287","targetHints":{"allow":["GET"]}}],"collection":[{"href":"https:\/\/freeman-freeman.com\/es\/wp-json\/wp\/v2\/pages"}],"about":[{"href":"https:\/\/freeman-freeman.com\/es\/wp-json\/wp\/v2\/types\/page"}],"author":[{"embeddable":true,"href":"https:\/\/freeman-freeman.com\/es\/wp-json\/wp\/v2\/users\/1"}],"replies":[{"embeddable":true,"href":"https:\/\/freeman-freeman.com\/es\/wp-json\/wp\/v2\/comments?post=1287"}],"version-history":[{"count":3,"href":"https:\/\/freeman-freeman.com\/es\/wp-json\/wp\/v2\/pages\/1287\/revisions"}],"predecessor-version":[{"id":2218,"href":"https:\/\/freeman-freeman.com\/es\/wp-json\/wp\/v2\/pages\/1287\/revisions\/2218"}],"wp:attachment":[{"href":"https:\/\/freeman-freeman.com\/es\/wp-json\/wp\/v2\/media?parent=1287"}],"curies":[{"name":"wp","href":"https:\/\/api.w.org\/{rel}","templated":true}]}}