{"id":1307,"date":"2023-11-28T10:11:52","date_gmt":"2023-11-28T10:11:52","guid":{"rendered":"https:\/\/freeman-freeman.com\/?page_id=1307"},"modified":"2024-02-07T14:51:46","modified_gmt":"2024-02-07T14:51:46","slug":"woodland-hills-abogado-de-accidente-de-impacto-lateral","status":"publish","type":"page","link":"https:\/\/freeman-freeman.com\/es\/woodland-hills-side-impact-accident-lawyer\/","title":{"rendered":"Woodland Hills Abogado de Accidente de Impacto Lateral"},"content":{"rendered":"<h2><span data-sheets-root=\"1\" data-sheets-value=\"{&quot;1&quot;:2,&quot;2&quot;:&quot;Woodland Hills Side-Impact Accident Lawyer&quot;}\" data-sheets-userformat=\"{&quot;2&quot;:15105,&quot;3&quot;:{&quot;1&quot;:0},&quot;11&quot;:0,&quot;12&quot;:0,&quot;14&quot;:{&quot;1&quot;:2,&quot;2&quot;:0},&quot;15&quot;:&quot;Calibri&quot;,&quot;16&quot;:11}\">Woodland Hills Abogado de Accidente de Impacto Lateral<\/span><\/h2>\n<p><img loading=\"lazy\" decoding=\"async\" class=\"alignnone\" title=\"Woodland Hills Abogado de Accidente de Impacto Lateral\" src=\"https:\/\/freeman-freeman.com\/wp-content\/uploads\/2023\/11\/i-prac-side.webp\" alt=\"Woodland Hills Abogado de Accidente de Impacto Lateral\" width=\"325\" height=\"204\" \/><\/p>\n<p>La gravedad de un accidente por impacto lateral var\u00eda en funci\u00f3n de d\u00f3nde se golpe\u00f3 el veh\u00edculo, a qu\u00e9 velocidad circulaban los veh\u00edculos y muchos otros factores. Los accidentes en los que un coche golpea el lateral de otro suelen provocar lesiones graves al conductor o pasajero que se encuentra m\u00e1s cerca del punto de impacto.<\/p>\n<p>La oficina legal de Freeman &amp; Freeman, LLP, representa a individuos que han sido heridos en todo tipo de accidentes de veh\u00edculos de motor, incluyendo accidentes de impacto lateral, a menudo referido como accidentes T-bone. Para aprender acerca de sus opciones legales, p\u00f3ngase en contacto con un abogado de accidente de impacto lateral Woodland Hills hoy.<\/p>\n<p><strong>Consulta gratuita \u25aa Llame 24\/7 \u25aa Sin honorarios de abogados a menos que ganemos su caso<\/strong><\/p>\n<h2>Representaci\u00f3n de v\u00edctimas de accidentes de tr\u00e1fico<\/h2>\n<p>Entre las causas m\u00e1s comunes de los accidentes por impacto lateral se incluyen:<\/p>\n<ul>\n<li>No detenerse en un sem\u00e1foro o se\u00f1al de stop<\/li>\n<li>No ceder el paso<\/li>\n<li>No entrar en la calzada sin ceder el paso<\/li>\n<li>Saltarse un sem\u00e1foro en rojo<\/li>\n<\/ul>\n<p>Nuestra firma tomar\u00e1 medidas para investigar la causa del accidente y probar la culpa. Este tipo de accidentes son a menudo f\u00e1ciles de probar, debido a la obvia violaci\u00f3n por parte del otro conductor. Sin embargo, a veces los hechos no son tan claros.<\/p>\n<p>Por ejemplo, el otro conductor se salta un sem\u00e1foro en rojo pero en el informe policial afirma que el sem\u00e1foro estaba en verde. Nuestro equipo de investigadores tiene experiencia en reconstruir y determinar la<br \/>\ncausa de un accidente y demostrar la culpabilidad.<\/p>\n<p>Las compa\u00f1\u00edas de seguros son conocidos por tratar de resolver un caso por mucho menos de lo que vale la pena, por lo que es importante trabajar con un abogado de accidente de veh\u00edculo de motor que tiene mucha experiencia. Le ayudaremos a buscar la m\u00e1xima compensaci\u00f3n para todos los gastos relacionados con el accidente, incluyendo facturas m\u00e9dicas, incapacidad permanente, salarios perdidos y m\u00e1s.<\/p>\n<h2>P\u00f3ngase en contacto con un abogado de choque lateral Woodland Hills<\/h2>\n<p>Si usted o alguien cercano a usted ha sufrido lesiones en un accidente de tr\u00e1fico, <a role=\"link\" href=\"https:\/\/freeman-freeman.com\/es\/pongase-en-contacto-con\/\" data-wpel-link=\"internal\">p\u00f3ngase en contacto con <\/a>nuestro bufete de abogados llamando <a role=\"link\" href=\"tel:+1-818-992-2919\" data-wpel-link=\"internal\">818-992-2919<\/a>.<\/p>","protected":false},"excerpt":{"rendered":"<p>Woodland Hills Side-Impact Accident Attorney The severity of a side-impact accident varies depending on where the vehicle was hit, at what speed the vehicles were traveling, and numerous other factors. Accidents in which one car hits the side of another car often result in serious injuries to the driver or passenger who is closest to &hellip; <\/p>\n<p class=\"link-more\"><a href=\"https:\/\/freeman-freeman.com\/es\/woodland-hills-side-impact-accident-lawyer\/\" class=\"more-link\">Seguir leyendo<span class=\"screen-reader-text\"> &#8220;Woodland Hills Side-Impact Accident Lawyer&#8221;<\/span><\/a><\/p>","protected":false},"author":1,"featured_media":0,"parent":0,"menu_order":0,"comment_status":"closed","ping_status":"closed","template":"","meta":{"_acf_changed":false,"footnotes":""},"class_list":["post-1307","page","type-page","status-publish","hentry","entry"],"acf":[],"yoast_head":"<!-- This site is optimized with the Yoast SEO plugin v27.5 - https:\/\/yoast.com\/product\/yoast-seo-wordpress\/ -->\n<title>Woodland Hills Side-Impact Accident Lawyer - Free Consult<\/title>\n<meta name=\"description\" content=\"In a side-impact accident? Secure your rights with Freeman &amp; Freeman, LLP, your Woodland Hills side-impact accident lawyer. Contact us today!\" \/>\n<meta name=\"robots\" content=\"index, follow, max-snippet:-1, max-image-preview:large, max-video-preview:-1\" \/>\n<link rel=\"canonical\" href=\"https:\/\/freeman-freeman.com\/es\/woodland-hills-abogado-de-accidente-de-impacto-lateral\/\" \/>\n<meta property=\"og:locale\" content=\"es_MX\" \/>\n<meta property=\"og:type\" content=\"article\" \/>\n<meta property=\"og:title\" content=\"Woodland Hills Side-Impact Accident Lawyer - Free Consult\" \/>\n<meta property=\"og:description\" content=\"In a side-impact accident? Secure your rights with Freeman &amp; Freeman, LLP, your Woodland Hills side-impact accident lawyer. Contact us today!\" \/>\n<meta property=\"og:url\" content=\"https:\/\/freeman-freeman.com\/es\/woodland-hills-abogado-de-accidente-de-impacto-lateral\/\" \/>\n<meta property=\"og:site_name\" content=\"Freeman &amp; Freeman, LLP\" \/>\n<meta property=\"article:publisher\" content=\"https:\/\/www.facebook.com\/FreemanFreemanLaw\" \/>\n<meta property=\"article:modified_time\" content=\"2024-02-07T14:51:46+00:00\" \/>\n<meta property=\"og:image\" content=\"https:\/\/freeman-freeman.com\/wp-content\/uploads\/2023\/11\/i-prac-side.webp\" \/>\n<meta name=\"twitter:card\" content=\"summary_large_image\" \/>\n<meta name=\"twitter:site\" content=\"@FreemanFreeman1\" \/>\n<meta name=\"twitter:label1\" content=\"Tiempo de lectura\" \/>\n\t<meta name=\"twitter:data1\" content=\"2 minutos\" \/>\n<script type=\"application\/ld+json\" class=\"yoast-schema-graph\">{\"@context\":\"https:\\\/\\\/schema.org\",\"@graph\":[{\"@type\":\"WebPage\",\"@id\":\"https:\\\/\\\/freeman-freeman.com\\\/woodland-hills-side-impact-accident-lawyer\\\/\",\"url\":\"https:\\\/\\\/freeman-freeman.com\\\/woodland-hills-side-impact-accident-lawyer\\\/\",\"name\":\"Woodland Hills Side-Impact Accident Lawyer - Free Consult\",\"isPartOf\":{\"@id\":\"https:\\\/\\\/freeman-freeman.com\\\/#website\"},\"primaryImageOfPage\":{\"@id\":\"https:\\\/\\\/freeman-freeman.com\\\/woodland-hills-side-impact-accident-lawyer\\\/#primaryimage\"},\"image\":{\"@id\":\"https:\\\/\\\/freeman-freeman.com\\\/woodland-hills-side-impact-accident-lawyer\\\/#primaryimage\"},\"thumbnailUrl\":\"https:\\\/\\\/freeman-freeman.com\\\/wp-content\\\/uploads\\\/2023\\\/11\\\/i-prac-side.webp\",\"datePublished\":\"2023-11-28T10:11:52+00:00\",\"dateModified\":\"2024-02-07T14:51:46+00:00\",\"description\":\"In a side-impact accident? Secure your rights with Freeman & Freeman, LLP, your Woodland Hills side-impact accident lawyer. Contact us today!\",\"inLanguage\":\"es\",\"potentialAction\":[{\"@type\":\"ReadAction\",\"target\":[\"https:\\\/\\\/freeman-freeman.com\\\/woodland-hills-side-impact-accident-lawyer\\\/\"]}]},{\"@type\":\"ImageObject\",\"inLanguage\":\"es\",\"@id\":\"https:\\\/\\\/freeman-freeman.com\\\/woodland-hills-side-impact-accident-lawyer\\\/#primaryimage\",\"url\":\"https:\\\/\\\/freeman-freeman.com\\\/wp-content\\\/uploads\\\/2023\\\/11\\\/i-prac-side.webp\",\"contentUrl\":\"https:\\\/\\\/freeman-freeman.com\\\/wp-content\\\/uploads\\\/2023\\\/11\\\/i-prac-side.webp\"},{\"@type\":\"WebSite\",\"@id\":\"https:\\\/\\\/freeman-freeman.com\\\/#website\",\"url\":\"https:\\\/\\\/freeman-freeman.com\\\/\",\"name\":\"Freeman &amp; Freeman, LLP\",\"description\":\"\",\"publisher\":{\"@id\":\"https:\\\/\\\/freeman-freeman.com\\\/#organization\"},\"potentialAction\":[{\"@type\":\"SearchAction\",\"target\":{\"@type\":\"EntryPoint\",\"urlTemplate\":\"https:\\\/\\\/freeman-freeman.com\\\/?s={search_term_string}\"},\"query-input\":{\"@type\":\"PropertyValueSpecification\",\"valueRequired\":true,\"valueName\":\"search_term_string\"}}],\"inLanguage\":\"es\"},{\"@type\":\"Organization\",\"@id\":\"https:\\\/\\\/freeman-freeman.com\\\/#organization\",\"name\":\"Freeman & Freeman, LLP\",\"url\":\"https:\\\/\\\/freeman-freeman.com\\\/\",\"logo\":{\"@type\":\"ImageObject\",\"inLanguage\":\"es\",\"@id\":\"https:\\\/\\\/freeman-freeman.com\\\/#\\\/schema\\\/logo\\\/image\\\/\",\"url\":\"https:\\\/\\\/freeman-freeman.com\\\/wp-content\\\/uploads\\\/2024\\\/01\\\/logo.jpg\",\"contentUrl\":\"https:\\\/\\\/freeman-freeman.com\\\/wp-content\\\/uploads\\\/2024\\\/01\\\/logo.jpg\",\"width\":674,\"height\":104,\"caption\":\"Freeman & Freeman, LLP\"},\"image\":{\"@id\":\"https:\\\/\\\/freeman-freeman.com\\\/#\\\/schema\\\/logo\\\/image\\\/\"},\"sameAs\":[\"https:\\\/\\\/www.facebook.com\\\/FreemanFreemanLaw\",\"https:\\\/\\\/x.com\\\/FreemanFreeman1\",\"https:\\\/\\\/www.linkedin.com\\\/company\\\/freeman-freeman-llp\"]}]}<\/script>\n<!-- \/ Yoast SEO plugin. -->","yoast_head_json":{"title":"Woodland Hills Abogado de Accidente de Impacto Lateral - Consulta Gratis","description":"\u00bfEn un accidente de impacto lateral? Asegure sus derechos con Freeman &amp; Freeman, LLP, su abogado de accidentes de impacto lateral en Woodland Hills. \u00a1P\u00f3ngase en contacto con nosotros hoy!","robots":{"index":"index","follow":"follow","max-snippet":"max-snippet:-1","max-image-preview":"max-image-preview:large","max-video-preview":"max-video-preview:-1"},"canonical":"https:\/\/freeman-freeman.com\/es\/woodland-hills-abogado-de-accidente-de-impacto-lateral\/","og_locale":"es_MX","og_type":"article","og_title":"Woodland Hills Side-Impact Accident Lawyer - Free Consult","og_description":"In a side-impact accident? Secure your rights with Freeman & Freeman, LLP, your Woodland Hills side-impact accident lawyer. Contact us today!","og_url":"https:\/\/freeman-freeman.com\/es\/woodland-hills-abogado-de-accidente-de-impacto-lateral\/","og_site_name":"Freeman &amp; Freeman, LLP","article_publisher":"https:\/\/www.facebook.com\/FreemanFreemanLaw","article_modified_time":"2024-02-07T14:51:46+00:00","og_image":[{"url":"https:\/\/freeman-freeman.com\/wp-content\/uploads\/2023\/11\/i-prac-side.webp","type":"","width":"","height":""}],"twitter_card":"summary_large_image","twitter_site":"@FreemanFreeman1","twitter_misc":{"Tiempo de lectura":"2 minutos"},"schema":{"@context":"https:\/\/schema.org","@graph":[{"@type":"WebPage","@id":"https:\/\/freeman-freeman.com\/woodland-hills-side-impact-accident-lawyer\/","url":"https:\/\/freeman-freeman.com\/woodland-hills-side-impact-accident-lawyer\/","name":"Woodland Hills Abogado de Accidente de Impacto Lateral - Consulta Gratis","isPartOf":{"@id":"https:\/\/freeman-freeman.com\/#website"},"primaryImageOfPage":{"@id":"https:\/\/freeman-freeman.com\/woodland-hills-side-impact-accident-lawyer\/#primaryimage"},"image":{"@id":"https:\/\/freeman-freeman.com\/woodland-hills-side-impact-accident-lawyer\/#primaryimage"},"thumbnailUrl":"https:\/\/freeman-freeman.com\/wp-content\/uploads\/2023\/11\/i-prac-side.webp","datePublished":"2023-11-28T10:11:52+00:00","dateModified":"2024-02-07T14:51:46+00:00","description":"\u00bfEn un accidente de impacto lateral? Asegure sus derechos con Freeman &amp; Freeman, LLP, su abogado de accidentes de impacto lateral en Woodland Hills. \u00a1P\u00f3ngase en contacto con nosotros hoy!","inLanguage":"es","potentialAction":[{"@type":"ReadAction","target":["https:\/\/freeman-freeman.com\/woodland-hills-side-impact-accident-lawyer\/"]}]},{"@type":"ImageObject","inLanguage":"es","@id":"https:\/\/freeman-freeman.com\/woodland-hills-side-impact-accident-lawyer\/#primaryimage","url":"https:\/\/freeman-freeman.com\/wp-content\/uploads\/2023\/11\/i-prac-side.webp","contentUrl":"https:\/\/freeman-freeman.com\/wp-content\/uploads\/2023\/11\/i-prac-side.webp"},{"@type":"WebSite","@id":"https:\/\/freeman-freeman.com\/#website","url":"https:\/\/freeman-freeman.com\/","name":"Freeman &amp; Freeman, LLP","description":"","publisher":{"@id":"https:\/\/freeman-freeman.com\/#organization"},"potentialAction":[{"@type":"SearchAction","target":{"@type":"EntryPoint","urlTemplate":"https:\/\/freeman-freeman.com\/?s={search_term_string}"},"query-input":{"@type":"PropertyValueSpecification","valueRequired":true,"valueName":"search_term_string"}}],"inLanguage":"es"},{"@type":"Organization","@id":"https:\/\/freeman-freeman.com\/#organization","name":"Freeman &amp; Freeman, LLP","url":"https:\/\/freeman-freeman.com\/","logo":{"@type":"ImageObject","inLanguage":"es","@id":"https:\/\/freeman-freeman.com\/#\/schema\/logo\/image\/","url":"https:\/\/freeman-freeman.com\/wp-content\/uploads\/2024\/01\/logo.jpg","contentUrl":"https:\/\/freeman-freeman.com\/wp-content\/uploads\/2024\/01\/logo.jpg","width":674,"height":104,"caption":"Freeman & Freeman, LLP"},"image":{"@id":"https:\/\/freeman-freeman.com\/#\/schema\/logo\/image\/"},"sameAs":["https:\/\/www.facebook.com\/FreemanFreemanLaw","https:\/\/x.com\/FreemanFreeman1","https:\/\/www.linkedin.com\/company\/freeman-freeman-llp"]}]}},"_links":{"self":[{"href":"https:\/\/freeman-freeman.com\/es\/wp-json\/wp\/v2\/pages\/1307","targetHints":{"allow":["GET"]}}],"collection":[{"href":"https:\/\/freeman-freeman.com\/es\/wp-json\/wp\/v2\/pages"}],"about":[{"href":"https:\/\/freeman-freeman.com\/es\/wp-json\/wp\/v2\/types\/page"}],"author":[{"embeddable":true,"href":"https:\/\/freeman-freeman.com\/es\/wp-json\/wp\/v2\/users\/1"}],"replies":[{"embeddable":true,"href":"https:\/\/freeman-freeman.com\/es\/wp-json\/wp\/v2\/comments?post=1307"}],"version-history":[{"count":5,"href":"https:\/\/freeman-freeman.com\/es\/wp-json\/wp\/v2\/pages\/1307\/revisions"}],"predecessor-version":[{"id":2012,"href":"https:\/\/freeman-freeman.com\/es\/wp-json\/wp\/v2\/pages\/1307\/revisions\/2012"}],"wp:attachment":[{"href":"https:\/\/freeman-freeman.com\/es\/wp-json\/wp\/v2\/media?parent=1307"}],"curies":[{"name":"wp","href":"https:\/\/api.w.org\/{rel}","templated":true}]}}