{"id":1316,"date":"2023-11-28T10:15:37","date_gmt":"2023-11-28T10:15:37","guid":{"rendered":"https:\/\/freeman-freeman.com\/?page_id=1316"},"modified":"2024-02-07T14:48:46","modified_gmt":"2024-02-07T14:48:46","slug":"woodland-hills-motorista-sin-seguro-con-seguro-insuficiente-abogado","status":"publish","type":"page","link":"https:\/\/freeman-freeman.com\/es\/woodland-hills-uninsured-underinsured-motorist-lawyer\/","title":{"rendered":"Woodland Hills Abogado de motorista sin seguro y con seguro insuficiente"},"content":{"rendered":"<h2><span data-sheets-root=\"1\" data-sheets-value=\"{&quot;1&quot;:2,&quot;2&quot;:&quot;Woodland Hills Uninsured and Underinsured Motorist Lawyer&quot;}\" data-sheets-userformat=\"{&quot;2&quot;:15105,&quot;3&quot;:{&quot;1&quot;:0},&quot;11&quot;:0,&quot;12&quot;:0,&quot;14&quot;:{&quot;1&quot;:2,&quot;2&quot;:0},&quot;15&quot;:&quot;Calibri&quot;,&quot;16&quot;:11}\">Woodland Hills Uninsured\/Underinsured Motorist Abogado<\/span><\/h2>\n<p><img loading=\"lazy\" decoding=\"async\" src=\"https:\/\/freeman-freeman.com\/wp-content\/uploads\/2023\/11\/i-personalInjury-1.webp\" alt=\"\" width=\"312\" height=\"198\" \/><\/p>\n<p>Seg\u00fan muchas estimaciones, uno de cada tres conductores en las carreteras de California no tiene seguro o tiene seguro insuficiente; algunos de estos conductores pueden tener el seguro m\u00ednimo para ser legal, pero su seguro est\u00e1 lejos de ser adecuada, especialmente si se producen lesiones graves. Tales conductores a menudo conducen los autom\u00f3viles m\u00e1s inseguros.<\/p>\n<p>Tambi\u00e9n pueden estar entre los conductores menos cuidadosos. Con tantos conductores peligrosos y tantos de ellos sin seguro adecuado, usted debe protegerse con la cobertura de motorista sin seguro \/ con seguro insuficiente en California.<\/p>\n<p>Si usted ha estado involucrado en un accidente con un conductor sin seguro o con seguro insuficiente, o si tiene preguntas acerca de este tipo de cobertura, p\u00f3ngase en contacto con nuestros abogados de Los \u00c1ngeles sin seguro \/ con seguro insuficiente.<\/p>\n<p>Durante m\u00e1s de 40 a\u00f1os nos hemos dedicado a ayudar a nuestros clientes a recuperar la m\u00e1xima indemnizaci\u00f3n despu\u00e9s de haber sufrido lesiones. Nuestro enfoque de los litigios por lesiones personales funciona. En nuestras tres d\u00e9cadas de carrera, hemos obtenido cientos de millones de d\u00f3lares en indemnizaciones para nuestros clientes.<\/p>\n<h2>\u00bfY por qu\u00e9 es tan importante esta cobertura?<\/h2>\n<p>Un conductor sin seguro es alguien que:<\/p>\n<ul>\n<li>No tiene cobertura de seguro<\/li>\n<li>Tiene un seguro que no cumple los requisitos m\u00ednimos de responsabilidad civil exigidos por el Estado.<\/li>\n<li>La compa\u00f1\u00eda de seguros le ha denegado la indemnizaci\u00f3n o no ha podido pagarle (se ha declarado insolvente).<\/li>\n<li>Puede tratarse de un conductor que se dio a la fuga y caus\u00f3 lesiones corporales<\/li>\n<\/ul>\n<p>La cobertura para conductores sin seguro est\u00e1 dise\u00f1ada para compensar al asegurado por las p\u00e9rdidas, tanto por da\u00f1os materiales como por lesiones f\u00edsicas, causadas por un conductor sin seguro o con seguro insuficiente o que huye del lugar del accidente. Debido a que el problema es tan persistente, las compa\u00f1\u00edas de seguros de California est\u00e1n obligadas por ley a incluir esta cobertura como parte de cada p\u00f3liza, a menos que se rechace espec\u00edficamente por escrito.<\/p>\n<p>Pero el hecho de que este seguro est\u00e9 disponible no significa que una compa\u00f1\u00eda de seguros vaya a atender una reclamaci\u00f3n de la p\u00f3liza en una situaci\u00f3n de este tipo. En tales casos, los abogados de lesiones personales que se ocupan de este tipo de demandas son cruciales.<\/p>\n<p>Un conductor con seguro insuficiente es alguien que ha cumplido los requisitos legales m\u00ednimos de responsabilidad financiera, pero no tiene l\u00edmites de pago lo suficientemente altos como para cubrir los da\u00f1os causados. La protecci\u00f3n para conductores con seguro insuficiente paga al asegurado los da\u00f1os que superen los l\u00edmites de pago del conductor con seguro insuficiente. Al menos, esa es su funci\u00f3n.<\/p>\n<p>La ley de California s\u00f3lo obliga a los conductores a tener una cobertura m\u00ednima de responsabilidad civil de $15.000 por da\u00f1os personales y $5.000 por da\u00f1os a su autom\u00f3vil. Si usted resulta gravemente herido en un accidente, esta cobertura m\u00ednima no se acercar\u00e1 a compensarle plenamente por sus lesiones. Muchas personas gravemente heridas incurren en millones de d\u00f3lares en gastos m\u00e9dicos.<\/p>\n<p>Otras razones importantes para obtener la m\u00e1xima cobertura son:<\/p>\n<ul>\n<li>Recuperar la integridad financiera. Esta cobertura le proteger\u00e1 cuando haya sufrido da\u00f1os a manos de un conductor sin seguro. Esta cobertura adicional puede pagar sus gastos m\u00e9dicos, salarios perdidos, p\u00e9rdida de capacidad de ganancia, dolor y sufrimiento, desfiguraci\u00f3n y otros da\u00f1os resultantes del accidente, hasta los l\u00edmites de la p\u00f3liza.<\/li>\n<li>Este complemento de la cobertura es relativamente barato.<\/li>\n<li>Le cubre a usted y a todos los miembros de su familia que residan en su domicilio. Tambi\u00e9n incluye a los hijos menores de edad que no residan con usted o a los hijos que est\u00e9n en el colegio o la universidad.<\/li>\n<li>La cobertura se aplica incluso si usted era peat\u00f3n, ciclista, motorista o transe\u00fante y result\u00f3 herido por un motorista sin seguro o con seguro insuficiente.<\/li>\n<\/ul>\n<p>Sin duda, esa cobertura merece la pena. Sin embargo, en raras ocasiones, su compa\u00f1\u00eda de seguros puede no atender su reclamaci\u00f3n por diversos motivos.<\/p>\n<h2>Llame para conocer sus opciones<\/h2>\n<p>Si ha sufrido un accidente y su reclamaci\u00f3n de cobertura ha sido denegada, se est\u00e1 retrasando o no es adecuada, es posible que podamos ayudarle. Hemos manejado innumerables casos en los que nuestros clientes han tenido sus reclamaciones denegadas por su compa\u00f1\u00eda de seguros.<\/p>\n<p>Ll\u00e1menos para una consulta gratuita al <a role=\"link\" href=\"tel:+1-818-992-2919\" data-wpel-link=\"internal\">818-992-2919<\/a> sobre \u00e9sta o cualquier otra cuesti\u00f3n relacionada con lesiones. Tambi\u00e9n puede ponerse en contacto con nosotros a trav\u00e9s de <a role=\"link\" href=\"https:\/\/freeman-freeman.com\/es\/pongase-en-contacto-con\/\" data-wpel-link=\"internal\">nuestro formulario de admisi\u00f3n en l\u00ednea.<\/a><\/p>","protected":false},"excerpt":{"rendered":"<p>Woodland Hills Uninsured\/Underinsured Motorist Attorney According to many estimates, one out of every three drivers on California roads is uninsured or underinsured; some of these drivers may have the bare minimum insurance to be legal but their insurance is far from adequate especially if serious injuries occur. Such motorists often drive the most unsafe automobiles. &hellip; <\/p>\n<p class=\"link-more\"><a href=\"https:\/\/freeman-freeman.com\/es\/woodland-hills-uninsured-underinsured-motorist-lawyer\/\" class=\"more-link\">Seguir leyendo<span class=\"screen-reader-text\"> &#8220;Woodland Hills Uninsured and Underinsured Motorist Lawyer&#8221;<\/span><\/a><\/p>","protected":false},"author":1,"featured_media":0,"parent":0,"menu_order":0,"comment_status":"closed","ping_status":"closed","template":"","meta":{"_acf_changed":false,"footnotes":""},"class_list":["post-1316","page","type-page","status-publish","hentry","entry"],"acf":[],"yoast_head":"<!-- This site is optimized with the Yoast SEO plugin v27.5 - https:\/\/yoast.com\/product\/yoast-seo-wordpress\/ -->\n<title>Woodland Hills Uninsured\/Underinsured Motorist Lawyer<\/title>\n<meta name=\"description\" content=\"You can trust our lawyers to aggressively seek full compensation for your accident personal injury. Call for a free initial consultation.\" \/>\n<meta name=\"robots\" content=\"index, follow, max-snippet:-1, max-image-preview:large, max-video-preview:-1\" \/>\n<link rel=\"canonical\" href=\"https:\/\/freeman-freeman.com\/es\/woodland-hills-motorista-sin-seguro-con-seguro-insuficiente-abogado\/\" \/>\n<meta property=\"og:locale\" content=\"es_MX\" \/>\n<meta property=\"og:type\" content=\"article\" \/>\n<meta property=\"og:title\" content=\"Woodland Hills Uninsured\/Underinsured Motorist Lawyer\" \/>\n<meta property=\"og:description\" content=\"You can trust our lawyers to aggressively seek full compensation for your accident personal injury. Call for a free initial consultation.\" \/>\n<meta property=\"og:url\" content=\"https:\/\/freeman-freeman.com\/es\/woodland-hills-motorista-sin-seguro-con-seguro-insuficiente-abogado\/\" \/>\n<meta property=\"og:site_name\" content=\"Freeman &amp; Freeman, LLP\" \/>\n<meta property=\"article:publisher\" content=\"https:\/\/www.facebook.com\/FreemanFreemanLaw\" \/>\n<meta property=\"article:modified_time\" content=\"2024-02-07T14:48:46+00:00\" \/>\n<meta property=\"og:image\" content=\"https:\/\/freeman-freeman.com\/wp-content\/uploads\/2023\/11\/i-personalInjury-1.webp\" \/>\n<meta name=\"twitter:card\" content=\"summary_large_image\" \/>\n<meta name=\"twitter:site\" content=\"@FreemanFreeman1\" \/>\n<meta name=\"twitter:label1\" content=\"Tiempo de lectura\" \/>\n\t<meta name=\"twitter:data1\" content=\"4 minutos\" \/>\n<script type=\"application\/ld+json\" class=\"yoast-schema-graph\">{\"@context\":\"https:\\\/\\\/schema.org\",\"@graph\":[{\"@type\":\"WebPage\",\"@id\":\"https:\\\/\\\/freeman-freeman.com\\\/woodland-hills-uninsured-underinsured-motorist-lawyer\\\/\",\"url\":\"https:\\\/\\\/freeman-freeman.com\\\/woodland-hills-uninsured-underinsured-motorist-lawyer\\\/\",\"name\":\"Woodland Hills Uninsured\\\/Underinsured Motorist Lawyer\",\"isPartOf\":{\"@id\":\"https:\\\/\\\/freeman-freeman.com\\\/#website\"},\"primaryImageOfPage\":{\"@id\":\"https:\\\/\\\/freeman-freeman.com\\\/woodland-hills-uninsured-underinsured-motorist-lawyer\\\/#primaryimage\"},\"image\":{\"@id\":\"https:\\\/\\\/freeman-freeman.com\\\/woodland-hills-uninsured-underinsured-motorist-lawyer\\\/#primaryimage\"},\"thumbnailUrl\":\"https:\\\/\\\/freeman-freeman.com\\\/wp-content\\\/uploads\\\/2023\\\/11\\\/i-personalInjury-1.webp\",\"datePublished\":\"2023-11-28T10:15:37+00:00\",\"dateModified\":\"2024-02-07T14:48:46+00:00\",\"description\":\"You can trust our lawyers to aggressively seek full compensation for your accident personal injury. Call for a free initial consultation.\",\"inLanguage\":\"es\",\"potentialAction\":[{\"@type\":\"ReadAction\",\"target\":[\"https:\\\/\\\/freeman-freeman.com\\\/woodland-hills-uninsured-underinsured-motorist-lawyer\\\/\"]}]},{\"@type\":\"ImageObject\",\"inLanguage\":\"es\",\"@id\":\"https:\\\/\\\/freeman-freeman.com\\\/woodland-hills-uninsured-underinsured-motorist-lawyer\\\/#primaryimage\",\"url\":\"https:\\\/\\\/freeman-freeman.com\\\/wp-content\\\/uploads\\\/2023\\\/11\\\/i-personalInjury-1.webp\",\"contentUrl\":\"https:\\\/\\\/freeman-freeman.com\\\/wp-content\\\/uploads\\\/2023\\\/11\\\/i-personalInjury-1.webp\"},{\"@type\":\"WebSite\",\"@id\":\"https:\\\/\\\/freeman-freeman.com\\\/#website\",\"url\":\"https:\\\/\\\/freeman-freeman.com\\\/\",\"name\":\"Freeman &amp; Freeman, LLP\",\"description\":\"\",\"publisher\":{\"@id\":\"https:\\\/\\\/freeman-freeman.com\\\/#organization\"},\"potentialAction\":[{\"@type\":\"SearchAction\",\"target\":{\"@type\":\"EntryPoint\",\"urlTemplate\":\"https:\\\/\\\/freeman-freeman.com\\\/?s={search_term_string}\"},\"query-input\":{\"@type\":\"PropertyValueSpecification\",\"valueRequired\":true,\"valueName\":\"search_term_string\"}}],\"inLanguage\":\"es\"},{\"@type\":\"Organization\",\"@id\":\"https:\\\/\\\/freeman-freeman.com\\\/#organization\",\"name\":\"Freeman & Freeman, LLP\",\"url\":\"https:\\\/\\\/freeman-freeman.com\\\/\",\"logo\":{\"@type\":\"ImageObject\",\"inLanguage\":\"es\",\"@id\":\"https:\\\/\\\/freeman-freeman.com\\\/#\\\/schema\\\/logo\\\/image\\\/\",\"url\":\"https:\\\/\\\/freeman-freeman.com\\\/wp-content\\\/uploads\\\/2024\\\/01\\\/logo.jpg\",\"contentUrl\":\"https:\\\/\\\/freeman-freeman.com\\\/wp-content\\\/uploads\\\/2024\\\/01\\\/logo.jpg\",\"width\":674,\"height\":104,\"caption\":\"Freeman & Freeman, LLP\"},\"image\":{\"@id\":\"https:\\\/\\\/freeman-freeman.com\\\/#\\\/schema\\\/logo\\\/image\\\/\"},\"sameAs\":[\"https:\\\/\\\/www.facebook.com\\\/FreemanFreemanLaw\",\"https:\\\/\\\/x.com\\\/FreemanFreeman1\",\"https:\\\/\\\/www.linkedin.com\\\/company\\\/freeman-freeman-llp\"]}]}<\/script>\n<!-- \/ Yoast SEO plugin. -->","yoast_head_json":{"title":"Woodland Hills Uninsured\/Underinsured Motorist Abogado","description":"Usted puede confiar en nuestros abogados para buscar agresivamente una compensaci\u00f3n total por su accidente de lesiones personales. Llame para una consulta inicial gratuita.","robots":{"index":"index","follow":"follow","max-snippet":"max-snippet:-1","max-image-preview":"max-image-preview:large","max-video-preview":"max-video-preview:-1"},"canonical":"https:\/\/freeman-freeman.com\/es\/woodland-hills-motorista-sin-seguro-con-seguro-insuficiente-abogado\/","og_locale":"es_MX","og_type":"article","og_title":"Woodland Hills Uninsured\/Underinsured Motorist Lawyer","og_description":"You can trust our lawyers to aggressively seek full compensation for your accident personal injury. Call for a free initial consultation.","og_url":"https:\/\/freeman-freeman.com\/es\/woodland-hills-motorista-sin-seguro-con-seguro-insuficiente-abogado\/","og_site_name":"Freeman &amp; Freeman, LLP","article_publisher":"https:\/\/www.facebook.com\/FreemanFreemanLaw","article_modified_time":"2024-02-07T14:48:46+00:00","og_image":[{"url":"https:\/\/freeman-freeman.com\/wp-content\/uploads\/2023\/11\/i-personalInjury-1.webp","type":"","width":"","height":""}],"twitter_card":"summary_large_image","twitter_site":"@FreemanFreeman1","twitter_misc":{"Tiempo de lectura":"4 minutos"},"schema":{"@context":"https:\/\/schema.org","@graph":[{"@type":"WebPage","@id":"https:\/\/freeman-freeman.com\/woodland-hills-uninsured-underinsured-motorist-lawyer\/","url":"https:\/\/freeman-freeman.com\/woodland-hills-uninsured-underinsured-motorist-lawyer\/","name":"Woodland Hills Uninsured\/Underinsured Motorist Abogado","isPartOf":{"@id":"https:\/\/freeman-freeman.com\/#website"},"primaryImageOfPage":{"@id":"https:\/\/freeman-freeman.com\/woodland-hills-uninsured-underinsured-motorist-lawyer\/#primaryimage"},"image":{"@id":"https:\/\/freeman-freeman.com\/woodland-hills-uninsured-underinsured-motorist-lawyer\/#primaryimage"},"thumbnailUrl":"https:\/\/freeman-freeman.com\/wp-content\/uploads\/2023\/11\/i-personalInjury-1.webp","datePublished":"2023-11-28T10:15:37+00:00","dateModified":"2024-02-07T14:48:46+00:00","description":"Usted puede confiar en nuestros abogados para buscar agresivamente una compensaci\u00f3n total por su accidente de lesiones personales. Llame para una consulta inicial gratuita.","inLanguage":"es","potentialAction":[{"@type":"ReadAction","target":["https:\/\/freeman-freeman.com\/woodland-hills-uninsured-underinsured-motorist-lawyer\/"]}]},{"@type":"ImageObject","inLanguage":"es","@id":"https:\/\/freeman-freeman.com\/woodland-hills-uninsured-underinsured-motorist-lawyer\/#primaryimage","url":"https:\/\/freeman-freeman.com\/wp-content\/uploads\/2023\/11\/i-personalInjury-1.webp","contentUrl":"https:\/\/freeman-freeman.com\/wp-content\/uploads\/2023\/11\/i-personalInjury-1.webp"},{"@type":"WebSite","@id":"https:\/\/freeman-freeman.com\/#website","url":"https:\/\/freeman-freeman.com\/","name":"Freeman &amp; Freeman, LLP","description":"","publisher":{"@id":"https:\/\/freeman-freeman.com\/#organization"},"potentialAction":[{"@type":"SearchAction","target":{"@type":"EntryPoint","urlTemplate":"https:\/\/freeman-freeman.com\/?s={search_term_string}"},"query-input":{"@type":"PropertyValueSpecification","valueRequired":true,"valueName":"search_term_string"}}],"inLanguage":"es"},{"@type":"Organization","@id":"https:\/\/freeman-freeman.com\/#organization","name":"Freeman &amp; Freeman, LLP","url":"https:\/\/freeman-freeman.com\/","logo":{"@type":"ImageObject","inLanguage":"es","@id":"https:\/\/freeman-freeman.com\/#\/schema\/logo\/image\/","url":"https:\/\/freeman-freeman.com\/wp-content\/uploads\/2024\/01\/logo.jpg","contentUrl":"https:\/\/freeman-freeman.com\/wp-content\/uploads\/2024\/01\/logo.jpg","width":674,"height":104,"caption":"Freeman & Freeman, LLP"},"image":{"@id":"https:\/\/freeman-freeman.com\/#\/schema\/logo\/image\/"},"sameAs":["https:\/\/www.facebook.com\/FreemanFreemanLaw","https:\/\/x.com\/FreemanFreeman1","https:\/\/www.linkedin.com\/company\/freeman-freeman-llp"]}]}},"_links":{"self":[{"href":"https:\/\/freeman-freeman.com\/es\/wp-json\/wp\/v2\/pages\/1316","targetHints":{"allow":["GET"]}}],"collection":[{"href":"https:\/\/freeman-freeman.com\/es\/wp-json\/wp\/v2\/pages"}],"about":[{"href":"https:\/\/freeman-freeman.com\/es\/wp-json\/wp\/v2\/types\/page"}],"author":[{"embeddable":true,"href":"https:\/\/freeman-freeman.com\/es\/wp-json\/wp\/v2\/users\/1"}],"replies":[{"embeddable":true,"href":"https:\/\/freeman-freeman.com\/es\/wp-json\/wp\/v2\/comments?post=1316"}],"version-history":[{"count":3,"href":"https:\/\/freeman-freeman.com\/es\/wp-json\/wp\/v2\/pages\/1316\/revisions"}],"predecessor-version":[{"id":2008,"href":"https:\/\/freeman-freeman.com\/es\/wp-json\/wp\/v2\/pages\/1316\/revisions\/2008"}],"wp:attachment":[{"href":"https:\/\/freeman-freeman.com\/es\/wp-json\/wp\/v2\/media?parent=1316"}],"curies":[{"name":"wp","href":"https:\/\/api.w.org\/{rel}","templated":true}]}}