{"id":1322,"date":"2023-11-28T10:19:34","date_gmt":"2023-11-28T10:19:34","guid":{"rendered":"https:\/\/freeman-freeman.com\/?page_id=1322"},"modified":"2024-02-09T06:58:51","modified_gmt":"2024-02-09T06:58:51","slug":"woodland-hills-abogado-de-lesiones-catastroficas","status":"publish","type":"page","link":"https:\/\/freeman-freeman.com\/es\/woodland-hills-catastrophic-injury-lawyer\/","title":{"rendered":"Woodland Hills Abogado de Lesiones Catastr\u00f3ficas"},"content":{"rendered":"<h2><span data-sheets-root=\"1\" data-sheets-value=\"{&quot;1&quot;:2,&quot;2&quot;:&quot;Woodland Hills Catastrophic Injury Lawyer&quot;}\" data-sheets-userformat=\"{&quot;2&quot;:15105,&quot;3&quot;:{&quot;1&quot;:0},&quot;11&quot;:0,&quot;12&quot;:0,&quot;14&quot;:{&quot;1&quot;:2,&quot;2&quot;:0},&quot;15&quot;:&quot;Calibri&quot;,&quot;16&quot;:11}\">Woodland Hills Abogado de Lesiones Catastr\u00f3ficas<\/span><\/h2>\n<div class=\"abt-img\"><img loading=\"lazy\" decoding=\"async\" class=\"alignnone\" title=\"Woodland Hills Abogado de Lesiones Catastr\u00f3ficas\" src=\"https:\/\/freeman-freeman.com\/wp-content\/uploads\/2023\/12\/castrophic-injimg1.webp\" alt=\"Woodland Hills Abogado de Lesiones Catastr\u00f3ficas\" width=\"970\" height=\"500\" \/><\/div>\n<h2>Representaci\u00f3n legal compasiva para v\u00edctimas de lesiones catastr\u00f3ficas<\/h2>\n<p>Las lesiones catastr\u00f3ficas pueden cambiar permanentemente la vida de una persona. Los da\u00f1os de una lesi\u00f3n abarcan m\u00e1s que el da\u00f1o corporal, ya que tambi\u00e9n afectan a otros aspectos de la vida de un individuo. La p\u00e9rdida total de la capacidad de ganancia, la disminuci\u00f3n de la esperanza de vida, el trauma psicol\u00f3gico o la depresi\u00f3n son algunos de los resultados derivados de lesiones tan graves.<\/p>\n<p>Si usted o un ser querido se enfrenta a las devastadoras consecuencias de lesiones catastr\u00f3ficas debidas a la negligencia de terceros, llame a un abogado compasivo y experimentado para proteger sus intereses y su indemnizaci\u00f3n.<\/p>\n<h2>Soluciones y servicios personalizados<\/h2>\n<p>Cada caso de lesiones catastr\u00f3ficas es diferente y debe tratarse por separado. En Freeman &amp; Freeman, LLP, nos dedicamos a proteger los derechos de nuestros clientes de California para asegurar que sus compensaciones sean suficientes para cubrir sus necesidades pasadas, presentes y futuras.<\/p>\n<p>Con el fin de proteger los mejores intereses de nuestros clientes, realizamos extensas investigaciones y consultas a expertos de las \u00e1reas m\u00e9dicas pertinentes para respaldar con hechos las necesidades de nuestros clientes. Adem\u00e1s, estamos convencidos de que una indemnizaci\u00f3n justa debe incluir da\u00f1os econ\u00f3micos y no econ\u00f3micos para ayudar a nuestros clientes y seres queridos a seguir adelante.<\/p>\n<h2>Indemnizaci\u00f3n justa por incapacidad de larga duraci\u00f3n o de por vida<\/h2>\n<p>El proceso de c\u00e1lculo de una indemnizaci\u00f3n justa en lesiones catastr\u00f3ficas es m\u00e1s complejo que en lesiones leves. Mientras nos esforzamos por demostrar los da\u00f1os causados y si son de larga duraci\u00f3n o permanentes, el siguiente paso es demostrar los gastos necesarios para vivir su vida con cierta normalidad.<\/p>\n<p>Para respaldar sus necesidades, trabajaremos para demostrar lo siguiente, por nombrar algunos:<\/p>\n<ul>\n<li>El tipo de equipamiento, herramientas o reformas que necesita<\/li>\n<li>Una indemnizaci\u00f3n por una posible p\u00e9rdida de ingresos de por vida<\/li>\n<li>En algunos casos, costes de formaci\u00f3n profesional para aprender nuevas habilidades seg\u00fan las posibilidades del individuo<\/li>\n<li>Fondos para recuperarse del trauma emocional y el sufrimiento<\/li>\n<\/ul>\n<p>Algunas lesiones catastr\u00f3ficas incluyen:<\/p>\n<ul>\n<li>Da\u00f1os en \u00f3rganos o amputaciones<\/li>\n<li><a role=\"link\" href=\"https:\/\/freeman-freeman.com\/es\/woodland-hills-abogado-de-lesiones-de-la-medula-espinal\/\" data-wpel-link=\"internal\">Fracturas o lesiones cerebrales y vertebrales<\/a><\/li>\n<li>Quemaduras graves<\/li>\n<li>Desfiguraci\u00f3n debida a mordeduras de animales como <a href=\"https:\/\/freeman-freeman.com\/es\/woodland-hills-abogado-de-mordedura-de-perro\/\">mordedura de perro<\/a>.<\/li>\n<\/ul>\n<p>Tambi\u00e9n existe una alta posibilidad de que su caso sea negociado y resuelto fuera de los tribunales, principalmente en asuntos relacionados con lesiones catastr\u00f3ficas. Lucharemos para maximizar su indemnizaci\u00f3n.<\/p>\n<h2>Su caso, nuestra prioridad.<\/h2>\n<p>Su consulta no tiene ning\u00fan coste. Usted paga nuestros honorarios cuando recuperamos su indemnizaci\u00f3n. Llame a <a role=\"link\" href=\"tel:+1-818-992-2919\" data-wpel-link=\"internal\">818-992-2919<\/a> o utilice <a role=\"link\" href=\"https:\/\/freeman-freeman.com\/es\/pongase-en-contacto-con\/\" data-wpel-link=\"internal\">nuestro formulario de admisi\u00f3n en l\u00ednea<\/a> para concertar una cita.<\/p>","protected":false},"excerpt":{"rendered":"<p>Woodland Hills Catastrophic Injury Attorney Compassionate Legal Representation For Catastrophic Injury Victims Catastrophic injuries have the potential to change an individual\u2019s life permanently. The damages of an injury cover more than bodily injury, as they also affect other aspects of an individual\u2019s life. Total loss of earning capacity, decreased life expectancy, psychological trauma or depression &hellip; <\/p>\n<p class=\"link-more\"><a href=\"https:\/\/freeman-freeman.com\/es\/woodland-hills-catastrophic-injury-lawyer\/\" class=\"more-link\">Seguir leyendo<span class=\"screen-reader-text\"> &#8220;Woodland Hills Catastrophic Injury Lawyer&#8221;<\/span><\/a><\/p>","protected":false},"author":1,"featured_media":0,"parent":0,"menu_order":0,"comment_status":"closed","ping_status":"closed","template":"","meta":{"_acf_changed":false,"footnotes":""},"class_list":["post-1322","page","type-page","status-publish","hentry","entry"],"acf":[],"yoast_head":"<!-- This site is optimized with the Yoast SEO plugin v27.5 - https:\/\/yoast.com\/product\/yoast-seo-wordpress\/ -->\n<title>Woodland Hills Catastrophic Injury Lawyer - Free Consultation<\/title>\n<meta name=\"description\" content=\"Suffered a catastrophic injury in? Trust our Woodland Hills catastrophic injury lawyer at Freeman &amp; Freeman, LLP. Get in touch!\" \/>\n<meta name=\"robots\" content=\"index, follow, max-snippet:-1, max-image-preview:large, max-video-preview:-1\" \/>\n<link rel=\"canonical\" href=\"https:\/\/freeman-freeman.com\/es\/woodland-hills-abogado-de-lesiones-catastroficas\/\" \/>\n<meta property=\"og:locale\" content=\"es_MX\" \/>\n<meta property=\"og:type\" content=\"article\" \/>\n<meta property=\"og:title\" content=\"Woodland Hills Catastrophic Injury Lawyer - Free Consultation\" \/>\n<meta property=\"og:description\" content=\"Suffered a catastrophic injury in? Trust our Woodland Hills catastrophic injury lawyer at Freeman &amp; Freeman, LLP. Get in touch!\" \/>\n<meta property=\"og:url\" content=\"https:\/\/freeman-freeman.com\/es\/woodland-hills-abogado-de-lesiones-catastroficas\/\" \/>\n<meta property=\"og:site_name\" content=\"Freeman &amp; Freeman, LLP\" \/>\n<meta property=\"article:publisher\" content=\"https:\/\/www.facebook.com\/FreemanFreemanLaw\" \/>\n<meta property=\"article:modified_time\" content=\"2024-02-09T06:58:51+00:00\" \/>\n<meta property=\"og:image\" content=\"https:\/\/freeman-freeman.com\/wp-content\/uploads\/2023\/12\/castrophic-injimg1.webp\" \/>\n<meta name=\"twitter:card\" content=\"summary_large_image\" \/>\n<meta name=\"twitter:site\" content=\"@FreemanFreeman1\" \/>\n<meta name=\"twitter:label1\" content=\"Tiempo de lectura\" \/>\n\t<meta name=\"twitter:data1\" content=\"2 minutos\" \/>\n<script type=\"application\/ld+json\" class=\"yoast-schema-graph\">{\"@context\":\"https:\\\/\\\/schema.org\",\"@graph\":[{\"@type\":\"WebPage\",\"@id\":\"https:\\\/\\\/freeman-freeman.com\\\/woodland-hills-catastrophic-injury-lawyer\\\/\",\"url\":\"https:\\\/\\\/freeman-freeman.com\\\/woodland-hills-catastrophic-injury-lawyer\\\/\",\"name\":\"Woodland Hills Catastrophic Injury Lawyer - Free Consultation\",\"isPartOf\":{\"@id\":\"https:\\\/\\\/freeman-freeman.com\\\/#website\"},\"primaryImageOfPage\":{\"@id\":\"https:\\\/\\\/freeman-freeman.com\\\/woodland-hills-catastrophic-injury-lawyer\\\/#primaryimage\"},\"image\":{\"@id\":\"https:\\\/\\\/freeman-freeman.com\\\/woodland-hills-catastrophic-injury-lawyer\\\/#primaryimage\"},\"thumbnailUrl\":\"https:\\\/\\\/freeman-freeman.com\\\/wp-content\\\/uploads\\\/2023\\\/12\\\/castrophic-injimg1.webp\",\"datePublished\":\"2023-11-28T10:19:34+00:00\",\"dateModified\":\"2024-02-09T06:58:51+00:00\",\"description\":\"Suffered a catastrophic injury in? Trust our Woodland Hills catastrophic injury lawyer at Freeman & Freeman, LLP. Get in touch!\",\"inLanguage\":\"es\",\"potentialAction\":[{\"@type\":\"ReadAction\",\"target\":[\"https:\\\/\\\/freeman-freeman.com\\\/woodland-hills-catastrophic-injury-lawyer\\\/\"]}]},{\"@type\":\"ImageObject\",\"inLanguage\":\"es\",\"@id\":\"https:\\\/\\\/freeman-freeman.com\\\/woodland-hills-catastrophic-injury-lawyer\\\/#primaryimage\",\"url\":\"https:\\\/\\\/freeman-freeman.com\\\/wp-content\\\/uploads\\\/2023\\\/12\\\/castrophic-injimg1.webp\",\"contentUrl\":\"https:\\\/\\\/freeman-freeman.com\\\/wp-content\\\/uploads\\\/2023\\\/12\\\/castrophic-injimg1.webp\"},{\"@type\":\"WebSite\",\"@id\":\"https:\\\/\\\/freeman-freeman.com\\\/#website\",\"url\":\"https:\\\/\\\/freeman-freeman.com\\\/\",\"name\":\"Freeman &amp; Freeman, LLP\",\"description\":\"\",\"publisher\":{\"@id\":\"https:\\\/\\\/freeman-freeman.com\\\/#organization\"},\"potentialAction\":[{\"@type\":\"SearchAction\",\"target\":{\"@type\":\"EntryPoint\",\"urlTemplate\":\"https:\\\/\\\/freeman-freeman.com\\\/?s={search_term_string}\"},\"query-input\":{\"@type\":\"PropertyValueSpecification\",\"valueRequired\":true,\"valueName\":\"search_term_string\"}}],\"inLanguage\":\"es\"},{\"@type\":\"Organization\",\"@id\":\"https:\\\/\\\/freeman-freeman.com\\\/#organization\",\"name\":\"Freeman & Freeman, LLP\",\"url\":\"https:\\\/\\\/freeman-freeman.com\\\/\",\"logo\":{\"@type\":\"ImageObject\",\"inLanguage\":\"es\",\"@id\":\"https:\\\/\\\/freeman-freeman.com\\\/#\\\/schema\\\/logo\\\/image\\\/\",\"url\":\"https:\\\/\\\/freeman-freeman.com\\\/wp-content\\\/uploads\\\/2024\\\/01\\\/logo.jpg\",\"contentUrl\":\"https:\\\/\\\/freeman-freeman.com\\\/wp-content\\\/uploads\\\/2024\\\/01\\\/logo.jpg\",\"width\":674,\"height\":104,\"caption\":\"Freeman & Freeman, LLP\"},\"image\":{\"@id\":\"https:\\\/\\\/freeman-freeman.com\\\/#\\\/schema\\\/logo\\\/image\\\/\"},\"sameAs\":[\"https:\\\/\\\/www.facebook.com\\\/FreemanFreemanLaw\",\"https:\\\/\\\/x.com\\\/FreemanFreeman1\",\"https:\\\/\\\/www.linkedin.com\\\/company\\\/freeman-freeman-llp\"]}]}<\/script>\n<!-- \/ Yoast SEO plugin. -->","yoast_head_json":{"title":"Woodland Hills Abogado de Lesiones Catastr\u00f3ficas - Consulta Gratuita","description":"\u00bfSufri\u00f3 una lesi\u00f3n catastr\u00f3fica en? Conf\u00ede en nuestro abogado de lesiones catastr\u00f3ficas de Woodland Hills en Freeman &amp; Freeman, LLP. \u00a1P\u00f3ngase en contacto!","robots":{"index":"index","follow":"follow","max-snippet":"max-snippet:-1","max-image-preview":"max-image-preview:large","max-video-preview":"max-video-preview:-1"},"canonical":"https:\/\/freeman-freeman.com\/es\/woodland-hills-abogado-de-lesiones-catastroficas\/","og_locale":"es_MX","og_type":"article","og_title":"Woodland Hills Catastrophic Injury Lawyer - Free Consultation","og_description":"Suffered a catastrophic injury in? Trust our Woodland Hills catastrophic injury lawyer at Freeman & Freeman, LLP. Get in touch!","og_url":"https:\/\/freeman-freeman.com\/es\/woodland-hills-abogado-de-lesiones-catastroficas\/","og_site_name":"Freeman &amp; Freeman, LLP","article_publisher":"https:\/\/www.facebook.com\/FreemanFreemanLaw","article_modified_time":"2024-02-09T06:58:51+00:00","og_image":[{"url":"https:\/\/freeman-freeman.com\/wp-content\/uploads\/2023\/12\/castrophic-injimg1.webp","type":"","width":"","height":""}],"twitter_card":"summary_large_image","twitter_site":"@FreemanFreeman1","twitter_misc":{"Tiempo de lectura":"2 minutos"},"schema":{"@context":"https:\/\/schema.org","@graph":[{"@type":"WebPage","@id":"https:\/\/freeman-freeman.com\/woodland-hills-catastrophic-injury-lawyer\/","url":"https:\/\/freeman-freeman.com\/woodland-hills-catastrophic-injury-lawyer\/","name":"Woodland Hills Abogado de Lesiones Catastr\u00f3ficas - Consulta Gratuita","isPartOf":{"@id":"https:\/\/freeman-freeman.com\/#website"},"primaryImageOfPage":{"@id":"https:\/\/freeman-freeman.com\/woodland-hills-catastrophic-injury-lawyer\/#primaryimage"},"image":{"@id":"https:\/\/freeman-freeman.com\/woodland-hills-catastrophic-injury-lawyer\/#primaryimage"},"thumbnailUrl":"https:\/\/freeman-freeman.com\/wp-content\/uploads\/2023\/12\/castrophic-injimg1.webp","datePublished":"2023-11-28T10:19:34+00:00","dateModified":"2024-02-09T06:58:51+00:00","description":"\u00bfSufri\u00f3 una lesi\u00f3n catastr\u00f3fica en? Conf\u00ede en nuestro abogado de lesiones catastr\u00f3ficas de Woodland Hills en Freeman &amp; Freeman, LLP. \u00a1P\u00f3ngase en contacto!","inLanguage":"es","potentialAction":[{"@type":"ReadAction","target":["https:\/\/freeman-freeman.com\/woodland-hills-catastrophic-injury-lawyer\/"]}]},{"@type":"ImageObject","inLanguage":"es","@id":"https:\/\/freeman-freeman.com\/woodland-hills-catastrophic-injury-lawyer\/#primaryimage","url":"https:\/\/freeman-freeman.com\/wp-content\/uploads\/2023\/12\/castrophic-injimg1.webp","contentUrl":"https:\/\/freeman-freeman.com\/wp-content\/uploads\/2023\/12\/castrophic-injimg1.webp"},{"@type":"WebSite","@id":"https:\/\/freeman-freeman.com\/#website","url":"https:\/\/freeman-freeman.com\/","name":"Freeman &amp; Freeman, LLP","description":"","publisher":{"@id":"https:\/\/freeman-freeman.com\/#organization"},"potentialAction":[{"@type":"SearchAction","target":{"@type":"EntryPoint","urlTemplate":"https:\/\/freeman-freeman.com\/?s={search_term_string}"},"query-input":{"@type":"PropertyValueSpecification","valueRequired":true,"valueName":"search_term_string"}}],"inLanguage":"es"},{"@type":"Organization","@id":"https:\/\/freeman-freeman.com\/#organization","name":"Freeman &amp; Freeman, LLP","url":"https:\/\/freeman-freeman.com\/","logo":{"@type":"ImageObject","inLanguage":"es","@id":"https:\/\/freeman-freeman.com\/#\/schema\/logo\/image\/","url":"https:\/\/freeman-freeman.com\/wp-content\/uploads\/2024\/01\/logo.jpg","contentUrl":"https:\/\/freeman-freeman.com\/wp-content\/uploads\/2024\/01\/logo.jpg","width":674,"height":104,"caption":"Freeman & Freeman, LLP"},"image":{"@id":"https:\/\/freeman-freeman.com\/#\/schema\/logo\/image\/"},"sameAs":["https:\/\/www.facebook.com\/FreemanFreemanLaw","https:\/\/x.com\/FreemanFreeman1","https:\/\/www.linkedin.com\/company\/freeman-freeman-llp"]}]}},"_links":{"self":[{"href":"https:\/\/freeman-freeman.com\/es\/wp-json\/wp\/v2\/pages\/1322","targetHints":{"allow":["GET"]}}],"collection":[{"href":"https:\/\/freeman-freeman.com\/es\/wp-json\/wp\/v2\/pages"}],"about":[{"href":"https:\/\/freeman-freeman.com\/es\/wp-json\/wp\/v2\/types\/page"}],"author":[{"embeddable":true,"href":"https:\/\/freeman-freeman.com\/es\/wp-json\/wp\/v2\/users\/1"}],"replies":[{"embeddable":true,"href":"https:\/\/freeman-freeman.com\/es\/wp-json\/wp\/v2\/comments?post=1322"}],"version-history":[{"count":8,"href":"https:\/\/freeman-freeman.com\/es\/wp-json\/wp\/v2\/pages\/1322\/revisions"}],"predecessor-version":[{"id":2142,"href":"https:\/\/freeman-freeman.com\/es\/wp-json\/wp\/v2\/pages\/1322\/revisions\/2142"}],"wp:attachment":[{"href":"https:\/\/freeman-freeman.com\/es\/wp-json\/wp\/v2\/media?parent=1322"}],"curies":[{"name":"wp","href":"https:\/\/api.w.org\/{rel}","templated":true}]}}