{"id":1330,"date":"2023-11-28T10:27:30","date_gmt":"2023-11-28T10:27:30","guid":{"rendered":"https:\/\/freeman-freeman.com\/?page_id=1330"},"modified":"2024-02-07T15:33:34","modified_gmt":"2024-02-07T15:33:34","slug":"woodland-hills-abogado-de-mordedura-de-perro","status":"publish","type":"page","link":"https:\/\/freeman-freeman.com\/es\/woodland-hills-dog-bite-lawyer\/","title":{"rendered":"Woodland Hills Abogado Mordedura de Perro"},"content":{"rendered":"<h2><b data-stringify-type=\"bold\">Woodland Hills Abogados de Mordedura de Perro Sirviendo Todo LA<\/b><\/h2>\n<p><img loading=\"lazy\" decoding=\"async\" class=\"aligncenter wp-image-1333 size-full\" title=\"Woodland Hills Abogado Mordedura de Perro\" src=\"https:\/\/freeman-freeman.com\/wp-content\/uploads\/2023\/11\/i-prac-dogbites.webp\" alt=\"Woodland Hills Abogado Mordedura de Perro\" width=\"325\" height=\"204\" srcset=\"https:\/\/freeman-freeman.com\/wp-content\/uploads\/2023\/11\/i-prac-dogbites.webp 325w, https:\/\/freeman-freeman.com\/wp-content\/uploads\/2023\/11\/i-prac-dogbites-300x188.webp 300w\" sizes=\"auto, (max-width: 325px) 100vw, 325px\" \/><\/p>\n<p>En Freeman &amp; Freeman, LLP, hemos estado luchando por la justicia y la compensaci\u00f3n para las v\u00edctimas de mordeduras de perro por m\u00e1s de 40 a\u00f1os. Aunque ning\u00fan abogado puede decir que gana todos sus casos, si tomamos su caso, es porque estamos muy seguros de que vamos a ganar. Nuestra confianza se basa en d\u00e9cadas de \u00e9xito.<\/p>\n<p>Llame a <a role=\"link\" href=\"tel:+1-818-992-2919\" data-wpel-link=\"internal\">818-992-2919<\/a> para hablar con nuestros abogados expertos en mordeduras de perro de Woodland Hills dondequiera que se encuentre en LA.<\/p>\n<p>Cuando un perro hiere a un ni\u00f1o, los da\u00f1os a largo plazo pueden ser importantes. El ni\u00f1o puede tener pesadillas, ansiedad ante perros atados y otras consecuencias psicol\u00f3gicas. Los adultos tambi\u00e9n pueden experimentar ansiedad y miedo.<\/p>\n<p>Y las cicatrices f\u00edsicas -generalmente en la cara- pueden hacer necesario un tratamiento m\u00e9dico exhaustivo. El propietario del perro debe ser considerado responsable. Ellos y su compa\u00f1\u00eda de seguros deben proporcionar apoyo para la recuperaci\u00f3n de las lesiones por mordedura de perro.<\/p>\n<h2>Consulta gratuita \u25aa Llame 24\/7 \u25aa Sin honorarios de abogados a menos que ganemos su caso<\/h2>\n<p>Freeman y Freeman, LLP, representa a las v\u00edctimas de mordeduras de perro, ataques de perros y mutilaciones de perros. Si usted fue atacado como un adulto o su hijo ha sido atacado por un perro, podemos ayudar. Los perros pueden causar enormes da\u00f1os en un corto per\u00edodo de tiempo con sus dientes y sus garras, no importa el tama\u00f1o del animal. Adem\u00e1s, los perros grandes suelen utilizar su peso para derribar a los ni\u00f1os.<\/p>\n<p>Esto puede provocar lesiones importantes. Las mordeduras de perro, los ara\u00f1azos y otras formas de violencia se producen con demasiada frecuencia en Los \u00c1ngeles y en todo el pa\u00eds. Si se responsabiliza a los due\u00f1os irresponsables de perros, tal vez podamos reducir estas preocupantes cifras. Las estad\u00edsticas sobre mordeduras de perro y ataques de animales en Estados Unidos son alarmantes:<\/p>\n<ul>\n<li>Cada a\u00f1o muerden perros a casi 5 millones de personas.<\/li>\n<li>800.000 de los mordidos necesitan atenci\u00f3n m\u00e9dica.<\/li>\n<li>1.000 de los mordidos necesitan tratamiento hospitalario.<\/li>\n<li>La mayor\u00eda de las v\u00edctimas son ni\u00f1os.<\/li>\n<li>La cara es el objetivo m\u00e1s frecuente y puede provocar ceguera y desfiguraci\u00f3n permanente.<\/li>\n<\/ul>\n<p>Cada a\u00f1o el n\u00famero de ni\u00f1os y adultos gravemente heridos o muertos por perros aumenta dram\u00e1ticamente. Desafortunadamente, las estad\u00edsticas han demostrado que California lidera la naci\u00f3n en ataques mortales de perros y lesiones por mordedura de perro.<\/p>\n<h2>Woodland Hills mordedura de perro abogados buscan compensaci\u00f3n por da\u00f1os m\u00e9dicos y emocionales<\/h2>\n<p>Los costes m\u00e9dicos asociados a las mordeduras de perro son asombrosos, pero los costes emocionales pueden ser a\u00fan mayores. Las v\u00edctimas que sobreviven suelen tener miedo de salir a pasear o montar en bicicleta por temor a otro ataque. Tener miedo y pesadillas se convierte a menudo en algo habitual.<\/p>\n<p>Las v\u00edctimas de mordeduras de perro pueden incluso llegar a petrificarse alrededor de perros que est\u00e1n sujetos. Nuestros experimentados abogados de lesiones por mordedura de perro en Woodland Hills buscan una compensaci\u00f3n completa y justa por da\u00f1os m\u00e9dicos y psicol\u00f3gicos en tales casos.<\/p>\n<h2>Abogados con experiencia en mordeduras de perro en Woodland Hills sobre la responsabilidad del due\u00f1o del perro<\/h2>\n<p>California tiene un estatuto de mordedura de perro de responsabilidad estricta: el due\u00f1o de un perro es responsable de los da\u00f1os infligidos por su perro si muerde a una persona que est\u00e1 en un lugar p\u00fablico o legalmente en un lugar privado. Esto incluye estar legalmente en la propiedad del due\u00f1o del perro.<\/p>\n<p>Una v\u00edctima de mordedura de perro tiene derecho a indemnizaci\u00f3n por lesiones tanto f\u00edsicas como emocionales aunque el perro nunca haya mordido a nadie antes y el due\u00f1o del perro no tuviera ni idea de que el perro iba a morder. No hay excusa para que un perro muerda a un invitado o a una persona que simplemente se encuentra en un espacio p\u00fablico. El due\u00f1o del perro debe sujetar al animal. Si no lo hace, debe ser considerado responsable.<\/p>\n<p>Si usted es v\u00edctima de una mordedura de perro, ataque animal o mutilaci\u00f3n, necesita una representaci\u00f3n agresiva y competente. Por favor <a role=\"link\" href=\"https:\/\/freeman-freeman.com\/es\/pongase-en-contacto-con\/\" data-wpel-link=\"internal\">Contacto<\/a> en l\u00ednea o llame al <a role=\"link\" href=\"tel:+1-818-992-2919\" data-wpel-link=\"internal\">818-992-2919<\/a> para una consulta legal gratuita y determinar su mejor curso de acci\u00f3n.<\/p>","protected":false},"excerpt":{"rendered":"<p>Woodland Hills Dog Bite Attorneys Serving All Of LA At Freeman &amp; Freeman, LLP, we have been fighting for justice and compensation for dog bite victims for over 40 years. While no attorney can say that they win all of their cases, if we take your case, it is because we are highly confident that &hellip; <\/p>\n<p class=\"link-more\"><a href=\"https:\/\/freeman-freeman.com\/es\/woodland-hills-dog-bite-lawyer\/\" class=\"more-link\">Seguir leyendo<span class=\"screen-reader-text\"> &#8220;Woodland Hills Dog Bite Lawyer&#8221;<\/span><\/a><\/p>","protected":false},"author":1,"featured_media":0,"parent":0,"menu_order":0,"comment_status":"closed","ping_status":"closed","template":"","meta":{"_acf_changed":false,"footnotes":""},"class_list":["post-1330","page","type-page","status-publish","hentry","entry"],"acf":[],"yoast_head":"<!-- This site is optimized with the Yoast SEO plugin v27.5 - https:\/\/yoast.com\/product\/yoast-seo-wordpress\/ -->\n<title>Woodland Hills Dog Bite Lawyer - Animal Attack Law CA<\/title>\n<meta name=\"description\" content=\"Seeking legal aid after a dog bite incident in Woodland Hills? Consult Freeman &amp; Freeman, LLP, your trusted Woodland Hills Dog Bite Lawyer. Contact now!\" \/>\n<meta name=\"robots\" content=\"index, follow, max-snippet:-1, max-image-preview:large, max-video-preview:-1\" \/>\n<link rel=\"canonical\" href=\"https:\/\/freeman-freeman.com\/es\/woodland-hills-abogado-de-mordedura-de-perro\/\" \/>\n<meta property=\"og:locale\" content=\"es_MX\" \/>\n<meta property=\"og:type\" content=\"article\" \/>\n<meta property=\"og:title\" content=\"Woodland Hills Dog Bite Lawyer - Animal Attack Law CA\" \/>\n<meta property=\"og:description\" content=\"Seeking legal aid after a dog bite incident in Woodland Hills? Consult Freeman &amp; Freeman, LLP, your trusted Woodland Hills Dog Bite Lawyer. Contact now!\" \/>\n<meta property=\"og:url\" content=\"https:\/\/freeman-freeman.com\/es\/woodland-hills-abogado-de-mordedura-de-perro\/\" \/>\n<meta property=\"og:site_name\" content=\"Freeman &amp; Freeman, LLP\" \/>\n<meta property=\"article:publisher\" content=\"https:\/\/www.facebook.com\/FreemanFreemanLaw\" \/>\n<meta property=\"article:modified_time\" content=\"2024-02-07T15:33:34+00:00\" \/>\n<meta property=\"og:image\" content=\"https:\/\/freeman-freeman.com\/wp-content\/uploads\/2023\/11\/i-prac-dogbites.webp\" \/>\n<meta name=\"twitter:card\" content=\"summary_large_image\" \/>\n<meta name=\"twitter:site\" content=\"@FreemanFreeman1\" \/>\n<meta name=\"twitter:label1\" content=\"Tiempo de lectura\" \/>\n\t<meta name=\"twitter:data1\" content=\"3 minutos\" \/>\n<script type=\"application\/ld+json\" class=\"yoast-schema-graph\">{\"@context\":\"https:\\\/\\\/schema.org\",\"@graph\":[{\"@type\":\"WebPage\",\"@id\":\"https:\\\/\\\/freeman-freeman.com\\\/woodland-hills-dog-bite-lawyer\\\/\",\"url\":\"https:\\\/\\\/freeman-freeman.com\\\/woodland-hills-dog-bite-lawyer\\\/\",\"name\":\"Woodland Hills Dog Bite Lawyer - Animal Attack Law CA\",\"isPartOf\":{\"@id\":\"https:\\\/\\\/freeman-freeman.com\\\/#website\"},\"primaryImageOfPage\":{\"@id\":\"https:\\\/\\\/freeman-freeman.com\\\/woodland-hills-dog-bite-lawyer\\\/#primaryimage\"},\"image\":{\"@id\":\"https:\\\/\\\/freeman-freeman.com\\\/woodland-hills-dog-bite-lawyer\\\/#primaryimage\"},\"thumbnailUrl\":\"https:\\\/\\\/freeman-freeman.com\\\/wp-content\\\/uploads\\\/2023\\\/11\\\/i-prac-dogbites.webp\",\"datePublished\":\"2023-11-28T10:27:30+00:00\",\"dateModified\":\"2024-02-07T15:33:34+00:00\",\"description\":\"Seeking legal aid after a dog bite incident in Woodland Hills? Consult Freeman & Freeman, LLP, your trusted Woodland Hills Dog Bite Lawyer. Contact now!\",\"inLanguage\":\"es\",\"potentialAction\":[{\"@type\":\"ReadAction\",\"target\":[\"https:\\\/\\\/freeman-freeman.com\\\/woodland-hills-dog-bite-lawyer\\\/\"]}]},{\"@type\":\"ImageObject\",\"inLanguage\":\"es\",\"@id\":\"https:\\\/\\\/freeman-freeman.com\\\/woodland-hills-dog-bite-lawyer\\\/#primaryimage\",\"url\":\"https:\\\/\\\/freeman-freeman.com\\\/wp-content\\\/uploads\\\/2023\\\/11\\\/i-prac-dogbites.webp\",\"contentUrl\":\"https:\\\/\\\/freeman-freeman.com\\\/wp-content\\\/uploads\\\/2023\\\/11\\\/i-prac-dogbites.webp\"},{\"@type\":\"WebSite\",\"@id\":\"https:\\\/\\\/freeman-freeman.com\\\/#website\",\"url\":\"https:\\\/\\\/freeman-freeman.com\\\/\",\"name\":\"Freeman &amp; Freeman, LLP\",\"description\":\"\",\"publisher\":{\"@id\":\"https:\\\/\\\/freeman-freeman.com\\\/#organization\"},\"potentialAction\":[{\"@type\":\"SearchAction\",\"target\":{\"@type\":\"EntryPoint\",\"urlTemplate\":\"https:\\\/\\\/freeman-freeman.com\\\/?s={search_term_string}\"},\"query-input\":{\"@type\":\"PropertyValueSpecification\",\"valueRequired\":true,\"valueName\":\"search_term_string\"}}],\"inLanguage\":\"es\"},{\"@type\":\"Organization\",\"@id\":\"https:\\\/\\\/freeman-freeman.com\\\/#organization\",\"name\":\"Freeman & Freeman, LLP\",\"url\":\"https:\\\/\\\/freeman-freeman.com\\\/\",\"logo\":{\"@type\":\"ImageObject\",\"inLanguage\":\"es\",\"@id\":\"https:\\\/\\\/freeman-freeman.com\\\/#\\\/schema\\\/logo\\\/image\\\/\",\"url\":\"https:\\\/\\\/freeman-freeman.com\\\/wp-content\\\/uploads\\\/2024\\\/01\\\/logo.jpg\",\"contentUrl\":\"https:\\\/\\\/freeman-freeman.com\\\/wp-content\\\/uploads\\\/2024\\\/01\\\/logo.jpg\",\"width\":674,\"height\":104,\"caption\":\"Freeman & Freeman, LLP\"},\"image\":{\"@id\":\"https:\\\/\\\/freeman-freeman.com\\\/#\\\/schema\\\/logo\\\/image\\\/\"},\"sameAs\":[\"https:\\\/\\\/www.facebook.com\\\/FreemanFreemanLaw\",\"https:\\\/\\\/x.com\\\/FreemanFreeman1\",\"https:\\\/\\\/www.linkedin.com\\\/company\\\/freeman-freeman-llp\"]}]}<\/script>\n<!-- \/ Yoast SEO plugin. -->","yoast_head_json":{"title":"Woodland Hills Abogado Mordedura de Perro - Animal Ataque Ley CA","description":"\u00bfBusca ayuda legal despu\u00e9s de un incidente de mordedura de perro en Woodland Hills? Consulte a Freeman &amp; Freeman, LLP, su abogado de confianza de mordeduras de perro en Woodland Hills. \u00a1P\u00f3ngase en contacto ahora!","robots":{"index":"index","follow":"follow","max-snippet":"max-snippet:-1","max-image-preview":"max-image-preview:large","max-video-preview":"max-video-preview:-1"},"canonical":"https:\/\/freeman-freeman.com\/es\/woodland-hills-abogado-de-mordedura-de-perro\/","og_locale":"es_MX","og_type":"article","og_title":"Woodland Hills Dog Bite Lawyer - Animal Attack Law CA","og_description":"Seeking legal aid after a dog bite incident in Woodland Hills? Consult Freeman & Freeman, LLP, your trusted Woodland Hills Dog Bite Lawyer. Contact now!","og_url":"https:\/\/freeman-freeman.com\/es\/woodland-hills-abogado-de-mordedura-de-perro\/","og_site_name":"Freeman &amp; Freeman, LLP","article_publisher":"https:\/\/www.facebook.com\/FreemanFreemanLaw","article_modified_time":"2024-02-07T15:33:34+00:00","og_image":[{"url":"https:\/\/freeman-freeman.com\/wp-content\/uploads\/2023\/11\/i-prac-dogbites.webp","type":"","width":"","height":""}],"twitter_card":"summary_large_image","twitter_site":"@FreemanFreeman1","twitter_misc":{"Tiempo de lectura":"3 minutos"},"schema":{"@context":"https:\/\/schema.org","@graph":[{"@type":"WebPage","@id":"https:\/\/freeman-freeman.com\/woodland-hills-dog-bite-lawyer\/","url":"https:\/\/freeman-freeman.com\/woodland-hills-dog-bite-lawyer\/","name":"Woodland Hills Abogado Mordedura de Perro - Animal Ataque Ley CA","isPartOf":{"@id":"https:\/\/freeman-freeman.com\/#website"},"primaryImageOfPage":{"@id":"https:\/\/freeman-freeman.com\/woodland-hills-dog-bite-lawyer\/#primaryimage"},"image":{"@id":"https:\/\/freeman-freeman.com\/woodland-hills-dog-bite-lawyer\/#primaryimage"},"thumbnailUrl":"https:\/\/freeman-freeman.com\/wp-content\/uploads\/2023\/11\/i-prac-dogbites.webp","datePublished":"2023-11-28T10:27:30+00:00","dateModified":"2024-02-07T15:33:34+00:00","description":"\u00bfBusca ayuda legal despu\u00e9s de un incidente de mordedura de perro en Woodland Hills? Consulte a Freeman &amp; Freeman, LLP, su abogado de confianza de mordeduras de perro en Woodland Hills. \u00a1P\u00f3ngase en contacto ahora!","inLanguage":"es","potentialAction":[{"@type":"ReadAction","target":["https:\/\/freeman-freeman.com\/woodland-hills-dog-bite-lawyer\/"]}]},{"@type":"ImageObject","inLanguage":"es","@id":"https:\/\/freeman-freeman.com\/woodland-hills-dog-bite-lawyer\/#primaryimage","url":"https:\/\/freeman-freeman.com\/wp-content\/uploads\/2023\/11\/i-prac-dogbites.webp","contentUrl":"https:\/\/freeman-freeman.com\/wp-content\/uploads\/2023\/11\/i-prac-dogbites.webp"},{"@type":"WebSite","@id":"https:\/\/freeman-freeman.com\/#website","url":"https:\/\/freeman-freeman.com\/","name":"Freeman &amp; Freeman, LLP","description":"","publisher":{"@id":"https:\/\/freeman-freeman.com\/#organization"},"potentialAction":[{"@type":"SearchAction","target":{"@type":"EntryPoint","urlTemplate":"https:\/\/freeman-freeman.com\/?s={search_term_string}"},"query-input":{"@type":"PropertyValueSpecification","valueRequired":true,"valueName":"search_term_string"}}],"inLanguage":"es"},{"@type":"Organization","@id":"https:\/\/freeman-freeman.com\/#organization","name":"Freeman &amp; Freeman, LLP","url":"https:\/\/freeman-freeman.com\/","logo":{"@type":"ImageObject","inLanguage":"es","@id":"https:\/\/freeman-freeman.com\/#\/schema\/logo\/image\/","url":"https:\/\/freeman-freeman.com\/wp-content\/uploads\/2024\/01\/logo.jpg","contentUrl":"https:\/\/freeman-freeman.com\/wp-content\/uploads\/2024\/01\/logo.jpg","width":674,"height":104,"caption":"Freeman & Freeman, LLP"},"image":{"@id":"https:\/\/freeman-freeman.com\/#\/schema\/logo\/image\/"},"sameAs":["https:\/\/www.facebook.com\/FreemanFreemanLaw","https:\/\/x.com\/FreemanFreeman1","https:\/\/www.linkedin.com\/company\/freeman-freeman-llp"]}]}},"_links":{"self":[{"href":"https:\/\/freeman-freeman.com\/es\/wp-json\/wp\/v2\/pages\/1330","targetHints":{"allow":["GET"]}}],"collection":[{"href":"https:\/\/freeman-freeman.com\/es\/wp-json\/wp\/v2\/pages"}],"about":[{"href":"https:\/\/freeman-freeman.com\/es\/wp-json\/wp\/v2\/types\/page"}],"author":[{"embeddable":true,"href":"https:\/\/freeman-freeman.com\/es\/wp-json\/wp\/v2\/users\/1"}],"replies":[{"embeddable":true,"href":"https:\/\/freeman-freeman.com\/es\/wp-json\/wp\/v2\/comments?post=1330"}],"version-history":[{"count":4,"href":"https:\/\/freeman-freeman.com\/es\/wp-json\/wp\/v2\/pages\/1330\/revisions"}],"predecessor-version":[{"id":2045,"href":"https:\/\/freeman-freeman.com\/es\/wp-json\/wp\/v2\/pages\/1330\/revisions\/2045"}],"wp:attachment":[{"href":"https:\/\/freeman-freeman.com\/es\/wp-json\/wp\/v2\/media?parent=1330"}],"curies":[{"name":"wp","href":"https:\/\/api.w.org\/{rel}","templated":true}]}}