{"id":1338,"date":"2023-11-28T10:31:31","date_gmt":"2023-11-28T10:31:31","guid":{"rendered":"https:\/\/freeman-freeman.com\/?page_id=1338"},"modified":"2024-02-09T09:17:02","modified_gmt":"2024-02-09T09:17:02","slug":"woodland-hills-e-scooter-accidente-abogado","status":"publish","type":"page","link":"https:\/\/freeman-freeman.com\/es\/woodland-hills-e-scooter-accident-lawyer\/","title":{"rendered":"Woodland Hills E-Scooter Abogado de Accidente"},"content":{"rendered":"<h2><span data-sheets-root=\"1\" data-sheets-value=\"{&quot;1&quot;:2,&quot;2&quot;:&quot;Woodland Hills E-Scooter Accident Lawyer&quot;}\" data-sheets-userformat=\"{&quot;2&quot;:15105,&quot;3&quot;:{&quot;1&quot;:0},&quot;11&quot;:0,&quot;12&quot;:0,&quot;14&quot;:{&quot;1&quot;:2,&quot;2&quot;:0},&quot;15&quot;:&quot;Calibri&quot;,&quot;16&quot;:11}\">Woodland Hills E-Scooter Abogado de Accidente<\/span><\/h2>\n<div class=\"abt-img\"><img loading=\"lazy\" decoding=\"async\" class=\"alignnone\" title=\"Woodland Hills E-Scooter Abogado de Accidente\" src=\"https:\/\/freeman-freeman.com\/wp-content\/uploads\/2023\/12\/sng-pract-img-9.webp\" alt=\"Woodland Hills E-Scooter Abogado de Accidente\" width=\"970\" height=\"500\" \/><\/div>\n<p>Desde la primera aparici\u00f3n de los e-scooters en 2017, se convirtieron r\u00e1pidamente en un modo de transporte atractivo entre los usuarios de Woodland Hills. La relaci\u00f3n coste-beneficio era clara: los e-scooters son m\u00e1s baratos que un servicio de coche Uber o Lyft, entre otras ventajas. Pero, \u00bfson los e-scooters m\u00e1s seguros que un viaje en coche normal? Desde luego que no.<\/p>\n<p>Si usted o un ser querido se lesion\u00f3 mientras montaba un e-scooter compartible, llame a Freeman &amp; Freeman, LLP, para conocer sus derechos y opciones. Nuestros abogados expertos y capacitados han proporcionado una representaci\u00f3n s\u00f3lida y celosa a las v\u00edctimas de lesiones personales en Woodland Hills durante m\u00e1s de cuatro d\u00e9cadas.<\/p>\n<h2>Nuestra estrategia: Recuperar y maximizar su indemnizaci\u00f3n<\/h2>\n<p>Cuando usted trabaja con los abogados de Freeman &amp; Freeman, LLP, haremos todos los esfuerzos razonables para representar sus mejores intereses. Dependiendo de su caso, desarrollaremos una estrategia personalizada para atender sus necesidades y proteger sus intereses. Nuestro compromiso es proporcionar los medios necesarios para restaurar su vida despu\u00e9s de un accidente. Algunos de nuestros diferenciadores son:<\/p>\n<ul>\n<li>Defendemos al \"peque\u00f1o\" frente a las compa\u00f1\u00edas de seguros<\/li>\n<li>Atenci\u00f3n personalizada y compasiva a cada cliente que atendemos<\/li>\n<li>Trabajamos en r\u00e9gimen de contingencia. Usted paga nuestros honorarios cuando recuperamos su indemnizaci\u00f3n.<\/li>\n<li>Sin costes ni tasas iniciales<\/li>\n<li>Negociadores cualificados que no temen acudir a los tribunales con usted cuando sea necesario.<\/li>\n<li>Atenci\u00f3n extrema a los detalles para construir casos s\u00f3lidos<\/li>\n<\/ul>\n<h2>Responsabilidad e indemnizaci\u00f3n tras un accidente con un e-scooter<\/h2>\n<p>En general, los e-scooters y los servicios de movilidad compartida tienen muchas zonas grises que necesitan m\u00e1s legislaci\u00f3n. Empresas de servicios compartidos como Uber o Lyft incluyen t\u00e9rminos y condiciones que limitan su responsabilidad por da\u00f1os o lesiones personales derivados de accidentes.<\/p>\n<p>Aunque las empresas se escudan en las condiciones de uso, los tribunales reciben cada vez m\u00e1s demandas de v\u00edctimas de accidentes de motos el\u00e9ctricas. Esto representa una creciente necesidad de regular los t\u00e9rminos y condiciones de las empresas de transporte compartido. En Freeman y Freeman, LLP, vamos a luchar celosamente para defender sus derechos y buscar una indemnizaci\u00f3n. Llame hoy para discutir su caso.<\/p>\n<h2>Llame para una evaluaci\u00f3n gratuita de su caso<\/h2>\n<p>Descubra c\u00f3mo pueden ayudarle nuestros expertos y atentos abogados. Nos ocuparemos de la parte legal mientras usted se centra en su salud. Llame a <a role=\"link\" href=\"tel:+1-818-992-2919\" data-wpel-link=\"internal\">818-992-2919<\/a> o utilice <a role=\"link\" href=\"https:\/\/freeman-freeman.com\/es\/pongase-en-contacto-con\/\" data-wpel-link=\"internal\">nuestro formulario de contacto en l\u00ednea para programar<\/a> una cita para hablar de su caso.<\/p>","protected":false},"excerpt":{"rendered":"<p>Woodland Hills E-Scooter Accident Attorney Since the first appearance of e-scooters in 2017, they quickly became an attractive mode of transportation among users in Woodland Hills. The cost-benefit ratio was clear: e-scooters are cheaper than an Uber or Lyft car service, among other benefits. But are e-scooters safer than a regular car ride? Certainly not. &hellip; <\/p>\n<p class=\"link-more\"><a href=\"https:\/\/freeman-freeman.com\/es\/woodland-hills-e-scooter-accident-lawyer\/\" class=\"more-link\">Seguir leyendo<span class=\"screen-reader-text\"> &#8220;Woodland Hills E-Scooter Accident Lawyer&#8221;<\/span><\/a><\/p>","protected":false},"author":1,"featured_media":0,"parent":0,"menu_order":0,"comment_status":"closed","ping_status":"closed","template":"","meta":{"_acf_changed":false,"footnotes":""},"class_list":["post-1338","page","type-page","status-publish","hentry","entry"],"acf":[],"yoast_head":"<!-- This site is optimized with the Yoast SEO plugin v27.5 - https:\/\/yoast.com\/product\/yoast-seo-wordpress\/ -->\n<title>Woodland Hills E-Scooter Accident Lawyer - Free Consultation<\/title>\n<meta name=\"description\" content=\"Experiencing an e-scooter accident? Freeman &amp; Freeman, LLP, your trusted Woodland Hills e-scooter accident lawyer, is here to support you!\" \/>\n<meta name=\"robots\" content=\"index, follow, max-snippet:-1, max-image-preview:large, max-video-preview:-1\" \/>\n<link rel=\"canonical\" href=\"https:\/\/freeman-freeman.com\/es\/woodland-hills-e-scooter-accidente-abogado\/\" \/>\n<meta property=\"og:locale\" content=\"es_MX\" \/>\n<meta property=\"og:type\" content=\"article\" \/>\n<meta property=\"og:title\" content=\"Woodland Hills E-Scooter Accident Lawyer - Free Consultation\" \/>\n<meta property=\"og:description\" content=\"Experiencing an e-scooter accident? Freeman &amp; Freeman, LLP, your trusted Woodland Hills e-scooter accident lawyer, is here to support you!\" \/>\n<meta property=\"og:url\" content=\"https:\/\/freeman-freeman.com\/es\/woodland-hills-e-scooter-accidente-abogado\/\" \/>\n<meta property=\"og:site_name\" content=\"Freeman &amp; Freeman, LLP\" \/>\n<meta property=\"article:publisher\" content=\"https:\/\/www.facebook.com\/FreemanFreemanLaw\" \/>\n<meta property=\"article:modified_time\" content=\"2024-02-09T09:17:02+00:00\" \/>\n<meta property=\"og:image\" content=\"https:\/\/freeman-freeman.com\/wp-content\/uploads\/2023\/12\/sng-pract-img-9.webp\" \/>\n<meta name=\"twitter:card\" content=\"summary_large_image\" \/>\n<meta name=\"twitter:site\" content=\"@FreemanFreeman1\" \/>\n<meta name=\"twitter:label1\" content=\"Tiempo de lectura\" \/>\n\t<meta name=\"twitter:data1\" content=\"2 minutos\" \/>\n<script type=\"application\/ld+json\" class=\"yoast-schema-graph\">{\"@context\":\"https:\\\/\\\/schema.org\",\"@graph\":[{\"@type\":\"WebPage\",\"@id\":\"https:\\\/\\\/freeman-freeman.com\\\/woodland-hills-e-scooter-accident-lawyer\\\/\",\"url\":\"https:\\\/\\\/freeman-freeman.com\\\/woodland-hills-e-scooter-accident-lawyer\\\/\",\"name\":\"Woodland Hills E-Scooter Accident Lawyer - Free Consultation\",\"isPartOf\":{\"@id\":\"https:\\\/\\\/freeman-freeman.com\\\/#website\"},\"primaryImageOfPage\":{\"@id\":\"https:\\\/\\\/freeman-freeman.com\\\/woodland-hills-e-scooter-accident-lawyer\\\/#primaryimage\"},\"image\":{\"@id\":\"https:\\\/\\\/freeman-freeman.com\\\/woodland-hills-e-scooter-accident-lawyer\\\/#primaryimage\"},\"thumbnailUrl\":\"https:\\\/\\\/freeman-freeman.com\\\/wp-content\\\/uploads\\\/2023\\\/12\\\/sng-pract-img-9.webp\",\"datePublished\":\"2023-11-28T10:31:31+00:00\",\"dateModified\":\"2024-02-09T09:17:02+00:00\",\"description\":\"Experiencing an e-scooter accident? Freeman & Freeman, LLP, your trusted Woodland Hills e-scooter accident lawyer, is here to support you!\",\"inLanguage\":\"es\",\"potentialAction\":[{\"@type\":\"ReadAction\",\"target\":[\"https:\\\/\\\/freeman-freeman.com\\\/woodland-hills-e-scooter-accident-lawyer\\\/\"]}]},{\"@type\":\"ImageObject\",\"inLanguage\":\"es\",\"@id\":\"https:\\\/\\\/freeman-freeman.com\\\/woodland-hills-e-scooter-accident-lawyer\\\/#primaryimage\",\"url\":\"https:\\\/\\\/freeman-freeman.com\\\/wp-content\\\/uploads\\\/2023\\\/12\\\/sng-pract-img-9.webp\",\"contentUrl\":\"https:\\\/\\\/freeman-freeman.com\\\/wp-content\\\/uploads\\\/2023\\\/12\\\/sng-pract-img-9.webp\"},{\"@type\":\"WebSite\",\"@id\":\"https:\\\/\\\/freeman-freeman.com\\\/#website\",\"url\":\"https:\\\/\\\/freeman-freeman.com\\\/\",\"name\":\"Freeman &amp; Freeman, LLP\",\"description\":\"\",\"publisher\":{\"@id\":\"https:\\\/\\\/freeman-freeman.com\\\/#organization\"},\"potentialAction\":[{\"@type\":\"SearchAction\",\"target\":{\"@type\":\"EntryPoint\",\"urlTemplate\":\"https:\\\/\\\/freeman-freeman.com\\\/?s={search_term_string}\"},\"query-input\":{\"@type\":\"PropertyValueSpecification\",\"valueRequired\":true,\"valueName\":\"search_term_string\"}}],\"inLanguage\":\"es\"},{\"@type\":\"Organization\",\"@id\":\"https:\\\/\\\/freeman-freeman.com\\\/#organization\",\"name\":\"Freeman & Freeman, LLP\",\"url\":\"https:\\\/\\\/freeman-freeman.com\\\/\",\"logo\":{\"@type\":\"ImageObject\",\"inLanguage\":\"es\",\"@id\":\"https:\\\/\\\/freeman-freeman.com\\\/#\\\/schema\\\/logo\\\/image\\\/\",\"url\":\"https:\\\/\\\/freeman-freeman.com\\\/wp-content\\\/uploads\\\/2024\\\/01\\\/logo.jpg\",\"contentUrl\":\"https:\\\/\\\/freeman-freeman.com\\\/wp-content\\\/uploads\\\/2024\\\/01\\\/logo.jpg\",\"width\":674,\"height\":104,\"caption\":\"Freeman & Freeman, LLP\"},\"image\":{\"@id\":\"https:\\\/\\\/freeman-freeman.com\\\/#\\\/schema\\\/logo\\\/image\\\/\"},\"sameAs\":[\"https:\\\/\\\/www.facebook.com\\\/FreemanFreemanLaw\",\"https:\\\/\\\/x.com\\\/FreemanFreeman1\",\"https:\\\/\\\/www.linkedin.com\\\/company\\\/freeman-freeman-llp\"]}]}<\/script>\n<!-- \/ Yoast SEO plugin. -->","yoast_head_json":{"title":"Woodland Hills E-Scooter Abogado de Accidente - Consulta Gratuita","description":"\u00bfHa sufrido un accidente con un e-scooter? Freeman &amp; Freeman, LLP, su abogado de confianza en accidentes de e-scooter en Woodland Hills, \u00a1est\u00e1 aqu\u00ed para ayudarle!","robots":{"index":"index","follow":"follow","max-snippet":"max-snippet:-1","max-image-preview":"max-image-preview:large","max-video-preview":"max-video-preview:-1"},"canonical":"https:\/\/freeman-freeman.com\/es\/woodland-hills-e-scooter-accidente-abogado\/","og_locale":"es_MX","og_type":"article","og_title":"Woodland Hills E-Scooter Accident Lawyer - Free Consultation","og_description":"Experiencing an e-scooter accident? Freeman & Freeman, LLP, your trusted Woodland Hills e-scooter accident lawyer, is here to support you!","og_url":"https:\/\/freeman-freeman.com\/es\/woodland-hills-e-scooter-accidente-abogado\/","og_site_name":"Freeman &amp; Freeman, LLP","article_publisher":"https:\/\/www.facebook.com\/FreemanFreemanLaw","article_modified_time":"2024-02-09T09:17:02+00:00","og_image":[{"url":"https:\/\/freeman-freeman.com\/wp-content\/uploads\/2023\/12\/sng-pract-img-9.webp","type":"","width":"","height":""}],"twitter_card":"summary_large_image","twitter_site":"@FreemanFreeman1","twitter_misc":{"Tiempo de lectura":"2 minutos"},"schema":{"@context":"https:\/\/schema.org","@graph":[{"@type":"WebPage","@id":"https:\/\/freeman-freeman.com\/woodland-hills-e-scooter-accident-lawyer\/","url":"https:\/\/freeman-freeman.com\/woodland-hills-e-scooter-accident-lawyer\/","name":"Woodland Hills E-Scooter Abogado de Accidente - Consulta Gratuita","isPartOf":{"@id":"https:\/\/freeman-freeman.com\/#website"},"primaryImageOfPage":{"@id":"https:\/\/freeman-freeman.com\/woodland-hills-e-scooter-accident-lawyer\/#primaryimage"},"image":{"@id":"https:\/\/freeman-freeman.com\/woodland-hills-e-scooter-accident-lawyer\/#primaryimage"},"thumbnailUrl":"https:\/\/freeman-freeman.com\/wp-content\/uploads\/2023\/12\/sng-pract-img-9.webp","datePublished":"2023-11-28T10:31:31+00:00","dateModified":"2024-02-09T09:17:02+00:00","description":"\u00bfHa sufrido un accidente con un e-scooter? Freeman &amp; Freeman, LLP, su abogado de confianza en accidentes de e-scooter en Woodland Hills, \u00a1est\u00e1 aqu\u00ed para ayudarle!","inLanguage":"es","potentialAction":[{"@type":"ReadAction","target":["https:\/\/freeman-freeman.com\/woodland-hills-e-scooter-accident-lawyer\/"]}]},{"@type":"ImageObject","inLanguage":"es","@id":"https:\/\/freeman-freeman.com\/woodland-hills-e-scooter-accident-lawyer\/#primaryimage","url":"https:\/\/freeman-freeman.com\/wp-content\/uploads\/2023\/12\/sng-pract-img-9.webp","contentUrl":"https:\/\/freeman-freeman.com\/wp-content\/uploads\/2023\/12\/sng-pract-img-9.webp"},{"@type":"WebSite","@id":"https:\/\/freeman-freeman.com\/#website","url":"https:\/\/freeman-freeman.com\/","name":"Freeman &amp; Freeman, LLP","description":"","publisher":{"@id":"https:\/\/freeman-freeman.com\/#organization"},"potentialAction":[{"@type":"SearchAction","target":{"@type":"EntryPoint","urlTemplate":"https:\/\/freeman-freeman.com\/?s={search_term_string}"},"query-input":{"@type":"PropertyValueSpecification","valueRequired":true,"valueName":"search_term_string"}}],"inLanguage":"es"},{"@type":"Organization","@id":"https:\/\/freeman-freeman.com\/#organization","name":"Freeman &amp; Freeman, LLP","url":"https:\/\/freeman-freeman.com\/","logo":{"@type":"ImageObject","inLanguage":"es","@id":"https:\/\/freeman-freeman.com\/#\/schema\/logo\/image\/","url":"https:\/\/freeman-freeman.com\/wp-content\/uploads\/2024\/01\/logo.jpg","contentUrl":"https:\/\/freeman-freeman.com\/wp-content\/uploads\/2024\/01\/logo.jpg","width":674,"height":104,"caption":"Freeman & Freeman, LLP"},"image":{"@id":"https:\/\/freeman-freeman.com\/#\/schema\/logo\/image\/"},"sameAs":["https:\/\/www.facebook.com\/FreemanFreemanLaw","https:\/\/x.com\/FreemanFreeman1","https:\/\/www.linkedin.com\/company\/freeman-freeman-llp"]}]}},"_links":{"self":[{"href":"https:\/\/freeman-freeman.com\/es\/wp-json\/wp\/v2\/pages\/1338","targetHints":{"allow":["GET"]}}],"collection":[{"href":"https:\/\/freeman-freeman.com\/es\/wp-json\/wp\/v2\/pages"}],"about":[{"href":"https:\/\/freeman-freeman.com\/es\/wp-json\/wp\/v2\/types\/page"}],"author":[{"embeddable":true,"href":"https:\/\/freeman-freeman.com\/es\/wp-json\/wp\/v2\/users\/1"}],"replies":[{"embeddable":true,"href":"https:\/\/freeman-freeman.com\/es\/wp-json\/wp\/v2\/comments?post=1338"}],"version-history":[{"count":5,"href":"https:\/\/freeman-freeman.com\/es\/wp-json\/wp\/v2\/pages\/1338\/revisions"}],"predecessor-version":[{"id":2233,"href":"https:\/\/freeman-freeman.com\/es\/wp-json\/wp\/v2\/pages\/1338\/revisions\/2233"}],"wp:attachment":[{"href":"https:\/\/freeman-freeman.com\/es\/wp-json\/wp\/v2\/media?parent=1338"}],"curies":[{"name":"wp","href":"https:\/\/api.w.org\/{rel}","templated":true}]}}