{"id":1393,"date":"2023-11-28T12:21:14","date_gmt":"2023-11-28T12:21:14","guid":{"rendered":"https:\/\/freeman-freeman.com\/?page_id=1393"},"modified":"2024-02-07T15:20:22","modified_gmt":"2024-02-07T15:20:22","slug":"woodland-hills-abogado-de-accidente-de-autobus","status":"publish","type":"page","link":"https:\/\/freeman-freeman.com\/es\/woodland-hills-bus-accident-lawyer\/","title":{"rendered":"Woodland Hills Abogado de Accidente de Autob\u00fas"},"content":{"rendered":"<h2><span data-sheets-root=\"1\" data-sheets-value=\"{&quot;1&quot;:2,&quot;2&quot;:&quot;Woodland Hills Bus Accident Lawyer&quot;}\" data-sheets-userformat=\"{&quot;2&quot;:15105,&quot;3&quot;:{&quot;1&quot;:0},&quot;11&quot;:0,&quot;12&quot;:0,&quot;14&quot;:{&quot;1&quot;:2,&quot;2&quot;:0},&quot;15&quot;:&quot;Calibri&quot;,&quot;16&quot;:11}\">Woodland Hills Abogado de Accidente de Autob\u00fas<\/span><\/h2>\n<div class=\"abt-img\"><img loading=\"lazy\" decoding=\"async\" class=\"alignnone\" title=\"Woodland Hills Abogado de Accidente de Autob\u00fas\" src=\"https:\/\/freeman-freeman.com\/wp-content\/uploads\/2023\/12\/sng-pract-img-8.webp\" alt=\"Woodland Hills Abogado de Accidente de Autob\u00fas\" width=\"970\" height=\"500\" \/><\/div>\n<h2>Nuestros abogados de accidentes de autob\u00fas est\u00e1n de su lado<\/h2>\n<p>Durante m\u00e1s de 30 a\u00f1os, nuestros abogados han estado representando a clientes que han sido heridos en accidentes de autob\u00fas en todo el sur de California. Ya sea como peat\u00f3n, conductor, ciclista o pasajero de autob\u00fas, si usted ha estado involucrado en un accidente de autob\u00fas, necesita abogados expertos en accidentes de autob\u00fas de su lado. Estos casos a menudo implican complejidades legales intrincadas.<\/p>\n<p>Usted puede haber estado involucrado en un accidente que involucr\u00f3 a un autob\u00fas tur\u00edstico, autob\u00fas de cercan\u00edas, un veh\u00edculo de transporte masivo del aeropuerto, un autob\u00fas de metro u otro veh\u00edculo similar. Los gobiernos locales, las grandes empresas y las grandes compa\u00f1\u00edas de seguros pueden tener intereses en juego en su caso. Adem\u00e1s, los registros de mantenimiento del autob\u00fas, los antecedentes del conductor y la seguridad del veh\u00edculo pueden estar en juego. Nuestros abogados de lesiones saben qu\u00e9 buscar en estos casos.<\/p>\n<p>En Freeman &amp; Freeman, LLP, hemos recuperado m\u00e1s de $220 millones de d\u00f3lares en indemnizaciones.<\/p>\n<h2>Causas comunes de accidentes de autob\u00fas y accidentes de transporte p\u00fablico en Woodland Hills<\/h2>\n<p>Un estudio de la Administraci\u00f3n Federal de Seguridad de Autotransportes concluy\u00f3 que los factores humanos eran la causa m\u00e1s com\u00fan de los accidentes de autob\u00fas y de transporte p\u00fablico. En 90% de los casos del estudio, dichos accidentes fueron causados por errores humanos, incluidos errores del conductor del autob\u00fas.<\/p>\n<p>El informe citaba algunos de los siguientes ejemplos de negligencia de los conductores que contribuyeron a los accidentes de transporte p\u00fablico y a las cat\u00e1strofes de los autobuses: enviar mensajes de texto mientras se conduce, exceso de velocidad con mal tiempo y cambios bruscos de carril.<\/p>\n<p>Conductores mal entrenados, equipo de seguridad inadecuado, veh\u00edculos mal mantenidos, abuso de drogas o alcohol, el fracaso del gobierno municipal para garantizar condiciones seguras de la carretera ... la lista es larga para las posibles causas de un accidente de transporte masivo. Nuestros abogados de accidentes de autob\u00fas Woodland Hills saben c\u00f3mo descubrir la verdad en estos casos.<\/p>\n<p>Los casos de accidentes de autob\u00fas requieren el trabajo especializado de un abogado con experiencia en accidentes de autob\u00fas en California. Los sistemas de autobuses p\u00fablicos suelen estar protegidos por normas de negligencia complejas debido al inter\u00e9s del gobierno en la inmunidad frente a demandas privadas.<\/p>\n<p>Por esta y muchas otras razones, un abogado cualificado en accidentes de autob\u00fas es esencial para este tipo de demandas. Nuestros abogados han navegado estos casos complicados muchas veces antes. Cualquiera de las siguientes partes puede ser responsable:<\/p>\n<ul>\n<li><strong>Empresa privada de autobuses<\/strong>Si el autob\u00fas es propiedad de una empresa privada, \u00e9sta puede ser considerada responsable de las lesiones sufridas por los pasajeros si no realiza un mantenimiento adecuado del autob\u00fas y se produce un accidente debido a una situaci\u00f3n de inseguridad (frenos defectuosos, neum\u00e1ticos gastados, mal funcionamiento, etc.).<br \/>\npuertas, etc.). La empresa tambi\u00e9n es responsable de contratar conductores cualificados. Si la negligencia del conductor fue la causa del accidente, es muy probable que la empresa sea considerada responsable.<\/li>\n<li><strong>Gobierno estatal o local<\/strong>Si el autob\u00fas es propiedad del gobierno, la ciudad, el condado o el estado son responsables de sus conductores y del mantenimiento adecuado de sus autobuses. El gobierno tambi\u00e9n puede ser responsable por no mantener las carreteras cuando una condici\u00f3n insegura haya causado un accidente.<\/li>\n<li><strong>Conductor de autob\u00fas<\/strong>El conductor de autob\u00fas tambi\u00e9n puede ser considerado individualmente responsable de las lesiones sufridas por los pasajeros si su negligencia ha causado el accidente. Sin embargo, suele ser el empleador del conductor y su compa\u00f1\u00eda de seguros los responsables econ\u00f3micos.<\/li>\n<li><strong>Empresas de mantenimiento de autobuses<\/strong>si el propietario del autob\u00fas contrata a una empresa externa para que mantenga sus autobuses en condiciones de seguridad, dicha empresa puede ser demandada si un accidente de autob\u00fas se debe a un mantenimiento negligente.<\/li>\n<li><strong>Fabricantes de autobuses<\/strong>fabricante, minorista o distribuidor de un autob\u00fas (o de uno de sus componentes) puede ser considerado responsable si un defecto de fabricaci\u00f3n ha causado un accidente.<\/li>\n<li><strong>Otros conductores de veh\u00edculos de motor<\/strong>Los conductores de otros veh\u00edculos pueden ser considerados responsables si su negligencia ha causado un accidente de autob\u00fas. El propietario del veh\u00edculo o el empleador del conductor tambi\u00e9n pueden ser responsables en algunas circunstancias, especialmente si el siniestro est\u00e1 relacionado con un accidente de cami\u00f3n.<\/li>\n<\/ul>\n<p>No importa la raz\u00f3n del accidente o qui\u00e9nes sean las partes responsables, nuestros abogados de lesiones le ayudar\u00e1n a buscar una compensaci\u00f3n bien merecida. Hemos proporcionado servicios legales cuidadosos y experimentados a nuestros clientes.<\/p>\n<h2>Llame para conocer sus opciones para reclamar una indemnizaci\u00f3n<\/h2>\n<p>Llame a Freeman &amp; Freeman, LLP, al <a role=\"link\" href=\"tel:+1-818-992-2919\" data-wpel-link=\"internal\">818-992-2919<\/a> o <a role=\"link\" href=\"https:\/\/freeman-freeman.com\/es\/pongase-en-contacto-con\/\" data-wpel-link=\"internal\">rellene nuestro formulario en l\u00ednea<\/a> para hablar de su caso y sus expectativas con nosotros. Su bienestar es nuestra prioridad.<\/p>","protected":false},"excerpt":{"rendered":"<p>Woodland Hills Bus Accident Attorney Our Bus Accident Lawyers Are On Your Side For more than 30 years, our lawyers have been representing clients who have been injured in bus accidents throughout Southern California. Whether as a pedestrian, a driver, bicyclist or bus passenger, if you have been involved in such a bus accident, you &hellip; <\/p>\n<p class=\"link-more\"><a href=\"https:\/\/freeman-freeman.com\/es\/woodland-hills-bus-accident-lawyer\/\" class=\"more-link\">Seguir leyendo<span class=\"screen-reader-text\"> &#8220;Woodland Hills Bus Accident Lawyer&#8221;<\/span><\/a><\/p>","protected":false},"author":1,"featured_media":0,"parent":0,"menu_order":0,"comment_status":"closed","ping_status":"closed","template":"","meta":{"_acf_changed":false,"footnotes":""},"class_list":["post-1393","page","type-page","status-publish","hentry","entry"],"acf":[],"yoast_head":"<!-- This site is optimized with the Yoast SEO plugin v27.5 - https:\/\/yoast.com\/product\/yoast-seo-wordpress\/ -->\n<title>Woodland Hills Bus Accident Lawyer - Free Consultation<\/title>\n<meta name=\"description\" content=\"Seeking legal help for a bus accident in Woodland Hills? Trust Freeman &amp; Freeman, LLP, your experienced Woodland Hills bus accident lawyers. Call now!\" \/>\n<meta name=\"robots\" content=\"index, follow, max-snippet:-1, max-image-preview:large, max-video-preview:-1\" \/>\n<link rel=\"canonical\" href=\"https:\/\/freeman-freeman.com\/es\/woodland-hills-abogado-de-accidente-de-autobus\/\" \/>\n<meta property=\"og:locale\" content=\"es_MX\" \/>\n<meta property=\"og:type\" content=\"article\" \/>\n<meta property=\"og:title\" content=\"Woodland Hills Bus Accident Lawyer - Free Consultation\" \/>\n<meta property=\"og:description\" content=\"Seeking legal help for a bus accident in Woodland Hills? Trust Freeman &amp; Freeman, LLP, your experienced Woodland Hills bus accident lawyers. Call now!\" \/>\n<meta property=\"og:url\" content=\"https:\/\/freeman-freeman.com\/es\/woodland-hills-abogado-de-accidente-de-autobus\/\" \/>\n<meta property=\"og:site_name\" content=\"Freeman &amp; Freeman, LLP\" \/>\n<meta property=\"article:publisher\" content=\"https:\/\/www.facebook.com\/FreemanFreemanLaw\" \/>\n<meta property=\"article:modified_time\" content=\"2024-02-07T15:20:22+00:00\" \/>\n<meta property=\"og:image\" content=\"https:\/\/freeman-freeman.com\/wp-content\/uploads\/2023\/12\/sng-pract-img-8.webp\" \/>\n<meta name=\"twitter:card\" content=\"summary_large_image\" \/>\n<meta name=\"twitter:site\" content=\"@FreemanFreeman1\" \/>\n<meta name=\"twitter:label1\" content=\"Tiempo de lectura\" \/>\n\t<meta name=\"twitter:data1\" content=\"4 minutos\" \/>\n<script type=\"application\/ld+json\" class=\"yoast-schema-graph\">{\"@context\":\"https:\\\/\\\/schema.org\",\"@graph\":[{\"@type\":\"WebPage\",\"@id\":\"https:\\\/\\\/freeman-freeman.com\\\/woodland-hills-bus-accident-lawyer\\\/\",\"url\":\"https:\\\/\\\/freeman-freeman.com\\\/woodland-hills-bus-accident-lawyer\\\/\",\"name\":\"Woodland Hills Bus Accident Lawyer - Free Consultation\",\"isPartOf\":{\"@id\":\"https:\\\/\\\/freeman-freeman.com\\\/#website\"},\"primaryImageOfPage\":{\"@id\":\"https:\\\/\\\/freeman-freeman.com\\\/woodland-hills-bus-accident-lawyer\\\/#primaryimage\"},\"image\":{\"@id\":\"https:\\\/\\\/freeman-freeman.com\\\/woodland-hills-bus-accident-lawyer\\\/#primaryimage\"},\"thumbnailUrl\":\"https:\\\/\\\/freeman-freeman.com\\\/wp-content\\\/uploads\\\/2023\\\/12\\\/sng-pract-img-8.webp\",\"datePublished\":\"2023-11-28T12:21:14+00:00\",\"dateModified\":\"2024-02-07T15:20:22+00:00\",\"description\":\"Seeking legal help for a bus accident in Woodland Hills? Trust Freeman & Freeman, LLP, your experienced Woodland Hills bus accident lawyers. Call now!\",\"inLanguage\":\"es\",\"potentialAction\":[{\"@type\":\"ReadAction\",\"target\":[\"https:\\\/\\\/freeman-freeman.com\\\/woodland-hills-bus-accident-lawyer\\\/\"]}]},{\"@type\":\"ImageObject\",\"inLanguage\":\"es\",\"@id\":\"https:\\\/\\\/freeman-freeman.com\\\/woodland-hills-bus-accident-lawyer\\\/#primaryimage\",\"url\":\"https:\\\/\\\/freeman-freeman.com\\\/wp-content\\\/uploads\\\/2023\\\/12\\\/sng-pract-img-8.webp\",\"contentUrl\":\"https:\\\/\\\/freeman-freeman.com\\\/wp-content\\\/uploads\\\/2023\\\/12\\\/sng-pract-img-8.webp\"},{\"@type\":\"WebSite\",\"@id\":\"https:\\\/\\\/freeman-freeman.com\\\/#website\",\"url\":\"https:\\\/\\\/freeman-freeman.com\\\/\",\"name\":\"Freeman &amp; Freeman, LLP\",\"description\":\"\",\"publisher\":{\"@id\":\"https:\\\/\\\/freeman-freeman.com\\\/#organization\"},\"potentialAction\":[{\"@type\":\"SearchAction\",\"target\":{\"@type\":\"EntryPoint\",\"urlTemplate\":\"https:\\\/\\\/freeman-freeman.com\\\/?s={search_term_string}\"},\"query-input\":{\"@type\":\"PropertyValueSpecification\",\"valueRequired\":true,\"valueName\":\"search_term_string\"}}],\"inLanguage\":\"es\"},{\"@type\":\"Organization\",\"@id\":\"https:\\\/\\\/freeman-freeman.com\\\/#organization\",\"name\":\"Freeman & Freeman, LLP\",\"url\":\"https:\\\/\\\/freeman-freeman.com\\\/\",\"logo\":{\"@type\":\"ImageObject\",\"inLanguage\":\"es\",\"@id\":\"https:\\\/\\\/freeman-freeman.com\\\/#\\\/schema\\\/logo\\\/image\\\/\",\"url\":\"https:\\\/\\\/freeman-freeman.com\\\/wp-content\\\/uploads\\\/2024\\\/01\\\/logo.jpg\",\"contentUrl\":\"https:\\\/\\\/freeman-freeman.com\\\/wp-content\\\/uploads\\\/2024\\\/01\\\/logo.jpg\",\"width\":674,\"height\":104,\"caption\":\"Freeman & Freeman, LLP\"},\"image\":{\"@id\":\"https:\\\/\\\/freeman-freeman.com\\\/#\\\/schema\\\/logo\\\/image\\\/\"},\"sameAs\":[\"https:\\\/\\\/www.facebook.com\\\/FreemanFreemanLaw\",\"https:\\\/\\\/x.com\\\/FreemanFreeman1\",\"https:\\\/\\\/www.linkedin.com\\\/company\\\/freeman-freeman-llp\"]}]}<\/script>\n<!-- \/ Yoast SEO plugin. -->","yoast_head_json":{"title":"Woodland Hills Abogado de Accidente de Autob\u00fas - Consulta Gratuita","description":"\u00bfBusca ayuda legal para un accidente de autob\u00fas en Woodland Hills? Conf\u00ede en Freeman &amp; Freeman, LLP, sus abogados expertos en accidentes de autob\u00fas en Woodland Hills. \u00a1Llame ahora!","robots":{"index":"index","follow":"follow","max-snippet":"max-snippet:-1","max-image-preview":"max-image-preview:large","max-video-preview":"max-video-preview:-1"},"canonical":"https:\/\/freeman-freeman.com\/es\/woodland-hills-abogado-de-accidente-de-autobus\/","og_locale":"es_MX","og_type":"article","og_title":"Woodland Hills Bus Accident Lawyer - Free Consultation","og_description":"Seeking legal help for a bus accident in Woodland Hills? Trust Freeman & Freeman, LLP, your experienced Woodland Hills bus accident lawyers. Call now!","og_url":"https:\/\/freeman-freeman.com\/es\/woodland-hills-abogado-de-accidente-de-autobus\/","og_site_name":"Freeman &amp; Freeman, LLP","article_publisher":"https:\/\/www.facebook.com\/FreemanFreemanLaw","article_modified_time":"2024-02-07T15:20:22+00:00","og_image":[{"url":"https:\/\/freeman-freeman.com\/wp-content\/uploads\/2023\/12\/sng-pract-img-8.webp","type":"","width":"","height":""}],"twitter_card":"summary_large_image","twitter_site":"@FreemanFreeman1","twitter_misc":{"Tiempo de lectura":"4 minutos"},"schema":{"@context":"https:\/\/schema.org","@graph":[{"@type":"WebPage","@id":"https:\/\/freeman-freeman.com\/woodland-hills-bus-accident-lawyer\/","url":"https:\/\/freeman-freeman.com\/woodland-hills-bus-accident-lawyer\/","name":"Woodland Hills Abogado de Accidente de Autob\u00fas - Consulta Gratuita","isPartOf":{"@id":"https:\/\/freeman-freeman.com\/#website"},"primaryImageOfPage":{"@id":"https:\/\/freeman-freeman.com\/woodland-hills-bus-accident-lawyer\/#primaryimage"},"image":{"@id":"https:\/\/freeman-freeman.com\/woodland-hills-bus-accident-lawyer\/#primaryimage"},"thumbnailUrl":"https:\/\/freeman-freeman.com\/wp-content\/uploads\/2023\/12\/sng-pract-img-8.webp","datePublished":"2023-11-28T12:21:14+00:00","dateModified":"2024-02-07T15:20:22+00:00","description":"\u00bfBusca ayuda legal para un accidente de autob\u00fas en Woodland Hills? Conf\u00ede en Freeman &amp; Freeman, LLP, sus abogados expertos en accidentes de autob\u00fas en Woodland Hills. \u00a1Llame ahora!","inLanguage":"es","potentialAction":[{"@type":"ReadAction","target":["https:\/\/freeman-freeman.com\/woodland-hills-bus-accident-lawyer\/"]}]},{"@type":"ImageObject","inLanguage":"es","@id":"https:\/\/freeman-freeman.com\/woodland-hills-bus-accident-lawyer\/#primaryimage","url":"https:\/\/freeman-freeman.com\/wp-content\/uploads\/2023\/12\/sng-pract-img-8.webp","contentUrl":"https:\/\/freeman-freeman.com\/wp-content\/uploads\/2023\/12\/sng-pract-img-8.webp"},{"@type":"WebSite","@id":"https:\/\/freeman-freeman.com\/#website","url":"https:\/\/freeman-freeman.com\/","name":"Freeman &amp; Freeman, LLP","description":"","publisher":{"@id":"https:\/\/freeman-freeman.com\/#organization"},"potentialAction":[{"@type":"SearchAction","target":{"@type":"EntryPoint","urlTemplate":"https:\/\/freeman-freeman.com\/?s={search_term_string}"},"query-input":{"@type":"PropertyValueSpecification","valueRequired":true,"valueName":"search_term_string"}}],"inLanguage":"es"},{"@type":"Organization","@id":"https:\/\/freeman-freeman.com\/#organization","name":"Freeman &amp; Freeman, LLP","url":"https:\/\/freeman-freeman.com\/","logo":{"@type":"ImageObject","inLanguage":"es","@id":"https:\/\/freeman-freeman.com\/#\/schema\/logo\/image\/","url":"https:\/\/freeman-freeman.com\/wp-content\/uploads\/2024\/01\/logo.jpg","contentUrl":"https:\/\/freeman-freeman.com\/wp-content\/uploads\/2024\/01\/logo.jpg","width":674,"height":104,"caption":"Freeman & Freeman, LLP"},"image":{"@id":"https:\/\/freeman-freeman.com\/#\/schema\/logo\/image\/"},"sameAs":["https:\/\/www.facebook.com\/FreemanFreemanLaw","https:\/\/x.com\/FreemanFreeman1","https:\/\/www.linkedin.com\/company\/freeman-freeman-llp"]}]}},"_links":{"self":[{"href":"https:\/\/freeman-freeman.com\/es\/wp-json\/wp\/v2\/pages\/1393","targetHints":{"allow":["GET"]}}],"collection":[{"href":"https:\/\/freeman-freeman.com\/es\/wp-json\/wp\/v2\/pages"}],"about":[{"href":"https:\/\/freeman-freeman.com\/es\/wp-json\/wp\/v2\/types\/page"}],"author":[{"embeddable":true,"href":"https:\/\/freeman-freeman.com\/es\/wp-json\/wp\/v2\/users\/1"}],"replies":[{"embeddable":true,"href":"https:\/\/freeman-freeman.com\/es\/wp-json\/wp\/v2\/comments?post=1393"}],"version-history":[{"count":6,"href":"https:\/\/freeman-freeman.com\/es\/wp-json\/wp\/v2\/pages\/1393\/revisions"}],"predecessor-version":[{"id":2035,"href":"https:\/\/freeman-freeman.com\/es\/wp-json\/wp\/v2\/pages\/1393\/revisions\/2035"}],"wp:attachment":[{"href":"https:\/\/freeman-freeman.com\/es\/wp-json\/wp\/v2\/media?parent=1393"}],"curies":[{"name":"wp","href":"https:\/\/api.w.org\/{rel}","templated":true}]}}