{"id":1410,"date":"2023-11-28T12:51:24","date_gmt":"2023-11-28T12:51:24","guid":{"rendered":"https:\/\/freeman-freeman.com\/?page_id=1410"},"modified":"2024-02-08T12:30:03","modified_gmt":"2024-02-08T12:30:03","slug":"woodland-hills-cabeza-en-colision-abogado","status":"publish","type":"page","link":"https:\/\/freeman-freeman.com\/es\/woodland-hills-head-on-collision-lawyer\/","title":{"rendered":"Woodland Hills Colisi\u00f3n Frontal Abogado"},"content":{"rendered":"<h2><span data-sheets-root=\"1\" data-sheets-value=\"{&quot;1&quot;:2,&quot;2&quot;:&quot;Woodland Hills Head-On Collision Lawyer&quot;}\" data-sheets-userformat=\"{&quot;2&quot;:15105,&quot;3&quot;:{&quot;1&quot;:0},&quot;11&quot;:0,&quot;12&quot;:0,&quot;14&quot;:{&quot;1&quot;:2,&quot;2&quot;:0},&quot;15&quot;:&quot;Calibri&quot;,&quot;16&quot;:11}\">Woodland Hills Colisi\u00f3n Frontal Abogado<\/span><\/h2>\n<p><img loading=\"lazy\" decoding=\"async\" class=\"aligncenter\" title=\"Woodland Hills Colisi\u00f3n Frontal Abogado\" src=\"https:\/\/freeman-freeman.com\/wp-content\/uploads\/2023\/11\/i-prac-head.webp\" alt=\"Woodland Hills Colisi\u00f3n Frontal Abogado\" width=\"312\" height=\"198\" \/><\/p>\n<p>Si ha resultado herido en una colisi\u00f3n frontal, es posible que est\u00e9 luchando con lesiones extremadamente graves. Un accidente tan catastr\u00f3fico puede alterar toda su vida y hacer que su carrera, su tranquilidad y su comodidad f\u00edsica sean dif\u00edciles de recuperar.<\/p>\n<p>Nuestro bufete de abogados de Los \u00c1ngeles ha estado representando a clientes que han sufrido lesiones graves durante m\u00e1s de cuatro d\u00e9cadas. Al ponerse en contacto con nosotros despu\u00e9s de un accidente automovil\u00edstico grave, las personas en todo el sur de California han obtenido la compensaci\u00f3n que necesitan para los ajustes de vida a largo plazo.<\/p>\n<p>Nuestros abogados analizar\u00e1n las circunstancias de su caso y luchar\u00e1n para proteger sus intereses a largo plazo. Hemos obtenido acuerdos y sentencias para nuestros clientes por m\u00e1s de $250 millones. Si usted ha sido herido en un accidente de coche de frente, o si ha perdido a un ser querido en un accidente mortal, nuestros abogados pueden aconsejarle sobre sus muchas opciones legales para perseguir la m\u00e1xima compensaci\u00f3n.<\/p>\n<p>P\u00f3ngase en contacto con nuestros abogados para obtener informaci\u00f3n sobre las ayudas econ\u00f3micas disponibles para las facturas m\u00e9dicas, los salarios perdidos, las oportunidades profesionales perdidas y el dolor y el sufrimiento. Los responsables de sus lesiones deben rendir cuentas.<\/p>\n<p>P\u00f3ngase en contacto con nosotros para un an\u00e1lisis gratuito de su caso. No cobramos honorarios de abogados a menos que ganemos su caso. Es posible que haya compa\u00f1\u00edas de seguros que se le resistan. Puede haber fabricantes de autom\u00f3viles que contribuyeron a sus lesiones que se niegan a admitir la culpa.<\/p>\n<p>Equipos de construcci\u00f3n, urbanistas, conductores ebrios y quienes trabajaban para ellos: estas y muchas otras personas y organizaciones pueden haber sido negligentes. Nuestros abogados saben c\u00f3mo exigirles responsabilidades.<\/p>\n<h2>Muchas causas posibles de lesiones graves en accidentes de tr\u00e1fico<\/h2>\n<p>Los choques frontales pueden ser devastadores aunque los veh\u00edculos no circulen a gran velocidad. Muchas veces en estas colisiones, los conductores salen despedidos de sus veh\u00edculos o son aplastados desde arriba cuando un veh\u00edculo m\u00e1s grande se sube al cap\u00f3.<\/p>\n<p>Cuando se ven implicados autobuses, semirremolques y motocicletas, los resultados pueden ser fatales. Aunque hay muchos escenarios en los que se producir\u00e1 una colisi\u00f3n frontal, algunas de las causas m\u00e1s comunes implican:<\/p>\n<ul>\n<li>Conducci\u00f3n en estado de embriaguez que lleva a un motorista a incorporarse a la circulaci\u00f3n en sentido contrario<\/li>\n<li>Dormirse al volante<\/li>\n<li>La confusi\u00f3n en las rampas conduce a la conducci\u00f3n en sentido contrario<\/li>\n<li>Mensajes de texto y conducci\u00f3n u otras distracciones al volante<\/li>\n<\/ul>\n<p>Los fallos mec\u00e1nicos o las l\u00edneas divisorias mal se\u00f1alizadas tambi\u00e9n pueden contribuir a estos tr\u00e1gicos incidentes. Algunas de las lesiones m\u00e1s comunes son:<\/p>\n<ul>\n<li>Latigazo cervical, traumatismos craneales y lesiones de espalda<\/li>\n<li>Fracturas \u00f3seas<\/li>\n<li>Par\u00e1lisis<\/li>\n<li>Quemaduras<\/li>\n<li>Lesiones cerebrales y medulares<\/li>\n<\/ul>\n<p>No es de extra\u00f1ar que este tipo de accidentes cause m\u00e1s v\u00edctimas mortales que cualquier otro tipo de accidente de tr\u00e1fico. <a role=\"link\" href=\"https:\/\/freeman-freeman.com\/es\/woodland-hills-abogado-de-muerte-injusta\/\" data-wpel-link=\"internal\">Si ha perdido a un ser querido<\/a> en un accidente de coche mortal, podemos ayudarle a presentar una demanda por homicidio culposo. Somos abogados altamente experimentados y firmes. Estamos comprometidos a ayudarle a obtener justicia y compensaci\u00f3n despu\u00e9s de un accidente automovil\u00edstico grave.<\/p>\n<h2>Llame hoy para una primera consulta gratuita<\/h2>\n<p>Llame a nuestros abogados experimentados y compasivos al <a role=\"link\" href=\"tel:+1-818-992-2919\" data-wpel-link=\"internal\">818-992-2919<\/a> o <a role=\"link\" href=\"https:\/\/freeman-freeman.com\/es\/pongase-en-contacto-con\/\" data-wpel-link=\"internal\">rellene nuestro formulario de contacto en l\u00ednea<\/a> para programar su consulta gratuita. Vamos a discutir sus opciones y empezar a trabajar en una estrategia para proteger sus derechos.<\/p>","protected":false},"excerpt":{"rendered":"<p>Woodland Hills Head-On Collision Attorney If you have been injured in a head-on collision, you may be struggling with extremely serious injuries. Such a catastrophic accident can disrupt your entire life and make your career, your peace of mind, and your physical comfort difficult to regain. Our Los Angeles law firm has been representing clients &hellip; <\/p>\n<p class=\"link-more\"><a href=\"https:\/\/freeman-freeman.com\/es\/woodland-hills-head-on-collision-lawyer\/\" class=\"more-link\">Seguir leyendo<span class=\"screen-reader-text\"> &#8220;Woodland Hills Head-On Collision Lawyer&#8221;<\/span><\/a><\/p>","protected":false},"author":1,"featured_media":0,"parent":0,"menu_order":0,"comment_status":"closed","ping_status":"closed","template":"","meta":{"_acf_changed":false,"footnotes":""},"class_list":["post-1410","page","type-page","status-publish","hentry","entry"],"acf":[],"yoast_head":"<!-- This site is optimized with the Yoast SEO plugin v27.5 - https:\/\/yoast.com\/product\/yoast-seo-wordpress\/ -->\n<title>Woodland Hills Head-On Collision Lawyer - Free Consultation<\/title>\n<meta name=\"description\" content=\"Seeking legal aid for a head-on collision? Rely on Freeman &amp; Freeman, LLP, your trusted Woodland Hills head-on collision lawyers. Contact now!\" \/>\n<meta name=\"robots\" content=\"index, follow, max-snippet:-1, max-image-preview:large, max-video-preview:-1\" \/>\n<link rel=\"canonical\" href=\"https:\/\/freeman-freeman.com\/es\/woodland-hills-cabeza-en-colision-abogado\/\" \/>\n<meta property=\"og:locale\" content=\"es_MX\" \/>\n<meta property=\"og:type\" content=\"article\" \/>\n<meta property=\"og:title\" content=\"Woodland Hills Head-On Collision Lawyer - Free Consultation\" \/>\n<meta property=\"og:description\" content=\"Seeking legal aid for a head-on collision? Rely on Freeman &amp; Freeman, LLP, your trusted Woodland Hills head-on collision lawyers. Contact now!\" \/>\n<meta property=\"og:url\" content=\"https:\/\/freeman-freeman.com\/es\/woodland-hills-cabeza-en-colision-abogado\/\" \/>\n<meta property=\"og:site_name\" content=\"Freeman &amp; Freeman, LLP\" \/>\n<meta property=\"article:publisher\" content=\"https:\/\/www.facebook.com\/FreemanFreemanLaw\" \/>\n<meta property=\"article:modified_time\" content=\"2024-02-08T12:30:03+00:00\" \/>\n<meta property=\"og:image\" content=\"https:\/\/freeman-freeman.com\/wp-content\/uploads\/2023\/11\/i-prac-head.webp\" \/>\n<meta name=\"twitter:card\" content=\"summary_large_image\" \/>\n<meta name=\"twitter:site\" content=\"@FreemanFreeman1\" \/>\n<meta name=\"twitter:label1\" content=\"Tiempo de lectura\" \/>\n\t<meta name=\"twitter:data1\" content=\"3 minutos\" \/>\n<script type=\"application\/ld+json\" class=\"yoast-schema-graph\">{\"@context\":\"https:\\\/\\\/schema.org\",\"@graph\":[{\"@type\":\"WebPage\",\"@id\":\"https:\\\/\\\/freeman-freeman.com\\\/woodland-hills-head-on-collision-lawyer\\\/\",\"url\":\"https:\\\/\\\/freeman-freeman.com\\\/woodland-hills-head-on-collision-lawyer\\\/\",\"name\":\"Woodland Hills Head-On Collision Lawyer - Free Consultation\",\"isPartOf\":{\"@id\":\"https:\\\/\\\/freeman-freeman.com\\\/#website\"},\"primaryImageOfPage\":{\"@id\":\"https:\\\/\\\/freeman-freeman.com\\\/woodland-hills-head-on-collision-lawyer\\\/#primaryimage\"},\"image\":{\"@id\":\"https:\\\/\\\/freeman-freeman.com\\\/woodland-hills-head-on-collision-lawyer\\\/#primaryimage\"},\"thumbnailUrl\":\"https:\\\/\\\/freeman-freeman.com\\\/wp-content\\\/uploads\\\/2023\\\/11\\\/i-prac-head.webp\",\"datePublished\":\"2023-11-28T12:51:24+00:00\",\"dateModified\":\"2024-02-08T12:30:03+00:00\",\"description\":\"Seeking legal aid for a head-on collision? Rely on Freeman & Freeman, LLP, your trusted Woodland Hills head-on collision lawyers. Contact now!\",\"inLanguage\":\"es\",\"potentialAction\":[{\"@type\":\"ReadAction\",\"target\":[\"https:\\\/\\\/freeman-freeman.com\\\/woodland-hills-head-on-collision-lawyer\\\/\"]}]},{\"@type\":\"ImageObject\",\"inLanguage\":\"es\",\"@id\":\"https:\\\/\\\/freeman-freeman.com\\\/woodland-hills-head-on-collision-lawyer\\\/#primaryimage\",\"url\":\"https:\\\/\\\/freeman-freeman.com\\\/wp-content\\\/uploads\\\/2023\\\/11\\\/i-prac-head.webp\",\"contentUrl\":\"https:\\\/\\\/freeman-freeman.com\\\/wp-content\\\/uploads\\\/2023\\\/11\\\/i-prac-head.webp\"},{\"@type\":\"WebSite\",\"@id\":\"https:\\\/\\\/freeman-freeman.com\\\/#website\",\"url\":\"https:\\\/\\\/freeman-freeman.com\\\/\",\"name\":\"Freeman &amp; Freeman, LLP\",\"description\":\"\",\"publisher\":{\"@id\":\"https:\\\/\\\/freeman-freeman.com\\\/#organization\"},\"potentialAction\":[{\"@type\":\"SearchAction\",\"target\":{\"@type\":\"EntryPoint\",\"urlTemplate\":\"https:\\\/\\\/freeman-freeman.com\\\/?s={search_term_string}\"},\"query-input\":{\"@type\":\"PropertyValueSpecification\",\"valueRequired\":true,\"valueName\":\"search_term_string\"}}],\"inLanguage\":\"es\"},{\"@type\":\"Organization\",\"@id\":\"https:\\\/\\\/freeman-freeman.com\\\/#organization\",\"name\":\"Freeman & Freeman, LLP\",\"url\":\"https:\\\/\\\/freeman-freeman.com\\\/\",\"logo\":{\"@type\":\"ImageObject\",\"inLanguage\":\"es\",\"@id\":\"https:\\\/\\\/freeman-freeman.com\\\/#\\\/schema\\\/logo\\\/image\\\/\",\"url\":\"https:\\\/\\\/freeman-freeman.com\\\/wp-content\\\/uploads\\\/2024\\\/01\\\/logo.jpg\",\"contentUrl\":\"https:\\\/\\\/freeman-freeman.com\\\/wp-content\\\/uploads\\\/2024\\\/01\\\/logo.jpg\",\"width\":674,\"height\":104,\"caption\":\"Freeman & Freeman, LLP\"},\"image\":{\"@id\":\"https:\\\/\\\/freeman-freeman.com\\\/#\\\/schema\\\/logo\\\/image\\\/\"},\"sameAs\":[\"https:\\\/\\\/www.facebook.com\\\/FreemanFreemanLaw\",\"https:\\\/\\\/x.com\\\/FreemanFreeman1\",\"https:\\\/\\\/www.linkedin.com\\\/company\\\/freeman-freeman-llp\"]}]}<\/script>\n<!-- \/ Yoast SEO plugin. -->","yoast_head_json":{"title":"Woodland Hills Head-On Collision Abogado - Consulta Gratuita","description":"\u00bfBusca ayuda legal para una colisi\u00f3n frontal? Conf\u00ede en Freeman y Freeman, LLP, su Woodland Hills de confianza colisi\u00f3n frontal abogados. \u00a1P\u00f3ngase en contacto ahora!","robots":{"index":"index","follow":"follow","max-snippet":"max-snippet:-1","max-image-preview":"max-image-preview:large","max-video-preview":"max-video-preview:-1"},"canonical":"https:\/\/freeman-freeman.com\/es\/woodland-hills-cabeza-en-colision-abogado\/","og_locale":"es_MX","og_type":"article","og_title":"Woodland Hills Head-On Collision Lawyer - Free Consultation","og_description":"Seeking legal aid for a head-on collision? Rely on Freeman & Freeman, LLP, your trusted Woodland Hills head-on collision lawyers. Contact now!","og_url":"https:\/\/freeman-freeman.com\/es\/woodland-hills-cabeza-en-colision-abogado\/","og_site_name":"Freeman &amp; Freeman, LLP","article_publisher":"https:\/\/www.facebook.com\/FreemanFreemanLaw","article_modified_time":"2024-02-08T12:30:03+00:00","og_image":[{"url":"https:\/\/freeman-freeman.com\/wp-content\/uploads\/2023\/11\/i-prac-head.webp","type":"","width":"","height":""}],"twitter_card":"summary_large_image","twitter_site":"@FreemanFreeman1","twitter_misc":{"Tiempo de lectura":"3 minutos"},"schema":{"@context":"https:\/\/schema.org","@graph":[{"@type":"WebPage","@id":"https:\/\/freeman-freeman.com\/woodland-hills-head-on-collision-lawyer\/","url":"https:\/\/freeman-freeman.com\/woodland-hills-head-on-collision-lawyer\/","name":"Woodland Hills Head-On Collision Abogado - Consulta Gratuita","isPartOf":{"@id":"https:\/\/freeman-freeman.com\/#website"},"primaryImageOfPage":{"@id":"https:\/\/freeman-freeman.com\/woodland-hills-head-on-collision-lawyer\/#primaryimage"},"image":{"@id":"https:\/\/freeman-freeman.com\/woodland-hills-head-on-collision-lawyer\/#primaryimage"},"thumbnailUrl":"https:\/\/freeman-freeman.com\/wp-content\/uploads\/2023\/11\/i-prac-head.webp","datePublished":"2023-11-28T12:51:24+00:00","dateModified":"2024-02-08T12:30:03+00:00","description":"\u00bfBusca ayuda legal para una colisi\u00f3n frontal? Conf\u00ede en Freeman y Freeman, LLP, su Woodland Hills de confianza colisi\u00f3n frontal abogados. \u00a1P\u00f3ngase en contacto ahora!","inLanguage":"es","potentialAction":[{"@type":"ReadAction","target":["https:\/\/freeman-freeman.com\/woodland-hills-head-on-collision-lawyer\/"]}]},{"@type":"ImageObject","inLanguage":"es","@id":"https:\/\/freeman-freeman.com\/woodland-hills-head-on-collision-lawyer\/#primaryimage","url":"https:\/\/freeman-freeman.com\/wp-content\/uploads\/2023\/11\/i-prac-head.webp","contentUrl":"https:\/\/freeman-freeman.com\/wp-content\/uploads\/2023\/11\/i-prac-head.webp"},{"@type":"WebSite","@id":"https:\/\/freeman-freeman.com\/#website","url":"https:\/\/freeman-freeman.com\/","name":"Freeman &amp; Freeman, LLP","description":"","publisher":{"@id":"https:\/\/freeman-freeman.com\/#organization"},"potentialAction":[{"@type":"SearchAction","target":{"@type":"EntryPoint","urlTemplate":"https:\/\/freeman-freeman.com\/?s={search_term_string}"},"query-input":{"@type":"PropertyValueSpecification","valueRequired":true,"valueName":"search_term_string"}}],"inLanguage":"es"},{"@type":"Organization","@id":"https:\/\/freeman-freeman.com\/#organization","name":"Freeman &amp; Freeman, LLP","url":"https:\/\/freeman-freeman.com\/","logo":{"@type":"ImageObject","inLanguage":"es","@id":"https:\/\/freeman-freeman.com\/#\/schema\/logo\/image\/","url":"https:\/\/freeman-freeman.com\/wp-content\/uploads\/2024\/01\/logo.jpg","contentUrl":"https:\/\/freeman-freeman.com\/wp-content\/uploads\/2024\/01\/logo.jpg","width":674,"height":104,"caption":"Freeman & Freeman, LLP"},"image":{"@id":"https:\/\/freeman-freeman.com\/#\/schema\/logo\/image\/"},"sameAs":["https:\/\/www.facebook.com\/FreemanFreemanLaw","https:\/\/x.com\/FreemanFreeman1","https:\/\/www.linkedin.com\/company\/freeman-freeman-llp"]}]}},"_links":{"self":[{"href":"https:\/\/freeman-freeman.com\/es\/wp-json\/wp\/v2\/pages\/1410","targetHints":{"allow":["GET"]}}],"collection":[{"href":"https:\/\/freeman-freeman.com\/es\/wp-json\/wp\/v2\/pages"}],"about":[{"href":"https:\/\/freeman-freeman.com\/es\/wp-json\/wp\/v2\/types\/page"}],"author":[{"embeddable":true,"href":"https:\/\/freeman-freeman.com\/es\/wp-json\/wp\/v2\/users\/1"}],"replies":[{"embeddable":true,"href":"https:\/\/freeman-freeman.com\/es\/wp-json\/wp\/v2\/comments?post=1410"}],"version-history":[{"count":5,"href":"https:\/\/freeman-freeman.com\/es\/wp-json\/wp\/v2\/pages\/1410\/revisions"}],"predecessor-version":[{"id":2065,"href":"https:\/\/freeman-freeman.com\/es\/wp-json\/wp\/v2\/pages\/1410\/revisions\/2065"}],"wp:attachment":[{"href":"https:\/\/freeman-freeman.com\/es\/wp-json\/wp\/v2\/media?parent=1410"}],"curies":[{"name":"wp","href":"https:\/\/api.w.org\/{rel}","templated":true}]}}