{"id":1470,"date":"2023-11-29T06:37:11","date_gmt":"2023-11-29T06:37:11","guid":{"rendered":"https:\/\/freeman-freeman.com\/?page_id=1470"},"modified":"2024-02-19T11:22:29","modified_gmt":"2024-02-19T11:22:29","slug":"woodland-hills-abogado-de-accidentes-de-peatones","status":"publish","type":"page","link":"https:\/\/freeman-freeman.com\/es\/woodland-hills-pedestrian-accident-lawyer\/","title":{"rendered":"Woodland Hills Abogado de Accidente Peatonal"},"content":{"rendered":"<h2><span data-sheets-root=\"1\" data-sheets-value=\"{&quot;1&quot;:2,&quot;2&quot;:&quot;Woodland Hills Pedestrian Accident Lawyer&quot;}\" data-sheets-userformat=\"{&quot;2&quot;:15105,&quot;3&quot;:{&quot;1&quot;:0},&quot;11&quot;:0,&quot;12&quot;:0,&quot;14&quot;:{&quot;1&quot;:2,&quot;2&quot;:0},&quot;15&quot;:&quot;Calibri&quot;,&quot;16&quot;:11}\">Woodland Hills Abogado de Accidente Peatonal<\/span><\/h2>\n<div class=\"abt-img\"><img loading=\"lazy\" decoding=\"async\" class=\"alignnone\" title=\"Woodland Hills Abogado de Accidente Peatonal\" src=\"https:\/\/freeman-freeman.com\/wp-content\/uploads\/2023\/12\/sng-pract-img-1.webp\" alt=\"Woodland Hills Abogado de Accidente Peatonal\" width=\"970\" height=\"500\" \/><\/div>\n<p>Nuestros abogados en Freeman y Freeman, LLP, est\u00e1n preparados para ayudarle si usted o alguien que usted ama ha sido v\u00edctima de un accidente de peatones en Woodland Hills. Adem\u00e1s de causar lesiones graves o conducir a la muerte injusta, Woodland Hills accidentes peatonales tambi\u00e9n son jur\u00eddicamente complejas. Los abogados de Freeman y Freeman, LLP, han estado representando a clientes en estos casos durante m\u00e1s de 40 a\u00f1os y sabemos c\u00f3mo obtener resultados en estos casos complejos.<\/p>\n<p>Nuestros abogados entienden los desaf\u00edos que implican estos casos y sabemos c\u00f3mo luchar agresivamente por una compensaci\u00f3n justa en nombre de las v\u00edctimas. Si su caso implica <a role=\"link\" href=\"https:\/\/freeman-freeman.com\/es\/woodland-hills-hit-and-run-accidente-abogado\/\" data-wpel-link=\"internal\">atropello con fuga<\/a>, m\u00faltiples v\u00edctimas o incluso si usted cree que es parcialmente culpable, nuestros abogados pueden ayudarle. La experiencia marca la diferencia en el abogado que elija.<\/p>\n<p>Llame a <a role=\"link\" href=\"tel:+1-818-992-2919\" data-wpel-link=\"internal\">818-992-2919<\/a> para hablar directamente con un abogado con experiencia en accidentes de peatones en Freeman y Freeman, LLP.<\/p>\n<h2>Un bufete de abogados en el que puede confiar<\/h2>\n<p>Freeman &amp; Freeman, LLP, ha sido el bufete de abogados al que las v\u00edctimas y sus familias han acudido durante m\u00e1s de 40 a\u00f1os. Nuestro <a role=\"link\" href=\"https:\/\/freeman-freeman.com\/es\/recursos\/\" data-wpel-link=\"internal\">abogados<\/a> tienen una vasta experiencia en Los \u00c1ngeles y hemos recuperado cientos de millones de d\u00f3lares para nuestros clientes lesionados. Como resultado, tenemos acceso a los principales expertos que pueden ayudarnos a determinar la causa de su accidente y la raz\u00f3n de sus lesiones.<\/p>\n<p>Nuestros expertos tambi\u00e9n nos ayudar\u00e1n a determinar la indemnizaci\u00f3n que puede necesitar tras un accidente de peat\u00f3n. Este tipo de lesiones pueden alterarle la vida:<\/p>\n<ul>\n<li>Puede ser necesaria atenci\u00f3n m\u00e9dica las 24 horas del d\u00eda durante el resto de la vida de la v\u00edctima.<\/li>\n<li>Las lesiones pueden hacer necesaria la cirug\u00eda reconstructiva<\/li>\n<li>Las lesiones pueden contribuir a una muerte prematura<\/li>\n<li>La calidad de vida puede disminuir considerablemente<\/li>\n<li>Las oportunidades profesionales y las experiencias vitales pueden verse comprometidas<\/li>\n<\/ul>\n<p>Estos son s\u00f3lo algunos de los detalles que vamos a considerar al formular nuestra estrategia legal. Nuestros abogados de accidentes de peatones en Woodland Hills tambi\u00e9n tendr\u00e1n en cuenta la planificaci\u00f3n de la ciudad, la iluminaci\u00f3n, la construcci\u00f3n del paso de peatones, el defecto del veh\u00edculo y otras posibilidades al tratar de obtener la compensaci\u00f3n.<br \/>\nque se merece. M\u00faltiples partes pueden ser responsables de sus p\u00e9rdidas y sufrimiento. Las perseguiremos a todas con diligencia.<\/p>\n<h2>Abogados expertos en lesiones para proteger sus derechos<\/h2>\n<p>Cuando llame a nuestros abogados de accidentes de peatones de Woodland Hills, seremos francos y claros en nuestra evaluaci\u00f3n. Si tomamos su caso, estamos seguros de que podemos ganar. Nuestros abogados de lesiones personales de Woodland Hills tienen la habilidad y la experiencia que usted necesita de su lado cuando se trata de una demanda por lesiones por accidente de peat\u00f3n. Proporcionamos la defensa dedicada en su favor contra compa\u00f1\u00edas de seguros grandes.<\/p>\n<p>Adem\u00e1s, podemos manejar demandas complejas de accidentes automovil\u00edsticos y accidentes de peatones que surgen en las intersecciones y de giros a la izquierda. Podemos identificar f\u00e1cilmente c\u00f3mo el conductor tuvo la culpa y buscar una compensaci\u00f3n justa por sus lesiones.<\/p>\n<h2>Llame para saber c\u00f3mo podemos ayudarle<\/h2>\n<p>Si usted o un miembro de su familia ha sido lesionado en una acera, o en un paso de peatones o intersecci\u00f3n, p\u00f3ngase en contacto con nosotros ahora para una consulta gratuita. Llame a <a role=\"link\" href=\"tel:+1-818-992-2919\" data-wpel-link=\"internal\">818-992-2919<\/a> o comparta su informaci\u00f3n de contacto <a role=\"link\" href=\"https:\/\/freeman-freeman.com\/es\/pongase-en-contacto-con\/\" data-wpel-link=\"internal\">a trav\u00e9s de nuestro formulario en l\u00ednea<\/a> para hablar de su caso.<\/p>","protected":false},"excerpt":{"rendered":"<p>Woodland Hills Pedestrian Accident Attorney Our lawyers at Freeman &amp; Freeman, LLP, are prepared to assist you if you or someone you love has been the victim of a pedestrian accident in Woodland Hills. In addition to causing serious injury or leading to wrongful death, Woodland Hills pedestrian accidents are also legally complex. The attorneys &hellip; <\/p>\n<p class=\"link-more\"><a href=\"https:\/\/freeman-freeman.com\/es\/woodland-hills-pedestrian-accident-lawyer\/\" class=\"more-link\">Seguir leyendo<span class=\"screen-reader-text\"> &#8220;Woodland Hills Pedestrian Accident Lawyer&#8221;<\/span><\/a><\/p>","protected":false},"author":1,"featured_media":0,"parent":0,"menu_order":0,"comment_status":"closed","ping_status":"closed","template":"","meta":{"_acf_changed":false,"footnotes":""},"class_list":["post-1470","page","type-page","status-publish","hentry","entry"],"acf":[],"yoast_head":"<!-- This site is optimized with the Yoast SEO plugin v27.5 - https:\/\/yoast.com\/product\/yoast-seo-wordpress\/ -->\n<title>Woodland Hills Pedestrian Accident Lawyer - Free Consultation<\/title>\n<meta name=\"description\" content=\"Involved in a pedestrian accident? Turn to Freeman &amp; Freeman, LLP, your dedicated Woodland Hills pedestrian accident lawyer. Call now!\" \/>\n<meta name=\"robots\" content=\"index, follow, max-snippet:-1, max-image-preview:large, max-video-preview:-1\" \/>\n<link rel=\"canonical\" href=\"https:\/\/freeman-freeman.com\/es\/woodland-hills-abogado-de-accidentes-de-peatones\/\" \/>\n<meta property=\"og:locale\" content=\"es_MX\" \/>\n<meta property=\"og:type\" content=\"article\" \/>\n<meta property=\"og:title\" content=\"Woodland Hills Pedestrian Accident Lawyer - Free Consultation\" \/>\n<meta property=\"og:description\" content=\"Involved in a pedestrian accident? Turn to Freeman &amp; Freeman, LLP, your dedicated Woodland Hills pedestrian accident lawyer. Call now!\" \/>\n<meta property=\"og:url\" content=\"https:\/\/freeman-freeman.com\/es\/woodland-hills-abogado-de-accidentes-de-peatones\/\" \/>\n<meta property=\"og:site_name\" content=\"Freeman &amp; Freeman, LLP\" \/>\n<meta property=\"article:publisher\" content=\"https:\/\/www.facebook.com\/FreemanFreemanLaw\" \/>\n<meta property=\"article:modified_time\" content=\"2024-02-19T11:22:29+00:00\" \/>\n<meta property=\"og:image\" content=\"https:\/\/freeman-freeman.com\/wp-content\/uploads\/2023\/12\/sng-pract-img-1.webp\" \/>\n<meta name=\"twitter:card\" content=\"summary_large_image\" \/>\n<meta name=\"twitter:site\" content=\"@FreemanFreeman1\" \/>\n<meta name=\"twitter:label1\" content=\"Tiempo de lectura\" \/>\n\t<meta name=\"twitter:data1\" content=\"3 minutos\" \/>\n<script type=\"application\/ld+json\" class=\"yoast-schema-graph\">{\"@context\":\"https:\\\/\\\/schema.org\",\"@graph\":[{\"@type\":\"WebPage\",\"@id\":\"https:\\\/\\\/freeman-freeman.com\\\/woodland-hills-pedestrian-accident-lawyer\\\/\",\"url\":\"https:\\\/\\\/freeman-freeman.com\\\/woodland-hills-pedestrian-accident-lawyer\\\/\",\"name\":\"Woodland Hills Pedestrian Accident Lawyer - Free Consultation\",\"isPartOf\":{\"@id\":\"https:\\\/\\\/freeman-freeman.com\\\/#website\"},\"primaryImageOfPage\":{\"@id\":\"https:\\\/\\\/freeman-freeman.com\\\/woodland-hills-pedestrian-accident-lawyer\\\/#primaryimage\"},\"image\":{\"@id\":\"https:\\\/\\\/freeman-freeman.com\\\/woodland-hills-pedestrian-accident-lawyer\\\/#primaryimage\"},\"thumbnailUrl\":\"https:\\\/\\\/freeman-freeman.com\\\/wp-content\\\/uploads\\\/2023\\\/12\\\/sng-pract-img-1.webp\",\"datePublished\":\"2023-11-29T06:37:11+00:00\",\"dateModified\":\"2024-02-19T11:22:29+00:00\",\"description\":\"Involved in a pedestrian accident? Turn to Freeman & Freeman, LLP, your dedicated Woodland Hills pedestrian accident lawyer. Call now!\",\"inLanguage\":\"es\",\"potentialAction\":[{\"@type\":\"ReadAction\",\"target\":[\"https:\\\/\\\/freeman-freeman.com\\\/woodland-hills-pedestrian-accident-lawyer\\\/\"]}]},{\"@type\":\"ImageObject\",\"inLanguage\":\"es\",\"@id\":\"https:\\\/\\\/freeman-freeman.com\\\/woodland-hills-pedestrian-accident-lawyer\\\/#primaryimage\",\"url\":\"https:\\\/\\\/freeman-freeman.com\\\/wp-content\\\/uploads\\\/2023\\\/12\\\/sng-pract-img-1.webp\",\"contentUrl\":\"https:\\\/\\\/freeman-freeman.com\\\/wp-content\\\/uploads\\\/2023\\\/12\\\/sng-pract-img-1.webp\"},{\"@type\":\"WebSite\",\"@id\":\"https:\\\/\\\/freeman-freeman.com\\\/#website\",\"url\":\"https:\\\/\\\/freeman-freeman.com\\\/\",\"name\":\"Freeman &amp; Freeman, LLP\",\"description\":\"\",\"publisher\":{\"@id\":\"https:\\\/\\\/freeman-freeman.com\\\/#organization\"},\"potentialAction\":[{\"@type\":\"SearchAction\",\"target\":{\"@type\":\"EntryPoint\",\"urlTemplate\":\"https:\\\/\\\/freeman-freeman.com\\\/?s={search_term_string}\"},\"query-input\":{\"@type\":\"PropertyValueSpecification\",\"valueRequired\":true,\"valueName\":\"search_term_string\"}}],\"inLanguage\":\"es\"},{\"@type\":\"Organization\",\"@id\":\"https:\\\/\\\/freeman-freeman.com\\\/#organization\",\"name\":\"Freeman & Freeman, LLP\",\"url\":\"https:\\\/\\\/freeman-freeman.com\\\/\",\"logo\":{\"@type\":\"ImageObject\",\"inLanguage\":\"es\",\"@id\":\"https:\\\/\\\/freeman-freeman.com\\\/#\\\/schema\\\/logo\\\/image\\\/\",\"url\":\"https:\\\/\\\/freeman-freeman.com\\\/wp-content\\\/uploads\\\/2024\\\/01\\\/logo.jpg\",\"contentUrl\":\"https:\\\/\\\/freeman-freeman.com\\\/wp-content\\\/uploads\\\/2024\\\/01\\\/logo.jpg\",\"width\":674,\"height\":104,\"caption\":\"Freeman & Freeman, LLP\"},\"image\":{\"@id\":\"https:\\\/\\\/freeman-freeman.com\\\/#\\\/schema\\\/logo\\\/image\\\/\"},\"sameAs\":[\"https:\\\/\\\/www.facebook.com\\\/FreemanFreemanLaw\",\"https:\\\/\\\/x.com\\\/FreemanFreeman1\",\"https:\\\/\\\/www.linkedin.com\\\/company\\\/freeman-freeman-llp\"]}]}<\/script>\n<!-- \/ Yoast SEO plugin. -->","yoast_head_json":{"title":"Woodland Hills Abogado de Accidente Peatonal - Consulta Gratis","description":"\u00bfInvolucrado en un accidente de peatones? Acuda a Freeman &amp; Freeman, LLP, su abogado especializado en accidentes de peatones en Woodland Hills. Llame ahora","robots":{"index":"index","follow":"follow","max-snippet":"max-snippet:-1","max-image-preview":"max-image-preview:large","max-video-preview":"max-video-preview:-1"},"canonical":"https:\/\/freeman-freeman.com\/es\/woodland-hills-abogado-de-accidentes-de-peatones\/","og_locale":"es_MX","og_type":"article","og_title":"Woodland Hills Pedestrian Accident Lawyer - Free Consultation","og_description":"Involved in a pedestrian accident? Turn to Freeman & Freeman, LLP, your dedicated Woodland Hills pedestrian accident lawyer. Call now!","og_url":"https:\/\/freeman-freeman.com\/es\/woodland-hills-abogado-de-accidentes-de-peatones\/","og_site_name":"Freeman &amp; Freeman, LLP","article_publisher":"https:\/\/www.facebook.com\/FreemanFreemanLaw","article_modified_time":"2024-02-19T11:22:29+00:00","og_image":[{"url":"https:\/\/freeman-freeman.com\/wp-content\/uploads\/2023\/12\/sng-pract-img-1.webp","type":"","width":"","height":""}],"twitter_card":"summary_large_image","twitter_site":"@FreemanFreeman1","twitter_misc":{"Tiempo de lectura":"3 minutos"},"schema":{"@context":"https:\/\/schema.org","@graph":[{"@type":"WebPage","@id":"https:\/\/freeman-freeman.com\/woodland-hills-pedestrian-accident-lawyer\/","url":"https:\/\/freeman-freeman.com\/woodland-hills-pedestrian-accident-lawyer\/","name":"Woodland Hills Abogado de Accidente Peatonal - Consulta Gratis","isPartOf":{"@id":"https:\/\/freeman-freeman.com\/#website"},"primaryImageOfPage":{"@id":"https:\/\/freeman-freeman.com\/woodland-hills-pedestrian-accident-lawyer\/#primaryimage"},"image":{"@id":"https:\/\/freeman-freeman.com\/woodland-hills-pedestrian-accident-lawyer\/#primaryimage"},"thumbnailUrl":"https:\/\/freeman-freeman.com\/wp-content\/uploads\/2023\/12\/sng-pract-img-1.webp","datePublished":"2023-11-29T06:37:11+00:00","dateModified":"2024-02-19T11:22:29+00:00","description":"\u00bfInvolucrado en un accidente de peatones? Acuda a Freeman &amp; Freeman, LLP, su abogado especializado en accidentes de peatones en Woodland Hills. Llame ahora","inLanguage":"es","potentialAction":[{"@type":"ReadAction","target":["https:\/\/freeman-freeman.com\/woodland-hills-pedestrian-accident-lawyer\/"]}]},{"@type":"ImageObject","inLanguage":"es","@id":"https:\/\/freeman-freeman.com\/woodland-hills-pedestrian-accident-lawyer\/#primaryimage","url":"https:\/\/freeman-freeman.com\/wp-content\/uploads\/2023\/12\/sng-pract-img-1.webp","contentUrl":"https:\/\/freeman-freeman.com\/wp-content\/uploads\/2023\/12\/sng-pract-img-1.webp"},{"@type":"WebSite","@id":"https:\/\/freeman-freeman.com\/#website","url":"https:\/\/freeman-freeman.com\/","name":"Freeman &amp; Freeman, LLP","description":"","publisher":{"@id":"https:\/\/freeman-freeman.com\/#organization"},"potentialAction":[{"@type":"SearchAction","target":{"@type":"EntryPoint","urlTemplate":"https:\/\/freeman-freeman.com\/?s={search_term_string}"},"query-input":{"@type":"PropertyValueSpecification","valueRequired":true,"valueName":"search_term_string"}}],"inLanguage":"es"},{"@type":"Organization","@id":"https:\/\/freeman-freeman.com\/#organization","name":"Freeman &amp; Freeman, LLP","url":"https:\/\/freeman-freeman.com\/","logo":{"@type":"ImageObject","inLanguage":"es","@id":"https:\/\/freeman-freeman.com\/#\/schema\/logo\/image\/","url":"https:\/\/freeman-freeman.com\/wp-content\/uploads\/2024\/01\/logo.jpg","contentUrl":"https:\/\/freeman-freeman.com\/wp-content\/uploads\/2024\/01\/logo.jpg","width":674,"height":104,"caption":"Freeman & Freeman, LLP"},"image":{"@id":"https:\/\/freeman-freeman.com\/#\/schema\/logo\/image\/"},"sameAs":["https:\/\/www.facebook.com\/FreemanFreemanLaw","https:\/\/x.com\/FreemanFreeman1","https:\/\/www.linkedin.com\/company\/freeman-freeman-llp"]}]}},"_links":{"self":[{"href":"https:\/\/freeman-freeman.com\/es\/wp-json\/wp\/v2\/pages\/1470","targetHints":{"allow":["GET"]}}],"collection":[{"href":"https:\/\/freeman-freeman.com\/es\/wp-json\/wp\/v2\/pages"}],"about":[{"href":"https:\/\/freeman-freeman.com\/es\/wp-json\/wp\/v2\/types\/page"}],"author":[{"embeddable":true,"href":"https:\/\/freeman-freeman.com\/es\/wp-json\/wp\/v2\/users\/1"}],"replies":[{"embeddable":true,"href":"https:\/\/freeman-freeman.com\/es\/wp-json\/wp\/v2\/comments?post=1470"}],"version-history":[{"count":7,"href":"https:\/\/freeman-freeman.com\/es\/wp-json\/wp\/v2\/pages\/1470\/revisions"}],"predecessor-version":[{"id":2349,"href":"https:\/\/freeman-freeman.com\/es\/wp-json\/wp\/v2\/pages\/1470\/revisions\/2349"}],"wp:attachment":[{"href":"https:\/\/freeman-freeman.com\/es\/wp-json\/wp\/v2\/media?parent=1470"}],"curies":[{"name":"wp","href":"https:\/\/api.w.org\/{rel}","templated":true}]}}