{"id":1494,"date":"2023-11-29T06:56:42","date_gmt":"2023-11-29T06:56:42","guid":{"rendered":"https:\/\/freeman-freeman.com\/?page_id=1494"},"modified":"2024-02-07T14:29:34","modified_gmt":"2024-02-07T14:29:34","slug":"woodland-hills-abogado-de-accidentes-de-piscina","status":"publish","type":"page","link":"https:\/\/freeman-freeman.com\/es\/woodland-hills-pool-accident-lawyer\/","title":{"rendered":"Woodland Hills Abogado de Accidente de Piscina"},"content":{"rendered":"<h2><span data-sheets-root=\"1\" data-sheets-value=\"{&quot;1&quot;:2,&quot;2&quot;:&quot;Woodland Hills Pool Accident Lawyer&quot;}\" data-sheets-userformat=\"{&quot;2&quot;:15105,&quot;3&quot;:{&quot;1&quot;:0},&quot;11&quot;:0,&quot;12&quot;:0,&quot;14&quot;:{&quot;1&quot;:2,&quot;2&quot;:0},&quot;15&quot;:&quot;Calibri&quot;,&quot;16&quot;:11}\">Woodland Hills Abogado de Accidente de Piscina<\/span><\/h2>\n<div class=\"abt-img\"><img loading=\"lazy\" decoding=\"async\" class=\"alignnone\" title=\"Woodland Hills Abogado de Accidente de Piscina\" src=\"https:\/\/freeman-freeman.com\/wp-content\/uploads\/2023\/12\/swimming-accimg1.webp\" alt=\"Woodland Hills Abogado de Accidente de Piscina\" width=\"970\" height=\"500\" \/><\/div>\n<p>Muchos accidentes en piscinas y ahogamientos ocurren en el sur de California porque el propietario u operador de una piscina no cumpli\u00f3 con su responsabilidad de garantizar la seguridad de los nadadores.<\/p>\n<p>Los abogados de Freeman &amp; Freeman, LLP, han representado a muchas familias que han perdido a un ser querido a tragedias evitables incluyendo accidentes de nataci\u00f3n. Tales accidentes pueden conducir a la muerte injusta o lesiones por ahogamiento devastadores.<\/p>\n<p>Estas lesiones son a menudo irreversibles. Si su familia est\u00e1 luchando en las secuelas de un incidente tan catastr\u00f3fico, podemos ser capaces de ayudarle a obtener la justicia y la compensaci\u00f3n que se merece.<\/p>\n<p>Nuestros abogados son extremadamente agresivos cuando se trata de perseguir los mejores intereses de nuestros clientes. Sin embargo, nuestros abogados tambi\u00e9n son extremadamente conocedores y experimentados. La empresa tambi\u00e9n cuenta con amplios recursos para llevar a cabo investigaciones independientes accidente de la escena para determinar la responsabilidad. Combinamos nuestra dedicaci\u00f3n con amplios recursos para luchar por usted.<\/p>\n<p>P\u00f3ngase en contacto con nosotros en <a role=\"link\" href=\"tel:+1-818-992-2919\" data-wpel-link=\"internal\">818-992-2919<\/a> para una consulta gratuita y hablar\u00e1 directamente con uno de nuestros dos abogados fundadores.<\/p>\n<h2>Abogados con experiencia en casos de accidentes de piscina en Woodland Hills<\/h2>\n<p>Durante las \u00faltimas d\u00e9cadas, Freeman &amp; Freeman, LLP, se ha convertido en un bufete de abogados bien conocido por nuestra capacidad para asumir los casos m\u00e1s dif\u00edciles y ganar. Cuando un ni\u00f1o peque\u00f1o se ha ahogado o ha sobrevivido con una lesi\u00f3n cerebral catastr\u00f3fica, la necesidad de compensaci\u00f3n puede ser sustancial y los desaf\u00edos legales pueden ser complejos ya que una compa\u00f1\u00eda de seguros puede resistirse a hacer lo correcto.<\/p>\n<p>Cuando alguien necesita asistencia m\u00e9dica de por vida, una compa\u00f1\u00eda de seguros para el propietario de la piscina o el operador puede resistirse a ofrecer un acuerdo justo a pesar de que su cliente asegurado puede haber sido responsable. Vamos a exigir un acuerdo generoso y utilizar nuestras t\u00e1cticas de negociaci\u00f3n para asegurarse de obtener lo que se merece.<\/p>\n<p>Si un adversario no cede y paga lo que es justo, nos enfrentaremos a \u00e9l en juicio. Si bien el propietario de una piscina puede ser en parte o totalmente responsable de un accidente de piscina o spa, tambi\u00e9n puede haber otras partes responsables. Los gastos m\u00e9dicos, las adaptaciones del hogar y del veh\u00edculo y el dolor y el sufrimiento deben ser compensados.<\/p>\n<p>Sabemos c\u00f3mo responsabilizar a todas las partes y c\u00f3mo maximizar el importe de su acuerdo. Algunas partes que pueden tener responsabilidad:<\/p>\n<ul>\n<li>Administradores de apartamentos que no garantizaron que las piscinas fueran inaccesibles para los ni\u00f1os<\/li>\n<li>Autoridades municipales y comarcales que no mantuvieron o dotaron de personal eficaz a las piscinas p\u00fablicas<\/li>\n<li>Operadores de hoteles, complejos tur\u00edsticos y parques acu\u00e1ticos que permitieron condiciones inseguras en sus instalaciones<\/li>\n<li>Fabricantes de barreras y equipos de seguridad para piscinas que fabricaron productos defectuosos<\/li>\n<\/ul>\n<h2>Llame hoy. Sus derechos no pueden esperar.<\/h2>\n<p>Sean cuales sean los retos legales que enfrenta y sin importar los detalles de su situaci\u00f3n, estamos dedicados a ayudarle en Freeman &amp; Freeman, LLP. Llame a <a role=\"link\" href=\"tel:+1-818-992-2919\" data-wpel-link=\"internal\">818-992-2919<\/a> o <a role=\"link\" href=\"https:\/\/freeman-freeman.com\/es\/pongase-en-contacto-con\/\" data-wpel-link=\"internal\">rellene nuestro formulario de contacto en l\u00ednea<\/a> para una consulta gratuita.<\/p>","protected":false},"excerpt":{"rendered":"<p>Woodland Hills Pool Accident Attorney Many pool and drowning accidents occur in southern California because a pool owner or operator failed in their responsibility to ensure the safety of swimmers. Attorneys at Freeman &amp; Freeman, LLP, have represented many families who have lost a loved one to preventable tragedies including swimming accidents. Such accidents can &hellip; <\/p>\n<p class=\"link-more\"><a href=\"https:\/\/freeman-freeman.com\/es\/woodland-hills-pool-accident-lawyer\/\" class=\"more-link\">Seguir leyendo<span class=\"screen-reader-text\"> &#8220;Woodland Hills Pool Accident Lawyer&#8221;<\/span><\/a><\/p>","protected":false},"author":1,"featured_media":0,"parent":0,"menu_order":0,"comment_status":"closed","ping_status":"closed","template":"","meta":{"_acf_changed":false,"footnotes":""},"class_list":["post-1494","page","type-page","status-publish","hentry","entry"],"acf":[],"yoast_head":"<!-- This site is optimized with the Yoast SEO plugin v27.5 - https:\/\/yoast.com\/product\/yoast-seo-wordpress\/ -->\n<title>Woodland Hills Pool Accident Lawyer - Free Consultation<\/title>\n<meta name=\"description\" content=\"Experienced a pool accident in Woodland Hills? Trust Freeman &amp; Freeman, LLP, your premier Woodland Hills pool accident lawyer, contact us!\" \/>\n<meta name=\"robots\" content=\"index, follow, max-snippet:-1, max-image-preview:large, max-video-preview:-1\" \/>\n<link rel=\"canonical\" href=\"https:\/\/freeman-freeman.com\/es\/woodland-hills-abogado-de-accidentes-de-piscina\/\" \/>\n<meta property=\"og:locale\" content=\"es_MX\" \/>\n<meta property=\"og:type\" content=\"article\" \/>\n<meta property=\"og:title\" content=\"Woodland Hills Pool Accident Lawyer - Free Consultation\" \/>\n<meta property=\"og:description\" content=\"Experienced a pool accident in Woodland Hills? Trust Freeman &amp; Freeman, LLP, your premier Woodland Hills pool accident lawyer, contact us!\" \/>\n<meta property=\"og:url\" content=\"https:\/\/freeman-freeman.com\/es\/woodland-hills-abogado-de-accidentes-de-piscina\/\" \/>\n<meta property=\"og:site_name\" content=\"Freeman &amp; Freeman, LLP\" \/>\n<meta property=\"article:publisher\" content=\"https:\/\/www.facebook.com\/FreemanFreemanLaw\" \/>\n<meta property=\"article:modified_time\" content=\"2024-02-07T14:29:34+00:00\" \/>\n<meta property=\"og:image\" content=\"https:\/\/freeman-freeman.com\/wp-content\/uploads\/2023\/12\/swimming-accimg1.webp\" \/>\n<meta name=\"twitter:card\" content=\"summary_large_image\" \/>\n<meta name=\"twitter:site\" content=\"@FreemanFreeman1\" \/>\n<meta name=\"twitter:label1\" content=\"Tiempo de lectura\" \/>\n\t<meta name=\"twitter:data1\" content=\"3 minutos\" \/>\n<script type=\"application\/ld+json\" class=\"yoast-schema-graph\">{\"@context\":\"https:\\\/\\\/schema.org\",\"@graph\":[{\"@type\":\"WebPage\",\"@id\":\"https:\\\/\\\/freeman-freeman.com\\\/woodland-hills-pool-accident-lawyer\\\/\",\"url\":\"https:\\\/\\\/freeman-freeman.com\\\/woodland-hills-pool-accident-lawyer\\\/\",\"name\":\"Woodland Hills Pool Accident Lawyer - Free Consultation\",\"isPartOf\":{\"@id\":\"https:\\\/\\\/freeman-freeman.com\\\/#website\"},\"primaryImageOfPage\":{\"@id\":\"https:\\\/\\\/freeman-freeman.com\\\/woodland-hills-pool-accident-lawyer\\\/#primaryimage\"},\"image\":{\"@id\":\"https:\\\/\\\/freeman-freeman.com\\\/woodland-hills-pool-accident-lawyer\\\/#primaryimage\"},\"thumbnailUrl\":\"https:\\\/\\\/freeman-freeman.com\\\/wp-content\\\/uploads\\\/2023\\\/12\\\/swimming-accimg1.webp\",\"datePublished\":\"2023-11-29T06:56:42+00:00\",\"dateModified\":\"2024-02-07T14:29:34+00:00\",\"description\":\"Experienced a pool accident in Woodland Hills? Trust Freeman & Freeman, LLP, your premier Woodland Hills pool accident lawyer, contact us!\",\"inLanguage\":\"es\",\"potentialAction\":[{\"@type\":\"ReadAction\",\"target\":[\"https:\\\/\\\/freeman-freeman.com\\\/woodland-hills-pool-accident-lawyer\\\/\"]}]},{\"@type\":\"ImageObject\",\"inLanguage\":\"es\",\"@id\":\"https:\\\/\\\/freeman-freeman.com\\\/woodland-hills-pool-accident-lawyer\\\/#primaryimage\",\"url\":\"https:\\\/\\\/freeman-freeman.com\\\/wp-content\\\/uploads\\\/2023\\\/12\\\/swimming-accimg1.webp\",\"contentUrl\":\"https:\\\/\\\/freeman-freeman.com\\\/wp-content\\\/uploads\\\/2023\\\/12\\\/swimming-accimg1.webp\"},{\"@type\":\"WebSite\",\"@id\":\"https:\\\/\\\/freeman-freeman.com\\\/#website\",\"url\":\"https:\\\/\\\/freeman-freeman.com\\\/\",\"name\":\"Freeman &amp; Freeman, LLP\",\"description\":\"\",\"publisher\":{\"@id\":\"https:\\\/\\\/freeman-freeman.com\\\/#organization\"},\"potentialAction\":[{\"@type\":\"SearchAction\",\"target\":{\"@type\":\"EntryPoint\",\"urlTemplate\":\"https:\\\/\\\/freeman-freeman.com\\\/?s={search_term_string}\"},\"query-input\":{\"@type\":\"PropertyValueSpecification\",\"valueRequired\":true,\"valueName\":\"search_term_string\"}}],\"inLanguage\":\"es\"},{\"@type\":\"Organization\",\"@id\":\"https:\\\/\\\/freeman-freeman.com\\\/#organization\",\"name\":\"Freeman & Freeman, LLP\",\"url\":\"https:\\\/\\\/freeman-freeman.com\\\/\",\"logo\":{\"@type\":\"ImageObject\",\"inLanguage\":\"es\",\"@id\":\"https:\\\/\\\/freeman-freeman.com\\\/#\\\/schema\\\/logo\\\/image\\\/\",\"url\":\"https:\\\/\\\/freeman-freeman.com\\\/wp-content\\\/uploads\\\/2024\\\/01\\\/logo.jpg\",\"contentUrl\":\"https:\\\/\\\/freeman-freeman.com\\\/wp-content\\\/uploads\\\/2024\\\/01\\\/logo.jpg\",\"width\":674,\"height\":104,\"caption\":\"Freeman & Freeman, LLP\"},\"image\":{\"@id\":\"https:\\\/\\\/freeman-freeman.com\\\/#\\\/schema\\\/logo\\\/image\\\/\"},\"sameAs\":[\"https:\\\/\\\/www.facebook.com\\\/FreemanFreemanLaw\",\"https:\\\/\\\/x.com\\\/FreemanFreeman1\",\"https:\\\/\\\/www.linkedin.com\\\/company\\\/freeman-freeman-llp\"]}]}<\/script>\n<!-- \/ Yoast SEO plugin. -->","yoast_head_json":{"title":"Woodland Hills Abogado de Accidente de Piscina - Consulta Gratis","description":"\u00bfHa sufrido un accidente de piscina en Woodland Hills? Conf\u00ede en Freeman &amp; Freeman, LLP, su principal abogado de accidentes de piscina en Woodland Hills, \u00a1cont\u00e1ctenos!","robots":{"index":"index","follow":"follow","max-snippet":"max-snippet:-1","max-image-preview":"max-image-preview:large","max-video-preview":"max-video-preview:-1"},"canonical":"https:\/\/freeman-freeman.com\/es\/woodland-hills-abogado-de-accidentes-de-piscina\/","og_locale":"es_MX","og_type":"article","og_title":"Woodland Hills Pool Accident Lawyer - Free Consultation","og_description":"Experienced a pool accident in Woodland Hills? Trust Freeman & Freeman, LLP, your premier Woodland Hills pool accident lawyer, contact us!","og_url":"https:\/\/freeman-freeman.com\/es\/woodland-hills-abogado-de-accidentes-de-piscina\/","og_site_name":"Freeman &amp; Freeman, LLP","article_publisher":"https:\/\/www.facebook.com\/FreemanFreemanLaw","article_modified_time":"2024-02-07T14:29:34+00:00","og_image":[{"url":"https:\/\/freeman-freeman.com\/wp-content\/uploads\/2023\/12\/swimming-accimg1.webp","type":"","width":"","height":""}],"twitter_card":"summary_large_image","twitter_site":"@FreemanFreeman1","twitter_misc":{"Tiempo de lectura":"3 minutos"},"schema":{"@context":"https:\/\/schema.org","@graph":[{"@type":"WebPage","@id":"https:\/\/freeman-freeman.com\/woodland-hills-pool-accident-lawyer\/","url":"https:\/\/freeman-freeman.com\/woodland-hills-pool-accident-lawyer\/","name":"Woodland Hills Abogado de Accidente de Piscina - Consulta Gratis","isPartOf":{"@id":"https:\/\/freeman-freeman.com\/#website"},"primaryImageOfPage":{"@id":"https:\/\/freeman-freeman.com\/woodland-hills-pool-accident-lawyer\/#primaryimage"},"image":{"@id":"https:\/\/freeman-freeman.com\/woodland-hills-pool-accident-lawyer\/#primaryimage"},"thumbnailUrl":"https:\/\/freeman-freeman.com\/wp-content\/uploads\/2023\/12\/swimming-accimg1.webp","datePublished":"2023-11-29T06:56:42+00:00","dateModified":"2024-02-07T14:29:34+00:00","description":"\u00bfHa sufrido un accidente de piscina en Woodland Hills? Conf\u00ede en Freeman &amp; Freeman, LLP, su principal abogado de accidentes de piscina en Woodland Hills, \u00a1cont\u00e1ctenos!","inLanguage":"es","potentialAction":[{"@type":"ReadAction","target":["https:\/\/freeman-freeman.com\/woodland-hills-pool-accident-lawyer\/"]}]},{"@type":"ImageObject","inLanguage":"es","@id":"https:\/\/freeman-freeman.com\/woodland-hills-pool-accident-lawyer\/#primaryimage","url":"https:\/\/freeman-freeman.com\/wp-content\/uploads\/2023\/12\/swimming-accimg1.webp","contentUrl":"https:\/\/freeman-freeman.com\/wp-content\/uploads\/2023\/12\/swimming-accimg1.webp"},{"@type":"WebSite","@id":"https:\/\/freeman-freeman.com\/#website","url":"https:\/\/freeman-freeman.com\/","name":"Freeman &amp; Freeman, LLP","description":"","publisher":{"@id":"https:\/\/freeman-freeman.com\/#organization"},"potentialAction":[{"@type":"SearchAction","target":{"@type":"EntryPoint","urlTemplate":"https:\/\/freeman-freeman.com\/?s={search_term_string}"},"query-input":{"@type":"PropertyValueSpecification","valueRequired":true,"valueName":"search_term_string"}}],"inLanguage":"es"},{"@type":"Organization","@id":"https:\/\/freeman-freeman.com\/#organization","name":"Freeman &amp; Freeman, LLP","url":"https:\/\/freeman-freeman.com\/","logo":{"@type":"ImageObject","inLanguage":"es","@id":"https:\/\/freeman-freeman.com\/#\/schema\/logo\/image\/","url":"https:\/\/freeman-freeman.com\/wp-content\/uploads\/2024\/01\/logo.jpg","contentUrl":"https:\/\/freeman-freeman.com\/wp-content\/uploads\/2024\/01\/logo.jpg","width":674,"height":104,"caption":"Freeman & Freeman, LLP"},"image":{"@id":"https:\/\/freeman-freeman.com\/#\/schema\/logo\/image\/"},"sameAs":["https:\/\/www.facebook.com\/FreemanFreemanLaw","https:\/\/x.com\/FreemanFreeman1","https:\/\/www.linkedin.com\/company\/freeman-freeman-llp"]}]}},"_links":{"self":[{"href":"https:\/\/freeman-freeman.com\/es\/wp-json\/wp\/v2\/pages\/1494","targetHints":{"allow":["GET"]}}],"collection":[{"href":"https:\/\/freeman-freeman.com\/es\/wp-json\/wp\/v2\/pages"}],"about":[{"href":"https:\/\/freeman-freeman.com\/es\/wp-json\/wp\/v2\/types\/page"}],"author":[{"embeddable":true,"href":"https:\/\/freeman-freeman.com\/es\/wp-json\/wp\/v2\/users\/1"}],"replies":[{"embeddable":true,"href":"https:\/\/freeman-freeman.com\/es\/wp-json\/wp\/v2\/comments?post=1494"}],"version-history":[{"count":7,"href":"https:\/\/freeman-freeman.com\/es\/wp-json\/wp\/v2\/pages\/1494\/revisions"}],"predecessor-version":[{"id":1995,"href":"https:\/\/freeman-freeman.com\/es\/wp-json\/wp\/v2\/pages\/1494\/revisions\/1995"}],"wp:attachment":[{"href":"https:\/\/freeman-freeman.com\/es\/wp-json\/wp\/v2\/media?parent=1494"}],"curies":[{"name":"wp","href":"https:\/\/api.w.org\/{rel}","templated":true}]}}