{"id":1501,"date":"2023-11-29T07:00:27","date_gmt":"2023-11-29T07:00:27","guid":{"rendered":"https:\/\/freeman-freeman.com\/?page_id=1501"},"modified":"2024-02-06T13:48:59","modified_gmt":"2024-02-06T13:48:59","slug":"privacidad","status":"publish","type":"page","link":"https:\/\/freeman-freeman.com\/es\/privacy\/","title":{"rendered":"Pol\u00edtica de privacidad"},"content":{"rendered":"<p>Esta pol\u00edtica de privacidad se aplica a la informaci\u00f3n recogida en l\u00ednea de los usuarios de este sitio web. En esta pol\u00edtica, usted puede aprender qu\u00e9 tipo de informaci\u00f3n recogemos, cu\u00e1ndo y c\u00f3mo podr\u00edamos utilizar esa informaci\u00f3n, c\u00f3mo protegemos la informaci\u00f3n, y las opciones que usted tiene con respecto a su informaci\u00f3n personal.<\/p>\n<h2>\u00bfQu\u00e9 informaci\u00f3n personal se recoge a trav\u00e9s de este sitio web y c\u00f3mo se utiliza?<\/h2>\n<p>Recogemos informaci\u00f3n sobre nuestros usuarios de tres formas: directamente del usuario, de los registros de nuestro servidor web y a trav\u00e9s de cookies. Utilizamos la informaci\u00f3n principalmente para ofrecerle una experiencia de Internet personalizada que le proporcione la informaci\u00f3n, los recursos y los servicios m\u00e1s relevantes y \u00fatiles para usted. No compartimos ninguna de la informaci\u00f3n que usted nos proporciona con terceros, a menos que as\u00ed lo indiquemos en esta Pol\u00edtica de Privacidad, o cuando creamos de buena fe que la ley as\u00ed lo exige.<\/p>\n<p>Informaci\u00f3n facilitada por el usuario: Si rellena el formulario de \"contacto\" de este sitio web, le pediremos que facilite algunos datos personales (como direcci\u00f3n de correo electr\u00f3nico, nombre, n\u00famero de tel\u00e9fono y estado). S\u00f3lo le pedimos que nos proporcione una direcci\u00f3n de correo electr\u00f3nico, y esa informaci\u00f3n, junto con cualquier otra que nos facilite voluntariamente, se utilizar\u00e1 para que podamos responder a su consulta. Es posible que utilicemos la informaci\u00f3n para comunicarnos con usted en el futuro. Si no desea recibir este tipo de comunicaciones, puede darse de baja como se describe a continuaci\u00f3n.<\/p>\n<p>Registros del servidor web: Cuando usted visita nuestro sitio web, podemos rastrear informaci\u00f3n sobre su visita y almacenar esa informaci\u00f3n en los registros del servidor web, que son registros de las actividades en nuestros sitios. Los servidores capturan y guardan autom\u00e1ticamente la informaci\u00f3n de forma electr\u00f3nica. Algunos ejemplos de la informaci\u00f3n que podemos recopilar son:<\/p>\n<ul>\n<li>su direcci\u00f3n \u00fanica de protocolo de Internet;<\/li>\n<li>el nombre de su \u00fanico proveedor de servicios de Internet;<\/li>\n<li>la ciudad, el condado, el estado y el pa\u00eds desde los que accede a nuestro sitio web;<\/li>\n<li>el tipo de navegador o de ordenador que utiliza;<\/li>\n<li>l n\u00famero de enlaces que pulsa dentro del sitio;<\/li>\n<li>la fecha y hora de su visita;<\/li>\n<li>la p\u00e1gina web desde la que lleg\u00f3 a nuestro sitio;<\/li>\n<li>las p\u00e1ginas que ha visitado en el sitio; y<\/li>\n<li>determinadas b\u00fasquedas\/consultas que haya realizado a trav\u00e9s de nuestro(s) sitio(s) web.<\/li>\n<\/ul>\n<p>La informaci\u00f3n que recogemos en los registros del servidor web nos ayuda a administrar el sitio, analizar su uso, proteger el sitio web y su contenido de usos inadecuados y mejorar la experiencia del usuario.<\/p>\n<p>Cookies: Con el fin de ofrecer y proporcionar un servicio personalizado y a medida, nuestros sitios web y aplicaciones pueden utilizar cookies para almacenar y ayudar a rastrear informaci\u00f3n sobre usted. Las cookies son simplemente peque\u00f1os fragmentos de datos que se env\u00edan a su navegador desde un servidor web y se almacenan en el disco duro de su ordenador. Utilizamos cookies para recordar qui\u00e9n es usted y ayudarle a navegar por nuestros sitios durante sus visitas. Las cookies nos permiten guardar sus contrase\u00f1as y preferencias para que no tenga que volver a introducirlas cada vez que nos visite.<\/p>\n<p>El uso de cookies es relativamente est\u00e1ndar. La mayor\u00eda de los navegadores est\u00e1n configurados inicialmente para aceptar cookies. Sin embargo, si lo prefiere, puede configurar su navegador para que le avise cuando reciba una cookie o para que se niegue a aceptarlas. Debe entender que algunas caracter\u00edsticas de muchos sitios pueden no funcionar correctamente si no acepta las cookies.<\/p>\n<h2>\u00bfC\u00f3mo se protege la informaci\u00f3n personal?<\/h2>\n<p>Tomamos ciertas medidas de seguridad apropiadas para ayudar a proteger su informaci\u00f3n personal de p\u00e9rdidas accidentales y del acceso, uso o divulgaci\u00f3n no autorizados. Sin embargo, no podemos garantizar que las personas no autorizadas sean siempre incapaces de burlar nuestras medidas de seguridad.<\/p>\n<h2>\u00bfQui\u00e9n tiene acceso a la informaci\u00f3n?<\/h2>\n<p>No venderemos, alquilaremos ni arrendaremos listas de correo u otros datos de usuarios a terceros, y no pondremos su informaci\u00f3n personal a disposici\u00f3n de terceros no afiliados, salvo en los casos siguientes:<\/p>\n<p>a agentes y\/o contratistas que puedan utilizarlos en nuestro nombre o en relaci\u00f3n con su relaci\u00f3n con nosotros; y seg\u00fan lo exija la ley, en una cuesti\u00f3n de seguridad o pol\u00edtica p\u00fablica, seg\u00fan sea necesario en relaci\u00f3n con la transferencia de nuestros activos comerciales (por ejemplo, si somos adquiridos por otra empresa o si somos liquidados durante un procedimiento de quiebra), o si creemos de buena fe que compartir los datos es necesario para proteger nuestros derechos o propiedad.<\/p>\n<h2>\u00bfC\u00f3mo puedo corregir, modificar o eliminar mis datos personales y\/o excluirme de futuras comunicaciones?<\/h2>\n<p>En cualquier momento puede optar por que no le contactemos en el futuro. P\u00f3ngase en contacto con nosotros a trav\u00e9s del n\u00famero de tel\u00e9fono o el formulario de contacto de nuestro sitio web en cualquier momento para: ver qu\u00e9 datos tenemos sobre usted, en su caso;<\/p>\n<ul>\n<li>modificar\/corregir cualquier dato que tengamos sobre usted;<\/li>\n<li>pedirnos que suprimamos los datos que tenemos sobre usted; y\/o<\/li>\n<li>optar por no recibir comunicaciones nuestras en el futuro.<\/li>\n<\/ul>\n<p>Si tiene alguna pregunta o duda adicional sobre esta pol\u00edtica de privacidad, p\u00f3ngase en contacto con nosotros a trav\u00e9s del n\u00famero de tel\u00e9fono que aparece en este sitio web.<\/p>","protected":false},"excerpt":{"rendered":"<p>This privacy policy applies to information collected online from users of this website. In this policy, you can learn what kind of information we collect, when and how we might use that information, how we protect the information, and the choices you have with respect to your personal information. What personal information is collected through &hellip; <\/p>\n<p class=\"link-more\"><a href=\"https:\/\/freeman-freeman.com\/es\/privacy\/\" class=\"more-link\">Seguir leyendo<span class=\"screen-reader-text\"> &#8220;Privacy Policy&#8221;<\/span><\/a><\/p>","protected":false},"author":1,"featured_media":0,"parent":0,"menu_order":0,"comment_status":"closed","ping_status":"closed","template":"","meta":{"_acf_changed":false,"footnotes":""},"class_list":["post-1501","page","type-page","status-publish","hentry","entry"],"acf":[],"yoast_head":"<!-- This site is optimized with the Yoast SEO plugin v27.5 - https:\/\/yoast.com\/product\/yoast-seo-wordpress\/ -->\n<title>Privacy Policy | Freeman &amp; Freeman, LLP | Woodland Hills, CA<\/title>\n<meta name=\"robots\" content=\"noindex, follow\" \/>\n<meta property=\"og:locale\" content=\"es_MX\" \/>\n<meta property=\"og:type\" content=\"article\" \/>\n<meta property=\"og:title\" content=\"Privacy Policy | Freeman &amp; Freeman, LLP | Woodland Hills, CA\" \/>\n<meta property=\"og:description\" content=\"This privacy policy applies to information collected online from users of this website. In this policy, you can learn what kind of information we collect, when and how we might use that information, how we protect the information, and the choices you have with respect to your personal information. What personal information is collected through &hellip; Continuar leyendo &quot;Privacy Policy&quot;\" \/>\n<meta property=\"og:url\" content=\"https:\/\/freeman-freeman.com\/es\/privacidad\/\" \/>\n<meta property=\"og:site_name\" content=\"Freeman &amp; Freeman, LLP\" \/>\n<meta property=\"article:publisher\" content=\"https:\/\/www.facebook.com\/FreemanFreemanLaw\" \/>\n<meta property=\"article:modified_time\" content=\"2024-02-06T13:48:59+00:00\" \/>\n<meta name=\"twitter:card\" content=\"summary_large_image\" \/>\n<meta name=\"twitter:site\" content=\"@FreemanFreeman1\" \/>\n<meta name=\"twitter:label1\" content=\"Tiempo de lectura\" \/>\n\t<meta name=\"twitter:data1\" content=\"4 minutos\" \/>\n<script type=\"application\/ld+json\" class=\"yoast-schema-graph\">{\"@context\":\"https:\\\/\\\/schema.org\",\"@graph\":[{\"@type\":\"WebPage\",\"@id\":\"https:\\\/\\\/freeman-freeman.com\\\/privacy\\\/\",\"url\":\"https:\\\/\\\/freeman-freeman.com\\\/privacy\\\/\",\"name\":\"Privacy Policy | Freeman & Freeman, LLP | Woodland Hills, CA\",\"isPartOf\":{\"@id\":\"https:\\\/\\\/freeman-freeman.com\\\/#website\"},\"datePublished\":\"2023-11-29T07:00:27+00:00\",\"dateModified\":\"2024-02-06T13:48:59+00:00\",\"inLanguage\":\"es\",\"potentialAction\":[{\"@type\":\"ReadAction\",\"target\":[\"https:\\\/\\\/freeman-freeman.com\\\/privacy\\\/\"]}]},{\"@type\":\"WebSite\",\"@id\":\"https:\\\/\\\/freeman-freeman.com\\\/#website\",\"url\":\"https:\\\/\\\/freeman-freeman.com\\\/\",\"name\":\"Freeman &amp; Freeman, LLP\",\"description\":\"\",\"publisher\":{\"@id\":\"https:\\\/\\\/freeman-freeman.com\\\/#organization\"},\"potentialAction\":[{\"@type\":\"SearchAction\",\"target\":{\"@type\":\"EntryPoint\",\"urlTemplate\":\"https:\\\/\\\/freeman-freeman.com\\\/?s={search_term_string}\"},\"query-input\":{\"@type\":\"PropertyValueSpecification\",\"valueRequired\":true,\"valueName\":\"search_term_string\"}}],\"inLanguage\":\"es\"},{\"@type\":\"Organization\",\"@id\":\"https:\\\/\\\/freeman-freeman.com\\\/#organization\",\"name\":\"Freeman & Freeman, LLP\",\"url\":\"https:\\\/\\\/freeman-freeman.com\\\/\",\"logo\":{\"@type\":\"ImageObject\",\"inLanguage\":\"es\",\"@id\":\"https:\\\/\\\/freeman-freeman.com\\\/#\\\/schema\\\/logo\\\/image\\\/\",\"url\":\"https:\\\/\\\/freeman-freeman.com\\\/wp-content\\\/uploads\\\/2024\\\/01\\\/logo.jpg\",\"contentUrl\":\"https:\\\/\\\/freeman-freeman.com\\\/wp-content\\\/uploads\\\/2024\\\/01\\\/logo.jpg\",\"width\":674,\"height\":104,\"caption\":\"Freeman & Freeman, LLP\"},\"image\":{\"@id\":\"https:\\\/\\\/freeman-freeman.com\\\/#\\\/schema\\\/logo\\\/image\\\/\"},\"sameAs\":[\"https:\\\/\\\/www.facebook.com\\\/FreemanFreemanLaw\",\"https:\\\/\\\/x.com\\\/FreemanFreeman1\",\"https:\\\/\\\/www.linkedin.com\\\/company\\\/freeman-freeman-llp\"]}]}<\/script>\n<!-- \/ Yoast SEO plugin. -->","yoast_head_json":{"title":"Pol\u00edtica de privacidad | Freeman &amp; Freeman, LLP | Woodland Hills, CA","robots":{"index":"noindex","follow":"follow"},"og_locale":"es_MX","og_type":"article","og_title":"Privacy Policy | Freeman & Freeman, LLP | Woodland Hills, CA","og_description":"This privacy policy applies to information collected online from users of this website. In this policy, you can learn what kind of information we collect, when and how we might use that information, how we protect the information, and the choices you have with respect to your personal information. What personal information is collected through &hellip; Continuar leyendo \"Privacy Policy\"","og_url":"https:\/\/freeman-freeman.com\/es\/privacidad\/","og_site_name":"Freeman &amp; Freeman, LLP","article_publisher":"https:\/\/www.facebook.com\/FreemanFreemanLaw","article_modified_time":"2024-02-06T13:48:59+00:00","twitter_card":"summary_large_image","twitter_site":"@FreemanFreeman1","twitter_misc":{"Tiempo de lectura":"4 minutos"},"schema":{"@context":"https:\/\/schema.org","@graph":[{"@type":"WebPage","@id":"https:\/\/freeman-freeman.com\/privacy\/","url":"https:\/\/freeman-freeman.com\/privacy\/","name":"Pol\u00edtica de privacidad | Freeman &amp; Freeman, LLP | Woodland Hills, CA","isPartOf":{"@id":"https:\/\/freeman-freeman.com\/#website"},"datePublished":"2023-11-29T07:00:27+00:00","dateModified":"2024-02-06T13:48:59+00:00","inLanguage":"es","potentialAction":[{"@type":"ReadAction","target":["https:\/\/freeman-freeman.com\/privacy\/"]}]},{"@type":"WebSite","@id":"https:\/\/freeman-freeman.com\/#website","url":"https:\/\/freeman-freeman.com\/","name":"Freeman &amp; Freeman, LLP","description":"","publisher":{"@id":"https:\/\/freeman-freeman.com\/#organization"},"potentialAction":[{"@type":"SearchAction","target":{"@type":"EntryPoint","urlTemplate":"https:\/\/freeman-freeman.com\/?s={search_term_string}"},"query-input":{"@type":"PropertyValueSpecification","valueRequired":true,"valueName":"search_term_string"}}],"inLanguage":"es"},{"@type":"Organization","@id":"https:\/\/freeman-freeman.com\/#organization","name":"Freeman &amp; Freeman, LLP","url":"https:\/\/freeman-freeman.com\/","logo":{"@type":"ImageObject","inLanguage":"es","@id":"https:\/\/freeman-freeman.com\/#\/schema\/logo\/image\/","url":"https:\/\/freeman-freeman.com\/wp-content\/uploads\/2024\/01\/logo.jpg","contentUrl":"https:\/\/freeman-freeman.com\/wp-content\/uploads\/2024\/01\/logo.jpg","width":674,"height":104,"caption":"Freeman & Freeman, LLP"},"image":{"@id":"https:\/\/freeman-freeman.com\/#\/schema\/logo\/image\/"},"sameAs":["https:\/\/www.facebook.com\/FreemanFreemanLaw","https:\/\/x.com\/FreemanFreeman1","https:\/\/www.linkedin.com\/company\/freeman-freeman-llp"]}]}},"_links":{"self":[{"href":"https:\/\/freeman-freeman.com\/es\/wp-json\/wp\/v2\/pages\/1501","targetHints":{"allow":["GET"]}}],"collection":[{"href":"https:\/\/freeman-freeman.com\/es\/wp-json\/wp\/v2\/pages"}],"about":[{"href":"https:\/\/freeman-freeman.com\/es\/wp-json\/wp\/v2\/types\/page"}],"author":[{"embeddable":true,"href":"https:\/\/freeman-freeman.com\/es\/wp-json\/wp\/v2\/users\/1"}],"replies":[{"embeddable":true,"href":"https:\/\/freeman-freeman.com\/es\/wp-json\/wp\/v2\/comments?post=1501"}],"version-history":[{"count":1,"href":"https:\/\/freeman-freeman.com\/es\/wp-json\/wp\/v2\/pages\/1501\/revisions"}],"predecessor-version":[{"id":1504,"href":"https:\/\/freeman-freeman.com\/es\/wp-json\/wp\/v2\/pages\/1501\/revisions\/1504"}],"wp:attachment":[{"href":"https:\/\/freeman-freeman.com\/es\/wp-json\/wp\/v2\/media?parent=1501"}],"curies":[{"name":"wp","href":"https:\/\/api.w.org\/{rel}","templated":true}]}}