{"id":1645,"date":"2023-11-29T11:06:02","date_gmt":"2023-11-29T11:06:02","guid":{"rendered":"https:\/\/freeman-freeman.com\/?page_id=1645"},"modified":"2025-07-01T10:04:52","modified_gmt":"2025-07-01T10:04:52","slug":"recursos","status":"publish","type":"page","link":"https:\/\/freeman-freeman.com\/es\/resources\/","title":{"rendered":"Recursos"},"content":{"rendered":"<h2>Enlaces jur\u00eddicos<\/h2>\n<p><a role=\"link\" href=\"https:\/\/www.lacourt.org\/\" target=\"_blank\" rel=\"noopener noreferrer\" data-wpel-link=\"external\">Tribunal Superior de Los \u00c1ngeles<\/a><br \/>\nP\u00e1gina oficial de los Tribunales Superiores de Los \u00c1ngeles. Proporciona informaci\u00f3n judicial, formularios, procedimientos, etc. para todas las \u00e1reas del Derecho.<\/p>\n<p><a role=\"link\" href=\"http:\/\/www.courtinfo.ca.gov\/\" target=\"_blank\" rel=\"noopener noreferrer\" data-wpel-link=\"external\">Tribunales de California<\/a><br \/>\nP\u00e1gina oficial del poder judicial de California. Informaci\u00f3n para encontrar un tribunal, formularios, recurso de autoayuda y enlaces a diversos sitios web gubernamentales.<\/p>\n<p><a role=\"link\" href=\"http:\/\/www.martindalehubell.com\/\" target=\"_blank\" rel=\"noopener noreferrer\" data-wpel-link=\"external\">Martindale Hubbell<\/a><br \/>\nCompleto directorio jur\u00eddico que clasifica a los abogados geogr\u00e1ficamente y por \u00e1rea de especialidad jur\u00eddica. Este sitio web tambi\u00e9n califica a los abogados por su competencia y \u00e9tica y ofrece enlaces a informaci\u00f3n jur\u00eddica relacionada.<\/p>\n<p><a role=\"link\" href=\"http:\/\/www.lacba.org\/\" target=\"_blank\" rel=\"noopener noreferrer\" data-wpel-link=\"external\">Colegio de Abogados del Condado de Los \u00c1ngeles<\/a><br \/>\nEl mayor Colegio de Abogados local del pa\u00eds. Participa en la educaci\u00f3n de los abogados, el p\u00fablico, el funcionamiento de los tribunales y la legislaci\u00f3n.<\/p>\n<p><a role=\"link\" href=\"http:\/\/www.sfvba.org\/\" target=\"_blank\" rel=\"noopener noreferrer\" data-wpel-link=\"external\">Colegio de Abogados del Valle de San Fernando<\/a><br \/>\nColegio de Abogados local de California que ofrece diversos recursos judiciales, informaci\u00f3n para el consumidor y cuestiones jur\u00eddicas de actualidad.<\/p>\n<p><a role=\"link\" href=\"http:\/\/www.calbar.ca.gov\/\" target=\"_blank\" rel=\"noopener noreferrer\" data-wpel-link=\"external\">Colegio de Abogados de California<\/a><br \/>\nSitio web oficial del Colegio de Abogados del Estado de California, responsable de la admisi\u00f3n de abogados al ejercicio de la abogac\u00eda, la investigaci\u00f3n de quejas y las medidas disciplinarias.<\/p>\n<h2>Accidente de tr\u00e1fico - Enlaces de recursos<\/h2>\n<p><a role=\"link\" href=\"http:\/\/www.chp.ca.gov\/\" target=\"_blank\" rel=\"noopener noreferrer\" data-wpel-link=\"external\">Patrulla de Carreteras de California<\/a><br \/>\nIncluye pol\u00edticas de aplicaci\u00f3n de la ley, consejos de seguridad para conductores e informaci\u00f3n sobre tr\u00e1fico.<\/p>\n<p><a role=\"link\" href=\"http:\/\/www.nhtsa.dot.gov\/\" target=\"_blank\" rel=\"noopener noreferrer\" data-wpel-link=\"external\">Administraci\u00f3n Nacional de Seguridad Vial<\/a><br \/>\nIncluye estad\u00edsticas de accidentes, consejos para el consumidor y art\u00edculos para ayudar a reducir los accidentes relacionados con los veh\u00edculos, la seguridad de los productos y la seguridad de los ni\u00f1os pasajeros.<\/p>\n<p><a role=\"link\" href=\"http:\/\/www.bts.gov\/\" target=\"_blank\" rel=\"noopener noreferrer\" data-wpel-link=\"external\">Departamento de Transportes<\/a><br \/>\nRecogida de datos sobre transporte, coordinaci\u00f3n y estad\u00edsticas.<\/p>\n<p><a role=\"link\" href=\"http:\/\/www.nsc.org\/\" target=\"_blank\" rel=\"noopener noreferrer\" data-wpel-link=\"external\">Consejo Nacional de Seguridad<\/a><br \/>\nIncluye art\u00edculos sobre seguridad de los conductores, seguridad de los autobuses escolares, motocicletas, estad\u00edsticas de accidentes, seguridad del cintur\u00f3n de seguridad y retiradas de seguridad.<\/p>\n<p>Biblioteca de hojas informativas sobre seguridad de los peatones, accidentes de tr\u00e1fico, tel\u00e9fonos m\u00f3viles, conducci\u00f3n defensiva, reventones de neum\u00e1ticos, etc.<\/p>\n<p><a role=\"link\" href=\"http:\/\/www.iii.org\/\" target=\"_blank\" rel=\"noopener noreferrer\" data-wpel-link=\"external\">Instituto de Informaci\u00f3n sobre Seguros<\/a><br \/>\nOfrece informaci\u00f3n sobre seguridad automovil\u00edstica, seguros de autom\u00f3vil, conductores adolescentes, coches robados y mucho m\u00e1s.<\/p>\n<p><a role=\"link\" href=\"http:\/\/www.uscgboating.org\/\" target=\"_blank\" rel=\"noopener noreferrer\" data-wpel-link=\"external\">Consejo Consultivo Nacional de Seguridad N\u00e1utica<\/a><br \/>\nInformaci\u00f3n de seguridad para prevenir accidentes, lesiones y muertes durante la navegaci\u00f3n.<\/p>\n<p><a role=\"link\" href=\"http:\/\/www.bikelink.com\/\" target=\"_blank\" rel=\"noopener noreferrer\" data-wpel-link=\"external\">Informaci\u00f3n sobre ciclismo en California<\/a><br \/>\nLeyes y seguridad en bicicleta.<\/p>\n<h2>M\u00e9dico<\/h2>\n<p><a role=\"link\" href=\"http:\/\/www.aaos.org\/\" target=\"_blank\" rel=\"noopener noreferrer\" data-wpel-link=\"external\">Academia Americana de Cirujanos Ortop\u00e9dicos<\/a><br \/>\nOfrece informaci\u00f3n p\u00fablica sobre el dolor de cuello y espalda, entre otros. Tambi\u00e9n ofrece informaci\u00f3n sobre diversas pruebas que un cirujano ortop\u00e9dico puede utilizar para el diagn\u00f3stico y el tratamiento.<\/p>\n<p><a role=\"link\" href=\"http:\/\/health.howstuffworks.com\/\" target=\"_blank\" rel=\"noopener noreferrer\" data-wpel-link=\"external\">C\u00f3mo funcionan las cosas<\/a><br \/>\nOfrece informaci\u00f3n sobre el funcionamiento de diversos aparatos m\u00e9dicos, como TAC, ultrasonidos, resonancias magn\u00e9ticas y radiograf\u00edas.<\/p>","protected":false},"excerpt":{"rendered":"<p>Legal Links Los Angeles Superior Court Official website of the Los Angeles Superior Courts. Provides court information, forms, procedures, etc. for all areas of law. California Courts Official website of the California judicial branch. Information to find a court, forms, self-help resource, and links to various government websites. Martindale Hubbell Comprehensive law directory classifying attorneys &hellip; <\/p>\n<p class=\"link-more\"><a href=\"https:\/\/freeman-freeman.com\/es\/resources\/\" class=\"more-link\">Seguir leyendo<span class=\"screen-reader-text\"> &#8220;Resources&#8221;<\/span><\/a><\/p>","protected":false},"author":1,"featured_media":0,"parent":0,"menu_order":0,"comment_status":"closed","ping_status":"closed","template":"","meta":{"_acf_changed":false,"footnotes":""},"class_list":["post-1645","page","type-page","status-publish","hentry","entry"],"acf":[],"yoast_head":"<!-- This site is optimized with the Yoast SEO plugin v27.5 - https:\/\/yoast.com\/product\/yoast-seo-wordpress\/ -->\n<title>Resources | Freeman &amp; Freeman, LLP<\/title>\n<meta name=\"description\" content=\"Resource Links - If you need a personal injury lawyer in Woodland Hills, Los Angeles California, contact Freeman &amp; Freeman at 818-992-2919 for consultation.\" \/>\n<meta name=\"robots\" content=\"index, follow, max-snippet:-1, max-image-preview:large, max-video-preview:-1\" \/>\n<link rel=\"canonical\" href=\"https:\/\/freeman-freeman.com\/es\/recursos\/\" \/>\n<meta property=\"og:locale\" content=\"es_MX\" \/>\n<meta property=\"og:type\" content=\"article\" \/>\n<meta property=\"og:title\" content=\"Resources | Freeman &amp; Freeman, LLP\" \/>\n<meta property=\"og:description\" content=\"Resource Links - If you need a personal injury lawyer in Woodland Hills, Los Angeles California, contact Freeman &amp; Freeman at 818-992-2919 for consultation.\" \/>\n<meta property=\"og:url\" content=\"https:\/\/freeman-freeman.com\/es\/recursos\/\" \/>\n<meta property=\"og:site_name\" content=\"Freeman &amp; Freeman, LLP\" \/>\n<meta property=\"article:publisher\" content=\"https:\/\/www.facebook.com\/FreemanFreemanLaw\" \/>\n<meta property=\"article:modified_time\" content=\"2025-07-01T10:04:52+00:00\" \/>\n<meta name=\"twitter:card\" content=\"summary_large_image\" \/>\n<meta name=\"twitter:site\" content=\"@FreemanFreeman1\" \/>\n<meta name=\"twitter:label1\" content=\"Tiempo de lectura\" \/>\n\t<meta name=\"twitter:data1\" content=\"2 minutos\" \/>\n<script type=\"application\/ld+json\" class=\"yoast-schema-graph\">{\"@context\":\"https:\\\/\\\/schema.org\",\"@graph\":[{\"@type\":\"WebPage\",\"@id\":\"https:\\\/\\\/freeman-freeman.com\\\/resources\\\/\",\"url\":\"https:\\\/\\\/freeman-freeman.com\\\/resources\\\/\",\"name\":\"Resources | Freeman & Freeman, LLP\",\"isPartOf\":{\"@id\":\"https:\\\/\\\/freeman-freeman.com\\\/#website\"},\"datePublished\":\"2023-11-29T11:06:02+00:00\",\"dateModified\":\"2025-07-01T10:04:52+00:00\",\"description\":\"Resource Links - If you need a personal injury lawyer in Woodland Hills, Los Angeles California, contact Freeman & Freeman at 818-992-2919 for consultation.\",\"inLanguage\":\"es\",\"potentialAction\":[{\"@type\":\"ReadAction\",\"target\":[\"https:\\\/\\\/freeman-freeman.com\\\/resources\\\/\"]}]},{\"@type\":\"WebSite\",\"@id\":\"https:\\\/\\\/freeman-freeman.com\\\/#website\",\"url\":\"https:\\\/\\\/freeman-freeman.com\\\/\",\"name\":\"Freeman &amp; Freeman, LLP\",\"description\":\"\",\"publisher\":{\"@id\":\"https:\\\/\\\/freeman-freeman.com\\\/#organization\"},\"potentialAction\":[{\"@type\":\"SearchAction\",\"target\":{\"@type\":\"EntryPoint\",\"urlTemplate\":\"https:\\\/\\\/freeman-freeman.com\\\/?s={search_term_string}\"},\"query-input\":{\"@type\":\"PropertyValueSpecification\",\"valueRequired\":true,\"valueName\":\"search_term_string\"}}],\"inLanguage\":\"es\"},{\"@type\":\"Organization\",\"@id\":\"https:\\\/\\\/freeman-freeman.com\\\/#organization\",\"name\":\"Freeman & Freeman, LLP\",\"url\":\"https:\\\/\\\/freeman-freeman.com\\\/\",\"logo\":{\"@type\":\"ImageObject\",\"inLanguage\":\"es\",\"@id\":\"https:\\\/\\\/freeman-freeman.com\\\/#\\\/schema\\\/logo\\\/image\\\/\",\"url\":\"https:\\\/\\\/freeman-freeman.com\\\/wp-content\\\/uploads\\\/2024\\\/01\\\/logo.jpg\",\"contentUrl\":\"https:\\\/\\\/freeman-freeman.com\\\/wp-content\\\/uploads\\\/2024\\\/01\\\/logo.jpg\",\"width\":674,\"height\":104,\"caption\":\"Freeman & Freeman, LLP\"},\"image\":{\"@id\":\"https:\\\/\\\/freeman-freeman.com\\\/#\\\/schema\\\/logo\\\/image\\\/\"},\"sameAs\":[\"https:\\\/\\\/www.facebook.com\\\/FreemanFreemanLaw\",\"https:\\\/\\\/x.com\\\/FreemanFreeman1\",\"https:\\\/\\\/www.linkedin.com\\\/company\\\/freeman-freeman-llp\"]}]}<\/script>\n<!-- \/ Yoast SEO plugin. -->","yoast_head_json":{"title":"Recursos | Freeman &amp; Freeman, LLP","description":"Enlaces de Recursos - Si usted necesita un abogado de lesiones personales en Woodland Hills, Los Angeles California, p\u00f3ngase en contacto con Freeman &amp; Freeman al 818-992-2919 para consulta.","robots":{"index":"index","follow":"follow","max-snippet":"max-snippet:-1","max-image-preview":"max-image-preview:large","max-video-preview":"max-video-preview:-1"},"canonical":"https:\/\/freeman-freeman.com\/es\/recursos\/","og_locale":"es_MX","og_type":"article","og_title":"Resources | Freeman & Freeman, LLP","og_description":"Resource Links - If you need a personal injury lawyer in Woodland Hills, Los Angeles California, contact Freeman & Freeman at 818-992-2919 for consultation.","og_url":"https:\/\/freeman-freeman.com\/es\/recursos\/","og_site_name":"Freeman &amp; Freeman, LLP","article_publisher":"https:\/\/www.facebook.com\/FreemanFreemanLaw","article_modified_time":"2025-07-01T10:04:52+00:00","twitter_card":"summary_large_image","twitter_site":"@FreemanFreeman1","twitter_misc":{"Tiempo de lectura":"2 minutos"},"schema":{"@context":"https:\/\/schema.org","@graph":[{"@type":"WebPage","@id":"https:\/\/freeman-freeman.com\/resources\/","url":"https:\/\/freeman-freeman.com\/resources\/","name":"Recursos | Freeman &amp; Freeman, LLP","isPartOf":{"@id":"https:\/\/freeman-freeman.com\/#website"},"datePublished":"2023-11-29T11:06:02+00:00","dateModified":"2025-07-01T10:04:52+00:00","description":"Enlaces de Recursos - Si usted necesita un abogado de lesiones personales en Woodland Hills, Los Angeles California, p\u00f3ngase en contacto con Freeman &amp; Freeman al 818-992-2919 para consulta.","inLanguage":"es","potentialAction":[{"@type":"ReadAction","target":["https:\/\/freeman-freeman.com\/resources\/"]}]},{"@type":"WebSite","@id":"https:\/\/freeman-freeman.com\/#website","url":"https:\/\/freeman-freeman.com\/","name":"Freeman &amp; Freeman, LLP","description":"","publisher":{"@id":"https:\/\/freeman-freeman.com\/#organization"},"potentialAction":[{"@type":"SearchAction","target":{"@type":"EntryPoint","urlTemplate":"https:\/\/freeman-freeman.com\/?s={search_term_string}"},"query-input":{"@type":"PropertyValueSpecification","valueRequired":true,"valueName":"search_term_string"}}],"inLanguage":"es"},{"@type":"Organization","@id":"https:\/\/freeman-freeman.com\/#organization","name":"Freeman &amp; Freeman, LLP","url":"https:\/\/freeman-freeman.com\/","logo":{"@type":"ImageObject","inLanguage":"es","@id":"https:\/\/freeman-freeman.com\/#\/schema\/logo\/image\/","url":"https:\/\/freeman-freeman.com\/wp-content\/uploads\/2024\/01\/logo.jpg","contentUrl":"https:\/\/freeman-freeman.com\/wp-content\/uploads\/2024\/01\/logo.jpg","width":674,"height":104,"caption":"Freeman & Freeman, LLP"},"image":{"@id":"https:\/\/freeman-freeman.com\/#\/schema\/logo\/image\/"},"sameAs":["https:\/\/www.facebook.com\/FreemanFreemanLaw","https:\/\/x.com\/FreemanFreeman1","https:\/\/www.linkedin.com\/company\/freeman-freeman-llp"]}]}},"_links":{"self":[{"href":"https:\/\/freeman-freeman.com\/es\/wp-json\/wp\/v2\/pages\/1645","targetHints":{"allow":["GET"]}}],"collection":[{"href":"https:\/\/freeman-freeman.com\/es\/wp-json\/wp\/v2\/pages"}],"about":[{"href":"https:\/\/freeman-freeman.com\/es\/wp-json\/wp\/v2\/types\/page"}],"author":[{"embeddable":true,"href":"https:\/\/freeman-freeman.com\/es\/wp-json\/wp\/v2\/users\/1"}],"replies":[{"embeddable":true,"href":"https:\/\/freeman-freeman.com\/es\/wp-json\/wp\/v2\/comments?post=1645"}],"version-history":[{"count":3,"href":"https:\/\/freeman-freeman.com\/es\/wp-json\/wp\/v2\/pages\/1645\/revisions"}],"predecessor-version":[{"id":3104,"href":"https:\/\/freeman-freeman.com\/es\/wp-json\/wp\/v2\/pages\/1645\/revisions\/3104"}],"wp:attachment":[{"href":"https:\/\/freeman-freeman.com\/es\/wp-json\/wp\/v2\/media?parent=1645"}],"curies":[{"name":"wp","href":"https:\/\/api.w.org\/{rel}","templated":true}]}}