{"id":1768,"date":"2023-12-18T09:29:19","date_gmt":"2023-12-18T09:29:19","guid":{"rendered":"https:\/\/freeman-freeman.com\/?page_id=1768"},"modified":"2024-02-27T15:41:08","modified_gmt":"2024-02-27T15:41:08","slug":"woodland-hills-abogado-de-lesiones-cerebrales-traumaticas","status":"publish","type":"page","link":"https:\/\/freeman-freeman.com\/es\/woodland-hills-traumatic-brain-injury-lawyer\/","title":{"rendered":"Abogado de lesiones cerebrales traum\u00e1ticas de Woodland Hills"},"content":{"rendered":"<h2><span data-sheets-root=\"1\" data-sheets-value=\"{&quot;1&quot;:2,&quot;2&quot;:&quot;Woodland Hills Traumatic Brain Injury Lawyer&quot;}\" data-sheets-userformat=\"{&quot;2&quot;:15105,&quot;3&quot;:{&quot;1&quot;:0},&quot;11&quot;:0,&quot;12&quot;:0,&quot;14&quot;:{&quot;1&quot;:2,&quot;2&quot;:0},&quot;15&quot;:&quot;Calibri&quot;,&quot;16&quot;:11}\">Woodland Hills TBI Abogado<\/span><\/h2>\n<div class=\"abt-img\"><img loading=\"lazy\" decoding=\"async\" class=\"alignnone\" title=\"Abogado de lesiones cerebrales traum\u00e1ticas de Woodland Hills\" src=\"https:\/\/freeman-freeman.com\/wp-content\/uploads\/2024\/02\/Brain-injuries-PA.webp\" alt=\"Abogado de lesiones cerebrales traum\u00e1ticas de Woodland Hills\" width=\"970\" height=\"500\" \/><\/div>\n<p>El cerebro es una parte tan vital y sensible del cuerpo humano que hasta el m\u00e1s m\u00ednimo da\u00f1o puede tener consecuencias tremendas. Es verdaderamente tr\u00e1gico cuando estas lesiones resultan en da\u00f1os de por vida y secuelas duraderas. Aunque no puede restaurar lo que se perdi\u00f3, un abogado de lesiones cerebrales Woodland Hills puede recuperar una indemnizaci\u00f3n para ayudar a manejar las repercusiones.<\/p>\n<p>Los costes que estas lesiones suponen para las personas que las sufren y sus familias pueden ser devastadores. Legalmente, estos costes deben ser indemnizados por quien los caus\u00f3, ya sea en un <a href=\"https:\/\/freeman-freeman.com\/es\/woodland-hills-abogado-de-accidente-de-coche\/\">accidente de tr\u00e1fico<\/a>En la mayor\u00eda de los casos, la responsabilidad recae en la compa\u00f1\u00eda de seguros contratada para este tipo de situaciones. Sin embargo, lo normal es que esta responsabilidad recaiga en su compa\u00f1\u00eda de seguros, contratada para este tipo de situaciones.<\/p>\n<h2>Freeman &amp; Freeman, LLP: Sus abogados de lesiones cerebrales en Woodland Hills<\/h2>\n<p>Un abogado de lesiones cerebrales Woodland Hills puede ser esencial para obtener la compensaci\u00f3n que se le debe. Cuando se trabaja con una empresa como Freeman y Freeman, LLP, podemos ayudarle a perseguir la restituci\u00f3n a trav\u00e9s de pruebas s\u00f3lidas y argumentos persuasivos.<\/p>\n<p>Ya sea negociando un posible acuerdo o presentando un caso ante los tribunales, nos mantenemos firmes para defender los derechos de nuestros clientes a obtener la indemnizaci\u00f3n que legalmente merecen.<\/p>\n<h2>\u00bfCu\u00e1les son los tipos m\u00e1s comunes de lesiones cerebrales?<\/h2>\n<p>Aunque hay algunas lesiones cerebrales que pueden acabar siendo leves, muchas de ellas son muy graves, y varias pueden causar da\u00f1os permanentes. El cerebro es un \u00f3rgano sensible, y cualquier contacto fuerte puede causar un problema.<\/p>\n<p>Por eso, una fuente habitual de lesiones cerebrales son los traumatismos por objeto contundente. Aunque se trate de algo sencillo, como un <a href=\"https:\/\/freeman-freeman.com\/es\/woodland-hills-resbalon-y-caida-abogado\/\">resbal\u00f3n y ca\u00edda<\/a>un impacto en la cabeza puede causar da\u00f1os importantes en el cerebro. Algunas de las lesiones cerebrales m\u00e1s comunes son:<\/p>\n<ul>\n<li>Conmoci\u00f3n cerebral<\/li>\n<li>S\u00edndrome post-conmoci\u00f3n cerebral<\/li>\n<li>Contusi\u00f3n<\/li>\n<li>Lesi\u00f3n penetrante<\/li>\n<li>Hematoma<\/li>\n<li>Lesi\u00f3n axonal difusa<\/li>\n<li>Lesi\u00f3n cerebral an\u00f3xica o hip\u00f3xica<\/li>\n<li>S\u00edndrome del segundo impacto<\/li>\n<li>Lesi\u00f3n por golpe de Estado<\/li>\n<\/ul>\n<h2>\u00bfC\u00f3mo se demuestra la responsabilidad en una demanda por lesiones cerebrales?<\/h2>\n<p>Para demostrar la responsabilidad en una demanda por lesiones cerebrales, el abogado del demandante tendr\u00e1 que demostrar que el demandado cometi\u00f3 una negligencia que caus\u00f3 la lesi\u00f3n. Esto suele significar que la negligencia provoc\u00f3 primero un accidente y que la lesi\u00f3n fue consecuencia de ese accidente.<\/p>\n<p>Para demostrarlo, su abogado debe realizar primero una investigaci\u00f3n exhaustiva del incidente. A continuaci\u00f3n, pueden utilizar las pruebas que hayan descubierto, cualquier testimonio de testigos presenciales que pueda ayudar y testigos expertos, si es necesario, para aclarar la situaci\u00f3n ante el tribunal. En el proceso, su abogado tendr\u00e1 que probar los tres componentes de la negligencia.<\/p>\n<h3>Deber de asistencia<\/h3>\n<p>El primer elemento de la negligencia es el deber de diligencia. Esto significa demostrar que el demandado ten\u00eda el deber de considerar que sus acciones pod\u00edan poner a otros en peligro y de tomar precauciones razonables para evitarlo. Por ejemplo, si conduces un veh\u00edculo, tienes el deber de respetar las normas de tr\u00e1fico y no conducir de forma temeraria.<\/p>\n<p>Otro ejemplo puede ser que un parque tem\u00e1tico tenga la obligaci\u00f3n de garantizar el funcionamiento de las atracciones y la maquinaria. Lo que implica esta obligaci\u00f3n variar\u00e1 de una situaci\u00f3n a otra, por lo que su abogado debe demostrar que exist\u00eda una obligaci\u00f3n concreta en las circunstancias que provocaron la lesi\u00f3n cerebral.<\/p>\n<h3>Incumplimiento del deber de diligencia<\/h3>\n<p>Una persona s\u00f3lo puede ser considerada responsable si no cumpli\u00f3 con el deber que se le exig\u00eda en ese momento. Por eso, el segundo factor que su abogado debe probar es que se produjo un incumplimiento del deber. Para ello, a menudo hay que establecer primero qu\u00e9 hizo el demandado en el escenario en cuesti\u00f3n, ya que a veces esto puede ser un punto de disputa.<\/p>\n<p>Una vez establecidas las acciones del acusado, debe demostrarse c\u00f3mo esas acciones no se ajustaron a lo que deber\u00edan haber hecho.<\/p>\n<p>En situaciones m\u00e1s especializadas, en las que el ciudadano de a pie no sabe muy bien lo que hay que hacer, puede ser \u00fatil recurrir a un perito.<\/p>\n<p>Se trata de alguien que probablemente sea compa\u00f1ero del acusado o participe en actividades similares. Puede describir cu\u00e1l ser\u00eda la expectativa normal en la situaci\u00f3n y c\u00f3mo lo que se hizo se qued\u00f3 corto.<\/p>\n<h3>El incumplimiento del deber de asistencia provoc\u00f3 el da\u00f1o cerebral<\/h3>\n<p>El \u00faltimo requisito que hay que demostrar es que la lesi\u00f3n cerebral fue consecuencia directa del incumplimiento del demandado. Es esta conexi\u00f3n la que les hace responsables de lo ocurrido. A menudo, esto comienza demostrando c\u00f3mo el incumplimiento condujo a un accidente.<\/p>\n<p>Esta conexi\u00f3n es importante porque a menudo hay infracciones que pueden no tener nada que ver con un accidente. Por ejemplo, el faro de tu coche est\u00e1 fundido y acabas siendo embestido por detr\u00e1s un s\u00e1bado soleado porque a alguien le fallaron los frenos.<\/p>\n<p>Usted no es responsable del accidente, aunque el faro defectuoso pueda constituir t\u00e9cnicamente un incumplimiento de su deber de diligencia. En cambio, es el fabricante o instalador de los frenos del otro coche quien probablemente sea responsable.<\/p>\n<h3>\u00bfQu\u00e9 indemnizaci\u00f3n cabe en una demanda por lesiones cerebrales?<\/h3>\n<p>La indemnizaci\u00f3n en una demanda por lesiones cerebrales debe cubrir aquellos gastos que sean consecuencia directa de la lesi\u00f3n cerebral. Esto significa que su abogado debe poder demostrar esa relaci\u00f3n directa, normalmente mediante documentaci\u00f3n como facturas y notas del m\u00e9dico. Estos costes se compensan mediante una indemnizaci\u00f3n por da\u00f1os y perjuicios, que puede ser de tres tipos:<\/p>\n<h3>Da\u00f1os econ\u00f3micos<\/h3>\n<p>Los da\u00f1os que cubren los costes financieros evidentes de una lesi\u00f3n cerebral son da\u00f1os econ\u00f3micos. Aunque pueden incluirse los da\u00f1os materiales, si hubo un accidente de coche u otros da\u00f1os materiales implicados en la lesi\u00f3n, la mayor\u00eda de los costes aqu\u00ed son m\u00e9dicos o salariales. Se incluyen todas las facturas m\u00e9dicas, como visitas al m\u00e9dico, medicaci\u00f3n, pruebas, intervenciones quir\u00fargicas y otros gastos.<\/p>\n<p>Adem\u00e1s, si las lesiones provocaron bajas laborales, tambi\u00e9n se cubren los salarios perdidos. Tambi\u00e9n se cubrir\u00e1n los gastos futuros si hay necesidad de cuidados continuos, como suele ocurrir con las lesiones cerebrales. Si la lesi\u00f3n es lo bastante grave como para que el lesionado no pueda volver a trabajar en las mismas condiciones, tambi\u00e9n est\u00e1 cubierto.<\/p>\n<h3>Da\u00f1os no econ\u00f3micos<\/h3>\n<p>Tambi\u00e9n hay muchos costes no econ\u00f3micos asociados a una lesi\u00f3n cerebral. A menudo se experimentan dolor y sufrimiento, angustia mental, p\u00e9rdida del disfrute de la vida y otros costes psicol\u00f3gicos y emocionales. A estos costes tambi\u00e9n se les asigna un valor y se les indemniza. Aunque el dinero no puede necesariamente abordar estos problemas directamente, puede aliviar las cargas en otros aspectos de la vida y dejar m\u00e1s espacio para gestionarlos mejor.<\/p>\n<h3>Da\u00f1os punitivos<\/h3>\n<p>Los da\u00f1os punitivos no reflejan las lesiones sufridas. M\u00e1s bien reflejan el comportamiento del demandado. Estos da\u00f1os no se conceden en la mayor\u00eda de los casos. Est\u00e1n dise\u00f1ados para castigar un comportamiento atroz. A menos que el comportamiento del demandado haya sido particularmente malicioso o imprudente, no es probable que se concedan da\u00f1os punitivos.<\/p>\n<h3>\u00bfC\u00f3mo afecta a mi indemnizaci\u00f3n la negligencia comparativa?<\/h3>\n<p>Al entender la posible indemnizaci\u00f3n por da\u00f1os y perjuicios en una demanda por lesiones cerebrales, es importante reconocer que California opera bajo un sistema de negligencia comparativa pura. Esto permite al acusado argumentar que la negligencia del demandante fue un factor que contribuy\u00f3 a las lesiones que sufrieron.<\/p>\n<p>Se les asigna la carga de la prueba para demostrar los componentes de negligencia en relaci\u00f3n con el demandante. Si tienen \u00e9xito, ambas partes recibir\u00e1n un porcentaje que refleje su parte de culpa por las lesiones sufridas.<\/p>\n<p>En muchos estados, cuando un demandante lleva 50% o m\u00e1s de la culpa, no pueden recoger cualquier da\u00f1o. Sin embargo, debido a que California utiliza la negligencia comparativa pura, esto significa que pueden cobrar una parte de los da\u00f1os, no importa la parte de culpa que tengan. Los da\u00f1os, sin embargo, que cualquier demandante puede recoger siempre se reducir\u00e1 proporcionalmente a su parte de culpa. Por ejemplo, en una indemnizaci\u00f3n de $1 mill\u00f3n, un demandante al que se le atribuya 20% de la culpa recibir\u00e1 $800.000.<\/p>\n<h2>Un abogado de lesiones cerebrales Woodland Hills puede ayudar a buscar la compensaci\u00f3n que se debe<\/h2>\n<p>Las lesiones cerebrales suelen tener consecuencias muy graves. En algunos casos, puede haber una recuperaci\u00f3n. Sin embargo, en muchas situaciones, hay un impacto de por vida que debe ser manejado. Estas lesiones tambi\u00e9n suelen ser costosas. Las facturas m\u00e9dicas pueden ser caras, y los costes emocionales tambi\u00e9n son tremendamente duros tanto para los lesionados como para sus familias.<\/p>\n<p>El coste de estas lesiones debe ser indemnizado por quien sea responsable de las mismas. En la mayor\u00eda de los casos, sin embargo, esto significar\u00e1 probablemente que una compa\u00f1\u00eda de seguros ser\u00e1 la responsable de pagar la indemnizaci\u00f3n.<\/p>\n<p>Es importante saber que las compa\u00f1\u00edas de seguros ganan dinero con las p\u00f3lizas que consiguen que la gente pague, no con las indemnizaciones que pagan. Cuando llega el momento de pagar la indemnizaci\u00f3n por una lesi\u00f3n cerebral, a menudo no est\u00e1n dispuestos a hacerlo y pueden intentar rebajarte el precio.<\/p>\n<p>Por eso existen las demandas civiles por lesiones personales. Le permiten la oportunidad de buscar la compensaci\u00f3n que se le debe y hacerlos responsables. Para darse la oportunidad m\u00e1s fuerte que pueda de recoger lo que est\u00e1 buscando, es \u00fatil trabajar con un abogado de lesiones cerebrales Woodland Hills.<\/p>\n<p>En Freeman &amp; Freeman, LLP, luchamos por la compensaci\u00f3n que nuestros clientes merecen, ya sea a trav\u00e9s de negociaciones o en los tribunales. <a href=\"https:\/\/freeman-freeman.com\/es\/pongase-en-contacto-con\/\">P\u00f3ngase en contacto con nosotros<\/a> para hablar de su situaci\u00f3n.<\/p>","protected":false},"excerpt":{"rendered":"<p>Woodland Hills TBI Attorney The brain is such a vital, sensitive part of the human body that even the slightest damage to it can have tremendous consequences. It\u2019s truly tragic when these injuries result in lifelong damage and lasting aftereffects. Although it cannot restore what was lost, a Woodland Hills brain injury lawyer can recover &hellip; <\/p>\n<p class=\"link-more\"><a href=\"https:\/\/freeman-freeman.com\/es\/woodland-hills-traumatic-brain-injury-lawyer\/\" class=\"more-link\">Seguir leyendo<span class=\"screen-reader-text\"> &#8220;Woodland Hills Traumatic Brain Injury Lawyer&#8221;<\/span><\/a><\/p>","protected":false},"author":1,"featured_media":0,"parent":0,"menu_order":0,"comment_status":"closed","ping_status":"closed","template":"","meta":{"_acf_changed":false,"footnotes":""},"class_list":["post-1768","page","type-page","status-publish","hentry","entry"],"acf":[],"yoast_head":"<!-- This site is optimized with the Yoast SEO plugin v27.5 - https:\/\/yoast.com\/product\/yoast-seo-wordpress\/ -->\n<title>Woodland Hills Traumatic Brain Injury Lawyer - TBI Attorney<\/title>\n<meta name=\"description\" content=\"Injured in Woodland Hills? Our Traumatic Brain Injury Lawyers at Freeman &amp; Freeman, LLP offer expert legal guidance. Free consultation available!\" \/>\n<meta name=\"robots\" content=\"index, follow, max-snippet:-1, max-image-preview:large, max-video-preview:-1\" \/>\n<link rel=\"canonical\" href=\"https:\/\/freeman-freeman.com\/es\/woodland-hills-abogado-de-lesiones-cerebrales-traumaticas\/\" \/>\n<meta property=\"og:locale\" content=\"es_MX\" \/>\n<meta property=\"og:type\" content=\"article\" \/>\n<meta property=\"og:title\" content=\"Woodland Hills Traumatic Brain Injury Lawyer - TBI Attorney\" \/>\n<meta property=\"og:description\" content=\"Injured in Woodland Hills? Our Traumatic Brain Injury Lawyers at Freeman &amp; Freeman, LLP offer expert legal guidance. Free consultation available!\" \/>\n<meta property=\"og:url\" content=\"https:\/\/freeman-freeman.com\/es\/woodland-hills-abogado-de-lesiones-cerebrales-traumaticas\/\" \/>\n<meta property=\"og:site_name\" content=\"Freeman &amp; Freeman, LLP\" \/>\n<meta property=\"article:publisher\" content=\"https:\/\/www.facebook.com\/FreemanFreemanLaw\" \/>\n<meta property=\"article:modified_time\" content=\"2024-02-27T15:41:08+00:00\" \/>\n<meta property=\"og:image\" content=\"https:\/\/freeman-freeman.com\/wp-content\/uploads\/2024\/02\/Brain-injuries-PA.webp\" \/>\n<meta name=\"twitter:card\" content=\"summary_large_image\" \/>\n<meta name=\"twitter:site\" content=\"@FreemanFreeman1\" \/>\n<meta name=\"twitter:label1\" content=\"Tiempo de lectura\" \/>\n\t<meta name=\"twitter:data1\" content=\"8 minutos\" \/>\n<script type=\"application\/ld+json\" class=\"yoast-schema-graph\">{\"@context\":\"https:\\\/\\\/schema.org\",\"@graph\":[{\"@type\":\"WebPage\",\"@id\":\"https:\\\/\\\/freeman-freeman.com\\\/woodland-hills-traumatic-brain-injury-lawyer\\\/\",\"url\":\"https:\\\/\\\/freeman-freeman.com\\\/woodland-hills-traumatic-brain-injury-lawyer\\\/\",\"name\":\"Woodland Hills Traumatic Brain Injury Lawyer - TBI Attorney\",\"isPartOf\":{\"@id\":\"https:\\\/\\\/freeman-freeman.com\\\/#website\"},\"primaryImageOfPage\":{\"@id\":\"https:\\\/\\\/freeman-freeman.com\\\/woodland-hills-traumatic-brain-injury-lawyer\\\/#primaryimage\"},\"image\":{\"@id\":\"https:\\\/\\\/freeman-freeman.com\\\/woodland-hills-traumatic-brain-injury-lawyer\\\/#primaryimage\"},\"thumbnailUrl\":\"https:\\\/\\\/freeman-freeman.com\\\/wp-content\\\/uploads\\\/2024\\\/02\\\/Brain-injuries-PA.webp\",\"datePublished\":\"2023-12-18T09:29:19+00:00\",\"dateModified\":\"2024-02-27T15:41:08+00:00\",\"description\":\"Injured in Woodland Hills? Our Traumatic Brain Injury Lawyers at Freeman & Freeman, LLP offer expert legal guidance. Free consultation available!\",\"inLanguage\":\"es\",\"potentialAction\":[{\"@type\":\"ReadAction\",\"target\":[\"https:\\\/\\\/freeman-freeman.com\\\/woodland-hills-traumatic-brain-injury-lawyer\\\/\"]}]},{\"@type\":\"ImageObject\",\"inLanguage\":\"es\",\"@id\":\"https:\\\/\\\/freeman-freeman.com\\\/woodland-hills-traumatic-brain-injury-lawyer\\\/#primaryimage\",\"url\":\"https:\\\/\\\/freeman-freeman.com\\\/wp-content\\\/uploads\\\/2024\\\/02\\\/Brain-injuries-PA.webp\",\"contentUrl\":\"https:\\\/\\\/freeman-freeman.com\\\/wp-content\\\/uploads\\\/2024\\\/02\\\/Brain-injuries-PA.webp\"},{\"@type\":\"WebSite\",\"@id\":\"https:\\\/\\\/freeman-freeman.com\\\/#website\",\"url\":\"https:\\\/\\\/freeman-freeman.com\\\/\",\"name\":\"Freeman &amp; Freeman, LLP\",\"description\":\"\",\"publisher\":{\"@id\":\"https:\\\/\\\/freeman-freeman.com\\\/#organization\"},\"potentialAction\":[{\"@type\":\"SearchAction\",\"target\":{\"@type\":\"EntryPoint\",\"urlTemplate\":\"https:\\\/\\\/freeman-freeman.com\\\/?s={search_term_string}\"},\"query-input\":{\"@type\":\"PropertyValueSpecification\",\"valueRequired\":true,\"valueName\":\"search_term_string\"}}],\"inLanguage\":\"es\"},{\"@type\":\"Organization\",\"@id\":\"https:\\\/\\\/freeman-freeman.com\\\/#organization\",\"name\":\"Freeman & Freeman, LLP\",\"url\":\"https:\\\/\\\/freeman-freeman.com\\\/\",\"logo\":{\"@type\":\"ImageObject\",\"inLanguage\":\"es\",\"@id\":\"https:\\\/\\\/freeman-freeman.com\\\/#\\\/schema\\\/logo\\\/image\\\/\",\"url\":\"https:\\\/\\\/freeman-freeman.com\\\/wp-content\\\/uploads\\\/2024\\\/01\\\/logo.jpg\",\"contentUrl\":\"https:\\\/\\\/freeman-freeman.com\\\/wp-content\\\/uploads\\\/2024\\\/01\\\/logo.jpg\",\"width\":674,\"height\":104,\"caption\":\"Freeman & Freeman, LLP\"},\"image\":{\"@id\":\"https:\\\/\\\/freeman-freeman.com\\\/#\\\/schema\\\/logo\\\/image\\\/\"},\"sameAs\":[\"https:\\\/\\\/www.facebook.com\\\/FreemanFreemanLaw\",\"https:\\\/\\\/x.com\\\/FreemanFreeman1\",\"https:\\\/\\\/www.linkedin.com\\\/company\\\/freeman-freeman-llp\"]}]}<\/script>\n<!-- \/ Yoast SEO plugin. -->","yoast_head_json":{"title":"Woodland Hills Trauma Cerebral Abogado - TBI Abogado","description":"\u00bfLesionado en Woodland Hills? Nuestros abogados de lesiones cerebrales traum\u00e1ticas en Freeman y Freeman, LLP ofrecen orientaci\u00f3n legal de expertos. \u00a1Consulta gratuita disponible!","robots":{"index":"index","follow":"follow","max-snippet":"max-snippet:-1","max-image-preview":"max-image-preview:large","max-video-preview":"max-video-preview:-1"},"canonical":"https:\/\/freeman-freeman.com\/es\/woodland-hills-abogado-de-lesiones-cerebrales-traumaticas\/","og_locale":"es_MX","og_type":"article","og_title":"Woodland Hills Traumatic Brain Injury Lawyer - TBI Attorney","og_description":"Injured in Woodland Hills? Our Traumatic Brain Injury Lawyers at Freeman & Freeman, LLP offer expert legal guidance. Free consultation available!","og_url":"https:\/\/freeman-freeman.com\/es\/woodland-hills-abogado-de-lesiones-cerebrales-traumaticas\/","og_site_name":"Freeman &amp; Freeman, LLP","article_publisher":"https:\/\/www.facebook.com\/FreemanFreemanLaw","article_modified_time":"2024-02-27T15:41:08+00:00","og_image":[{"url":"https:\/\/freeman-freeman.com\/wp-content\/uploads\/2024\/02\/Brain-injuries-PA.webp","type":"","width":"","height":""}],"twitter_card":"summary_large_image","twitter_site":"@FreemanFreeman1","twitter_misc":{"Tiempo de lectura":"8 minutos"},"schema":{"@context":"https:\/\/schema.org","@graph":[{"@type":"WebPage","@id":"https:\/\/freeman-freeman.com\/woodland-hills-traumatic-brain-injury-lawyer\/","url":"https:\/\/freeman-freeman.com\/woodland-hills-traumatic-brain-injury-lawyer\/","name":"Woodland Hills Trauma Cerebral Abogado - TBI Abogado","isPartOf":{"@id":"https:\/\/freeman-freeman.com\/#website"},"primaryImageOfPage":{"@id":"https:\/\/freeman-freeman.com\/woodland-hills-traumatic-brain-injury-lawyer\/#primaryimage"},"image":{"@id":"https:\/\/freeman-freeman.com\/woodland-hills-traumatic-brain-injury-lawyer\/#primaryimage"},"thumbnailUrl":"https:\/\/freeman-freeman.com\/wp-content\/uploads\/2024\/02\/Brain-injuries-PA.webp","datePublished":"2023-12-18T09:29:19+00:00","dateModified":"2024-02-27T15:41:08+00:00","description":"\u00bfLesionado en Woodland Hills? Nuestros abogados de lesiones cerebrales traum\u00e1ticas en Freeman y Freeman, LLP ofrecen orientaci\u00f3n legal de expertos. \u00a1Consulta gratuita disponible!","inLanguage":"es","potentialAction":[{"@type":"ReadAction","target":["https:\/\/freeman-freeman.com\/woodland-hills-traumatic-brain-injury-lawyer\/"]}]},{"@type":"ImageObject","inLanguage":"es","@id":"https:\/\/freeman-freeman.com\/woodland-hills-traumatic-brain-injury-lawyer\/#primaryimage","url":"https:\/\/freeman-freeman.com\/wp-content\/uploads\/2024\/02\/Brain-injuries-PA.webp","contentUrl":"https:\/\/freeman-freeman.com\/wp-content\/uploads\/2024\/02\/Brain-injuries-PA.webp"},{"@type":"WebSite","@id":"https:\/\/freeman-freeman.com\/#website","url":"https:\/\/freeman-freeman.com\/","name":"Freeman &amp; Freeman, LLP","description":"","publisher":{"@id":"https:\/\/freeman-freeman.com\/#organization"},"potentialAction":[{"@type":"SearchAction","target":{"@type":"EntryPoint","urlTemplate":"https:\/\/freeman-freeman.com\/?s={search_term_string}"},"query-input":{"@type":"PropertyValueSpecification","valueRequired":true,"valueName":"search_term_string"}}],"inLanguage":"es"},{"@type":"Organization","@id":"https:\/\/freeman-freeman.com\/#organization","name":"Freeman &amp; Freeman, LLP","url":"https:\/\/freeman-freeman.com\/","logo":{"@type":"ImageObject","inLanguage":"es","@id":"https:\/\/freeman-freeman.com\/#\/schema\/logo\/image\/","url":"https:\/\/freeman-freeman.com\/wp-content\/uploads\/2024\/01\/logo.jpg","contentUrl":"https:\/\/freeman-freeman.com\/wp-content\/uploads\/2024\/01\/logo.jpg","width":674,"height":104,"caption":"Freeman & Freeman, LLP"},"image":{"@id":"https:\/\/freeman-freeman.com\/#\/schema\/logo\/image\/"},"sameAs":["https:\/\/www.facebook.com\/FreemanFreemanLaw","https:\/\/x.com\/FreemanFreeman1","https:\/\/www.linkedin.com\/company\/freeman-freeman-llp"]}]}},"_links":{"self":[{"href":"https:\/\/freeman-freeman.com\/es\/wp-json\/wp\/v2\/pages\/1768","targetHints":{"allow":["GET"]}}],"collection":[{"href":"https:\/\/freeman-freeman.com\/es\/wp-json\/wp\/v2\/pages"}],"about":[{"href":"https:\/\/freeman-freeman.com\/es\/wp-json\/wp\/v2\/types\/page"}],"author":[{"embeddable":true,"href":"https:\/\/freeman-freeman.com\/es\/wp-json\/wp\/v2\/users\/1"}],"replies":[{"embeddable":true,"href":"https:\/\/freeman-freeman.com\/es\/wp-json\/wp\/v2\/comments?post=1768"}],"version-history":[{"count":10,"href":"https:\/\/freeman-freeman.com\/es\/wp-json\/wp\/v2\/pages\/1768\/revisions"}],"predecessor-version":[{"id":2413,"href":"https:\/\/freeman-freeman.com\/es\/wp-json\/wp\/v2\/pages\/1768\/revisions\/2413"}],"wp:attachment":[{"href":"https:\/\/freeman-freeman.com\/es\/wp-json\/wp\/v2\/media?parent=1768"}],"curies":[{"name":"wp","href":"https:\/\/api.w.org\/{rel}","templated":true}]}}