{"id":1772,"date":"2023-12-18T09:44:58","date_gmt":"2023-12-18T09:44:58","guid":{"rendered":"https:\/\/freeman-freeman.com\/?page_id=1772"},"modified":"2024-10-09T22:01:43","modified_gmt":"2024-10-09T22:01:43","slug":"encino-abogado-de-lesiones-personales","status":"publish","type":"page","link":"https:\/\/freeman-freeman.com\/es\/encino-personal-injury-lawyer\/","title":{"rendered":"Encino Abogado de Lesiones Personales"},"content":{"rendered":"<h2><span data-sheets-root=\"1\" data-sheets-value=\"{&quot;1&quot;:2,&quot;2&quot;:&quot;Encino Personal Injury Lawyer&quot;}\" data-sheets-userformat=\"{&quot;2&quot;:15105,&quot;3&quot;:{&quot;1&quot;:0},&quot;11&quot;:0,&quot;12&quot;:0,&quot;14&quot;:{&quot;1&quot;:2,&quot;2&quot;:0},&quot;15&quot;:&quot;Calibri&quot;,&quot;16&quot;:11}\">Encino Abogado de Lesiones Personales<\/span><\/h2>\n<p>En la vida ocurren cosas en las que las personas cometen errores honestos, no son conscientes de sus errores o se distraen. A veces, sencillamente, no saben qu\u00e9 hacer o dan por sentado que nada va a salir mal. Cualquiera de estos comportamientos, sin embargo, dependiendo de las circunstancias, puede llevar a que alguien resulte herido, a veces gravemente.<\/p>\n<p>Cuando eso sucede, un abogado de lesiones personales de Encino puede trabajar para asegurar una indemnizaci\u00f3n para las v\u00edctimas.<\/p>\n<p>Un conductor distra\u00eddo podr\u00eda provocar un accidente de tr\u00e1fico importante. Un guardia de seguridad inexperto podr\u00eda no proteger adecuadamente un local. Este tipo de incidentes ocurren, pero eso no absuelve a quienes los causan. En cambio, los costes que otros sufren son responsabilidad de aquellos cuya negligencia provoc\u00f3 o permiti\u00f3 que se produjeran las lesiones.<\/p>\n<h2>Freeman &amp; Freeman, LLP: Sus Abogados de Lesiones Personales en Encino<\/h2>\n<p>En la mayor\u00eda de los casos, las compa\u00f1\u00edas de seguros van a ser responsables de pagar lo que se debe. Sin embargo, a menudo se resisten a hacerlo. Afortunadamente, la ley ha permitido las demandas civiles, cuya amenaza puede ser un m\u00e9todo eficaz para conseguir un negociador m\u00e1s dispuesto a hacer una oferta de acuerdo razonable.<\/p>\n<p>En caso necesario, una demanda por lesiones personales tambi\u00e9n puede dar a la parte perjudicada la oportunidad de reclamar una indemnizaci\u00f3n ante los tribunales. En <a href=\"https:\/\/freeman-freeman.com\/es\/acerca-de\/\">Freeman &amp; Freeman, LLP<\/a>representamos a quienes han sufrido lesiones. Trabajamos incansablemente para presentar un caso formidable para su restituci\u00f3n.<\/p>\n<h2>\u00bfQu\u00e9 indemniza una demanda por da\u00f1os personales?<\/h2>\n<p>Las demandas por lesiones personales compensan los costes directamente asociados a las lesiones sufridas por negligencia ajena.<\/p>\n<p>Una de las tareas que debe ser capaz de realizar su abogado es demostrar la relaci\u00f3n entre su lesi\u00f3n y los gastos por los que solicita una indemnizaci\u00f3n. La indemnizaci\u00f3n en una demanda por lesiones personales se denomina da\u00f1os y perjuicios, y se paga de tres formas distintas.<\/p>\n<h3>Da\u00f1os econ\u00f3micos<\/h3>\n<p>Una forma de da\u00f1os, los econ\u00f3micos, se refiere a todo lo relacionado con la lesi\u00f3n que tenga un claro componente financiero. Deben cubrirse todas las facturas m\u00e9dicas relacionadas con la lesi\u00f3n, incluidas:<\/p>\n<ul>\n<li>Visitas m\u00e9dicas<\/li>\n<li>Pruebas<\/li>\n<li>Medicaci\u00f3n<\/li>\n<li>Cirug\u00edas<\/li>\n<li>Fisioterapia<\/li>\n<li>Cualquier otro tratamiento relacionado con su lesi\u00f3n<\/li>\n<\/ul>\n<p>Si hubo da\u00f1os materiales, como un coche o una moto, el coste de reparaci\u00f3n o sustituci\u00f3n tambi\u00e9n se incluye en los da\u00f1os econ\u00f3micos. Las lesiones graves suelen obligar a los afectados a faltar al trabajo. En ese caso, tambi\u00e9n se incluyen los salarios perdidos.<\/p>\n<p>A menudo, las lesiones m\u00e1s graves pueden tener consecuencias que se extienden m\u00e1s all\u00e1 del momento en que el caso se resuelve o finaliza en los tribunales. Esto suele ocurrir con las lesiones m\u00e1s graves, como las cerebrales.<\/p>\n<p>Estos gastos futuros, como los gastos m\u00e9dicos corrientes, tambi\u00e9n podr\u00edan incluirse. Adem\u00e1s, si la persona lesionada no puede volver a trabajar de la misma forma que lo hac\u00eda antes de las lesiones, esa p\u00e9rdida de capacidad de ganancia tambi\u00e9n se indemnizar\u00e1 en concepto de da\u00f1os econ\u00f3micos.<\/p>\n<h3>Da\u00f1os no econ\u00f3micos<\/h3>\n<p>Sin embargo, los costes de una lesi\u00f3n personal no se limitan a las lesiones que se abordan con un componente financiero. Tambi\u00e9n hay lesiones menos tangibles que son m\u00e1s psicol\u00f3gico y emocional, incluyendo:<\/p>\n<ul>\n<li>Dolor y sufrimiento<\/li>\n<li>P\u00e9rdida del disfrute de la vida<\/li>\n<li>Angustia mental<\/li>\n<li>P\u00e9rdida del uso de una parte del cuerpo<\/li>\n<\/ul>\n<p>Los da\u00f1os no econ\u00f3micos cubren estos costes y otros. Por supuesto, el valor pagado por estos conceptos no pretende ser una soluci\u00f3n a la situaci\u00f3n. Sin embargo, es de esperar que alivie las dificultades en otros aspectos de la vida, dejando al lesionado en mejores condiciones para centrarse en la gesti\u00f3n de los problemas duraderos derivados de su lesi\u00f3n.<\/p>\n<h3>Da\u00f1os punitivos<\/h3>\n<p>La tercera categor\u00eda de da\u00f1os y perjuicios no compensa los costes a los que te has enfrentado. En cambio, sirve como disuasi\u00f3n y castigo. Dado que estos da\u00f1os punitivos s\u00f3lo se conceden por un comportamiento atroz por parte del demandado, no se asignan en la mayor\u00eda de los casos.<\/p>\n<p>Sin embargo, si hubo algo malicioso o excesivamente imprudente en el comportamiento del demandado, como un automovilista que dio un volantazo para atropellar a un ciclista, podr\u00edan ser indemnizados.<\/p>\n<h2>\u00bfC\u00f3mo se demuestra la responsabilidad en una demanda por lesiones personales en Encino?<\/h2>\n<p>Probar la responsabilidad en una demanda por lesiones personales es un proceso que se basa en el uso de cualquier prueba, testimonio de testigos oculares y testimonio de testigos expertos que pueda ser \u00fatil para demostrar que las acciones del demandado son la raz\u00f3n por la que se produjo la lesi\u00f3n.<\/p>\n<p>En otras palabras, hay que demostrar que, sin la actuaci\u00f3n del demandado, las lesiones del demandante podr\u00edan haberse evitado o, al menos, atenuado. La prueba de este tipo de negligencia por parte del demandado suele constar de tres partes.<\/p>\n<h3>El demandado ten\u00eda un deber de diligencia<\/h3>\n<p>Probar la negligencia en una demanda por lesiones personales empieza por demostrar que el demandado ten\u00eda un deber de diligencia. El deber de diligencia var\u00eda en funci\u00f3n de la situaci\u00f3n, pero en general significa que el demandado tiene la responsabilidad de tomar precauciones razonables para evitar que su actividad suponga un riesgo indebido de lesiones para los dem\u00e1s.<\/p>\n<p>Existe un nivel razonable de precauci\u00f3n que debemos a quienes nos rodean, y esa idea se resume en el deber de diligencia. Por ejemplo, cuando conducimos un veh\u00edculo, debemos a los dem\u00e1s respetar las normas de circulaci\u00f3n y no conducir en estado de embriaguez, distra\u00eddos o de forma temeraria.<\/p>\n<p>Otro ejemplo ser\u00eda que los propietarios tuvieran la obligaci\u00f3n de ocuparse de todo aquello que pudiera provocar un resbal\u00f3n o una ca\u00edda. La naturaleza exacta de esta obligaci\u00f3n en su caso depender\u00e1 de las caracter\u00edsticas espec\u00edficas de su situaci\u00f3n.<\/p>\n<h3>El demandado incumpli\u00f3 su deber de diligencia<\/h3>\n<p>Si alguien cumple con su deber de diligencia, no se le considerar\u00e1 responsable de las lesiones que puedan haberse producido. Por lo tanto, el siguiente elemento que debe probarse es que se ha incumplido el deber de diligencia.<\/p>\n<p>Lo que esto significa es que hubo algo en el comportamiento del demandado que incumpli\u00f3 su deber en una situaci\u00f3n determinada. Para demostrarlo, el equipo del demandante tendr\u00e1 primero que demostrar qu\u00e9 hizo exactamente el demandado en la situaci\u00f3n.<\/p>\n<p>El m\u00e9todo para demostrar que el comportamiento del demandado constituy\u00f3 un incumplimiento del deber variar\u00e1 en funci\u00f3n de las circunstancias del perjuicio. En algunos casos, puede ser bastante sencillo. Por ejemplo, no es necesario explicar mucho por qu\u00e9 conducir bajo los efectos del alcohol es un incumplimiento del deber.<\/p>\n<p>Sin embargo, en circunstancias m\u00e1s desconocidas, puede resultar m\u00e1s complejo plantear ese caso. Por ejemplo, la mayor\u00eda de nosotros no estamos familiarizados con lo que ser\u00eda o no un incumplimiento del deber cuando alguien dirige una visita guiada a un sistema remoto de cuevas.<\/p>\n<p>En estos casos, puede ser necesario recurrir a la ayuda de un perito. Se tratar\u00eda de alguien que sea colega del demandado o est\u00e9 familiarizado con este tipo de situaciones. Estar\u00eda cualificado para describir al tribunal por qu\u00e9 el comportamiento del acusado fue una infracci\u00f3n.<\/p>\n<h3>El incumplimiento por la demandada de su deber de diligencia provoc\u00f3 las lesiones<\/h3>\n<p>Finalmente, el \u00faltimo elemento de la negligencia consiste en demostrar que la infracci\u00f3n fue responsable de las lesiones que sufri\u00f3 el demandante. Esto podr\u00eda significar demostrar una relaci\u00f3n directa entre la negligencia del demandado y el accidente que caus\u00f3 las lesiones.<\/p>\n<p>En primer lugar, debe probarse la relaci\u00f3n entre la infracci\u00f3n y el accidente y, a continuaci\u00f3n, la relaci\u00f3n entre el accidente y la lesi\u00f3n. Es importante se\u00f1alar que hay situaciones en las que puede producirse una infracci\u00f3n pero no ser la causa de un accidente en <a href=\"https:\/\/en.wikipedia.org\/wiki\/Encino,_Los_Angeles\" target=\"_blank\" rel=\"noopener\">Encino<\/a>. Alguien que habla por tel\u00e9fono puede estar cometiendo una infracci\u00f3n por distracci\u00f3n. Sin embargo, si est\u00e1 parado en un sem\u00e1foro en rojo y le chocan por detr\u00e1s, su infracci\u00f3n no es la causa del accidente.<\/p>\n<p>El accidente debe tener una relaci\u00f3n directa con la lesi\u00f3n sufrida. Hay ocasiones en que esto puede ser discutible. Hay personas que han intentado hacer pasar lesiones posteriores al accidente, o incluso enfermedades preexistentes, como consecuencia del accidente.<\/p>\n<p>Por lo tanto, el abogado del demandante debe demostrar la conexi\u00f3n directa. Tambi\u00e9n hay algunas situaciones en las que se ha exagerado la gravedad de las lesiones, por lo que tambi\u00e9n debe demostrarse la naturaleza exacta de las mismas.<\/p>\n<p>Una vez probados todos estos elementos, el demandado puede ser considerado responsable de cualquier coste que pueda demostrarse que es consecuencia directa de la lesi\u00f3n. Se demuestra entonces una cadena causal completa que establece la responsabilidad.<\/p>\n<h2>\u00bfQu\u00e9 es la negligencia comparativa?<\/h2>\n<p>La negligencia comparativa es un factor potencialmente limitador de los da\u00f1os y perjuicios que podr\u00edan conced\u00e9rsele en una demanda por lesiones personales.<\/p>\n<p>Seg\u00fan estas normas, el demandado en un caso tiene la oportunidad de alegar que el demandante es responsable, al menos parcialmente, de las lesiones que ha sufrido. La carga de la prueba recaer\u00e1 sobre ellos para demostrar los componentes de negligencia en relaci\u00f3n con las acciones del demandante.<\/p>\n<p>Si los abogados del demandado consiguen convencer al tribunal de que el demandante es parcialmente responsable de sus lesiones, el tribunal asignar\u00e1 a ambas partes un porcentaje que refleje su parte de culpa.<\/p>\n<h2>\u00bfC\u00f3mo puede afectar a mi indemnizaci\u00f3n la negligencia comparativa?<\/h2>\n<p>En muchos estados, una parte de 50% o m\u00e1s de culpa para el demandante le impedir\u00e1 cobrar cualquier indemnizaci\u00f3n por da\u00f1os y perjuicios. Afortunadamente, California funciona con un sistema de negligencia comparativa pura, que permitir\u00e1 a cualquiera que no tenga 100% de culpa cobrar al menos algunos da\u00f1os de la otra parte.<\/p>\n<p>A la indemnizaci\u00f3n por da\u00f1os y perjuicios que se conceda en un caso se le restar\u00e1 la parte de culpa que corresponda al demandante. Si algo en las acciones del demandante hace que se le considere responsable 30% de una indemnizaci\u00f3n de $100.000, entonces se le pagar\u00e1n $70.000.<\/p>\n<h2>\u00bfQu\u00e9 hace un abogado de lesiones personales en Encino?<\/h2>\n<p>Un abogado de lesiones personales de Encino es responsable de representarle y buscar una indemnizaci\u00f3n justa por las lesiones que ha sufrido. Hay varias maneras en que pueden hacer esto:<\/p>\n<h3>Investigue su caso<\/h3>\n<p>Este proceso suele comenzar con una investigaci\u00f3n exhaustiva de la situaci\u00f3n y las circunstancias que rodearon su lesi\u00f3n. Buscamos pruebas que puedan ser \u00fatiles para demostrar la negligencia de la parte o partes que pudieran ser responsables.<\/p>\n<p>Tambi\u00e9n tenemos en cuenta las posibles formas en que el demandado puede tratar de argumentar que usted tiene la culpa, por lo que tambi\u00e9n buscamos pruebas que puedan ayudar a defenderse contra esas reclamaciones.<\/p>\n<h3>Intentar negociar un acuerdo<\/h3>\n<p>Antes de que una demanda llegue a los tribunales, a menudo se intenta ver si ambas partes pueden llegar a un acuerdo negociado, en lugar de llevar el caso a los tribunales. Permitir que un abogado se encargue de esto puede conducir a menudo a mejores negociaciones.<\/p>\n<p>Es menos probable que la compa\u00f1\u00eda de seguros intente hacer una oferta a la baja, porque sabe que la rechazar\u00e1. Adem\u00e1s, un abogado hace que la amenaza de ir a juicio sea especialmente cre\u00edble, y eso puede hacer que el socio negociador se muestre m\u00e1s dispuesto.<\/p>\n<h3>Representarle en una demanda civil<\/h3>\n<p>Si no se puede llegar a un acuerdo, nuestro trabajo consiste en representarle ante los tribunales y defender la responsabilidad civil y la indemnizaci\u00f3n que usted se merece.<\/p>\n<p>Cuando uno se lesiona por la negligencia de otra persona, puede ser una experiencia especialmente frustrante. Por supuesto, el dolor, el sufrimiento y otros efectos psicol\u00f3gicos de la lesi\u00f3n son impactantes.<\/p>\n<p>Sin embargo, las facturas m\u00e9dicas y de da\u00f1os materiales son desalentadoras y le hacen preguntarse c\u00f3mo va a pagarlas. La perspectiva de pagar puede parecer incluso m\u00e1s intimidante si tus lesiones te han hecho perder una parte sustancial de tu tiempo de trabajo. Adem\u00e1s, hay algo en toda esta situaci\u00f3n que parece incre\u00edblemente injusto.<\/p>\n<p>La ley tambi\u00e9n reconoce esta din\u00e1mica. El derecho civil, y en particular el derecho de da\u00f1os personales, existe para hacer frente a las injusticias personales que se producen. Las sanciones penales tienen por objeto aumentar la seguridad de la sociedad, pero rara vez contribuyen a paliar los costes personales de las v\u00edctimas.<\/p>\n<p>El derecho civil s\u00ed aborda los costes del da\u00f1o que las personas se hacen unas a otras. Tambi\u00e9n va m\u00e1s all\u00e1 que el Derecho penal, ya que aborda acciones que son errores honestos y no llegan al nivel de conducta delictiva, aunque puedan causar da\u00f1os importantes.<\/p>\n<h2>Un abogado de lesiones personales de Encino que puede ayudarle a obtener la indemnizaci\u00f3n que se le debe<\/h2>\n<p>La ley de lesiones personales puede ayudar a aquellos que est\u00e1n lesionados. Cuando usted trabaja con un abogado de lesiones personales en Encino, tiene la oportunidad de hacer que esta ley trabaje para usted. Con la ayuda de un abogado de lesiones personales, usted puede presentar una demanda formidable para buscar la restituci\u00f3n bajo los principios de estas leyes.<\/p>\n<p>En Freeman &amp; Freeman, LLP, defendemos que a nuestros clientes se les debe una indemnizaci\u00f3n por lo que han tenido que sufrir. Si usted ha sido lesionado debido a la negligencia de otra persona, estamos listos para poner nuestro conocimiento y experiencia para trabajar para usted. <a href=\"https:\/\/freeman-freeman.com\/es\/pongase-en-contacto-con\/\">P\u00f3ngase en contacto con nosotros<\/a> hoy.<\/p>","protected":false},"excerpt":{"rendered":"<p>Encino Personal Injury Attorney Things happen in life where people make honest mistakes, are unaware of their errors, or become distracted. Sometimes, they simply don\u2019t know any better or just assume nothing will go wrong. Any of these behaviors, though, depending on the circumstance, could lead to someone being injured, sometimes seriously. When that happens, &hellip; <\/p>\n<p class=\"link-more\"><a href=\"https:\/\/freeman-freeman.com\/es\/encino-personal-injury-lawyer\/\" class=\"more-link\">Seguir leyendo<span class=\"screen-reader-text\"> &#8220;Encino Personal Injury Lawyer&#8221;<\/span><\/a><\/p>","protected":false},"author":1,"featured_media":0,"parent":0,"menu_order":0,"comment_status":"closed","ping_status":"closed","template":"","meta":{"_acf_changed":false,"footnotes":""},"class_list":["post-1772","page","type-page","status-publish","hentry","entry"],"acf":[],"yoast_head":"<!-- This site is optimized with the Yoast SEO plugin v27.5 - https:\/\/yoast.com\/product\/yoast-seo-wordpress\/ -->\n<title>Encino Personal Injury Lawyer - Free Consultation<\/title>\n<meta name=\"description\" content=\"Injured in Encino? Get the compensation you deserve with Freeman &amp; Freeman, LLP, your trusted Encino Personal Injury Lawyer. Free consultations. Call now!\" \/>\n<meta name=\"robots\" content=\"index, follow, max-snippet:-1, max-image-preview:large, max-video-preview:-1\" \/>\n<link rel=\"canonical\" href=\"https:\/\/freeman-freeman.com\/es\/encino-abogado-de-lesiones-personales\/\" \/>\n<meta property=\"og:locale\" content=\"es_MX\" \/>\n<meta property=\"og:type\" content=\"article\" \/>\n<meta property=\"og:title\" content=\"Encino Personal Injury Lawyer - Free Consultation\" \/>\n<meta property=\"og:description\" content=\"Injured in Encino? Get the compensation you deserve with Freeman &amp; Freeman, LLP, your trusted Encino Personal Injury Lawyer. Free consultations. Call now!\" \/>\n<meta property=\"og:url\" content=\"https:\/\/freeman-freeman.com\/es\/encino-abogado-de-lesiones-personales\/\" \/>\n<meta property=\"og:site_name\" content=\"Freeman &amp; Freeman, LLP\" \/>\n<meta property=\"article:publisher\" content=\"https:\/\/www.facebook.com\/FreemanFreemanLaw\" \/>\n<meta property=\"article:modified_time\" content=\"2024-10-09T22:01:43+00:00\" \/>\n<meta name=\"twitter:card\" content=\"summary_large_image\" \/>\n<meta name=\"twitter:site\" content=\"@FreemanFreeman1\" \/>\n<meta name=\"twitter:label1\" content=\"Tiempo de lectura\" \/>\n\t<meta name=\"twitter:data1\" content=\"10 minutos\" \/>\n<script type=\"application\/ld+json\" class=\"yoast-schema-graph\">{\"@context\":\"https:\\\/\\\/schema.org\",\"@graph\":[{\"@type\":\"WebPage\",\"@id\":\"https:\\\/\\\/freeman-freeman.com\\\/encino-personal-injury-lawyer\\\/\",\"url\":\"https:\\\/\\\/freeman-freeman.com\\\/encino-personal-injury-lawyer\\\/\",\"name\":\"Encino Personal Injury Lawyer - Free Consultation\",\"isPartOf\":{\"@id\":\"https:\\\/\\\/freeman-freeman.com\\\/#website\"},\"datePublished\":\"2023-12-18T09:44:58+00:00\",\"dateModified\":\"2024-10-09T22:01:43+00:00\",\"description\":\"Injured in Encino? Get the compensation you deserve with Freeman & Freeman, LLP, your trusted Encino Personal Injury Lawyer. Free consultations. Call now!\",\"inLanguage\":\"es\",\"potentialAction\":[{\"@type\":\"ReadAction\",\"target\":[\"https:\\\/\\\/freeman-freeman.com\\\/encino-personal-injury-lawyer\\\/\"]}]},{\"@type\":\"WebSite\",\"@id\":\"https:\\\/\\\/freeman-freeman.com\\\/#website\",\"url\":\"https:\\\/\\\/freeman-freeman.com\\\/\",\"name\":\"Freeman &amp; Freeman, LLP\",\"description\":\"\",\"publisher\":{\"@id\":\"https:\\\/\\\/freeman-freeman.com\\\/#organization\"},\"potentialAction\":[{\"@type\":\"SearchAction\",\"target\":{\"@type\":\"EntryPoint\",\"urlTemplate\":\"https:\\\/\\\/freeman-freeman.com\\\/?s={search_term_string}\"},\"query-input\":{\"@type\":\"PropertyValueSpecification\",\"valueRequired\":true,\"valueName\":\"search_term_string\"}}],\"inLanguage\":\"es\"},{\"@type\":\"Organization\",\"@id\":\"https:\\\/\\\/freeman-freeman.com\\\/#organization\",\"name\":\"Freeman & Freeman, LLP\",\"url\":\"https:\\\/\\\/freeman-freeman.com\\\/\",\"logo\":{\"@type\":\"ImageObject\",\"inLanguage\":\"es\",\"@id\":\"https:\\\/\\\/freeman-freeman.com\\\/#\\\/schema\\\/logo\\\/image\\\/\",\"url\":\"https:\\\/\\\/freeman-freeman.com\\\/wp-content\\\/uploads\\\/2024\\\/01\\\/logo.jpg\",\"contentUrl\":\"https:\\\/\\\/freeman-freeman.com\\\/wp-content\\\/uploads\\\/2024\\\/01\\\/logo.jpg\",\"width\":674,\"height\":104,\"caption\":\"Freeman & Freeman, LLP\"},\"image\":{\"@id\":\"https:\\\/\\\/freeman-freeman.com\\\/#\\\/schema\\\/logo\\\/image\\\/\"},\"sameAs\":[\"https:\\\/\\\/www.facebook.com\\\/FreemanFreemanLaw\",\"https:\\\/\\\/x.com\\\/FreemanFreeman1\",\"https:\\\/\\\/www.linkedin.com\\\/company\\\/freeman-freeman-llp\"]}]}<\/script>\n<!-- \/ Yoast SEO plugin. -->","yoast_head_json":{"title":"Encino Abogado de Lesiones Personales - Consulta Gratuita","description":"\u00bfLastimado en Encino? Obtenga la compensaci\u00f3n que merece con Freeman &amp; Freeman, LLP, su Abogado de Lesiones Personales de confianza en Encino. Consultas gratuitas. \u00a1Llame ahora!","robots":{"index":"index","follow":"follow","max-snippet":"max-snippet:-1","max-image-preview":"max-image-preview:large","max-video-preview":"max-video-preview:-1"},"canonical":"https:\/\/freeman-freeman.com\/es\/encino-abogado-de-lesiones-personales\/","og_locale":"es_MX","og_type":"article","og_title":"Encino Personal Injury Lawyer - Free Consultation","og_description":"Injured in Encino? Get the compensation you deserve with Freeman & Freeman, LLP, your trusted Encino Personal Injury Lawyer. Free consultations. Call now!","og_url":"https:\/\/freeman-freeman.com\/es\/encino-abogado-de-lesiones-personales\/","og_site_name":"Freeman &amp; Freeman, LLP","article_publisher":"https:\/\/www.facebook.com\/FreemanFreemanLaw","article_modified_time":"2024-10-09T22:01:43+00:00","twitter_card":"summary_large_image","twitter_site":"@FreemanFreeman1","twitter_misc":{"Tiempo de lectura":"10 minutos"},"schema":{"@context":"https:\/\/schema.org","@graph":[{"@type":"WebPage","@id":"https:\/\/freeman-freeman.com\/encino-personal-injury-lawyer\/","url":"https:\/\/freeman-freeman.com\/encino-personal-injury-lawyer\/","name":"Encino Abogado de Lesiones Personales - Consulta Gratuita","isPartOf":{"@id":"https:\/\/freeman-freeman.com\/#website"},"datePublished":"2023-12-18T09:44:58+00:00","dateModified":"2024-10-09T22:01:43+00:00","description":"\u00bfLastimado en Encino? Obtenga la compensaci\u00f3n que merece con Freeman &amp; Freeman, LLP, su Abogado de Lesiones Personales de confianza en Encino. Consultas gratuitas. \u00a1Llame ahora!","inLanguage":"es","potentialAction":[{"@type":"ReadAction","target":["https:\/\/freeman-freeman.com\/encino-personal-injury-lawyer\/"]}]},{"@type":"WebSite","@id":"https:\/\/freeman-freeman.com\/#website","url":"https:\/\/freeman-freeman.com\/","name":"Freeman &amp; Freeman, LLP","description":"","publisher":{"@id":"https:\/\/freeman-freeman.com\/#organization"},"potentialAction":[{"@type":"SearchAction","target":{"@type":"EntryPoint","urlTemplate":"https:\/\/freeman-freeman.com\/?s={search_term_string}"},"query-input":{"@type":"PropertyValueSpecification","valueRequired":true,"valueName":"search_term_string"}}],"inLanguage":"es"},{"@type":"Organization","@id":"https:\/\/freeman-freeman.com\/#organization","name":"Freeman &amp; Freeman, LLP","url":"https:\/\/freeman-freeman.com\/","logo":{"@type":"ImageObject","inLanguage":"es","@id":"https:\/\/freeman-freeman.com\/#\/schema\/logo\/image\/","url":"https:\/\/freeman-freeman.com\/wp-content\/uploads\/2024\/01\/logo.jpg","contentUrl":"https:\/\/freeman-freeman.com\/wp-content\/uploads\/2024\/01\/logo.jpg","width":674,"height":104,"caption":"Freeman & Freeman, LLP"},"image":{"@id":"https:\/\/freeman-freeman.com\/#\/schema\/logo\/image\/"},"sameAs":["https:\/\/www.facebook.com\/FreemanFreemanLaw","https:\/\/x.com\/FreemanFreeman1","https:\/\/www.linkedin.com\/company\/freeman-freeman-llp"]}]}},"_links":{"self":[{"href":"https:\/\/freeman-freeman.com\/es\/wp-json\/wp\/v2\/pages\/1772","targetHints":{"allow":["GET"]}}],"collection":[{"href":"https:\/\/freeman-freeman.com\/es\/wp-json\/wp\/v2\/pages"}],"about":[{"href":"https:\/\/freeman-freeman.com\/es\/wp-json\/wp\/v2\/types\/page"}],"author":[{"embeddable":true,"href":"https:\/\/freeman-freeman.com\/es\/wp-json\/wp\/v2\/users\/1"}],"replies":[{"embeddable":true,"href":"https:\/\/freeman-freeman.com\/es\/wp-json\/wp\/v2\/comments?post=1772"}],"version-history":[{"count":9,"href":"https:\/\/freeman-freeman.com\/es\/wp-json\/wp\/v2\/pages\/1772\/revisions"}],"predecessor-version":[{"id":2924,"href":"https:\/\/freeman-freeman.com\/es\/wp-json\/wp\/v2\/pages\/1772\/revisions\/2924"}],"wp:attachment":[{"href":"https:\/\/freeman-freeman.com\/es\/wp-json\/wp\/v2\/media?parent=1772"}],"curies":[{"name":"wp","href":"https:\/\/api.w.org\/{rel}","templated":true}]}}