{"id":203,"date":"2023-11-18T12:45:22","date_gmt":"2023-11-18T12:45:22","guid":{"rendered":"https:\/\/freeman-freeman.com\/?page_id=203"},"modified":"2024-02-08T12:29:33","modified_gmt":"2024-02-08T12:29:33","slug":"woodland-hills-abogado-de-accidente-de-camion","status":"publish","type":"page","link":"https:\/\/freeman-freeman.com\/es\/woodland-hills-truck-accident-lawyer\/","title":{"rendered":"Woodland Hills Abogado de Accidente de Cami\u00f3n"},"content":{"rendered":"<h2><span data-sheets-root=\"1\" data-sheets-value=\"{&quot;1&quot;:2,&quot;2&quot;:&quot;Woodland Hills Truck Accident Lawyer&quot;}\" data-sheets-userformat=\"{&quot;2&quot;:15105,&quot;3&quot;:{&quot;1&quot;:0},&quot;11&quot;:0,&quot;12&quot;:0,&quot;14&quot;:{&quot;1&quot;:2,&quot;2&quot;:0},&quot;15&quot;:&quot;Calibri&quot;,&quot;16&quot;:11}\">Woodland Hills Abogado de Accidente de Cami\u00f3n<\/span><\/h2>\n<div class=\"abt-img\"><img loading=\"lazy\" decoding=\"async\" class=\"alignnone\" title=\"Woodland Hills Abogado de Accidente de Cami\u00f3n\" src=\"https:\/\/freeman-freeman.com\/wp-content\/uploads\/2023\/12\/sng-pract-img-14.webp\" alt=\"Woodland Hills Abogado de Accidente de Cami\u00f3n\" width=\"970\" height=\"500\" \/><\/div>\n<p>Porque estar involucrado en un accidente con un semirremolque nunca es menor, usted necesita un abogado de accidentes de camiones que sabe c\u00f3mo perseguir la m\u00e1xima indemnizaci\u00f3n en su nombre.<\/p>\n<p>Los abogados de Freeman &amp; Freeman, LLP, han estado del lado de las v\u00edctimas de lesiones en Los \u00c1ngeles y en todo el sur de California durante d\u00e9cadas. Hemos ayudado a nuestros clientes a obtener m\u00e1s de $220 millones en compensaci\u00f3n por su sufrimiento. Conocemos la ley, y sabemos c\u00f3mo obtener la justicia que nuestros clientes merecen.<\/p>\n<p>Usted puede estar de luto por una muerte injusta despu\u00e9s de una cat\u00e1strofe o usted o un ser querido puede requerir atenci\u00f3n m\u00e9dica de por vida las 24 horas despu\u00e9s de un accidente de cami\u00f3n. Sabemos c\u00f3mo buscar la m\u00e1xima compensaci\u00f3n para usted y su familia si usted ha estado involucrado en un accidente de cami\u00f3n en cualquier parte del sur de California.<\/p>\n<h2>Asesoramiento jur\u00eddico y representaci\u00f3n orientados al detalle<\/h2>\n<p>Cuando se ponga en contacto con nuestros experimentados abogados y nuestro diligente equipo de personal de apoyo e investigadores, maximizar\u00e1 sus posibilidades de obtener una indemnizaci\u00f3n. Ofrecemos consultas gratuitas y si no ganamos su caso, no nos deber\u00e1 nada.<\/p>\n<p>Tenemos acceso a ingenieros e investigadores del lugar del accidente que estudiar\u00e1n los detalles precisos de su caso para determinar la causa del accidente. Algunos de los tipos de preguntas que haremos durante nuestra investigaci\u00f3n:<\/p>\n<ul>\n<li>\u00bfSe ha realizado un mantenimiento adecuado del cami\u00f3n?<\/li>\n<li>\u00bfEl conductor del cami\u00f3n estaba fatigado o consum\u00eda drogas o alcohol?<\/li>\n<li>\u00bfLa carga estaba bien sujeta?<\/li>\n<li>\u00bfEl conductor del cami\u00f3n respet\u00f3 las se\u00f1ales de tr\u00e1fico y el l\u00edmite de velocidad?<\/li>\n<li>\u00bfEstaba el conductor enviando mensajes de texto, hablando por el m\u00f3vil o distra\u00eddo de alg\u00fan modo?<\/li>\n<li>\u00bfTen\u00edan los veh\u00edculos implicados defectos de fabricaci\u00f3n?<\/li>\n<li>\u00bfLa carretera estaba debidamente mantenida por una autoridad municipal, estatal o de otro tipo?<\/li>\n<\/ul>\n<p>Nuestra experiencia y nuestro historial de \u00e9xitos nos hacen estar m\u00e1s que preparados para los retos de los casos de accidentes de cami\u00f3n. Estos casos a menudo implican grandes corporaciones y sus compa\u00f1\u00edas de seguros.<\/p>\n<p>Estas empresas pueden luchar agresivamente para evitar asumir su responsabilidad. Sabemos c\u00f3mo desafiarlos y sabemos c\u00f3mo ganar. Desde nuestras oficinas en Woodland Hills, representamos a v\u00edctimas de accidentes de camiones en todo Los \u00c1ngeles y todo el estado de California.<\/p>\n<p>Algunas v\u00edctimas de colisiones entre autom\u00f3viles y camiones desarrollan s\u00edntomas emocionales o psicol\u00f3gicos como el trastorno de estr\u00e9s postraum\u00e1tico (TEPT). Otras desarrollan afecciones f\u00edsicas progresivas, como problemas card\u00edacos, debido al estr\u00e9s continuo de haber estado en un accidente. Nunca se insistir\u00e1 lo suficiente en el impacto duradero de un accidente de cami\u00f3n.<\/p>\n<p>Tenemos acceso a expertos m\u00e9dicos que le ayudar\u00e1n a curarse y nos ayudar\u00e1n a determinar cu\u00e1l ser\u00e1 la compensaci\u00f3n justa para usted. Esta compensaci\u00f3n puede exceder un acuerdo de \"bola baja\" que una compa\u00f1\u00eda de camiones ofrece. Antes de llegar a un acuerdo, llame a nuestros abogados de accidentes de camiones. Sabemos c\u00f3mo proteger sus derechos y los mejores intereses a largo plazo.<\/p>\n<h2><span data-sheets-root=\"1\" data-sheets-value=\"{&quot;1&quot;:2,&quot;2&quot;:&quot;Woodland Hills Truck Accident Lawyer&quot;}\" data-sheets-userformat=\"{&quot;2&quot;:15105,&quot;3&quot;:{&quot;1&quot;:0},&quot;11&quot;:0,&quot;12&quot;:0,&quot;14&quot;:{&quot;1&quot;:2,&quot;2&quot;:0},&quot;15&quot;:&quot;Calibri&quot;,&quot;16&quot;:11}\">Accidentes de cami\u00f3n FAQ<\/span><\/h2>\n<p>Hemos reunido preguntas y preocupaciones comunes acerca de las lesiones de camiones, que hemos abordado en Freeman &amp; Freeman, LLP:<\/p>\n<div class=\"accordion-section\">\n<h3>Si he sufrido lesiones por colisi\u00f3n con un cami\u00f3n comercial, \u00bfpuedo obtener una indemnizaci\u00f3n de la empresa?<\/h3>\n<div id=\"accordion-1\" class=\"accordion-section-content\">\n<p>S\u00ed, pero debe demostrar que el accidente se debi\u00f3 a la responsabilidad de la compa\u00f1\u00eda de camiones. Un abogado experimentado puede ayudarle a reunir y analizar todas las pruebas y la informaci\u00f3n disponible de su accidente para establecer la responsabilidad. Las empresas de transporte pueden ser responsables debido a su inacci\u00f3n para proporcionar, por ejemplo, el mantenimiento adecuado a sus unidades. Esta inacci\u00f3n tambi\u00e9n se conoce como \"responsabilidad directa\".<\/p>\n<\/div>\n<\/div>\n<div class=\"accordion-section\">\n<h3>\u00bfQu\u00e9 es la negligencia indirecta en los accidentes de camiones comerciales?<\/h3>\n<div id=\"accordion-2\" class=\"accordion-section-content open\">\n<p>Se refiere a la responsabilidad de un empresario ante las acciones o negligencias de sus empleados. Si se produce un accidente de cami\u00f3n durante las horas de trabajo de un conductor, y si el conductor es la parte culpable del accidente, entonces la empresa tambi\u00e9n es responsable de las acciones y omisiones de su conductor. La negligencia indirecta tambi\u00e9n incluye el hecho de que una empresa no eval\u00fae la cualificaci\u00f3n de un conductor para conducir o no someta a sus empleados a un control de alcoholemia o de sustancias prohibidas antes del inicio de la jornada laboral.<\/p>\n<p>Cuando est\u00e9 en la fase de descubrimiento (recopilaci\u00f3n de pruebas) con su abogado, ellos tambi\u00e9n verificar\u00e1n los antecedentes de la empresa para controlar la responsabilidad indirecta.<\/p>\n<\/div>\n<\/div>\n<div class=\"accordion-section\">\n<h3>Un ser querido no sobrevivi\u00f3 a un accidente de cami\u00f3n. \u00bfTengo derecho a una indemnizaci\u00f3n?<\/h3>\n<div id=\"accordion-3\" class=\"accordion-section-content\">\n<p>Entendemos que est\u00e1 pasando por momentos dif\u00edciles, y s\u00ed, tiene derecho a recibir una indemnizaci\u00f3n si un ser querido ya no est\u00e1 con nosotros debido a un accidente de cami\u00f3n. <a role=\"link\" href=\"https:\/\/freeman-freeman.com\/es\/woodland-hills-abogado-de-muerte-injusta\/\" data-wpel-link=\"internal\">Si un ser querido ya no est\u00e1 con nosotros debido a un accidente de cami\u00f3n<\/a>Le aconsejamos que se ponga en manos de un abogado para preparar su caso y obtener la indemnizaci\u00f3n que usted y su familia merecen para empezar de nuevo.<\/p>\n<p>Abogados como nosotros en Freeman &amp; Freeman, LLP, trabajamos en base a contingencia. Por lo tanto, usted paga nuestras facturas s\u00f3lo si recuperamos su indemnizaci\u00f3n. Usted, su familia y sus seres queridos merecen tranquilidad y un abogado experto y compasivo que les ayude con todo el proceso legal que conlleva. Sin embargo, dispone de un plazo de dos a\u00f1os para presentar una reclamaci\u00f3n para recuperar la indemnizaci\u00f3n.<\/p>\n<\/div>\n<\/div>\n<div class=\"accordion-section\">\n<h3>Si un ser querido sufri\u00f3 lesiones catastr\u00f3ficas, \u00bfc\u00f3mo s\u00e9 que nos ofrecen una indemnizaci\u00f3n justa?<\/h3>\n<div id=\"accordion-4\" class=\"accordion-section-content\">\n<p>Una indemnizaci\u00f3n justa debe incluir todos los costes relacionados con su salud, tratamiento y posible recuperaci\u00f3n. Las lesiones catastr\u00f3ficas suelen provocar incapacidad permanente, dolor cr\u00f3nico y trauma psicol\u00f3gico. Tiene que demostrarlo a la compa\u00f1\u00eda de seguros y a las partes culpables para calcular su indemnizaci\u00f3n. Si no est\u00e1 seguro de si su indemnizaci\u00f3n es justa, necesita la ayuda de un abogado.<\/p>\n<p>Como sus abogados en California, haremos todos los esfuerzos razonables para defender sus derechos y no nos conformaremos con menos. Llame hoy mismo.<\/p>\n<\/div>\n<\/div>\n<h2>Llame hoy para proteger su derecho a una indemnizaci\u00f3n justa<\/h2>\n<p>Como un bufete de abogados de lesiones personales, nos enorgullecemos de servir a nuestra comunidad en nuestro Freeman &amp; Freeman, LLP. Llame a nuestra oficina de Woodland Hills al <a role=\"link\" href=\"tel:+1-818-992-2919\" data-wpel-link=\"internal\">818-992-2919<\/a> o <a role=\"link\" href=\"https:\/\/freeman-freeman.com\/es\/pongase-en-contacto-con\/\" data-wpel-link=\"internal\">rellene nuestro formulario en l\u00ednea<\/a> para programar su consulta.<\/p>","protected":false},"excerpt":{"rendered":"<p>Woodland Hills Truck Accident Attorney Because being involved in an accident with a semitruck is never minor, you need a truck accident lawyer who knows how to pursue maximum compensation on your behalf. The lawyers at Freeman &amp; Freeman, LLP, have been on the side of injury victims in Los Angeles and throughout Southern California &hellip; <\/p>\n<p class=\"link-more\"><a href=\"https:\/\/freeman-freeman.com\/es\/woodland-hills-truck-accident-lawyer\/\" class=\"more-link\">Seguir leyendo<span class=\"screen-reader-text\"> &#8220;Woodland Hills Truck Accident Lawyer&#8221;<\/span><\/a><\/p>","protected":false},"author":1,"featured_media":0,"parent":0,"menu_order":0,"comment_status":"closed","ping_status":"closed","template":"","meta":{"_acf_changed":false,"footnotes":""},"class_list":["post-203","page","type-page","status-publish","hentry","entry"],"acf":[],"yoast_head":"<!-- This site is optimized with the Yoast SEO plugin v27.5 - https:\/\/yoast.com\/product\/yoast-seo-wordpress\/ -->\n<title>Woodland Hills Truck Accident Lawyer - Truck Crash CA<\/title>\n<meta name=\"description\" content=\"Freeman &amp; Freeman, LLP: Your trusted Woodland Hills truck accident lawyer. We fight for your rights, schedule a free consultation today!\" \/>\n<meta name=\"robots\" content=\"index, follow, max-snippet:-1, max-image-preview:large, max-video-preview:-1\" \/>\n<link rel=\"canonical\" href=\"https:\/\/freeman-freeman.com\/es\/woodland-hills-abogado-de-accidente-de-camion\/\" \/>\n<meta property=\"og:locale\" content=\"es_MX\" \/>\n<meta property=\"og:type\" content=\"article\" \/>\n<meta property=\"og:title\" content=\"Woodland Hills Truck Accident Lawyer - Truck Crash CA\" \/>\n<meta property=\"og:description\" content=\"Freeman &amp; Freeman, LLP: Your trusted Woodland Hills truck accident lawyer. We fight for your rights, schedule a free consultation today!\" \/>\n<meta property=\"og:url\" content=\"https:\/\/freeman-freeman.com\/es\/woodland-hills-abogado-de-accidente-de-camion\/\" \/>\n<meta property=\"og:site_name\" content=\"Freeman &amp; Freeman, LLP\" \/>\n<meta property=\"article:publisher\" content=\"https:\/\/www.facebook.com\/FreemanFreemanLaw\" \/>\n<meta property=\"article:modified_time\" content=\"2024-02-08T12:29:33+00:00\" \/>\n<meta property=\"og:image\" content=\"https:\/\/freeman-freeman.com\/wp-content\/uploads\/2023\/12\/sng-pract-img-14.webp\" \/>\n<meta name=\"twitter:card\" content=\"summary_large_image\" \/>\n<meta name=\"twitter:site\" content=\"@FreemanFreeman1\" \/>\n<meta name=\"twitter:label1\" content=\"Tiempo de lectura\" \/>\n\t<meta name=\"twitter:data1\" content=\"5 minutos\" \/>\n<script type=\"application\/ld+json\" class=\"yoast-schema-graph\">{\"@context\":\"https:\\\/\\\/schema.org\",\"@graph\":[{\"@type\":\"WebPage\",\"@id\":\"https:\\\/\\\/freeman-freeman.com\\\/woodland-hills-truck-accident-lawyer\\\/\",\"url\":\"https:\\\/\\\/freeman-freeman.com\\\/woodland-hills-truck-accident-lawyer\\\/\",\"name\":\"Woodland Hills Truck Accident Lawyer - Truck Crash CA\",\"isPartOf\":{\"@id\":\"https:\\\/\\\/freeman-freeman.com\\\/#website\"},\"primaryImageOfPage\":{\"@id\":\"https:\\\/\\\/freeman-freeman.com\\\/woodland-hills-truck-accident-lawyer\\\/#primaryimage\"},\"image\":{\"@id\":\"https:\\\/\\\/freeman-freeman.com\\\/woodland-hills-truck-accident-lawyer\\\/#primaryimage\"},\"thumbnailUrl\":\"https:\\\/\\\/freeman-freeman.com\\\/wp-content\\\/uploads\\\/2023\\\/12\\\/sng-pract-img-14.webp\",\"datePublished\":\"2023-11-18T12:45:22+00:00\",\"dateModified\":\"2024-02-08T12:29:33+00:00\",\"description\":\"Freeman & Freeman, LLP: Your trusted Woodland Hills truck accident lawyer. We fight for your rights, schedule a free consultation today!\",\"inLanguage\":\"es\",\"potentialAction\":[{\"@type\":\"ReadAction\",\"target\":[\"https:\\\/\\\/freeman-freeman.com\\\/woodland-hills-truck-accident-lawyer\\\/\"]}]},{\"@type\":\"ImageObject\",\"inLanguage\":\"es\",\"@id\":\"https:\\\/\\\/freeman-freeman.com\\\/woodland-hills-truck-accident-lawyer\\\/#primaryimage\",\"url\":\"https:\\\/\\\/freeman-freeman.com\\\/wp-content\\\/uploads\\\/2023\\\/12\\\/sng-pract-img-14.webp\",\"contentUrl\":\"https:\\\/\\\/freeman-freeman.com\\\/wp-content\\\/uploads\\\/2023\\\/12\\\/sng-pract-img-14.webp\"},{\"@type\":\"WebSite\",\"@id\":\"https:\\\/\\\/freeman-freeman.com\\\/#website\",\"url\":\"https:\\\/\\\/freeman-freeman.com\\\/\",\"name\":\"Freeman &amp; Freeman, LLP\",\"description\":\"\",\"publisher\":{\"@id\":\"https:\\\/\\\/freeman-freeman.com\\\/#organization\"},\"potentialAction\":[{\"@type\":\"SearchAction\",\"target\":{\"@type\":\"EntryPoint\",\"urlTemplate\":\"https:\\\/\\\/freeman-freeman.com\\\/?s={search_term_string}\"},\"query-input\":{\"@type\":\"PropertyValueSpecification\",\"valueRequired\":true,\"valueName\":\"search_term_string\"}}],\"inLanguage\":\"es\"},{\"@type\":\"Organization\",\"@id\":\"https:\\\/\\\/freeman-freeman.com\\\/#organization\",\"name\":\"Freeman & Freeman, LLP\",\"url\":\"https:\\\/\\\/freeman-freeman.com\\\/\",\"logo\":{\"@type\":\"ImageObject\",\"inLanguage\":\"es\",\"@id\":\"https:\\\/\\\/freeman-freeman.com\\\/#\\\/schema\\\/logo\\\/image\\\/\",\"url\":\"https:\\\/\\\/freeman-freeman.com\\\/wp-content\\\/uploads\\\/2024\\\/01\\\/logo.jpg\",\"contentUrl\":\"https:\\\/\\\/freeman-freeman.com\\\/wp-content\\\/uploads\\\/2024\\\/01\\\/logo.jpg\",\"width\":674,\"height\":104,\"caption\":\"Freeman & Freeman, LLP\"},\"image\":{\"@id\":\"https:\\\/\\\/freeman-freeman.com\\\/#\\\/schema\\\/logo\\\/image\\\/\"},\"sameAs\":[\"https:\\\/\\\/www.facebook.com\\\/FreemanFreemanLaw\",\"https:\\\/\\\/x.com\\\/FreemanFreeman1\",\"https:\\\/\\\/www.linkedin.com\\\/company\\\/freeman-freeman-llp\"]}]}<\/script>\n<!-- \/ Yoast SEO plugin. -->","yoast_head_json":{"title":"Woodland Hills Abogado de Accidente de Cami\u00f3n - Truck Crash CA","description":"Freeman &amp; Freeman, LLP: Su abogado de confianza en accidentes de camiones en Woodland Hills. \u00a1Luchamos por sus derechos, programe una consulta gratis hoy!","robots":{"index":"index","follow":"follow","max-snippet":"max-snippet:-1","max-image-preview":"max-image-preview:large","max-video-preview":"max-video-preview:-1"},"canonical":"https:\/\/freeman-freeman.com\/es\/woodland-hills-abogado-de-accidente-de-camion\/","og_locale":"es_MX","og_type":"article","og_title":"Woodland Hills Truck Accident Lawyer - Truck Crash CA","og_description":"Freeman & Freeman, LLP: Your trusted Woodland Hills truck accident lawyer. We fight for your rights, schedule a free consultation today!","og_url":"https:\/\/freeman-freeman.com\/es\/woodland-hills-abogado-de-accidente-de-camion\/","og_site_name":"Freeman &amp; Freeman, LLP","article_publisher":"https:\/\/www.facebook.com\/FreemanFreemanLaw","article_modified_time":"2024-02-08T12:29:33+00:00","og_image":[{"url":"https:\/\/freeman-freeman.com\/wp-content\/uploads\/2023\/12\/sng-pract-img-14.webp","type":"","width":"","height":""}],"twitter_card":"summary_large_image","twitter_site":"@FreemanFreeman1","twitter_misc":{"Tiempo de lectura":"5 minutos"},"schema":{"@context":"https:\/\/schema.org","@graph":[{"@type":"WebPage","@id":"https:\/\/freeman-freeman.com\/woodland-hills-truck-accident-lawyer\/","url":"https:\/\/freeman-freeman.com\/woodland-hills-truck-accident-lawyer\/","name":"Woodland Hills Abogado de Accidente de Cami\u00f3n - Truck Crash CA","isPartOf":{"@id":"https:\/\/freeman-freeman.com\/#website"},"primaryImageOfPage":{"@id":"https:\/\/freeman-freeman.com\/woodland-hills-truck-accident-lawyer\/#primaryimage"},"image":{"@id":"https:\/\/freeman-freeman.com\/woodland-hills-truck-accident-lawyer\/#primaryimage"},"thumbnailUrl":"https:\/\/freeman-freeman.com\/wp-content\/uploads\/2023\/12\/sng-pract-img-14.webp","datePublished":"2023-11-18T12:45:22+00:00","dateModified":"2024-02-08T12:29:33+00:00","description":"Freeman &amp; Freeman, LLP: Su abogado de confianza en accidentes de camiones en Woodland Hills. \u00a1Luchamos por sus derechos, programe una consulta gratis hoy!","inLanguage":"es","potentialAction":[{"@type":"ReadAction","target":["https:\/\/freeman-freeman.com\/woodland-hills-truck-accident-lawyer\/"]}]},{"@type":"ImageObject","inLanguage":"es","@id":"https:\/\/freeman-freeman.com\/woodland-hills-truck-accident-lawyer\/#primaryimage","url":"https:\/\/freeman-freeman.com\/wp-content\/uploads\/2023\/12\/sng-pract-img-14.webp","contentUrl":"https:\/\/freeman-freeman.com\/wp-content\/uploads\/2023\/12\/sng-pract-img-14.webp"},{"@type":"WebSite","@id":"https:\/\/freeman-freeman.com\/#website","url":"https:\/\/freeman-freeman.com\/","name":"Freeman &amp; Freeman, LLP","description":"","publisher":{"@id":"https:\/\/freeman-freeman.com\/#organization"},"potentialAction":[{"@type":"SearchAction","target":{"@type":"EntryPoint","urlTemplate":"https:\/\/freeman-freeman.com\/?s={search_term_string}"},"query-input":{"@type":"PropertyValueSpecification","valueRequired":true,"valueName":"search_term_string"}}],"inLanguage":"es"},{"@type":"Organization","@id":"https:\/\/freeman-freeman.com\/#organization","name":"Freeman &amp; Freeman, LLP","url":"https:\/\/freeman-freeman.com\/","logo":{"@type":"ImageObject","inLanguage":"es","@id":"https:\/\/freeman-freeman.com\/#\/schema\/logo\/image\/","url":"https:\/\/freeman-freeman.com\/wp-content\/uploads\/2024\/01\/logo.jpg","contentUrl":"https:\/\/freeman-freeman.com\/wp-content\/uploads\/2024\/01\/logo.jpg","width":674,"height":104,"caption":"Freeman & Freeman, LLP"},"image":{"@id":"https:\/\/freeman-freeman.com\/#\/schema\/logo\/image\/"},"sameAs":["https:\/\/www.facebook.com\/FreemanFreemanLaw","https:\/\/x.com\/FreemanFreeman1","https:\/\/www.linkedin.com\/company\/freeman-freeman-llp"]}]}},"_links":{"self":[{"href":"https:\/\/freeman-freeman.com\/es\/wp-json\/wp\/v2\/pages\/203","targetHints":{"allow":["GET"]}}],"collection":[{"href":"https:\/\/freeman-freeman.com\/es\/wp-json\/wp\/v2\/pages"}],"about":[{"href":"https:\/\/freeman-freeman.com\/es\/wp-json\/wp\/v2\/types\/page"}],"author":[{"embeddable":true,"href":"https:\/\/freeman-freeman.com\/es\/wp-json\/wp\/v2\/users\/1"}],"replies":[{"embeddable":true,"href":"https:\/\/freeman-freeman.com\/es\/wp-json\/wp\/v2\/comments?post=203"}],"version-history":[{"count":11,"href":"https:\/\/freeman-freeman.com\/es\/wp-json\/wp\/v2\/pages\/203\/revisions"}],"predecessor-version":[{"id":2062,"href":"https:\/\/freeman-freeman.com\/es\/wp-json\/wp\/v2\/pages\/203\/revisions\/2062"}],"wp:attachment":[{"href":"https:\/\/freeman-freeman.com\/es\/wp-json\/wp\/v2\/media?parent=203"}],"curies":[{"name":"wp","href":"https:\/\/api.w.org\/{rel}","templated":true}]}}