{"id":205,"date":"2023-11-18T12:45:50","date_gmt":"2023-11-18T12:45:50","guid":{"rendered":"https:\/\/freeman-freeman.com\/?page_id=205"},"modified":"2024-02-07T13:53:01","modified_gmt":"2024-02-07T13:53:01","slug":"woodland-hills-abogado-de-muerte-injusta","status":"publish","type":"page","link":"https:\/\/freeman-freeman.com\/es\/woodland-hills-wrongful-death-lawyer\/","title":{"rendered":"Woodland Hills Abogado de Muerte Injusta"},"content":{"rendered":"<h2><span data-sheets-root=\"1\" data-sheets-value=\"{&quot;1&quot;:2,&quot;2&quot;:&quot;Woodland Hills Wrongful Death Lawyer&quot;}\" data-sheets-userformat=\"{&quot;2&quot;:15105,&quot;3&quot;:{&quot;1&quot;:0},&quot;11&quot;:0,&quot;12&quot;:0,&quot;14&quot;:{&quot;1&quot;:2,&quot;2&quot;:0},&quot;15&quot;:&quot;Calibri&quot;,&quot;16&quot;:11}\">Woodland Hills Abogado de Muerte Injusta<\/span><\/h2>\n<div class=\"abt-img\"><img loading=\"lazy\" decoding=\"async\" class=\"alignnone\" title=\"Woodland Hills Abogado de Muerte Injusta\" src=\"https:\/\/freeman-freeman.com\/wp-content\/uploads\/2023\/12\/sng-pract-img-13.webp\" alt=\"Woodland Hills Abogado de Muerte Injusta\" width=\"970\" height=\"500\" \/><\/div>\n<h2>Proteger sus derechos tras la p\u00e9rdida de un ser querido<\/h2>\n<p>Nuestro servicio completo, accidente de coche en todo el estado bufete de abogados de lesiones personales de\u00a0<span class=\"nap-item nap-item--name\">Freeman &amp; Freeman, LLP<\/span>acepta los casos de lesiones de todos los californianos, de accidentes grandes y peque\u00f1os. Cada cliente de accidente de coche, cada resultado, es un asunto serio para nosotros. Incluso lo que puede parecer un peque\u00f1o accidente puede resultar en facturas m\u00e9dicas sustanciales, p\u00e9rdida de ingresos y el dolor y el sufrimiento.<\/p>\n<p>Por ello\u00a0<a title=\"Perfiles de abogados\" role=\"link\" href=\"https:\/\/freeman-freeman.com\/es\/acerca-de\/\" data-wpel-link=\"internal\">nuestros atentos abogados<\/a>\u00a0han tenido \u00e9xito en negociaciones y juicios a lo largo de nuestros m\u00e1s de 30 a\u00f1os de experiencia, compromiso, pasi\u00f3n y resultados.<\/p>\n<p>Tambi\u00e9n trabajamos agresivamente para proteger los intereses de los clientes cuyas familias han sufrido un accidente mortal. Ni siquiera un cuantioso acuerdo monetario por da\u00f1os puede devolverle a su ser querido. Sin embargo, el \u00e9xito en su nombre puede proporcionar algo m\u00e1s: cierre para su familia, lo que le permite seguir viviendo en su forma habitual y tal vez incluso asegurar una educaci\u00f3n universitaria para sus hijos.<\/p>\n<p>Nuestro objetivo es conseguir un acuerdo que sea suficiente para garantizar que usted pueda costearse las terapias m\u00e9dicas, de rehabilitaci\u00f3n u otras terapias necesarias mientras se enfrenta a un futuro emocional incierto.<\/p>\n<p>P\u00f3ngase en contacto con nosotros en nuestra sede de Woodland Hills para que podamos aportar esas cualidades y habilidades probadas a sus situaciones legales, f\u00edsicas y emocionales. Puede concertar su consulta inicial gratuita por tel\u00e9fono, fax o correo electr\u00f3nico.<\/p>\n<h2>Asistencia jur\u00eddica honesta, compasiva y experimentada en momentos dif\u00edciles<\/h2>\n<p>Hemos ayudado a clientes de todos los \u00e1mbitos de la vida que sufren de una amplia gama de lesiones, incluyendo:<\/p>\n<ul>\n<li>Latigazo cervical<\/li>\n<li>Lesiones de cuello y espalda (hernia discal)<\/li>\n<li>Fracturas y fracturas \u00f3seas<\/li>\n<li>Quemaduras graves<\/li>\n<li>Traumatismo craneoencef\u00e1lico (TCE)<\/li>\n<li>Lesi\u00f3n medular<\/li>\n<li>Lesiones de rodilla<\/li>\n<li>Lesiones de cadera<\/li>\n<\/ul>\n<p>Una vez que tomamos su caso, nuestra prioridad es asegurarnos de que reciba la atenci\u00f3n m\u00e9dica necesaria y comience a recuperarse, y reparar los da\u00f1os del accidente hechos a su veh\u00edculo. Trabajaremos con las compa\u00f1\u00edas de seguros si usted ha sido lesionado por un conductor sin seguro o con seguro insuficiente.<\/p>\n<p>Durante nuestros esfuerzos para obtener una compensaci\u00f3n financiera completa y justa por sus salarios perdidos, el aumento de las facturas m\u00e9dicas, y el dolor y el sufrimiento, siempre estaremos disponibles para atender sus preguntas y preocupaciones.<\/p>\n<p>Clientes de muerte por negligencia de\u00a0<span class=\"nap-item nap-item--name\">Freeman &amp; Freeman, LLP<\/span>pueden estar seguros de que las repercusiones legales de su tragedia personal, y las esperanzas de su familia, est\u00e1n en manos de profesionales en los que pueden confiar.<\/p>\n<p>Haremos todo lo que est\u00e9 en nuestras manos para ayudarle a recuperar la m\u00e1xima compensaci\u00f3n monetaria por la p\u00e9rdida de su ser querido. Nos centramos agresivamente en recibir una indemnizaci\u00f3n por la p\u00e9rdida de amor, compa\u00f1\u00eda, comodidad y sociedad de su ser querido, as\u00ed como el valor de sus, ingresos y servicios dom\u00e9sticos.<\/p>\n<p>Estamos a su disposici\u00f3n en\u00a0<span class=\"nap-item nap-item--name\">Freeman &amp; Freeman, LLP<\/span>. Nos complace tener la oportunidad de servirle a usted y a su familia y de acelerarles a todos hacia un futuro m\u00e1s feliz y saludable.<\/p>\n<h2>Llame para una consulta gratuita y confidencial<\/h2>\n<p>P\u00f3ngase en contacto con nuestros abogados en\u00a0<span class=\"nap-item nap-item--name\">Freeman &amp; Freeman, LLP<\/span>si las lesiones graves o la p\u00e9rdida de un ser querido han puesto su mundo patas arriba. Llame a\u00a0<span class=\"nap-item nap-item--phone\"><a role=\"link\" href=\"tel:+1-818-992-2919\" data-wpel-link=\"internal\">818-992-2919<\/a><\/span>\u00a0o<a role=\"link\" href=\"https:\/\/freeman-freeman.com\/es\/pongase-en-contacto-con\/\" data-wpel-link=\"internal\">\u00a0rellene nuestro formulario de contacto en l\u00ednea<\/a>\u00a0para programar su consulta inicial gratuita con nosotros.<\/p>\n<p>Apreciar\u00e1 nuestra tradici\u00f3n de 30 a\u00f1os de experiencia, compromiso, pasi\u00f3n y resultados que aportamos a la tarea de ayudar a su familia.<\/p>","protected":false},"excerpt":{"rendered":"<p>Woodland Hills Wrongful Death Attorney Protecting Your Rights After The Loss Of A Loved One Our full-service, statewide car accident personal injury law firm of\u00a0Freeman &amp; Freeman, LLP, accepts the injury cases of all Californians, from accidents large and small. Every car accident client, every outcome, is serious business to us. Even what may seem &hellip; <\/p>\n<p class=\"link-more\"><a href=\"https:\/\/freeman-freeman.com\/es\/woodland-hills-wrongful-death-lawyer\/\" class=\"more-link\">Seguir leyendo<span class=\"screen-reader-text\"> &#8220;Woodland Hills Wrongful Death Lawyer&#8221;<\/span><\/a><\/p>","protected":false},"author":1,"featured_media":0,"parent":0,"menu_order":0,"comment_status":"closed","ping_status":"closed","template":"","meta":{"_acf_changed":false,"footnotes":""},"class_list":["post-205","page","type-page","status-publish","hentry","entry"],"acf":[],"yoast_head":"<!-- This site is optimized with the Yoast SEO plugin v27.5 - https:\/\/yoast.com\/product\/yoast-seo-wordpress\/ -->\n<title>Woodland Hills Wrongful Death Lawyer - Free Consultation<\/title>\n<meta name=\"description\" content=\"Facing a wrongful death in Woodland Hills? Trust Freeman &amp; Freeman, LLP, your compassionate Woodland Hills wrongful death lawyer. Contact us today!\" \/>\n<meta name=\"robots\" content=\"index, follow, max-snippet:-1, max-image-preview:large, max-video-preview:-1\" \/>\n<link rel=\"canonical\" href=\"https:\/\/freeman-freeman.com\/es\/woodland-hills-abogado-de-muerte-injusta\/\" \/>\n<meta property=\"og:locale\" content=\"es_MX\" \/>\n<meta property=\"og:type\" content=\"article\" \/>\n<meta property=\"og:title\" content=\"Woodland Hills Wrongful Death Lawyer - Free Consultation\" \/>\n<meta property=\"og:description\" content=\"Facing a wrongful death in Woodland Hills? Trust Freeman &amp; Freeman, LLP, your compassionate Woodland Hills wrongful death lawyer. Contact us today!\" \/>\n<meta property=\"og:url\" content=\"https:\/\/freeman-freeman.com\/es\/woodland-hills-abogado-de-muerte-injusta\/\" \/>\n<meta property=\"og:site_name\" content=\"Freeman &amp; Freeman, LLP\" \/>\n<meta property=\"article:publisher\" content=\"https:\/\/www.facebook.com\/FreemanFreemanLaw\" \/>\n<meta property=\"article:modified_time\" content=\"2024-02-07T13:53:01+00:00\" \/>\n<meta property=\"og:image\" content=\"https:\/\/freeman-freeman.com\/wp-content\/uploads\/2023\/12\/sng-pract-img-13.webp\" \/>\n<meta name=\"twitter:card\" content=\"summary_large_image\" \/>\n<meta name=\"twitter:site\" content=\"@FreemanFreeman1\" \/>\n<meta name=\"twitter:label1\" content=\"Tiempo de lectura\" \/>\n\t<meta name=\"twitter:data1\" content=\"3 minutos\" \/>\n<script type=\"application\/ld+json\" class=\"yoast-schema-graph\">{\"@context\":\"https:\\\/\\\/schema.org\",\"@graph\":[{\"@type\":\"WebPage\",\"@id\":\"https:\\\/\\\/freeman-freeman.com\\\/woodland-hills-wrongful-death-lawyer\\\/\",\"url\":\"https:\\\/\\\/freeman-freeman.com\\\/woodland-hills-wrongful-death-lawyer\\\/\",\"name\":\"Woodland Hills Wrongful Death Lawyer - Free Consultation\",\"isPartOf\":{\"@id\":\"https:\\\/\\\/freeman-freeman.com\\\/#website\"},\"primaryImageOfPage\":{\"@id\":\"https:\\\/\\\/freeman-freeman.com\\\/woodland-hills-wrongful-death-lawyer\\\/#primaryimage\"},\"image\":{\"@id\":\"https:\\\/\\\/freeman-freeman.com\\\/woodland-hills-wrongful-death-lawyer\\\/#primaryimage\"},\"thumbnailUrl\":\"https:\\\/\\\/freeman-freeman.com\\\/wp-content\\\/uploads\\\/2023\\\/12\\\/sng-pract-img-13.webp\",\"datePublished\":\"2023-11-18T12:45:50+00:00\",\"dateModified\":\"2024-02-07T13:53:01+00:00\",\"description\":\"Facing a wrongful death in Woodland Hills? Trust Freeman & Freeman, LLP, your compassionate Woodland Hills wrongful death lawyer. Contact us today!\",\"inLanguage\":\"es\",\"potentialAction\":[{\"@type\":\"ReadAction\",\"target\":[\"https:\\\/\\\/freeman-freeman.com\\\/woodland-hills-wrongful-death-lawyer\\\/\"]}]},{\"@type\":\"ImageObject\",\"inLanguage\":\"es\",\"@id\":\"https:\\\/\\\/freeman-freeman.com\\\/woodland-hills-wrongful-death-lawyer\\\/#primaryimage\",\"url\":\"https:\\\/\\\/freeman-freeman.com\\\/wp-content\\\/uploads\\\/2023\\\/12\\\/sng-pract-img-13.webp\",\"contentUrl\":\"https:\\\/\\\/freeman-freeman.com\\\/wp-content\\\/uploads\\\/2023\\\/12\\\/sng-pract-img-13.webp\"},{\"@type\":\"WebSite\",\"@id\":\"https:\\\/\\\/freeman-freeman.com\\\/#website\",\"url\":\"https:\\\/\\\/freeman-freeman.com\\\/\",\"name\":\"Freeman &amp; Freeman, LLP\",\"description\":\"\",\"publisher\":{\"@id\":\"https:\\\/\\\/freeman-freeman.com\\\/#organization\"},\"potentialAction\":[{\"@type\":\"SearchAction\",\"target\":{\"@type\":\"EntryPoint\",\"urlTemplate\":\"https:\\\/\\\/freeman-freeman.com\\\/?s={search_term_string}\"},\"query-input\":{\"@type\":\"PropertyValueSpecification\",\"valueRequired\":true,\"valueName\":\"search_term_string\"}}],\"inLanguage\":\"es\"},{\"@type\":\"Organization\",\"@id\":\"https:\\\/\\\/freeman-freeman.com\\\/#organization\",\"name\":\"Freeman & Freeman, LLP\",\"url\":\"https:\\\/\\\/freeman-freeman.com\\\/\",\"logo\":{\"@type\":\"ImageObject\",\"inLanguage\":\"es\",\"@id\":\"https:\\\/\\\/freeman-freeman.com\\\/#\\\/schema\\\/logo\\\/image\\\/\",\"url\":\"https:\\\/\\\/freeman-freeman.com\\\/wp-content\\\/uploads\\\/2024\\\/01\\\/logo.jpg\",\"contentUrl\":\"https:\\\/\\\/freeman-freeman.com\\\/wp-content\\\/uploads\\\/2024\\\/01\\\/logo.jpg\",\"width\":674,\"height\":104,\"caption\":\"Freeman & Freeman, LLP\"},\"image\":{\"@id\":\"https:\\\/\\\/freeman-freeman.com\\\/#\\\/schema\\\/logo\\\/image\\\/\"},\"sameAs\":[\"https:\\\/\\\/www.facebook.com\\\/FreemanFreemanLaw\",\"https:\\\/\\\/x.com\\\/FreemanFreeman1\",\"https:\\\/\\\/www.linkedin.com\\\/company\\\/freeman-freeman-llp\"]}]}<\/script>\n<!-- \/ Yoast SEO plugin. -->","yoast_head_json":{"title":"Woodland Hills Abogado de Muerte Injusta - Consulta Gratis","description":"\u00bfSe enfrenta a una muerte por negligencia en Woodland Hills? Conf\u00ede en Freeman &amp; Freeman, LLP, su abogado compasivo de muerte por negligencia en Woodland Hills. \u00a1P\u00f3ngase en contacto con nosotros hoy!","robots":{"index":"index","follow":"follow","max-snippet":"max-snippet:-1","max-image-preview":"max-image-preview:large","max-video-preview":"max-video-preview:-1"},"canonical":"https:\/\/freeman-freeman.com\/es\/woodland-hills-abogado-de-muerte-injusta\/","og_locale":"es_MX","og_type":"article","og_title":"Woodland Hills Wrongful Death Lawyer - Free Consultation","og_description":"Facing a wrongful death in Woodland Hills? Trust Freeman & Freeman, LLP, your compassionate Woodland Hills wrongful death lawyer. Contact us today!","og_url":"https:\/\/freeman-freeman.com\/es\/woodland-hills-abogado-de-muerte-injusta\/","og_site_name":"Freeman &amp; Freeman, LLP","article_publisher":"https:\/\/www.facebook.com\/FreemanFreemanLaw","article_modified_time":"2024-02-07T13:53:01+00:00","og_image":[{"url":"https:\/\/freeman-freeman.com\/wp-content\/uploads\/2023\/12\/sng-pract-img-13.webp","type":"","width":"","height":""}],"twitter_card":"summary_large_image","twitter_site":"@FreemanFreeman1","twitter_misc":{"Tiempo de lectura":"3 minutos"},"schema":{"@context":"https:\/\/schema.org","@graph":[{"@type":"WebPage","@id":"https:\/\/freeman-freeman.com\/woodland-hills-wrongful-death-lawyer\/","url":"https:\/\/freeman-freeman.com\/woodland-hills-wrongful-death-lawyer\/","name":"Woodland Hills Abogado de Muerte Injusta - Consulta Gratis","isPartOf":{"@id":"https:\/\/freeman-freeman.com\/#website"},"primaryImageOfPage":{"@id":"https:\/\/freeman-freeman.com\/woodland-hills-wrongful-death-lawyer\/#primaryimage"},"image":{"@id":"https:\/\/freeman-freeman.com\/woodland-hills-wrongful-death-lawyer\/#primaryimage"},"thumbnailUrl":"https:\/\/freeman-freeman.com\/wp-content\/uploads\/2023\/12\/sng-pract-img-13.webp","datePublished":"2023-11-18T12:45:50+00:00","dateModified":"2024-02-07T13:53:01+00:00","description":"\u00bfSe enfrenta a una muerte por negligencia en Woodland Hills? Conf\u00ede en Freeman &amp; Freeman, LLP, su abogado compasivo de muerte por negligencia en Woodland Hills. \u00a1P\u00f3ngase en contacto con nosotros hoy!","inLanguage":"es","potentialAction":[{"@type":"ReadAction","target":["https:\/\/freeman-freeman.com\/woodland-hills-wrongful-death-lawyer\/"]}]},{"@type":"ImageObject","inLanguage":"es","@id":"https:\/\/freeman-freeman.com\/woodland-hills-wrongful-death-lawyer\/#primaryimage","url":"https:\/\/freeman-freeman.com\/wp-content\/uploads\/2023\/12\/sng-pract-img-13.webp","contentUrl":"https:\/\/freeman-freeman.com\/wp-content\/uploads\/2023\/12\/sng-pract-img-13.webp"},{"@type":"WebSite","@id":"https:\/\/freeman-freeman.com\/#website","url":"https:\/\/freeman-freeman.com\/","name":"Freeman &amp; Freeman, LLP","description":"","publisher":{"@id":"https:\/\/freeman-freeman.com\/#organization"},"potentialAction":[{"@type":"SearchAction","target":{"@type":"EntryPoint","urlTemplate":"https:\/\/freeman-freeman.com\/?s={search_term_string}"},"query-input":{"@type":"PropertyValueSpecification","valueRequired":true,"valueName":"search_term_string"}}],"inLanguage":"es"},{"@type":"Organization","@id":"https:\/\/freeman-freeman.com\/#organization","name":"Freeman &amp; Freeman, LLP","url":"https:\/\/freeman-freeman.com\/","logo":{"@type":"ImageObject","inLanguage":"es","@id":"https:\/\/freeman-freeman.com\/#\/schema\/logo\/image\/","url":"https:\/\/freeman-freeman.com\/wp-content\/uploads\/2024\/01\/logo.jpg","contentUrl":"https:\/\/freeman-freeman.com\/wp-content\/uploads\/2024\/01\/logo.jpg","width":674,"height":104,"caption":"Freeman & Freeman, LLP"},"image":{"@id":"https:\/\/freeman-freeman.com\/#\/schema\/logo\/image\/"},"sameAs":["https:\/\/www.facebook.com\/FreemanFreemanLaw","https:\/\/x.com\/FreemanFreeman1","https:\/\/www.linkedin.com\/company\/freeman-freeman-llp"]}]}},"_links":{"self":[{"href":"https:\/\/freeman-freeman.com\/es\/wp-json\/wp\/v2\/pages\/205","targetHints":{"allow":["GET"]}}],"collection":[{"href":"https:\/\/freeman-freeman.com\/es\/wp-json\/wp\/v2\/pages"}],"about":[{"href":"https:\/\/freeman-freeman.com\/es\/wp-json\/wp\/v2\/types\/page"}],"author":[{"embeddable":true,"href":"https:\/\/freeman-freeman.com\/es\/wp-json\/wp\/v2\/users\/1"}],"replies":[{"embeddable":true,"href":"https:\/\/freeman-freeman.com\/es\/wp-json\/wp\/v2\/comments?post=205"}],"version-history":[{"count":7,"href":"https:\/\/freeman-freeman.com\/es\/wp-json\/wp\/v2\/pages\/205\/revisions"}],"predecessor-version":[{"id":1984,"href":"https:\/\/freeman-freeman.com\/es\/wp-json\/wp\/v2\/pages\/205\/revisions\/1984"}],"wp:attachment":[{"href":"https:\/\/freeman-freeman.com\/es\/wp-json\/wp\/v2\/media?parent=205"}],"curies":[{"name":"wp","href":"https:\/\/api.w.org\/{rel}","templated":true}]}}