{"id":209,"date":"2023-11-18T13:34:22","date_gmt":"2023-11-18T13:34:22","guid":{"rendered":"https:\/\/freeman-freeman.com\/?page_id=209"},"modified":"2025-12-18T10:20:01","modified_gmt":"2025-12-18T10:20:01","slug":"freeman-stan-h","status":"publish","type":"page","link":"https:\/\/freeman-freeman.com\/es\/about\/freeman-stan-h\/","title":{"rendered":"Stan H. Freeman"},"content":{"rendered":"<div class=\"single-atrny-sec\">\n<div class=\"single-atrny-lft\"><img loading=\"lazy\" decoding=\"async\" src=\"https:\/\/freeman-freeman.com\/wp-content\/uploads\/2024\/02\/freeman-stan-sgl.webp\" alt=\"\" width=\"413\" height=\"482\" \/><\/div>\n<div class=\"single-atrny-rgt\">\n<h3>STAN H. FREEMAN<\/h3>\n<h4>Socio<\/h4>\n<div class=\"single-atrny-conts\">\n<div class=\"single-atrny-conts-lft\">\n<div class=\"atrny-loc\">\n<h5>Ubicaci\u00f3n:<\/h5>\n<p>21900 Burbank Blvd,<br \/>\nTercera planta<br \/>\nWoodland Hills, CA 91367<\/p>\n<\/div>\n<div class=\"atrny-fx\">\n<h5>Fax:<\/h5>\n<h6>818-992-2940<\/h6>\n<\/div>\n<div class=\"atrny-mali\"><a href=\"#\">\t<a class=\"paoc-popup-click paoc-popup-cust-89 paoc-popup-button paoc-popup-btn popup-form\" href=\"javascript:void(0);\">Env\u00edame un correo electr\u00f3nico<\/a>\r\n<\/a><\/div>\n<\/div>\n<div class=\"single-atrny-conts-rgt\">\n<div class=\"atrny-phn\">\n<h5>Tel\u00e9fono:<\/h5>\n<p><a href=\"tel:8189922919\">818-992-2919<\/a><\/p>\n<\/div>\n<div class=\"atrny-scl\">\n<h5>Conecta:<\/h5>\n<div class=\"scl-icns\"><a class=\"fb\" href=\"https:\/\/www.facebook.com\/FreemanFreemanLaw\" target=\"_blank\" rel=\"noopener\">Facebook<\/a><a class=\"lnk\" href=\"https:\/\/www.linkedin.com\/company\/freeman-freeman-llp\" target=\"_blank\" rel=\"noopener\">Linkedin<\/a><a class=\"tw\" href=\"https:\/\/twitter.com\/FreemanFreeman1\" target=\"_blank\" rel=\"noopener\">Twitter<\/a><\/div>\n<\/div>\n<div class=\"atrny-bdge\"><img loading=\"lazy\" decoding=\"async\" src=\"https:\/\/freeman-freeman.com\/wp-content\/uploads\/2023\/11\/atrny-badge.png\" alt=\"\" width=\"115\" height=\"96\" \/><\/div>\n<\/div>\n<\/div>\n<\/div>\n<\/div>\n<h3>Abogado de lesiones personales<\/h3>\n<p>Como socio del bufete de abogados Freeman &amp; Freeman, LLP, el impresionante historial de Stan Freeman, tanto dentro como fuera de los tribunales, es bien conocido por sus adversarios. Las compa\u00f1\u00edas de seguros y los abogados defensores por igual, en un per\u00edodo relativamente corto de tiempo, se encuentran tratando de negociar acuerdos tempranos en lugar de arriesgarse a llevar el caso a juicio. Esto se basa en los veredictos del jurado consistentemente grandes clientes de Freeman &amp; Freeman, LLP han recibido a lo largo de los a\u00f1os.<\/p>\n<p>Stan Freeman se especializa en todo tipo de asuntos de lesiones personales, incluyendo accidentes de muerte por negligencia,\u00a0<a href=\"https:\/\/freeman-freeman.com\/es\/woodland-hills-abogado-de-accidente-de-coche\/\" rel=\"noopener noreferrer\" data-wpel-link=\"external\">accidentes de tr\u00e1fico<\/a>,\u00a0<a href=\"https:\/\/freeman-freeman.com\/es\/woodland-hills-rideshare-accidente-abogado\/\" rel=\"noopener noreferrer\" data-wpel-link=\"external\">accidentes en veh\u00edculos compartidos<\/a>accidentes de motocicleta, accidentes de cami\u00f3n, accidentes de bicicleta, accidentes de resbal\u00f3n y ca\u00edda, lesiones de compensaci\u00f3n de trabajadores, y\u00a0<a href=\"https:\/\/freeman-freeman.com\/es\/woodland-hills-abogado-de-mordedura-de-perro\/\" rel=\"noopener noreferrer\" data-wpel-link=\"external\">lesiones por mordedura de perro<\/a>. Para ejemplos de algunos de los casos recientes manejados y los resultados obtenidos, por favor refi\u00e9rase a nuestros resultados de casos recientes. Numerosos clientes de Stan Freeman han recibido acuerdos o resultados de juicios en sus casos en exceso de $1 millones.<\/p>\n<p>Stan Freeman ha sido miembro activo de la Asociaci\u00f3n de Abogados del Consumidor de Los \u00c1ngeles durante los \u00faltimos quince a\u00f1os, la mayor asociaci\u00f3n de abogados litigantes de los Estados Unidos, dedicada espec\u00edficamente a proteger los intereses del consumidor. Stan Freeman tambi\u00e9n es miembro de la Asociaci\u00f3n de Abogados de Demandantes de California y es un conferenciante invitado frecuente en el campo de los asuntos de lesiones personales. Martindale-Hubbell, la organizaci\u00f3n que califica a los abogados de California, ha otorgado a Stan Freeman una calificaci\u00f3n AV, la calificaci\u00f3n m\u00e1s alta que puede recibir un abogado en el campo de las lesiones personales.<\/p>\n<h2>\u00c1reas de pr\u00e1ctica<\/h2>\n<ul>\n<li><a href=\"https:\/\/freeman-freeman.com\/es\/woodland-hills-abogado-de-lesiones-personales\/\">Lesiones Personales : Incluyendo Accidentes de Coche y Responsabilidad de Locales<\/a><\/li>\n<li><a href=\"https:\/\/freeman-freeman.com\/es\/woodland-hills-rideshare-accidente-abogado\/\">Accidentes de tr\u00e1fico<\/a><\/li>\n<li><a href=\"https:\/\/freeman-freeman.com\/es\/woodland-hills-abogado-de-accidente-de-motocicleta\/\">Accidentes de moto<\/a><\/li>\n<li><a href=\"https:\/\/freeman-freeman.com\/es\/woodland-hills-abogado-de-accidente-de-camion\/\">Accidentes de cami\u00f3n<\/a><\/li>\n<li><a href=\"https:\/\/freeman-freeman.com\/es\/woodland-hills-abogado-de-accidente-de-coche\/\">Accidentes de tr\u00e1fico<\/a><\/li>\n<li><a href=\"https:\/\/freeman-freeman.com\/es\/woodland-hills-abogado-de-mordedura-de-perro\/\">Mordeduras de perro<\/a><\/li>\n<li><a href=\"https:\/\/freeman-freeman.com\/es\/woodland-hills-resbalon-y-caida-abogado\/\">Resbalones y ca\u00eddas<\/a><\/li>\n<\/ul>\n<h2>Admisi\u00f3n en el bar<\/h2>\n<ul>\n<li>California<\/li>\n<\/ul>\n<h2>Educaci\u00f3n<\/h2>\n<ul>\n<li><strong>Facultad de Derecho de la Universidad Southwestern<\/strong>, Los \u00c1ngeles, California\n<ul>\n<li>J.D.<\/li>\n<\/ul>\n<\/li>\n<li><strong>Universidad de California Santa B\u00e1rbara<\/strong>Santa Barbara, California\n<ul>\n<li>B.A.<\/li>\n<li>Especializaci\u00f3n: Ciencias Pol\u00edticas<\/li>\n<\/ul>\n<\/li>\n<\/ul>\n<h2>Clases y seminarios<\/h2>\n<ul>\n<li>Conferenciante invitado frecuente, Asuntos de da\u00f1os personales<\/li>\n<\/ul>\n<h2>Honores<\/h2>\n<ul>\n<li>M\u00e1xima calificaci\u00f3n AV Preeminent<\/li>\n<li>Calificaci\u00f3n Super Lawyers<\/li>\n<li>10.0 Sobresaliente Calificaci\u00f3n Avvo<\/li>\n<\/ul>\n<h2>Asociaciones profesionales<\/h2>\n<ul>\n<li>Defensores de los consumidores de California<\/li>\n<li>Abogados del Consumidor de California<\/li>\n<li>Asociaci\u00f3n de Abogados del Consumidor de Los \u00c1ngeles<\/li>\n<li>Colegio de Abogados de California<\/li>\n<li>Colegio de Abogados del Valle de San Fernando<\/li>\n<li>Colegio de Abogados de Los \u00c1ngeles<\/li>\n<li>Asociaci\u00f3n de Abogados de Demandantes de California<\/li>\n<li>Asociaci\u00f3n de Abogados Litigantes de Am\u00e9rica<\/li>\n<li>Asociaci\u00f3n de Abogados Litigantes de California<\/li>\n<\/ul>","protected":false},"excerpt":{"rendered":"<p>STAN H. FREEMAN Partner Location: 21900 Burbank Blvd, Third Floor Woodland Hills, CA 91367 Fax: 818-992-2940 Phone: 818-992-2919 Connect: FacebookLinkedinTwitter Personal Injury Attorney As a partner in the law firm of Freeman &amp; Freeman, LLP, Stan Freeman&#8217;s impressive record, both in and out of the courtroom, is well known by his adversaries. Insurance carriers and &hellip; <\/p>\n<p class=\"link-more\"><a href=\"https:\/\/freeman-freeman.com\/es\/about\/freeman-stan-h\/\" class=\"more-link\">Seguir leyendo<span class=\"screen-reader-text\"> &#8220;Stan H. Freeman&#8221;<\/span><\/a><\/p>","protected":false},"author":1,"featured_media":0,"parent":113,"menu_order":0,"comment_status":"closed","ping_status":"closed","template":"","meta":{"_acf_changed":false,"footnotes":""},"class_list":["post-209","page","type-page","status-publish","hentry","entry"],"acf":[],"yoast_head":"<!-- This site is optimized with the Yoast SEO plugin v27.5 - https:\/\/yoast.com\/product\/yoast-seo-wordpress\/ -->\n<title>Freeman, Stan H. | Freeman &amp; Freeman, LLP<\/title>\n<meta name=\"description\" content=\"California Auto Accident, Personal Injury and Wrongful Death Attorneys Stan H. Freeman Woodland Hills, California Partner, since 1986 Phone 818-992-2919 Fax 818-992-2940 Email me FollowFollowFollow Personal Injury Attorney As a partner in the law firm of Freeman &amp; Freeman, LLP, Stan Freeman&#039;s impressive record, both in and out of the courtroom, is well known by his\" \/>\n<meta name=\"robots\" content=\"index, follow, max-snippet:-1, max-image-preview:large, max-video-preview:-1\" \/>\n<link rel=\"canonical\" href=\"https:\/\/freeman-freeman.com\/es\/acerca-de\/freeman-stan-h\/\" \/>\n<meta property=\"og:locale\" content=\"es_MX\" \/>\n<meta property=\"og:type\" content=\"article\" \/>\n<meta property=\"og:title\" content=\"Freeman, Stan H. | Freeman &amp; Freeman, LLP\" \/>\n<meta property=\"og:description\" content=\"California Auto Accident, Personal Injury and Wrongful Death Attorneys Stan H. Freeman Woodland Hills, California Partner, since 1986 Phone 818-992-2919 Fax 818-992-2940 Email me FollowFollowFollow Personal Injury Attorney As a partner in the law firm of Freeman &amp; Freeman, LLP, Stan Freeman&#039;s impressive record, both in and out of the courtroom, is well known by his\" \/>\n<meta property=\"og:url\" content=\"https:\/\/freeman-freeman.com\/es\/acerca-de\/freeman-stan-h\/\" \/>\n<meta property=\"og:site_name\" content=\"Freeman &amp; Freeman, LLP\" \/>\n<meta property=\"article:publisher\" content=\"https:\/\/www.facebook.com\/FreemanFreemanLaw\" \/>\n<meta property=\"article:modified_time\" content=\"2025-12-18T10:20:01+00:00\" \/>\n<meta property=\"og:image\" content=\"https:\/\/freeman-freeman.com\/wp-content\/uploads\/2024\/02\/freeman-stan-sgl.webp\" \/>\n<meta name=\"twitter:card\" content=\"summary_large_image\" \/>\n<meta name=\"twitter:site\" content=\"@FreemanFreeman1\" \/>\n<meta name=\"twitter:label1\" content=\"Tiempo de lectura\" \/>\n\t<meta name=\"twitter:data1\" content=\"3 minutos\" \/>\n<script type=\"application\/ld+json\" class=\"yoast-schema-graph\">{\"@context\":\"https:\\\/\\\/schema.org\",\"@graph\":[{\"@type\":\"WebPage\",\"@id\":\"https:\\\/\\\/freeman-freeman.com\\\/about\\\/freeman-stan-h\\\/\",\"url\":\"https:\\\/\\\/freeman-freeman.com\\\/about\\\/freeman-stan-h\\\/\",\"name\":\"Freeman, Stan H. | Freeman & Freeman, LLP\",\"isPartOf\":{\"@id\":\"https:\\\/\\\/freeman-freeman.com\\\/#website\"},\"primaryImageOfPage\":{\"@id\":\"https:\\\/\\\/freeman-freeman.com\\\/about\\\/freeman-stan-h\\\/#primaryimage\"},\"image\":{\"@id\":\"https:\\\/\\\/freeman-freeman.com\\\/about\\\/freeman-stan-h\\\/#primaryimage\"},\"thumbnailUrl\":\"https:\\\/\\\/freeman-freeman.com\\\/wp-content\\\/uploads\\\/2024\\\/02\\\/freeman-stan-sgl.webp\",\"datePublished\":\"2023-11-18T13:34:22+00:00\",\"dateModified\":\"2025-12-18T10:20:01+00:00\",\"description\":\"California Auto Accident, Personal Injury and Wrongful Death Attorneys Stan H. Freeman Woodland Hills, California Partner, since 1986 Phone 818-992-2919 Fax 818-992-2940 Email me FollowFollowFollow Personal Injury Attorney As a partner in the law firm of Freeman & Freeman, LLP, Stan Freeman's impressive record, both in and out of the courtroom, is well known by his\",\"breadcrumb\":{\"@id\":\"https:\\\/\\\/freeman-freeman.com\\\/about\\\/freeman-stan-h\\\/#breadcrumb\"},\"inLanguage\":\"es\",\"potentialAction\":[{\"@type\":\"ReadAction\",\"target\":[\"https:\\\/\\\/freeman-freeman.com\\\/about\\\/freeman-stan-h\\\/\"]}]},{\"@type\":\"ImageObject\",\"inLanguage\":\"es\",\"@id\":\"https:\\\/\\\/freeman-freeman.com\\\/about\\\/freeman-stan-h\\\/#primaryimage\",\"url\":\"https:\\\/\\\/freeman-freeman.com\\\/wp-content\\\/uploads\\\/2024\\\/02\\\/freeman-stan-sgl.webp\",\"contentUrl\":\"https:\\\/\\\/freeman-freeman.com\\\/wp-content\\\/uploads\\\/2024\\\/02\\\/freeman-stan-sgl.webp\"},{\"@type\":\"BreadcrumbList\",\"@id\":\"https:\\\/\\\/freeman-freeman.com\\\/about\\\/freeman-stan-h\\\/#breadcrumb\",\"itemListElement\":[{\"@type\":\"ListItem\",\"position\":1,\"name\":\"About Us\",\"item\":\"https:\\\/\\\/freeman-freeman.com\\\/about\\\/\"},{\"@type\":\"ListItem\",\"position\":2,\"name\":\"Stan H. Freeman\"}]},{\"@type\":\"WebSite\",\"@id\":\"https:\\\/\\\/freeman-freeman.com\\\/#website\",\"url\":\"https:\\\/\\\/freeman-freeman.com\\\/\",\"name\":\"Freeman &amp; Freeman, LLP\",\"description\":\"\",\"publisher\":{\"@id\":\"https:\\\/\\\/freeman-freeman.com\\\/#organization\"},\"potentialAction\":[{\"@type\":\"SearchAction\",\"target\":{\"@type\":\"EntryPoint\",\"urlTemplate\":\"https:\\\/\\\/freeman-freeman.com\\\/?s={search_term_string}\"},\"query-input\":{\"@type\":\"PropertyValueSpecification\",\"valueRequired\":true,\"valueName\":\"search_term_string\"}}],\"inLanguage\":\"es\"},{\"@type\":\"Organization\",\"@id\":\"https:\\\/\\\/freeman-freeman.com\\\/#organization\",\"name\":\"Freeman & Freeman, LLP\",\"url\":\"https:\\\/\\\/freeman-freeman.com\\\/\",\"logo\":{\"@type\":\"ImageObject\",\"inLanguage\":\"es\",\"@id\":\"https:\\\/\\\/freeman-freeman.com\\\/#\\\/schema\\\/logo\\\/image\\\/\",\"url\":\"https:\\\/\\\/freeman-freeman.com\\\/wp-content\\\/uploads\\\/2024\\\/01\\\/logo.jpg\",\"contentUrl\":\"https:\\\/\\\/freeman-freeman.com\\\/wp-content\\\/uploads\\\/2024\\\/01\\\/logo.jpg\",\"width\":674,\"height\":104,\"caption\":\"Freeman & Freeman, LLP\"},\"image\":{\"@id\":\"https:\\\/\\\/freeman-freeman.com\\\/#\\\/schema\\\/logo\\\/image\\\/\"},\"sameAs\":[\"https:\\\/\\\/www.facebook.com\\\/FreemanFreemanLaw\",\"https:\\\/\\\/x.com\\\/FreemanFreeman1\",\"https:\\\/\\\/www.linkedin.com\\\/company\\\/freeman-freeman-llp\"]}]}<\/script>\n<!-- \/ Yoast SEO plugin. -->","yoast_head_json":{"title":"Freeman, Stan H. | Freeman &amp; Freeman, LLP","description":"California Auto Accidentes, Lesiones Personales y Homicidio Culposo Abogados Stan H. Freeman Woodland Hills, California Socio, desde 1986 Tel\u00e9fono 818-992-2919 Fax 818-992-2940 Email me FollowFollowFollow Abogado de Lesiones Personales Como socio de la firma de abogados de Freeman y Freeman, LLP, Stan Freeman impresionante historial, tanto dentro como fuera de la sala del tribunal, es bien conocido por su","robots":{"index":"index","follow":"follow","max-snippet":"max-snippet:-1","max-image-preview":"max-image-preview:large","max-video-preview":"max-video-preview:-1"},"canonical":"https:\/\/freeman-freeman.com\/es\/acerca-de\/freeman-stan-h\/","og_locale":"es_MX","og_type":"article","og_title":"Freeman, Stan H. | Freeman & Freeman, LLP","og_description":"California Auto Accident, Personal Injury and Wrongful Death Attorneys Stan H. Freeman Woodland Hills, California Partner, since 1986 Phone 818-992-2919 Fax 818-992-2940 Email me FollowFollowFollow Personal Injury Attorney As a partner in the law firm of Freeman & Freeman, LLP, Stan Freeman's impressive record, both in and out of the courtroom, is well known by his","og_url":"https:\/\/freeman-freeman.com\/es\/acerca-de\/freeman-stan-h\/","og_site_name":"Freeman &amp; Freeman, LLP","article_publisher":"https:\/\/www.facebook.com\/FreemanFreemanLaw","article_modified_time":"2025-12-18T10:20:01+00:00","og_image":[{"url":"https:\/\/freeman-freeman.com\/wp-content\/uploads\/2024\/02\/freeman-stan-sgl.webp","type":"","width":"","height":""}],"twitter_card":"summary_large_image","twitter_site":"@FreemanFreeman1","twitter_misc":{"Tiempo de lectura":"3 minutos"},"schema":{"@context":"https:\/\/schema.org","@graph":[{"@type":"WebPage","@id":"https:\/\/freeman-freeman.com\/about\/freeman-stan-h\/","url":"https:\/\/freeman-freeman.com\/about\/freeman-stan-h\/","name":"Freeman, Stan H. | Freeman &amp; Freeman, LLP","isPartOf":{"@id":"https:\/\/freeman-freeman.com\/#website"},"primaryImageOfPage":{"@id":"https:\/\/freeman-freeman.com\/about\/freeman-stan-h\/#primaryimage"},"image":{"@id":"https:\/\/freeman-freeman.com\/about\/freeman-stan-h\/#primaryimage"},"thumbnailUrl":"https:\/\/freeman-freeman.com\/wp-content\/uploads\/2024\/02\/freeman-stan-sgl.webp","datePublished":"2023-11-18T13:34:22+00:00","dateModified":"2025-12-18T10:20:01+00:00","description":"California Auto Accidentes, Lesiones Personales y Homicidio Culposo Abogados Stan H. Freeman Woodland Hills, California Socio, desde 1986 Tel\u00e9fono 818-992-2919 Fax 818-992-2940 Email me FollowFollowFollow Abogado de Lesiones Personales Como socio de la firma de abogados de Freeman y Freeman, LLP, Stan Freeman impresionante historial, tanto dentro como fuera de la sala del tribunal, es bien conocido por su","breadcrumb":{"@id":"https:\/\/freeman-freeman.com\/about\/freeman-stan-h\/#breadcrumb"},"inLanguage":"es","potentialAction":[{"@type":"ReadAction","target":["https:\/\/freeman-freeman.com\/about\/freeman-stan-h\/"]}]},{"@type":"ImageObject","inLanguage":"es","@id":"https:\/\/freeman-freeman.com\/about\/freeman-stan-h\/#primaryimage","url":"https:\/\/freeman-freeman.com\/wp-content\/uploads\/2024\/02\/freeman-stan-sgl.webp","contentUrl":"https:\/\/freeman-freeman.com\/wp-content\/uploads\/2024\/02\/freeman-stan-sgl.webp"},{"@type":"BreadcrumbList","@id":"https:\/\/freeman-freeman.com\/about\/freeman-stan-h\/#breadcrumb","itemListElement":[{"@type":"ListItem","position":1,"name":"About Us","item":"https:\/\/freeman-freeman.com\/about\/"},{"@type":"ListItem","position":2,"name":"Stan H. Freeman"}]},{"@type":"WebSite","@id":"https:\/\/freeman-freeman.com\/#website","url":"https:\/\/freeman-freeman.com\/","name":"Freeman &amp; Freeman, LLP","description":"","publisher":{"@id":"https:\/\/freeman-freeman.com\/#organization"},"potentialAction":[{"@type":"SearchAction","target":{"@type":"EntryPoint","urlTemplate":"https:\/\/freeman-freeman.com\/?s={search_term_string}"},"query-input":{"@type":"PropertyValueSpecification","valueRequired":true,"valueName":"search_term_string"}}],"inLanguage":"es"},{"@type":"Organization","@id":"https:\/\/freeman-freeman.com\/#organization","name":"Freeman &amp; Freeman, LLP","url":"https:\/\/freeman-freeman.com\/","logo":{"@type":"ImageObject","inLanguage":"es","@id":"https:\/\/freeman-freeman.com\/#\/schema\/logo\/image\/","url":"https:\/\/freeman-freeman.com\/wp-content\/uploads\/2024\/01\/logo.jpg","contentUrl":"https:\/\/freeman-freeman.com\/wp-content\/uploads\/2024\/01\/logo.jpg","width":674,"height":104,"caption":"Freeman & Freeman, LLP"},"image":{"@id":"https:\/\/freeman-freeman.com\/#\/schema\/logo\/image\/"},"sameAs":["https:\/\/www.facebook.com\/FreemanFreemanLaw","https:\/\/x.com\/FreemanFreeman1","https:\/\/www.linkedin.com\/company\/freeman-freeman-llp"]}]}},"_links":{"self":[{"href":"https:\/\/freeman-freeman.com\/es\/wp-json\/wp\/v2\/pages\/209","targetHints":{"allow":["GET"]}}],"collection":[{"href":"https:\/\/freeman-freeman.com\/es\/wp-json\/wp\/v2\/pages"}],"about":[{"href":"https:\/\/freeman-freeman.com\/es\/wp-json\/wp\/v2\/types\/page"}],"author":[{"embeddable":true,"href":"https:\/\/freeman-freeman.com\/es\/wp-json\/wp\/v2\/users\/1"}],"replies":[{"embeddable":true,"href":"https:\/\/freeman-freeman.com\/es\/wp-json\/wp\/v2\/comments?post=209"}],"version-history":[{"count":31,"href":"https:\/\/freeman-freeman.com\/es\/wp-json\/wp\/v2\/pages\/209\/revisions"}],"predecessor-version":[{"id":3029,"href":"https:\/\/freeman-freeman.com\/es\/wp-json\/wp\/v2\/pages\/209\/revisions\/3029"}],"up":[{"embeddable":true,"href":"https:\/\/freeman-freeman.com\/es\/wp-json\/wp\/v2\/pages\/113"}],"wp:attachment":[{"href":"https:\/\/freeman-freeman.com\/es\/wp-json\/wp\/v2\/media?parent=209"}],"curies":[{"name":"wp","href":"https:\/\/api.w.org\/{rel}","templated":true}]}}