{"id":2937,"date":"2024-11-11T10:59:47","date_gmt":"2024-11-11T10:59:47","guid":{"rendered":"https:\/\/freeman-freeman.com\/?page_id=2937"},"modified":"2024-11-11T11:09:57","modified_gmt":"2024-11-11T11:09:57","slug":"abogado-de-accidentes-de-coche-en-northridge","status":"publish","type":"page","link":"https:\/\/freeman-freeman.com\/es\/northridge-car-accident-lawyer\/","title":{"rendered":"Northridge Abogado de Accidente de Coche"},"content":{"rendered":"<div class=\"abt-img\"><img loading=\"lazy\" decoding=\"async\" class=\"alignnone wp-image-2959 size-full\" title=\"abogado de accidente de coche en northridge\" src=\"https:\/\/freeman-freeman.com\/wp-content\/uploads\/2024\/11\/car-accident-lawyer-in-northridge.webp\" alt=\"abogado de accidente de coche en northridge\" width=\"800\" height=\"400\" srcset=\"https:\/\/freeman-freeman.com\/wp-content\/uploads\/2024\/11\/car-accident-lawyer-in-northridge.webp 800w, https:\/\/freeman-freeman.com\/wp-content\/uploads\/2024\/11\/car-accident-lawyer-in-northridge-300x150.webp 300w, https:\/\/freeman-freeman.com\/wp-content\/uploads\/2024\/11\/car-accident-lawyer-in-northridge-768x384.webp 768w, https:\/\/freeman-freeman.com\/wp-content\/uploads\/2024\/11\/car-accident-lawyer-in-northridge-18x9.webp 18w\" sizes=\"auto, (max-width: 800px) 100vw, 800px\" \/><\/div>\n<h2>Northridge Abogado de Accidente de Coche<\/h2>\n<p>Los accidentes automovil\u00edsticos son una realidad desafortunada para muchos conductores, y cuando ocurren, pueden dejar a las v\u00edctimas lidiando con serias cargas f\u00edsicas, emocionales y financieras. Si usted ha estado involucrado en un accidente de coche en Northridge, es crucial tener un <strong>Northridge abogado de accidente de coche<\/strong> de tu lado.<\/p>\n<p>A <a href=\"https:\/\/freeman-freeman.com\/es\/abogado-de-lesiones-personales-northridge\/\">Northridge abogado de lesiones personales<\/a> de la oficina de <a href=\"https:\/\/freeman-freeman.com\/es\/acerca-de\/\">Freeman &amp; Freeman, LLP<\/a>est\u00e1 listo para guiarlo a trav\u00e9s de las secuelas, proporcionar asesoramiento y representarlo para asegurarse de que reciba una compensaci\u00f3n justa por los da\u00f1os de su accidente automovil\u00edstico.<\/p>\n<h2>\u00bfPor qu\u00e9 necesita un abogado de accidente de coche Northridge?<\/h2>\n<p>Navegar por las complejidades legales despu\u00e9s de un accidente de veh\u00edculo de motor puede ser abrumador, especialmente cuando usted tambi\u00e9n est\u00e1 tratando con el impacto de sus lesiones. Muchas v\u00edctimas de accidentes se enfrentan a desaf\u00edos al tratar de manejar sus reclamos de seguros, negociar con las compa\u00f1\u00edas de seguros, y construir un caso s\u00f3lido para la compensaci\u00f3n.<\/p>\n<p>Un abogado de Northridge accidente de coche puede ayudar mediante la investigaci\u00f3n de los detalles de su accidente, tratar con los ajustadores de seguros, y trabajar para maximizar la cantidad que se recupera de las facturas m\u00e9dicas, salarios perdidos, y otros da\u00f1os.<\/p>\n<h2>Causas comunes de accidentes de coche en Northridge<\/h2>\n<p>Northridge es una zona muy transitada, con una mezcla de barrios residenciales, zonas comerciales y zonas en construcci\u00f3n, todo lo cual contribuye al riesgo de <a href=\"https:\/\/freeman-freeman.com\/es\/blog\/estadisticas-de-accidentes-de-coche-en-california\/\">accidentes de tr\u00e1fico<\/a>.<\/p>\n<p><strong>Algunas de las causas m\u00e1s comunes de accidentes en <a href=\"https:\/\/en.wikipedia.org\/wiki\/Northridge,_Los_Angeles\" target=\"_blank\" rel=\"noopener\">Northridge<\/a> incluyen:<\/strong><\/p>\n<ul>\n<li><strong>Conducci\u00f3n distra\u00edda.<\/strong> Una de las principales causas de accidentes, en la que a menudo intervienen los mensajes de texto, hablar por tel\u00e9fono, utilizar aplicaciones de navegaci\u00f3n, trastear con la radio y otras distracciones que desv\u00edan la atenci\u00f3n de la carretera.<\/li>\n<li><strong>Exceso de velocidad.<\/strong> Superar el l\u00edmite de velocidad establecido puede hacerle perder el control de su veh\u00edculo y tardar m\u00e1s en detenerse, lo que puede provocar accidentes m\u00e1s graves.<\/li>\n<li><strong>Conducir bajo los efectos del alcohol.<\/strong> El alcohol y las drogas alteran el juicio y reducen el tiempo de reacci\u00f3n, lo que puede provocar accidentes devastadores.<\/li>\n<li><strong>Conducci\u00f3n temeraria.<\/strong> Los adelantamientos, los cambios de carril agresivos y otros comportamientos peligrosos suelen provocar accidentes graves.<\/li>\n<li><strong>Saltarse sem\u00e1foros en rojo o se\u00f1ales de stop.<\/strong> No respetar las se\u00f1ales de tr\u00e1fico es una causa frecuente de colisiones en zonas residenciales y en cruces muy transitados.<\/li>\n<li><strong>Mal estado de las carreteras.<\/strong> Los baches, las marcas viales descoloridas y la iluminaci\u00f3n insuficiente pueden contribuir a los accidentes, sobre todo de noche o cuando hace mal tiempo.<\/li>\n<\/ul>\n<p>Cada accidente de coche es \u00fanico, y la determinaci\u00f3n de la responsabilidad es clave para obtener una indemnizaci\u00f3n. Un abogado de accidentes de coche Northridge puede ayudar a investigar las circunstancias que rodearon el accidente para determinar qui\u00e9n tuvo la culpa, si se trata de varios veh\u00edculos o un simple choque.<\/p>\n<h2>Lesiones frecuentes en accidentes de tr\u00e1fico<\/h2>\n<p>Los accidentes de tr\u00e1fico pueden provocar lesiones muy diversas, desde leves hasta potencialmente mortales. <strong>Algunas de las lesiones m\u00e1s comunes en los accidentes de tr\u00e1fico son:<\/strong><\/p>\n<ul>\n<li><strong>Whiplash.<\/strong> Una de las lesiones automovil\u00edsticas m\u00e1s frecuentes se produce cuando la cabeza es sacudida bruscamente hacia delante o hacia atr\u00e1s, da\u00f1ando los m\u00fasculos del cuello.<\/li>\n<li><strong>Huesos rotos.<\/strong> Las fracturas y roturas son frecuentes en las colisiones, sobre todo en las de gran impacto.<\/li>\n<li><strong>Lesiones cerebrales traum\u00e1ticas (TBI):<\/strong> Se producen cuando la cabeza recibe un golpe violento o una sacudida, lo que provoca da\u00f1os cerebrales permanentes o a largo plazo que pueden afectar gravemente a la vida.<\/li>\n<li><strong>Lesiones medulares.<\/strong> Los da\u00f1os graves en la columna vertebral pueden provocar par\u00e1lisis parcial o total.<\/li>\n<li><strong>Cortes y laceraciones.<\/strong> Los cristales rotos o los restos del accidente pueden causar graves cortes y contusiones, algunos de los cuales requieren puntos de sutura o cirug\u00eda.<\/li>\n<\/ul>\n<p>Independientemente de la gravedad de sus lesiones, es importante buscar atenci\u00f3n m\u00e9dica inmediatamente despu\u00e9s de un accidente y seguir todos los planes de tratamiento recomendados. Estos registros m\u00e9dicos pueden desempe\u00f1ar un papel fundamental en su caso a la hora de solicitar una indemnizaci\u00f3n.<\/p>\n<h2>El proceso legal de una reclamaci\u00f3n por accidente de tr\u00e1fico<\/h2>\n<p>La presentaci\u00f3n de una demanda por accidente de coche implica varios pasos, y tener el equipo de Freeman y Freeman, LLP, de su lado puede ayudar a asegurar que el proceso se maneja sin problemas. Aqu\u00ed est\u00e1n las principales etapas involucradas:<\/p>\n<ol>\n<li><strong>Presentaci\u00f3n de una<a href=\"https:\/\/www.dmv.ca.gov\/portal\/driver-education-and-safety\/educational-materials\/fast-facts\/vehicle-collisions-ffdl-16\/\" target=\"_blank\" rel=\"noopener\"> informe policial<\/a>.<\/strong> Despu\u00e9s de cualquier accidente de coche, es esencial avisar a la polic\u00eda y presentar un informe oficial del accidente. Este informe puede servir como prueba clave para tu reclamaci\u00f3n.<\/li>\n<li><strong>Buscar atenci\u00f3n m\u00e9dica.<\/strong> Tras el accidente, es crucial que reciba tratamiento m\u00e9dico inmediato para sus lesiones, incluso si cree que no ha resultado herido. Algunas lesiones pueden no ser evidentes de inmediato.<\/li>\n<li><strong>Notif\u00edquelo a su compa\u00f1\u00eda de seguros.<\/strong> P\u00f3ngase en contacto con su compa\u00f1\u00eda de seguros para informar del accidente lo antes posible e iniciar los tr\u00e1mites. <a href=\"https:\/\/www.insurance.ca.gov\/01-consumers\/105-type\/95-guides\/01-auto\/hadaccident.cfm\" target=\"_blank\" rel=\"noopener\">proceso de reclamaci\u00f3n<\/a>. Tenga cuidado al hablar con los peritos de seguros, ya que pueden intentar minimizar su indemnizaci\u00f3n.<\/li>\n<li><strong>Consulte a un abogado.<\/strong> Es muy aconsejable consultar a un abogado de accidentes de coche en Northridge que pueda proporcionarle asesoramiento legal para su caso. Su abogado puede reunir pruebas, negociar con las compa\u00f1\u00edas de seguros y presentar una reclamaci\u00f3n en su nombre.<\/li>\n<li><strong>Negociar un acuerdo.<\/strong> En muchos casos, se puede llegar a un acuerdo sin necesidad de acudir a los tribunales. Tu abogado puede negociar con la compa\u00f1\u00eda de seguros del conductor culpable para asegurarse de que recibes una indemnizaci\u00f3n suficiente por tus gastos m\u00e9dicos, salarios perdidos y otros da\u00f1os.<\/li>\n<li><strong>Presente una reclamaci\u00f3n si es necesario.<\/strong> Si no se puede llegar a un acuerdo justo, su abogado puede recomendarle presentar una demanda contra la parte responsable y llevar su caso ante los tribunales. Un abogado con experiencia puede representarle durante todo el proceso judicial para garantizar el resultado m\u00e1s favorable.<\/li>\n<\/ol>\n<h2>C\u00f3mo tratar con las compa\u00f1\u00edas de seguros tras un accidente de tr\u00e1fico<\/h2>\n<p>Uno de los aspectos m\u00e1s dif\u00edciles de manejar un caso de accidente de coche es tratar con las compa\u00f1\u00edas de seguros. Los ajustadores de seguros deben responder a todas las reclamaciones dentro de un cierto per\u00edodo de tiempo, y que a menudo tienen como objetivo reducir al m\u00ednimo la cantidad de liquidaci\u00f3n, incluso cuando se merece m\u00e1s.<\/p>\n<p>El equipo de Freeman &amp; Freeman, LLP, entiende estas t\u00e1cticas y puede proteger sus intereses durante todo el proceso de reclamaci\u00f3n. Podemos negociar en su nombre, asegur\u00e1ndose de que no se aprovechan de usted y recibir la cantidad total de la compensaci\u00f3n que se le debe.<\/p>\n<h2>Indemnizaciones para las v\u00edctimas de accidentes de tr\u00e1fico<\/h2>\n<p>Cuando te has visto implicado en un accidente de tr\u00e1fico, puedes tener derecho a varias formas de indemnizaci\u00f3n dependiendo de la gravedad de tus lesiones y de las circunstancias que rodearon el choque. <strong>La retribuci\u00f3n suele incluir:<\/strong><\/p>\n<ul>\n<li><strong>Gastos m\u00e9dicos<\/strong>. Esto incluye atenci\u00f3n de urgencia, hospitalizaci\u00f3n, intervenciones quir\u00fargicas, medicaci\u00f3n, rehabilitaci\u00f3n y cualquier tratamiento m\u00e9dico continuado que sea necesario como consecuencia del accidente.<\/li>\n<li><strong>Salarios perdidos<\/strong>. Si sus lesiones le impiden volver al trabajo, puede tener derecho a una indemnizaci\u00f3n por los ingresos que ha perdido.<\/li>\n<li><strong>Dolor y sufrimiento<\/strong>. Se refiere a la angustia f\u00edsica y emocional causada por el accidente y sus lesiones.<\/li>\n<li><strong>Da\u00f1os materiales<\/strong>. La indemnizaci\u00f3n tambi\u00e9n puede cubrir los gastos de reparaci\u00f3n o sustituci\u00f3n de su veh\u00edculo.<\/li>\n<li><strong>P\u00e9rdida de capacidad de ganancia<\/strong>. Si sus lesiones son de larga duraci\u00f3n o permanentes, puede ser indemnizado por la p\u00e9rdida de ingresos futuros.<\/li>\n<\/ul>\n<p>Un abogado especializado en accidentes de coche en Northridge puede asegurarse de que se tengan en cuenta todos los aspectos de sus da\u00f1os a la hora de solicitar una indemnizaci\u00f3n, proporcion\u00e1ndole una reclamaci\u00f3n completa que refleje la totalidad de sus p\u00e9rdidas.<\/p>\n<h2>Northridge accidente de coche FAQs<\/h2>\n<h3>P: \u00bfCu\u00e1nto tiempo se tarda en resolver una demanda por accidente de coche en Northridge, CA?<\/h3>\n<p><strong>A:<\/strong> El tiempo que se tarda en resolver una demanda por accidente de coche en Northridge, CA var\u00eda dependiendo de la complejidad del caso y la gravedad de las lesiones. Algunos casos pueden resolverse en pocos meses, mientras que otros pueden tardar un a\u00f1o o m\u00e1s si las negociaciones son complejas o si el caso va a juicio.<\/p>\n<h3>P: \u00bfCu\u00e1l es el promedio de liquidaci\u00f3n por latigazo cervical en Northridge, CA?<\/h3>\n<p><strong>A:<\/strong> El importe de la indemnizaci\u00f3n por una lesi\u00f3n de latigazo cervical en un accidente de coche puede depender de la gravedad de la lesi\u00f3n, los gastos m\u00e9dicos incurridos, y el tiempo que la v\u00edctima sufre de los s\u00edntomas. En California, los asentamientos latigazo cervical puede variar ampliamente. Un abogado de accidente de coche Northridge puede ayudar a determinar el valor de su reclamo de latigazo cervical en funci\u00f3n de sus circunstancias espec\u00edficas.<\/p>\n<h3>P: \u00bfC\u00f3mo se pagan los acuerdos de accidente de coche en Northridge, CA?<\/h3>\n<p><strong>A:<\/strong> Las indemnizaciones por accidente de coche en California se pagan normalmente de dos maneras: como una suma global o a trav\u00e9s de un acuerdo estructurado. En un pago de suma global, la v\u00edctima recibe toda la cantidad de liquidaci\u00f3n a la vez, mientras que en un acuerdo estructurado, la indemnizaci\u00f3n se paga con el tiempo en cuotas. Su abogado puede ayudarle a determinar qu\u00e9 opci\u00f3n de pago le conviene en funci\u00f3n de sus necesidades y circunstancias.<\/p>\n<h3>P: \u00bfQu\u00e9 lesiones por accidente de tr\u00e1fico se pagan m\u00e1s?<\/h3>\n<p><strong>A:<\/strong> En general, cuanto m\u00e1s grave es la lesi\u00f3n, mayor es la indemnizaci\u00f3n potencial. Las lesiones por las que m\u00e1s se puede pagar en casos de accidentes de coche pueden ser lesiones cerebrales traum\u00e1ticas, lesiones de la m\u00e9dula espinal, quemaduras graves y lesiones que provocan incapacidad a largo plazo o desfiguraci\u00f3n. Los costes del tratamiento m\u00e9dico, la rehabilitaci\u00f3n, los salarios perdidos y los cuidados a largo plazo son factores que contribuyen al valor de estas reclamaciones.<\/p>\n<h2>La elecci\u00f3n de un abogado eficaz Northridge accidente de coche<\/h2>\n<p>Al elegir un abogado de accidentes de coche, es esencial seleccionar un bufete de abogados con experiencia, un historial probado, y un compromiso con la atenci\u00f3n al cliente. Un abogado eficaz da prioridad a los casos de los clientes, ofreciendo asesoramiento jur\u00eddico personalizado y apoyo en cada paso del camino. Desde la negociaci\u00f3n con las compa\u00f1\u00edas de seguros hasta la representaci\u00f3n en los tribunales, contar con un equipo s\u00f3lido a su lado puede aumentar significativamente sus posibilidades de obtener la indemnizaci\u00f3n que se merece.<\/p>\n<p>La oficina legal de Freeman &amp; Freeman, LLP, se dedica a proporcionar servicios legales personalizados y a luchar por la compensaci\u00f3n que nuestros clientes merecen. Cuando usted nos elige, podemos guiarlo a trav\u00e9s de cada paso del proceso legal, ofreciendo un excelente asesoramiento y representaci\u00f3n agresiva para asegurar el resultado m\u00e1s favorable para su caso. <a href=\"https:\/\/freeman-freeman.com\/es\/pongase-en-contacto-con\/\">P\u00f3ngase en contacto con Freeman &amp; Freeman, LLP<\/a>para programar una consulta y perm\u00edtanos ayudarle a conseguir la justicia y la indemnizaci\u00f3n que se merece.<\/p>","protected":false},"excerpt":{"rendered":"<p>Northridge Car Accident Attorney Car accidents are an unfortunate reality for many drivers, and when they occur, they can leave victims dealing with serious physical, emotional, and financial burdens. If you&#8217;ve been involved in a car crash in Northridge, it&#8217;s crucial to have a Northridge car accident lawyer on your side. A Northridge personal injury &hellip; <\/p>\n<p class=\"link-more\"><a href=\"https:\/\/freeman-freeman.com\/es\/northridge-car-accident-lawyer\/\" class=\"more-link\">Seguir leyendo<span class=\"screen-reader-text\"> &#8220;Northridge Car Accident Lawyer&#8221;<\/span><\/a><\/p>","protected":false},"author":1,"featured_media":0,"parent":0,"menu_order":0,"comment_status":"closed","ping_status":"closed","template":"","meta":{"_acf_changed":false,"footnotes":""},"class_list":["post-2937","page","type-page","status-publish","hentry","entry"],"acf":[],"yoast_head":"<!-- This site is optimized with the Yoast SEO plugin v27.5 - https:\/\/yoast.com\/product\/yoast-seo-wordpress\/ -->\n<title>Northridge Car Accident Lawyer - Free Consultation<\/title>\n<meta name=\"description\" content=\"Northridge Car Accident Lawyer: Freeman &amp; Freeman, LLP fights for fair compensation after car accidents. Get the justice you deserve. Free Consultation.\" \/>\n<meta name=\"robots\" content=\"index, follow, max-snippet:-1, max-image-preview:large, max-video-preview:-1\" \/>\n<link rel=\"canonical\" href=\"https:\/\/freeman-freeman.com\/es\/abogado-de-accidentes-de-coche-en-northridge\/\" \/>\n<meta property=\"og:locale\" content=\"es_MX\" \/>\n<meta property=\"og:type\" content=\"article\" \/>\n<meta property=\"og:title\" content=\"Northridge Car Accident Lawyer - Free Consultation\" \/>\n<meta property=\"og:description\" content=\"Northridge Car Accident Lawyer: Freeman &amp; Freeman, LLP fights for fair compensation after car accidents. Get the justice you deserve. Free Consultation.\" \/>\n<meta property=\"og:url\" content=\"https:\/\/freeman-freeman.com\/es\/abogado-de-accidentes-de-coche-en-northridge\/\" \/>\n<meta property=\"og:site_name\" content=\"Freeman &amp; Freeman, LLP\" \/>\n<meta property=\"article:publisher\" content=\"https:\/\/www.facebook.com\/FreemanFreemanLaw\" \/>\n<meta property=\"article:modified_time\" content=\"2024-11-11T11:09:57+00:00\" \/>\n<meta property=\"og:image\" content=\"https:\/\/freeman-freeman.com\/wp-content\/uploads\/2024\/11\/car-accident-lawyer-in-northridge.webp\" \/>\n\t<meta property=\"og:image:width\" content=\"800\" \/>\n\t<meta property=\"og:image:height\" content=\"400\" \/>\n\t<meta property=\"og:image:type\" content=\"image\/webp\" \/>\n<meta name=\"twitter:card\" content=\"summary_large_image\" \/>\n<meta name=\"twitter:site\" content=\"@FreemanFreeman1\" \/>\n<meta name=\"twitter:label1\" content=\"Tiempo de lectura\" \/>\n\t<meta name=\"twitter:data1\" content=\"7 minutos\" \/>\n<script type=\"application\/ld+json\" class=\"yoast-schema-graph\">{\"@context\":\"https:\\\/\\\/schema.org\",\"@graph\":[{\"@type\":\"WebPage\",\"@id\":\"https:\\\/\\\/freeman-freeman.com\\\/northridge-car-accident-lawyer\\\/\",\"url\":\"https:\\\/\\\/freeman-freeman.com\\\/northridge-car-accident-lawyer\\\/\",\"name\":\"Northridge Car Accident Lawyer - Free Consultation\",\"isPartOf\":{\"@id\":\"https:\\\/\\\/freeman-freeman.com\\\/#website\"},\"primaryImageOfPage\":{\"@id\":\"https:\\\/\\\/freeman-freeman.com\\\/northridge-car-accident-lawyer\\\/#primaryimage\"},\"image\":{\"@id\":\"https:\\\/\\\/freeman-freeman.com\\\/northridge-car-accident-lawyer\\\/#primaryimage\"},\"thumbnailUrl\":\"https:\\\/\\\/freeman-freeman.com\\\/wp-content\\\/uploads\\\/2024\\\/11\\\/car-accident-lawyer-in-northridge.webp\",\"datePublished\":\"2024-11-11T10:59:47+00:00\",\"dateModified\":\"2024-11-11T11:09:57+00:00\",\"description\":\"Northridge Car Accident Lawyer: Freeman & Freeman, LLP fights for fair compensation after car accidents. Get the justice you deserve. Free Consultation.\",\"inLanguage\":\"es\",\"potentialAction\":[{\"@type\":\"ReadAction\",\"target\":[\"https:\\\/\\\/freeman-freeman.com\\\/northridge-car-accident-lawyer\\\/\"]}]},{\"@type\":\"ImageObject\",\"inLanguage\":\"es\",\"@id\":\"https:\\\/\\\/freeman-freeman.com\\\/northridge-car-accident-lawyer\\\/#primaryimage\",\"url\":\"https:\\\/\\\/freeman-freeman.com\\\/wp-content\\\/uploads\\\/2024\\\/11\\\/car-accident-lawyer-in-northridge.webp\",\"contentUrl\":\"https:\\\/\\\/freeman-freeman.com\\\/wp-content\\\/uploads\\\/2024\\\/11\\\/car-accident-lawyer-in-northridge.webp\"},{\"@type\":\"WebSite\",\"@id\":\"https:\\\/\\\/freeman-freeman.com\\\/#website\",\"url\":\"https:\\\/\\\/freeman-freeman.com\\\/\",\"name\":\"Freeman &amp; Freeman, LLP\",\"description\":\"\",\"publisher\":{\"@id\":\"https:\\\/\\\/freeman-freeman.com\\\/#organization\"},\"potentialAction\":[{\"@type\":\"SearchAction\",\"target\":{\"@type\":\"EntryPoint\",\"urlTemplate\":\"https:\\\/\\\/freeman-freeman.com\\\/?s={search_term_string}\"},\"query-input\":{\"@type\":\"PropertyValueSpecification\",\"valueRequired\":true,\"valueName\":\"search_term_string\"}}],\"inLanguage\":\"es\"},{\"@type\":\"Organization\",\"@id\":\"https:\\\/\\\/freeman-freeman.com\\\/#organization\",\"name\":\"Freeman & Freeman, LLP\",\"url\":\"https:\\\/\\\/freeman-freeman.com\\\/\",\"logo\":{\"@type\":\"ImageObject\",\"inLanguage\":\"es\",\"@id\":\"https:\\\/\\\/freeman-freeman.com\\\/#\\\/schema\\\/logo\\\/image\\\/\",\"url\":\"https:\\\/\\\/freeman-freeman.com\\\/wp-content\\\/uploads\\\/2024\\\/01\\\/logo.jpg\",\"contentUrl\":\"https:\\\/\\\/freeman-freeman.com\\\/wp-content\\\/uploads\\\/2024\\\/01\\\/logo.jpg\",\"width\":674,\"height\":104,\"caption\":\"Freeman & Freeman, LLP\"},\"image\":{\"@id\":\"https:\\\/\\\/freeman-freeman.com\\\/#\\\/schema\\\/logo\\\/image\\\/\"},\"sameAs\":[\"https:\\\/\\\/www.facebook.com\\\/FreemanFreemanLaw\",\"https:\\\/\\\/x.com\\\/FreemanFreeman1\",\"https:\\\/\\\/www.linkedin.com\\\/company\\\/freeman-freeman-llp\"]}]}<\/script>\n<!-- \/ Yoast SEO plugin. -->","yoast_head_json":{"title":"Northridge Abogado de Accidente de Coche - Consulta Gratuita","description":"Northridge Abogado de Accidente de Coche: Freeman &amp; Freeman, LLP lucha por una compensaci\u00f3n justa despu\u00e9s de accidentes automovil\u00edsticos. Obtenga la justicia que se merece. Consulta gratuita.","robots":{"index":"index","follow":"follow","max-snippet":"max-snippet:-1","max-image-preview":"max-image-preview:large","max-video-preview":"max-video-preview:-1"},"canonical":"https:\/\/freeman-freeman.com\/es\/abogado-de-accidentes-de-coche-en-northridge\/","og_locale":"es_MX","og_type":"article","og_title":"Northridge Car Accident Lawyer - Free Consultation","og_description":"Northridge Car Accident Lawyer: Freeman & Freeman, LLP fights for fair compensation after car accidents. Get the justice you deserve. Free Consultation.","og_url":"https:\/\/freeman-freeman.com\/es\/abogado-de-accidentes-de-coche-en-northridge\/","og_site_name":"Freeman &amp; Freeman, LLP","article_publisher":"https:\/\/www.facebook.com\/FreemanFreemanLaw","article_modified_time":"2024-11-11T11:09:57+00:00","og_image":[{"width":800,"height":400,"url":"https:\/\/freeman-freeman.com\/wp-content\/uploads\/2024\/11\/car-accident-lawyer-in-northridge.webp","type":"image\/webp"}],"twitter_card":"summary_large_image","twitter_site":"@FreemanFreeman1","twitter_misc":{"Tiempo de lectura":"7 minutos"},"schema":{"@context":"https:\/\/schema.org","@graph":[{"@type":"WebPage","@id":"https:\/\/freeman-freeman.com\/northridge-car-accident-lawyer\/","url":"https:\/\/freeman-freeman.com\/northridge-car-accident-lawyer\/","name":"Northridge Abogado de Accidente de Coche - Consulta Gratuita","isPartOf":{"@id":"https:\/\/freeman-freeman.com\/#website"},"primaryImageOfPage":{"@id":"https:\/\/freeman-freeman.com\/northridge-car-accident-lawyer\/#primaryimage"},"image":{"@id":"https:\/\/freeman-freeman.com\/northridge-car-accident-lawyer\/#primaryimage"},"thumbnailUrl":"https:\/\/freeman-freeman.com\/wp-content\/uploads\/2024\/11\/car-accident-lawyer-in-northridge.webp","datePublished":"2024-11-11T10:59:47+00:00","dateModified":"2024-11-11T11:09:57+00:00","description":"Northridge Abogado de Accidente de Coche: Freeman &amp; Freeman, LLP lucha por una compensaci\u00f3n justa despu\u00e9s de accidentes automovil\u00edsticos. Obtenga la justicia que se merece. Consulta gratuita.","inLanguage":"es","potentialAction":[{"@type":"ReadAction","target":["https:\/\/freeman-freeman.com\/northridge-car-accident-lawyer\/"]}]},{"@type":"ImageObject","inLanguage":"es","@id":"https:\/\/freeman-freeman.com\/northridge-car-accident-lawyer\/#primaryimage","url":"https:\/\/freeman-freeman.com\/wp-content\/uploads\/2024\/11\/car-accident-lawyer-in-northridge.webp","contentUrl":"https:\/\/freeman-freeman.com\/wp-content\/uploads\/2024\/11\/car-accident-lawyer-in-northridge.webp"},{"@type":"WebSite","@id":"https:\/\/freeman-freeman.com\/#website","url":"https:\/\/freeman-freeman.com\/","name":"Freeman &amp; Freeman, LLP","description":"","publisher":{"@id":"https:\/\/freeman-freeman.com\/#organization"},"potentialAction":[{"@type":"SearchAction","target":{"@type":"EntryPoint","urlTemplate":"https:\/\/freeman-freeman.com\/?s={search_term_string}"},"query-input":{"@type":"PropertyValueSpecification","valueRequired":true,"valueName":"search_term_string"}}],"inLanguage":"es"},{"@type":"Organization","@id":"https:\/\/freeman-freeman.com\/#organization","name":"Freeman &amp; Freeman, LLP","url":"https:\/\/freeman-freeman.com\/","logo":{"@type":"ImageObject","inLanguage":"es","@id":"https:\/\/freeman-freeman.com\/#\/schema\/logo\/image\/","url":"https:\/\/freeman-freeman.com\/wp-content\/uploads\/2024\/01\/logo.jpg","contentUrl":"https:\/\/freeman-freeman.com\/wp-content\/uploads\/2024\/01\/logo.jpg","width":674,"height":104,"caption":"Freeman & Freeman, LLP"},"image":{"@id":"https:\/\/freeman-freeman.com\/#\/schema\/logo\/image\/"},"sameAs":["https:\/\/www.facebook.com\/FreemanFreemanLaw","https:\/\/x.com\/FreemanFreeman1","https:\/\/www.linkedin.com\/company\/freeman-freeman-llp"]}]}},"_links":{"self":[{"href":"https:\/\/freeman-freeman.com\/es\/wp-json\/wp\/v2\/pages\/2937","targetHints":{"allow":["GET"]}}],"collection":[{"href":"https:\/\/freeman-freeman.com\/es\/wp-json\/wp\/v2\/pages"}],"about":[{"href":"https:\/\/freeman-freeman.com\/es\/wp-json\/wp\/v2\/types\/page"}],"author":[{"embeddable":true,"href":"https:\/\/freeman-freeman.com\/es\/wp-json\/wp\/v2\/users\/1"}],"replies":[{"embeddable":true,"href":"https:\/\/freeman-freeman.com\/es\/wp-json\/wp\/v2\/comments?post=2937"}],"version-history":[{"count":4,"href":"https:\/\/freeman-freeman.com\/es\/wp-json\/wp\/v2\/pages\/2937\/revisions"}],"predecessor-version":[{"id":2970,"href":"https:\/\/freeman-freeman.com\/es\/wp-json\/wp\/v2\/pages\/2937\/revisions\/2970"}],"wp:attachment":[{"href":"https:\/\/freeman-freeman.com\/es\/wp-json\/wp\/v2\/media?parent=2937"}],"curies":[{"name":"wp","href":"https:\/\/api.w.org\/{rel}","templated":true}]}}