{"id":2980,"date":"2025-01-02T09:04:30","date_gmt":"2025-01-02T09:04:30","guid":{"rendered":"https:\/\/freeman-freeman.com\/?page_id=2980"},"modified":"2025-01-02T09:04:30","modified_gmt":"2025-01-02T09:04:30","slug":"encino-resbalon-y-caida-abogado","status":"publish","type":"page","link":"https:\/\/freeman-freeman.com\/es\/encino-slip-and-fall-lawyer\/","title":{"rendered":"Encino Resbal\u00f3n y Ca\u00edda Abogado"},"content":{"rendered":"<div class=\"abt-img\"><img loading=\"lazy\" decoding=\"async\" class=\"alignnone wp-image-2983 size-full\" title=\"el mejor abogado de encino en resbalones y caidas\" src=\"https:\/\/freeman-freeman.com\/wp-content\/uploads\/2025\/01\/best-encino-slip-and-fall-lawyer.webp\" alt=\"el mejor abogado de encino en resbalones y caidas\" width=\"800\" height=\"400\" srcset=\"https:\/\/freeman-freeman.com\/wp-content\/uploads\/2025\/01\/best-encino-slip-and-fall-lawyer.webp 800w, https:\/\/freeman-freeman.com\/wp-content\/uploads\/2025\/01\/best-encino-slip-and-fall-lawyer-300x150.webp 300w, https:\/\/freeman-freeman.com\/wp-content\/uploads\/2025\/01\/best-encino-slip-and-fall-lawyer-768x384.webp 768w, https:\/\/freeman-freeman.com\/wp-content\/uploads\/2025\/01\/best-encino-slip-and-fall-lawyer-18x9.webp 18w\" sizes=\"auto, (max-width: 800px) 100vw, 800px\" \/><\/div>\n<h2>Encino Resbal\u00f3n y Ca\u00edda Abogado<\/h2>\n<p>Un accidente por resbal\u00f3n y ca\u00edda ocurre cuando alguien pierde el equilibrio y cae al suelo. El accidente suele producirse por un suelo resbaladizo o irregular, una zona h\u00fameda u otra condici\u00f3n peligrosa que provoque una lesi\u00f3n. En <strong>Encino resbal\u00f3n y ca\u00edda abogado<\/strong> puede discutir c\u00f3mo presentar una demanda por un accidente de resbal\u00f3n y ca\u00edda en California y responder a cualquier pregunta que tenga.<\/p>\n<p>Tanto los propietarios como los administradores de fincas son responsables de que las condiciones de sus propiedades sean seguras. Si las condiciones no son seguras, puedes solicitar una indemnizaci\u00f3n conforme a la legislaci\u00f3n de California.<\/p>\n<h2>\u00bfC\u00f3mo se producen los accidentes por resbalones y ca\u00eddas?<\/h2>\n<p>Por lo general, un accidente por resbal\u00f3n y ca\u00edda se produce debido a una condici\u00f3n peligrosa en una propiedad, como un suelo mojado, una alfombra suelta, mala iluminaci\u00f3n, un escal\u00f3n irregular o un derrame. En el caso de los accidentes en el exterior, a veces los peligros ocultos o relacionados con el tiempo tambi\u00e9n pueden causar un accidente.<\/p>\n<p>Este tipo de casos suelen ser un asunto de responsabilidad de los locales, lo que significa que es un tipo de <a href=\"https:\/\/freeman-freeman.com\/es\/encino-abogado-de-lesiones-personales\/\">caso de lesiones personales<\/a> en los que el propietario podr\u00eda ser legalmente responsable si la situaci\u00f3n peligrosa no se resolviera adecuadamente.<\/p>\n<h2>\u00bfQu\u00e9 lesiones son comunes en los casos de resbalones y ca\u00eddas?<\/h2>\n<p>Hay algunas lesiones comunes que suelen producirse tras un accidente por resbal\u00f3n y ca\u00edda, como lesiones de cadera, lesiones de cabeza, lesiones de m\u00e9dula espinal y de espalda en general, conmociones cerebrales, lesiones cerebrales traum\u00e1ticas, esguinces musculares, cortes y rasgu\u00f1os, y fracturas \u00f3seas. Esta lista no es exhaustiva. Un abogado experto puede ayudarle a decidir si sus lesiones fueron el resultado de un incidente de resbal\u00f3n y ca\u00edda.<\/p>\n<h2>\u00bfQu\u00e9 deber de diligencia tienen los propietarios y la administraci\u00f3n?<\/h2>\n<p>Los propietarios y administradores tienen la obligaci\u00f3n legal de garantizar su seguridad mientras se encuentre en su propiedad. Deben asegurarse de que su propiedad es segura para todos los que visitan la propiedad, incluidos los visitantes, clientes, inquilinos, trabajadores de entrega, o alguien que s\u00f3lo est\u00e1 de visita. Deben asegurarse de que la propiedad no tiene ning\u00fan problema estructural que pueda causar un accidente de resbal\u00f3n y ca\u00edda, lesiones por tropiezo y ca\u00edda, o cualquier otro accidente.<\/p>\n<p>Usted tambi\u00e9n tiene el deber de ejercer un cuidado razonable, lo que significa que si cualquier acci\u00f3n que usted tome contribuye a su propio accidente, usted podr\u00eda compartir una parte de la negligencia que condujo al accidente. Sin embargo, incluso si usted fue en parte culpable, un abogado experto todav\u00eda podr\u00eda ser capaz de ayudar con la recuperaci\u00f3n de accidentes.<\/p>\n<h2>\u00bfQu\u00e9 puede hacer un abogado por mi reclamaci\u00f3n por resbal\u00f3n y ca\u00edda?<\/h2>\n<p>Un abogado puede ser crucial en un caso de accidente por resbal\u00f3n y ca\u00edda. <strong>Pueden hacerlo:<\/strong><\/p>\n<ul>\n<li>Tome fotograf\u00edas y documente inmediatamente las mediciones pertinentes del lugar del accidente.<\/li>\n<li>Conserve todas las pruebas pertinentes del lugar del accidente.<\/li>\n<li>Contratar a un ingeniero de seguridad de accidentes para que examine el lugar del accidente y aborde cualquier posible infracci\u00f3n del c\u00f3digo de edificaci\u00f3n.<\/li>\n<li>Colabore con los investigadores del lugar del accidente para reunir pruebas cruciales.<\/li>\n<li>Ayudar a presentar su caso de la manera m\u00e1s favorable.<\/li>\n<li>Abordar cualquier medida correctiva adoptada por el propietario\/gestor de la propiedad tras el accidente.<\/li>\n<li>Determine si se produjeron accidentes anteriores en el mismo lugar, lo que ayuda a demostrar el aviso previo de la condici\u00f3n peligrosa causada por su accidente.<\/li>\n<li>Ayudarle a recuperar una cantidad significativamente mayor por da\u00f1os y perjuicios.<\/li>\n<\/ul>\n<h2>\u00bfC\u00f3mo se prueba la culpa en un caso de resbal\u00f3n y ca\u00edda en Encino, California?<\/h2>\n<p>En California, su abogado puede utilizar las pruebas recogidas durante la investigaci\u00f3n de su caso para demostrar que la parte que caus\u00f3 su accidente es responsable de los da\u00f1os reclamados. Su abogado puede argumentar que la falta de mantenimiento de la propiedad en condiciones de seguridad fue la causa directa de su accidente y las lesiones resultantes.<\/p>\n<p>Su abogado puede abordar la responsabilidad y demostrar la negligencia, lo que significa que el administrador de la propiedad \/ propietario ten\u00eda que tomar precauciones razonables para mantener su propiedad segura y proteger a las personas de las lesiones. Ten\u00edan la obligaci\u00f3n legal de asegurarse de que los visitantes pudieran moverse por la propiedad en cuesti\u00f3n de forma segura y deber\u00edan haber tomado medidas para asegurarse de que cualquier persona en la propiedad se mantuviera a salvo.<\/p>\n<p>Una vez que su abogado pueda demostrar que se deb\u00eda un deber de seguridad, trabajar\u00e1 para demostrar que se incumpli\u00f3 el deber demostrando que la propiedad no se manten\u00eda de forma segura y que exist\u00eda una condici\u00f3n peligrosa. Muchas condiciones peligrosas se han encontrado en las propiedades, incluyendo el fracaso para remediar un camino helado o no advertir a los visitantes acerca de un derrame h\u00famedo en el suelo.<\/p>\n<p>Adem\u00e1s, tendr\u00e1 que demostrar la conexi\u00f3n entre el incumplimiento de la obligaci\u00f3n del propietario que provoc\u00f3 su accidente por resbal\u00f3n y ca\u00edda en <a href=\"https:\/\/en.wikipedia.org\/wiki\/Encino,_Los_Angeles\" target=\"_blank\" rel=\"noopener\">Encino, CA<\/a>. Un abogado puede determinar qu\u00e9 deber\u00eda haber hecho el administrador de la propiedad\/propietario para evitar las lesiones. Si otra persona caus\u00f3 sus lesiones, es probable que pueda solicitar una indemnizaci\u00f3n por sus p\u00e9rdidas.<\/p>\n<h2>\u00bfQu\u00e9 indemnizaci\u00f3n podr\u00eda obtener en caso de resbal\u00f3n y ca\u00edda?<\/h2>\n<p>En un accidente por resbal\u00f3n y ca\u00edda, puede intentar recuperar los costes directamente derivados de las lesiones sufridas durante la ca\u00edda. Normalmente, los da\u00f1os y perjuicios concedidos en asuntos de resbalones y ca\u00eddas son da\u00f1os y perjuicios econ\u00f3micos o da\u00f1os y perjuicios no econ\u00f3micos.<\/p>\n<p>Los da\u00f1os econ\u00f3micos suelen ser f\u00e1ciles de documentar, como las facturas de tratamiento m\u00e9dico, visitas al m\u00e9dico, medicamentos u otros gastos m\u00e9dicos relacionados. Adem\u00e1s, los da\u00f1os econ\u00f3micos pueden incluir salarios perdidos, p\u00e9rdida de capacidad de ganancia futura o cualquier factura m\u00e9dica futura.<\/p>\n<p>Los da\u00f1os no financieros no tienen un valor fijo, ya que tienden a ser da\u00f1os emocionales o psicol\u00f3gicos como el dolor y el sufrimiento o la angustia mental. Un abogado puede discutir la cantidad estimada que podr\u00eda esperar recuperar por este tipo de da\u00f1os durante una consulta inicial.<\/p>\n<h2>\u00bfDebo llegar a un acuerdo en mi demanda por resbal\u00f3n y ca\u00edda o ir a juicio?<\/h2>\n<p>Llegar a un acuerdo tiene sus riesgos y sus ventajas. Es probable que los hechos de su caso determinen si decide ir a juicio. Un acuerdo puede resolverse r\u00e1pidamente, mientras que un juicio puede llevar m\u00e1s tiempo.<\/p>\n<p>Con un <a href=\"https:\/\/freeman-freeman.com\/es\/blog\/cantidades-de-acuerdos-por-lesiones-personales-ejemplos-en-california\/\">acuerdo negociado<\/a>es probable que le paguen al menos alguna cantidad, ya que obtendr\u00e1 una cantidad acordada. Si va a juicio, podr\u00eda obtener una indemnizaci\u00f3n mucho mayor. Sin embargo, el tribunal podr\u00eda fallar en su contra; podr\u00eda obtener mucho menos de lo que podr\u00eda haber obtenido con un acuerdo, o una indemnizaci\u00f3n podr\u00eda verse reducida por su propia negligencia.<\/p>\n<h2>Deje que un abogado de resbalones y ca\u00eddas de Encino, CA, le ayude a obtener la recuperaci\u00f3n que se merece.<\/h2>\n<p>En <a href=\"https:\/\/freeman-freeman.com\/es\/acerca-de\/\">Freeman &amp; Freeman, LLP<\/a>estamos de su lado. Estamos encantados de discutir la compensaci\u00f3n que se merece para su caso de resbal\u00f3n y ca\u00edda. <a href=\"https:\/\/freeman-freeman.com\/es\/pongase-en-contacto-con\/\">P\u00f3ngase en contacto con nosotros<\/a> de inmediato para concertar una consulta inicial gratuita o para que nuestro equipo pueda responder a cualquier pregunta que pueda tener.<\/p>","protected":false},"excerpt":{"rendered":"<p>Encino Slip and Fall Attorney A slip and fall accident happens when someone loses their balance and then falls to the ground. The accident usually happens because of a slippery floor, uneven ground, a wet area, or another hazardous condition that results in an injury. An Encino slip and fall lawyer can discuss how to &hellip; <\/p>\n<p class=\"link-more\"><a href=\"https:\/\/freeman-freeman.com\/es\/encino-slip-and-fall-lawyer\/\" class=\"more-link\">Seguir leyendo<span class=\"screen-reader-text\"> &#8220;Encino Slip and Fall Lawyer&#8221;<\/span><\/a><\/p>","protected":false},"author":1,"featured_media":0,"parent":0,"menu_order":0,"comment_status":"closed","ping_status":"closed","template":"","meta":{"_acf_changed":false,"footnotes":""},"class_list":["post-2980","page","type-page","status-publish","hentry","entry"],"acf":[],"yoast_head":"<!-- This site is optimized with the Yoast SEO plugin v27.5 - https:\/\/yoast.com\/product\/yoast-seo-wordpress\/ -->\n<title>Encino Slip and Fall Lawyer - Free Consultation<\/title>\n<meta name=\"description\" content=\"Encino Slip and Fall Lawyer: Freeman &amp; Freeman, LLP helps Encino slip and fall victims secure justice and fair compensation. Call us today!\" \/>\n<meta name=\"robots\" content=\"index, follow, max-snippet:-1, max-image-preview:large, max-video-preview:-1\" \/>\n<link rel=\"canonical\" href=\"https:\/\/freeman-freeman.com\/es\/encino-resbalon-y-caida-abogado\/\" \/>\n<meta property=\"og:locale\" content=\"es_MX\" \/>\n<meta property=\"og:type\" content=\"article\" \/>\n<meta property=\"og:title\" content=\"Encino Slip and Fall Lawyer - Free Consultation\" \/>\n<meta property=\"og:description\" content=\"Encino Slip and Fall Lawyer: Freeman &amp; Freeman, LLP helps Encino slip and fall victims secure justice and fair compensation. Call us today!\" \/>\n<meta property=\"og:url\" content=\"https:\/\/freeman-freeman.com\/es\/encino-resbalon-y-caida-abogado\/\" \/>\n<meta property=\"og:site_name\" content=\"Freeman &amp; Freeman, LLP\" \/>\n<meta property=\"article:publisher\" content=\"https:\/\/www.facebook.com\/FreemanFreemanLaw\" \/>\n<meta property=\"og:image\" content=\"https:\/\/freeman-freeman.com\/wp-content\/uploads\/2025\/01\/best-encino-slip-and-fall-lawyer.webp\" \/>\n\t<meta property=\"og:image:width\" content=\"800\" \/>\n\t<meta property=\"og:image:height\" content=\"400\" \/>\n\t<meta property=\"og:image:type\" content=\"image\/webp\" \/>\n<meta name=\"twitter:card\" content=\"summary_large_image\" \/>\n<meta name=\"twitter:site\" content=\"@FreemanFreeman1\" \/>\n<meta name=\"twitter:label1\" content=\"Tiempo de lectura\" \/>\n\t<meta name=\"twitter:data1\" content=\"5 minutos\" \/>\n<script type=\"application\/ld+json\" class=\"yoast-schema-graph\">{\"@context\":\"https:\\\/\\\/schema.org\",\"@graph\":[{\"@type\":\"WebPage\",\"@id\":\"https:\\\/\\\/freeman-freeman.com\\\/encino-slip-and-fall-lawyer\\\/\",\"url\":\"https:\\\/\\\/freeman-freeman.com\\\/encino-slip-and-fall-lawyer\\\/\",\"name\":\"Encino Slip and Fall Lawyer - Free Consultation\",\"isPartOf\":{\"@id\":\"https:\\\/\\\/freeman-freeman.com\\\/#website\"},\"primaryImageOfPage\":{\"@id\":\"https:\\\/\\\/freeman-freeman.com\\\/encino-slip-and-fall-lawyer\\\/#primaryimage\"},\"image\":{\"@id\":\"https:\\\/\\\/freeman-freeman.com\\\/encino-slip-and-fall-lawyer\\\/#primaryimage\"},\"thumbnailUrl\":\"https:\\\/\\\/freeman-freeman.com\\\/wp-content\\\/uploads\\\/2025\\\/01\\\/best-encino-slip-and-fall-lawyer.webp\",\"datePublished\":\"2025-01-02T09:04:30+00:00\",\"description\":\"Encino Slip and Fall Lawyer: Freeman & Freeman, LLP helps Encino slip and fall victims secure justice and fair compensation. Call us today!\",\"inLanguage\":\"es\",\"potentialAction\":[{\"@type\":\"ReadAction\",\"target\":[\"https:\\\/\\\/freeman-freeman.com\\\/encino-slip-and-fall-lawyer\\\/\"]}]},{\"@type\":\"ImageObject\",\"inLanguage\":\"es\",\"@id\":\"https:\\\/\\\/freeman-freeman.com\\\/encino-slip-and-fall-lawyer\\\/#primaryimage\",\"url\":\"https:\\\/\\\/freeman-freeman.com\\\/wp-content\\\/uploads\\\/2025\\\/01\\\/best-encino-slip-and-fall-lawyer.webp\",\"contentUrl\":\"https:\\\/\\\/freeman-freeman.com\\\/wp-content\\\/uploads\\\/2025\\\/01\\\/best-encino-slip-and-fall-lawyer.webp\"},{\"@type\":\"WebSite\",\"@id\":\"https:\\\/\\\/freeman-freeman.com\\\/#website\",\"url\":\"https:\\\/\\\/freeman-freeman.com\\\/\",\"name\":\"Freeman &amp; Freeman, LLP\",\"description\":\"\",\"publisher\":{\"@id\":\"https:\\\/\\\/freeman-freeman.com\\\/#organization\"},\"potentialAction\":[{\"@type\":\"SearchAction\",\"target\":{\"@type\":\"EntryPoint\",\"urlTemplate\":\"https:\\\/\\\/freeman-freeman.com\\\/?s={search_term_string}\"},\"query-input\":{\"@type\":\"PropertyValueSpecification\",\"valueRequired\":true,\"valueName\":\"search_term_string\"}}],\"inLanguage\":\"es\"},{\"@type\":\"Organization\",\"@id\":\"https:\\\/\\\/freeman-freeman.com\\\/#organization\",\"name\":\"Freeman & Freeman, LLP\",\"url\":\"https:\\\/\\\/freeman-freeman.com\\\/\",\"logo\":{\"@type\":\"ImageObject\",\"inLanguage\":\"es\",\"@id\":\"https:\\\/\\\/freeman-freeman.com\\\/#\\\/schema\\\/logo\\\/image\\\/\",\"url\":\"https:\\\/\\\/freeman-freeman.com\\\/wp-content\\\/uploads\\\/2024\\\/01\\\/logo.jpg\",\"contentUrl\":\"https:\\\/\\\/freeman-freeman.com\\\/wp-content\\\/uploads\\\/2024\\\/01\\\/logo.jpg\",\"width\":674,\"height\":104,\"caption\":\"Freeman & Freeman, LLP\"},\"image\":{\"@id\":\"https:\\\/\\\/freeman-freeman.com\\\/#\\\/schema\\\/logo\\\/image\\\/\"},\"sameAs\":[\"https:\\\/\\\/www.facebook.com\\\/FreemanFreemanLaw\",\"https:\\\/\\\/x.com\\\/FreemanFreeman1\",\"https:\\\/\\\/www.linkedin.com\\\/company\\\/freeman-freeman-llp\"]}]}<\/script>\n<!-- \/ Yoast SEO plugin. -->","yoast_head_json":{"title":"Encino Resbal\u00f3n y Ca\u00edda Abogado - Consulta Gratuita","description":"Encino Resbal\u00f3n y Ca\u00edda Abogado: Freeman &amp; Freeman, LLP ayuda a las v\u00edctimas de resbalones y ca\u00eddas en Encino a obtener justicia y una compensaci\u00f3n justa. \u00a1Ll\u00e1menos hoy!","robots":{"index":"index","follow":"follow","max-snippet":"max-snippet:-1","max-image-preview":"max-image-preview:large","max-video-preview":"max-video-preview:-1"},"canonical":"https:\/\/freeman-freeman.com\/es\/encino-resbalon-y-caida-abogado\/","og_locale":"es_MX","og_type":"article","og_title":"Encino Slip and Fall Lawyer - Free Consultation","og_description":"Encino Slip and Fall Lawyer: Freeman & Freeman, LLP helps Encino slip and fall victims secure justice and fair compensation. Call us today!","og_url":"https:\/\/freeman-freeman.com\/es\/encino-resbalon-y-caida-abogado\/","og_site_name":"Freeman &amp; Freeman, LLP","article_publisher":"https:\/\/www.facebook.com\/FreemanFreemanLaw","og_image":[{"width":800,"height":400,"url":"https:\/\/freeman-freeman.com\/wp-content\/uploads\/2025\/01\/best-encino-slip-and-fall-lawyer.webp","type":"image\/webp"}],"twitter_card":"summary_large_image","twitter_site":"@FreemanFreeman1","twitter_misc":{"Tiempo de lectura":"5 minutos"},"schema":{"@context":"https:\/\/schema.org","@graph":[{"@type":"WebPage","@id":"https:\/\/freeman-freeman.com\/encino-slip-and-fall-lawyer\/","url":"https:\/\/freeman-freeman.com\/encino-slip-and-fall-lawyer\/","name":"Encino Resbal\u00f3n y Ca\u00edda Abogado - Consulta Gratuita","isPartOf":{"@id":"https:\/\/freeman-freeman.com\/#website"},"primaryImageOfPage":{"@id":"https:\/\/freeman-freeman.com\/encino-slip-and-fall-lawyer\/#primaryimage"},"image":{"@id":"https:\/\/freeman-freeman.com\/encino-slip-and-fall-lawyer\/#primaryimage"},"thumbnailUrl":"https:\/\/freeman-freeman.com\/wp-content\/uploads\/2025\/01\/best-encino-slip-and-fall-lawyer.webp","datePublished":"2025-01-02T09:04:30+00:00","description":"Encino Resbal\u00f3n y Ca\u00edda Abogado: Freeman &amp; Freeman, LLP ayuda a las v\u00edctimas de resbalones y ca\u00eddas en Encino a obtener justicia y una compensaci\u00f3n justa. \u00a1Ll\u00e1menos hoy!","inLanguage":"es","potentialAction":[{"@type":"ReadAction","target":["https:\/\/freeman-freeman.com\/encino-slip-and-fall-lawyer\/"]}]},{"@type":"ImageObject","inLanguage":"es","@id":"https:\/\/freeman-freeman.com\/encino-slip-and-fall-lawyer\/#primaryimage","url":"https:\/\/freeman-freeman.com\/wp-content\/uploads\/2025\/01\/best-encino-slip-and-fall-lawyer.webp","contentUrl":"https:\/\/freeman-freeman.com\/wp-content\/uploads\/2025\/01\/best-encino-slip-and-fall-lawyer.webp"},{"@type":"WebSite","@id":"https:\/\/freeman-freeman.com\/#website","url":"https:\/\/freeman-freeman.com\/","name":"Freeman &amp; Freeman, LLP","description":"","publisher":{"@id":"https:\/\/freeman-freeman.com\/#organization"},"potentialAction":[{"@type":"SearchAction","target":{"@type":"EntryPoint","urlTemplate":"https:\/\/freeman-freeman.com\/?s={search_term_string}"},"query-input":{"@type":"PropertyValueSpecification","valueRequired":true,"valueName":"search_term_string"}}],"inLanguage":"es"},{"@type":"Organization","@id":"https:\/\/freeman-freeman.com\/#organization","name":"Freeman &amp; Freeman, LLP","url":"https:\/\/freeman-freeman.com\/","logo":{"@type":"ImageObject","inLanguage":"es","@id":"https:\/\/freeman-freeman.com\/#\/schema\/logo\/image\/","url":"https:\/\/freeman-freeman.com\/wp-content\/uploads\/2024\/01\/logo.jpg","contentUrl":"https:\/\/freeman-freeman.com\/wp-content\/uploads\/2024\/01\/logo.jpg","width":674,"height":104,"caption":"Freeman & Freeman, LLP"},"image":{"@id":"https:\/\/freeman-freeman.com\/#\/schema\/logo\/image\/"},"sameAs":["https:\/\/www.facebook.com\/FreemanFreemanLaw","https:\/\/x.com\/FreemanFreeman1","https:\/\/www.linkedin.com\/company\/freeman-freeman-llp"]}]}},"_links":{"self":[{"href":"https:\/\/freeman-freeman.com\/es\/wp-json\/wp\/v2\/pages\/2980","targetHints":{"allow":["GET"]}}],"collection":[{"href":"https:\/\/freeman-freeman.com\/es\/wp-json\/wp\/v2\/pages"}],"about":[{"href":"https:\/\/freeman-freeman.com\/es\/wp-json\/wp\/v2\/types\/page"}],"author":[{"embeddable":true,"href":"https:\/\/freeman-freeman.com\/es\/wp-json\/wp\/v2\/users\/1"}],"replies":[{"embeddable":true,"href":"https:\/\/freeman-freeman.com\/es\/wp-json\/wp\/v2\/comments?post=2980"}],"version-history":[{"count":2,"href":"https:\/\/freeman-freeman.com\/es\/wp-json\/wp\/v2\/pages\/2980\/revisions"}],"predecessor-version":[{"id":2984,"href":"https:\/\/freeman-freeman.com\/es\/wp-json\/wp\/v2\/pages\/2980\/revisions\/2984"}],"wp:attachment":[{"href":"https:\/\/freeman-freeman.com\/es\/wp-json\/wp\/v2\/media?parent=2980"}],"curies":[{"name":"wp","href":"https:\/\/api.w.org\/{rel}","templated":true}]}}