{"id":3045,"date":"2025-04-17T11:53:40","date_gmt":"2025-04-17T11:53:40","guid":{"rendered":"https:\/\/freeman-freeman.com\/?page_id=3045"},"modified":"2025-04-17T13:04:26","modified_gmt":"2025-04-17T13:04:26","slug":"encino-accidente-de-motocicleta-abogado","status":"publish","type":"page","link":"https:\/\/freeman-freeman.com\/es\/encino-motorcycle-accident-lawyer\/","title":{"rendered":"Encino Abogado de Accidente de Motocicleta"},"content":{"rendered":"<div class=\"abt-img\"><img loading=\"lazy\" decoding=\"async\" class=\"alignnone wp-image-3049 size-full\" title=\"accidente de moto abogado encino\" src=\"https:\/\/freeman-freeman.com\/wp-content\/uploads\/2025\/04\/motorcycle-accident-lawyer-encino.webp\" alt=\"accidente de moto abogado encino\" width=\"800\" height=\"400\" srcset=\"https:\/\/freeman-freeman.com\/wp-content\/uploads\/2025\/04\/motorcycle-accident-lawyer-encino.webp 800w, https:\/\/freeman-freeman.com\/wp-content\/uploads\/2025\/04\/motorcycle-accident-lawyer-encino-300x150.webp 300w, https:\/\/freeman-freeman.com\/wp-content\/uploads\/2025\/04\/motorcycle-accident-lawyer-encino-768x384.webp 768w, https:\/\/freeman-freeman.com\/wp-content\/uploads\/2025\/04\/motorcycle-accident-lawyer-encino-18x9.webp 18w\" sizes=\"auto, (max-width: 800px) 100vw, 800px\" \/><\/div>\n<h2>Encino Abogado de Accidente de Motocicleta<\/h2>\n<p>Los conductores del peque\u00f1o barrio de Encino en SoCal disfrutan de calles bastante seguras, pero la ciudad tiene un n\u00famero considerable de accidentes de motocicleta, especialmente en la CA-105 y la I-405. La mayor\u00eda de los viajeros no conducen mucho tiempo en Encino sin viajar en una de estas v\u00edas riesgosas de LA, pero un accidente de motocicleta puede ocurrir en cualquier lugar, causando lesiones graves. Es por eso que cualquier persona involucrada en un accidente de motocicleta debe buscar asesoramiento legal de un abogado de accidentes de motocicleta Encino.<\/p>\n<p>Para los que buscan un top <a href=\"https:\/\/freeman-freeman.com\/es\/encino-abogado-de-lesiones-personales\/\">Encino abogado de lesiones personales<\/a>, <a href=\"https:\/\/freeman-freeman.com\/es\/acerca-de\/\">Freeman &amp; Freeman, LLP<\/a>cuenta con un equipo legal compuesto por abogados experimentados, investigadores legales y asistentes legales que saben c\u00f3mo luchar por las v\u00edctimas de accidentes de motocicleta perjudicadas por la negligencia de otros conductores. Si usted o un ser querido est\u00e1 sufriendo de una lesi\u00f3n de accidente de motocicleta y la b\u00fasqueda de alivio de la tensi\u00f3n de las legalidades y las reclamaciones de seguros, estamos aqu\u00ed para ayudar. Nuestro equipo de talentosos abogados est\u00e1 bien equipado para representarle eficazmente.<\/p>\n<h2>\u00bfPor qu\u00e9 elegir Freeman &amp; Freeman, LLP?<\/h2>\n<p>Freeman &amp; Freeman, LLP, ofrece servicios legales de primera clase a las personas que presentan demandas por lesiones personales en Encino y sus alrededores. Nuestra reputaci\u00f3n est\u00e1 bien establecida gracias a nuestro servicio estelar y la atenci\u00f3n a las necesidades de nuestros clientes. Valoramos el servicio al cliente y responder a los correos electr\u00f3nicos y llamadas con prontitud. Son estos peque\u00f1os detalles los que nos distinguen de otros abogados de accidentes de motocicleta en Encino. <strong>Algunas de las ventajas que ofrecemos son:<\/strong><\/p>\n<ul>\n<li>Acceso a profesionales m\u00e9dicos acreditados que puedan proporcionarle un an\u00e1lisis completo y detallado de sus lesiones por accidente de moto.<\/li>\n<li>Traductores disponibles para clientes hispanohablantes y tagalohablantes<\/li>\n<li>Conocimiento y comprensi\u00f3n de la legislaci\u00f3n sobre da\u00f1os personales<\/li>\n<li>Una reputaci\u00f3n que nos precede en el <a href=\"https:\/\/www.lacourt.org\/courthouse\" target=\"_blank\" rel=\"noopener\">sala de vistas<\/a><\/li>\n<\/ul>\n<p>Nuestra empresa <a href=\"https:\/\/freeman-freeman.com\/es\/resultados-del-caso\/\">historial de \u00e9xitos<\/a> y <a href=\"https:\/\/freeman-freeman.com\/es\/criticas-de-freeman-y-freeman\/\">cr\u00edticas positivas<\/a> de clientes anteriores sirven como prueba tangible de nuestros incomparables servicios jur\u00eddicos que han captado la atenci\u00f3n de la comunidad.<\/p>\n<h2>Carreteras peligrosas en Encino<\/h2>\n<p>Las carreteras m\u00e1s peligrosas de <a href=\"https:\/\/en.wikipedia.org\/wiki\/Encino,_Los_Angeles\" target=\"_blank\" rel=\"noopener\">Encino<\/a> se han mencionado anteriormente (CA-105 e I-405), pero hay otros tramos de carretera propensos a sufrir accidentes que atraviesan Encino. Esto se debe a que son muy transitadas, ya que la mayor\u00eda llevan a los conductores hacia y desde algunas de las zonas m\u00e1s concurridas de Los \u00c1ngeles. Desafortunadamente, los accidentes ocurren a menudo en estas carreteras en Encino, y muchos de ellos implican motocicletas.<\/p>\n<p>Una de las carreteras m\u00e1s peligrosas para las motocicletas en Encino es Ventura Boulevard, por ejemplo, donde se produce un n\u00famero significativo de accidentes. Otra zona de la carretera propensa a los accidentes es el tramo de Lindley Avenue entre Burbank Boulevard y Ventura Boulevard. Newcastle Avenue, al sur de la 101, es otra carretera con muchos accidentes. Se trata de v\u00edas con mucho tr\u00e1fico, donde hay m\u00e1s conductores y m\u00e1s accidentes.<\/p>\n<p>La hora del d\u00eda tambi\u00e9n afecta a la probabilidad de que ocurra un accidente de moto en Encino. Los d\u00edas laborables durante las horas punta son los momentos m\u00e1s peligrosos, con picos de accidentes entre las 3:00 y las 6:00 pm. Los s\u00e1bados por la noche y los domingos por la ma\u00f1ana son otros de los momentos m\u00e1s peligrosos. <a href=\"https:\/\/freeman-freeman.com\/es\/abogado-de-accidentes-de-coche-en-encino\/\">accidentes de veh\u00edculos en Encino<\/a>y el domingo es el d\u00eda de la semana m\u00e1s propenso a los accidentes en Encino y en el \u00e1rea metropolitana de Los \u00c1ngeles.<\/p>\n<h2>Causas comunes de accidentes de motocicleta Encino<\/h2>\n<p>La conducci\u00f3n bajo los efectos del alcohol contribuye en gran medida a los accidentes de motocicleta. <a href=\"https:\/\/www.nhtsa.gov\/sites\/nhtsa.gov\/files\/motorcyclecrashriskvol2.pdf\" target=\"_blank\" rel=\"noopener\">El alcohol puede mermar la capacidad de conducci\u00f3n de los motoristas<\/a> incluso m\u00e1s que para los conductores de autom\u00f3viles. Aunque el mal tiempo provoca muchos accidentes, se producen m\u00e1s accidentes de motocicleta cuando hace buen tiempo, ya que es cuando los motoristas disfrutan m\u00e1s de la conducci\u00f3n. Adem\u00e1s, muchos asumen que los motociclistas causan la mayor\u00eda de los accidentes relacionados, pero no siempre son culpables.<\/p>\n<p>Otros factores que contribuyen a los accidentes de motocicleta en Encino implican a los conductores que no respetan las leyes de tr\u00e1fico como los l\u00edmites de velocidad y las se\u00f1ales de los sem\u00e1foros. <a href=\"https:\/\/www.nhtsa.gov\/risky-driving\/speeding\" target=\"_blank\" rel=\"noopener\">El exceso de velocidad, de hecho, causa alrededor del 29% de todos los accidentes de tr\u00e1fico<\/a>especialmente cuando las carreteras est\u00e1n mojadas. Cuando se circula a gran velocidad, a los conductores les resulta m\u00e1s dif\u00edcil reaccionar ante otros veh\u00edculos que se detienen o giran delante de ellos. Las altas velocidades tambi\u00e9n contribuyen a que los conductores pierdan por completo el control de sus veh\u00edculos.<\/p>\n<p>No respetar otras leyes de tr\u00e1fico, como la de ceder el paso, tambi\u00e9n es un precursor com\u00fan de accidentes. Saltarse los sem\u00e1foros y las se\u00f1ales de stop puede aumentar el riesgo de colisi\u00f3n, y desviarse del carril puede dificultar la visibilidad de las motocicletas por parte de otros conductores. Aunque los motoristas deben tener especial cuidado al conducir por carreteras con mucho tr\u00e1fico, tambi\u00e9n es responsabilidad de los dem\u00e1s conductores estar atentos a todo tipo de veh\u00edculos.<\/p>\n<p>La conducci\u00f3n distra\u00edda es un problema en Encino, especialmente cuando los conductores comparten la carretera con motocicletas, que a menudo son pasadas por alto por los conductores distra\u00eddos. Cuando un conductor est\u00e1 hablando por tel\u00e9fono, enviando mensajes de texto, manejando la radio o el sistema de navegaci\u00f3n, o incluso comiendo y bebiendo mientras conduce, es m\u00e1s probable que cause un accidente.<\/p>\n<p><a href=\"https:\/\/smarter-usa.org\/wp-content\/uploads\/2017\/11\/2017-FHWA-Motorcycle-Crash-Causatiion-Study-SMSA.pdf\" target=\"_blank\" rel=\"noopener\">El Departamento de Transporte de EE.UU. realiz\u00f3 un estudio<\/a> que perfilaba al motociclista con m\u00e1s probabilidades de verse implicado en un accidente de moto como un conductor soltero, var\u00f3n, de entre 26 y 35 a\u00f1os. Si usted ha sido lesionado en un accidente de motocicleta, ya sea como conductor de la motocicleta, el conductor de otro coche, un pasajero o un peat\u00f3n, un abogado de lesiones personales de buena reputaci\u00f3n Encino puede ser su aliado en el trato con los ajustadores de seguros y el juicio, si su caso requiere litigio.<\/p>\n<h2>Qu\u00e9 hacer tras un accidente de moto<\/h2>\n<p>Lo primero que debes recordar tras un accidente de moto es dar siempre prioridad a tu seguridad y a la de los dem\u00e1s. Si puede, llame al 911 o p\u00eddale a otra persona que lo haga. Es requerido por la ley de California que los accidentes con lesiones corporales, muerte y \/ o da\u00f1os a la propiedad sean <a href=\"https:\/\/www.dmv.ca.gov\/portal\/dmv-virtual-office\/accident-reporting\/\" target=\"_blank\" rel=\"noopener\">comunicado al DMV<\/a>.<\/p>\n<p>Las personas heridas no deben moverse, ya que podr\u00edan sufrir lesiones m\u00e1s graves. Espere a que lleguen los primeros intervinientes para recibir la atenci\u00f3n necesaria. Si no hay heridos ni muertos, y es seguro hacerlo, aparta la motocicleta de la calzada.<\/p>\n<p>Cuando lleguen las fuerzas del orden, har\u00e1n preguntas a todas las partes implicadas sobre sus recuerdos y su versi\u00f3n del accidente. Es importante responder a sus preguntas, pero no admitir la responsabilidad, incluso si usted cree que fue responsable. Despu\u00e9s de responder a sus preguntas, p\u00f3ngase en contacto con un abogado de accidentes de motocicleta Encino para discutir su caso.<\/p>\n<h2>Preguntas frecuentes<\/h2>\n<h3>Q:<b> <\/b>\u00bfCu\u00e1nto es un acuerdo de accidente de motocicleta en California?<\/h3>\n<p><strong>A:<\/strong> Cada acuerdo de accidente de motocicleta en California es diferente, y la respuesta puede variar dependiendo de los datos encuestados. Es importante recordar que <a href=\"https:\/\/freeman-freeman.com\/es\/blog\/cantidades-de-acuerdos-por-lesiones-personales-ejemplos-en-california\/\">importes de liquidaci\u00f3n<\/a> se ven muy afectados por diversos factores y detalles de un caso. Un abogado especializado en accidentes de moto puede darte una estimaci\u00f3n del valor de tu caso.<\/p>\n<h3>Q: \u00bfCu\u00e1l es la Ley de Culpa en California por accidentes de motocicleta?<\/h3>\n<p><strong>A:<\/strong> California es un estado de culpa, lo que significa que el conductor responsable de causar un accidente es culpable de cualquier da\u00f1o, gastos m\u00e9dicos, etc., que otras partes involucradas en el accidente incurran como resultado del accidente. Las partes lesionadas deben solicitar una indemnizaci\u00f3n por el accidente a la compa\u00f1\u00eda de seguros del conductor culpable. Si el conductor culpable no tiene seguro, los perjudicados pueden reclamar la indemnizaci\u00f3n a trav\u00e9s de su compa\u00f1\u00eda de seguros o demandar a la parte responsable.<\/p>\n<h3>P: \u00bfCu\u00e1nto cobran los abogados de accidentes de moto en California?<\/h3>\n<p><strong>A:<\/strong> En California, los abogados de accidentes de motocicleta (abogados de lesiones personales) pueden cobrar un porcentaje de la indemnizaci\u00f3n por representar su caso. Los honorarios del abogado son variables, sin embargo, y basado en ciertas circunstancias del caso, como la complejidad del caso o si el litigio es necesario. A menudo, los casos se resuelven fuera de los tribunales a trav\u00e9s de negociaciones con los ajustadores de seguros.<\/p>\n<h3>P: \u00bfQu\u00e9 no debo hacer tras un accidente de moto?<\/h3>\n<p><strong>A:<\/strong> Despu\u00e9s de un accidente de motocicleta, no huya de la escena del accidente, rechazar la atenci\u00f3n m\u00e9dica, admitir la culpa, o aceptar un acuerdo lowball. Los ajustadores de seguros siempre hacen su oferta m\u00e1s baja en primer lugar. La forma m\u00e1s eficaz para optimizar los asentamientos de seguros es tener un abogado de lesiones personales negociar con la compa\u00f1\u00eda de seguros en su nombre.<\/p>\n<h3>P: \u00bfQu\u00e9 son los da\u00f1os y perjuicios por da\u00f1o moral en California?<\/h3>\n<p><strong>A:<\/strong> En California, los da\u00f1os por dolor y sufrimiento pueden concederse en un caso de lesiones personales para compensar al demandante por sus da\u00f1os no econ\u00f3micos. Estos tipos de da\u00f1os no tienen un valor monetario directamente cuantificable, a diferencia de los da\u00f1os econ\u00f3micos. Los accidentes de motocicleta a menudo resultan en dolor y sufrimiento significativos debido a la falta de protecci\u00f3n que una motocicleta proporciona.<\/p>\n<p>Entre las lesiones m\u00e1s comunes se incluyen lesiones cerebrales traum\u00e1ticas, lesiones de la m\u00e9dula espinal, fracturas \u00f3seas y da\u00f1os en \u00f3rganos internos. Muchas personas lesionadas en accidentes de moto sufren secuelas permanentes o duraderas.<\/p>\n<h2>Obtenga un abogado de accidentes de motocicleta Encino de su lado: P\u00f3ngase en contacto con Freeman &amp; Freeman, LLP<\/h2>\n<p>Hab\u00eda <a href=\"https:\/\/tims.berkeley.edu\/summary.php?showArea=city&amp;expandTables=false&amp;injury=1&amp;yearRange=3&amp;showMap=crashes\" target=\"_blank\" rel=\"noopener\">834 lesiones y muertes relacionadas con motocicletas en Los \u00c1ngeles en 2024<\/a>y muchos de los perjudicados no presentaron una reclamaci\u00f3n contra el conductor culpable para que les indemnizara por sus lesiones y da\u00f1os materiales. Si usted estuvo involucrado en un accidente de motocicleta, puede que no sea demasiado tarde para buscar una indemnizaci\u00f3n. Un abogado de lesiones personales de Encino puede responder a cualquier pregunta sobre su caso.<\/p>\n<p>Despu\u00e9s de dos a\u00f1os, la oportunidad de presentar una reclamaci\u00f3n en los tribunales de California expira. Si usted ha sido lesionado en un accidente de motocicleta, no espere para hablar con un abogado sobre su caso. Rellene <a href=\"https:\/\/freeman-freeman.com\/es\/pongase-en-contacto-con\/\">nuestro formulario de contacto<\/a> y hablar con un abogado con experiencia y de buena reputaci\u00f3n Encino accidente de motocicleta en Freeman y Freeman, LLP, para obtener la compensaci\u00f3n que se merece.<\/p>","protected":false},"excerpt":{"rendered":"<p>Encino Motorcycle Accident Attorney Drivers in the small SoCal neighborhood of Encino enjoy fairly safe streets, but the town has a considerable number of motorcycle accidents, especially on the CA-105 and I-405. Most travelers don\u2019t drive long in Encino without traveling on one of these risky thoroughfares of LA, but a motorcycle accident can happen &hellip; <\/p>\n<p class=\"link-more\"><a href=\"https:\/\/freeman-freeman.com\/es\/encino-motorcycle-accident-lawyer\/\" class=\"more-link\">Seguir leyendo<span class=\"screen-reader-text\"> &#8220;Encino Motorcycle Accident Lawyer&#8221;<\/span><\/a><\/p>","protected":false},"author":1,"featured_media":0,"parent":0,"menu_order":0,"comment_status":"closed","ping_status":"closed","template":"","meta":{"_acf_changed":false,"footnotes":""},"class_list":["post-3045","page","type-page","status-publish","hentry","entry"],"acf":[],"yoast_head":"<!-- This site is optimized with the Yoast SEO plugin v27.5 - https:\/\/yoast.com\/product\/yoast-seo-wordpress\/ -->\n<title>Encino Motorcycle Accident Lawyer - Free Consultation<\/title>\n<meta name=\"description\" content=\"Injured in a motorcycle crash? Trust Freeman &amp; Freeman, LLP \u2014 your experienced Encino Motorcycle Accident Lawyer. Get the compensation you deserve.\" \/>\n<meta name=\"robots\" content=\"index, follow, max-snippet:-1, max-image-preview:large, max-video-preview:-1\" \/>\n<link rel=\"canonical\" href=\"https:\/\/freeman-freeman.com\/es\/encino-accidente-de-motocicleta-abogado\/\" \/>\n<meta property=\"og:locale\" content=\"es_MX\" \/>\n<meta property=\"og:type\" content=\"article\" \/>\n<meta property=\"og:title\" content=\"Encino Motorcycle Accident Lawyer - Free Consultation\" \/>\n<meta property=\"og:description\" content=\"Injured in a motorcycle crash? Trust Freeman &amp; Freeman, LLP \u2014 your experienced Encino Motorcycle Accident Lawyer. Get the compensation you deserve.\" \/>\n<meta property=\"og:url\" content=\"https:\/\/freeman-freeman.com\/es\/encino-accidente-de-motocicleta-abogado\/\" \/>\n<meta property=\"og:site_name\" content=\"Freeman &amp; Freeman, LLP\" \/>\n<meta property=\"article:publisher\" content=\"https:\/\/www.facebook.com\/FreemanFreemanLaw\" \/>\n<meta property=\"article:modified_time\" content=\"2025-04-17T13:04:26+00:00\" \/>\n<meta property=\"og:image\" content=\"https:\/\/freeman-freeman.com\/wp-content\/uploads\/2025\/04\/motorcycle-accident-lawyer-encino.webp\" \/>\n\t<meta property=\"og:image:width\" content=\"800\" \/>\n\t<meta property=\"og:image:height\" content=\"400\" \/>\n\t<meta property=\"og:image:type\" content=\"image\/webp\" \/>\n<meta name=\"twitter:card\" content=\"summary_large_image\" \/>\n<meta name=\"twitter:site\" content=\"@FreemanFreeman1\" \/>\n<meta name=\"twitter:label1\" content=\"Tiempo de lectura\" \/>\n\t<meta name=\"twitter:data1\" content=\"7 minutos\" \/>\n<script type=\"application\/ld+json\" class=\"yoast-schema-graph\">{\"@context\":\"https:\\\/\\\/schema.org\",\"@graph\":[{\"@type\":\"WebPage\",\"@id\":\"https:\\\/\\\/freeman-freeman.com\\\/encino-motorcycle-accident-lawyer\\\/\",\"url\":\"https:\\\/\\\/freeman-freeman.com\\\/encino-motorcycle-accident-lawyer\\\/\",\"name\":\"Encino Motorcycle Accident Lawyer - Free Consultation\",\"isPartOf\":{\"@id\":\"https:\\\/\\\/freeman-freeman.com\\\/#website\"},\"primaryImageOfPage\":{\"@id\":\"https:\\\/\\\/freeman-freeman.com\\\/encino-motorcycle-accident-lawyer\\\/#primaryimage\"},\"image\":{\"@id\":\"https:\\\/\\\/freeman-freeman.com\\\/encino-motorcycle-accident-lawyer\\\/#primaryimage\"},\"thumbnailUrl\":\"https:\\\/\\\/freeman-freeman.com\\\/wp-content\\\/uploads\\\/2025\\\/04\\\/motorcycle-accident-lawyer-encino.webp\",\"datePublished\":\"2025-04-17T11:53:40+00:00\",\"dateModified\":\"2025-04-17T13:04:26+00:00\",\"description\":\"Injured in a motorcycle crash? Trust Freeman & Freeman, LLP \u2014 your experienced Encino Motorcycle Accident Lawyer. Get the compensation you deserve.\",\"inLanguage\":\"es\",\"potentialAction\":[{\"@type\":\"ReadAction\",\"target\":[\"https:\\\/\\\/freeman-freeman.com\\\/encino-motorcycle-accident-lawyer\\\/\"]}]},{\"@type\":\"ImageObject\",\"inLanguage\":\"es\",\"@id\":\"https:\\\/\\\/freeman-freeman.com\\\/encino-motorcycle-accident-lawyer\\\/#primaryimage\",\"url\":\"https:\\\/\\\/freeman-freeman.com\\\/wp-content\\\/uploads\\\/2025\\\/04\\\/motorcycle-accident-lawyer-encino.webp\",\"contentUrl\":\"https:\\\/\\\/freeman-freeman.com\\\/wp-content\\\/uploads\\\/2025\\\/04\\\/motorcycle-accident-lawyer-encino.webp\"},{\"@type\":\"WebSite\",\"@id\":\"https:\\\/\\\/freeman-freeman.com\\\/#website\",\"url\":\"https:\\\/\\\/freeman-freeman.com\\\/\",\"name\":\"Freeman &amp; Freeman, LLP\",\"description\":\"\",\"publisher\":{\"@id\":\"https:\\\/\\\/freeman-freeman.com\\\/#organization\"},\"potentialAction\":[{\"@type\":\"SearchAction\",\"target\":{\"@type\":\"EntryPoint\",\"urlTemplate\":\"https:\\\/\\\/freeman-freeman.com\\\/?s={search_term_string}\"},\"query-input\":{\"@type\":\"PropertyValueSpecification\",\"valueRequired\":true,\"valueName\":\"search_term_string\"}}],\"inLanguage\":\"es\"},{\"@type\":\"Organization\",\"@id\":\"https:\\\/\\\/freeman-freeman.com\\\/#organization\",\"name\":\"Freeman & Freeman, LLP\",\"url\":\"https:\\\/\\\/freeman-freeman.com\\\/\",\"logo\":{\"@type\":\"ImageObject\",\"inLanguage\":\"es\",\"@id\":\"https:\\\/\\\/freeman-freeman.com\\\/#\\\/schema\\\/logo\\\/image\\\/\",\"url\":\"https:\\\/\\\/freeman-freeman.com\\\/wp-content\\\/uploads\\\/2024\\\/01\\\/logo.jpg\",\"contentUrl\":\"https:\\\/\\\/freeman-freeman.com\\\/wp-content\\\/uploads\\\/2024\\\/01\\\/logo.jpg\",\"width\":674,\"height\":104,\"caption\":\"Freeman & Freeman, LLP\"},\"image\":{\"@id\":\"https:\\\/\\\/freeman-freeman.com\\\/#\\\/schema\\\/logo\\\/image\\\/\"},\"sameAs\":[\"https:\\\/\\\/www.facebook.com\\\/FreemanFreemanLaw\",\"https:\\\/\\\/x.com\\\/FreemanFreeman1\",\"https:\\\/\\\/www.linkedin.com\\\/company\\\/freeman-freeman-llp\"]}]}<\/script>\n<!-- \/ Yoast SEO plugin. -->","yoast_head_json":{"title":"Encino Abogado de Accidente de Motocicleta - Consulta Gratis","description":"\u00bfLastimado en un accidente de motocicleta? Conf\u00ede en Freeman &amp; Freeman, LLP - su abogado con experiencia en accidentes de motocicleta en Encino. Obtenga la compensaci\u00f3n que se merece.","robots":{"index":"index","follow":"follow","max-snippet":"max-snippet:-1","max-image-preview":"max-image-preview:large","max-video-preview":"max-video-preview:-1"},"canonical":"https:\/\/freeman-freeman.com\/es\/encino-accidente-de-motocicleta-abogado\/","og_locale":"es_MX","og_type":"article","og_title":"Encino Motorcycle Accident Lawyer - Free Consultation","og_description":"Injured in a motorcycle crash? Trust Freeman & Freeman, LLP \u2014 your experienced Encino Motorcycle Accident Lawyer. Get the compensation you deserve.","og_url":"https:\/\/freeman-freeman.com\/es\/encino-accidente-de-motocicleta-abogado\/","og_site_name":"Freeman &amp; Freeman, LLP","article_publisher":"https:\/\/www.facebook.com\/FreemanFreemanLaw","article_modified_time":"2025-04-17T13:04:26+00:00","og_image":[{"width":800,"height":400,"url":"https:\/\/freeman-freeman.com\/wp-content\/uploads\/2025\/04\/motorcycle-accident-lawyer-encino.webp","type":"image\/webp"}],"twitter_card":"summary_large_image","twitter_site":"@FreemanFreeman1","twitter_misc":{"Tiempo de lectura":"7 minutos"},"schema":{"@context":"https:\/\/schema.org","@graph":[{"@type":"WebPage","@id":"https:\/\/freeman-freeman.com\/encino-motorcycle-accident-lawyer\/","url":"https:\/\/freeman-freeman.com\/encino-motorcycle-accident-lawyer\/","name":"Encino Abogado de Accidente de Motocicleta - Consulta Gratis","isPartOf":{"@id":"https:\/\/freeman-freeman.com\/#website"},"primaryImageOfPage":{"@id":"https:\/\/freeman-freeman.com\/encino-motorcycle-accident-lawyer\/#primaryimage"},"image":{"@id":"https:\/\/freeman-freeman.com\/encino-motorcycle-accident-lawyer\/#primaryimage"},"thumbnailUrl":"https:\/\/freeman-freeman.com\/wp-content\/uploads\/2025\/04\/motorcycle-accident-lawyer-encino.webp","datePublished":"2025-04-17T11:53:40+00:00","dateModified":"2025-04-17T13:04:26+00:00","description":"\u00bfLastimado en un accidente de motocicleta? Conf\u00ede en Freeman &amp; Freeman, LLP - su abogado con experiencia en accidentes de motocicleta en Encino. Obtenga la compensaci\u00f3n que se merece.","inLanguage":"es","potentialAction":[{"@type":"ReadAction","target":["https:\/\/freeman-freeman.com\/encino-motorcycle-accident-lawyer\/"]}]},{"@type":"ImageObject","inLanguage":"es","@id":"https:\/\/freeman-freeman.com\/encino-motorcycle-accident-lawyer\/#primaryimage","url":"https:\/\/freeman-freeman.com\/wp-content\/uploads\/2025\/04\/motorcycle-accident-lawyer-encino.webp","contentUrl":"https:\/\/freeman-freeman.com\/wp-content\/uploads\/2025\/04\/motorcycle-accident-lawyer-encino.webp"},{"@type":"WebSite","@id":"https:\/\/freeman-freeman.com\/#website","url":"https:\/\/freeman-freeman.com\/","name":"Freeman &amp; Freeman, LLP","description":"","publisher":{"@id":"https:\/\/freeman-freeman.com\/#organization"},"potentialAction":[{"@type":"SearchAction","target":{"@type":"EntryPoint","urlTemplate":"https:\/\/freeman-freeman.com\/?s={search_term_string}"},"query-input":{"@type":"PropertyValueSpecification","valueRequired":true,"valueName":"search_term_string"}}],"inLanguage":"es"},{"@type":"Organization","@id":"https:\/\/freeman-freeman.com\/#organization","name":"Freeman &amp; Freeman, LLP","url":"https:\/\/freeman-freeman.com\/","logo":{"@type":"ImageObject","inLanguage":"es","@id":"https:\/\/freeman-freeman.com\/#\/schema\/logo\/image\/","url":"https:\/\/freeman-freeman.com\/wp-content\/uploads\/2024\/01\/logo.jpg","contentUrl":"https:\/\/freeman-freeman.com\/wp-content\/uploads\/2024\/01\/logo.jpg","width":674,"height":104,"caption":"Freeman & Freeman, LLP"},"image":{"@id":"https:\/\/freeman-freeman.com\/#\/schema\/logo\/image\/"},"sameAs":["https:\/\/www.facebook.com\/FreemanFreemanLaw","https:\/\/x.com\/FreemanFreeman1","https:\/\/www.linkedin.com\/company\/freeman-freeman-llp"]}]}},"_links":{"self":[{"href":"https:\/\/freeman-freeman.com\/es\/wp-json\/wp\/v2\/pages\/3045","targetHints":{"allow":["GET"]}}],"collection":[{"href":"https:\/\/freeman-freeman.com\/es\/wp-json\/wp\/v2\/pages"}],"about":[{"href":"https:\/\/freeman-freeman.com\/es\/wp-json\/wp\/v2\/types\/page"}],"author":[{"embeddable":true,"href":"https:\/\/freeman-freeman.com\/es\/wp-json\/wp\/v2\/users\/1"}],"replies":[{"embeddable":true,"href":"https:\/\/freeman-freeman.com\/es\/wp-json\/wp\/v2\/comments?post=3045"}],"version-history":[{"count":6,"href":"https:\/\/freeman-freeman.com\/es\/wp-json\/wp\/v2\/pages\/3045\/revisions"}],"predecessor-version":[{"id":3056,"href":"https:\/\/freeman-freeman.com\/es\/wp-json\/wp\/v2\/pages\/3045\/revisions\/3056"}],"wp:attachment":[{"href":"https:\/\/freeman-freeman.com\/es\/wp-json\/wp\/v2\/media?parent=3045"}],"curies":[{"name":"wp","href":"https:\/\/api.w.org\/{rel}","templated":true}]}}