{"id":3061,"date":"2025-05-01T16:03:19","date_gmt":"2025-05-01T16:03:19","guid":{"rendered":"https:\/\/freeman-freeman.com\/?page_id=3061"},"modified":"2025-05-02T07:34:35","modified_gmt":"2025-05-02T07:34:35","slug":"sherman-oaks-abogado-de-accidente-de-motocicleta","status":"publish","type":"page","link":"https:\/\/freeman-freeman.com\/es\/sherman-oaks-motorcycle-accident-lawyer\/","title":{"rendered":"Sherman Oaks Abogado de Accidente de Motocicleta"},"content":{"rendered":"<h2>Sherman Oaks Abogado de Accidente de Motocicleta<\/h2>\n<div class=\"abt-img\"><img loading=\"lazy\" decoding=\"async\" class=\"alignnone wp-image-3067 size-full\" title=\"accidente de moto abogado sherman oaks\" src=\"https:\/\/freeman-freeman.com\/wp-content\/uploads\/2025\/05\/motorcycle-accident-lawyer-sherman-oaks.webp\" alt=\"accidente de moto abogado sherman oaks\" width=\"800\" height=\"400\" srcset=\"https:\/\/freeman-freeman.com\/wp-content\/uploads\/2025\/05\/motorcycle-accident-lawyer-sherman-oaks.webp 800w, https:\/\/freeman-freeman.com\/wp-content\/uploads\/2025\/05\/motorcycle-accident-lawyer-sherman-oaks-300x150.webp 300w, https:\/\/freeman-freeman.com\/wp-content\/uploads\/2025\/05\/motorcycle-accident-lawyer-sherman-oaks-768x384.webp 768w, https:\/\/freeman-freeman.com\/wp-content\/uploads\/2025\/05\/motorcycle-accident-lawyer-sherman-oaks-18x9.webp 18w\" sizes=\"auto, (max-width: 800px) 100vw, 800px\" \/><\/div>\n<p>Cuando usted est\u00e1 involucrado en un accidente de motocicleta en Sherman Oaks que le deja herido, usted puede preguntarse qu\u00e9 v\u00edas legales est\u00e1n disponibles para usted. Por suerte, California permite a las personas que fueron heridas por otros, ya sea intencionalmente o no, para presentar demandas por lesiones personales como una forma de recuperar la compensaci\u00f3n por sus lesiones. Para asegurarse de obtener la compensaci\u00f3n y los da\u00f1os que se merece, hable con un abogado de lesiones personales. <strong>abogado experto en accidentes de moto en Sherman Oaks<\/strong>.<\/p>\n<p>La navegaci\u00f3n de una demanda por lesiones personales en Sherman Oaks solo puede ser estresante y agotador. Sin embargo, cuando se trabaja con un experimentado <a href=\"https:\/\/freeman-freeman.com\/es\/abogado-de-lesiones-personales-en-sherman-oaks\/\">Sherman Oaks abogado de lesiones personales<\/a>puede confiar en que su caso est\u00e1 en las manos adecuadas. En <a href=\"https:\/\/freeman-freeman.com\/es\/acerca-de\/\">Freeman &amp; Freeman, LLP<\/a>Nuestro dedicado equipo de abogados de lesiones personales ha pasado a\u00f1os recuperando compensaciones y protegiendo los derechos de los californianos lesionados. No espere para ver c\u00f3mo podemos ayudarle a buscar justicia hoy.<\/p>\n<h2>C\u00f3mo presentar una reclamaci\u00f3n por accidente de motocicleta en Sherman Oaks<\/h2>\n<p>En total hay unos <a href=\"https:\/\/www.dmv.ca.gov\/portal\/dmv-research-reports\/research-development-data-dashboards\/vehicles-registered-by-county\/\" target=\"_blank\" rel=\"noopener\">7.738.193 veh\u00edculos<\/a> registrados en el condado de Los \u00c1ngeles, 139.137 de los cuales son motocicletas. Dado que California tiene un n\u00famero tan elevado de motociclistas en comparaci\u00f3n con otros estados, el estado experimenta muchos m\u00e1s accidentes en los que se ven implicados estos veh\u00edculos.<\/p>\n<p>Con el fin de presentar una demanda v\u00e1lida por lesiones personales en Sherman Oaks, usted debe ser capaz de demostrar que sus lesiones o los da\u00f1os que sufri\u00f3 fueron consecuencia de las acciones de otra persona. Adem\u00e1s, debe presentar su reclamaci\u00f3n de accidente de motocicleta en California <a href=\"https:\/\/leginfo.legislature.ca.gov\/faces\/codes_displaySection.xhtml?lawCode=CCP&amp;sectionNum=335.1\" target=\"_blank\" rel=\"noopener\">en un plazo de dos a\u00f1os<\/a> del accidente. Si se le pasa la fecha l\u00edmite dada en su estatuto de limitaciones, perder\u00e1 el derecho a buscar compensaci\u00f3n legal en Sherman Oaks.<\/p>\n<p>En la mayor\u00eda de los casos, puede llegar a un acuerdo sobre su demanda por lesiones personales negociando con la compa\u00f1\u00eda de seguros de la parte culpable fuera de los tribunales. Es probable que las aseguradoras intenten ofrecerle la indemnizaci\u00f3n m\u00e1s baja posible. <a href=\"https:\/\/freeman-freeman.com\/es\/blog\/cantidades-de-acuerdos-por-lesiones-personales-ejemplos-en-california\/\">importe de liquidaci\u00f3n<\/a> porque su trabajo es mantener los costes bajos. Debido a esto, usted debe tener un abogado experto en accidentes de motocicleta que puede negociar en su nombre y asegurarse de que no se aprovechan de usted.<\/p>\n<p>Si usted y su abogado son incapaces de llegar a un acuerdo justo con las aseguradoras fuera de los tribunales, entonces usted puede llevar su caso a juicio. Si su demanda por lesiones personales en Sherman Oaks va a juicio, puede esperar que su caso tarde m\u00e1s tiempo en resolverse.<\/p>\n<h2>Casos de Muerte Injusta por Accidentes de Motocicleta en Sherman Oaks<\/h2>\n<p>El Gobierno calcula que el n\u00famero de fallecidos en motocicletas fue aproximadamente de <a href=\"https:\/\/www.iihs.org\/topics\/fatality-statistics\/detail\/motorcycles-and-atvs\" target=\"_blank\" rel=\"noopener\">24 veces superior<\/a> que v\u00edctimas mortales en turismos por milla recorrida en 2021. Ese a\u00f1o murieron 5.932 motoristas en accidentes en todo el pa\u00eds. Esta cifra inclu\u00eda <a href=\"https:\/\/safetrec.berkeley.edu\/2023-safetrec-traffic-safety-facts-motorcycle-safety\" target=\"_blank\" rel=\"noopener\">565 v\u00edctimas mortales<\/a> s\u00f3lo en California. Si ha perdido a un ser querido de forma inesperada debido a las acciones de otra persona, es posible que pueda solicitar una indemnizaci\u00f3n por su p\u00e9rdida.<\/p>\n<p>En <a href=\"https:\/\/en.wikipedia.org\/wiki\/Sherman_Oaks,_Los_Angeles\" target=\"_blank\" rel=\"noopener\">Sherman Oaks<\/a> y el resto de California, tienes <a href=\"https:\/\/leginfo.legislature.ca.gov\/faces\/codes_displaySection.xhtml?lawCode=CCP&amp;sectionNum=335.1\" target=\"_blank\" rel=\"noopener\">dos a\u00f1os<\/a> a partir de la fecha de la muerte de la v\u00edctima para presentar una demanda por homicidio culposo de un accidente de motocicleta. Para poder presentar una demanda por homicidio culposo en Sherman Oaks, usted debe estar relacionado con la v\u00edctima de alguna manera. En general, los c\u00f3nyuges, parejas de hecho, hijos, padres y hermanos pueden presentar estas reclamaciones.<\/p>\n<h2>Cosas importantes a tener en cuenta sobre los accidentes de motocicleta en Sherman Oaks<\/h2>\n<p>California aplica leyes y reglamentos espec\u00edficos relativos a las motocicletas en un esfuerzo por reducir el n\u00famero de accidentes y promover h\u00e1bitos m\u00e1s seguros. <strong>Cuando se trata de operar una motocicleta o un autom\u00f3vil en Sherman Oaks, es importante tener en cuenta:<\/strong><\/p>\n<ul>\n<li><strong>Leyes sobre cascos:<\/strong>\u00a0Seg\u00fan la ley de California, todos los conductores de motocicletas deben llevar casco. Esto incluye al que conduce la moto y a los pasajeros que pueda llevar.<\/li>\n<li><strong>Cambio de carril:<\/strong>\u00a0Los motociclistas est\u00e1n legalmente autorizados a dividir carriles en California, lo que significa que pueden conducir entre <a href=\"https:\/\/freeman-freeman.com\/es\/sherman-oaks-abogado-de-accidente-de-coche\/\">coches<\/a> en la carretera. Los motoristas siguen teniendo la responsabilidad de dividir los carriles de forma segura.<\/li>\n<li><strong>Derecho de paso:<\/strong>\u00a0Las motocicletas deben seguir las mismas reglas cuando se trata de establecer el derecho de paso en la carretera.<\/li>\n<\/ul>\n<h2>Preguntas frecuentes<\/h2>\n<h3>P: \u00bfNecesita un abogado de accidente de motocicleta para presentar una reclamaci\u00f3n en California?<\/h3>\n<p><strong>A:<\/strong> Aunque usted no est\u00e1 legalmente obligado a contratar a un abogado de accidentes al presentar una demanda por lesiones personales en California, tener uno que pueda abogar por sus derechos y luchar por usted durante las negociaciones es esencial. Sin un abogado, las compa\u00f1\u00edas de seguros pueden tratar de darle acuerdos bajos y aprovecharse de su situaci\u00f3n. Un abogado experto en lesiones personales puede ayudarle a presentar una reclamaci\u00f3n, negociar en su nombre, y luchar para asegurar un resultado positivo para su caso.<\/p>\n<h3>P: \u00bfQu\u00e9 porcentaje obtiene mi abogado de accidentes de motocicleta de Sherman Oaks de mi acuerdo?<\/h3>\n<p><strong>A:<\/strong> Cuando usted trabaja con un abogado de lesiones personales de Sherman Oaks, usted puede esperar t\u00edpicamente que ellos cobren sus honorarios como una porci\u00f3n de su cantidad de arreglo. Esto significa que usted no tiene que preocuparse por ning\u00fan costo por adelantado, y usted no tiene que pagar a su abogado nada a menos que usted gane su caso. El porcentaje que su abogado de Sherman Oaks toma como sus honorarios de contingencia puede depender de la complejidad de su caso, los servicios que usted requiere, y el nivel de experiencia del abogado.<\/p>\n<h3>P: \u00bfCu\u00e1l es el mayor error que la gente puede hacer despu\u00e9s de un accidente de motocicleta en Sherman Oaks?<\/h3>\n<p><strong>A:<\/strong> Algunos de los errores m\u00e1s comunes que la gente comete despu\u00e9s de un accidente son no buscar atenci\u00f3n m\u00e9dica y abandonar la escena antes de reunir informaci\u00f3n importante. Es importante para su salud y para su demanda por lesiones personales que acuda a un m\u00e9dico aunque no sospeche que est\u00e1 gravemente herido. Antes de abandonar el lugar del accidente, es aconsejable documentar la escena, intercambiar informaci\u00f3n con las partes implicadas, y obtener una copia de la <a href=\"https:\/\/locator.lacounty.gov\/lac\/Location\/3175435\/los-angeles-police-department---van-nuys-community-police-station\" target=\"_blank\" rel=\"noopener\">polic\u00eda<\/a> informe.<\/p>\n<h3>P: \u00bfCu\u00e1nto tiempo se tarda en resolver un caso de accidente de motocicleta en California?<\/h3>\n<p><strong>A:<\/strong> El tiempo que se tarda en resolver un caso de accidente de moto depende de la complejidad del accidente y de la voluntad de cooperar de las compa\u00f1\u00edas de seguros implicadas. La mayor\u00eda de los casos de lesiones personales se resuelven fuera de <a href=\"https:\/\/www.lacourt.org\/courthouse\" target=\"_blank\" rel=\"noopener\">tribunal<\/a> a trav\u00e9s de negociaciones, por lo que el tiempo que se tarda en cerrar el caso depende de su capacidad para llegar r\u00e1pidamente a un acuerdo. Si va a juicio, puede esperar que el caso lleve m\u00e1s tiempo, ya que tiene que trabajar con los plazos del tribunal.<\/p>\n<h2>Sus abogados de confianza para accidentes de motocicleta en Sherman Oaks<\/h2>\n<p>En Freeman &amp; Freeman, LLP, nuestro equipo comparte m\u00e1s de 30 a\u00f1os de experiencia manejando casos de lesiones personales para motociclistas lesionados. Con los a\u00f1os, hemos recuperado decenas de millones de d\u00f3lares para nuestros clientes, y estamos listos para poner nuestras habilidades para trabajar para usted. <a href=\"https:\/\/freeman-freeman.com\/es\/pongase-en-contacto-con\/\">P\u00f3ngase en contacto con nuestro bufete<\/a> para concertar una cita con un abogado experto y compasivo especializado en accidentes de motocicleta en Sherman Oaks.<\/p>","protected":false},"excerpt":{"rendered":"<p>Sherman Oaks Motorcycle Accident Attorney When you\u2019re involved in a motorcycle accident in Sherman Oaks that leaves you injured, you may be wondering what legal avenues are available to you. Luckily, California allows individuals who were injured by others, whether intentionally or not, to file personal injury claims as a way to recover compensation for &hellip; <\/p>\n<p class=\"link-more\"><a href=\"https:\/\/freeman-freeman.com\/es\/sherman-oaks-motorcycle-accident-lawyer\/\" class=\"more-link\">Seguir leyendo<span class=\"screen-reader-text\"> &#8220;Sherman Oaks Motorcycle Accident Lawyer&#8221;<\/span><\/a><\/p>","protected":false},"author":1,"featured_media":0,"parent":0,"menu_order":0,"comment_status":"closed","ping_status":"closed","template":"","meta":{"_acf_changed":false,"footnotes":""},"class_list":["post-3061","page","type-page","status-publish","hentry","entry"],"acf":[],"yoast_head":"<!-- This site is optimized with the Yoast SEO plugin v27.5 - https:\/\/yoast.com\/product\/yoast-seo-wordpress\/ -->\n<title>Sherman Oaks Motorcycle Accident Lawyer - Free Consultation<\/title>\n<meta name=\"description\" content=\"Sherman Oaks Motorcycle Accident Lawyer \u2013 Freeman &amp; Freeman, LLP fights for your rights. Get expert legal help and max compensation after a crash.\" \/>\n<meta name=\"robots\" content=\"index, follow, max-snippet:-1, max-image-preview:large, max-video-preview:-1\" \/>\n<link rel=\"canonical\" href=\"https:\/\/freeman-freeman.com\/es\/sherman-oaks-abogado-de-accidente-de-motocicleta\/\" \/>\n<meta property=\"og:locale\" content=\"es_MX\" \/>\n<meta property=\"og:type\" content=\"article\" \/>\n<meta property=\"og:title\" content=\"Sherman Oaks Motorcycle Accident Lawyer - Free Consultation\" \/>\n<meta property=\"og:description\" content=\"Sherman Oaks Motorcycle Accident Lawyer \u2013 Freeman &amp; Freeman, LLP fights for your rights. Get expert legal help and max compensation after a crash.\" \/>\n<meta property=\"og:url\" content=\"https:\/\/freeman-freeman.com\/es\/sherman-oaks-abogado-de-accidente-de-motocicleta\/\" \/>\n<meta property=\"og:site_name\" content=\"Freeman &amp; Freeman, LLP\" \/>\n<meta property=\"article:publisher\" content=\"https:\/\/www.facebook.com\/FreemanFreemanLaw\" \/>\n<meta property=\"article:modified_time\" content=\"2025-05-02T07:34:35+00:00\" \/>\n<meta property=\"og:image\" content=\"https:\/\/freeman-freeman.com\/wp-content\/uploads\/2025\/05\/motorcycle-accident-lawyer-sherman-oaks.webp\" \/>\n\t<meta property=\"og:image:width\" content=\"800\" \/>\n\t<meta property=\"og:image:height\" content=\"400\" \/>\n\t<meta property=\"og:image:type\" content=\"image\/webp\" \/>\n<meta name=\"twitter:card\" content=\"summary_large_image\" \/>\n<meta name=\"twitter:site\" content=\"@FreemanFreeman1\" \/>\n<meta name=\"twitter:label1\" content=\"Tiempo de lectura\" \/>\n\t<meta name=\"twitter:data1\" content=\"5 minutos\" \/>\n<script type=\"application\/ld+json\" class=\"yoast-schema-graph\">{\"@context\":\"https:\\\/\\\/schema.org\",\"@graph\":[{\"@type\":\"WebPage\",\"@id\":\"https:\\\/\\\/freeman-freeman.com\\\/sherman-oaks-motorcycle-accident-lawyer\\\/\",\"url\":\"https:\\\/\\\/freeman-freeman.com\\\/sherman-oaks-motorcycle-accident-lawyer\\\/\",\"name\":\"Sherman Oaks Motorcycle Accident Lawyer - Free Consultation\",\"isPartOf\":{\"@id\":\"https:\\\/\\\/freeman-freeman.com\\\/#website\"},\"primaryImageOfPage\":{\"@id\":\"https:\\\/\\\/freeman-freeman.com\\\/sherman-oaks-motorcycle-accident-lawyer\\\/#primaryimage\"},\"image\":{\"@id\":\"https:\\\/\\\/freeman-freeman.com\\\/sherman-oaks-motorcycle-accident-lawyer\\\/#primaryimage\"},\"thumbnailUrl\":\"https:\\\/\\\/freeman-freeman.com\\\/wp-content\\\/uploads\\\/2025\\\/05\\\/motorcycle-accident-lawyer-sherman-oaks.webp\",\"datePublished\":\"2025-05-01T16:03:19+00:00\",\"dateModified\":\"2025-05-02T07:34:35+00:00\",\"description\":\"Sherman Oaks Motorcycle Accident Lawyer \u2013 Freeman & Freeman, LLP fights for your rights. Get expert legal help and max compensation after a crash.\",\"inLanguage\":\"es\",\"potentialAction\":[{\"@type\":\"ReadAction\",\"target\":[\"https:\\\/\\\/freeman-freeman.com\\\/sherman-oaks-motorcycle-accident-lawyer\\\/\"]}]},{\"@type\":\"ImageObject\",\"inLanguage\":\"es\",\"@id\":\"https:\\\/\\\/freeman-freeman.com\\\/sherman-oaks-motorcycle-accident-lawyer\\\/#primaryimage\",\"url\":\"https:\\\/\\\/freeman-freeman.com\\\/wp-content\\\/uploads\\\/2025\\\/05\\\/motorcycle-accident-lawyer-sherman-oaks.webp\",\"contentUrl\":\"https:\\\/\\\/freeman-freeman.com\\\/wp-content\\\/uploads\\\/2025\\\/05\\\/motorcycle-accident-lawyer-sherman-oaks.webp\"},{\"@type\":\"WebSite\",\"@id\":\"https:\\\/\\\/freeman-freeman.com\\\/#website\",\"url\":\"https:\\\/\\\/freeman-freeman.com\\\/\",\"name\":\"Freeman &amp; Freeman, LLP\",\"description\":\"\",\"publisher\":{\"@id\":\"https:\\\/\\\/freeman-freeman.com\\\/#organization\"},\"potentialAction\":[{\"@type\":\"SearchAction\",\"target\":{\"@type\":\"EntryPoint\",\"urlTemplate\":\"https:\\\/\\\/freeman-freeman.com\\\/?s={search_term_string}\"},\"query-input\":{\"@type\":\"PropertyValueSpecification\",\"valueRequired\":true,\"valueName\":\"search_term_string\"}}],\"inLanguage\":\"es\"},{\"@type\":\"Organization\",\"@id\":\"https:\\\/\\\/freeman-freeman.com\\\/#organization\",\"name\":\"Freeman & Freeman, LLP\",\"url\":\"https:\\\/\\\/freeman-freeman.com\\\/\",\"logo\":{\"@type\":\"ImageObject\",\"inLanguage\":\"es\",\"@id\":\"https:\\\/\\\/freeman-freeman.com\\\/#\\\/schema\\\/logo\\\/image\\\/\",\"url\":\"https:\\\/\\\/freeman-freeman.com\\\/wp-content\\\/uploads\\\/2024\\\/01\\\/logo.jpg\",\"contentUrl\":\"https:\\\/\\\/freeman-freeman.com\\\/wp-content\\\/uploads\\\/2024\\\/01\\\/logo.jpg\",\"width\":674,\"height\":104,\"caption\":\"Freeman & Freeman, LLP\"},\"image\":{\"@id\":\"https:\\\/\\\/freeman-freeman.com\\\/#\\\/schema\\\/logo\\\/image\\\/\"},\"sameAs\":[\"https:\\\/\\\/www.facebook.com\\\/FreemanFreemanLaw\",\"https:\\\/\\\/x.com\\\/FreemanFreeman1\",\"https:\\\/\\\/www.linkedin.com\\\/company\\\/freeman-freeman-llp\"]}]}<\/script>\n<!-- \/ Yoast SEO plugin. -->","yoast_head_json":{"title":"Sherman Oaks Abogado de Accidente de Motocicleta - Consulta Gratuita","description":"Sherman Oaks Abogado de Accidente de Motocicleta - Freeman y Freeman, LLP lucha por sus derechos. Obtenga ayuda legal experta y compensaci\u00f3n m\u00e1xima despu\u00e9s de un accidente.","robots":{"index":"index","follow":"follow","max-snippet":"max-snippet:-1","max-image-preview":"max-image-preview:large","max-video-preview":"max-video-preview:-1"},"canonical":"https:\/\/freeman-freeman.com\/es\/sherman-oaks-abogado-de-accidente-de-motocicleta\/","og_locale":"es_MX","og_type":"article","og_title":"Sherman Oaks Motorcycle Accident Lawyer - Free Consultation","og_description":"Sherman Oaks Motorcycle Accident Lawyer \u2013 Freeman & Freeman, LLP fights for your rights. Get expert legal help and max compensation after a crash.","og_url":"https:\/\/freeman-freeman.com\/es\/sherman-oaks-abogado-de-accidente-de-motocicleta\/","og_site_name":"Freeman &amp; Freeman, LLP","article_publisher":"https:\/\/www.facebook.com\/FreemanFreemanLaw","article_modified_time":"2025-05-02T07:34:35+00:00","og_image":[{"width":800,"height":400,"url":"https:\/\/freeman-freeman.com\/wp-content\/uploads\/2025\/05\/motorcycle-accident-lawyer-sherman-oaks.webp","type":"image\/webp"}],"twitter_card":"summary_large_image","twitter_site":"@FreemanFreeman1","twitter_misc":{"Tiempo de lectura":"5 minutos"},"schema":{"@context":"https:\/\/schema.org","@graph":[{"@type":"WebPage","@id":"https:\/\/freeman-freeman.com\/sherman-oaks-motorcycle-accident-lawyer\/","url":"https:\/\/freeman-freeman.com\/sherman-oaks-motorcycle-accident-lawyer\/","name":"Sherman Oaks Abogado de Accidente de Motocicleta - Consulta Gratuita","isPartOf":{"@id":"https:\/\/freeman-freeman.com\/#website"},"primaryImageOfPage":{"@id":"https:\/\/freeman-freeman.com\/sherman-oaks-motorcycle-accident-lawyer\/#primaryimage"},"image":{"@id":"https:\/\/freeman-freeman.com\/sherman-oaks-motorcycle-accident-lawyer\/#primaryimage"},"thumbnailUrl":"https:\/\/freeman-freeman.com\/wp-content\/uploads\/2025\/05\/motorcycle-accident-lawyer-sherman-oaks.webp","datePublished":"2025-05-01T16:03:19+00:00","dateModified":"2025-05-02T07:34:35+00:00","description":"Sherman Oaks Abogado de Accidente de Motocicleta - Freeman y Freeman, LLP lucha por sus derechos. Obtenga ayuda legal experta y compensaci\u00f3n m\u00e1xima despu\u00e9s de un accidente.","inLanguage":"es","potentialAction":[{"@type":"ReadAction","target":["https:\/\/freeman-freeman.com\/sherman-oaks-motorcycle-accident-lawyer\/"]}]},{"@type":"ImageObject","inLanguage":"es","@id":"https:\/\/freeman-freeman.com\/sherman-oaks-motorcycle-accident-lawyer\/#primaryimage","url":"https:\/\/freeman-freeman.com\/wp-content\/uploads\/2025\/05\/motorcycle-accident-lawyer-sherman-oaks.webp","contentUrl":"https:\/\/freeman-freeman.com\/wp-content\/uploads\/2025\/05\/motorcycle-accident-lawyer-sherman-oaks.webp"},{"@type":"WebSite","@id":"https:\/\/freeman-freeman.com\/#website","url":"https:\/\/freeman-freeman.com\/","name":"Freeman &amp; Freeman, LLP","description":"","publisher":{"@id":"https:\/\/freeman-freeman.com\/#organization"},"potentialAction":[{"@type":"SearchAction","target":{"@type":"EntryPoint","urlTemplate":"https:\/\/freeman-freeman.com\/?s={search_term_string}"},"query-input":{"@type":"PropertyValueSpecification","valueRequired":true,"valueName":"search_term_string"}}],"inLanguage":"es"},{"@type":"Organization","@id":"https:\/\/freeman-freeman.com\/#organization","name":"Freeman &amp; Freeman, LLP","url":"https:\/\/freeman-freeman.com\/","logo":{"@type":"ImageObject","inLanguage":"es","@id":"https:\/\/freeman-freeman.com\/#\/schema\/logo\/image\/","url":"https:\/\/freeman-freeman.com\/wp-content\/uploads\/2024\/01\/logo.jpg","contentUrl":"https:\/\/freeman-freeman.com\/wp-content\/uploads\/2024\/01\/logo.jpg","width":674,"height":104,"caption":"Freeman & Freeman, LLP"},"image":{"@id":"https:\/\/freeman-freeman.com\/#\/schema\/logo\/image\/"},"sameAs":["https:\/\/www.facebook.com\/FreemanFreemanLaw","https:\/\/x.com\/FreemanFreeman1","https:\/\/www.linkedin.com\/company\/freeman-freeman-llp"]}]}},"_links":{"self":[{"href":"https:\/\/freeman-freeman.com\/es\/wp-json\/wp\/v2\/pages\/3061","targetHints":{"allow":["GET"]}}],"collection":[{"href":"https:\/\/freeman-freeman.com\/es\/wp-json\/wp\/v2\/pages"}],"about":[{"href":"https:\/\/freeman-freeman.com\/es\/wp-json\/wp\/v2\/types\/page"}],"author":[{"embeddable":true,"href":"https:\/\/freeman-freeman.com\/es\/wp-json\/wp\/v2\/users\/1"}],"replies":[{"embeddable":true,"href":"https:\/\/freeman-freeman.com\/es\/wp-json\/wp\/v2\/comments?post=3061"}],"version-history":[{"count":4,"href":"https:\/\/freeman-freeman.com\/es\/wp-json\/wp\/v2\/pages\/3061\/revisions"}],"predecessor-version":[{"id":3073,"href":"https:\/\/freeman-freeman.com\/es\/wp-json\/wp\/v2\/pages\/3061\/revisions\/3073"}],"wp:attachment":[{"href":"https:\/\/freeman-freeman.com\/es\/wp-json\/wp\/v2\/media?parent=3061"}],"curies":[{"name":"wp","href":"https:\/\/api.w.org\/{rel}","templated":true}]}}