{"id":3077,"date":"2025-06-06T11:44:22","date_gmt":"2025-06-06T11:44:22","guid":{"rendered":"https:\/\/freeman-freeman.com\/?page_id=3077"},"modified":"2025-07-01T10:03:20","modified_gmt":"2025-07-01T10:03:20","slug":"reseda-abogado-de-muerte-injusta","status":"publish","type":"page","link":"https:\/\/freeman-freeman.com\/es\/reseda-wrongful-death-lawyer\/","title":{"rendered":"Reseda Abogado de Muerte Injusta"},"content":{"rendered":"<div class=\"abt-img\"><img loading=\"lazy\" decoding=\"async\" class=\"alignnone wp-image-3097 size-full\" title=\"mejor abogado de reseda homicidio culposo\" src=\"https:\/\/freeman-freeman.com\/wp-content\/uploads\/2025\/06\/best-reseda-wrongful-death-lawyer.webp\" alt=\"mejor abogado de reseda homicidio culposo\" width=\"800\" height=\"400\" srcset=\"https:\/\/freeman-freeman.com\/wp-content\/uploads\/2025\/06\/best-reseda-wrongful-death-lawyer.webp 800w, https:\/\/freeman-freeman.com\/wp-content\/uploads\/2025\/06\/best-reseda-wrongful-death-lawyer-300x150.webp 300w, https:\/\/freeman-freeman.com\/wp-content\/uploads\/2025\/06\/best-reseda-wrongful-death-lawyer-768x384.webp 768w, https:\/\/freeman-freeman.com\/wp-content\/uploads\/2025\/06\/best-reseda-wrongful-death-lawyer-18x9.webp 18w\" sizes=\"auto, (max-width: 800px) 100vw, 800px\" \/><\/div>\n<div>\n<h2>Reseda Abogado de Muerte Injusta<\/h2>\n<\/div>\n<p>Si usted est\u00e1 navegando por las complejidades de una demanda por homicidio culposo, es imperativo buscar un abogado de homicidio culposo Reseda. Aunque no est\u00e1 obligado a contratar a un abogado, hacerlo puede tener un impacto significativo en el resultado de su caso. Un abogado experimentado puede ayudarle a completar y presentar el papeleo, reunir pruebas cruciales, asistir a reuniones legales, e incluso apoyarle emocionalmente durante este dif\u00edcil momento.<\/p>\n<p>A <a href=\"https:\/\/freeman-freeman.com\/es\/abogado-de-lesiones-personales-en-reseda\/\">Reseda abogado de lesiones personales<\/a> puede ayudarle a construir un caso s\u00f3lido de muchas maneras. Pueden aconsejarle sobre qu\u00e9 tipo de pruebas reunir y qu\u00e9 decisiones tomar en la gesti\u00f3n de los asuntos de su ser querido fallecido. La importancia de contratar a un <strong>Reseda abogado de muerte injusta<\/strong> no se puede subestimar y puede ser un gran beneficio para usted y su familia.<\/p>\n<h2>Casos de homicidio culposo en California<\/h2>\n<p>En el condado de Los \u00c1ngeles, hab\u00eda un total de <a href=\"https:\/\/courts.ca.gov\/sites\/default\/files\/courts\/default\/2024-12\/2022-court-statistics-report.pdf\">19.762 expedientes registrados<\/a> para casos de homicidio culposo, da\u00f1os a la propiedad y lesiones personales causadas por veh\u00edculos de motor para el a\u00f1o 2020-2021. El tribunal maneja muchos casos que probablemente sean similares al suyo, y es importante contar con una representaci\u00f3n legal capacitada que le ayude a sortear las dificultades para recibir la indemnizaci\u00f3n que merece.<\/p>\n<p>California tiene muchas leyes estatales sobre <a href=\"https:\/\/freeman-freeman.com\/es\/blog\/comprender-el-deber-de-diligencia-en-un-caso-de-muerte-por-negligencia-de-un-lactante\/\">casos de muerte por negligencia<\/a>Las leyes de homicidio culposo, incluyendo qui\u00e9n es elegible para presentar una demanda, el plazo que una persona tiene para presentar una demanda, y m\u00e1s. Al no haber llevado nunca un caso de homicidio culposo, es posible que desconozca muchas de las leyes que le afectan. Sin embargo, un abogado con experiencia en muerte por negligencia puede informarle sobre las leyes y estipulaciones de la muerte por negligencia, presentarle sus opciones y preparar un caso s\u00f3lido para usted.<\/p>\n<h2>Compensaci\u00f3n<\/h2>\n<p>California tiene muchas leyes con respecto a qui\u00e9n puede recibir compensaci\u00f3n en un caso de homicidio culposo y c\u00f3mo deben proceder legalmente para obtenerla. Normalmente, las primeras personas que pueden recibir una indemnizaci\u00f3n son el c\u00f3nyuge, la pareja de hecho o los hijos del fallecido. En algunos casos, los padres del fallecido tambi\u00e9n pueden recibir una indemnizaci\u00f3n. Adem\u00e1s, las personas a cargo del difunto, como los hijastros, pueden tener derecho a una indemnizaci\u00f3n.<\/p>\n<h2>C\u00f3mo puede ayudar un abogado de Reseda<\/h2>\n<p>Hay muchas maneras en las que un abogado puede ayudarle a usted y a su familia durante un caso de homicidio culposo en <a href=\"https:\/\/en.wikipedia.org\/wiki\/Reseda,_Los_Angeles\" target=\"_blank\" rel=\"noopener\">Reseda<\/a>algunas de las cuales puede que desconozca. <strong>Aunque es posible que no todas se apliquen a su caso, muchas s\u00ed lo har\u00e1n.<\/strong><\/p>\n<ul>\n<li><strong>Recopilaci\u00f3n de pruebas cruciales<\/strong>. Uno de los aspectos m\u00e1s importantes de cualquier caso son las pruebas presentadas contra el acusado. La fuerza de la evidencia puede tener un impacto significativo en el resultado del caso para todas las partes involucradas. Un abogado con experiencia en homicidio culposo sabe qu\u00e9 tipo de pruebas buscar y c\u00f3mo presentarlas adecuadamente ante el tribunal.<\/li>\n<li><strong>Explicar el proceso legal<\/strong>. Es probable que haya muchos aspectos del proceso legal con los que no est\u00e9 familiarizado, incluidos los t\u00e9rminos que figuran en la documentaci\u00f3n obligatoria. Un abogado puede guiarle a trav\u00e9s de cada paso, explic\u00e1ndole lo que no entienda y ayud\u00e1ndole a navegar por cada parte de una manera que sea constructiva para su caso y evite errores costosos.<\/li>\n<li><strong>Asistirle ante los tribunales<\/strong>. En caso de que su demanda llegue a juicio, un abogado preparado para el juicio puede representarle legalmente al tiempo que le apoya personal y emocionalmente.<\/li>\n<\/ul>\n<h2>Preguntas frecuentes<\/h2>\n<h3>P: \u00bfSe puede recibir una indemnizaci\u00f3n por da\u00f1os y perjuicios en un caso de homicidio culposo?<\/h3>\n<p><strong>A:<\/strong> Es posible recibir una indemnizaci\u00f3n por el dolor y el sufrimiento que experiment\u00f3 el fallecido. Aunque esto puede ser algo dif\u00edcil de cuantificar y presentar ante un tribunal, el abogado adecuado puede ayudarle a hacerlo. Esta es una de las muchas razones por las que es crucial contratar a un abogado que tenga experiencia en llevar con \u00e9xito casos similares al suyo.<\/p>\n<h3>P: \u00bfLas indemnizaciones por homicidio culposo est\u00e1n sujetas a tributaci\u00f3n?<\/h3>\n<p><strong>A:<\/strong>\u00a0 La posibilidad de que su indemnizaci\u00f3n por un acuerdo de muerte por negligencia est\u00e9 sujeta a impuestos depende de varias variables, incluyendo el importe del acuerdo, si recibe da\u00f1os punitivos de cualquier tipo, y m\u00e1s. Un abogado que est\u00e9 familiarizado con las leyes y procesos de liquidaci\u00f3n por muerte por negligencia puede aconsejarle sobre los pasos apropiados a seguir y si puede estar sujeto a impuestos espec\u00edficos. En general, este tipo de indemnizaciones no est\u00e1n sujetas a impuestos.<\/p>\n<h3>P: \u00bfQu\u00e9 pruebas deben admitirse en una demanda por homicidio culposo?<\/h3>\n<p><strong>A:<\/strong> El tipo de pruebas que puede necesitar presentar en una demanda por homicidio culposo depender\u00e1 de las circunstancias del accidente de su ser querido. Por ejemplo, si el accidente se produjo en su lugar de trabajo, es posible que necesite registros que demuestren los niveles de seguridad en el entorno laboral. En <a href=\"https:\/\/freeman-freeman.com\/es\/abogado-de-accidentes-de-coche-en-reseda\/\">accidentes de tr\u00e1fico<\/a>, deben examinarse las pruebas relacionadas con el otro conductor que caus\u00f3 el accidente, as\u00ed como los detalles del mismo. Un abogado puede ayudarle a encontrar las pruebas adecuadas.<\/p>\n<h3>P: \u00bfCon qu\u00e9 frecuencia llegan a juicio los casos de homicidio por negligencia?<\/h3>\n<p><strong>A:<\/strong> En California, hay muchos casos en los que los casos de homicidio culposo nunca llegan a juicio. Circunstancias que t\u00edpicamente causan que un caso vaya a juicio incluyen que el demandado no quiera tomar responsabilidad por el accidente o que haya incertidumbre en cuanto a qui\u00e9n tuvo la culpa del accidente. En <a href=\"https:\/\/en.wikipedia.org\/wiki\/Reseda,_Los_Angeles\">Reseda<\/a>Si su caso va a juicio, puede esperar que se le requiera asistir a la corte en el Stanley Mosk Courthouse en 111 N. Hill St., Los Angeles, CA 90012.<\/p>\n<h2>Freeman &amp; Freeman, LLP: Sus Abogados Locales de Muerte Injusta<\/h2>\n<p>Ninguna indemnizaci\u00f3n o acci\u00f3n legal puede reparar la muerte por negligencia de un ser querido. Ninguna compensaci\u00f3n econ\u00f3mica puede hacer desaparecer el dolor de la p\u00e9rdida. Sin embargo, puede ser \u00fatil para aliviar cualquier carga financiera adicional durante su tiempo de duelo. Con la ayuda de un abogado con experiencia, usted puede abogar por s\u00ed mismo y por su familia, recibiendo la ayuda financiera que se merece.<\/p>\n<p>En <a href=\"https:\/\/freeman-freeman.com\/es\/acerca-de\/\">Freeman &amp; Freeman, LLP<\/a>Entendemos las complejidades y dificultades de navegar casos de muerte por negligencia. Hemos guiado a muchas personas a trav\u00e9s del mismo proceso que usted est\u00e1 atravesando. Nuestro equipo legal sabe que cada individuo y caso es \u00fanico, y le ayudaremos a navegar cada paso del camino. <a href=\"https:\/\/freeman-freeman.com\/es\/pongase-en-contacto-con\/\">P\u00f3ngase en contacto con nosotros<\/a> para programar una consulta y obtener m\u00e1s informaci\u00f3n sobre c\u00f3mo podemos ayudarle. Tambi\u00e9n estamos listos y dispuestos a responder a cualquier pregunta que pueda tener.<\/p>","protected":false},"excerpt":{"rendered":"<p>Reseda Wrongful Death Attorney If you are navigating the complexities of a wrongful death claim, it is imperative to seek out a Reseda wrongful death lawyer. While you are not required to hire a lawyer, doing so can have a significant impact on the outcome of your case. A seasoned lawyer can help you complete &hellip; <\/p>\n<p class=\"link-more\"><a href=\"https:\/\/freeman-freeman.com\/es\/reseda-wrongful-death-lawyer\/\" class=\"more-link\">Seguir leyendo<span class=\"screen-reader-text\"> &#8220;Reseda Wrongful Death Lawyer&#8221;<\/span><\/a><\/p>","protected":false},"author":1,"featured_media":0,"parent":0,"menu_order":0,"comment_status":"closed","ping_status":"closed","template":"","meta":{"_acf_changed":false,"footnotes":""},"class_list":["post-3077","page","type-page","status-publish","hentry","entry"],"acf":[],"yoast_head":"<!-- This site is optimized with the Yoast SEO plugin v27.5 - https:\/\/yoast.com\/product\/yoast-seo-wordpress\/ -->\n<title>Reseda Wrongful Death Lawyer - Free Consultation<\/title>\n<meta name=\"description\" content=\"Looking for a trusted Reseda wrongful death attorney? Freeman &amp; Freeman, LLP offers compassionate, experienced legal representation to help your family seek justice. Free consultation.\" \/>\n<meta name=\"robots\" content=\"index, follow, max-snippet:-1, max-image-preview:large, max-video-preview:-1\" \/>\n<link rel=\"canonical\" href=\"https:\/\/freeman-freeman.com\/es\/reseda-abogado-de-muerte-injusta\/\" \/>\n<meta property=\"og:locale\" content=\"es_MX\" \/>\n<meta property=\"og:type\" content=\"article\" \/>\n<meta property=\"og:title\" content=\"Reseda Wrongful Death Lawyer - Free Consultation\" \/>\n<meta property=\"og:description\" content=\"Looking for a trusted Reseda wrongful death attorney? Freeman &amp; Freeman, LLP offers compassionate, experienced legal representation to help your family seek justice. Free consultation.\" \/>\n<meta property=\"og:url\" content=\"https:\/\/freeman-freeman.com\/es\/reseda-abogado-de-muerte-injusta\/\" \/>\n<meta property=\"og:site_name\" content=\"Freeman &amp; Freeman, LLP\" \/>\n<meta property=\"article:publisher\" content=\"https:\/\/www.facebook.com\/FreemanFreemanLaw\" \/>\n<meta property=\"article:modified_time\" content=\"2025-07-01T10:03:20+00:00\" \/>\n<meta property=\"og:image\" content=\"https:\/\/freeman-freeman.com\/wp-content\/uploads\/2025\/06\/best-reseda-wrongful-death-lawyer.webp\" \/>\n\t<meta property=\"og:image:width\" content=\"800\" \/>\n\t<meta property=\"og:image:height\" content=\"400\" \/>\n\t<meta property=\"og:image:type\" content=\"image\/webp\" \/>\n<meta name=\"twitter:card\" content=\"summary_large_image\" \/>\n<meta name=\"twitter:site\" content=\"@FreemanFreeman1\" \/>\n<meta name=\"twitter:label1\" content=\"Tiempo de lectura\" \/>\n\t<meta name=\"twitter:data1\" content=\"5 minutos\" \/>\n<script type=\"application\/ld+json\" class=\"yoast-schema-graph\">{\"@context\":\"https:\\\/\\\/schema.org\",\"@graph\":[{\"@type\":\"WebPage\",\"@id\":\"https:\\\/\\\/freeman-freeman.com\\\/reseda-wrongful-death-lawyer\\\/\",\"url\":\"https:\\\/\\\/freeman-freeman.com\\\/reseda-wrongful-death-lawyer\\\/\",\"name\":\"Reseda Wrongful Death Lawyer - Free Consultation\",\"isPartOf\":{\"@id\":\"https:\\\/\\\/freeman-freeman.com\\\/#website\"},\"primaryImageOfPage\":{\"@id\":\"https:\\\/\\\/freeman-freeman.com\\\/reseda-wrongful-death-lawyer\\\/#primaryimage\"},\"image\":{\"@id\":\"https:\\\/\\\/freeman-freeman.com\\\/reseda-wrongful-death-lawyer\\\/#primaryimage\"},\"thumbnailUrl\":\"https:\\\/\\\/freeman-freeman.com\\\/wp-content\\\/uploads\\\/2025\\\/06\\\/best-reseda-wrongful-death-lawyer.webp\",\"datePublished\":\"2025-06-06T11:44:22+00:00\",\"dateModified\":\"2025-07-01T10:03:20+00:00\",\"description\":\"Looking for a trusted Reseda wrongful death attorney? Freeman & Freeman, LLP offers compassionate, experienced legal representation to help your family seek justice. Free consultation.\",\"inLanguage\":\"es\",\"potentialAction\":[{\"@type\":\"ReadAction\",\"target\":[\"https:\\\/\\\/freeman-freeman.com\\\/reseda-wrongful-death-lawyer\\\/\"]}]},{\"@type\":\"ImageObject\",\"inLanguage\":\"es\",\"@id\":\"https:\\\/\\\/freeman-freeman.com\\\/reseda-wrongful-death-lawyer\\\/#primaryimage\",\"url\":\"https:\\\/\\\/freeman-freeman.com\\\/wp-content\\\/uploads\\\/2025\\\/06\\\/best-reseda-wrongful-death-lawyer.webp\",\"contentUrl\":\"https:\\\/\\\/freeman-freeman.com\\\/wp-content\\\/uploads\\\/2025\\\/06\\\/best-reseda-wrongful-death-lawyer.webp\"},{\"@type\":\"WebSite\",\"@id\":\"https:\\\/\\\/freeman-freeman.com\\\/#website\",\"url\":\"https:\\\/\\\/freeman-freeman.com\\\/\",\"name\":\"Freeman &amp; Freeman, LLP\",\"description\":\"\",\"publisher\":{\"@id\":\"https:\\\/\\\/freeman-freeman.com\\\/#organization\"},\"potentialAction\":[{\"@type\":\"SearchAction\",\"target\":{\"@type\":\"EntryPoint\",\"urlTemplate\":\"https:\\\/\\\/freeman-freeman.com\\\/?s={search_term_string}\"},\"query-input\":{\"@type\":\"PropertyValueSpecification\",\"valueRequired\":true,\"valueName\":\"search_term_string\"}}],\"inLanguage\":\"es\"},{\"@type\":\"Organization\",\"@id\":\"https:\\\/\\\/freeman-freeman.com\\\/#organization\",\"name\":\"Freeman & Freeman, LLP\",\"url\":\"https:\\\/\\\/freeman-freeman.com\\\/\",\"logo\":{\"@type\":\"ImageObject\",\"inLanguage\":\"es\",\"@id\":\"https:\\\/\\\/freeman-freeman.com\\\/#\\\/schema\\\/logo\\\/image\\\/\",\"url\":\"https:\\\/\\\/freeman-freeman.com\\\/wp-content\\\/uploads\\\/2024\\\/01\\\/logo.jpg\",\"contentUrl\":\"https:\\\/\\\/freeman-freeman.com\\\/wp-content\\\/uploads\\\/2024\\\/01\\\/logo.jpg\",\"width\":674,\"height\":104,\"caption\":\"Freeman & Freeman, LLP\"},\"image\":{\"@id\":\"https:\\\/\\\/freeman-freeman.com\\\/#\\\/schema\\\/logo\\\/image\\\/\"},\"sameAs\":[\"https:\\\/\\\/www.facebook.com\\\/FreemanFreemanLaw\",\"https:\\\/\\\/x.com\\\/FreemanFreeman1\",\"https:\\\/\\\/www.linkedin.com\\\/company\\\/freeman-freeman-llp\"]}]}<\/script>\n<!-- \/ Yoast SEO plugin. -->","yoast_head_json":{"title":"Reseda Abogado de Muerte Injusta - Consulta Gratuita","description":"\u00bfBusca un abogado de confianza Reseda homicidio culposo? Freeman &amp; Freeman, LLP ofrece representaci\u00f3n legal compasiva y experimentada para ayudar a su familia a buscar justicia. Consulta gratuita.","robots":{"index":"index","follow":"follow","max-snippet":"max-snippet:-1","max-image-preview":"max-image-preview:large","max-video-preview":"max-video-preview:-1"},"canonical":"https:\/\/freeman-freeman.com\/es\/reseda-abogado-de-muerte-injusta\/","og_locale":"es_MX","og_type":"article","og_title":"Reseda Wrongful Death Lawyer - Free Consultation","og_description":"Looking for a trusted Reseda wrongful death attorney? Freeman & Freeman, LLP offers compassionate, experienced legal representation to help your family seek justice. Free consultation.","og_url":"https:\/\/freeman-freeman.com\/es\/reseda-abogado-de-muerte-injusta\/","og_site_name":"Freeman &amp; Freeman, LLP","article_publisher":"https:\/\/www.facebook.com\/FreemanFreemanLaw","article_modified_time":"2025-07-01T10:03:20+00:00","og_image":[{"width":800,"height":400,"url":"https:\/\/freeman-freeman.com\/wp-content\/uploads\/2025\/06\/best-reseda-wrongful-death-lawyer.webp","type":"image\/webp"}],"twitter_card":"summary_large_image","twitter_site":"@FreemanFreeman1","twitter_misc":{"Tiempo de lectura":"5 minutos"},"schema":{"@context":"https:\/\/schema.org","@graph":[{"@type":"WebPage","@id":"https:\/\/freeman-freeman.com\/reseda-wrongful-death-lawyer\/","url":"https:\/\/freeman-freeman.com\/reseda-wrongful-death-lawyer\/","name":"Reseda Abogado de Muerte Injusta - Consulta Gratuita","isPartOf":{"@id":"https:\/\/freeman-freeman.com\/#website"},"primaryImageOfPage":{"@id":"https:\/\/freeman-freeman.com\/reseda-wrongful-death-lawyer\/#primaryimage"},"image":{"@id":"https:\/\/freeman-freeman.com\/reseda-wrongful-death-lawyer\/#primaryimage"},"thumbnailUrl":"https:\/\/freeman-freeman.com\/wp-content\/uploads\/2025\/06\/best-reseda-wrongful-death-lawyer.webp","datePublished":"2025-06-06T11:44:22+00:00","dateModified":"2025-07-01T10:03:20+00:00","description":"\u00bfBusca un abogado de confianza Reseda homicidio culposo? Freeman &amp; Freeman, LLP ofrece representaci\u00f3n legal compasiva y experimentada para ayudar a su familia a buscar justicia. Consulta gratuita.","inLanguage":"es","potentialAction":[{"@type":"ReadAction","target":["https:\/\/freeman-freeman.com\/reseda-wrongful-death-lawyer\/"]}]},{"@type":"ImageObject","inLanguage":"es","@id":"https:\/\/freeman-freeman.com\/reseda-wrongful-death-lawyer\/#primaryimage","url":"https:\/\/freeman-freeman.com\/wp-content\/uploads\/2025\/06\/best-reseda-wrongful-death-lawyer.webp","contentUrl":"https:\/\/freeman-freeman.com\/wp-content\/uploads\/2025\/06\/best-reseda-wrongful-death-lawyer.webp"},{"@type":"WebSite","@id":"https:\/\/freeman-freeman.com\/#website","url":"https:\/\/freeman-freeman.com\/","name":"Freeman &amp; Freeman, LLP","description":"","publisher":{"@id":"https:\/\/freeman-freeman.com\/#organization"},"potentialAction":[{"@type":"SearchAction","target":{"@type":"EntryPoint","urlTemplate":"https:\/\/freeman-freeman.com\/?s={search_term_string}"},"query-input":{"@type":"PropertyValueSpecification","valueRequired":true,"valueName":"search_term_string"}}],"inLanguage":"es"},{"@type":"Organization","@id":"https:\/\/freeman-freeman.com\/#organization","name":"Freeman &amp; Freeman, LLP","url":"https:\/\/freeman-freeman.com\/","logo":{"@type":"ImageObject","inLanguage":"es","@id":"https:\/\/freeman-freeman.com\/#\/schema\/logo\/image\/","url":"https:\/\/freeman-freeman.com\/wp-content\/uploads\/2024\/01\/logo.jpg","contentUrl":"https:\/\/freeman-freeman.com\/wp-content\/uploads\/2024\/01\/logo.jpg","width":674,"height":104,"caption":"Freeman & Freeman, LLP"},"image":{"@id":"https:\/\/freeman-freeman.com\/#\/schema\/logo\/image\/"},"sameAs":["https:\/\/www.facebook.com\/FreemanFreemanLaw","https:\/\/x.com\/FreemanFreeman1","https:\/\/www.linkedin.com\/company\/freeman-freeman-llp"]}]}},"_links":{"self":[{"href":"https:\/\/freeman-freeman.com\/es\/wp-json\/wp\/v2\/pages\/3077","targetHints":{"allow":["GET"]}}],"collection":[{"href":"https:\/\/freeman-freeman.com\/es\/wp-json\/wp\/v2\/pages"}],"about":[{"href":"https:\/\/freeman-freeman.com\/es\/wp-json\/wp\/v2\/types\/page"}],"author":[{"embeddable":true,"href":"https:\/\/freeman-freeman.com\/es\/wp-json\/wp\/v2\/users\/1"}],"replies":[{"embeddable":true,"href":"https:\/\/freeman-freeman.com\/es\/wp-json\/wp\/v2\/comments?post=3077"}],"version-history":[{"count":8,"href":"https:\/\/freeman-freeman.com\/es\/wp-json\/wp\/v2\/pages\/3077\/revisions"}],"predecessor-version":[{"id":3103,"href":"https:\/\/freeman-freeman.com\/es\/wp-json\/wp\/v2\/pages\/3077\/revisions\/3103"}],"wp:attachment":[{"href":"https:\/\/freeman-freeman.com\/es\/wp-json\/wp\/v2\/media?parent=3077"}],"curies":[{"name":"wp","href":"https:\/\/api.w.org\/{rel}","templated":true}]}}