{"id":3106,"date":"2025-07-21T15:49:15","date_gmt":"2025-07-21T15:49:15","guid":{"rendered":"https:\/\/freeman-freeman.com\/?page_id=3106"},"modified":"2025-07-22T06:47:12","modified_gmt":"2025-07-22T06:47:12","slug":"van-nuys-abogado-de-homicidio-culposo","status":"publish","type":"page","link":"https:\/\/freeman-freeman.com\/es\/van-nuys-wrongful-death-lawyer\/","title":{"rendered":"Van Nuys Abogado de Muerte Injusta"},"content":{"rendered":"<div class=\"abt-img\"><img loading=\"lazy\" decoding=\"async\" class=\"alignnone wp-image-3097 size-full\" title=\"mejor abogado de van nuys homicidio culposo\" src=\"https:\/\/freeman-freeman.com\/wp-content\/uploads\/2025\/07\/best-van-nuys-wrongful-death-lawyer.webp\" alt=\"mejor abogado de van nuys homicidio culposo\" width=\"800\" height=\"400\" \/><\/div>\n<div>\n<h2>Van Nuys Abogado de Muerte Injusta<\/h2>\n<\/div>\n<p>Perder abruptamente a un ser querido es dif\u00edcil en cualquier circunstancia, pero se vuelve exponencialmente m\u00e1s dif\u00edcil cuando su muerte fue causada por otra persona. Tanto si esa persona actu\u00f3 con intenci\u00f3n como si la muerte de su ser querido fue el resultado de un accidente, usted se ve obligado a vivir el resto de su vida sin \u00e9l. Si usted ha perdido a un ser querido debido a las acciones de otra persona, se recomienda que se ponga en contacto con un abogado con experiencia en este tipo de casos. <strong>Van Nuys abogado de muerte injusta<\/strong>.<\/p>\n<p>Navegar por los recursos legales y determinar si el caso de su ser querido califica como homicidio culposo no ser\u00e1 f\u00e1cil, especialmente mientras usted tambi\u00e9n est\u00e1 lidiando con su dolor. Hablar con un abogado experto significa que puede determinar si tiene un caso y los posibles resultados si presenta una demanda por homicidio culposo. A <a href=\"https:\/\/freeman-freeman.com\/es\/abogado-de-lesiones-personales-en-van-nuys\/\">Van Nuys abogado de lesiones personales<\/a> intervenir puede permitirle centrarse en su vida y ayudar a sus seres queridos a superar la p\u00e9rdida.<\/p>\n<h2>Honesto y Compasivo Van Nuys Abogado de Muerte Injusta<\/h2>\n<p>Usted puede tener emociones complejas sobre la presentaci\u00f3n de un caso de homicidio culposo despu\u00e9s de la muerte de un ser querido, pero es importante recordar que la capacidad de presentar un caso de homicidio culposo existe por una raz\u00f3n. <a href=\"https:\/\/freeman-freeman.com\/es\/acerca-de\/\">Freeman &amp; Freeman, LLP<\/a>Nuestro equipo entiende lo dif\u00edcil que puede ser este proceso y puede ayudarle a gestionar el aspecto legal. Encontrar una cifra por la muerte de su ser querido puede parecer imposible, pero los miembros objetivos de nuestro equipo pueden utilizar precedentes legales para llegar a una cantidad adecuada a la que aspirar.<\/p>\n<p>Tras la muerte de un ser querido, no es raro que se acumulen las facturas y se agrave el trauma por la p\u00e9rdida. Podemos perseguir agresivamente la compensaci\u00f3n monetaria m\u00e1xima de la parte o entidad responsable, permiti\u00e9ndole espacio para sanar emocional y financieramente.<\/p>\n<h2>Tipos de indemnizaci\u00f3n disponibles en casos de homicidio culposo<\/h2>\n<p>En los casos de muerte por negligencia, hay dos tipos principales de da\u00f1os y perjuicios <a href=\"https:\/\/www.justice.gov\/archive\/victimcompensation\/law_ca.pdf\" target=\"_blank\" rel=\"noopener\">concedido a las familias<\/a>econ\u00f3micos y no econ\u00f3micos.<\/p>\n<p>Los da\u00f1os econ\u00f3micos est\u00e1n destinados a compensar a la familia superviviente por cualquier p\u00e9rdida financiera que haya sufrido como consecuencia de la muerte por negligencia de su ser querido. <strong>Estos da\u00f1os son cuantificables y generalmente incluyen:<\/strong><\/p>\n<ul>\n<li><strong>Gastos de sepelio y entierro:<\/strong>\u00a0Los costes del final de la vida pueden ser inmensos, sobre todo si son inesperados. En California, el <a href=\"https:\/\/worldpopulationreview.com\/state-rankings\/average-funeral-cost-by-state\" target=\"_blank\" rel=\"noopener\">coste medio de un servicio funerario<\/a> con enterramiento supera los $8.000.<\/li>\n<li><strong>Gastos m\u00e9dicos:<\/strong>\u00a0En muchos casos, habr\u00e1 gastos m\u00e9dicos relacionados con la lesi\u00f3n o enfermedad de su ser querido antes de su fallecimiento. Esto puede incluir facturas de hospital, medicamentos, cirug\u00edas y otros gastos sanitarios relacionados.<\/li>\n<li><strong>Salarios perdidos:<\/strong>\u00a0Es posible que pueda recuperar una indemnizaci\u00f3n por los salarios perdidos entre el momento de la lesi\u00f3n y la muerte de su ser querido. Adem\u00e1s, tambi\u00e9n se pueden recuperar los posibles ingresos futuros.<\/li>\n<li><strong>P\u00e9rdida de apoyo financiero:<\/strong>\u00a0Si su ser querido hubiera vivido, le habr\u00eda apoyado econ\u00f3micamente con sus ingresos, prestaciones y otras contribuciones previstas para el hogar.<\/li>\n<li><strong>P\u00e9rdida de prestaciones:<\/strong>\u00a0Si su ser querido aportaba gastos, como planes de pensiones, seguros m\u00e9dicos y prestaciones de jubilaci\u00f3n, \u00e9stos pueden recuperarse en una demanda por homicidio culposo.<\/li>\n<\/ul>\n<p>Los da\u00f1os no econ\u00f3micos se utilizan para compensar las p\u00e9rdidas intangibles de los familiares supervivientes. <strong>Estos valores son m\u00e1s subjetivos y pueden incluir:<\/strong><\/p>\n<ul>\n<li>Angustia emocional.<\/li>\n<li>P\u00e9rdida de compa\u00f1\u00eda.<\/li>\n<li>P\u00e9rdida de orientaci\u00f3n y apoyo.<\/li>\n<li>P\u00e9rdida de consorcio.<\/li>\n<\/ul>\n<p>En casos graves o atroces, pueden concederse da\u00f1os punitivos. Los da\u00f1os punitivos no se conceden en todos los casos, pero pueden solicitarse cuando las acciones del demandado son particularmente horrendas. Las circunstancias en las que pueden aplicarse los da\u00f1os punitivos incluyen el da\u00f1o intencionado, la negligencia extrema y la prevaricaci\u00f3n empresarial.<\/p>\n<h2>\u00bfPor qu\u00e9 contratar a un abogado de muerte injusta con Freeman y Freeman, LLP?<\/h2>\n<p>La elecci\u00f3n de un abogado para manejar su caso de muerte por negligencia puede sentirse abrumadora, ya que la elecci\u00f3n puede tener un impacto significativo en el resultado de su caso. <strong>Afortunadamente, usted puede sentirse seguro de que Freeman &amp; Freeman, LLP, es la elecci\u00f3n correcta porque tenemos:<\/strong><\/p>\n<ul>\n<li><strong>Experiencia:<\/strong>\u00a0Con m\u00e1s de 30 a\u00f1os de experiencia ayudando a nuestra comunidad en casos de homicidio culposo, hay pocas cosas que no hayamos visto antes. Esto nos da una ventaja al reunir pruebas y presentar nuestro caso.<\/li>\n<li><strong>Disponibilidad:<\/strong>\u00a0Nuestro equipo est\u00e1 formado por personal cualificado que responder\u00e1 r\u00e1pidamente a sus correos electr\u00f3nicos y llamadas. Nuestro equipo tambi\u00e9n habla tagalo y espa\u00f1ol con fluidez.<\/li>\n<li><strong>Confianza:<\/strong>\u00a0Tenemos un largo historial de comentarios positivos de clientes anteriores. Valoramos la confianza que nuestra comunidad ha depositado en nosotros y trabajaremos para mantener esa confianza con nuestros clientes actuales y futuros.<\/li>\n<\/ul>\n<h2>Preguntas frecuentes<\/h2>\n<h3>P: \u00bfCu\u00e1nto cobra un abogado por homicidio culposo?<\/h3>\n<p><strong>A:<\/strong> En <a href=\"https:\/\/en.wikipedia.org\/wiki\/Van_Nuys\" target=\"_blank\" rel=\"noopener\">Van Nuys<\/a>La cantidad que un abogado cobra por un caso de homicidio culposo a menudo depende de las circunstancias del caso, pero a menudo cobran en base a honorarios de contingencia. Esto significa que el abogado que lleve su caso cobrar\u00e1 sus honorarios como un porcentaje de la cantidad total recuperada. Puede haber gastos adicionales, sin embargo, en forma de honorarios de testigos expertos, tasas de presentaci\u00f3n, y los costos de investigaci\u00f3n.<\/p>\n<h3>P: \u00bfSon frecuentes las muertes por lesiones no intencionadas?<\/h3>\n<p><strong>A:<\/strong> En Estados Unidos, las lesiones no intencionadas o los accidentes fueron los <a href=\"https:\/\/wonder.cdc.gov\/controller\/datarequest\/D158;jsessionid=B1F97824F08210BABF278814BDFA\" target=\"_blank\" rel=\"noopener\">tercera causa de muerte<\/a> en 2023. M\u00e1s de 222.000 personas murieron como resultado de lesiones no intencionales durante este per\u00edodo de tiempo. Aunque no todas estas muertes califican para una demanda por homicidio culposo, es importante hablar con un abogado para explorar sus opciones.<\/p>\n<h3>P: \u00bfCu\u00e1les son las probabilidades de ganar una demanda por homicidio culposo en California?<\/h3>\n<p><strong>A:<\/strong> Las probabilidades de ganar una demanda por homicidio culposo en California dependen en gran medida de las circunstancias de la muerte de su ser querido. Generalmente es m\u00e1s f\u00e1cil recuperar una indemnizaci\u00f3n en casos como <a href=\"https:\/\/freeman-freeman.com\/es\/van-nuys-resbalon-y-caida-abogado\/\">responsabilidad de las instalaciones<\/a> o accidentes de autom\u00f3vil como <a href=\"https:\/\/freeman-freeman.com\/es\/abogado-de-accidentes-de-coche-en-van-nuys\/\">accidentes de tr\u00e1fico<\/a> que en un caso de negligencia m\u00e9dica. En cualquier caso, es importante que hable con un abogado de lesiones personales para discutir los detalles de su caso.<\/p>\n<h3>P: \u00bfMerece la pena presentar una demanda por homicidio por negligencia?<\/h3>\n<p><strong>A:<\/strong> Puede merecer la pena presentar una demanda por homicidio culposo, pero depende de la situaci\u00f3n, de las circunstancias de la muerte de su ser querido y de la parte culpable. Cada caso es \u00fanico y requiere un enfoque experto para maximizar la cantidad que puede recuperar como resultado de la demanda por homicidio culposo. En <strong>abogado con experiencia en homicidio culposo<\/strong> puede examinar su caso y ayudarle a determinar si presentar la demanda merece la pena en sus circunstancias.<\/p>\n<h2>Un experimentado equipo de Van Nuys muerte injusta<\/h2>\n<p>Van Nuys es una parte vibrante y diversa del Valle de San Fernando, hogar de familias trabajadoras, peque\u00f1as empresas y una comunidad muy unida. Cuando ocurre una tragedia, los residentes aqu\u00ed merecen defensores legales de confianza que entiendan sus necesidades.  Si usted perdi\u00f3 a un ser querido, Freeman &amp; Freeman, LLP, est\u00e1 listo para apoyarlo a usted y a su caso legal durante este tiempo dif\u00edcil. <a href=\"https:\/\/freeman-freeman.com\/es\/pongase-en-contacto-con\/\">P\u00f3ngase en contacto con nuestra oficina<\/a> para una consulta sobre su posible demanda por homicidio culposo.<\/p>","protected":false},"excerpt":{"rendered":"<p>Van Nuys Wrongful Death Attorney Abruptly losing a loved one is difficult under any circumstances, but it becomes exponentially more difficult when their death was caused by another person. Whether that person was acting with intent or your loved one\u2019s death was a result of an accident, you are still forced to live the rest &hellip; <\/p>\n<p class=\"link-more\"><a href=\"https:\/\/freeman-freeman.com\/es\/van-nuys-wrongful-death-lawyer\/\" class=\"more-link\">Seguir leyendo<span class=\"screen-reader-text\"> &#8220;Van Nuys Wrongful Death Lawyer&#8221;<\/span><\/a><\/p>","protected":false},"author":1,"featured_media":0,"parent":0,"menu_order":0,"comment_status":"closed","ping_status":"closed","template":"","meta":{"_acf_changed":false,"footnotes":""},"class_list":["post-3106","page","type-page","status-publish","hentry","entry"],"acf":[],"yoast_head":"<!-- This site is optimized with the Yoast SEO plugin v27.5 - https:\/\/yoast.com\/product\/yoast-seo-wordpress\/ -->\n<title>Van Nuys Wrongful Death Lawyer - Free Consultation<\/title>\n<meta name=\"description\" content=\"Van Nuys Wrongful Death Lawyer \u2013 Freeman &amp; Freeman, LLP offers trusted legal help for families seeking justice after a wrongful death.\" \/>\n<meta name=\"robots\" content=\"index, follow, max-snippet:-1, max-image-preview:large, max-video-preview:-1\" \/>\n<link rel=\"canonical\" href=\"https:\/\/freeman-freeman.com\/es\/van-nuys-abogado-de-homicidio-culposo\/\" \/>\n<meta property=\"og:locale\" content=\"es_MX\" \/>\n<meta property=\"og:type\" content=\"article\" \/>\n<meta property=\"og:title\" content=\"Van Nuys Wrongful Death Lawyer - Free Consultation\" \/>\n<meta property=\"og:description\" content=\"Van Nuys Wrongful Death Lawyer \u2013 Freeman &amp; Freeman, LLP offers trusted legal help for families seeking justice after a wrongful death.\" \/>\n<meta property=\"og:url\" content=\"https:\/\/freeman-freeman.com\/es\/van-nuys-abogado-de-homicidio-culposo\/\" \/>\n<meta property=\"og:site_name\" content=\"Freeman &amp; Freeman, LLP\" \/>\n<meta property=\"article:publisher\" content=\"https:\/\/www.facebook.com\/FreemanFreemanLaw\" \/>\n<meta property=\"article:modified_time\" content=\"2025-07-22T06:47:12+00:00\" \/>\n<meta property=\"og:image\" content=\"https:\/\/freeman-freeman.com\/wp-content\/uploads\/2025\/06\/best-reseda-wrongful-death-lawyer.webp\" \/>\n\t<meta property=\"og:image:width\" content=\"800\" \/>\n\t<meta property=\"og:image:height\" content=\"400\" \/>\n\t<meta property=\"og:image:type\" content=\"image\/webp\" \/>\n<meta name=\"twitter:card\" content=\"summary_large_image\" \/>\n<meta name=\"twitter:site\" content=\"@FreemanFreeman1\" \/>\n<meta name=\"twitter:label1\" content=\"Tiempo de lectura\" \/>\n\t<meta name=\"twitter:data1\" content=\"6 minutos\" \/>\n<script type=\"application\/ld+json\" class=\"yoast-schema-graph\">{\"@context\":\"https:\\\/\\\/schema.org\",\"@graph\":[{\"@type\":\"WebPage\",\"@id\":\"https:\\\/\\\/freeman-freeman.com\\\/van-nuys-wrongful-death-lawyer\\\/\",\"url\":\"https:\\\/\\\/freeman-freeman.com\\\/van-nuys-wrongful-death-lawyer\\\/\",\"name\":\"Van Nuys Wrongful Death Lawyer - Free Consultation\",\"isPartOf\":{\"@id\":\"https:\\\/\\\/freeman-freeman.com\\\/#website\"},\"primaryImageOfPage\":{\"@id\":\"https:\\\/\\\/freeman-freeman.com\\\/van-nuys-wrongful-death-lawyer\\\/#primaryimage\"},\"image\":{\"@id\":\"https:\\\/\\\/freeman-freeman.com\\\/van-nuys-wrongful-death-lawyer\\\/#primaryimage\"},\"thumbnailUrl\":\"https:\\\/\\\/freeman-freeman.com\\\/wp-content\\\/uploads\\\/2025\\\/07\\\/best-van-nuys-wrongful-death-lawyer.webp\",\"datePublished\":\"2025-07-21T15:49:15+00:00\",\"dateModified\":\"2025-07-22T06:47:12+00:00\",\"description\":\"Van Nuys Wrongful Death Lawyer \u2013 Freeman & Freeman, LLP offers trusted legal help for families seeking justice after a wrongful death.\",\"inLanguage\":\"es\",\"potentialAction\":[{\"@type\":\"ReadAction\",\"target\":[\"https:\\\/\\\/freeman-freeman.com\\\/van-nuys-wrongful-death-lawyer\\\/\"]}]},{\"@type\":\"ImageObject\",\"inLanguage\":\"es\",\"@id\":\"https:\\\/\\\/freeman-freeman.com\\\/van-nuys-wrongful-death-lawyer\\\/#primaryimage\",\"url\":\"https:\\\/\\\/freeman-freeman.com\\\/wp-content\\\/uploads\\\/2025\\\/07\\\/best-van-nuys-wrongful-death-lawyer.webp\",\"contentUrl\":\"https:\\\/\\\/freeman-freeman.com\\\/wp-content\\\/uploads\\\/2025\\\/07\\\/best-van-nuys-wrongful-death-lawyer.webp\"},{\"@type\":\"WebSite\",\"@id\":\"https:\\\/\\\/freeman-freeman.com\\\/#website\",\"url\":\"https:\\\/\\\/freeman-freeman.com\\\/\",\"name\":\"Freeman &amp; Freeman, LLP\",\"description\":\"\",\"publisher\":{\"@id\":\"https:\\\/\\\/freeman-freeman.com\\\/#organization\"},\"potentialAction\":[{\"@type\":\"SearchAction\",\"target\":{\"@type\":\"EntryPoint\",\"urlTemplate\":\"https:\\\/\\\/freeman-freeman.com\\\/?s={search_term_string}\"},\"query-input\":{\"@type\":\"PropertyValueSpecification\",\"valueRequired\":true,\"valueName\":\"search_term_string\"}}],\"inLanguage\":\"es\"},{\"@type\":\"Organization\",\"@id\":\"https:\\\/\\\/freeman-freeman.com\\\/#organization\",\"name\":\"Freeman & Freeman, LLP\",\"url\":\"https:\\\/\\\/freeman-freeman.com\\\/\",\"logo\":{\"@type\":\"ImageObject\",\"inLanguage\":\"es\",\"@id\":\"https:\\\/\\\/freeman-freeman.com\\\/#\\\/schema\\\/logo\\\/image\\\/\",\"url\":\"https:\\\/\\\/freeman-freeman.com\\\/wp-content\\\/uploads\\\/2024\\\/01\\\/logo.jpg\",\"contentUrl\":\"https:\\\/\\\/freeman-freeman.com\\\/wp-content\\\/uploads\\\/2024\\\/01\\\/logo.jpg\",\"width\":674,\"height\":104,\"caption\":\"Freeman & Freeman, LLP\"},\"image\":{\"@id\":\"https:\\\/\\\/freeman-freeman.com\\\/#\\\/schema\\\/logo\\\/image\\\/\"},\"sameAs\":[\"https:\\\/\\\/www.facebook.com\\\/FreemanFreemanLaw\",\"https:\\\/\\\/x.com\\\/FreemanFreeman1\",\"https:\\\/\\\/www.linkedin.com\\\/company\\\/freeman-freeman-llp\"]}]}<\/script>\n<!-- \/ Yoast SEO plugin. -->","yoast_head_json":{"title":"Van Nuys Abogado de Muerte Injusta - Consulta Gratuita","description":"Van Nuys Abogado de Muerte Injusta - Freeman &amp; Freeman, LLP ofrece ayuda legal de confianza para las familias que buscan justicia despu\u00e9s de una muerte injusta.","robots":{"index":"index","follow":"follow","max-snippet":"max-snippet:-1","max-image-preview":"max-image-preview:large","max-video-preview":"max-video-preview:-1"},"canonical":"https:\/\/freeman-freeman.com\/es\/van-nuys-abogado-de-homicidio-culposo\/","og_locale":"es_MX","og_type":"article","og_title":"Van Nuys Wrongful Death Lawyer - Free Consultation","og_description":"Van Nuys Wrongful Death Lawyer \u2013 Freeman & Freeman, LLP offers trusted legal help for families seeking justice after a wrongful death.","og_url":"https:\/\/freeman-freeman.com\/es\/van-nuys-abogado-de-homicidio-culposo\/","og_site_name":"Freeman &amp; Freeman, LLP","article_publisher":"https:\/\/www.facebook.com\/FreemanFreemanLaw","article_modified_time":"2025-07-22T06:47:12+00:00","og_image":[{"width":800,"height":400,"url":"https:\/\/freeman-freeman.com\/wp-content\/uploads\/2025\/06\/best-reseda-wrongful-death-lawyer.webp","type":"image\/webp"}],"twitter_card":"summary_large_image","twitter_site":"@FreemanFreeman1","twitter_misc":{"Tiempo de lectura":"6 minutos"},"schema":{"@context":"https:\/\/schema.org","@graph":[{"@type":"WebPage","@id":"https:\/\/freeman-freeman.com\/van-nuys-wrongful-death-lawyer\/","url":"https:\/\/freeman-freeman.com\/van-nuys-wrongful-death-lawyer\/","name":"Van Nuys Abogado de Muerte Injusta - Consulta Gratuita","isPartOf":{"@id":"https:\/\/freeman-freeman.com\/#website"},"primaryImageOfPage":{"@id":"https:\/\/freeman-freeman.com\/van-nuys-wrongful-death-lawyer\/#primaryimage"},"image":{"@id":"https:\/\/freeman-freeman.com\/van-nuys-wrongful-death-lawyer\/#primaryimage"},"thumbnailUrl":"https:\/\/freeman-freeman.com\/wp-content\/uploads\/2025\/07\/best-van-nuys-wrongful-death-lawyer.webp","datePublished":"2025-07-21T15:49:15+00:00","dateModified":"2025-07-22T06:47:12+00:00","description":"Van Nuys Abogado de Muerte Injusta - Freeman &amp; Freeman, LLP ofrece ayuda legal de confianza para las familias que buscan justicia despu\u00e9s de una muerte injusta.","inLanguage":"es","potentialAction":[{"@type":"ReadAction","target":["https:\/\/freeman-freeman.com\/van-nuys-wrongful-death-lawyer\/"]}]},{"@type":"ImageObject","inLanguage":"es","@id":"https:\/\/freeman-freeman.com\/van-nuys-wrongful-death-lawyer\/#primaryimage","url":"https:\/\/freeman-freeman.com\/wp-content\/uploads\/2025\/07\/best-van-nuys-wrongful-death-lawyer.webp","contentUrl":"https:\/\/freeman-freeman.com\/wp-content\/uploads\/2025\/07\/best-van-nuys-wrongful-death-lawyer.webp"},{"@type":"WebSite","@id":"https:\/\/freeman-freeman.com\/#website","url":"https:\/\/freeman-freeman.com\/","name":"Freeman &amp; Freeman, LLP","description":"","publisher":{"@id":"https:\/\/freeman-freeman.com\/#organization"},"potentialAction":[{"@type":"SearchAction","target":{"@type":"EntryPoint","urlTemplate":"https:\/\/freeman-freeman.com\/?s={search_term_string}"},"query-input":{"@type":"PropertyValueSpecification","valueRequired":true,"valueName":"search_term_string"}}],"inLanguage":"es"},{"@type":"Organization","@id":"https:\/\/freeman-freeman.com\/#organization","name":"Freeman &amp; Freeman, LLP","url":"https:\/\/freeman-freeman.com\/","logo":{"@type":"ImageObject","inLanguage":"es","@id":"https:\/\/freeman-freeman.com\/#\/schema\/logo\/image\/","url":"https:\/\/freeman-freeman.com\/wp-content\/uploads\/2024\/01\/logo.jpg","contentUrl":"https:\/\/freeman-freeman.com\/wp-content\/uploads\/2024\/01\/logo.jpg","width":674,"height":104,"caption":"Freeman & Freeman, LLP"},"image":{"@id":"https:\/\/freeman-freeman.com\/#\/schema\/logo\/image\/"},"sameAs":["https:\/\/www.facebook.com\/FreemanFreemanLaw","https:\/\/x.com\/FreemanFreeman1","https:\/\/www.linkedin.com\/company\/freeman-freeman-llp"]}]}},"_links":{"self":[{"href":"https:\/\/freeman-freeman.com\/es\/wp-json\/wp\/v2\/pages\/3106","targetHints":{"allow":["GET"]}}],"collection":[{"href":"https:\/\/freeman-freeman.com\/es\/wp-json\/wp\/v2\/pages"}],"about":[{"href":"https:\/\/freeman-freeman.com\/es\/wp-json\/wp\/v2\/types\/page"}],"author":[{"embeddable":true,"href":"https:\/\/freeman-freeman.com\/es\/wp-json\/wp\/v2\/users\/1"}],"replies":[{"embeddable":true,"href":"https:\/\/freeman-freeman.com\/es\/wp-json\/wp\/v2\/comments?post=3106"}],"version-history":[{"count":5,"href":"https:\/\/freeman-freeman.com\/es\/wp-json\/wp\/v2\/pages\/3106\/revisions"}],"predecessor-version":[{"id":3121,"href":"https:\/\/freeman-freeman.com\/es\/wp-json\/wp\/v2\/pages\/3106\/revisions\/3121"}],"wp:attachment":[{"href":"https:\/\/freeman-freeman.com\/es\/wp-json\/wp\/v2\/media?parent=3106"}],"curies":[{"name":"wp","href":"https:\/\/api.w.org\/{rel}","templated":true}]}}