{"id":3126,"date":"2025-08-11T12:58:04","date_gmt":"2025-08-11T12:58:04","guid":{"rendered":"https:\/\/freeman-freeman.com\/?page_id=3126"},"modified":"2025-08-12T14:36:34","modified_gmt":"2025-08-12T14:36:34","slug":"sherman-oaks-abogado-de-muerte-injusta","status":"publish","type":"page","link":"https:\/\/freeman-freeman.com\/es\/sherman-oaks-wrongful-death-lawyer\/","title":{"rendered":"Sherman Oaks Abogado de Muerte Injusta"},"content":{"rendered":"<h2>Sherman Oaks Abogado de Muerte Injusta<\/h2>\n<div class=\"abt-img\"><img loading=\"lazy\" decoding=\"async\" class=\"alignnone size-full wp-image-3130\" src=\"https:\/\/freeman-freeman.com\/wp-content\/uploads\/2025\/08\/wrongful-death-lawyer-in-sherman-oaks.webp\" alt=\"abogado de homicidio culposo en sherman oaks\" width=\"800\" height=\"400\" srcset=\"https:\/\/freeman-freeman.com\/wp-content\/uploads\/2025\/08\/wrongful-death-lawyer-in-sherman-oaks.webp 800w, https:\/\/freeman-freeman.com\/wp-content\/uploads\/2025\/08\/wrongful-death-lawyer-in-sherman-oaks-300x150.webp 300w, https:\/\/freeman-freeman.com\/wp-content\/uploads\/2025\/08\/wrongful-death-lawyer-in-sherman-oaks-768x384.webp 768w, https:\/\/freeman-freeman.com\/wp-content\/uploads\/2025\/08\/wrongful-death-lawyer-in-sherman-oaks-18x9.webp 18w\" sizes=\"auto, (max-width: 800px) 100vw, 800px\" \/><\/div>\n<p>Las demandas por homicidio culposo pueden ser un momento complejo y frustrante para la mayor\u00eda de los californianos. La p\u00e9rdida de un ser querido deja estresantes asuntos legales de los que ocuparse, todo ello mientras se vive el duelo. A <strong>Sherman Oaks abogado de muerte injusta<\/strong> puede ayudarle con su reclamaci\u00f3n. Pueden ayudarte a preparar tu caso, rellenar formularios y reunir las pruebas que necesitas mientras t\u00fa te centras en otros asuntos urgentes.<\/p>\n<h2>C\u00f3mo Freeman y Freeman, LLP, puede ayudar con su demanda por muerte injusta en Sherman Oaks<\/h2>\n<p><a href=\"https:\/\/freeman-freeman.com\/es\/acerca-de\/\">Freeman &amp; Freeman, LLP<\/a>El bufete de abogados de Los Angeles, California, tiene d\u00e9cadas de experiencia litigando casos de lesiones personales y homicidio culposo en la regi\u00f3n de Los Angeles. Entendemos el impacto devastador que una muerte evitable puede tener en su familia, y estamos aqu\u00ed para llevar a las partes responsables ante la justicia.<\/p>\n<p>Nuestra <a href=\"https:\/\/freeman-freeman.com\/es\/abogado-de-lesiones-personales-en-sherman-oaks\/\">Sherman Oaks abogados de lesiones personales<\/a> puede luchar para lograr el resultado que usted se merece. Socios <a href=\"https:\/\/freeman-freeman.com\/es\/acerca-de\/freeman-stan-h\/\">Stan H. Freeman<\/a> &amp; <a href=\"https:\/\/freeman-freeman.com\/es\/acerca-de\/freeman-steven-m\/\">Steven M. Freeman<\/a> ambos han servido en la Asociaci\u00f3n de Abogados del Consumidor de Los \u00c1ngeles. Con ambos socios nombrados Super Lawyers, tenemos las habilidades necesarias para ayudar en su demanda por muerte injusta.<\/p>\n<h2>Sherman Oaks, California, Leyes de Muerte Injusta<\/h2>\n<p>Las demandas por homicidio culposo son m\u00e1s frecuentes de lo que deber\u00edan. En 2023, el<a href=\"https:\/\/injuryfacts.nsc.org\/state-data\/deaths-by-state\/\" target=\"_blank\" rel=\"noopener\"> tercera causa<\/a> de muertes en California fueron lesiones evitables o accidentales. En el a\u00f1o fiscal de 2022-2023, hubo <a href=\"https:\/\/courts.ca.gov\/sites\/default\/files\/courts\/default\/2024-12\/2024-court-statistics-report.pdf\" target=\"_blank\" rel=\"noopener\">40.102 muerte por negligencia<\/a>Las reclamaciones por accidentes de tr\u00e1fico, da\u00f1os materiales y lesiones personales tienen lugar aproximadamente 43% en Los \u00c1ngeles.<\/p>\n<p><a href=\"https:\/\/leginfo.legislature.ca.gov\/faces\/codes_displaySection.xhtml?lawCode=CCP&amp;sectionNum=377.60.\" target=\"_blank\" rel=\"noopener\">C\u00f3digo de Procedimiento Civil de California<\/a> define la muerte por negligencia como cualquier muerte causada por el acto il\u00edcito o negligencia de otra parte. Las reclamaciones por homicidio culposo se basan en demostrar con pruebas que la muerte fue causada por la otra parte.<\/p>\n<p>La mayor\u00eda de las demandas por muerte por negligencia tienen un<a href=\"https:\/\/leginfo.legislature.ca.gov\/faces\/codes_displaySection.xhtml?sectionNum=335.1&amp;lawCode=CCP\" target=\"_blank\" rel=\"noopener\"> dos a\u00f1os<\/a> plazo para presentar la demanda a partir de la fecha del fallecimiento. Si el fallecimiento se debe a una negligencia m\u00e9dica, el plazo de prescripci\u00f3n puede ser<a href=\"https:\/\/leginfo.legislature.ca.gov\/faces\/codes_displaySection.xhtml?sectionNum=340.5&amp;lawCode=CCP\" target=\"_blank\" rel=\"noopener\"> un a\u00f1o<\/a> desde su descubrimiento o tres a\u00f1os desde que se produjo, lo que ocurra primero.<\/p>\n<h2>Ejemplos de homicidio culposo<\/h2>\n<p>Usted puede no estar seguro si su caso califica como homicidio culposo en Sherman Oaks. <strong>Los siguientes son algunos de los tipos m\u00e1s comunes de demandas por homicidio culposo presentadas en California:<\/strong><\/p>\n<ul>\n<li><strong>Negligencia m\u00e9dica:<\/strong>\u00a0Las muertes en esta categor\u00eda son causadas por negligencia m\u00e9dica o accidentes irrazonables. Si su ser querido muri\u00f3 debido a la atenci\u00f3n m\u00e9dica en el Hospital Sherman Oaks, esto puede ser aplicable a su caso.<\/li>\n<li><strong><a href=\"https:\/\/freeman-freeman.com\/es\/sherman-oaks-abogado-de-accidente-de-coche\/\">Accidentes de tr\u00e1fico:<\/a><\/strong>\u00a0Si el otro conductor fue responsable de un accidente que mat\u00f3 a un ser querido, es posible que pueda presentar una demanda por homicidio culposo. Los accidentes pueden ocurrir en cualquier parte de la ciudad, desde carreteras principales como Sepulveda Boulevard hasta avenidas m\u00e1s peque\u00f1as y de baja velocidad.<\/li>\n<li><strong>Producto defectuoso:<\/strong>\u00a0Los accidentes pueden estar causados por productos defectuosos. Los fallos de funcionamiento, las pruebas de calidad deficientes y la ausencia de etiquetas de advertencia en los productos manufacturados pueden provocar muertes por negligencia.<\/li>\n<li><strong>Acci\u00f3n penal:<\/strong>\u00a0Las muertes causadas por actos delictivos, como robos, agresiones u homicidios, pueden ser reclamaciones v\u00e1lidas por homicidio culposo.<\/li>\n<li><strong>Accidentes relacionados con la propiedad:<\/strong>\u00a0Se espera que tanto los propietarios privados como los p\u00fablicos mantengan un nivel de seguridad. <a href=\"https:\/\/freeman-freeman.com\/es\/sherman-oaks-resbalon-y-caida-abogado\/\">Resbalones y ca\u00eddas<\/a>Tambi\u00e9n pueden serlo los ahogamientos en piscinas u otras muertes por negligencia en el mantenimiento de bienes inmuebles.<\/li>\n<\/ul>\n<h2>Por qu\u00e9 debe contratar a un abogado de homicidio culposo<\/h2>\n<p>En <a href=\"https:\/\/en.wikipedia.org\/wiki\/Sherman_Oaks,_Los_Angeles\" target=\"_blank\" rel=\"noopener\">Sherman Oaks<\/a>Trabajar por su cuenta en una compleja demanda por homicidio culposo puede ser abrumador en un momento ya de por s\u00ed estresante. Contrate a un abogado especializado en homicidio culposo para que le ayude en el proceso. Ellos pueden estar ah\u00ed en cada paso del camino, desde la presentaci\u00f3n inicial de la reclamaci\u00f3n hasta la negociaci\u00f3n de un acuerdo preferible. <a href=\"https:\/\/freeman-freeman.com\/es\/blog\/cantidades-de-acuerdos-por-lesiones-personales-ejemplos-en-california\/\">liquidaci\u00f3n<\/a> o abogar por usted en un juicio.<\/p>\n<p>Un abogado de homicidio culposo sabe qu\u00e9 pruebas para centrarse en, c\u00f3mo reunir el testimonio de testigos, y muchas otras maneras de ayudar con su reclamo. Su abogado estar\u00e1 bien versado en la jurisprudencia y el c\u00f3digo de California, gui\u00e1ndole a trav\u00e9s de su caso. Usted no tiene que pasar por este momento dif\u00edcil solo.<\/p>\n<h2>Preguntas frecuentes<\/h2>\n<h3>P: \u00bfCu\u00e1nto cuestan los abogados de homicidio culposo en California?<\/h3>\n<p><strong>A:<\/strong> El coste de un abogado especializado en homicidio culposo var\u00eda en funci\u00f3n del caso, la regi\u00f3n y la complejidad. Algunos abogados pueden ofrecer una estructura de pago basada en los resultados, donde sus facturas se basan en un porcentaje del resultado ganador. Otros pueden cobrar por hora o por anticipado. Hable con su abogado de homicidio culposo para obtener una mejor comprensi\u00f3n de lo que ser\u00e1n los honorarios finales.<\/p>\n<h3>P: \u00bfEs obligatorio un juicio para las demandas por homicidio culposo en Sherman Oaks?<\/h3>\n<p><strong>A:<\/strong> Las demandas por homicidio culposo no est\u00e1n obligadas a ir a juicio. Un estudio reciente del Consejo Judicial de California encontr\u00f3 que<a href=\"https:\/\/courts.ca.gov\/sites\/default\/files\/courts\/default\/2024-12\/2022-court-statistics-report.pdf\" target=\"_blank\" rel=\"noopener\"> menos de 1%<\/a> de las demandas por lesiones personales, incluida la muerte por negligencia, llegan a juicio. La inmensa mayor\u00eda acaban llegando a un acuerdo antes de entrar en <a href=\"https:\/\/www.lacourt.ca.gov\/pages\/cp\/gi-courthouses-all\" target=\"_blank\" rel=\"noopener\">tribunal<\/a>. Su abogado de homicidio culposo puede ayudarle en las negociaciones del acuerdo.<\/p>\n<h3>P: \u00bfCu\u00e1l es la indemnizaci\u00f3n media por homicidio culposo en California?<\/h3>\n<p><strong>A:<\/strong> Las indemnizaciones por homicidio culposo no tienen una media exacta. Los detalles de cada caso, como el grado de responsabilidad y los da\u00f1os implicados, var\u00edan demasiado. Un abogado especializado en homicidio culposo puede examinar su caso y proporcionarle una estimaci\u00f3n de lo que puede recibir si decide llegar a un acuerdo.<\/p>\n<h3>P: \u00bfQu\u00e9 da\u00f1os y perjuicios puede recibir en una demanda por homicidio culposo en Sherman Oaks?<\/h3>\n<p><strong>A:<\/strong> La compensaci\u00f3n que usted puede recibir en su demanda por homicidio culposo en Sherman Oaks depende de las formas en que la p\u00e9rdida lo impact\u00f3. Algunos ejemplos de los da\u00f1os a los que puede tener derecho incluyen:<\/p>\n<ul>\n<li>Facturas m\u00e9dicas anteriores al fallecimiento<\/li>\n<li>P\u00e9rdida de apoyo financiero<\/li>\n<li>Dolor y sufrimiento<\/li>\n<li>Gastos funerarios<\/li>\n<\/ul>\n<p>Los importes exactos de cada tipo de indemnizaci\u00f3n var\u00edan en funci\u00f3n del fallecido y de las circunstancias que rodearon su muerte.<\/p>\n<h2>P\u00f3ngase en contacto con Freeman &amp; Freeman, LLP, hoy para obtener ayuda con su demanda por muerte injusta<\/h2>\n<p>Perder a un ser querido siempre es dif\u00edcil. Entendemos que las demandas legales pueden ser intimidantes, y estamos aqu\u00ed para proporcionar apoyo. Freeman &amp; Freeman, LLP, ha ganado muchas demandas para residentes de Sherman Oaks y el \u00e1rea metropolitana de Los \u00c1ngeles, con algunos casos <a href=\"https:\/\/freeman-freeman.com\/es\/resultados-del-caso\/\">millones para nuestros clientes<\/a>.<\/p>\n<p>Estamos aqu\u00ed para ayudarle. <a href=\"https:\/\/freeman-freeman.com\/es\/pongase-en-contacto-con\/\">Hable con nosotros hoy mismo<\/a> para una consulta gratuita donde podamos conocer su historia y discutir sus opciones. Tambi\u00e9n puede visitar nuestra oficina de Woodland Hills, ubicada en Burbank Boulevard, justo al final de la calle de Kaiser Permanente Woodland Hills Medical Center.<\/p>","protected":false},"excerpt":{"rendered":"<p>Sherman Oaks Wrongful Death Attorney Wrongful death claims can be a complex, frustrating time for most Californians. The loss of someone you care for leaves stressful legal issues to take care of, all while grieving. A Sherman Oaks wrongful death lawyer can help you with your claim. They can help build your case, fill out &hellip; <\/p>\n<p class=\"link-more\"><a href=\"https:\/\/freeman-freeman.com\/es\/sherman-oaks-wrongful-death-lawyer\/\" class=\"more-link\">Seguir leyendo<span class=\"screen-reader-text\"> &#8220;Sherman Oaks Wrongful Death Lawyer&#8221;<\/span><\/a><\/p>","protected":false},"author":1,"featured_media":0,"parent":0,"menu_order":0,"comment_status":"closed","ping_status":"closed","template":"","meta":{"_acf_changed":false,"footnotes":""},"class_list":["post-3126","page","type-page","status-publish","hentry","entry"],"acf":[],"yoast_head":"<!-- This site is optimized with the Yoast SEO plugin v27.5 - https:\/\/yoast.com\/product\/yoast-seo-wordpress\/ -->\n<title>Sherman Oaks Wrongful Death Lawyer - Free Consultation<\/title>\n<meta name=\"description\" content=\"Sherman Oaks Wrongful Death Lawyer at Freeman &amp; Freeman, LLP offers compassionate legal support to help families seek justice and fair compensation.\" \/>\n<meta name=\"robots\" content=\"index, follow, max-snippet:-1, max-image-preview:large, max-video-preview:-1\" \/>\n<link rel=\"canonical\" href=\"https:\/\/freeman-freeman.com\/es\/sherman-oaks-abogado-de-muerte-injusta\/\" \/>\n<meta property=\"og:locale\" content=\"es_MX\" \/>\n<meta property=\"og:type\" content=\"article\" \/>\n<meta property=\"og:title\" content=\"Sherman Oaks Wrongful Death Lawyer - Free Consultation\" \/>\n<meta property=\"og:description\" content=\"Sherman Oaks Wrongful Death Lawyer at Freeman &amp; Freeman, LLP offers compassionate legal support to help families seek justice and fair compensation.\" \/>\n<meta property=\"og:url\" content=\"https:\/\/freeman-freeman.com\/es\/sherman-oaks-abogado-de-muerte-injusta\/\" \/>\n<meta property=\"og:site_name\" content=\"Freeman &amp; Freeman, LLP\" \/>\n<meta property=\"article:publisher\" content=\"https:\/\/www.facebook.com\/FreemanFreemanLaw\" \/>\n<meta property=\"article:modified_time\" content=\"2025-08-12T14:36:34+00:00\" \/>\n<meta property=\"og:image\" content=\"https:\/\/freeman-freeman.com\/wp-content\/uploads\/2025\/08\/wrongful-death-lawyer-in-sherman-oaks.webp\" \/>\n\t<meta property=\"og:image:width\" content=\"800\" \/>\n\t<meta property=\"og:image:height\" content=\"400\" \/>\n\t<meta property=\"og:image:type\" content=\"image\/webp\" \/>\n<meta name=\"twitter:card\" content=\"summary_large_image\" \/>\n<meta name=\"twitter:site\" content=\"@FreemanFreeman1\" \/>\n<meta name=\"twitter:label1\" content=\"Tiempo de lectura\" \/>\n\t<meta name=\"twitter:data1\" content=\"5 minutos\" \/>\n<script type=\"application\/ld+json\" class=\"yoast-schema-graph\">{\"@context\":\"https:\\\/\\\/schema.org\",\"@graph\":[{\"@type\":\"WebPage\",\"@id\":\"https:\\\/\\\/freeman-freeman.com\\\/sherman-oaks-wrongful-death-lawyer\\\/\",\"url\":\"https:\\\/\\\/freeman-freeman.com\\\/sherman-oaks-wrongful-death-lawyer\\\/\",\"name\":\"Sherman Oaks Wrongful Death Lawyer - Free Consultation\",\"isPartOf\":{\"@id\":\"https:\\\/\\\/freeman-freeman.com\\\/#website\"},\"primaryImageOfPage\":{\"@id\":\"https:\\\/\\\/freeman-freeman.com\\\/sherman-oaks-wrongful-death-lawyer\\\/#primaryimage\"},\"image\":{\"@id\":\"https:\\\/\\\/freeman-freeman.com\\\/sherman-oaks-wrongful-death-lawyer\\\/#primaryimage\"},\"thumbnailUrl\":\"https:\\\/\\\/freeman-freeman.com\\\/wp-content\\\/uploads\\\/2025\\\/08\\\/wrongful-death-lawyer-in-sherman-oaks.webp\",\"datePublished\":\"2025-08-11T12:58:04+00:00\",\"dateModified\":\"2025-08-12T14:36:34+00:00\",\"description\":\"Sherman Oaks Wrongful Death Lawyer at Freeman & Freeman, LLP offers compassionate legal support to help families seek justice and fair compensation.\",\"inLanguage\":\"es\",\"potentialAction\":[{\"@type\":\"ReadAction\",\"target\":[\"https:\\\/\\\/freeman-freeman.com\\\/sherman-oaks-wrongful-death-lawyer\\\/\"]}]},{\"@type\":\"ImageObject\",\"inLanguage\":\"es\",\"@id\":\"https:\\\/\\\/freeman-freeman.com\\\/sherman-oaks-wrongful-death-lawyer\\\/#primaryimage\",\"url\":\"https:\\\/\\\/freeman-freeman.com\\\/wp-content\\\/uploads\\\/2025\\\/08\\\/wrongful-death-lawyer-in-sherman-oaks.webp\",\"contentUrl\":\"https:\\\/\\\/freeman-freeman.com\\\/wp-content\\\/uploads\\\/2025\\\/08\\\/wrongful-death-lawyer-in-sherman-oaks.webp\"},{\"@type\":\"WebSite\",\"@id\":\"https:\\\/\\\/freeman-freeman.com\\\/#website\",\"url\":\"https:\\\/\\\/freeman-freeman.com\\\/\",\"name\":\"Freeman &amp; Freeman, LLP\",\"description\":\"\",\"publisher\":{\"@id\":\"https:\\\/\\\/freeman-freeman.com\\\/#organization\"},\"potentialAction\":[{\"@type\":\"SearchAction\",\"target\":{\"@type\":\"EntryPoint\",\"urlTemplate\":\"https:\\\/\\\/freeman-freeman.com\\\/?s={search_term_string}\"},\"query-input\":{\"@type\":\"PropertyValueSpecification\",\"valueRequired\":true,\"valueName\":\"search_term_string\"}}],\"inLanguage\":\"es\"},{\"@type\":\"Organization\",\"@id\":\"https:\\\/\\\/freeman-freeman.com\\\/#organization\",\"name\":\"Freeman & Freeman, LLP\",\"url\":\"https:\\\/\\\/freeman-freeman.com\\\/\",\"logo\":{\"@type\":\"ImageObject\",\"inLanguage\":\"es\",\"@id\":\"https:\\\/\\\/freeman-freeman.com\\\/#\\\/schema\\\/logo\\\/image\\\/\",\"url\":\"https:\\\/\\\/freeman-freeman.com\\\/wp-content\\\/uploads\\\/2024\\\/01\\\/logo.jpg\",\"contentUrl\":\"https:\\\/\\\/freeman-freeman.com\\\/wp-content\\\/uploads\\\/2024\\\/01\\\/logo.jpg\",\"width\":674,\"height\":104,\"caption\":\"Freeman & Freeman, LLP\"},\"image\":{\"@id\":\"https:\\\/\\\/freeman-freeman.com\\\/#\\\/schema\\\/logo\\\/image\\\/\"},\"sameAs\":[\"https:\\\/\\\/www.facebook.com\\\/FreemanFreemanLaw\",\"https:\\\/\\\/x.com\\\/FreemanFreeman1\",\"https:\\\/\\\/www.linkedin.com\\\/company\\\/freeman-freeman-llp\"]}]}<\/script>\n<!-- \/ Yoast SEO plugin. -->","yoast_head_json":{"title":"Sherman Oaks Abogado de Muerte Injusta - Consulta Gratuita","description":"Sherman Oaks abogado de muerte injusta en Freeman y Freeman, LLP ofrece apoyo legal compasivo para ayudar a las familias a buscar justicia y una compensaci\u00f3n justa.","robots":{"index":"index","follow":"follow","max-snippet":"max-snippet:-1","max-image-preview":"max-image-preview:large","max-video-preview":"max-video-preview:-1"},"canonical":"https:\/\/freeman-freeman.com\/es\/sherman-oaks-abogado-de-muerte-injusta\/","og_locale":"es_MX","og_type":"article","og_title":"Sherman Oaks Wrongful Death Lawyer - Free Consultation","og_description":"Sherman Oaks Wrongful Death Lawyer at Freeman & Freeman, LLP offers compassionate legal support to help families seek justice and fair compensation.","og_url":"https:\/\/freeman-freeman.com\/es\/sherman-oaks-abogado-de-muerte-injusta\/","og_site_name":"Freeman &amp; Freeman, LLP","article_publisher":"https:\/\/www.facebook.com\/FreemanFreemanLaw","article_modified_time":"2025-08-12T14:36:34+00:00","og_image":[{"width":800,"height":400,"url":"https:\/\/freeman-freeman.com\/wp-content\/uploads\/2025\/08\/wrongful-death-lawyer-in-sherman-oaks.webp","type":"image\/webp"}],"twitter_card":"summary_large_image","twitter_site":"@FreemanFreeman1","twitter_misc":{"Tiempo de lectura":"5 minutos"},"schema":{"@context":"https:\/\/schema.org","@graph":[{"@type":"WebPage","@id":"https:\/\/freeman-freeman.com\/sherman-oaks-wrongful-death-lawyer\/","url":"https:\/\/freeman-freeman.com\/sherman-oaks-wrongful-death-lawyer\/","name":"Sherman Oaks Abogado de Muerte Injusta - Consulta Gratuita","isPartOf":{"@id":"https:\/\/freeman-freeman.com\/#website"},"primaryImageOfPage":{"@id":"https:\/\/freeman-freeman.com\/sherman-oaks-wrongful-death-lawyer\/#primaryimage"},"image":{"@id":"https:\/\/freeman-freeman.com\/sherman-oaks-wrongful-death-lawyer\/#primaryimage"},"thumbnailUrl":"https:\/\/freeman-freeman.com\/wp-content\/uploads\/2025\/08\/wrongful-death-lawyer-in-sherman-oaks.webp","datePublished":"2025-08-11T12:58:04+00:00","dateModified":"2025-08-12T14:36:34+00:00","description":"Sherman Oaks abogado de muerte injusta en Freeman y Freeman, LLP ofrece apoyo legal compasivo para ayudar a las familias a buscar justicia y una compensaci\u00f3n justa.","inLanguage":"es","potentialAction":[{"@type":"ReadAction","target":["https:\/\/freeman-freeman.com\/sherman-oaks-wrongful-death-lawyer\/"]}]},{"@type":"ImageObject","inLanguage":"es","@id":"https:\/\/freeman-freeman.com\/sherman-oaks-wrongful-death-lawyer\/#primaryimage","url":"https:\/\/freeman-freeman.com\/wp-content\/uploads\/2025\/08\/wrongful-death-lawyer-in-sherman-oaks.webp","contentUrl":"https:\/\/freeman-freeman.com\/wp-content\/uploads\/2025\/08\/wrongful-death-lawyer-in-sherman-oaks.webp"},{"@type":"WebSite","@id":"https:\/\/freeman-freeman.com\/#website","url":"https:\/\/freeman-freeman.com\/","name":"Freeman &amp; Freeman, LLP","description":"","publisher":{"@id":"https:\/\/freeman-freeman.com\/#organization"},"potentialAction":[{"@type":"SearchAction","target":{"@type":"EntryPoint","urlTemplate":"https:\/\/freeman-freeman.com\/?s={search_term_string}"},"query-input":{"@type":"PropertyValueSpecification","valueRequired":true,"valueName":"search_term_string"}}],"inLanguage":"es"},{"@type":"Organization","@id":"https:\/\/freeman-freeman.com\/#organization","name":"Freeman &amp; Freeman, LLP","url":"https:\/\/freeman-freeman.com\/","logo":{"@type":"ImageObject","inLanguage":"es","@id":"https:\/\/freeman-freeman.com\/#\/schema\/logo\/image\/","url":"https:\/\/freeman-freeman.com\/wp-content\/uploads\/2024\/01\/logo.jpg","contentUrl":"https:\/\/freeman-freeman.com\/wp-content\/uploads\/2024\/01\/logo.jpg","width":674,"height":104,"caption":"Freeman & Freeman, LLP"},"image":{"@id":"https:\/\/freeman-freeman.com\/#\/schema\/logo\/image\/"},"sameAs":["https:\/\/www.facebook.com\/FreemanFreemanLaw","https:\/\/x.com\/FreemanFreeman1","https:\/\/www.linkedin.com\/company\/freeman-freeman-llp"]}]}},"_links":{"self":[{"href":"https:\/\/freeman-freeman.com\/es\/wp-json\/wp\/v2\/pages\/3126","targetHints":{"allow":["GET"]}}],"collection":[{"href":"https:\/\/freeman-freeman.com\/es\/wp-json\/wp\/v2\/pages"}],"about":[{"href":"https:\/\/freeman-freeman.com\/es\/wp-json\/wp\/v2\/types\/page"}],"author":[{"embeddable":true,"href":"https:\/\/freeman-freeman.com\/es\/wp-json\/wp\/v2\/users\/1"}],"replies":[{"embeddable":true,"href":"https:\/\/freeman-freeman.com\/es\/wp-json\/wp\/v2\/comments?post=3126"}],"version-history":[{"count":5,"href":"https:\/\/freeman-freeman.com\/es\/wp-json\/wp\/v2\/pages\/3126\/revisions"}],"predecessor-version":[{"id":3138,"href":"https:\/\/freeman-freeman.com\/es\/wp-json\/wp\/v2\/pages\/3126\/revisions\/3138"}],"wp:attachment":[{"href":"https:\/\/freeman-freeman.com\/es\/wp-json\/wp\/v2\/media?parent=3126"}],"curies":[{"name":"wp","href":"https:\/\/api.w.org\/{rel}","templated":true}]}}