{"id":3141,"date":"2025-10-15T12:04:47","date_gmt":"2025-10-15T12:04:47","guid":{"rendered":"https:\/\/freeman-freeman.com\/?page_id=3141"},"modified":"2025-10-16T09:38:19","modified_gmt":"2025-10-16T09:38:19","slug":"encino-abogado-de-lesiones-cerebrales-traumaticas","status":"publish","type":"page","link":"https:\/\/freeman-freeman.com\/es\/encino-traumatic-brain-injury-lawyer\/","title":{"rendered":"Abogado de lesiones cerebrales traum\u00e1ticas en Encino"},"content":{"rendered":"<h2>Abogado de lesiones cerebrales traum\u00e1ticas en Encino<\/h2>\n<div class=\"abt-img\"><img loading=\"lazy\" decoding=\"async\" class=\"alignnone size-full wp-image-3130\" src=\"https:\/\/freeman-freeman.com\/wp-content\/uploads\/2025\/10\/top-encino-traumatic-brain-injury-lawyer.webp\" alt=\"top encino abogado de lesiones cerebrales traum\u00e1ticas\" width=\"800\" height=\"400\" \/><\/div>\n<p>Las lesiones cerebrales pueden ser algunos de los problemas m\u00e9dicos m\u00e1s aterradores y destructivos a los que enfrentarse, dej\u00e1ndole potencialmente con discapacidades que alteran su vida. En las secuelas de un accidente, usted tiene un mont\u00f3n de problemas que pueden tener prioridad sobre los asuntos legales. En <strong>Encino abogado de lesiones cerebrales traum\u00e1ticas<\/strong> puede ayudarle en este dif\u00edcil per\u00edodo, tramitando su reclamaci\u00f3n mientras usted se centra en su recuperaci\u00f3n.<\/p>\n<h2>Qui\u00e9nes somos<\/h2>\n<p>En <a href=\"https:\/\/freeman-freeman.com\/es\/acerca-de\/\">Freeman &amp; Freeman, LLP<\/a>Hemos pasado a\u00f1os representando a la gente de Encino y el \u00e1rea metropolitana de Los \u00c1ngeles. Nuestra experiencia <a href=\"https:\/\/freeman-freeman.com\/es\/encino-abogado-de-lesiones-personales\/\">Encino abogados de lesiones personales<\/a> han litigado casos que van desde disputas menores hasta acuerdos millonarios para nuestros clientes. Los socios Stan y Steven Freeman tienen fuertes lazos con la comunidad local, ambos sirven como miembros activos de la Asociaci\u00f3n de Abogados del Consumidor de Los \u00c1ngeles.<\/p>\n<h2>Resumen de las demandas por lesiones cerebrales traum\u00e1ticas<\/h2>\n<p>Un traumatismo craneoencef\u00e1lico (TCE) es un tipo de lesi\u00f3n en la cabeza que afecta a muchas personas en todo el mundo. Un estudio de 2024 estim\u00f3 que entre <a href=\"https:\/\/pubmed.ncbi.nlm.nih.gov\/39173594\/\" target=\"_blank\" rel=\"noopener\">64 y 74 millones de personas<\/a> personas en todo el mundo sufren cada a\u00f1o una LCT. S\u00f3lo en Estados Unidos, se descubri\u00f3 que <a href=\"https:\/\/pubmed.ncbi.nlm.nih.gov\/39173594\/\" target=\"_blank\" rel=\"noopener\">18,2% de la poblaci\u00f3n general<\/a> ha sufrido una LCT.<\/p>\n<p>Las LCT se definen como una alteraci\u00f3n del funcionamiento normal del cerebro provocada por una fuerza externa, como un golpe, una sacudida, un impacto o una penetraci\u00f3n. Los casos de TBI var\u00edan en gravedad, incluyendo conmociones cerebrales, hematomas o hemorragias internas, lesiones cerebrales abiertas o encefalopat\u00eda traum\u00e1tica cr\u00f3nica (CTE).<\/p>\n<p>Las lesiones cerebrales traum\u00e1ticas pueden producirse en diversas situaciones. Las fuentes m\u00e1s frecuentes son <a href=\"https:\/\/freeman-freeman.com\/es\/encino-resbalon-y-caida-abogado\/\">cataratas<\/a>, <a href=\"https:\/\/freeman-freeman.com\/es\/encino-accidente-de-motocicleta-abogado\/\">accidentes de veh\u00edculos motorizados<\/a>lesiones deportivas y recreativas, incidentes laborales o altercados violentos. Las repercusiones pueden ir desde la confusi\u00f3n temporal hasta la muerte. <a href=\"https:\/\/freeman-freeman.com\/es\/encino-abogado-de-muerte-injusta\/\">discapacidad o fallecimiento<\/a>. <strong>Los s\u00edntomas comunes incluyen:<\/strong><\/p>\n<ul>\n<li>Dolor de cabeza<\/li>\n<li>Mareos o n\u00e1useas<\/li>\n<li>Visi\u00f3n borrosa o doble<\/li>\n<li>Sensibilidad a la luz o al sonido<\/li>\n<li>Dificultad para hablar o para concentrarse<\/li>\n<li>Cambios de humor e irritabilidad<\/li>\n<li>P\u00e9rdida de conocimiento<\/li>\n<li>Convulsiones o ataques<\/li>\n<\/ul>\n<p>Si cree que ha sufrido una LCT, debe buscar atenci\u00f3n m\u00e9dica de inmediato. Incluso una conmoci\u00f3n cerebral leve, si se maneja mal o se ignora, puede tener consecuencias duraderas. Encino Hospital Medical Center tiene una sala de emergencias 24\/7, ubicada en 16237 Ventura Blvd, Encino, CA 91436.<\/p>\n<h2>Contratar a un abogado especializado en lesiones cerebrales traum\u00e1ticas<\/h2>\n<p>Los casos de lesiones cerebrales traum\u00e1ticas pueden ser frustrantes para navegar solo al equilibrar su salud y sus preocupaciones personales. Contrate a un abogado especializado en lesiones cerebrales traum\u00e1ticas que pueda ayudarle con todos los aspectos de su reclamaci\u00f3n. Su abogado puede estar a su lado, desde la presentaci\u00f3n inicial hasta la negociaci\u00f3n del acuerdo final.<\/p>\n<p>Las demandas por lesiones cerebrales traum\u00e1ticas entran en el \u00e1mbito de la ley de lesiones personales de California. Estos casos giran en torno a demostrar que otra parte fue responsable de su lesi\u00f3n o actu\u00f3 imprudentemente de una manera que la caus\u00f3. <strong>Las siguientes son algunas maneras en que su abogado de lesiones cerebrales traum\u00e1ticas Encino de Freeman y Freeman, LLP, puede ayudarle con su demanda por lesiones personales:<\/strong><\/p>\n<ul>\n<li><strong>Iniciar su caso<\/strong>. En California, el plazo para presentar la mayor\u00eda de las reclamaciones por lesiones personales es el siguiente <a href=\"https:\/\/leginfo.legislature.ca.gov\/faces\/codes_displaySection.xhtml?sectionNum=335.1.&amp;nodeTreePath=5.2.3&amp;lawCode=CCP\" target=\"_blank\" rel=\"noopener\">en un plazo de dos a\u00f1os<\/a> del accidente. Este plazo puede cambiar dependiendo de los detalles, pero una acci\u00f3n r\u00e1pida es necesaria en todos los casos. Su abogado de TBI puede archivar el papeleo inicial y reclamos, asegurando que los plazos no se pierdan.<\/li>\n<li><strong>Recopilaci\u00f3n de pruebas<\/strong>. Las pruebas s\u00f3lidas son clave a la hora de demostrar la responsabilidad en una demanda por lesiones personales. Un abogado con experiencia en LCT puede examinar los historiales m\u00e9dicos, entrevistar a testigos y aportar a su caso las pruebas necesarias.<\/li>\n<li><strong>Representaci\u00f3n ante los tribunales<\/strong>. Cualquier comparecencia ante el tribunal puede ser estresante, pero especialmente cuando se recupera de una LCT. Su experimentado abogado de Encino TBI puede representarlo y puede probar que otra parte fue responsable de sus lesiones.<\/li>\n<li><strong>Negociaciones de conciliaci\u00f3n<\/strong>. La mayor\u00eda de los casos civiles, que incluyen lesiones personales, se resuelven antes de un veredicto judicial. Entre 2022 y 2023, <a href=\"https:\/\/courts.ca.gov\/sites\/default\/files\/courts\/default\/2024-12\/2024-court-statistics-report.pdf\" target=\"_blank\" rel=\"noopener\">80% de civil ilimitado<\/a> y 99% de asuntos civiles limitados se cerraron antes del juicio. Su abogado de lesiones personales de Freeman &amp; Freeman, LLP, puede luchar para llegar a un acuerdo que refleje lo que se le debe en <a href=\"https:\/\/en.wikipedia.org\/wiki\/Encino,_Los_Angeles\" target=\"_blank\" rel=\"noopener\">Encino<\/a>.<\/li>\n<\/ul>\n<h2>Preguntas frecuentes<\/h2>\n<h3>\u00bfQu\u00e9 puede pagar una indemnizaci\u00f3n por lesi\u00f3n cerebral traum\u00e1tica en California?<\/h3>\n<p>Su indemnizaci\u00f3n por lesi\u00f3n cerebral traum\u00e1tica puede ayudarle a pagar muchos de los gastos derivados de sus lesiones. Los fondos del acuerdo suelen cubrir las facturas m\u00e9dicas y los salarios perdidos como consecuencia del accidente. California permite da\u00f1os no econ\u00f3micos, as\u00ed como para el dolor y el sufrimiento, la p\u00e9rdida de disfrute de la vida, y el tratamiento de los trastornos cognitivos en curso. La compensaci\u00f3n punitiva est\u00e1 disponible en casos raros con negligencia grave o mala conducta intencional.<\/p>\n<h3>\u00bfCu\u00e1l es la indemnizaci\u00f3n media por lesi\u00f3n cerebral traum\u00e1tica en California?<\/h3>\n<p>No existe una media f\u00e1cil para las indemnizaciones por lesiones cerebrales traum\u00e1ticas en California, ya que las cantidades finales dependen de las circunstancias del accidente y de la naturaleza de las lesiones. Un caso de conmoci\u00f3n cerebral leve tendr\u00e1 una liquidaci\u00f3n menor que un caso de lesi\u00f3n cerebral traum\u00e1tica que implique una discapacidad grave y permanente. Su abogado de lesi\u00f3n cerebral traum\u00e1tica puede evaluar su caso y proporcionar una estimaci\u00f3n para su caso \u00fanico.<\/p>\n<h3>\u00bfEs dif\u00edcil demostrar un da\u00f1o cerebral traum\u00e1tico en California?<\/h3>\n<p>Las LCT pueden ser dif\u00edciles de probar en California debido a las lesiones invisibles presentes en muchos casos. Usted puede tener s\u00edntomas tales como p\u00e9rdida de memoria, cambios de humor y fatiga que no aparecen en las tomograf\u00edas computarizadas o resonancias magn\u00e9ticas. Algunos s\u00edntomas pueden tardar d\u00edas o semanas en manifestarse despu\u00e9s de un accidente, o son dif\u00edciles de medir con las t\u00e9cnicas m\u00e9dicas tradicionales. Por ello, contar con un asesor jur\u00eddico experimentado puede ser esencial en cualquier reclamaci\u00f3n por LCT.<\/p>\n<h3>\u00bfCu\u00e1nto cuesta un abogado de lesiones cerebrales traum\u00e1ticas en California?<\/h3>\n<p>El coste de su abogado especializado en lesiones cerebrales traum\u00e1ticas depende de la complejidad del caso, las partes implicadas, la gravedad de las lesiones y las horas de trabajo que requiera. Un caso que implique una LCT leve con un acuerdo r\u00e1pido tiende a ser menos costoso que uno que implique lesiones graves que requieran un juicio y un litigio prolongado. Su abogado de lesiones cerebrales traum\u00e1ticas puede proporcionarle una estimaci\u00f3n basada en los detalles de sus circunstancias de lo que podr\u00edan ser sus costes.<\/p>\n<h2>Hable hoy mismo con un abogado especializado en lesiones cerebrales traum\u00e1ticas<\/h2>\n<p>Freeman &amp; Freeman, LLP, sabe lo dif\u00edcil que puede ser una lesi\u00f3n cerebral traum\u00e1tica. Tenemos el conocimiento y la experiencia para <a href=\"https:\/\/freeman-freeman.com\/es\/criticas-de-freeman-y-freeman\/\">obtener la indemnizaci\u00f3n econ\u00f3mica que le corresponde<\/a>.<\/p>\n<p><a href=\"https:\/\/freeman-freeman.com\/es\/pongase-en-contacto-con\/\">P\u00f3ngase en contacto con nosotros<\/a> hoy para una consulta inicial, donde podemos discutir su caso y proporcionar caminos legales hacia adelante.<\/p>\n<h2>Recursos para lesiones cerebrales traum\u00e1ticas en Encino<\/h2>\n<p><a href=\"https:\/\/freeman-freeman.com\/es\/blog\/comprender-las-complejidades-de-una-demanda-por-lesion-cerebral-traumatica\/\">Comprender las complejidades de una demanda por lesi\u00f3n cerebral traum\u00e1tica<\/a><\/p>\n<p><a href=\"https:\/\/freeman-freeman.com\/es\/blog\/las-lesiones-cerebrales-traumaticas-aumentan-el-riesgo-de-delitos-violentos\/\">Las lesiones cerebrales traum\u00e1ticas aumentan el riesgo de delitos violentos<\/a><\/p>\n<p><a href=\"https:\/\/freeman-freeman.com\/es\/blog\/que-danos-y-perjuicios-se-pueden-reclamar-por-lesiones-cerebrales-traumaticas\/\">\u00bfQu\u00e9 da\u00f1os y perjuicios puede solicitar por lesiones cerebrales traum\u00e1ticas?<\/a><\/p>","protected":false},"excerpt":{"rendered":"<p>Encino Traumatic Brain Injury Attorney Brain injuries can be some of the scariest and most destructive medical issues to deal with, potentially leaving you with life-altering disabilities. In the aftermath of an accident, you have plenty of problems that can take precedence over legal matters. An Encino traumatic brain injury lawyer can help you through &hellip; <\/p>\n<p class=\"link-more\"><a href=\"https:\/\/freeman-freeman.com\/es\/encino-traumatic-brain-injury-lawyer\/\" class=\"more-link\">Seguir leyendo<span class=\"screen-reader-text\"> &#8220;Encino Traumatic Brain Injury Lawyer&#8221;<\/span><\/a><\/p>","protected":false},"author":1,"featured_media":0,"parent":0,"menu_order":0,"comment_status":"closed","ping_status":"closed","template":"","meta":{"_acf_changed":false,"footnotes":""},"class_list":["post-3141","page","type-page","status-publish","hentry","entry"],"acf":[],"yoast_head":"<!-- This site is optimized with the Yoast SEO plugin v27.5 - https:\/\/yoast.com\/product\/yoast-seo-wordpress\/ -->\n<title>Encino Traumatic Brain Injury Lawyer - TBI Attorneys<\/title>\n<meta name=\"description\" content=\"Suffered a brain injury in Encino? Our Encino Traumatic Brain Injury Lawyer fights for full compensation. Call Freeman &amp; Freeman today.\" \/>\n<meta name=\"robots\" content=\"index, follow, max-snippet:-1, max-image-preview:large, max-video-preview:-1\" \/>\n<link rel=\"canonical\" href=\"https:\/\/freeman-freeman.com\/es\/encino-abogado-de-lesiones-cerebrales-traumaticas\/\" \/>\n<meta property=\"og:locale\" content=\"es_MX\" \/>\n<meta property=\"og:type\" content=\"article\" \/>\n<meta property=\"og:title\" content=\"Encino Traumatic Brain Injury Lawyer - TBI Attorneys\" \/>\n<meta property=\"og:description\" content=\"Suffered a brain injury in Encino? Our Encino Traumatic Brain Injury Lawyer fights for full compensation. Call Freeman &amp; Freeman today.\" \/>\n<meta property=\"og:url\" content=\"https:\/\/freeman-freeman.com\/es\/encino-abogado-de-lesiones-cerebrales-traumaticas\/\" \/>\n<meta property=\"og:site_name\" content=\"Freeman &amp; Freeman, LLP\" \/>\n<meta property=\"article:publisher\" content=\"https:\/\/www.facebook.com\/FreemanFreemanLaw\" \/>\n<meta property=\"article:modified_time\" content=\"2025-10-16T09:38:19+00:00\" \/>\n<meta property=\"og:image\" content=\"https:\/\/freeman-freeman.com\/wp-content\/uploads\/2025\/08\/wrongful-death-lawyer-in-sherman-oaks.webp\" \/>\n\t<meta property=\"og:image:width\" content=\"800\" \/>\n\t<meta property=\"og:image:height\" content=\"400\" \/>\n\t<meta property=\"og:image:type\" content=\"image\/webp\" \/>\n<meta name=\"twitter:card\" content=\"summary_large_image\" \/>\n<meta name=\"twitter:site\" content=\"@FreemanFreeman1\" \/>\n<meta name=\"twitter:label1\" content=\"Tiempo de lectura\" \/>\n\t<meta name=\"twitter:data1\" content=\"5 minutos\" \/>\n<script type=\"application\/ld+json\" class=\"yoast-schema-graph\">{\"@context\":\"https:\\\/\\\/schema.org\",\"@graph\":[{\"@type\":\"WebPage\",\"@id\":\"https:\\\/\\\/freeman-freeman.com\\\/encino-traumatic-brain-injury-lawyer\\\/\",\"url\":\"https:\\\/\\\/freeman-freeman.com\\\/encino-traumatic-brain-injury-lawyer\\\/\",\"name\":\"Encino Traumatic Brain Injury Lawyer - TBI Attorneys\",\"isPartOf\":{\"@id\":\"https:\\\/\\\/freeman-freeman.com\\\/#website\"},\"primaryImageOfPage\":{\"@id\":\"https:\\\/\\\/freeman-freeman.com\\\/encino-traumatic-brain-injury-lawyer\\\/#primaryimage\"},\"image\":{\"@id\":\"https:\\\/\\\/freeman-freeman.com\\\/encino-traumatic-brain-injury-lawyer\\\/#primaryimage\"},\"thumbnailUrl\":\"https:\\\/\\\/freeman-freeman.com\\\/wp-content\\\/uploads\\\/2025\\\/10\\\/top-encino-traumatic-brain-injury-lawyer.webp\",\"datePublished\":\"2025-10-15T12:04:47+00:00\",\"dateModified\":\"2025-10-16T09:38:19+00:00\",\"description\":\"Suffered a brain injury in Encino? Our Encino Traumatic Brain Injury Lawyer fights for full compensation. Call Freeman & Freeman today.\",\"inLanguage\":\"es\",\"potentialAction\":[{\"@type\":\"ReadAction\",\"target\":[\"https:\\\/\\\/freeman-freeman.com\\\/encino-traumatic-brain-injury-lawyer\\\/\"]}]},{\"@type\":\"ImageObject\",\"inLanguage\":\"es\",\"@id\":\"https:\\\/\\\/freeman-freeman.com\\\/encino-traumatic-brain-injury-lawyer\\\/#primaryimage\",\"url\":\"https:\\\/\\\/freeman-freeman.com\\\/wp-content\\\/uploads\\\/2025\\\/10\\\/top-encino-traumatic-brain-injury-lawyer.webp\",\"contentUrl\":\"https:\\\/\\\/freeman-freeman.com\\\/wp-content\\\/uploads\\\/2025\\\/10\\\/top-encino-traumatic-brain-injury-lawyer.webp\"},{\"@type\":\"WebSite\",\"@id\":\"https:\\\/\\\/freeman-freeman.com\\\/#website\",\"url\":\"https:\\\/\\\/freeman-freeman.com\\\/\",\"name\":\"Freeman &amp; Freeman, LLP\",\"description\":\"\",\"publisher\":{\"@id\":\"https:\\\/\\\/freeman-freeman.com\\\/#organization\"},\"potentialAction\":[{\"@type\":\"SearchAction\",\"target\":{\"@type\":\"EntryPoint\",\"urlTemplate\":\"https:\\\/\\\/freeman-freeman.com\\\/?s={search_term_string}\"},\"query-input\":{\"@type\":\"PropertyValueSpecification\",\"valueRequired\":true,\"valueName\":\"search_term_string\"}}],\"inLanguage\":\"es\"},{\"@type\":\"Organization\",\"@id\":\"https:\\\/\\\/freeman-freeman.com\\\/#organization\",\"name\":\"Freeman & Freeman, LLP\",\"url\":\"https:\\\/\\\/freeman-freeman.com\\\/\",\"logo\":{\"@type\":\"ImageObject\",\"inLanguage\":\"es\",\"@id\":\"https:\\\/\\\/freeman-freeman.com\\\/#\\\/schema\\\/logo\\\/image\\\/\",\"url\":\"https:\\\/\\\/freeman-freeman.com\\\/wp-content\\\/uploads\\\/2024\\\/01\\\/logo.jpg\",\"contentUrl\":\"https:\\\/\\\/freeman-freeman.com\\\/wp-content\\\/uploads\\\/2024\\\/01\\\/logo.jpg\",\"width\":674,\"height\":104,\"caption\":\"Freeman & Freeman, LLP\"},\"image\":{\"@id\":\"https:\\\/\\\/freeman-freeman.com\\\/#\\\/schema\\\/logo\\\/image\\\/\"},\"sameAs\":[\"https:\\\/\\\/www.facebook.com\\\/FreemanFreemanLaw\",\"https:\\\/\\\/x.com\\\/FreemanFreeman1\",\"https:\\\/\\\/www.linkedin.com\\\/company\\\/freeman-freeman-llp\"]}]}<\/script>\n<!-- \/ Yoast SEO plugin. -->","yoast_head_json":{"title":"Encino Traumatic Brain Injury Lawyer - TBI Abogados","description":"\u00bfSufri\u00f3 una lesi\u00f3n cerebral en Encino? Nuestro abogado de lesiones cerebrales traum\u00e1ticas en Encino lucha por una compensaci\u00f3n total. Llame Freeman y Freeman hoy.","robots":{"index":"index","follow":"follow","max-snippet":"max-snippet:-1","max-image-preview":"max-image-preview:large","max-video-preview":"max-video-preview:-1"},"canonical":"https:\/\/freeman-freeman.com\/es\/encino-abogado-de-lesiones-cerebrales-traumaticas\/","og_locale":"es_MX","og_type":"article","og_title":"Encino Traumatic Brain Injury Lawyer - TBI Attorneys","og_description":"Suffered a brain injury in Encino? Our Encino Traumatic Brain Injury Lawyer fights for full compensation. Call Freeman & Freeman today.","og_url":"https:\/\/freeman-freeman.com\/es\/encino-abogado-de-lesiones-cerebrales-traumaticas\/","og_site_name":"Freeman &amp; Freeman, LLP","article_publisher":"https:\/\/www.facebook.com\/FreemanFreemanLaw","article_modified_time":"2025-10-16T09:38:19+00:00","og_image":[{"width":800,"height":400,"url":"https:\/\/freeman-freeman.com\/wp-content\/uploads\/2025\/08\/wrongful-death-lawyer-in-sherman-oaks.webp","type":"image\/webp"}],"twitter_card":"summary_large_image","twitter_site":"@FreemanFreeman1","twitter_misc":{"Tiempo de lectura":"5 minutos"},"schema":{"@context":"https:\/\/schema.org","@graph":[{"@type":"WebPage","@id":"https:\/\/freeman-freeman.com\/encino-traumatic-brain-injury-lawyer\/","url":"https:\/\/freeman-freeman.com\/encino-traumatic-brain-injury-lawyer\/","name":"Encino Traumatic Brain Injury Lawyer - TBI Abogados","isPartOf":{"@id":"https:\/\/freeman-freeman.com\/#website"},"primaryImageOfPage":{"@id":"https:\/\/freeman-freeman.com\/encino-traumatic-brain-injury-lawyer\/#primaryimage"},"image":{"@id":"https:\/\/freeman-freeman.com\/encino-traumatic-brain-injury-lawyer\/#primaryimage"},"thumbnailUrl":"https:\/\/freeman-freeman.com\/wp-content\/uploads\/2025\/10\/top-encino-traumatic-brain-injury-lawyer.webp","datePublished":"2025-10-15T12:04:47+00:00","dateModified":"2025-10-16T09:38:19+00:00","description":"\u00bfSufri\u00f3 una lesi\u00f3n cerebral en Encino? Nuestro abogado de lesiones cerebrales traum\u00e1ticas en Encino lucha por una compensaci\u00f3n total. Llame Freeman y Freeman hoy.","inLanguage":"es","potentialAction":[{"@type":"ReadAction","target":["https:\/\/freeman-freeman.com\/encino-traumatic-brain-injury-lawyer\/"]}]},{"@type":"ImageObject","inLanguage":"es","@id":"https:\/\/freeman-freeman.com\/encino-traumatic-brain-injury-lawyer\/#primaryimage","url":"https:\/\/freeman-freeman.com\/wp-content\/uploads\/2025\/10\/top-encino-traumatic-brain-injury-lawyer.webp","contentUrl":"https:\/\/freeman-freeman.com\/wp-content\/uploads\/2025\/10\/top-encino-traumatic-brain-injury-lawyer.webp"},{"@type":"WebSite","@id":"https:\/\/freeman-freeman.com\/#website","url":"https:\/\/freeman-freeman.com\/","name":"Freeman &amp; Freeman, LLP","description":"","publisher":{"@id":"https:\/\/freeman-freeman.com\/#organization"},"potentialAction":[{"@type":"SearchAction","target":{"@type":"EntryPoint","urlTemplate":"https:\/\/freeman-freeman.com\/?s={search_term_string}"},"query-input":{"@type":"PropertyValueSpecification","valueRequired":true,"valueName":"search_term_string"}}],"inLanguage":"es"},{"@type":"Organization","@id":"https:\/\/freeman-freeman.com\/#organization","name":"Freeman &amp; Freeman, LLP","url":"https:\/\/freeman-freeman.com\/","logo":{"@type":"ImageObject","inLanguage":"es","@id":"https:\/\/freeman-freeman.com\/#\/schema\/logo\/image\/","url":"https:\/\/freeman-freeman.com\/wp-content\/uploads\/2024\/01\/logo.jpg","contentUrl":"https:\/\/freeman-freeman.com\/wp-content\/uploads\/2024\/01\/logo.jpg","width":674,"height":104,"caption":"Freeman & Freeman, LLP"},"image":{"@id":"https:\/\/freeman-freeman.com\/#\/schema\/logo\/image\/"},"sameAs":["https:\/\/www.facebook.com\/FreemanFreemanLaw","https:\/\/x.com\/FreemanFreeman1","https:\/\/www.linkedin.com\/company\/freeman-freeman-llp"]}]}},"_links":{"self":[{"href":"https:\/\/freeman-freeman.com\/es\/wp-json\/wp\/v2\/pages\/3141","targetHints":{"allow":["GET"]}}],"collection":[{"href":"https:\/\/freeman-freeman.com\/es\/wp-json\/wp\/v2\/pages"}],"about":[{"href":"https:\/\/freeman-freeman.com\/es\/wp-json\/wp\/v2\/types\/page"}],"author":[{"embeddable":true,"href":"https:\/\/freeman-freeman.com\/es\/wp-json\/wp\/v2\/users\/1"}],"replies":[{"embeddable":true,"href":"https:\/\/freeman-freeman.com\/es\/wp-json\/wp\/v2\/comments?post=3141"}],"version-history":[{"count":4,"href":"https:\/\/freeman-freeman.com\/es\/wp-json\/wp\/v2\/pages\/3141\/revisions"}],"predecessor-version":[{"id":3161,"href":"https:\/\/freeman-freeman.com\/es\/wp-json\/wp\/v2\/pages\/3141\/revisions\/3161"}],"wp:attachment":[{"href":"https:\/\/freeman-freeman.com\/es\/wp-json\/wp\/v2\/media?parent=3141"}],"curies":[{"name":"wp","href":"https:\/\/api.w.org\/{rel}","templated":true}]}}