{"id":3143,"date":"2025-10-15T12:09:46","date_gmt":"2025-10-15T12:09:46","guid":{"rendered":"https:\/\/freeman-freeman.com\/?page_id=3143"},"modified":"2025-10-16T09:42:46","modified_gmt":"2025-10-16T09:42:46","slug":"reseda-abogado-de-lesiones-cerebrales-traumaticas","status":"publish","type":"page","link":"https:\/\/freeman-freeman.com\/es\/reseda-traumatic-brain-injury-lawyer\/","title":{"rendered":"Abogado de lesiones cerebrales traum\u00e1ticas en Reseda"},"content":{"rendered":"<h2>Abogado de lesiones cerebrales traum\u00e1ticas en Reseda<\/h2>\n<div class=\"abt-img\"><img loading=\"lazy\" decoding=\"async\" class=\"alignnone size-full wp-image-3130\" src=\"https:\/\/freeman-freeman.com\/wp-content\/uploads\/2025\/10\/best-reseda-traumatic-brain-injury-lawyer.webp\" alt=\"mejor abogado de lesiones cerebrales traum\u00e1ticas de reseda\" width=\"800\" height=\"400\" \/><\/div>\n<p>Los accidentes graves pueden dejarle con muchas lesiones que alteren su vida. Cuando su caso implica una lesi\u00f3n cerebral, las repercusiones y los costes pueden crecer exponencialmente. Si ha sido v\u00edctima de un accidente, un <strong>Reseda lesi\u00f3n cerebral traum\u00e1tica abogado<\/strong> puede ayudarle en estos momentos dif\u00edciles.<\/p>\n<h2>Nuestra historia<\/h2>\n<p>En <a href=\"https:\/\/freeman-freeman.com\/es\/acerca-de\/\">Freeman &amp; Freeman, LLP<\/a>Hemos pasado a\u00f1os ayudando a la gente de Reseda y el \u00e1rea metropolitana de Los \u00c1ngeles con sus casos de lesiones cerebrales traum\u00e1ticas. Nuestra experiencia <a href=\"https:\/\/freeman-freeman.com\/es\/abogado-de-lesiones-personales-en-reseda\/\">Reseda abogados de lesiones personales<\/a> han negociado acuerdos millonarios para nuestros clientes. Socios <a href=\"https:\/\/freeman-freeman.com\/es\/acerca-de\/freeman-stan-h\/\">Stan<\/a> y <a href=\"https:\/\/freeman-freeman.com\/es\/acerca-de\/freeman-steven-m\/\">Steven Freeman<\/a> han recibido una calificaci\u00f3n AV Preeminente de Martindale-Hubbell en el campo de lesiones personales, la clasificaci\u00f3n m\u00e1s alta que otorga la organizaci\u00f3n de 150 a\u00f1os de antig\u00fcedad.<\/p>\n<h2>Resumen de casos de da\u00f1o cerebral traum\u00e1tico<\/h2>\n<p>El traumatismo craneoencef\u00e1lico (TCE) se produce cuando el funcionamiento normal del cerebro se ve alterado por un golpe, una sacudida u otra fuerza externa. Se trata de un problema de salud p\u00fablica ampliamente extendido, ya que un estudio realizado en 2024 estima que <a href=\"https:\/\/pubmed.ncbi.nlm.nih.gov\/39173594\/\" target=\"_blank\" rel=\"noopener\">entre 64 y 74 millones de personas<\/a> personas en todo el mundo sufren una LCT cada a\u00f1o. En Estados Unidos, el estudio revel\u00f3 que el 18,2% de la poblaci\u00f3n adulta ha experimentado alg\u00fan nivel de LCT.<\/p>\n<p>Las LCT se producen en innumerables contextos diferentes a lo largo de la vida cotidiana. Lesiones deportivas o recreativas, accidentes laborales, <a href=\"https:\/\/freeman-freeman.com\/es\/abogado-de-accidentes-de-coche-en-reseda\/\">accidentes de tr\u00e1fico<\/a>, <a href=\"https:\/\/freeman-freeman.com\/es\/reseda-resbalon-y-caida-abogado\/\">resbalones y ca\u00eddas<\/a>y otros accidentes pueden ocurrir en cualquier momento. <strong>Algunos tipos comunes de lesiones cerebrales traum\u00e1ticas incluyen:<\/strong><\/p>\n<ul>\n<li>Conmociones cerebrales<\/li>\n<li>Contusiones<\/li>\n<li>Hematoma<\/li>\n<li>Lesi\u00f3n por golpe de Estado<\/li>\n<li>S\u00edndrome del segundo impacto<\/li>\n<li>Penetrante, o una lesi\u00f3n cerebral abierta<\/li>\n<li>Encefalopat\u00eda traum\u00e1tica cr\u00f3nica (ETC)<\/li>\n<\/ul>\n<p>Los s\u00edntomas pueden ser f\u00edsicos, cognitivos o perceptivos. Dolores de cabeza, n\u00e1useas, confusi\u00f3n, p\u00e9rdida de memoria o sensibilidad a la luz o al sonido son signos de una LCT.<\/p>\n<p>Si ha sufrido una lesi\u00f3n cerebral traum\u00e1tica, debe buscar atenci\u00f3n m\u00e9dica inmediata. El vecindario de Reseda cuenta con varias salas de emergencias cercanas, con la instalaci\u00f3n m\u00e1s grande que atiende las 24 horas del d\u00eda, los 7 d\u00edas de la semana, ubicada en el Centro M\u00e9dico del Hospital Northridge, ubicado en 18300 Roscoe Blvd, Northridge, CA 91325.<\/p>\n<h2>Contratar a un abogado especializado en lesiones cerebrales traum\u00e1ticas<\/h2>\n<p>Si otra parte fue responsable de sus lesiones, usted puede ser elegible para presentar una reclamaci\u00f3n contra ellos. Los casos de LCT se tramitan conforme a las leyes de lesiones personales, que tienen una <a href=\"https:\/\/leginfo.legislature.ca.gov\/faces\/codes_displaySection.xhtml?sectionNum=335.1.&amp;nodeTreePath=5.2.3&amp;lawCode=CCP\" target=\"_blank\" rel=\"noopener\">plazo de dos a\u00f1os<\/a> desde la fecha del siniestro para presentar una reclamaci\u00f3n. Despu\u00e9s de un accidente, hay muchos problemas financieros, m\u00e9dicos y personales que resolver. Contrate a un abogado especializado en lesiones cerebrales traum\u00e1ticas que pueda ocuparse de su caso mientras usted se centra en recuperarse.<\/p>\n<p>Su abogado de lesi\u00f3n de cerebro traum\u00e1tica de Reseda puede ayudarle con cada etapa de su demanda. <strong>Los siguientes son algunos servicios clave que un abogado de lesiones cerebrales traum\u00e1ticas de Freeman &amp; Freeman, LLP, puede proporcionar:<\/strong><\/p>\n<h3>Establecimiento de pruebas<\/h3>\n<p>Los casos de lesiones personales se basan en pruebas s\u00f3lidas. La naturaleza subjetiva de algunos s\u00edntomas de TBI puede hacer que esta etapa sea dif\u00edcil de atravesar solo. Un abogado especializado en LCT puede recopilar historiales m\u00e9dicos, testigos de apoyo, grabaciones de v\u00eddeo y otros elementos cruciales para demostrar que la otra parte fue responsable.<\/p>\n<h3>Negociar un acuerdo<\/h3>\n<p>Una cantidad abrumadora de todos los casos civiles, incluidas las demandas por lesiones personales, se resuelven antes de llegar a juicio. En el ejercicio 2022-2023, <a href=\"https:\/\/courts.ca.gov\/sites\/default\/files\/courts\/default\/2024-12\/2024-court-statistics-report.pdf\" target=\"_blank\" rel=\"noopener\">80% de casos civiles ilimitados<\/a> y 99% de casos limitados fueron dispuestos antes del juicio. Su abogado de Reseda TBI puede abogar por usted en las negociaciones y <a href=\"https:\/\/freeman-freeman.com\/es\/criticas-de-freeman-y-freeman\/\">luche por la m\u00e1xima indemnizaci\u00f3n que le corresponde<\/a>. <strong>Entre los posibles da\u00f1os y perjuicios a los que puede optar se incluyen:<\/strong><\/p>\n<ul>\n<li>Facturas m\u00e9dicas<\/li>\n<li>P\u00e9rdida de salario o ingresos<\/li>\n<li>Da\u00f1os materiales<\/li>\n<li>Dolor y sufrimiento<\/li>\n<li>P\u00e9rdida de calidad de vida<\/li>\n<li>Discapacidad<\/li>\n<\/ul>\n<h3>Litigios judiciales<\/h3>\n<p>En el caso de que su caso vaya a juicio, su abogado de lesiones personales de Freeman &amp; Freeman, LLP, puede representarlo tanto dentro como fuera de la sala del tribunal. Nuestro equipo legal dedicado puede estar a su lado durante todo el proceso.<\/p>\n<h2>Preguntas frecuentes<\/h2>\n<h3>\u00bfEst\u00e1 obligado a contratar a un abogado para una demanda por lesi\u00f3n cerebral traum\u00e1tica en California?<\/h3>\n<p>Usted no est\u00e1 legalmente obligado a contratar a un abogado para su caso de LCT, pero es muy recomendable. Las demandas por lesiones personales por LCT pueden ser especialmente dif\u00edciles de presentar debido a la naturaleza invisible y subjetiva de algunas lesiones. Usted puede experimentar p\u00e9rdida de memoria, dolores de cabeza cr\u00f3nicos, o cambios de humor que no aparecen en las pruebas m\u00e9dicas. Su abogado de TBI puede luchar para probar que su sufrimiento fue causado por un accidente y puede luchar por el resultado que usted merece.<\/p>\n<h3>\u00bfCu\u00e1l es la indemnizaci\u00f3n media por una demanda por lesiones personales causadas por una LCT en California?<\/h3>\n<p>No existe una indemnizaci\u00f3n media fija para una demanda por lesiones personales causadas por una LCT, ya que las variables implicadas cambian dr\u00e1sticamente de un caso a otro. Una conmoci\u00f3n cerebral menor con responsabilidad menor puede terminar en un acuerdo m\u00e1s bajo que una LCT con graves consecuencias duraderas y negligencia grave. Un abogado de lesiones personales de Reseda puede evaluar su caso y proporcionar una estimaci\u00f3n de lo que su compensaci\u00f3n puede ser.<\/p>\n<h3>\u00bfPuede presentar una demanda por lesiones personales TBI si usted es parcialmente responsable en California?<\/h3>\n<p>En California, usted puede presentar una demanda por lesiones personales si usted es parcialmente responsable del accidente que caus\u00f3 su TBI. California tiene reglas puras de negligencia comparativa establecidas por <a href=\"https:\/\/leginfo.legislature.ca.gov\/faces\/codes_displaySection.xhtml?sectionNum=1714.&amp;lawCode=CIV\" target=\"_blank\" rel=\"noopener\">C\u00f3digo Civil de California 1714<\/a> y jurisprudencia <a href=\"https:\/\/scocal.stanford.edu\/opinion\/li-v-yellow-cab-co-27850\" target=\"_blank\" rel=\"noopener\">(Li contra Yellow Cab Co., 1975)<\/a>. Esto permite pagar indemnizaciones en funci\u00f3n del porcentaje de culpa. Si usted reclama $100.000 y es 50% responsable, puede optar a $50.000 de indemnizaci\u00f3n de la parte acusada.<\/p>\n<h3>\u00bfCu\u00e1nto dura una demanda por lesi\u00f3n cerebral traum\u00e1tica en California?<\/h3>\n<p>Cu\u00e1nto tiempo su reclamo de TBI toma para resolver en California depende de las complicaciones en su caso, la voluntad de la otra parte para asentarse, y la severidad de sus heridas. Una conmoci\u00f3n cerebral leve con pruebas abrumadoras de que la otra parte fue responsable puede resolverse con bastante rapidez, mientras que un caso que implique da\u00f1os duraderos y permanentes y que requiera un litigio prolongado puede tomar una gran cantidad de tiempo.<\/p>\n<h2>Re\u00fanase hoy mismo con un abogado especializado en lesiones cerebrales traum\u00e1ticas<\/h2>\n<p>Nuestro equipo en Freeman y Freeman, LLP, est\u00e1 aqu\u00ed para apoyarle con su caso de lesi\u00f3n cerebral traum\u00e1tica. Entendemos algunos de los desaf\u00edos que est\u00e1 enfrentando, y podemos luchar para conseguirle la justicia monetaria que se le debe.<\/p>\n<p><a href=\"https:\/\/freeman-freeman.com\/es\/pongase-en-contacto-con\/\">P\u00f3ngase en contacto con nosotros<\/a> hoy para una consulta inicial, donde podemos aprender su historia y comenzar a discutir sus opciones legales en <a href=\"https:\/\/en.wikipedia.org\/wiki\/Reseda,_Los_Angeles\" target=\"_blank\" rel=\"noopener\">Reseda<\/a>.<\/p>\n<h2>Recursos para lesiones cerebrales traum\u00e1ticas en Reseda<\/h2>\n<p><a href=\"https:\/\/freeman-freeman.com\/es\/blog\/comprender-las-complejidades-de-una-demanda-por-lesion-cerebral-traumatica\/\">Comprender las complejidades de una demanda por lesi\u00f3n cerebral traum\u00e1tica<\/a><\/p>\n<p><a href=\"https:\/\/freeman-freeman.com\/es\/blog\/las-lesiones-cerebrales-traumaticas-aumentan-el-riesgo-de-delitos-violentos\/\">Las lesiones cerebrales traum\u00e1ticas aumentan el riesgo de delitos violentos<\/a><\/p>\n<p><a href=\"https:\/\/freeman-freeman.com\/es\/blog\/que-danos-y-perjuicios-se-pueden-reclamar-por-lesiones-cerebrales-traumaticas\/\">\u00bfQu\u00e9 da\u00f1os y perjuicios puede solicitar por lesiones cerebrales traum\u00e1ticas?<\/a><\/p>","protected":false},"excerpt":{"rendered":"<p>Reseda Traumatic Brain Injury Attorney Serious accidents can leave you with many life-altering injuries. When your case involves a brain injury, the repercussions and costs can grow exponentially. If you have been a victim of an accident, a Reseda traumatic brain injury lawyer can aid you through this trying time. Our Background At Freeman &amp; &hellip; <\/p>\n<p class=\"link-more\"><a href=\"https:\/\/freeman-freeman.com\/es\/reseda-traumatic-brain-injury-lawyer\/\" class=\"more-link\">Seguir leyendo<span class=\"screen-reader-text\"> &#8220;Reseda Traumatic Brain Injury Lawyer&#8221;<\/span><\/a><\/p>","protected":false},"author":1,"featured_media":0,"parent":0,"menu_order":0,"comment_status":"closed","ping_status":"closed","template":"","meta":{"_acf_changed":false,"footnotes":""},"class_list":["post-3143","page","type-page","status-publish","hentry","entry"],"acf":[],"yoast_head":"<!-- This site is optimized with the Yoast SEO plugin v27.5 - https:\/\/yoast.com\/product\/yoast-seo-wordpress\/ -->\n<title>Reseda Traumatic Brain Injury Lawyer - TBI Attorneys<\/title>\n<meta name=\"description\" content=\"Need help after a serious accident? A Reseda Traumatic Brain Injury Lawyer at Freeman &amp; Freeman can help you recover damages. Call today.\" \/>\n<meta name=\"robots\" content=\"index, follow, max-snippet:-1, max-image-preview:large, max-video-preview:-1\" \/>\n<link rel=\"canonical\" href=\"https:\/\/freeman-freeman.com\/es\/reseda-abogado-de-lesiones-cerebrales-traumaticas\/\" \/>\n<meta property=\"og:locale\" content=\"es_MX\" \/>\n<meta property=\"og:type\" content=\"article\" \/>\n<meta property=\"og:title\" content=\"Reseda Traumatic Brain Injury Lawyer - TBI Attorneys\" \/>\n<meta property=\"og:description\" content=\"Need help after a serious accident? A Reseda Traumatic Brain Injury Lawyer at Freeman &amp; Freeman can help you recover damages. Call today.\" \/>\n<meta property=\"og:url\" content=\"https:\/\/freeman-freeman.com\/es\/reseda-abogado-de-lesiones-cerebrales-traumaticas\/\" \/>\n<meta property=\"og:site_name\" content=\"Freeman &amp; Freeman, LLP\" \/>\n<meta property=\"article:publisher\" content=\"https:\/\/www.facebook.com\/FreemanFreemanLaw\" \/>\n<meta property=\"article:modified_time\" content=\"2025-10-16T09:42:46+00:00\" \/>\n<meta property=\"og:image\" content=\"https:\/\/freeman-freeman.com\/wp-content\/uploads\/2025\/08\/wrongful-death-lawyer-in-sherman-oaks.webp\" \/>\n\t<meta property=\"og:image:width\" content=\"800\" \/>\n\t<meta property=\"og:image:height\" content=\"400\" \/>\n\t<meta property=\"og:image:type\" content=\"image\/webp\" \/>\n<meta name=\"twitter:card\" content=\"summary_large_image\" \/>\n<meta name=\"twitter:site\" content=\"@FreemanFreeman1\" \/>\n<meta name=\"twitter:label1\" content=\"Tiempo de lectura\" \/>\n\t<meta name=\"twitter:data1\" content=\"5 minutos\" \/>\n<script type=\"application\/ld+json\" class=\"yoast-schema-graph\">{\"@context\":\"https:\\\/\\\/schema.org\",\"@graph\":[{\"@type\":\"WebPage\",\"@id\":\"https:\\\/\\\/freeman-freeman.com\\\/reseda-traumatic-brain-injury-lawyer\\\/\",\"url\":\"https:\\\/\\\/freeman-freeman.com\\\/reseda-traumatic-brain-injury-lawyer\\\/\",\"name\":\"Reseda Traumatic Brain Injury Lawyer - TBI Attorneys\",\"isPartOf\":{\"@id\":\"https:\\\/\\\/freeman-freeman.com\\\/#website\"},\"primaryImageOfPage\":{\"@id\":\"https:\\\/\\\/freeman-freeman.com\\\/reseda-traumatic-brain-injury-lawyer\\\/#primaryimage\"},\"image\":{\"@id\":\"https:\\\/\\\/freeman-freeman.com\\\/reseda-traumatic-brain-injury-lawyer\\\/#primaryimage\"},\"thumbnailUrl\":\"https:\\\/\\\/freeman-freeman.com\\\/wp-content\\\/uploads\\\/2025\\\/10\\\/best-reseda-traumatic-brain-injury-lawyer.webp\",\"datePublished\":\"2025-10-15T12:09:46+00:00\",\"dateModified\":\"2025-10-16T09:42:46+00:00\",\"description\":\"Need help after a serious accident? A Reseda Traumatic Brain Injury Lawyer at Freeman & Freeman can help you recover damages. Call today.\",\"inLanguage\":\"es\",\"potentialAction\":[{\"@type\":\"ReadAction\",\"target\":[\"https:\\\/\\\/freeman-freeman.com\\\/reseda-traumatic-brain-injury-lawyer\\\/\"]}]},{\"@type\":\"ImageObject\",\"inLanguage\":\"es\",\"@id\":\"https:\\\/\\\/freeman-freeman.com\\\/reseda-traumatic-brain-injury-lawyer\\\/#primaryimage\",\"url\":\"https:\\\/\\\/freeman-freeman.com\\\/wp-content\\\/uploads\\\/2025\\\/10\\\/best-reseda-traumatic-brain-injury-lawyer.webp\",\"contentUrl\":\"https:\\\/\\\/freeman-freeman.com\\\/wp-content\\\/uploads\\\/2025\\\/10\\\/best-reseda-traumatic-brain-injury-lawyer.webp\"},{\"@type\":\"WebSite\",\"@id\":\"https:\\\/\\\/freeman-freeman.com\\\/#website\",\"url\":\"https:\\\/\\\/freeman-freeman.com\\\/\",\"name\":\"Freeman &amp; Freeman, LLP\",\"description\":\"\",\"publisher\":{\"@id\":\"https:\\\/\\\/freeman-freeman.com\\\/#organization\"},\"potentialAction\":[{\"@type\":\"SearchAction\",\"target\":{\"@type\":\"EntryPoint\",\"urlTemplate\":\"https:\\\/\\\/freeman-freeman.com\\\/?s={search_term_string}\"},\"query-input\":{\"@type\":\"PropertyValueSpecification\",\"valueRequired\":true,\"valueName\":\"search_term_string\"}}],\"inLanguage\":\"es\"},{\"@type\":\"Organization\",\"@id\":\"https:\\\/\\\/freeman-freeman.com\\\/#organization\",\"name\":\"Freeman & Freeman, LLP\",\"url\":\"https:\\\/\\\/freeman-freeman.com\\\/\",\"logo\":{\"@type\":\"ImageObject\",\"inLanguage\":\"es\",\"@id\":\"https:\\\/\\\/freeman-freeman.com\\\/#\\\/schema\\\/logo\\\/image\\\/\",\"url\":\"https:\\\/\\\/freeman-freeman.com\\\/wp-content\\\/uploads\\\/2024\\\/01\\\/logo.jpg\",\"contentUrl\":\"https:\\\/\\\/freeman-freeman.com\\\/wp-content\\\/uploads\\\/2024\\\/01\\\/logo.jpg\",\"width\":674,\"height\":104,\"caption\":\"Freeman & Freeman, LLP\"},\"image\":{\"@id\":\"https:\\\/\\\/freeman-freeman.com\\\/#\\\/schema\\\/logo\\\/image\\\/\"},\"sameAs\":[\"https:\\\/\\\/www.facebook.com\\\/FreemanFreemanLaw\",\"https:\\\/\\\/x.com\\\/FreemanFreeman1\",\"https:\\\/\\\/www.linkedin.com\\\/company\\\/freeman-freeman-llp\"]}]}<\/script>\n<!-- \/ Yoast SEO plugin. -->","yoast_head_json":{"title":"Reseda Traumatic Brain Injury Lawyer - TBI Abogados","description":"\u00bfNecesita ayuda despu\u00e9s de un accidente grave? Un abogado de lesiones cerebrales traum\u00e1ticas Reseda en Freeman y Freeman puede ayudarle a recuperar los da\u00f1os. Llame hoy.","robots":{"index":"index","follow":"follow","max-snippet":"max-snippet:-1","max-image-preview":"max-image-preview:large","max-video-preview":"max-video-preview:-1"},"canonical":"https:\/\/freeman-freeman.com\/es\/reseda-abogado-de-lesiones-cerebrales-traumaticas\/","og_locale":"es_MX","og_type":"article","og_title":"Reseda Traumatic Brain Injury Lawyer - TBI Attorneys","og_description":"Need help after a serious accident? A Reseda Traumatic Brain Injury Lawyer at Freeman & Freeman can help you recover damages. Call today.","og_url":"https:\/\/freeman-freeman.com\/es\/reseda-abogado-de-lesiones-cerebrales-traumaticas\/","og_site_name":"Freeman &amp; Freeman, LLP","article_publisher":"https:\/\/www.facebook.com\/FreemanFreemanLaw","article_modified_time":"2025-10-16T09:42:46+00:00","og_image":[{"width":800,"height":400,"url":"https:\/\/freeman-freeman.com\/wp-content\/uploads\/2025\/08\/wrongful-death-lawyer-in-sherman-oaks.webp","type":"image\/webp"}],"twitter_card":"summary_large_image","twitter_site":"@FreemanFreeman1","twitter_misc":{"Tiempo de lectura":"5 minutos"},"schema":{"@context":"https:\/\/schema.org","@graph":[{"@type":"WebPage","@id":"https:\/\/freeman-freeman.com\/reseda-traumatic-brain-injury-lawyer\/","url":"https:\/\/freeman-freeman.com\/reseda-traumatic-brain-injury-lawyer\/","name":"Reseda Traumatic Brain Injury Lawyer - TBI Abogados","isPartOf":{"@id":"https:\/\/freeman-freeman.com\/#website"},"primaryImageOfPage":{"@id":"https:\/\/freeman-freeman.com\/reseda-traumatic-brain-injury-lawyer\/#primaryimage"},"image":{"@id":"https:\/\/freeman-freeman.com\/reseda-traumatic-brain-injury-lawyer\/#primaryimage"},"thumbnailUrl":"https:\/\/freeman-freeman.com\/wp-content\/uploads\/2025\/10\/best-reseda-traumatic-brain-injury-lawyer.webp","datePublished":"2025-10-15T12:09:46+00:00","dateModified":"2025-10-16T09:42:46+00:00","description":"\u00bfNecesita ayuda despu\u00e9s de un accidente grave? Un abogado de lesiones cerebrales traum\u00e1ticas Reseda en Freeman y Freeman puede ayudarle a recuperar los da\u00f1os. Llame hoy.","inLanguage":"es","potentialAction":[{"@type":"ReadAction","target":["https:\/\/freeman-freeman.com\/reseda-traumatic-brain-injury-lawyer\/"]}]},{"@type":"ImageObject","inLanguage":"es","@id":"https:\/\/freeman-freeman.com\/reseda-traumatic-brain-injury-lawyer\/#primaryimage","url":"https:\/\/freeman-freeman.com\/wp-content\/uploads\/2025\/10\/best-reseda-traumatic-brain-injury-lawyer.webp","contentUrl":"https:\/\/freeman-freeman.com\/wp-content\/uploads\/2025\/10\/best-reseda-traumatic-brain-injury-lawyer.webp"},{"@type":"WebSite","@id":"https:\/\/freeman-freeman.com\/#website","url":"https:\/\/freeman-freeman.com\/","name":"Freeman &amp; Freeman, LLP","description":"","publisher":{"@id":"https:\/\/freeman-freeman.com\/#organization"},"potentialAction":[{"@type":"SearchAction","target":{"@type":"EntryPoint","urlTemplate":"https:\/\/freeman-freeman.com\/?s={search_term_string}"},"query-input":{"@type":"PropertyValueSpecification","valueRequired":true,"valueName":"search_term_string"}}],"inLanguage":"es"},{"@type":"Organization","@id":"https:\/\/freeman-freeman.com\/#organization","name":"Freeman &amp; Freeman, LLP","url":"https:\/\/freeman-freeman.com\/","logo":{"@type":"ImageObject","inLanguage":"es","@id":"https:\/\/freeman-freeman.com\/#\/schema\/logo\/image\/","url":"https:\/\/freeman-freeman.com\/wp-content\/uploads\/2024\/01\/logo.jpg","contentUrl":"https:\/\/freeman-freeman.com\/wp-content\/uploads\/2024\/01\/logo.jpg","width":674,"height":104,"caption":"Freeman & Freeman, LLP"},"image":{"@id":"https:\/\/freeman-freeman.com\/#\/schema\/logo\/image\/"},"sameAs":["https:\/\/www.facebook.com\/FreemanFreemanLaw","https:\/\/x.com\/FreemanFreeman1","https:\/\/www.linkedin.com\/company\/freeman-freeman-llp"]}]}},"_links":{"self":[{"href":"https:\/\/freeman-freeman.com\/es\/wp-json\/wp\/v2\/pages\/3143","targetHints":{"allow":["GET"]}}],"collection":[{"href":"https:\/\/freeman-freeman.com\/es\/wp-json\/wp\/v2\/pages"}],"about":[{"href":"https:\/\/freeman-freeman.com\/es\/wp-json\/wp\/v2\/types\/page"}],"author":[{"embeddable":true,"href":"https:\/\/freeman-freeman.com\/es\/wp-json\/wp\/v2\/users\/1"}],"replies":[{"embeddable":true,"href":"https:\/\/freeman-freeman.com\/es\/wp-json\/wp\/v2\/comments?post=3143"}],"version-history":[{"count":4,"href":"https:\/\/freeman-freeman.com\/es\/wp-json\/wp\/v2\/pages\/3143\/revisions"}],"predecessor-version":[{"id":3163,"href":"https:\/\/freeman-freeman.com\/es\/wp-json\/wp\/v2\/pages\/3143\/revisions\/3163"}],"wp:attachment":[{"href":"https:\/\/freeman-freeman.com\/es\/wp-json\/wp\/v2\/media?parent=3143"}],"curies":[{"name":"wp","href":"https:\/\/api.w.org\/{rel}","templated":true}]}}