{"id":3145,"date":"2025-10-15T12:14:25","date_gmt":"2025-10-15T12:14:25","guid":{"rendered":"https:\/\/freeman-freeman.com\/?page_id=3145"},"modified":"2025-10-16T09:58:14","modified_gmt":"2025-10-16T09:58:14","slug":"abogado-de-lesiones-cerebrales-traumaticas-de-van-nuys","status":"publish","type":"page","link":"https:\/\/freeman-freeman.com\/es\/van-nuys-traumatic-brain-injury-lawyer\/","title":{"rendered":"Abogado de lesiones cerebrales traum\u00e1ticas en Van Nuys"},"content":{"rendered":"<h2>Abogado de lesiones cerebrales traum\u00e1ticas en Van Nuys<\/h2>\n<div class=\"abt-img\"><img loading=\"lazy\" decoding=\"async\" class=\"alignnone size-full wp-image-3130\" src=\"https:\/\/freeman-freeman.com\/wp-content\/uploads\/2025\/10\/hire-van-nuys-traumatic-brain-injury-lawyer.webp\" alt=\"abogado de lesiones cerebrales traum\u00e1ticas de van nuys\" width=\"800\" height=\"400\" \/><\/div>\n<p>Las lesiones cerebrales traum\u00e1ticas (LCT) pueden tener repercusiones negativas dram\u00e1ticas en la vida de las v\u00edctimas. Si ha sufrido una LCT durante un <a href=\"https:\/\/freeman-freeman.com\/es\/abogado-de-accidentes-de-coche-en-van-nuys\/\">accidente de tr\u00e1fico<\/a> u otro tipo de accidente que no haya sido culpa suya, puede tener derecho a una indemnizaci\u00f3n por los da\u00f1os sufridos. P\u00f3ngase en contacto con un <strong>Van Nuys lesi\u00f3n cerebral traum\u00e1tica abogado<\/strong> inmediatamente para discutir su caso y determinar c\u00f3mo seguir adelante.<\/p>\n<h2>Fideicomiso Freeman &amp; Freeman, LLP<\/h2>\n<p>Si necesita un <a href=\"https:\/\/freeman-freeman.com\/es\/abogado-de-lesiones-personales-en-van-nuys\/\">Van Nuys abogado de lesiones personales<\/a>conf\u00ede en nuestro bufete. <a href=\"https:\/\/freeman-freeman.com\/es\/acerca-de\/\">Freeman &amp; Freeman, LLP<\/a>ha representado a muchas v\u00edctimas de TBI. Tenemos un profundo conocimiento de las leyes de lesiones cerebrales traum\u00e1ticas y c\u00f3mo podr\u00edan afectar a su caso. Deje que nuestro dedicado equipo le ayude a reunir pruebas, elaborar un caso persuasivo, y <a href=\"https:\/\/freeman-freeman.com\/es\/criticas-de-freeman-y-freeman\/\">obtenga la indemnizaci\u00f3n que se merece<\/a>.<\/p>\n<h2>\u00bfPor qu\u00e9 contratar a un abogado especializado en lesiones cerebrales traum\u00e1ticas?<\/h2>\n<p>La Asociaci\u00f3n Internacional de Lesiones Cerebrales se\u00f1ala que alrededor del <a href=\"https:\/\/www.internationalbrain.org\/resources\/brain-injury-facts\" target=\"_blank\" rel=\"noopener\">80.000 personas al a\u00f1o<\/a> reciben el alta hospitalaria con alg\u00fan tipo de discapacidad relacionada con una LCT. Se calcula que 5,3 millones de personas sufren una discapacidad como consecuencia de una lesi\u00f3n cerebral.<\/p>\n<p>Las lesiones cerebrales traum\u00e1ticas suelen ser extremadamente graves. Pueden dejar a las v\u00edctimas con importantes facturas m\u00e9dicas, salarios perdidos y un menor potencial de ingresos. Cuando <a href=\"https:\/\/freeman-freeman.com\/es\/acerca-de\/freeman-stan-h\/\">contrate a un abogado especializado en lesiones cerebrales traum\u00e1ticas<\/a>De este modo, aumentar\u00e1 sus posibilidades de recibir una indemnizaci\u00f3n justa que le ayude a pagar las facturas, a recuperar los salarios perdidos y a seguir adelante con su vida tras la lesi\u00f3n.<\/p>\n<p>Si bien es cierto que la mayor\u00eda de los casos de lesiones personales se asientan antes de ir a juicio, usted todav\u00eda necesita un abogado experto Van Nuys lesi\u00f3n cerebral traum\u00e1tica de su lado. Las compa\u00f1\u00edas de seguros tienen equipos legales cuyo \u00fanico objetivo es asegurarse de que su liquidaci\u00f3n es lo m\u00e1s bajo posible. Usted necesita a alguien que pueda luchar agresivamente por sus derechos y asegurarse de obtener la compensaci\u00f3n a la que tiene derecho.<\/p>\n<h2>Tipos comunes de lesiones cerebrales<\/h2>\n<p>Una LCT se produce cuando un objeto externo golpea o perfora repentinamente la cabeza o cuando la cabeza se desplaza repentina y dr\u00e1sticamente debido a una fuerza externa. Las LCT pueden ser abiertas o cerradas. Las abiertas implican fracturas de cr\u00e1neo, mientras que las cerradas no. <strong>Los principales tipos de lesiones cerebrales que se ven en los hospitales locales como el Valley Presbyterian Hospital incluyen:<\/strong><\/p>\n<ul>\n<li><strong>Heridas abiertas en la cabeza<\/strong>. Este tipo de traumatismo craneoencef\u00e1lico suele implicar heridas punzantes y\/o fracturas \u00f3seas por objeto contundente.<\/li>\n<li><strong>Lesiones axonales difusas<\/strong>. El da\u00f1o a los axones del cerebro se produce cuando la cabeza gira o se sacude r\u00e1pidamente.<\/li>\n<li><strong>Conmociones cerebrales<\/strong>. Las conmociones cerebrales son formas relativamente leves de LCT.<\/li>\n<li><strong>Hematomas<\/strong>. Un hematoma consiste en una hemorragia alrededor del cerebro, que causa da\u00f1os cerebrales debido a la presi\u00f3n.<\/li>\n<li><strong>Hipoxia o anoxia cerebral<\/strong>. Este tipo de TCE se produce cuando una lesi\u00f3n priva a la v\u00edctima de ox\u00edgeno en el cerebro.<\/li>\n<\/ul>\n<p>Todas las formas de TBI var\u00edan en gravedad. Lo que todas tienen en com\u00fan es que pueden causar un dolor considerable y una discapacidad f\u00edsica duradera.<\/p>\n<h2>Impactos potenciales de las LCT<\/h2>\n<p>Las lesiones cerebrales traum\u00e1ticas pueden afectar gravemente a las v\u00edctimas, dificultando su funcionamiento, a veces durante toda su vida. <strong>Entre los problemas m\u00e1s comunes asociados a las lesiones cerebrales se incluyen:<\/strong><\/p>\n<ul>\n<li><strong>P\u00e9rdida de conocimiento<\/strong>. Las LCT pueden hacer que quienes las sufren entren en coma.<\/li>\n<li><strong>P\u00e9rdida de memoria<\/strong>. Incluso las LCT relativamente leves pueden causar problemas continuos para recordar cosas importantes.<\/li>\n<li><strong>Cambios de humor<\/strong>. Las v\u00edctimas de TCE pueden experimentar r\u00e1pidos cambios de humor, sinti\u00e9ndose felices un minuto y extremadamente tristes al siguiente.<\/li>\n<li><strong>Depresi\u00f3n y ansiedad<\/strong>. Muchas v\u00edctimas de traumatismos craneoencef\u00e1licos desarrollan nuevos trastornos mentales tras las lesiones, como depresi\u00f3n y ansiedad.<\/li>\n<li><strong>Entumecimiento<\/strong>. Si se da\u00f1an los nervios o las zonas del cerebro encargadas de procesar las sensaciones, puede producirse un entumecimiento continuo en una o varias partes del cuerpo.<\/li>\n<li><strong>Par\u00e1lisis<\/strong>. En algunos casos, las LCT pueden provocar una par\u00e1lisis parcial o total. Esta par\u00e1lisis puede ser temporal o permanente.<\/li>\n<li><strong>Deterioro del pensamiento<\/strong>. Muchas v\u00edctimas de LCT tienen dificultades para pensar, hablar o moverse.<\/li>\n<li><strong>Cambios de personalidad<\/strong>. Si una LCT afecta a las partes del cerebro responsables de la personalidad de una persona, todo su comportamiento puede cambiar.<\/li>\n<li><strong>Muerte<\/strong>. Las lesiones traum\u00e1ticas son una de las principales causas de muerte. <a href=\"https:\/\/freeman-freeman.com\/es\/van-nuys-abogado-de-homicidio-culposo\/\">muertes accidentales<\/a>.<\/li>\n<\/ul>\n<h2>Preguntas frecuentes<\/h2>\n<h3>\u00bfCu\u00e1l es la indemnizaci\u00f3n media por lesiones cerebrales en California?<\/h3>\n<p>No existe una indemnizaci\u00f3n media por lesiones cerebrales en California porque cada caso es diferente. La cantidad de dinero que usted conseguir\u00e1 en un establecimiento var\u00eda basado en la severidad de sus heridas, las circunstancias de su caso, y la cantidad de cobertura de seguro disponible. Si usted fue parcialmente culpable del accidente, que tambi\u00e9n podr\u00eda afectar a la cantidad de dinero que recibe en <a href=\"https:\/\/en.wikipedia.org\/wiki\/Van_Nuys\" target=\"_blank\" rel=\"noopener\">Van Nuys<\/a>.<\/p>\n<h3>\u00bfC\u00f3mo afecta la negligencia comparativa mi reclamo TBI en California?<\/h3>\n<p>Las leyes de negligencia comparativa en California pueden afectar su reclamo de LCT si usted fue parcialmente responsable de su lesi\u00f3n. El estado sigue las leyes de negligencia comparativa pura, lo que significa que todav\u00eda puede obtener una indemnizaci\u00f3n sin importar el porcentaje de culpa que usted es responsable. Si usted es 30% responsable de la causa de la lesi\u00f3n, todav\u00eda puede obtener 70% de su liquidaci\u00f3n.<\/p>\n<h3>\u00bfQu\u00e9 tipo de indemnizaci\u00f3n puedo recibir por un traumatismo craneoencef\u00e1lico en California?<\/h3>\n<p>En California, los tipos de indemnizaci\u00f3n que puede recuperar por una lesi\u00f3n cerebral traum\u00e1tica son da\u00f1os econ\u00f3micos, no econ\u00f3micos y punitivos. Los da\u00f1os econ\u00f3micos cubren las facturas m\u00e9dicas, la terapia continua, los salarios perdidos por faltar al trabajo y cualquier da\u00f1o a la propiedad. Los da\u00f1os no econ\u00f3micos pueden cubrir los costes emocionales, como la p\u00e9rdida del disfrute de la vida o el dolor y el sufrimiento. Los da\u00f1os punitivos pueden aplicarse en casos en los que un comportamiento especialmente atroz caus\u00f3 su lesi\u00f3n.<\/p>\n<h3>\u00bfQu\u00e9 no debe decir a un abogado de lesiones?<\/h3>\n<p>Usted no debe decir nada a un abogado de lesiones que malinterpreta las circunstancias de su accidente. Usted siempre debe ser honesto con su abogado TBI, lo que les permite evaluar las pruebas en su estado actual y llegar a la m\u00e1s fuerte posible caso. Mentir a su abogado s\u00f3lo crear\u00e1 complicaciones innecesarias que podr\u00edan afectar negativamente a su reclamaci\u00f3n.<\/p>\n<h2>Su abogado de lesiones cerebrales traum\u00e1ticas de Van Nuys<\/h2>\n<p>Si usted ha sufrido una lesi\u00f3n cerebral traum\u00e1tica de un accidente causado por otra persona, usted debe traer su reclamo de lesi\u00f3n cerebral traum\u00e1tica a un abogado con experiencia. Freeman &amp; Freeman, LLP, ha estado representando a clientes lesionados durante a\u00f1os. Nuestro equipo tiene lo que se necesita para representar a las v\u00edctimas de lesiones cerebrales traum\u00e1ticas. Perm\u00edtanos ayudarle a obtener la compensaci\u00f3n a la que tiene derecho. <a href=\"https:\/\/freeman-freeman.com\/es\/pongase-en-contacto-con\/\">P\u00f3ngase en contacto con nosotros<\/a> para programar una consulta inicial hoy mismo.<\/p>\n<h2>Recursos para lesiones cerebrales traum\u00e1ticas en Van Nuys<\/h2>\n<p><a href=\"https:\/\/freeman-freeman.com\/es\/blog\/comprender-las-complejidades-de-una-demanda-por-lesion-cerebral-traumatica\/\">Comprender las complejidades de una demanda por lesi\u00f3n cerebral traum\u00e1tica<\/a><\/p>\n<p><a href=\"https:\/\/freeman-freeman.com\/es\/blog\/las-lesiones-cerebrales-traumaticas-aumentan-el-riesgo-de-delitos-violentos\/\">Las lesiones cerebrales traum\u00e1ticas aumentan el riesgo de delitos violentos<\/a><\/p>\n<p><a href=\"https:\/\/freeman-freeman.com\/es\/blog\/que-danos-y-perjuicios-se-pueden-reclamar-por-lesiones-cerebrales-traumaticas\/\">\u00bfQu\u00e9 da\u00f1os y perjuicios puede solicitar por lesiones cerebrales traum\u00e1ticas?<\/a><\/p>","protected":false},"excerpt":{"rendered":"<p>Van Nuys Traumatic Brain Injury Attorney Traumatic brain injuries (TBIs) can have dramatic negative impacts on victims\u2019 lives. If you\u2019ve suffered a TBI during a car crash or another type of accident that was not your fault, you may be entitled to compensation for the damages. Contact a Van Nuys traumatic brain injury lawyer immediately &hellip; <\/p>\n<p class=\"link-more\"><a href=\"https:\/\/freeman-freeman.com\/es\/van-nuys-traumatic-brain-injury-lawyer\/\" class=\"more-link\">Seguir leyendo<span class=\"screen-reader-text\"> &#8220;Van Nuys Traumatic Brain Injury Lawyer&#8221;<\/span><\/a><\/p>","protected":false},"author":1,"featured_media":0,"parent":0,"menu_order":0,"comment_status":"closed","ping_status":"closed","template":"","meta":{"_acf_changed":false,"footnotes":""},"class_list":["post-3145","page","type-page","status-publish","hentry","entry"],"acf":[],"yoast_head":"<!-- This site is optimized with the Yoast SEO plugin v27.5 - https:\/\/yoast.com\/product\/yoast-seo-wordpress\/ -->\n<title>Van Nuys Traumatic Brain Injury Lawyer - TBI Attorneys<\/title>\n<meta name=\"description\" content=\"If you suffered head trauma, our Van Nuys Traumatic Brain Injury Lawyer can help you seek justice and fair compensation. Call Freeman &amp; Freeman.\" \/>\n<meta name=\"robots\" content=\"index, follow, max-snippet:-1, max-image-preview:large, max-video-preview:-1\" \/>\n<link rel=\"canonical\" href=\"https:\/\/freeman-freeman.com\/es\/abogado-de-lesiones-cerebrales-traumaticas-de-van-nuys\/\" \/>\n<meta property=\"og:locale\" content=\"es_MX\" \/>\n<meta property=\"og:type\" content=\"article\" \/>\n<meta property=\"og:title\" content=\"Van Nuys Traumatic Brain Injury Lawyer - TBI Attorneys\" \/>\n<meta property=\"og:description\" content=\"If you suffered head trauma, our Van Nuys Traumatic Brain Injury Lawyer can help you seek justice and fair compensation. Call Freeman &amp; Freeman.\" \/>\n<meta property=\"og:url\" content=\"https:\/\/freeman-freeman.com\/es\/abogado-de-lesiones-cerebrales-traumaticas-de-van-nuys\/\" \/>\n<meta property=\"og:site_name\" content=\"Freeman &amp; Freeman, LLP\" \/>\n<meta property=\"article:publisher\" content=\"https:\/\/www.facebook.com\/FreemanFreemanLaw\" \/>\n<meta property=\"article:modified_time\" content=\"2025-10-16T09:58:14+00:00\" \/>\n<meta property=\"og:image\" content=\"https:\/\/freeman-freeman.com\/wp-content\/uploads\/2025\/08\/wrongful-death-lawyer-in-sherman-oaks.webp\" \/>\n\t<meta property=\"og:image:width\" content=\"800\" \/>\n\t<meta property=\"og:image:height\" content=\"400\" \/>\n\t<meta property=\"og:image:type\" content=\"image\/webp\" \/>\n<meta name=\"twitter:card\" content=\"summary_large_image\" \/>\n<meta name=\"twitter:site\" content=\"@FreemanFreeman1\" \/>\n<meta name=\"twitter:label1\" content=\"Tiempo de lectura\" \/>\n\t<meta name=\"twitter:data1\" content=\"5 minutos\" \/>\n<script type=\"application\/ld+json\" class=\"yoast-schema-graph\">{\"@context\":\"https:\\\/\\\/schema.org\",\"@graph\":[{\"@type\":\"WebPage\",\"@id\":\"https:\\\/\\\/freeman-freeman.com\\\/van-nuys-traumatic-brain-injury-lawyer\\\/\",\"url\":\"https:\\\/\\\/freeman-freeman.com\\\/van-nuys-traumatic-brain-injury-lawyer\\\/\",\"name\":\"Van Nuys Traumatic Brain Injury Lawyer - TBI Attorneys\",\"isPartOf\":{\"@id\":\"https:\\\/\\\/freeman-freeman.com\\\/#website\"},\"primaryImageOfPage\":{\"@id\":\"https:\\\/\\\/freeman-freeman.com\\\/van-nuys-traumatic-brain-injury-lawyer\\\/#primaryimage\"},\"image\":{\"@id\":\"https:\\\/\\\/freeman-freeman.com\\\/van-nuys-traumatic-brain-injury-lawyer\\\/#primaryimage\"},\"thumbnailUrl\":\"https:\\\/\\\/freeman-freeman.com\\\/wp-content\\\/uploads\\\/2025\\\/10\\\/hire-van-nuys-traumatic-brain-injury-lawyer.webp\",\"datePublished\":\"2025-10-15T12:14:25+00:00\",\"dateModified\":\"2025-10-16T09:58:14+00:00\",\"description\":\"If you suffered head trauma, our Van Nuys Traumatic Brain Injury Lawyer can help you seek justice and fair compensation. Call Freeman & Freeman.\",\"inLanguage\":\"es\",\"potentialAction\":[{\"@type\":\"ReadAction\",\"target\":[\"https:\\\/\\\/freeman-freeman.com\\\/van-nuys-traumatic-brain-injury-lawyer\\\/\"]}]},{\"@type\":\"ImageObject\",\"inLanguage\":\"es\",\"@id\":\"https:\\\/\\\/freeman-freeman.com\\\/van-nuys-traumatic-brain-injury-lawyer\\\/#primaryimage\",\"url\":\"https:\\\/\\\/freeman-freeman.com\\\/wp-content\\\/uploads\\\/2025\\\/10\\\/hire-van-nuys-traumatic-brain-injury-lawyer.webp\",\"contentUrl\":\"https:\\\/\\\/freeman-freeman.com\\\/wp-content\\\/uploads\\\/2025\\\/10\\\/hire-van-nuys-traumatic-brain-injury-lawyer.webp\"},{\"@type\":\"WebSite\",\"@id\":\"https:\\\/\\\/freeman-freeman.com\\\/#website\",\"url\":\"https:\\\/\\\/freeman-freeman.com\\\/\",\"name\":\"Freeman &amp; Freeman, LLP\",\"description\":\"\",\"publisher\":{\"@id\":\"https:\\\/\\\/freeman-freeman.com\\\/#organization\"},\"potentialAction\":[{\"@type\":\"SearchAction\",\"target\":{\"@type\":\"EntryPoint\",\"urlTemplate\":\"https:\\\/\\\/freeman-freeman.com\\\/?s={search_term_string}\"},\"query-input\":{\"@type\":\"PropertyValueSpecification\",\"valueRequired\":true,\"valueName\":\"search_term_string\"}}],\"inLanguage\":\"es\"},{\"@type\":\"Organization\",\"@id\":\"https:\\\/\\\/freeman-freeman.com\\\/#organization\",\"name\":\"Freeman & Freeman, LLP\",\"url\":\"https:\\\/\\\/freeman-freeman.com\\\/\",\"logo\":{\"@type\":\"ImageObject\",\"inLanguage\":\"es\",\"@id\":\"https:\\\/\\\/freeman-freeman.com\\\/#\\\/schema\\\/logo\\\/image\\\/\",\"url\":\"https:\\\/\\\/freeman-freeman.com\\\/wp-content\\\/uploads\\\/2024\\\/01\\\/logo.jpg\",\"contentUrl\":\"https:\\\/\\\/freeman-freeman.com\\\/wp-content\\\/uploads\\\/2024\\\/01\\\/logo.jpg\",\"width\":674,\"height\":104,\"caption\":\"Freeman & Freeman, LLP\"},\"image\":{\"@id\":\"https:\\\/\\\/freeman-freeman.com\\\/#\\\/schema\\\/logo\\\/image\\\/\"},\"sameAs\":[\"https:\\\/\\\/www.facebook.com\\\/FreemanFreemanLaw\",\"https:\\\/\\\/x.com\\\/FreemanFreeman1\",\"https:\\\/\\\/www.linkedin.com\\\/company\\\/freeman-freeman-llp\"]}]}<\/script>\n<!-- \/ Yoast SEO plugin. -->","yoast_head_json":{"title":"Van Nuys Trauma Cerebral Abogado - TBI Abogados","description":"Si usted sufri\u00f3 un traumatismo craneoencef\u00e1lico, nuestro abogado especializado en lesiones cerebrales traum\u00e1ticas de Van Nuys puede ayudarle a buscar justicia y una compensaci\u00f3n justa. Llame a Freeman &amp; Freeman.","robots":{"index":"index","follow":"follow","max-snippet":"max-snippet:-1","max-image-preview":"max-image-preview:large","max-video-preview":"max-video-preview:-1"},"canonical":"https:\/\/freeman-freeman.com\/es\/abogado-de-lesiones-cerebrales-traumaticas-de-van-nuys\/","og_locale":"es_MX","og_type":"article","og_title":"Van Nuys Traumatic Brain Injury Lawyer - TBI Attorneys","og_description":"If you suffered head trauma, our Van Nuys Traumatic Brain Injury Lawyer can help you seek justice and fair compensation. Call Freeman & Freeman.","og_url":"https:\/\/freeman-freeman.com\/es\/abogado-de-lesiones-cerebrales-traumaticas-de-van-nuys\/","og_site_name":"Freeman &amp; Freeman, LLP","article_publisher":"https:\/\/www.facebook.com\/FreemanFreemanLaw","article_modified_time":"2025-10-16T09:58:14+00:00","og_image":[{"width":800,"height":400,"url":"https:\/\/freeman-freeman.com\/wp-content\/uploads\/2025\/08\/wrongful-death-lawyer-in-sherman-oaks.webp","type":"image\/webp"}],"twitter_card":"summary_large_image","twitter_site":"@FreemanFreeman1","twitter_misc":{"Tiempo de lectura":"5 minutos"},"schema":{"@context":"https:\/\/schema.org","@graph":[{"@type":"WebPage","@id":"https:\/\/freeman-freeman.com\/van-nuys-traumatic-brain-injury-lawyer\/","url":"https:\/\/freeman-freeman.com\/van-nuys-traumatic-brain-injury-lawyer\/","name":"Van Nuys Trauma Cerebral Abogado - TBI Abogados","isPartOf":{"@id":"https:\/\/freeman-freeman.com\/#website"},"primaryImageOfPage":{"@id":"https:\/\/freeman-freeman.com\/van-nuys-traumatic-brain-injury-lawyer\/#primaryimage"},"image":{"@id":"https:\/\/freeman-freeman.com\/van-nuys-traumatic-brain-injury-lawyer\/#primaryimage"},"thumbnailUrl":"https:\/\/freeman-freeman.com\/wp-content\/uploads\/2025\/10\/hire-van-nuys-traumatic-brain-injury-lawyer.webp","datePublished":"2025-10-15T12:14:25+00:00","dateModified":"2025-10-16T09:58:14+00:00","description":"Si usted sufri\u00f3 un traumatismo craneoencef\u00e1lico, nuestro abogado especializado en lesiones cerebrales traum\u00e1ticas de Van Nuys puede ayudarle a buscar justicia y una compensaci\u00f3n justa. Llame a Freeman &amp; Freeman.","inLanguage":"es","potentialAction":[{"@type":"ReadAction","target":["https:\/\/freeman-freeman.com\/van-nuys-traumatic-brain-injury-lawyer\/"]}]},{"@type":"ImageObject","inLanguage":"es","@id":"https:\/\/freeman-freeman.com\/van-nuys-traumatic-brain-injury-lawyer\/#primaryimage","url":"https:\/\/freeman-freeman.com\/wp-content\/uploads\/2025\/10\/hire-van-nuys-traumatic-brain-injury-lawyer.webp","contentUrl":"https:\/\/freeman-freeman.com\/wp-content\/uploads\/2025\/10\/hire-van-nuys-traumatic-brain-injury-lawyer.webp"},{"@type":"WebSite","@id":"https:\/\/freeman-freeman.com\/#website","url":"https:\/\/freeman-freeman.com\/","name":"Freeman &amp; Freeman, LLP","description":"","publisher":{"@id":"https:\/\/freeman-freeman.com\/#organization"},"potentialAction":[{"@type":"SearchAction","target":{"@type":"EntryPoint","urlTemplate":"https:\/\/freeman-freeman.com\/?s={search_term_string}"},"query-input":{"@type":"PropertyValueSpecification","valueRequired":true,"valueName":"search_term_string"}}],"inLanguage":"es"},{"@type":"Organization","@id":"https:\/\/freeman-freeman.com\/#organization","name":"Freeman &amp; Freeman, LLP","url":"https:\/\/freeman-freeman.com\/","logo":{"@type":"ImageObject","inLanguage":"es","@id":"https:\/\/freeman-freeman.com\/#\/schema\/logo\/image\/","url":"https:\/\/freeman-freeman.com\/wp-content\/uploads\/2024\/01\/logo.jpg","contentUrl":"https:\/\/freeman-freeman.com\/wp-content\/uploads\/2024\/01\/logo.jpg","width":674,"height":104,"caption":"Freeman & Freeman, LLP"},"image":{"@id":"https:\/\/freeman-freeman.com\/#\/schema\/logo\/image\/"},"sameAs":["https:\/\/www.facebook.com\/FreemanFreemanLaw","https:\/\/x.com\/FreemanFreeman1","https:\/\/www.linkedin.com\/company\/freeman-freeman-llp"]}]}},"_links":{"self":[{"href":"https:\/\/freeman-freeman.com\/es\/wp-json\/wp\/v2\/pages\/3145","targetHints":{"allow":["GET"]}}],"collection":[{"href":"https:\/\/freeman-freeman.com\/es\/wp-json\/wp\/v2\/pages"}],"about":[{"href":"https:\/\/freeman-freeman.com\/es\/wp-json\/wp\/v2\/types\/page"}],"author":[{"embeddable":true,"href":"https:\/\/freeman-freeman.com\/es\/wp-json\/wp\/v2\/users\/1"}],"replies":[{"embeddable":true,"href":"https:\/\/freeman-freeman.com\/es\/wp-json\/wp\/v2\/comments?post=3145"}],"version-history":[{"count":4,"href":"https:\/\/freeman-freeman.com\/es\/wp-json\/wp\/v2\/pages\/3145\/revisions"}],"predecessor-version":[{"id":3165,"href":"https:\/\/freeman-freeman.com\/es\/wp-json\/wp\/v2\/pages\/3145\/revisions\/3165"}],"wp:attachment":[{"href":"https:\/\/freeman-freeman.com\/es\/wp-json\/wp\/v2\/media?parent=3145"}],"curies":[{"name":"wp","href":"https:\/\/api.w.org\/{rel}","templated":true}]}}