{"id":3175,"date":"2025-11-19T09:46:20","date_gmt":"2025-11-19T09:46:20","guid":{"rendered":"https:\/\/freeman-freeman.com\/?page_id=3175"},"modified":"2025-11-19T13:59:08","modified_gmt":"2025-11-19T13:59:08","slug":"abogado-especializado-en-lesiones-cerebrales-traumaticas-en-northridge","status":"publish","type":"page","link":"https:\/\/freeman-freeman.com\/es\/northridge-traumatic-brain-injury-lawyer\/","title":{"rendered":"Abogado especializado en lesiones cerebrales traum\u00e1ticas en Northridge"},"content":{"rendered":"<h2>Abogado especializado en lesiones cerebrales traum\u00e1ticas en Northridge<\/h2>\n<div class=\"abt-img\"><img loading=\"lazy\" decoding=\"async\" class=\"alignnone wp-image-3193 size-full\" title=\"El mejor abogado especializado en lesiones cerebrales traum\u00e1ticas de Northridge\" src=\"https:\/\/freeman-freeman.com\/wp-content\/uploads\/2025\/11\/northridge-traumatic-brain-injury-lawyer.webp\" alt=\"El mejor abogado especializado en lesiones cerebrales traum\u00e1ticas de Northridge\" width=\"800\" height=\"400\" srcset=\"https:\/\/freeman-freeman.com\/wp-content\/uploads\/2025\/11\/northridge-traumatic-brain-injury-lawyer.webp 800w, https:\/\/freeman-freeman.com\/wp-content\/uploads\/2025\/11\/northridge-traumatic-brain-injury-lawyer-300x150.webp 300w, https:\/\/freeman-freeman.com\/wp-content\/uploads\/2025\/11\/northridge-traumatic-brain-injury-lawyer-768x384.webp 768w, https:\/\/freeman-freeman.com\/wp-content\/uploads\/2025\/11\/northridge-traumatic-brain-injury-lawyer-18x9.webp 18w\" sizes=\"auto, (max-width: 800px) 100vw, 800px\" \/><\/div>\n<p>Despu\u00e9s de sufrir una lesi\u00f3n cerebral traum\u00e1tica, intentar adaptarse a la nueva normalidad puede resultar dif\u00edcil sin el sistema de apoyo adecuado. Elija un <strong>Abogado experto en lesiones cerebrales traum\u00e1ticas en Northridge<\/strong> para ayudarle a gestionar su caso legal.<\/p>\n<h2>Contrate a un abogado especializado en lesiones cerebrales traum\u00e1ticas con a\u00f1os de experiencia.<\/h2>\n<p>En <a href=\"https:\/\/freeman-freeman.com\/es\/acerca-de\/\">Freeman &amp; Freeman, LLP<\/a>, nuestros abogados se especializan en derecho de lesiones. Sabemos lo devastador que puede ser un accidente automovil\u00edstico y trabajamos sin descanso para nuestros clientes. Trabajar con un <a href=\"https:\/\/freeman-freeman.com\/es\/abogado-de-lesiones-personales-northridge\/\">Northridge abogado de lesiones personales<\/a> puede marcar la diferencia en su caso. <strong>Nuestro equipo ha logrado acuerdos sustanciales para nuestros clientes, tales como:<\/strong><\/p>\n<ul>\n<li>$500 000 d\u00f3lares para un cliente que sufri\u00f3 una lesi\u00f3n cerebral como consecuencia de que otro conductor se saltara una se\u00f1al de alto y chocara contra la parte delantera de su autom\u00f3vil.<\/li>\n<li>$4.2 millones para un cliente que sufri\u00f3 lesiones despu\u00e9s de que otro conductor perdiera el control de su veh\u00edculo y chocara contra el coche del cliente.<\/li>\n<\/ul>\n<h2>Tipos comunes de casos de lesiones cerebrales traum\u00e1ticas que manejamos<\/h2>\n<p>Una lesi\u00f3n cerebral traum\u00e1tica se produce cuando un golpe fuerte da\u00f1a el cerebro. Las lesiones leves pueden provocar conmociones cerebrales, mientras que las lesiones graves pueden dar lugar a problemas de salud a largo plazo. En 2020, hubo <a href=\"https:\/\/www.cdc.gov\/traumatic-brain-injury\/data-research\/index.html\" target=\"_blank\" rel=\"noopener\">214 110 hospitalizaciones relacionadas con traumatismos craneoencef\u00e1licos.<\/a> en todo Estados Unidos.<\/p>\n<p>Siempre debe buscar ayuda m\u00e9dica despu\u00e9s de una lesi\u00f3n en la cabeza. Incluso las lesiones cerebrales leves requieren atenci\u00f3n m\u00e9dica inmediata. <strong>Entre los incidentes comunes que pueden provocar una lesi\u00f3n cerebral traum\u00e1tica se incluyen:<\/strong><\/p>\n<ul>\n<li><a href=\"https:\/\/freeman-freeman.com\/es\/abogado-de-accidentes-de-coche-en-northridge\/\"><strong>Accidentes de tr\u00e1fico<\/strong><\/a>. Carreteras principales en <a href=\"https:\/\/en.wikipedia.org\/wiki\/Northridge,_Los_Angeles\" target=\"_blank\" rel=\"noopener\">Northridge<\/a> incluyen Roscoe Boulevard, Devonshire Street, Nordhoff Street, Corbin Avenue y Reseda Boulevard. Los residentes de Los \u00c1ngeles utilizan la carretera estatal 118 para sus desplazamientos diarios. Dado que estas carreteras son transitadas por miles de conductores, la probabilidad estad\u00edstica de que se produzca un accidente es alta. En 2022, hubo <a href=\"https:\/\/www.ots.ca.gov\/media-and-research\/crash-rankings-results\/?wpv_view_count=1327&amp;wpv-wpcf-year=2022&amp;wpv-wpcf-city_county=Los+Angeles+County&amp;wpv_filter_submit=Submit\" target=\"_blank\" rel=\"noopener\">58 147 v\u00edctimas de accidentes automovil\u00edsticos<\/a>, tanto los que sobrevivieron como los que fallecieron.<\/li>\n<li><strong>Responsabilidad civil<\/strong>. Este tipo de incidente ocurre cuando el due\u00f1o u ocupante de una propiedad no cumple con las medidas de seguridad, lo que provoca lesiones. Puede incluir la exposici\u00f3n a materiales peligrosos, objetos rotos o actos delictivos debido a medidas de seguridad inadecuadas.<\/li>\n<li><strong>Incidentes en el lugar de trabajo<\/strong>. Las lesiones en el lugar de trabajo son muy comunes entre los residentes del condado de Los \u00c1ngeles, donde las principales empresas son Kaiser Permanente, Northrop Grumman y The Walt Disney Company. En 2023, hubo <a href=\"https:\/\/www.bls.gov\/regions\/west\/news-release\/workplaceinjuriesandillnesses_california.htm\" target=\"_blank\" rel=\"noopener\">363 900 incidentes reportados<\/a> de lesiones o enfermedades laborales en el sector privado de California.<\/li>\n<\/ul>\n<h2>C\u00f3mo se determina la culpa en un caso de lesiones personales en California<\/h2>\n<p>Cuando ocurre un incidente que implica una lesi\u00f3n cerebral traum\u00e1tica, usted tiene el derecho legal de solicitar una indemnizaci\u00f3n por su dolor. Es fundamental contratar a un abogado especializado en lesiones cerebrales traum\u00e1ticas para que represente su caso.<\/p>\n<p>Para los residentes de Northridge, los casos de lesiones cerebrales traum\u00e1ticas suelen tramitarse en el juzgado Van Nuys East Courthouse, situado en el 6230 de Sylmar Avenue, en Van Nuys. Seg\u00fan la legislaci\u00f3n de California, los residentes deben actuar con el debido cuidado y diligencia a la hora de gestionar sus propiedades o cuidar de s\u00ed mismos. Si alguien resulta lesionado porque otra persona no ha actuado con el debido cuidado, la persona negligente puede ser <a href=\"https:\/\/leginfo.legislature.ca.gov\/faces\/codes_displaySection.xhtml?sectionNum=1714.&amp;lawCode=CIV\" target=\"_blank\" rel=\"noopener\">responsable legalmente<\/a>.<\/p>\n<h2>Asignaci\u00f3n de culpa<\/h2>\n<p>Los tribunales determinan el resultado de un caso de lesiones personales mediante <a href=\"https:\/\/leginfo.legislature.ca.gov\/faces\/codes_displayText.xhtml?lawCode=CIV&amp;division=3.&amp;title=2.&amp;part=1.&amp;chapter=2.&amp;article=\" target=\"_blank\" rel=\"noopener\">asignar la culpa<\/a> a todas las partes implicadas. Entienden que las v\u00edctimas no suelen ser inocentes y que incluso una peque\u00f1a acci\u00f3n puede contribuir a lo que provoc\u00f3 el incidente. Permiten a las v\u00edctimas reclamar una indemnizaci\u00f3n, pero cualquier cantidad se reducir\u00e1 en funci\u00f3n de su porcentaje de culpa. <strong>Por ejemplo:<\/strong><\/p>\n<ul>\n<li><strong>Si conduc\u00edas a exceso de velocidad<\/strong>, se le puede asignar 20% por culpa.<\/li>\n<li><strong>Si el otro conductor estaba enviando mensajes de texto cuando choc\u00f3 contra tu coche<\/strong>, se les puede asignar 80% por culpa.<\/li>\n<li><strong>Si se le concede una indemnizaci\u00f3n de $100 000<\/strong>, se reducir\u00eda en 201 TP4T, lo que har\u00eda que el importe final de la liquidaci\u00f3n fuera de 1 TP5T80 000.<\/li>\n<\/ul>\n<p>Gracias a nuestro amplio conocimiento de la legislaci\u00f3n de California y a nuestros a\u00f1os de experiencia profesional en casos similares, los abogados de Freeman &amp; Freeman, LLP, pueden ayudarle a luchar por el resultado m\u00e1s favorable en su caso particular. D\u00e9jenos ocuparnos de los aspectos legales para que usted pueda centrar sus energ\u00edas en descansar y recuperarse.<\/p>\n<h2>Preguntas frecuentes<\/h2>\n<h3>\u00bfQu\u00e9 pruebas pueden ayudar a reforzar mi demanda por lesiones personales?<\/h3>\n<p>Contar con la mayor cantidad de pruebas posible puede ayudar a fortalecer su caso legal. Su abogado podr\u00e1 ayudarle a recopilar declaraciones y testimonios de testigos oculares. Otras pruebas pueden variar dependiendo de las caracter\u00edsticas espec\u00edficas de su caso. Pueden incluir im\u00e1genes de c\u00e1maras de vigilancia y de tr\u00e1fico, registros de mantenimiento de su lugar de trabajo u otros elementos relevantes. Aseg\u00farese de incluir copias de sus registros m\u00e9dicos y cualquier foto o video tomado en el momento del incidente.<\/p>\n<h3>\u00bfQu\u00e9 son los da\u00f1os econ\u00f3micos?<\/h3>\n<p><a href=\"https:\/\/leginfo.legislature.ca.gov\/faces\/codes_displayText.xhtml?lawCode=CIV&amp;division=3.&amp;title=2.&amp;part=1.&amp;chapter=2.&amp;article=\" target=\"_blank\" rel=\"noopener\">Los da\u00f1os econ\u00f3micos son un tipo de da\u00f1o.<\/a> que se pueden reclamar en un caso de lesiones personales. Los da\u00f1os y perjuicios son la indemnizaci\u00f3n que usted solicita a la otra parte en su caso legal. Estos da\u00f1os y perjuicios se calculan en funci\u00f3n de las p\u00e9rdidas reales que usted ha sufrido como consecuencia del incidente. Los da\u00f1os econ\u00f3micos se basan en sus p\u00e9rdidas monetarias. Pueden incluir facturas m\u00e9dicas, da\u00f1os a sus pertenencias personales y cualquier p\u00e9rdida de ingresos por faltar al trabajo debido a su lesi\u00f3n cerebral traum\u00e1tica.<\/p>\n<h3>\u00bfQu\u00e9 son los da\u00f1os no econ\u00f3micos?<\/h3>\n<p>Los da\u00f1os no econ\u00f3micos son otro tipo de da\u00f1os que se pueden reclamar. Son m\u00e1s subjetivos que los da\u00f1os econ\u00f3micos, ya que se basan en p\u00e9rdidas emocionales. Sin embargo, son igual de importantes. Puede reclamar da\u00f1os no econ\u00f3micos por dolor y sufrimiento y p\u00e9rdida del disfrute de la vida. Cuando describa su situaci\u00f3n a uno de nuestros abogados, podremos ayudarle a calcular la cantidad m\u00e1xima de indemnizaci\u00f3n que se puede reclamar en su caso particular.<\/p>\n<h3>\u00bfQu\u00e9 son los da\u00f1os punitivos?<\/h3>\n<p><a href=\"https:\/\/leginfo.legislature.ca.gov\/faces\/codes_displayText.xhtml?lawCode=CIV&amp;division=4.&amp;title=2.&amp;part=1.&amp;chapter=1.&amp;article=3.\" target=\"_blank\" rel=\"noopener\">Los da\u00f1os punitivos son un tipo especial de da\u00f1os.<\/a> que solo se pueden conceder en los casos m\u00e1s graves. Estas indemnizaciones se conceden cuando el infractor ha actuado con extrema malicia o negligencia, como por ejemplo una persona que conduce en estado de embriaguez extrema.<\/p>\n<p>Si bien los da\u00f1os punitivos benefician a la v\u00edctima, su objetivo final es castigar a\u00fan m\u00e1s a la parte culpable y disuadir comportamientos similares en el futuro. Su abogado podr\u00e1 determinar si se pueden solicitar da\u00f1os punitivos en su caso espec\u00edfico.<\/p>\n<h2>Elija un bufete de abogados de confianza especializado en lesiones personales en California.<\/h2>\n<p><a href=\"https:\/\/freeman-freeman.com\/es\/pongase-en-contacto-con\/\">P\u00f3ngase en contacto con Freeman &amp; Freeman, LLP hoy mismo.<\/a> para programar su consulta confidencial. Somos conocidos por nuestra eficiencia y nuestro estilo implacable en los litigios. Nuestros abogados no se echan atr\u00e1s ante ninguna batalla. No tiene por qu\u00e9 pasar por este momento traum\u00e1tico solo. El objetivo de nuestro despacho es ayudar a nuestros clientes a buscar un futuro mejor tras un acontecimiento tan desestabilizador.<\/p>\n<h2>Recursos para lesiones cerebrales traum\u00e1ticas en Northridge<\/h2>\n<p><a href=\"https:\/\/freeman-freeman.com\/es\/blog\/comprender-las-complejidades-de-una-demanda-por-lesion-cerebral-traumatica\/\">Comprender las complejidades de una demanda por lesi\u00f3n cerebral traum\u00e1tica<\/a><\/p>\n<p><a href=\"https:\/\/freeman-freeman.com\/es\/blog\/las-lesiones-cerebrales-traumaticas-aumentan-el-riesgo-de-delitos-violentos\/\">Las lesiones cerebrales traum\u00e1ticas aumentan el riesgo de delitos violentos<\/a><\/p>\n<p><a href=\"https:\/\/freeman-freeman.com\/es\/blog\/que-danos-y-perjuicios-se-pueden-reclamar-por-lesiones-cerebrales-traumaticas\/\">\u00bfQu\u00e9 da\u00f1os y perjuicios puede solicitar por lesiones cerebrales traum\u00e1ticas?<\/a><\/p>\n<p><iframe loading=\"lazy\" style=\"border: 0;\" src=\"https:\/\/www.google.com\/maps\/embed?pb=!1m18!1m12!1m3!1d26386.99569873195!2d-118.5281053!3d34.23898735!2m3!1f0!2f0!3f0!3m2!1i1024!2i768!4f13.1!3m3!1m2!1s0x80c29a5722594b89%3A0x33b2ab0f5b5d6152!2sNorthridge%2C%20Los%20Angeles%2C%20CA%2C%20USA!5e0!3m2!1sen!2sin!4v1763545771562!5m2!1sen!2sin\" width=\"100%\" height=\"250\" allowfullscreen=\"allowfullscreen\"><\/iframe><\/p>","protected":false},"excerpt":{"rendered":"<p>Northridge Traumatic Brain Injury Attorney After experiencing a traumatic brain injury, trying to adjust to your new normal can be challenging without the right support system. Choose a knowledgeable Northridge traumatic brain injury lawyer to help you navigate your legal case. Hire a Traumatic Brain Injury Lawyer With Years of Experience At Freeman &amp; Freeman, &hellip; <\/p>\n<p class=\"link-more\"><a href=\"https:\/\/freeman-freeman.com\/es\/northridge-traumatic-brain-injury-lawyer\/\" class=\"more-link\">Seguir leyendo<span class=\"screen-reader-text\"> &#8220;Northridge Traumatic Brain Injury Lawyer&#8221;<\/span><\/a><\/p>","protected":false},"author":1,"featured_media":0,"parent":0,"menu_order":0,"comment_status":"closed","ping_status":"closed","template":"","meta":{"_acf_changed":false,"footnotes":""},"class_list":["post-3175","page","type-page","status-publish","hentry","entry"],"acf":[],"yoast_head":"<!-- This site is optimized with the Yoast SEO plugin v27.5 - https:\/\/yoast.com\/product\/yoast-seo-wordpress\/ -->\n<title>Northridge Traumatic Brain Injury Lawyer - TBI Attorneys<\/title>\n<meta name=\"description\" content=\"Suffered a severe head injury? A Northridge Traumatic Brain Injury Lawyer at Freeman &amp; Freeman, LLP fights for full compensation. Call today!\" \/>\n<meta name=\"robots\" content=\"index, follow, max-snippet:-1, max-image-preview:large, max-video-preview:-1\" \/>\n<link rel=\"canonical\" href=\"https:\/\/freeman-freeman.com\/es\/abogado-especializado-en-lesiones-cerebrales-traumaticas-en-northridge\/\" \/>\n<meta property=\"og:locale\" content=\"es_MX\" \/>\n<meta property=\"og:type\" content=\"article\" \/>\n<meta property=\"og:title\" content=\"Northridge Traumatic Brain Injury Lawyer - TBI Attorneys\" \/>\n<meta property=\"og:description\" content=\"Suffered a severe head injury? A Northridge Traumatic Brain Injury Lawyer at Freeman &amp; Freeman, LLP fights for full compensation. Call today!\" \/>\n<meta property=\"og:url\" content=\"https:\/\/freeman-freeman.com\/es\/abogado-especializado-en-lesiones-cerebrales-traumaticas-en-northridge\/\" \/>\n<meta property=\"og:site_name\" content=\"Freeman &amp; Freeman, LLP\" \/>\n<meta property=\"article:publisher\" content=\"https:\/\/www.facebook.com\/FreemanFreemanLaw\" \/>\n<meta property=\"article:modified_time\" content=\"2025-11-19T13:59:08+00:00\" \/>\n<meta property=\"og:image\" content=\"https:\/\/freeman-freeman.com\/wp-content\/uploads\/2025\/11\/northridge-traumatic-brain-injury-lawyer.webp\" \/>\n\t<meta property=\"og:image:width\" content=\"800\" \/>\n\t<meta property=\"og:image:height\" content=\"400\" \/>\n\t<meta property=\"og:image:type\" content=\"image\/webp\" \/>\n<meta name=\"twitter:card\" content=\"summary_large_image\" \/>\n<meta name=\"twitter:site\" content=\"@FreemanFreeman1\" \/>\n<meta name=\"twitter:label1\" content=\"Tiempo de lectura\" \/>\n\t<meta name=\"twitter:data1\" content=\"5 minutos\" \/>\n<script type=\"application\/ld+json\" class=\"yoast-schema-graph\">{\"@context\":\"https:\\\/\\\/schema.org\",\"@graph\":[{\"@type\":\"WebPage\",\"@id\":\"https:\\\/\\\/freeman-freeman.com\\\/northridge-traumatic-brain-injury-lawyer\\\/\",\"url\":\"https:\\\/\\\/freeman-freeman.com\\\/northridge-traumatic-brain-injury-lawyer\\\/\",\"name\":\"Northridge Traumatic Brain Injury Lawyer - TBI Attorneys\",\"isPartOf\":{\"@id\":\"https:\\\/\\\/freeman-freeman.com\\\/#website\"},\"primaryImageOfPage\":{\"@id\":\"https:\\\/\\\/freeman-freeman.com\\\/northridge-traumatic-brain-injury-lawyer\\\/#primaryimage\"},\"image\":{\"@id\":\"https:\\\/\\\/freeman-freeman.com\\\/northridge-traumatic-brain-injury-lawyer\\\/#primaryimage\"},\"thumbnailUrl\":\"https:\\\/\\\/freeman-freeman.com\\\/wp-content\\\/uploads\\\/2025\\\/11\\\/northridge-traumatic-brain-injury-lawyer.webp\",\"datePublished\":\"2025-11-19T09:46:20+00:00\",\"dateModified\":\"2025-11-19T13:59:08+00:00\",\"description\":\"Suffered a severe head injury? A Northridge Traumatic Brain Injury Lawyer at Freeman & Freeman, LLP fights for full compensation. Call today!\",\"inLanguage\":\"es\",\"potentialAction\":[{\"@type\":\"ReadAction\",\"target\":[\"https:\\\/\\\/freeman-freeman.com\\\/northridge-traumatic-brain-injury-lawyer\\\/\"]}]},{\"@type\":\"ImageObject\",\"inLanguage\":\"es\",\"@id\":\"https:\\\/\\\/freeman-freeman.com\\\/northridge-traumatic-brain-injury-lawyer\\\/#primaryimage\",\"url\":\"https:\\\/\\\/freeman-freeman.com\\\/wp-content\\\/uploads\\\/2025\\\/11\\\/northridge-traumatic-brain-injury-lawyer.webp\",\"contentUrl\":\"https:\\\/\\\/freeman-freeman.com\\\/wp-content\\\/uploads\\\/2025\\\/11\\\/northridge-traumatic-brain-injury-lawyer.webp\"},{\"@type\":\"WebSite\",\"@id\":\"https:\\\/\\\/freeman-freeman.com\\\/#website\",\"url\":\"https:\\\/\\\/freeman-freeman.com\\\/\",\"name\":\"Freeman &amp; Freeman, LLP\",\"description\":\"\",\"publisher\":{\"@id\":\"https:\\\/\\\/freeman-freeman.com\\\/#organization\"},\"potentialAction\":[{\"@type\":\"SearchAction\",\"target\":{\"@type\":\"EntryPoint\",\"urlTemplate\":\"https:\\\/\\\/freeman-freeman.com\\\/?s={search_term_string}\"},\"query-input\":{\"@type\":\"PropertyValueSpecification\",\"valueRequired\":true,\"valueName\":\"search_term_string\"}}],\"inLanguage\":\"es\"},{\"@type\":\"Organization\",\"@id\":\"https:\\\/\\\/freeman-freeman.com\\\/#organization\",\"name\":\"Freeman & Freeman, LLP\",\"url\":\"https:\\\/\\\/freeman-freeman.com\\\/\",\"logo\":{\"@type\":\"ImageObject\",\"inLanguage\":\"es\",\"@id\":\"https:\\\/\\\/freeman-freeman.com\\\/#\\\/schema\\\/logo\\\/image\\\/\",\"url\":\"https:\\\/\\\/freeman-freeman.com\\\/wp-content\\\/uploads\\\/2024\\\/01\\\/logo.jpg\",\"contentUrl\":\"https:\\\/\\\/freeman-freeman.com\\\/wp-content\\\/uploads\\\/2024\\\/01\\\/logo.jpg\",\"width\":674,\"height\":104,\"caption\":\"Freeman & Freeman, LLP\"},\"image\":{\"@id\":\"https:\\\/\\\/freeman-freeman.com\\\/#\\\/schema\\\/logo\\\/image\\\/\"},\"sameAs\":[\"https:\\\/\\\/www.facebook.com\\\/FreemanFreemanLaw\",\"https:\\\/\\\/x.com\\\/FreemanFreeman1\",\"https:\\\/\\\/www.linkedin.com\\\/company\\\/freeman-freeman-llp\"]}]}<\/script>\n<!-- \/ Yoast SEO plugin. -->","yoast_head_json":{"title":"Abogado especializado en lesiones cerebrales traum\u00e1ticas en Northridge - Abogados especializados en lesiones cerebrales traum\u00e1ticas","description":"\u00bfHa sufrido una lesi\u00f3n grave en la cabeza? Un abogado especializado en lesiones cerebrales traum\u00e1ticas de Northridge en Freeman &amp; Freeman, LLP luchar\u00e1 por obtener una indemnizaci\u00f3n completa. \u00a1Llame hoy mismo!","robots":{"index":"index","follow":"follow","max-snippet":"max-snippet:-1","max-image-preview":"max-image-preview:large","max-video-preview":"max-video-preview:-1"},"canonical":"https:\/\/freeman-freeman.com\/es\/abogado-especializado-en-lesiones-cerebrales-traumaticas-en-northridge\/","og_locale":"es_MX","og_type":"article","og_title":"Northridge Traumatic Brain Injury Lawyer - TBI Attorneys","og_description":"Suffered a severe head injury? A Northridge Traumatic Brain Injury Lawyer at Freeman & Freeman, LLP fights for full compensation. Call today!","og_url":"https:\/\/freeman-freeman.com\/es\/abogado-especializado-en-lesiones-cerebrales-traumaticas-en-northridge\/","og_site_name":"Freeman &amp; Freeman, LLP","article_publisher":"https:\/\/www.facebook.com\/FreemanFreemanLaw","article_modified_time":"2025-11-19T13:59:08+00:00","og_image":[{"width":800,"height":400,"url":"https:\/\/freeman-freeman.com\/wp-content\/uploads\/2025\/11\/northridge-traumatic-brain-injury-lawyer.webp","type":"image\/webp"}],"twitter_card":"summary_large_image","twitter_site":"@FreemanFreeman1","twitter_misc":{"Tiempo de lectura":"5 minutos"},"schema":{"@context":"https:\/\/schema.org","@graph":[{"@type":"WebPage","@id":"https:\/\/freeman-freeman.com\/northridge-traumatic-brain-injury-lawyer\/","url":"https:\/\/freeman-freeman.com\/northridge-traumatic-brain-injury-lawyer\/","name":"Abogado especializado en lesiones cerebrales traum\u00e1ticas en Northridge - Abogados especializados en lesiones cerebrales traum\u00e1ticas","isPartOf":{"@id":"https:\/\/freeman-freeman.com\/#website"},"primaryImageOfPage":{"@id":"https:\/\/freeman-freeman.com\/northridge-traumatic-brain-injury-lawyer\/#primaryimage"},"image":{"@id":"https:\/\/freeman-freeman.com\/northridge-traumatic-brain-injury-lawyer\/#primaryimage"},"thumbnailUrl":"https:\/\/freeman-freeman.com\/wp-content\/uploads\/2025\/11\/northridge-traumatic-brain-injury-lawyer.webp","datePublished":"2025-11-19T09:46:20+00:00","dateModified":"2025-11-19T13:59:08+00:00","description":"\u00bfHa sufrido una lesi\u00f3n grave en la cabeza? Un abogado especializado en lesiones cerebrales traum\u00e1ticas de Northridge en Freeman &amp; Freeman, LLP luchar\u00e1 por obtener una indemnizaci\u00f3n completa. \u00a1Llame hoy mismo!","inLanguage":"es","potentialAction":[{"@type":"ReadAction","target":["https:\/\/freeman-freeman.com\/northridge-traumatic-brain-injury-lawyer\/"]}]},{"@type":"ImageObject","inLanguage":"es","@id":"https:\/\/freeman-freeman.com\/northridge-traumatic-brain-injury-lawyer\/#primaryimage","url":"https:\/\/freeman-freeman.com\/wp-content\/uploads\/2025\/11\/northridge-traumatic-brain-injury-lawyer.webp","contentUrl":"https:\/\/freeman-freeman.com\/wp-content\/uploads\/2025\/11\/northridge-traumatic-brain-injury-lawyer.webp"},{"@type":"WebSite","@id":"https:\/\/freeman-freeman.com\/#website","url":"https:\/\/freeman-freeman.com\/","name":"Freeman &amp; Freeman, LLP","description":"","publisher":{"@id":"https:\/\/freeman-freeman.com\/#organization"},"potentialAction":[{"@type":"SearchAction","target":{"@type":"EntryPoint","urlTemplate":"https:\/\/freeman-freeman.com\/?s={search_term_string}"},"query-input":{"@type":"PropertyValueSpecification","valueRequired":true,"valueName":"search_term_string"}}],"inLanguage":"es"},{"@type":"Organization","@id":"https:\/\/freeman-freeman.com\/#organization","name":"Freeman &amp; Freeman, LLP","url":"https:\/\/freeman-freeman.com\/","logo":{"@type":"ImageObject","inLanguage":"es","@id":"https:\/\/freeman-freeman.com\/#\/schema\/logo\/image\/","url":"https:\/\/freeman-freeman.com\/wp-content\/uploads\/2024\/01\/logo.jpg","contentUrl":"https:\/\/freeman-freeman.com\/wp-content\/uploads\/2024\/01\/logo.jpg","width":674,"height":104,"caption":"Freeman & Freeman, LLP"},"image":{"@id":"https:\/\/freeman-freeman.com\/#\/schema\/logo\/image\/"},"sameAs":["https:\/\/www.facebook.com\/FreemanFreemanLaw","https:\/\/x.com\/FreemanFreeman1","https:\/\/www.linkedin.com\/company\/freeman-freeman-llp"]}]}},"_links":{"self":[{"href":"https:\/\/freeman-freeman.com\/es\/wp-json\/wp\/v2\/pages\/3175","targetHints":{"allow":["GET"]}}],"collection":[{"href":"https:\/\/freeman-freeman.com\/es\/wp-json\/wp\/v2\/pages"}],"about":[{"href":"https:\/\/freeman-freeman.com\/es\/wp-json\/wp\/v2\/types\/page"}],"author":[{"embeddable":true,"href":"https:\/\/freeman-freeman.com\/es\/wp-json\/wp\/v2\/users\/1"}],"replies":[{"embeddable":true,"href":"https:\/\/freeman-freeman.com\/es\/wp-json\/wp\/v2\/comments?post=3175"}],"version-history":[{"count":7,"href":"https:\/\/freeman-freeman.com\/es\/wp-json\/wp\/v2\/pages\/3175\/revisions"}],"predecessor-version":[{"id":3194,"href":"https:\/\/freeman-freeman.com\/es\/wp-json\/wp\/v2\/pages\/3175\/revisions\/3194"}],"wp:attachment":[{"href":"https:\/\/freeman-freeman.com\/es\/wp-json\/wp\/v2\/media?parent=3175"}],"curies":[{"name":"wp","href":"https:\/\/api.w.org\/{rel}","templated":true}]}}