{"id":3197,"date":"2026-01-02T12:14:59","date_gmt":"2026-01-02T12:14:59","guid":{"rendered":"https:\/\/freeman-freeman.com\/?page_id=3197"},"modified":"2026-01-02T12:14:59","modified_gmt":"2026-01-02T12:14:59","slug":"abogado-especializado-en-lesiones-cerebrales-traumaticas-en-sherman-oaks","status":"publish","type":"page","link":"https:\/\/freeman-freeman.com\/es\/sherman-oaks-traumatic-brain-injury-lawyer\/","title":{"rendered":"Abogado especializado en lesiones cerebrales traum\u00e1ticas en Sherman Oaks"},"content":{"rendered":"<h2>Abogado especializado en lesiones cerebrales traum\u00e1ticas en Sherman Oaks, California<\/h2>\n<div class=\"abt-img\"><img loading=\"lazy\" decoding=\"async\" class=\"alignnone wp-image-3206 size-full\" title=\"El mejor abogado especializado en lesiones cerebrales traum\u00e1ticas de Sherman Oaks\" src=\"https:\/\/freeman-freeman.com\/wp-content\/uploads\/2026\/01\/best-sherman-oaks-traumatic-brain-injury-lawyer.webp\" alt=\"El mejor abogado especializado en lesiones cerebrales traum\u00e1ticas de Sherman Oaks\" width=\"800\" height=\"400\" srcset=\"https:\/\/freeman-freeman.com\/wp-content\/uploads\/2026\/01\/best-sherman-oaks-traumatic-brain-injury-lawyer.webp 800w, https:\/\/freeman-freeman.com\/wp-content\/uploads\/2026\/01\/best-sherman-oaks-traumatic-brain-injury-lawyer-300x150.webp 300w, https:\/\/freeman-freeman.com\/wp-content\/uploads\/2026\/01\/best-sherman-oaks-traumatic-brain-injury-lawyer-768x384.webp 768w, https:\/\/freeman-freeman.com\/wp-content\/uploads\/2026\/01\/best-sherman-oaks-traumatic-brain-injury-lawyer-18x9.webp 18w\" sizes=\"auto, (max-width: 800px) 100vw, 800px\" \/><\/div>\n<p>Sufrir una lesi\u00f3n cerebral traum\u00e1tica puede cambiar tu vida por completo. Puede ser dif\u00edcil adaptarse a una nueva vida, pero no tienes por qu\u00e9 pasar por ello solo. Si est\u00e1s buscando una indemnizaci\u00f3n por da\u00f1os y perjuicios por una lesi\u00f3n cerebral traum\u00e1tica, un <strong>Un abogado especializado en lesiones cerebrales traum\u00e1ticas de Sherman Oaks podr\u00eda ayudarle.<\/strong>.<\/p>\n<h2>Conf\u00ede en el equipo de Freeman &amp; Freeman, LLP<\/h2>\n<p>En <a href=\"https:\/\/freeman-freeman.com\/es\/\">Freeman &amp; Freeman, LLP<\/a>, contamos con amplios conocimientos y experiencia en todo tipo de <a href=\"https:\/\/freeman-freeman.com\/es\/abogado-de-lesiones-personales-en-sherman-oaks\/\">casos de lesiones personales en Sherman Oaks<\/a>. Nuestro equipo est\u00e1 formado por abogados, asistentes legales e investigadores con amplia experiencia. Tambi\u00e9n colaboramos estrechamente con m\u00e9dicos que estar\u00e1n encantados de analizar el alcance de sus lesiones. Lucharemos junto a usted para garantizar que obtenga la indemnizaci\u00f3n que necesite tras sufrir un acontecimiento tan trascendental como una lesi\u00f3n cerebral traum\u00e1tica.<\/p>\n<h2>\u00bfPor qu\u00e9 contratar a un abogado especializado en lesiones cerebrales traum\u00e1ticas en Sherman Oaks?<\/h2>\n<p>Puede resultar dif\u00edcil orientarse en el complejo mundo de la legislaci\u00f3n sobre lesiones personales en California. Es fundamental contratar a un abogado especializado en lesiones cerebrales traum\u00e1ticas en <a href=\"https:\/\/en.wikipedia.org\/wiki\/Sherman_Oaks,_Los_Angeles\" target=\"_blank\" rel=\"noopener\">Sherman Oaks<\/a> para ayudarle a navegar por el sistema legal. Los abogados especializados en lesiones cerebrales traum\u00e1ticas tienen un amplio conocimiento de las leyes locales y ser\u00e1n sus defensores en los tribunales, asegur\u00e1ndose de que obtenga la indemnizaci\u00f3n que se merece.<\/p>\n<p>Cuando contrata a un abogado especializado en lesiones cerebrales traum\u00e1ticas en Freeman &amp; Freeman, LLP, contar\u00e1 con alguien con amplios conocimientos sobre las leyes locales en materia de lesiones personales. Nos aseguramos de que reciba la representaci\u00f3n que necesita y estamos a su disposici\u00f3n para responder a cualquier pregunta que pueda tener.<\/p>\n<h2>Definici\u00f3n y causas de la lesi\u00f3n cerebral traum\u00e1tica<\/h2>\n<p>Una lesi\u00f3n cerebral traum\u00e1tica (LCT) es una lesi\u00f3n cerebral que puede afectar al funcionamiento del cerebro. Las lesiones pueden variar de leves a graves, mientras que las LCT m\u00e1s graves pueden ser permanentes o de larga duraci\u00f3n. Pueden producirse debido a un golpe, impacto o sacudida en la cabeza o, en otros casos, por un objeto que penetra en la cabeza y alcanza el cerebro.<\/p>\n<p>Hay muchas formas diferentes de sufrir una lesi\u00f3n cerebral traum\u00e1tica. <strong>Algunas causas comunes incluyen:<\/strong><\/p>\n<ul>\n<li><a href=\"https:\/\/freeman-freeman.com\/es\/sherman-oaks-resbalon-y-caida-abogado\/\">Ca\u00eddas<\/a><\/li>\n<li><a href=\"https:\/\/freeman-freeman.com\/es\/sherman-oaks-abogado-de-accidente-de-coche\/\">Accidentes de tr\u00e1fico<\/a><\/li>\n<li>Lesiones deportivas<\/li>\n<li>Traumatismo contuso<\/li>\n<li>Suicidio con armas de fuego<\/li>\n<li>El lugar de trabajo<\/li>\n<\/ul>\n<p>Las hospitalizaciones y muertes por traumatismo craneoencef\u00e1lico en California son m\u00e1s comunes en adultos de 55 a\u00f1os o m\u00e1s. De los 11.2 millones de californianos mayores, <a href=\"https:\/\/www.cdph.ca.gov\/Programs\/CCDPHP\/DCDIC\/SACB\/CDPH%20Document%20Library\/Healthy%20Aging\/TBIOlderAdults-FactSheet_ADA.pdf\" target=\"_blank\" rel=\"noopener\">2912 muertes<\/a>, 17 528 hospitalizaciones y 15 708 visitas a urgencias estuvieron relacionadas con traumatismos craneoencef\u00e1licos.<\/p>\n<h2>Lesiones cerebrales traum\u00e1ticas en el lugar de trabajo<\/h2>\n<p>Las lesiones cerebrales traum\u00e1ticas pueden ocurrir en el lugar de trabajo,<strong> especialmente en trabajos como estos:<\/strong><\/p>\n<ul>\n<li>Construcci\u00f3n<\/li>\n<li>Atletas profesionales<\/li>\n<li>Aplicaci\u00f3n de la ley<\/li>\n<li>Trabajadores de almac\u00e9n<\/li>\n<li>Personal de respuesta a emergencias<\/li>\n<li>Camioneros de carga<\/li>\n<\/ul>\n<p>Seg\u00fan la Oficina de Estad\u00edsticas Laborales, en 2023, <a href=\"https:\/\/www.bls.gov\/regions\/west\/news-release\/workplaceinjuriesandillnesses_california.htm\" target=\"_blank\" rel=\"noopener\">363 900 lesiones laborales no mortales<\/a> ocurrieron en California. De estas, 236 700 lesiones fueron graves.<\/p>\n<p>Las lesiones cerebrales traum\u00e1ticas pueden afectar la forma en que una persona realiza su trabajo, con s\u00edntomas que afectan su forma de pensar, responder, concentrarse y sentir. Los s\u00edntomas pueden durar meses o incluso a\u00f1os, y una lesi\u00f3n cerebral traum\u00e1tica tambi\u00e9n puede hacer que una persona deje temporalmente su trabajo. Las lesiones cerebrales traum\u00e1ticas m\u00e1s graves pueden hacer que una persona sea incapaz de trabajar por completo.<\/p>\n<h2>Emprender acciones legales<\/h2>\n<p>En el estado de California, se le permite emprender acciones legales en un plazo de dos a\u00f1os desde que sufri\u00f3 la lesi\u00f3n. Debe hacerlo en el lugar donde ocurri\u00f3 el accidente o donde reside o trabaja el demandado. Debe existir al menos una causa de acci\u00f3n para presentar una demanda legal contra otra persona.<\/p>\n<p>Debe poder proporcionar pruebas de la lesi\u00f3n y de qui\u00e9n es el responsable. En California, una persona lesionada puede presentar una demanda legal incluso si comparte parte de la culpa. Las pruebas en un caso pueden incluir facturas m\u00e9dicas, informes m\u00e9dicos y signos de que se produjo una lesi\u00f3n. Puede ser dif\u00edcil demostrar una lesi\u00f3n cerebral traum\u00e1tica leve, ya que los s\u00edntomas desaparecen m\u00e1s r\u00e1pidamente que en el caso de lesiones m\u00e1s graves, pero es posible.<\/p>\n<p>La cuant\u00eda de la indemnizaci\u00f3n que puede obtener depende de la gravedad de la lesi\u00f3n. La indemnizaci\u00f3n que puede solicitar incluye da\u00f1os econ\u00f3micos y no econ\u00f3micos. Entre los factores que se tienen en cuenta para calcular la indemnizaci\u00f3n se encuentran los gastos m\u00e9dicos, los costos del tratamiento, el dolor y el sufrimiento, y la p\u00e9rdida de calidad de vida.<\/p>\n<h2>Preguntas frecuentes sobre las lesiones cerebrales traum\u00e1ticas en Sherman Oaks, California<\/h2>\n<h3>\u00bfCu\u00e1l es la legislaci\u00f3n aplicable a las lesiones cerebrales traum\u00e1ticas?<\/h3>\n<p>Puede emprender acciones legales por una lesi\u00f3n cerebral traum\u00e1tica en un plazo de <a href=\"https:\/\/leginfo.legislature.ca.gov\/faces\/codes_displaySection.xhtml?lawCode=CCP&amp;sectionNum=335.1\" target=\"_blank\" rel=\"noopener\">dos a\u00f1os<\/a> de la lesi\u00f3n. En los tribunales, para presentar una demanda legal, es necesario demostrar la culpa, la negligencia y el alcance de los da\u00f1os. Los tipos de da\u00f1os que las personas pueden reclamar incluyen las p\u00e9rdidas econ\u00f3micas y no econ\u00f3micas derivadas de la lesi\u00f3n cerebral traum\u00e1tica.<\/p>\n<h3>\u00bfCu\u00e1l es la indemnizaci\u00f3n promedio por una lesi\u00f3n cerebral traum\u00e1tica?<\/h3>\n<p>En <a href=\"https:\/\/freeman-freeman.com\/es\/blog\/cual-es-el-monto-promedio-de-las-indemnizaciones-por-lesiones-cerebrales-traumaticas-en-california\/\">pago promedio por una lesi\u00f3n cerebral traum\u00e1tica<\/a> variar\u00e1 seg\u00fan la gravedad de la lesi\u00f3n. Cuanto m\u00e1s grave sea la lesi\u00f3n, mayor ser\u00e1 la indemnizaci\u00f3n a la que tendr\u00e1 derecho. Las personas con una lesi\u00f3n cerebral traum\u00e1tica leve a moderada pueden solicitar una indemnizaci\u00f3n adecuada, mientras que las que sufren lesiones muy graves pueden tener derecho a una indemnizaci\u00f3n a\u00fan mayor. Todo depende de la gravedad de la lesi\u00f3n y de las circunstancias individuales.<\/p>\n<h3>\u00bfEs dif\u00edcil demostrar una lesi\u00f3n cerebral traum\u00e1tica?<\/h3>\n<p>Puede ser dif\u00edcil demostrar una lesi\u00f3n cerebral traum\u00e1tica porque los s\u00edntomas no siempre son visibles. Adem\u00e1s, pueden desaparecer con bastante rapidez si la lesi\u00f3n es leve. Si hay pruebas de que se ha recibido tratamiento m\u00e9dico por una lesi\u00f3n cerebral traum\u00e1tica leve, aseg\u00farese de recopilarlas, ya que facilitar\u00e1n la demostraci\u00f3n.<\/p>\n<h3>\u00bfEs una lesi\u00f3n cerebral traum\u00e1tica una discapacidad protegida?<\/h3>\n<p>Las lesiones cerebrales traum\u00e1ticas son una de las principales causas de discapacidad. Dependiendo de la gravedad de la lesi\u00f3n, una persona puede quedar discapacitada debido al da\u00f1o cerebral. Sus capacidades f\u00edsicas y\/o mentales pueden verse gravemente afectadas si sufre una lesi\u00f3n cerebral traum\u00e1tica, lo que puede afectar a su sustento. Si no puede funcionar correctamente durante al menos tres meses despu\u00e9s de una lesi\u00f3n cerebral traum\u00e1tica, se considera oficialmente una discapacidad.<\/p>\n<h2>Contrate hoy mismo a un abogado especializado en lesiones cerebrales traum\u00e1ticas.<\/h2>\n<p>Si usted o un ser querido ha sufrido una lesi\u00f3n cerebral traum\u00e1tica, es importante que obtenga la compensaci\u00f3n que se merece. En Freeman &amp; Freeman, LLP, nos comprometemos a ayudarle y representarle en los tribunales. Durante una consulta con nosotros, podr\u00e1 explicarnos su caso y, si tiene alguna pregunta, le responderemos y le orientaremos sobre los siguientes pasos a seguir. Para programar una consulta con nosotros, <a href=\"https:\/\/freeman-freeman.com\/es\/pongase-en-contacto-con\/\">Contacto<\/a> o visite nuestra oficina de Woodland Hills.<\/p>","protected":false},"excerpt":{"rendered":"<p>Traumatic Brain Injury Attorney in Sherman Oaks, CA Going through a traumatic brain injury can completely change your life. It may be hard to adjust to a new life, but you don\u2019t have to go through it alone. If you are seeking damages for a traumatic brain injury, a Sherman Oaks traumatic brain injury lawyer &hellip; <\/p>\n<p class=\"link-more\"><a href=\"https:\/\/freeman-freeman.com\/es\/sherman-oaks-traumatic-brain-injury-lawyer\/\" class=\"more-link\">Seguir leyendo<span class=\"screen-reader-text\"> &#8220;Sherman Oaks Traumatic Brain Injury Lawyer&#8221;<\/span><\/a><\/p>","protected":false},"author":1,"featured_media":0,"parent":0,"menu_order":0,"comment_status":"closed","ping_status":"closed","template":"","meta":{"_acf_changed":false,"footnotes":""},"class_list":["post-3197","page","type-page","status-publish","hentry","entry"],"acf":[],"yoast_head":"<!-- This site is optimized with the Yoast SEO plugin v27.5 - https:\/\/yoast.com\/product\/yoast-seo-wordpress\/ -->\n<title>Sherman Oaks Traumatic Brain Injury Lawyer - TBI Attorneys<\/title>\n<meta name=\"description\" content=\"Sherman Oaks Traumatic Brain Injury Lawyer: Freeman &amp; Freeman, LLP pursues maximum recovery for serious TBI victims. Free Case Review.\" \/>\n<meta name=\"robots\" content=\"index, follow, max-snippet:-1, max-image-preview:large, max-video-preview:-1\" \/>\n<link rel=\"canonical\" href=\"https:\/\/freeman-freeman.com\/es\/abogado-especializado-en-lesiones-cerebrales-traumaticas-en-sherman-oaks\/\" \/>\n<meta property=\"og:locale\" content=\"es_MX\" \/>\n<meta property=\"og:type\" content=\"article\" \/>\n<meta property=\"og:title\" content=\"Sherman Oaks Traumatic Brain Injury Lawyer - TBI Attorneys\" \/>\n<meta property=\"og:description\" content=\"Sherman Oaks Traumatic Brain Injury Lawyer: Freeman &amp; Freeman, LLP pursues maximum recovery for serious TBI victims. Free Case Review.\" \/>\n<meta property=\"og:url\" content=\"https:\/\/freeman-freeman.com\/es\/abogado-especializado-en-lesiones-cerebrales-traumaticas-en-sherman-oaks\/\" \/>\n<meta property=\"og:site_name\" content=\"Freeman &amp; Freeman, LLP\" \/>\n<meta property=\"article:publisher\" content=\"https:\/\/www.facebook.com\/FreemanFreemanLaw\" \/>\n<meta property=\"og:image\" content=\"https:\/\/freeman-freeman.com\/wp-content\/uploads\/2026\/01\/best-sherman-oaks-traumatic-brain-injury-lawyer.webp\" \/>\n\t<meta property=\"og:image:width\" content=\"800\" \/>\n\t<meta property=\"og:image:height\" content=\"400\" \/>\n\t<meta property=\"og:image:type\" content=\"image\/webp\" \/>\n<meta name=\"twitter:card\" content=\"summary_large_image\" \/>\n<meta name=\"twitter:site\" content=\"@FreemanFreeman1\" \/>\n<meta name=\"twitter:label1\" content=\"Tiempo de lectura\" \/>\n\t<meta name=\"twitter:data1\" content=\"5 minutos\" \/>\n<script type=\"application\/ld+json\" class=\"yoast-schema-graph\">{\"@context\":\"https:\\\/\\\/schema.org\",\"@graph\":[{\"@type\":\"WebPage\",\"@id\":\"https:\\\/\\\/freeman-freeman.com\\\/sherman-oaks-traumatic-brain-injury-lawyer\\\/\",\"url\":\"https:\\\/\\\/freeman-freeman.com\\\/sherman-oaks-traumatic-brain-injury-lawyer\\\/\",\"name\":\"Sherman Oaks Traumatic Brain Injury Lawyer - TBI Attorneys\",\"isPartOf\":{\"@id\":\"https:\\\/\\\/freeman-freeman.com\\\/#website\"},\"primaryImageOfPage\":{\"@id\":\"https:\\\/\\\/freeman-freeman.com\\\/sherman-oaks-traumatic-brain-injury-lawyer\\\/#primaryimage\"},\"image\":{\"@id\":\"https:\\\/\\\/freeman-freeman.com\\\/sherman-oaks-traumatic-brain-injury-lawyer\\\/#primaryimage\"},\"thumbnailUrl\":\"https:\\\/\\\/freeman-freeman.com\\\/wp-content\\\/uploads\\\/2026\\\/01\\\/best-sherman-oaks-traumatic-brain-injury-lawyer.webp\",\"datePublished\":\"2026-01-02T12:14:59+00:00\",\"description\":\"Sherman Oaks Traumatic Brain Injury Lawyer: Freeman & Freeman, LLP pursues maximum recovery for serious TBI victims. Free Case Review.\",\"inLanguage\":\"es\",\"potentialAction\":[{\"@type\":\"ReadAction\",\"target\":[\"https:\\\/\\\/freeman-freeman.com\\\/sherman-oaks-traumatic-brain-injury-lawyer\\\/\"]}]},{\"@type\":\"ImageObject\",\"inLanguage\":\"es\",\"@id\":\"https:\\\/\\\/freeman-freeman.com\\\/sherman-oaks-traumatic-brain-injury-lawyer\\\/#primaryimage\",\"url\":\"https:\\\/\\\/freeman-freeman.com\\\/wp-content\\\/uploads\\\/2026\\\/01\\\/best-sherman-oaks-traumatic-brain-injury-lawyer.webp\",\"contentUrl\":\"https:\\\/\\\/freeman-freeman.com\\\/wp-content\\\/uploads\\\/2026\\\/01\\\/best-sherman-oaks-traumatic-brain-injury-lawyer.webp\"},{\"@type\":\"WebSite\",\"@id\":\"https:\\\/\\\/freeman-freeman.com\\\/#website\",\"url\":\"https:\\\/\\\/freeman-freeman.com\\\/\",\"name\":\"Freeman &amp; Freeman, LLP\",\"description\":\"\",\"publisher\":{\"@id\":\"https:\\\/\\\/freeman-freeman.com\\\/#organization\"},\"potentialAction\":[{\"@type\":\"SearchAction\",\"target\":{\"@type\":\"EntryPoint\",\"urlTemplate\":\"https:\\\/\\\/freeman-freeman.com\\\/?s={search_term_string}\"},\"query-input\":{\"@type\":\"PropertyValueSpecification\",\"valueRequired\":true,\"valueName\":\"search_term_string\"}}],\"inLanguage\":\"es\"},{\"@type\":\"Organization\",\"@id\":\"https:\\\/\\\/freeman-freeman.com\\\/#organization\",\"name\":\"Freeman & Freeman, LLP\",\"url\":\"https:\\\/\\\/freeman-freeman.com\\\/\",\"logo\":{\"@type\":\"ImageObject\",\"inLanguage\":\"es\",\"@id\":\"https:\\\/\\\/freeman-freeman.com\\\/#\\\/schema\\\/logo\\\/image\\\/\",\"url\":\"https:\\\/\\\/freeman-freeman.com\\\/wp-content\\\/uploads\\\/2024\\\/01\\\/logo.jpg\",\"contentUrl\":\"https:\\\/\\\/freeman-freeman.com\\\/wp-content\\\/uploads\\\/2024\\\/01\\\/logo.jpg\",\"width\":674,\"height\":104,\"caption\":\"Freeman & Freeman, LLP\"},\"image\":{\"@id\":\"https:\\\/\\\/freeman-freeman.com\\\/#\\\/schema\\\/logo\\\/image\\\/\"},\"sameAs\":[\"https:\\\/\\\/www.facebook.com\\\/FreemanFreemanLaw\",\"https:\\\/\\\/x.com\\\/FreemanFreeman1\",\"https:\\\/\\\/www.linkedin.com\\\/company\\\/freeman-freeman-llp\"]}]}<\/script>\n<!-- \/ Yoast SEO plugin. -->","yoast_head_json":{"title":"Abogado especializado en lesiones cerebrales traum\u00e1ticas en Sherman Oaks - Abogados especializados en lesiones cerebrales traum\u00e1ticas","description":"Abogado especializado en lesiones cerebrales traum\u00e1ticas en Sherman Oaks: Freeman &amp; Freeman, LLP busca la m\u00e1xima indemnizaci\u00f3n para las v\u00edctimas de lesiones cerebrales traum\u00e1ticas graves. Revisi\u00f3n gratuita de su caso.","robots":{"index":"index","follow":"follow","max-snippet":"max-snippet:-1","max-image-preview":"max-image-preview:large","max-video-preview":"max-video-preview:-1"},"canonical":"https:\/\/freeman-freeman.com\/es\/abogado-especializado-en-lesiones-cerebrales-traumaticas-en-sherman-oaks\/","og_locale":"es_MX","og_type":"article","og_title":"Sherman Oaks Traumatic Brain Injury Lawyer - TBI Attorneys","og_description":"Sherman Oaks Traumatic Brain Injury Lawyer: Freeman & Freeman, LLP pursues maximum recovery for serious TBI victims. Free Case Review.","og_url":"https:\/\/freeman-freeman.com\/es\/abogado-especializado-en-lesiones-cerebrales-traumaticas-en-sherman-oaks\/","og_site_name":"Freeman &amp; Freeman, LLP","article_publisher":"https:\/\/www.facebook.com\/FreemanFreemanLaw","og_image":[{"width":800,"height":400,"url":"https:\/\/freeman-freeman.com\/wp-content\/uploads\/2026\/01\/best-sherman-oaks-traumatic-brain-injury-lawyer.webp","type":"image\/webp"}],"twitter_card":"summary_large_image","twitter_site":"@FreemanFreeman1","twitter_misc":{"Tiempo de lectura":"5 minutos"},"schema":{"@context":"https:\/\/schema.org","@graph":[{"@type":"WebPage","@id":"https:\/\/freeman-freeman.com\/sherman-oaks-traumatic-brain-injury-lawyer\/","url":"https:\/\/freeman-freeman.com\/sherman-oaks-traumatic-brain-injury-lawyer\/","name":"Abogado especializado en lesiones cerebrales traum\u00e1ticas en Sherman Oaks - Abogados especializados en lesiones cerebrales traum\u00e1ticas","isPartOf":{"@id":"https:\/\/freeman-freeman.com\/#website"},"primaryImageOfPage":{"@id":"https:\/\/freeman-freeman.com\/sherman-oaks-traumatic-brain-injury-lawyer\/#primaryimage"},"image":{"@id":"https:\/\/freeman-freeman.com\/sherman-oaks-traumatic-brain-injury-lawyer\/#primaryimage"},"thumbnailUrl":"https:\/\/freeman-freeman.com\/wp-content\/uploads\/2026\/01\/best-sherman-oaks-traumatic-brain-injury-lawyer.webp","datePublished":"2026-01-02T12:14:59+00:00","description":"Abogado especializado en lesiones cerebrales traum\u00e1ticas en Sherman Oaks: Freeman &amp; Freeman, LLP busca la m\u00e1xima indemnizaci\u00f3n para las v\u00edctimas de lesiones cerebrales traum\u00e1ticas graves. Revisi\u00f3n gratuita de su caso.","inLanguage":"es","potentialAction":[{"@type":"ReadAction","target":["https:\/\/freeman-freeman.com\/sherman-oaks-traumatic-brain-injury-lawyer\/"]}]},{"@type":"ImageObject","inLanguage":"es","@id":"https:\/\/freeman-freeman.com\/sherman-oaks-traumatic-brain-injury-lawyer\/#primaryimage","url":"https:\/\/freeman-freeman.com\/wp-content\/uploads\/2026\/01\/best-sherman-oaks-traumatic-brain-injury-lawyer.webp","contentUrl":"https:\/\/freeman-freeman.com\/wp-content\/uploads\/2026\/01\/best-sherman-oaks-traumatic-brain-injury-lawyer.webp"},{"@type":"WebSite","@id":"https:\/\/freeman-freeman.com\/#website","url":"https:\/\/freeman-freeman.com\/","name":"Freeman &amp; Freeman, LLP","description":"","publisher":{"@id":"https:\/\/freeman-freeman.com\/#organization"},"potentialAction":[{"@type":"SearchAction","target":{"@type":"EntryPoint","urlTemplate":"https:\/\/freeman-freeman.com\/?s={search_term_string}"},"query-input":{"@type":"PropertyValueSpecification","valueRequired":true,"valueName":"search_term_string"}}],"inLanguage":"es"},{"@type":"Organization","@id":"https:\/\/freeman-freeman.com\/#organization","name":"Freeman &amp; Freeman, LLP","url":"https:\/\/freeman-freeman.com\/","logo":{"@type":"ImageObject","inLanguage":"es","@id":"https:\/\/freeman-freeman.com\/#\/schema\/logo\/image\/","url":"https:\/\/freeman-freeman.com\/wp-content\/uploads\/2024\/01\/logo.jpg","contentUrl":"https:\/\/freeman-freeman.com\/wp-content\/uploads\/2024\/01\/logo.jpg","width":674,"height":104,"caption":"Freeman & Freeman, LLP"},"image":{"@id":"https:\/\/freeman-freeman.com\/#\/schema\/logo\/image\/"},"sameAs":["https:\/\/www.facebook.com\/FreemanFreemanLaw","https:\/\/x.com\/FreemanFreeman1","https:\/\/www.linkedin.com\/company\/freeman-freeman-llp"]}]}},"_links":{"self":[{"href":"https:\/\/freeman-freeman.com\/es\/wp-json\/wp\/v2\/pages\/3197","targetHints":{"allow":["GET"]}}],"collection":[{"href":"https:\/\/freeman-freeman.com\/es\/wp-json\/wp\/v2\/pages"}],"about":[{"href":"https:\/\/freeman-freeman.com\/es\/wp-json\/wp\/v2\/types\/page"}],"author":[{"embeddable":true,"href":"https:\/\/freeman-freeman.com\/es\/wp-json\/wp\/v2\/users\/1"}],"replies":[{"embeddable":true,"href":"https:\/\/freeman-freeman.com\/es\/wp-json\/wp\/v2\/comments?post=3197"}],"version-history":[{"count":4,"href":"https:\/\/freeman-freeman.com\/es\/wp-json\/wp\/v2\/pages\/3197\/revisions"}],"predecessor-version":[{"id":3208,"href":"https:\/\/freeman-freeman.com\/es\/wp-json\/wp\/v2\/pages\/3197\/revisions\/3208"}],"wp:attachment":[{"href":"https:\/\/freeman-freeman.com\/es\/wp-json\/wp\/v2\/media?parent=3197"}],"curies":[{"name":"wp","href":"https:\/\/api.w.org\/{rel}","templated":true}]}}