{"id":3211,"date":"2026-02-05T15:09:18","date_gmt":"2026-02-05T15:09:18","guid":{"rendered":"https:\/\/freeman-freeman.com\/?page_id=3211"},"modified":"2026-02-05T15:26:09","modified_gmt":"2026-02-05T15:26:09","slug":"abogado-especializado-en-lesiones-de-la-medula-espinal-en-encino","status":"publish","type":"page","link":"https:\/\/freeman-freeman.com\/es\/encino-spinal-cord-injury-lawyer\/","title":{"rendered":"Abogado especializado en lesiones de la m\u00e9dula espinal en Encino"},"content":{"rendered":"<h2>Abogado especializado en lesiones de la m\u00e9dula espinal en Encino, California<\/h2>\n<div class=\"abt-img\"><img loading=\"lazy\" decoding=\"async\" class=\"alignnone wp-image-3216 size-full\" title=\"El mejor abogado especializado en lesiones de la m\u00e9dula espinal en Encino\" src=\"https:\/\/freeman-freeman.com\/wp-content\/uploads\/2026\/02\/best-encino-spinal-cord-injury-lawyer.webp\" alt=\"El mejor abogado especializado en lesiones de la m\u00e9dula espinal en Encino\" width=\"800\" height=\"400\" srcset=\"https:\/\/freeman-freeman.com\/wp-content\/uploads\/2026\/02\/best-encino-spinal-cord-injury-lawyer.webp 800w, https:\/\/freeman-freeman.com\/wp-content\/uploads\/2026\/02\/best-encino-spinal-cord-injury-lawyer-300x150.webp 300w, https:\/\/freeman-freeman.com\/wp-content\/uploads\/2026\/02\/best-encino-spinal-cord-injury-lawyer-768x384.webp 768w, https:\/\/freeman-freeman.com\/wp-content\/uploads\/2026\/02\/best-encino-spinal-cord-injury-lawyer-18x9.webp 18w\" sizes=\"auto, (max-width: 800px) 100vw, 800px\" \/><\/div>\n<p>Una lesi\u00f3n en la m\u00e9dula espinal interrumpe la capacidad del cerebro para comunicarse con el cuerpo. Este tipo de lesiones suelen requerir atenci\u00f3n m\u00e9dica durante el resto de la vida de la persona. Cuando es la negligencia de otra persona la que causa una lesi\u00f3n tan debilitante como una lesi\u00f3n en la m\u00e9dula espinal, se necesita un profesional legal que defienda su bienestar financiero, f\u00edsico y emocional. Necesita un <strong>Abogado especializado en lesiones de la m\u00e9dula espinal en Encino<\/strong> que entiende por lo que est\u00e1s pasando.<\/p>\n<h2>Contrate a un abogado especializado en lesiones de la m\u00e9dula espinal en quien pueda confiar<\/h2>\n<p>Cuando contrata a un abogado especializado en lesiones de la m\u00e9dula espinal de <a href=\"https:\/\/freeman-freeman.com\/es\/\">Freeman &amp; Freeman, LLP<\/a>, usted recibe servicios legales de alta calidad de un profesional de primer nivel. <a href=\"https:\/\/freeman-freeman.com\/es\/encino-abogado-de-lesiones-personales\/\">Encino abogado de lesiones personales<\/a>. <a href=\"https:\/\/freeman-freeman.com\/es\/criticas-de-freeman-y-freeman\/\">Opiniones de los clientes<\/a> mencionar que somos confiables y responsables. <a href=\"https:\/\/freeman-freeman.com\/es\/acerca-de\/\">Nuestro despacho de abogados<\/a> lucha por los \u2018m\u00e1s d\u00e9biles\u2019, y estamos orgullosos de esta comisi\u00f3n. Hemos llevado a cabo innumerables casos con \u00e9xito y contamos con los recursos necesarios para gestionar tambi\u00e9n su reclamaci\u00f3n por lesi\u00f3n medular.<\/p>\n<h2>C\u00f3mo puede ayudarle un abogado con experiencia en lesiones de la m\u00e9dula espinal en Encino<\/h2>\n<p>El trabajo de un abogado especializado en lesiones personales es investigar su lesi\u00f3n. Esto incluye averiguar la causa de su lesi\u00f3n, determinar qui\u00e9n fue el responsable de la lesi\u00f3n y reclamar legalmente una indemnizaci\u00f3n adecuada a todas las partes responsables.<\/p>\n<p>Independientemente del tipo de accidente en el que haya estado involucrado, ya sea una lesi\u00f3n en el lugar de trabajo, un <a href=\"https:\/\/freeman-freeman.com\/es\/abogado-de-accidentes-de-coche-en-encino\/\">accidente de tr\u00e1fico<\/a>, un <a href=\"https:\/\/freeman-freeman.com\/es\/encino-resbalon-y-caida-abogado\/\">resbal\u00f3n y ca\u00edda<\/a>, o el resultado de negligencia m\u00e9dica, un buen abogado puede identificar a los responsables y solicitar una indemnizaci\u00f3n en su nombre. Un abogado especializado en lesiones de la m\u00e9dula espinal de Encino, de Freeman &amp; Freeman, LLP, puede ayudarle de muchas maneras. <strong>Entre ellos se incluyen:<\/strong><\/p>\n<ul>\n<li><strong>Realizar una investigaci\u00f3n detallada.<\/strong>: Esto puede implicar analizar <a href=\"https:\/\/locator.lacounty.gov\/lac\/Location\/3175439\/los-angeles-police-department---west-valley-community-police-station\" target=\"_blank\" rel=\"noopener\">polic\u00eda<\/a> e informes m\u00e9dicos, revisar fotos del lugar del incidente, hablar con testigos o consultar a un profesional externo para garantizar que las partes responsables asuman su responsabilidad.<\/li>\n<li><strong>Reuni\u00f3n con sus doctores u otros profesionales m\u00e9dicos:<\/strong>\u00a0Podemos conocer el alcance de sus lesiones y el alcance previsto de su tratamiento para asegurarnos de que solicite una indemnizaci\u00f3n que cubra no solo sus gastos m\u00e9dicos actuales, sino tambi\u00e9n todos los gastos futuros, incluyendo la p\u00e9rdida de ingresos y el da\u00f1o emocional. <a href=\"https:\/\/freeman-freeman.com\/es\/blog\/como-se-calcula-el-dolor-y-el-sufrimiento-en-los-casos-de-accidentes-en-california\/\">dolor y sufrimiento<\/a>.<\/li>\n<li><strong>Esbozo de un an\u00e1lisis econ\u00f3mico:<\/strong>\u00a0Podemos presentar esto a la compa\u00f1\u00eda de seguros y\/o al tribunal si es necesario un juicio.<\/li>\n<li><strong>Negociar con las compa\u00f1\u00edas de seguros:<\/strong>\u00a0Podemos gestionar de forma agresiva para que reciba una compensaci\u00f3n adecuada y no se aprovechen de usted.<\/li>\n<li><strong>Preparaci\u00f3n para el juicio:<\/strong>\u00a0Podemos representarlo eficazmente ante los tribunales si fuera necesario.<\/li>\n<\/ul>\n<p>Hab\u00eda <a href=\"https:\/\/courts.ca.gov\/sites\/default\/files\/courts\/default\/2024-12\/2024-court-statistics-report.pdf\" target=\"_blank\" rel=\"noopener\">36 279 lesiones personales<\/a>, da\u00f1os materiales y <a href=\"https:\/\/freeman-freeman.com\/es\/encino-abogado-de-muerte-injusta\/\">muerte por negligencia<\/a> demandas presentadas en el condado de Los \u00c1ngeles en 2024. Ser\u00eda casi imposible para el <a href=\"https:\/\/www.lacourt.ca.gov\/home\" target=\"_blank\" rel=\"noopener\">Tribunal Superior del Condado de Los \u00c1ngeles <\/a>escuchar todas estas afirmaciones. Por suerte, no tienen por qu\u00e9 hacerlo, ya que muchos <a href=\"https:\/\/freeman-freeman.com\/es\/blog\/cantidades-de-acuerdos-por-lesiones-personales-ejemplos-en-california\/\">Las reclamaciones por da\u00f1os personales se resuelven.<\/a> fuera de los tribunales por abogados expertos en lesiones personales que saben c\u00f3mo negociar con los ajustadores de seguros.<\/p>\n<p>Las compa\u00f1\u00edas de seguros est\u00e1n motivadas para minimizar los pagos y, a menudo, comienzan con ofertas iniciales bajas en los casos de lesiones de la m\u00e9dula espinal, ya que estas reclamaciones pueden implicar costos sustanciales a largo plazo. Con pruebas s\u00f3lidas y una negociaci\u00f3n h\u00e1bil, los acuerdos suelen superar esas primeras ofertas bajas, a veces de forma espectacular, para reflejar mejor el verdadero impacto de la lesi\u00f3n.<\/p>\n<p>Un abogado con experiencia en lesiones de la m\u00e9dula espinal en Encino, que conozca a fondo las leyes de California y las complejidades de estos casos catastr\u00f3ficos, puede defenderlo eficazmente. Trabajan para conseguir un acuerdo justo que cubra los gastos m\u00e9dicos, los salarios perdidos, la atenci\u00f3n continua, el dolor y el sufrimiento, y otros da\u00f1os, ayudando a garantizar la protecci\u00f3n de su futuro financiero.<\/p>\n<h2>Preguntas frecuentes<\/h2>\n<h3>\u00bfCu\u00e1l es la indemnizaci\u00f3n promedio por una lesi\u00f3n en la columna vertebral?<\/h3>\n<p>No existe una indemnizaci\u00f3n promedio por una lesi\u00f3n en la columna vertebral. Cada lesi\u00f3n y cada situaci\u00f3n son \u00fanicas, al igual que los gastos m\u00e9dicos, las p\u00e9rdidas salariales y los pron\u00f3sticos. Con tantos factores que influyen en m\u00faltiples aspectos de un caso, incluidas las habilidades de negociaci\u00f3n del abogado y la disposici\u00f3n del agente de seguros a sentarse a la mesa, no hay dos acuerdos iguales. Para obtener una estimaci\u00f3n precisa de su reclamaci\u00f3n por lesi\u00f3n en la m\u00e9dula espinal, hable con un abogado de confianza especializado en lesiones personales.<\/p>\n<h3>\u00bfPuede una persona con una lesi\u00f3n en la m\u00e9dula espinal obtener una licencia de conducir?<\/h3>\n<p>Una persona con una lesi\u00f3n en la m\u00e9dula espinal puede obtener una licencia de conducir, siempre y cuando su lesi\u00f3n no le impida manejar un veh\u00edculo de manera segura. Cuando una persona lesionada necesita equipo adaptado especial o un veh\u00edculo modificado para conducir, una demanda por lesiones personales puede cubrir estos costos. En estos casos, es posible que se requiera una autorizaci\u00f3n m\u00e9dica. Muchas personas que sufren lesiones en la m\u00e9dula espinal contin\u00faan participando en actividades cotidianas, aunque muchas deben hacerlo con disposiciones especiales.<\/p>\n<h3>\u00bfQu\u00e9 es la ley de lesiones en California?<\/h3>\n<p>En California, la ley de lesiones personales permite a las partes lesionadas solicitar una indemnizaci\u00f3n por los gastos relacionados con sus lesiones. Estos da\u00f1os indemnizables pueden incluir facturas m\u00e9dicas, como gastos de urgencias, tratamientos, cirug\u00edas, gastos quiropr\u00e1cticos y otros gastos relacionados con la atenci\u00f3n m\u00e9dica. Tambi\u00e9n se puede conceder una indemnizaci\u00f3n por dolor y sufrimiento, p\u00e9rdida de ingresos, cuidados o tratamientos continuados y modificaciones en el hogar necesarias para adaptarlo a las necesidades de la persona lesionada. <a href=\"https:\/\/leginfo.legislature.ca.gov\/faces\/codes_displaySection.xhtml?lawCode=CCP&amp;sectionNum=335.1\" target=\"_blank\" rel=\"noopener\">C\u00f3digo de Procedimiento Civil de California, art\u00edculo 335.1.<\/a> otorga a las v\u00edctimas dos a\u00f1os para presentar una demanda por da\u00f1os personales.<\/p>\n<h3>\u00bfUna resonancia magn\u00e9tica aumenta el monto del acuerdo?<\/h3>\n<p>Una resonancia magn\u00e9tica que muestre da\u00f1os en la m\u00e9dula espinal puede influir en el acuerdo por una lesi\u00f3n medular. Contar con pruebas tangibles de la lesi\u00f3n dificulta que la parte contraria niegue la indemnizaci\u00f3n alegando que la lesi\u00f3n no est\u00e1 confirmada. Una resonancia magn\u00e9tica no aumenta autom\u00e1ticamente la cuant\u00eda del acuerdo, pero puede influir en el caso en general. Las lesiones m\u00e1s graves y las pruebas de dichas lesiones pueden dar lugar, y a menudo lo hacen, a acuerdos m\u00e1s elevados para las personas cuando las lesiones f\u00e1cilmente identificables se muestran en los resultados de la resonancia magn\u00e9tica.<\/p>\n<h3>\u00bfQu\u00e9 debo buscar en un abogado especializado en lesiones de la m\u00e9dula espinal en Encino, California?<\/h3>\n<p>Cuando busque un abogado especializado en lesiones de la m\u00e9dula espinal en Encino, California, busque experiencia demostrada en casos de lesiones catastr\u00f3ficas de la m\u00e9dula espinal, un s\u00f3lido historial de acuerdos elevados y veredictos \u00f3ptimos, un profundo conocimiento de las complejidades m\u00e9dicas y la planificaci\u00f3n del cuidado de la vida, acceso a profesionales, un enfoque compasivo hacia el cliente y honorarios transparentes. Un abogado de Encino familiarizado con los tribunales locales puede ayudarle a maximizar su indemnizaci\u00f3n en <a href=\"https:\/\/en.wikipedia.org\/wiki\/Encino,_Los_Angeles\" target=\"_blank\" rel=\"noopener\">Encino, CA<\/a>.<\/p>\n<h2>P\u00f3ngase en contacto con un abogado calificado en lesiones de la m\u00e9dula espinal en Encino.<\/h2>\n<p>Si considera que su lesi\u00f3n medular se podr\u00eda haber evitado, no espere m\u00e1s y busque ayuda para presentar una demanda contra la parte responsable. Es posible que pueda recibir la indemnizaci\u00f3n que le corresponde por derecho. <a href=\"https:\/\/freeman-freeman.com\/es\/pongase-en-contacto-con\/\">Llame a Freeman &amp; Freeman, LLP, <\/a>y programe una cita para reunirse con un abogado con experiencia en lesiones de la m\u00e9dula espinal en Encino para discutir su caso.<\/p>","protected":false},"excerpt":{"rendered":"<p>Spinal Cord Injury Attorney in Encino, CA A spinal cord injury disrupts the brain&#8217;s ability to communicate with the body. These types of injuries often require medical care for the rest of a person&#8217;s life. When it is someone else&#8217;s negligence that causes an injury as debilitating as a spinal cord injury, you need a &hellip; <\/p>\n<p class=\"link-more\"><a href=\"https:\/\/freeman-freeman.com\/es\/encino-spinal-cord-injury-lawyer\/\" class=\"more-link\">Seguir leyendo<span class=\"screen-reader-text\"> &#8220;Encino Spinal Cord Injury Lawyer&#8221;<\/span><\/a><\/p>","protected":false},"author":1,"featured_media":0,"parent":0,"menu_order":0,"comment_status":"closed","ping_status":"closed","template":"","meta":{"_acf_changed":false,"footnotes":""},"class_list":["post-3211","page","type-page","status-publish","hentry","entry"],"acf":[],"yoast_head":"<!-- This site is optimized with the Yoast SEO plugin v27.5 - https:\/\/yoast.com\/product\/yoast-seo-wordpress\/ -->\n<title>Encino Spinal Cord Injury Lawyer - Free Consultation<\/title>\n<meta name=\"description\" content=\"Encino Spinal Cord Injury Lawyer at Freeman &amp; Freeman, LLP fights for maximum compensation for catastrophic injury victims and families.\" \/>\n<meta name=\"robots\" content=\"index, follow, max-snippet:-1, max-image-preview:large, max-video-preview:-1\" \/>\n<link rel=\"canonical\" href=\"https:\/\/freeman-freeman.com\/es\/abogado-especializado-en-lesiones-de-la-medula-espinal-en-encino\/\" \/>\n<meta property=\"og:locale\" content=\"es_MX\" \/>\n<meta property=\"og:type\" content=\"article\" \/>\n<meta property=\"og:title\" content=\"Encino Spinal Cord Injury Lawyer - Free Consultation\" \/>\n<meta property=\"og:description\" content=\"Encino Spinal Cord Injury Lawyer at Freeman &amp; Freeman, LLP fights for maximum compensation for catastrophic injury victims and families.\" \/>\n<meta property=\"og:url\" content=\"https:\/\/freeman-freeman.com\/es\/abogado-especializado-en-lesiones-de-la-medula-espinal-en-encino\/\" \/>\n<meta property=\"og:site_name\" content=\"Freeman &amp; Freeman, LLP\" \/>\n<meta property=\"article:publisher\" content=\"https:\/\/www.facebook.com\/FreemanFreemanLaw\" \/>\n<meta property=\"article:modified_time\" content=\"2026-02-05T15:26:09+00:00\" \/>\n<meta property=\"og:image\" content=\"https:\/\/freeman-freeman.com\/wp-content\/uploads\/2026\/02\/best-encino-spinal-cord-injury-lawyer.webp\" \/>\n\t<meta property=\"og:image:width\" content=\"800\" \/>\n\t<meta property=\"og:image:height\" content=\"400\" \/>\n\t<meta property=\"og:image:type\" content=\"image\/webp\" \/>\n<meta name=\"twitter:card\" content=\"summary_large_image\" \/>\n<meta name=\"twitter:site\" content=\"@FreemanFreeman1\" \/>\n<meta name=\"twitter:label1\" content=\"Tiempo de lectura\" \/>\n\t<meta name=\"twitter:data1\" content=\"5 minutos\" \/>\n<script type=\"application\/ld+json\" class=\"yoast-schema-graph\">{\"@context\":\"https:\\\/\\\/schema.org\",\"@graph\":[{\"@type\":\"WebPage\",\"@id\":\"https:\\\/\\\/freeman-freeman.com\\\/encino-spinal-cord-injury-lawyer\\\/\",\"url\":\"https:\\\/\\\/freeman-freeman.com\\\/encino-spinal-cord-injury-lawyer\\\/\",\"name\":\"Encino Spinal Cord Injury Lawyer - Free Consultation\",\"isPartOf\":{\"@id\":\"https:\\\/\\\/freeman-freeman.com\\\/#website\"},\"primaryImageOfPage\":{\"@id\":\"https:\\\/\\\/freeman-freeman.com\\\/encino-spinal-cord-injury-lawyer\\\/#primaryimage\"},\"image\":{\"@id\":\"https:\\\/\\\/freeman-freeman.com\\\/encino-spinal-cord-injury-lawyer\\\/#primaryimage\"},\"thumbnailUrl\":\"https:\\\/\\\/freeman-freeman.com\\\/wp-content\\\/uploads\\\/2026\\\/02\\\/best-encino-spinal-cord-injury-lawyer.webp\",\"datePublished\":\"2026-02-05T15:09:18+00:00\",\"dateModified\":\"2026-02-05T15:26:09+00:00\",\"description\":\"Encino Spinal Cord Injury Lawyer at Freeman & Freeman, LLP fights for maximum compensation for catastrophic injury victims and families.\",\"inLanguage\":\"es\",\"potentialAction\":[{\"@type\":\"ReadAction\",\"target\":[\"https:\\\/\\\/freeman-freeman.com\\\/encino-spinal-cord-injury-lawyer\\\/\"]}]},{\"@type\":\"ImageObject\",\"inLanguage\":\"es\",\"@id\":\"https:\\\/\\\/freeman-freeman.com\\\/encino-spinal-cord-injury-lawyer\\\/#primaryimage\",\"url\":\"https:\\\/\\\/freeman-freeman.com\\\/wp-content\\\/uploads\\\/2026\\\/02\\\/best-encino-spinal-cord-injury-lawyer.webp\",\"contentUrl\":\"https:\\\/\\\/freeman-freeman.com\\\/wp-content\\\/uploads\\\/2026\\\/02\\\/best-encino-spinal-cord-injury-lawyer.webp\"},{\"@type\":\"WebSite\",\"@id\":\"https:\\\/\\\/freeman-freeman.com\\\/#website\",\"url\":\"https:\\\/\\\/freeman-freeman.com\\\/\",\"name\":\"Freeman &amp; Freeman, LLP\",\"description\":\"\",\"publisher\":{\"@id\":\"https:\\\/\\\/freeman-freeman.com\\\/#organization\"},\"potentialAction\":[{\"@type\":\"SearchAction\",\"target\":{\"@type\":\"EntryPoint\",\"urlTemplate\":\"https:\\\/\\\/freeman-freeman.com\\\/?s={search_term_string}\"},\"query-input\":{\"@type\":\"PropertyValueSpecification\",\"valueRequired\":true,\"valueName\":\"search_term_string\"}}],\"inLanguage\":\"es\"},{\"@type\":\"Organization\",\"@id\":\"https:\\\/\\\/freeman-freeman.com\\\/#organization\",\"name\":\"Freeman & Freeman, LLP\",\"url\":\"https:\\\/\\\/freeman-freeman.com\\\/\",\"logo\":{\"@type\":\"ImageObject\",\"inLanguage\":\"es\",\"@id\":\"https:\\\/\\\/freeman-freeman.com\\\/#\\\/schema\\\/logo\\\/image\\\/\",\"url\":\"https:\\\/\\\/freeman-freeman.com\\\/wp-content\\\/uploads\\\/2024\\\/01\\\/logo.jpg\",\"contentUrl\":\"https:\\\/\\\/freeman-freeman.com\\\/wp-content\\\/uploads\\\/2024\\\/01\\\/logo.jpg\",\"width\":674,\"height\":104,\"caption\":\"Freeman & Freeman, LLP\"},\"image\":{\"@id\":\"https:\\\/\\\/freeman-freeman.com\\\/#\\\/schema\\\/logo\\\/image\\\/\"},\"sameAs\":[\"https:\\\/\\\/www.facebook.com\\\/FreemanFreemanLaw\",\"https:\\\/\\\/x.com\\\/FreemanFreeman1\",\"https:\\\/\\\/www.linkedin.com\\\/company\\\/freeman-freeman-llp\"]}]}<\/script>\n<!-- \/ Yoast SEO plugin. -->","yoast_head_json":{"title":"Abogado especializado en lesiones de la m\u00e9dula espinal en Encino - Consulta gratuita","description":"El abogado especializado en lesiones de la m\u00e9dula espinal de Encino, en Freeman &amp; Freeman, LLP, lucha por obtener la m\u00e1xima indemnizaci\u00f3n para las v\u00edctimas de lesiones catastr\u00f3ficas y sus familias.","robots":{"index":"index","follow":"follow","max-snippet":"max-snippet:-1","max-image-preview":"max-image-preview:large","max-video-preview":"max-video-preview:-1"},"canonical":"https:\/\/freeman-freeman.com\/es\/abogado-especializado-en-lesiones-de-la-medula-espinal-en-encino\/","og_locale":"es_MX","og_type":"article","og_title":"Encino Spinal Cord Injury Lawyer - Free Consultation","og_description":"Encino Spinal Cord Injury Lawyer at Freeman & Freeman, LLP fights for maximum compensation for catastrophic injury victims and families.","og_url":"https:\/\/freeman-freeman.com\/es\/abogado-especializado-en-lesiones-de-la-medula-espinal-en-encino\/","og_site_name":"Freeman &amp; Freeman, LLP","article_publisher":"https:\/\/www.facebook.com\/FreemanFreemanLaw","article_modified_time":"2026-02-05T15:26:09+00:00","og_image":[{"width":800,"height":400,"url":"https:\/\/freeman-freeman.com\/wp-content\/uploads\/2026\/02\/best-encino-spinal-cord-injury-lawyer.webp","type":"image\/webp"}],"twitter_card":"summary_large_image","twitter_site":"@FreemanFreeman1","twitter_misc":{"Tiempo de lectura":"5 minutos"},"schema":{"@context":"https:\/\/schema.org","@graph":[{"@type":"WebPage","@id":"https:\/\/freeman-freeman.com\/encino-spinal-cord-injury-lawyer\/","url":"https:\/\/freeman-freeman.com\/encino-spinal-cord-injury-lawyer\/","name":"Abogado especializado en lesiones de la m\u00e9dula espinal en Encino - Consulta gratuita","isPartOf":{"@id":"https:\/\/freeman-freeman.com\/#website"},"primaryImageOfPage":{"@id":"https:\/\/freeman-freeman.com\/encino-spinal-cord-injury-lawyer\/#primaryimage"},"image":{"@id":"https:\/\/freeman-freeman.com\/encino-spinal-cord-injury-lawyer\/#primaryimage"},"thumbnailUrl":"https:\/\/freeman-freeman.com\/wp-content\/uploads\/2026\/02\/best-encino-spinal-cord-injury-lawyer.webp","datePublished":"2026-02-05T15:09:18+00:00","dateModified":"2026-02-05T15:26:09+00:00","description":"El abogado especializado en lesiones de la m\u00e9dula espinal de Encino, en Freeman &amp; Freeman, LLP, lucha por obtener la m\u00e1xima indemnizaci\u00f3n para las v\u00edctimas de lesiones catastr\u00f3ficas y sus familias.","inLanguage":"es","potentialAction":[{"@type":"ReadAction","target":["https:\/\/freeman-freeman.com\/encino-spinal-cord-injury-lawyer\/"]}]},{"@type":"ImageObject","inLanguage":"es","@id":"https:\/\/freeman-freeman.com\/encino-spinal-cord-injury-lawyer\/#primaryimage","url":"https:\/\/freeman-freeman.com\/wp-content\/uploads\/2026\/02\/best-encino-spinal-cord-injury-lawyer.webp","contentUrl":"https:\/\/freeman-freeman.com\/wp-content\/uploads\/2026\/02\/best-encino-spinal-cord-injury-lawyer.webp"},{"@type":"WebSite","@id":"https:\/\/freeman-freeman.com\/#website","url":"https:\/\/freeman-freeman.com\/","name":"Freeman &amp; Freeman, LLP","description":"","publisher":{"@id":"https:\/\/freeman-freeman.com\/#organization"},"potentialAction":[{"@type":"SearchAction","target":{"@type":"EntryPoint","urlTemplate":"https:\/\/freeman-freeman.com\/?s={search_term_string}"},"query-input":{"@type":"PropertyValueSpecification","valueRequired":true,"valueName":"search_term_string"}}],"inLanguage":"es"},{"@type":"Organization","@id":"https:\/\/freeman-freeman.com\/#organization","name":"Freeman &amp; Freeman, LLP","url":"https:\/\/freeman-freeman.com\/","logo":{"@type":"ImageObject","inLanguage":"es","@id":"https:\/\/freeman-freeman.com\/#\/schema\/logo\/image\/","url":"https:\/\/freeman-freeman.com\/wp-content\/uploads\/2024\/01\/logo.jpg","contentUrl":"https:\/\/freeman-freeman.com\/wp-content\/uploads\/2024\/01\/logo.jpg","width":674,"height":104,"caption":"Freeman & Freeman, LLP"},"image":{"@id":"https:\/\/freeman-freeman.com\/#\/schema\/logo\/image\/"},"sameAs":["https:\/\/www.facebook.com\/FreemanFreemanLaw","https:\/\/x.com\/FreemanFreeman1","https:\/\/www.linkedin.com\/company\/freeman-freeman-llp"]}]}},"_links":{"self":[{"href":"https:\/\/freeman-freeman.com\/es\/wp-json\/wp\/v2\/pages\/3211","targetHints":{"allow":["GET"]}}],"collection":[{"href":"https:\/\/freeman-freeman.com\/es\/wp-json\/wp\/v2\/pages"}],"about":[{"href":"https:\/\/freeman-freeman.com\/es\/wp-json\/wp\/v2\/types\/page"}],"author":[{"embeddable":true,"href":"https:\/\/freeman-freeman.com\/es\/wp-json\/wp\/v2\/users\/1"}],"replies":[{"embeddable":true,"href":"https:\/\/freeman-freeman.com\/es\/wp-json\/wp\/v2\/comments?post=3211"}],"version-history":[{"count":7,"href":"https:\/\/freeman-freeman.com\/es\/wp-json\/wp\/v2\/pages\/3211\/revisions"}],"predecessor-version":[{"id":3222,"href":"https:\/\/freeman-freeman.com\/es\/wp-json\/wp\/v2\/pages\/3211\/revisions\/3222"}],"wp:attachment":[{"href":"https:\/\/freeman-freeman.com\/es\/wp-json\/wp\/v2\/media?parent=3211"}],"curies":[{"name":"wp","href":"https:\/\/api.w.org\/{rel}","templated":true}]}}